{"id":7522,"date":"2021-05-18T14:38:35","date_gmt":"2021-05-18T12:38:35","guid":{"rendered":"https:\/\/frontaliers-grandest.eu\/?page_id=7522"},"modified":"2021-05-18T14:38:36","modified_gmt":"2021-05-18T12:38:36","slug":"die-hochschulen-in-belgien","status":"publish","type":"page","link":"https:\/\/frontaliers-grandest.eu\/de\/startseite\/jugendliche\/studie-ausbildung\/grenzuberschreitende-erstausbildung\/ein-hochschulstudium-in-belgien-absolvieren\/die-hochschulen-in-belgien\/","title":{"rendered":"Die hochschulen in Belgien"},"content":{"rendered":"\n<p>In Belgien bieten die <strong>Universit\u00e4ten<\/strong> nach dem Bologna-Prinzip lange, in drei Abschnitte gegliederte Hochschulausbildungen an (Bachelor, Master und Promotion).<\/p>\n\n\n\n<p>Der erste Studienabschnitt f\u00fchrt zum Bachelor (180 ECTS). Der zweite \u201eberufsorientierte\u201c Studienabschnitt f\u00fchrt zu den akademischen Graden Master (60 oder 120 Credits), Zweitmaster bzw. Master-nach-Master (mindestens 60 Credits), Medizin (mindestens 180 Credits) und Tiermedizin (mindestens 180 Credits). Der dritte Abschnitt schlie\u00dft mit der Promotion ab. Es werden zahlreiche Fachrichtungen angeboten (Geistes-, Natur-, Sprachwissenschaften\u2026).<\/p>\n\n\n\n<p>Es gibt in der F\u00f6deration Wallonie-Br\u00fcssel sechs Universit\u00e4ten (Katholische Universit\u00e4t L\u00f6wen, Universit\u00e4t Saint-Louis-Br\u00fcssel, Universit\u00e4t von Namur, Freie Universit\u00e4t Br\u00fcssel, Universit\u00e4t Mons, Universit\u00e4t L\u00fcttich).<\/p>\n\n\n\n<p>Die <strong>Fachhochschulen<\/strong>, 21 an der Zahl, sind eine belgische Besonderheit. Sie vermitteln eine Ausbildung in acht Fachbereichen (Agrarwissenschaft, Paramedizin, angewandte Kunst, Wirtschaft, P\u00e4dagogik, Sozialwesen, Technik, \u00dcbersetzen und Dolmetschen). Im Gegensatz zu den Universit\u00e4ten bieten sie Hochschulstudieng\u00e4nge <strong>kurzen<\/strong> (Bachelor) oder <strong>langen Typs<\/strong> (Master) an. Die Abschl\u00fcsse m\u00fcnden h\u00e4ufig in die Aus\u00fcbung eines spezifischen Berufs.<\/p>\n\n\n\n<p>Die <strong>Kunsthochschulen<\/strong>, 16 an der Zahl, vermitteln eine kurze oder lange Ausbildung auf k\u00fcnstlerischem Gebiet.<\/p>\n","protected":false},"excerpt":{"rendered":"<p>In Belgien bieten die Universit\u00e4ten nach dem Bologna-Prinzip lange, in drei Abschnitte gegliederte Hochschulausbildungen an (Bachelor, Master und Promotion). Der erste Studienabschnitt f\u00fchrt zum Bachelor (180 ECTS). Der zweite \u201eberufsorientierte\u201c Studienabschnitt f\u00fchrt zu den akademischen Graden Master (60 oder 120 Credits), Zweitmaster bzw. Master-nach-Master (mindestens 60 Credits), Medizin (mindestens 180 Credits) und Tiermedizin (mindestens 180 [&hellip;]<\/p>\n","protected":false},"author":7,"featured_media":0,"parent":7519,"menu_order":0,"comment_status":"closed","ping_status":"closed","template":"","meta":{"inline_featured_image":false,"footnotes":""},"tags":[],"frge_profile":[],"class_list":["post-7522","page","type-page","status-publish","hentry"],"yoast_head":"<!-- This site is optimized with the Yoast SEO plugin v27.1.1 - https:\/\/yoast.com\/product\/yoast-seo-wordpress\/ -->\n<title>Die hochschulen in Belgien - Frontaliers Grand Est<\/title>\n<meta name=\"robots\" content=\"index, follow, max-snippet:-1, max-image-preview:large, max-video-preview:-1\" \/>\n<link rel=\"canonical\" href=\"https:\/\/frontaliers-grandest.eu\/de\/startseite\/jugendliche\/studie-ausbildung\/grenzuberschreitende-erstausbildung\/ein-hochschulstudium-in-belgien-absolvieren\/die-hochschulen-in-belgien\/\" \/>\n<meta property=\"og:locale\" content=\"de_DE\" \/>\n<meta property=\"og:type\" content=\"article\" \/>\n<meta property=\"og:title\" content=\"Die hochschulen in Belgien - Frontaliers Grand Est\" \/>\n<meta property=\"og:description\" content=\"In Belgien bieten die Universit\u00e4ten nach dem Bologna-Prinzip lange, in drei Abschnitte gegliederte Hochschulausbildungen an (Bachelor, Master und Promotion). Der erste Studienabschnitt f\u00fchrt zum Bachelor (180 ECTS). Der zweite \u201eberufsorientierte\u201c Studienabschnitt f\u00fchrt zu den akademischen Graden Master (60 oder 120 Credits), Zweitmaster bzw. Master-nach-Master (mindestens 60 Credits), Medizin (mindestens 180 Credits) und Tiermedizin (mindestens 180 [&hellip;]\" \/>\n<meta property=\"og:url\" content=\"https:\/\/frontaliers-grandest.eu\/de\/startseite\/jugendliche\/studie-ausbildung\/grenzuberschreitende-erstausbildung\/ein-hochschulstudium-in-belgien-absolvieren\/die-hochschulen-in-belgien\/\" \/>\n<meta property=\"og:site_name\" content=\"Frontaliers Grand Est\" \/>\n<meta property=\"article:publisher\" content=\"https:\/\/www.facebook.com\/frontaliers.GR.EST\/?locale=fr_FR\" \/>\n<meta property=\"article:modified_time\" content=\"2021-05-18T12:38:36+00:00\" \/>\n<meta name=\"twitter:card\" content=\"summary_large_image\" \/>\n<meta name=\"twitter:label1\" content=\"Gesch\u00e4tzte Lesezeit\" \/>\n\t<meta name=\"twitter:data1\" content=\"1\u00a0Minute\" \/>\n<script type=\"application\/ld+json\" class=\"yoast-schema-graph\">{\"@context\":\"https:\/\/schema.org\",\"@graph\":[{\"@type\":\"WebPage\",\"@id\":\"https:\/\/frontaliers-grandest.eu\/de\/startseite\/jugendliche\/studie-ausbildung\/grenzuberschreitende-erstausbildung\/ein-hochschulstudium-in-belgien-absolvieren\/die-hochschulen-in-belgien\/\",\"url\":\"https:\/\/frontaliers-grandest.eu\/de\/startseite\/jugendliche\/studie-ausbildung\/grenzuberschreitende-erstausbildung\/ein-hochschulstudium-in-belgien-absolvieren\/die-hochschulen-in-belgien\/\",\"name\":\"Die hochschulen in Belgien - Frontaliers Grand Est\",\"isPartOf\":{\"@id\":\"https:\/\/frontaliers-grandest.eu\/de\/#website\"},\"datePublished\":\"2021-05-18T12:38:35+00:00\",\"dateModified\":\"2021-05-18T12:38:36+00:00\",\"breadcrumb\":{\"@id\":\"https:\/\/frontaliers-grandest.eu\/de\/startseite\/jugendliche\/studie-ausbildung\/grenzuberschreitende-erstausbildung\/ein-hochschulstudium-in-belgien-absolvieren\/die-hochschulen-in-belgien\/#breadcrumb\"},\"inLanguage\":\"de\",\"potentialAction\":[{\"@type\":\"ReadAction\",\"target\":[\"https:\/\/frontaliers-grandest.eu\/de\/startseite\/jugendliche\/studie-ausbildung\/grenzuberschreitende-erstausbildung\/ein-hochschulstudium-in-belgien-absolvieren\/die-hochschulen-in-belgien\/\"]}]},{\"@type\":\"BreadcrumbList\",\"@id\":\"https:\/\/frontaliers-grandest.eu\/de\/startseite\/jugendliche\/studie-ausbildung\/grenzuberschreitende-erstausbildung\/ein-hochschulstudium-in-belgien-absolvieren\/die-hochschulen-in-belgien\/#breadcrumb\",\"itemListElement\":[{\"@type\":\"ListItem\",\"position\":1,\"name\":\"Startseite\",\"item\":\"https:\/\/frontaliers-grandest.eu\/de\/\"},{\"@type\":\"ListItem\",\"position\":2,\"name\":\"Jugendliche\",\"item\":\"https:\/\/frontaliers-grandest.eu\/de\/startseite\/jugendliche\/\"},{\"@type\":\"ListItem\",\"position\":3,\"name\":\"Studie \/ Ausbildung\",\"item\":\"https:\/\/frontaliers-grandest.eu\/de\/startseite\/jugendliche\/studie-ausbildung\/\"},{\"@type\":\"ListItem\",\"position\":4,\"name\":\"Grenz\u00fcberschreitende Erstausbildung\",\"item\":\"https:\/\/frontaliers-grandest.eu\/de\/startseite\/jugendliche\/studie-ausbildung\/grenzuberschreitende-erstausbildung\/\"},{\"@type\":\"ListItem\",\"position\":5,\"name\":\"Ein hochschulstudium in Belgien Absolvieren\",\"item\":\"https:\/\/frontaliers-grandest.eu\/de\/startseite\/jugendliche\/studie-ausbildung\/grenzuberschreitende-erstausbildung\/ein-hochschulstudium-in-belgien-absolvieren\/\"},{\"@type\":\"ListItem\",\"position\":6,\"name\":\"Die hochschulen in Belgien\"}]},{\"@type\":\"WebSite\",\"@id\":\"https:\/\/frontaliers-grandest.eu\/de\/#website\",\"url\":\"https:\/\/frontaliers-grandest.eu\/de\/\",\"name\":\"Frontaliers Grand Est\",\"description\":\"Le site ressource du travail frontalier\",\"publisher\":{\"@id\":\"https:\/\/frontaliers-grandest.eu\/de\/#organization\"},\"alternateName\":\"Frontaliers Grand Est\",\"potentialAction\":[{\"@type\":\"SearchAction\",\"target\":{\"@type\":\"EntryPoint\",\"urlTemplate\":\"https:\/\/frontaliers-grandest.eu\/de\/?s={search_term_string}\"},\"query-input\":{\"@type\":\"PropertyValueSpecification\",\"valueRequired\":true,\"valueName\":\"search_term_string\"}}],\"inLanguage\":\"de\"},{\"@type\":\"Organization\",\"@id\":\"https:\/\/frontaliers-grandest.eu\/de\/#organization\",\"name\":\"Frontaliers Grand Est\",\"alternateName\":\"Frontaliers Grand Est\",\"url\":\"https:\/\/frontaliers-grandest.eu\/de\/\",\"logo\":{\"@type\":\"ImageObject\",\"inLanguage\":\"de\",\"@id\":\"https:\/\/frontaliers-grandest.eu\/de\/#\/schema\/logo\/image\/\",\"url\":\"https:\/\/frontaliers-grandest.eu\/wp-content\/uploads\/2025\/07\/260328234_2966785176920310_3332838526503858160_n.jpg\",\"contentUrl\":\"https:\/\/frontaliers-grandest.eu\/wp-content\/uploads\/2025\/07\/260328234_2966785176920310_3332838526503858160_n.jpg\",\"width\":396,\"height\":396,\"caption\":\"Frontaliers Grand Est\"},\"image\":{\"@id\":\"https:\/\/frontaliers-grandest.eu\/de\/#\/schema\/logo\/image\/\"},\"sameAs\":[\"https:\/\/www.facebook.com\/frontaliers.GR.EST\/?locale=fr_FR\"]}]}<\/script>\n<!-- \/ Yoast SEO plugin. -->","yoast_head_json":{"title":"Die hochschulen in Belgien - Frontaliers Grand Est","robots":{"index":"index","follow":"follow","max-snippet":"max-snippet:-1","max-image-preview":"max-image-preview:large","max-video-preview":"max-video-preview:-1"},"canonical":"https:\/\/frontaliers-grandest.eu\/de\/startseite\/jugendliche\/studie-ausbildung\/grenzuberschreitende-erstausbildung\/ein-hochschulstudium-in-belgien-absolvieren\/die-hochschulen-in-belgien\/","og_locale":"de_DE","og_type":"article","og_title":"Die hochschulen in Belgien - Frontaliers Grand Est","og_description":"In Belgien bieten die Universit\u00e4ten nach dem Bologna-Prinzip lange, in drei Abschnitte gegliederte Hochschulausbildungen an (Bachelor, Master und Promotion). Der erste Studienabschnitt f\u00fchrt zum Bachelor (180 ECTS). Der zweite \u201eberufsorientierte\u201c Studienabschnitt f\u00fchrt zu den akademischen Graden Master (60 oder 120 Credits), Zweitmaster bzw. Master-nach-Master (mindestens 60 Credits), Medizin (mindestens 180 Credits) und Tiermedizin (mindestens 180 [&hellip;]","og_url":"https:\/\/frontaliers-grandest.eu\/de\/startseite\/jugendliche\/studie-ausbildung\/grenzuberschreitende-erstausbildung\/ein-hochschulstudium-in-belgien-absolvieren\/die-hochschulen-in-belgien\/","og_site_name":"Frontaliers Grand Est","article_publisher":"https:\/\/www.facebook.com\/frontaliers.GR.EST\/?locale=fr_FR","article_modified_time":"2021-05-18T12:38:36+00:00","twitter_card":"summary_large_image","twitter_misc":{"Gesch\u00e4tzte Lesezeit":"1\u00a0Minute"},"schema":{"@context":"https:\/\/schema.org","@graph":[{"@type":"WebPage","@id":"https:\/\/frontaliers-grandest.eu\/de\/startseite\/jugendliche\/studie-ausbildung\/grenzuberschreitende-erstausbildung\/ein-hochschulstudium-in-belgien-absolvieren\/die-hochschulen-in-belgien\/","url":"https:\/\/frontaliers-grandest.eu\/de\/startseite\/jugendliche\/studie-ausbildung\/grenzuberschreitende-erstausbildung\/ein-hochschulstudium-in-belgien-absolvieren\/die-hochschulen-in-belgien\/","name":"Die hochschulen in Belgien - Frontaliers Grand Est","isPartOf":{"@id":"https:\/\/frontaliers-grandest.eu\/de\/#website"},"datePublished":"2021-05-18T12:38:35+00:00","dateModified":"2021-05-18T12:38:36+00:00","breadcrumb":{"@id":"https:\/\/frontaliers-grandest.eu\/de\/startseite\/jugendliche\/studie-ausbildung\/grenzuberschreitende-erstausbildung\/ein-hochschulstudium-in-belgien-absolvieren\/die-hochschulen-in-belgien\/#breadcrumb"},"inLanguage":"de","potentialAction":[{"@type":"ReadAction","target":["https:\/\/frontaliers-grandest.eu\/de\/startseite\/jugendliche\/studie-ausbildung\/grenzuberschreitende-erstausbildung\/ein-hochschulstudium-in-belgien-absolvieren\/die-hochschulen-in-belgien\/"]}]},{"@type":"BreadcrumbList","@id":"https:\/\/frontaliers-grandest.eu\/de\/startseite\/jugendliche\/studie-ausbildung\/grenzuberschreitende-erstausbildung\/ein-hochschulstudium-in-belgien-absolvieren\/die-hochschulen-in-belgien\/#breadcrumb","itemListElement":[{"@type":"ListItem","position":1,"name":"Startseite","item":"https:\/\/frontaliers-grandest.eu\/de\/"},{"@type":"ListItem","position":2,"name":"Jugendliche","item":"https:\/\/frontaliers-grandest.eu\/de\/startseite\/jugendliche\/"},{"@type":"ListItem","position":3,"name":"Studie \/ Ausbildung","item":"https:\/\/frontaliers-grandest.eu\/de\/startseite\/jugendliche\/studie-ausbildung\/"},{"@type":"ListItem","position":4,"name":"Grenz\u00fcberschreitende Erstausbildung","item":"https:\/\/frontaliers-grandest.eu\/de\/startseite\/jugendliche\/studie-ausbildung\/grenzuberschreitende-erstausbildung\/"},{"@type":"ListItem","position":5,"name":"Ein hochschulstudium in Belgien Absolvieren","item":"https:\/\/frontaliers-grandest.eu\/de\/startseite\/jugendliche\/studie-ausbildung\/grenzuberschreitende-erstausbildung\/ein-hochschulstudium-in-belgien-absolvieren\/"},{"@type":"ListItem","position":6,"name":"Die hochschulen in Belgien"}]},{"@type":"WebSite","@id":"https:\/\/frontaliers-grandest.eu\/de\/#website","url":"https:\/\/frontaliers-grandest.eu\/de\/","name":"Frontaliers Grand Est","description":"Le site ressource du travail frontalier","publisher":{"@id":"https:\/\/frontaliers-grandest.eu\/de\/#organization"},"alternateName":"Frontaliers Grand Est","potentialAction":[{"@type":"SearchAction","target":{"@type":"EntryPoint","urlTemplate":"https:\/\/frontaliers-grandest.eu\/de\/?s={search_term_string}"},"query-input":{"@type":"PropertyValueSpecification","valueRequired":true,"valueName":"search_term_string"}}],"inLanguage":"de"},{"@type":"Organization","@id":"https:\/\/frontaliers-grandest.eu\/de\/#organization","name":"Frontaliers Grand Est","alternateName":"Frontaliers Grand Est","url":"https:\/\/frontaliers-grandest.eu\/de\/","logo":{"@type":"ImageObject","inLanguage":"de","@id":"https:\/\/frontaliers-grandest.eu\/de\/#\/schema\/logo\/image\/","url":"https:\/\/frontaliers-grandest.eu\/wp-content\/uploads\/2025\/07\/260328234_2966785176920310_3332838526503858160_n.jpg","contentUrl":"https:\/\/frontaliers-grandest.eu\/wp-content\/uploads\/2025\/07\/260328234_2966785176920310_3332838526503858160_n.jpg","width":396,"height":396,"caption":"Frontaliers Grand Est"},"image":{"@id":"https:\/\/frontaliers-grandest.eu\/de\/#\/schema\/logo\/image\/"},"sameAs":["https:\/\/www.facebook.com\/frontaliers.GR.EST\/?locale=fr_FR"]}]}},"frge_page_order":0,"_links":{"self":[{"href":"https:\/\/frontaliers-grandest.eu\/de\/wp-json\/wp\/v2\/pages\/7522","targetHints":{"allow":["GET"]}}],"collection":[{"href":"https:\/\/frontaliers-grandest.eu\/de\/wp-json\/wp\/v2\/pages"}],"about":[{"href":"https:\/\/frontaliers-grandest.eu\/de\/wp-json\/wp\/v2\/types\/page"}],"author":[{"embeddable":true,"href":"https:\/\/frontaliers-grandest.eu\/de\/wp-json\/wp\/v2\/users\/7"}],"replies":[{"embeddable":true,"href":"https:\/\/frontaliers-grandest.eu\/de\/wp-json\/wp\/v2\/comments?post=7522"}],"version-history":[{"count":1,"href":"https:\/\/frontaliers-grandest.eu\/de\/wp-json\/wp\/v2\/pages\/7522\/revisions"}],"predecessor-version":[{"id":7523,"href":"https:\/\/frontaliers-grandest.eu\/de\/wp-json\/wp\/v2\/pages\/7522\/revisions\/7523"}],"up":[{"embeddable":true,"href":"https:\/\/frontaliers-grandest.eu\/de\/wp-json\/wp\/v2\/pages\/7519"}],"wp:attachment":[{"href":"https:\/\/frontaliers-grandest.eu\/de\/wp-json\/wp\/v2\/media?parent=7522"}],"wp:term":[{"taxonomy":"post_tag","embeddable":true,"href":"https:\/\/frontaliers-grandest.eu\/de\/wp-json\/wp\/v2\/tags?post=7522"},{"taxonomy":"frge_profile","embeddable":true,"href":"https:\/\/frontaliers-grandest.eu\/de\/wp-json\/wp\/v2\/frge_profile?post=7522"}],"curies":[{"name":"wp","href":"https:\/\/api.w.org\/{rel}","templated":true}]}}