{"id":7516,"date":"2021-05-18T14:31:25","date_gmt":"2021-05-18T12:31:25","guid":{"rendered":"https:\/\/frontaliers-grandest.eu\/?page_id=7516"},"modified":"2021-05-18T14:31:26","modified_gmt":"2021-05-18T12:31:26","slug":"die-anerkennung-der-asbschlusse","status":"publish","type":"page","link":"https:\/\/frontaliers-grandest.eu\/de\/startseite\/jugendliche\/studie-ausbildung\/grenzuberschreitende-erstausbildung\/ein-hochschulstudium-in-deutschland-absolvieren\/die-anerkennung-der-asbschlusse\/","title":{"rendered":"Die Anerkennung der asbschl\u00fcsse"},"content":{"rendered":"\n<p>Um ein Hochschulstudium in Deutschland aufzunehmen, muss das Abitur oder ein gleichwertiger Abschluss erworben worden sein. Eine <strong><em>Hochschulzugangsberechtigung<\/em><\/strong> muss eingereicht werden. Diese ist f\u00fcr einen in Deutschland wohnhaften wie auch f\u00fcr einen ausl\u00e4ndischen Studierenden verpflichtend.<\/p>\n\n\n\n<p>Allerdings muss die Bescheinigung, wenn sie von ausl\u00e4ndischen Beh\u00f6rden ausgestellt wurde, als in Deutschland g\u00fcltige Hochschulzugangsberechtigung anerkannt sein.<\/p>\n\n\n\n<p>Die Bildungseinrichtungen sind f\u00fcr die Evaluierung des Studiums im Ausland und f\u00fcr die Zulassung zum Studium in Deutschland zust\u00e4ndig. Wenn Sie ein Studium in Deutschland beginnen, wird Ihnen das <strong><em>Akademische Auslandsamt<\/em><\/strong> seine Genehmigung erteilen. Wenn Sie ein Studium fortsetzen, wird sich das <strong><em>Pr\u00fcfungsamt<\/em><\/strong> der Hochschuleinrichtung darum k\u00fcmmern.<\/p>\n\n\n\n<p><strong>Das ENIC-NARIC-Zentrum, Zentralstelle f\u00fcr Ausl\u00e4ndisches Bildungswesen (ZAB)<\/strong>, ist die f\u00fcr die Anerkennung der Abschl\u00fcsse in Deutschland zust\u00e4ndige Informationsstelle.<\/p>\n\n\n\n<figure class=\"wp-block-pullquote\"><blockquote><p><strong>Zentralstelle f\u00fcr ausl\u00e4ndisches Bildungswesen<br>ENIC-NARIC Centre<br>Sekretariat der Kultusministerkonferenz<\/strong><\/p><p>D &#8211; 53117 Bonn<br>Tel. : +49 228 501 352, -264<br><a href=\"mailto:zab@kmk.org\" target=\"_blank\" rel=\"noreferrer noopener\">zab@kmk.org<\/a><br><a href=\"http:\/\/www.kmk.org\/zab\" target=\"_blank\" rel=\"noreferrer noopener\">www.kmk.org\/zab<\/a><\/p><\/blockquote><\/figure>\n\n\n\n<p>F\u00fcr weitere Informationen ziehen Sie die Brosch\u00fcre des CRD EURES Lorraine zurate, welche auch unter der Rubrik \u201ePublikationen\u201c auf dessen Website www.frontalierslorraine.eu heruntergeladen werden kann.<\/p>\n","protected":false},"excerpt":{"rendered":"<p>Um ein Hochschulstudium in Deutschland aufzunehmen, muss das Abitur oder ein gleichwertiger Abschluss erworben worden sein. Eine Hochschulzugangsberechtigung muss eingereicht werden. Diese ist f\u00fcr einen in Deutschland wohnhaften wie auch f\u00fcr einen ausl\u00e4ndischen Studierenden verpflichtend. Allerdings muss die Bescheinigung, wenn sie von ausl\u00e4ndischen Beh\u00f6rden ausgestellt wurde, als in Deutschland g\u00fcltige Hochschulzugangsberechtigung anerkannt sein. Die Bildungseinrichtungen [&hellip;]<\/p>\n","protected":false},"author":7,"featured_media":0,"parent":7508,"menu_order":3,"comment_status":"closed","ping_status":"closed","template":"","meta":{"inline_featured_image":false,"footnotes":""},"tags":[],"frge_profile":[],"class_list":["post-7516","page","type-page","status-publish","hentry"],"yoast_head":"<!-- This site is optimized with the Yoast SEO plugin v27.1.1 - https:\/\/yoast.com\/product\/yoast-seo-wordpress\/ -->\n<title>Die Anerkennung der asbschl\u00fcsse - Frontaliers Grand Est<\/title>\n<meta name=\"robots\" content=\"index, follow, max-snippet:-1, max-image-preview:large, max-video-preview:-1\" \/>\n<link rel=\"canonical\" href=\"https:\/\/frontaliers-grandest.eu\/de\/startseite\/jugendliche\/studie-ausbildung\/grenzuberschreitende-erstausbildung\/ein-hochschulstudium-in-deutschland-absolvieren\/die-anerkennung-der-asbschlusse\/\" \/>\n<meta property=\"og:locale\" content=\"de_DE\" \/>\n<meta property=\"og:type\" content=\"article\" \/>\n<meta property=\"og:title\" content=\"Die Anerkennung der asbschl\u00fcsse - Frontaliers Grand Est\" \/>\n<meta property=\"og:description\" content=\"Um ein Hochschulstudium in Deutschland aufzunehmen, muss das Abitur oder ein gleichwertiger Abschluss erworben worden sein. Eine Hochschulzugangsberechtigung muss eingereicht werden. Diese ist f\u00fcr einen in Deutschland wohnhaften wie auch f\u00fcr einen ausl\u00e4ndischen Studierenden verpflichtend. Allerdings muss die Bescheinigung, wenn sie von ausl\u00e4ndischen Beh\u00f6rden ausgestellt wurde, als in Deutschland g\u00fcltige Hochschulzugangsberechtigung anerkannt sein. Die Bildungseinrichtungen [&hellip;]\" \/>\n<meta property=\"og:url\" content=\"https:\/\/frontaliers-grandest.eu\/de\/startseite\/jugendliche\/studie-ausbildung\/grenzuberschreitende-erstausbildung\/ein-hochschulstudium-in-deutschland-absolvieren\/die-anerkennung-der-asbschlusse\/\" \/>\n<meta property=\"og:site_name\" content=\"Frontaliers Grand Est\" \/>\n<meta property=\"article:publisher\" content=\"https:\/\/www.facebook.com\/frontaliers.GR.EST\/?locale=fr_FR\" \/>\n<meta property=\"article:modified_time\" content=\"2021-05-18T12:31:26+00:00\" \/>\n<meta name=\"twitter:card\" content=\"summary_large_image\" \/>\n<meta name=\"twitter:label1\" content=\"Gesch\u00e4tzte Lesezeit\" \/>\n\t<meta name=\"twitter:data1\" content=\"1\u00a0Minute\" \/>\n<script type=\"application\/ld+json\" class=\"yoast-schema-graph\">{\"@context\":\"https:\/\/schema.org\",\"@graph\":[{\"@type\":\"WebPage\",\"@id\":\"https:\/\/frontaliers-grandest.eu\/de\/startseite\/jugendliche\/studie-ausbildung\/grenzuberschreitende-erstausbildung\/ein-hochschulstudium-in-deutschland-absolvieren\/die-anerkennung-der-asbschlusse\/\",\"url\":\"https:\/\/frontaliers-grandest.eu\/de\/startseite\/jugendliche\/studie-ausbildung\/grenzuberschreitende-erstausbildung\/ein-hochschulstudium-in-deutschland-absolvieren\/die-anerkennung-der-asbschlusse\/\",\"name\":\"Die Anerkennung der asbschl\u00fcsse - Frontaliers Grand Est\",\"isPartOf\":{\"@id\":\"https:\/\/frontaliers-grandest.eu\/de\/#website\"},\"datePublished\":\"2021-05-18T12:31:25+00:00\",\"dateModified\":\"2021-05-18T12:31:26+00:00\",\"breadcrumb\":{\"@id\":\"https:\/\/frontaliers-grandest.eu\/de\/startseite\/jugendliche\/studie-ausbildung\/grenzuberschreitende-erstausbildung\/ein-hochschulstudium-in-deutschland-absolvieren\/die-anerkennung-der-asbschlusse\/#breadcrumb\"},\"inLanguage\":\"de\",\"potentialAction\":[{\"@type\":\"ReadAction\",\"target\":[\"https:\/\/frontaliers-grandest.eu\/de\/startseite\/jugendliche\/studie-ausbildung\/grenzuberschreitende-erstausbildung\/ein-hochschulstudium-in-deutschland-absolvieren\/die-anerkennung-der-asbschlusse\/\"]}]},{\"@type\":\"BreadcrumbList\",\"@id\":\"https:\/\/frontaliers-grandest.eu\/de\/startseite\/jugendliche\/studie-ausbildung\/grenzuberschreitende-erstausbildung\/ein-hochschulstudium-in-deutschland-absolvieren\/die-anerkennung-der-asbschlusse\/#breadcrumb\",\"itemListElement\":[{\"@type\":\"ListItem\",\"position\":1,\"name\":\"Startseite\",\"item\":\"https:\/\/frontaliers-grandest.eu\/de\/\"},{\"@type\":\"ListItem\",\"position\":2,\"name\":\"Jugendliche\",\"item\":\"https:\/\/frontaliers-grandest.eu\/de\/startseite\/jugendliche\/\"},{\"@type\":\"ListItem\",\"position\":3,\"name\":\"Studie \/ Ausbildung\",\"item\":\"https:\/\/frontaliers-grandest.eu\/de\/startseite\/jugendliche\/studie-ausbildung\/\"},{\"@type\":\"ListItem\",\"position\":4,\"name\":\"Grenz\u00fcberschreitende Erstausbildung\",\"item\":\"https:\/\/frontaliers-grandest.eu\/de\/startseite\/jugendliche\/studie-ausbildung\/grenzuberschreitende-erstausbildung\/\"},{\"@type\":\"ListItem\",\"position\":5,\"name\":\"Ein hochschulstudium in Deutschland absolvieren\",\"item\":\"https:\/\/frontaliers-grandest.eu\/de\/startseite\/jugendliche\/studie-ausbildung\/grenzuberschreitende-erstausbildung\/ein-hochschulstudium-in-deutschland-absolvieren\/\"},{\"@type\":\"ListItem\",\"position\":6,\"name\":\"Die Anerkennung der asbschl\u00fcsse\"}]},{\"@type\":\"WebSite\",\"@id\":\"https:\/\/frontaliers-grandest.eu\/de\/#website\",\"url\":\"https:\/\/frontaliers-grandest.eu\/de\/\",\"name\":\"Frontaliers Grand Est\",\"description\":\"Le site ressource du travail frontalier\",\"publisher\":{\"@id\":\"https:\/\/frontaliers-grandest.eu\/de\/#organization\"},\"alternateName\":\"Frontaliers Grand Est\",\"potentialAction\":[{\"@type\":\"SearchAction\",\"target\":{\"@type\":\"EntryPoint\",\"urlTemplate\":\"https:\/\/frontaliers-grandest.eu\/de\/?s={search_term_string}\"},\"query-input\":{\"@type\":\"PropertyValueSpecification\",\"valueRequired\":true,\"valueName\":\"search_term_string\"}}],\"inLanguage\":\"de\"},{\"@type\":\"Organization\",\"@id\":\"https:\/\/frontaliers-grandest.eu\/de\/#organization\",\"name\":\"Frontaliers Grand Est\",\"alternateName\":\"Frontaliers Grand Est\",\"url\":\"https:\/\/frontaliers-grandest.eu\/de\/\",\"logo\":{\"@type\":\"ImageObject\",\"inLanguage\":\"de\",\"@id\":\"https:\/\/frontaliers-grandest.eu\/de\/#\/schema\/logo\/image\/\",\"url\":\"https:\/\/frontaliers-grandest.eu\/wp-content\/uploads\/2025\/07\/260328234_2966785176920310_3332838526503858160_n.jpg\",\"contentUrl\":\"https:\/\/frontaliers-grandest.eu\/wp-content\/uploads\/2025\/07\/260328234_2966785176920310_3332838526503858160_n.jpg\",\"width\":396,\"height\":396,\"caption\":\"Frontaliers Grand Est\"},\"image\":{\"@id\":\"https:\/\/frontaliers-grandest.eu\/de\/#\/schema\/logo\/image\/\"},\"sameAs\":[\"https:\/\/www.facebook.com\/frontaliers.GR.EST\/?locale=fr_FR\"]}]}<\/script>\n<!-- \/ Yoast SEO plugin. -->","yoast_head_json":{"title":"Die Anerkennung der asbschl\u00fcsse - Frontaliers Grand Est","robots":{"index":"index","follow":"follow","max-snippet":"max-snippet:-1","max-image-preview":"max-image-preview:large","max-video-preview":"max-video-preview:-1"},"canonical":"https:\/\/frontaliers-grandest.eu\/de\/startseite\/jugendliche\/studie-ausbildung\/grenzuberschreitende-erstausbildung\/ein-hochschulstudium-in-deutschland-absolvieren\/die-anerkennung-der-asbschlusse\/","og_locale":"de_DE","og_type":"article","og_title":"Die Anerkennung der asbschl\u00fcsse - Frontaliers Grand Est","og_description":"Um ein Hochschulstudium in Deutschland aufzunehmen, muss das Abitur oder ein gleichwertiger Abschluss erworben worden sein. Eine Hochschulzugangsberechtigung muss eingereicht werden. Diese ist f\u00fcr einen in Deutschland wohnhaften wie auch f\u00fcr einen ausl\u00e4ndischen Studierenden verpflichtend. Allerdings muss die Bescheinigung, wenn sie von ausl\u00e4ndischen Beh\u00f6rden ausgestellt wurde, als in Deutschland g\u00fcltige Hochschulzugangsberechtigung anerkannt sein. Die Bildungseinrichtungen [&hellip;]","og_url":"https:\/\/frontaliers-grandest.eu\/de\/startseite\/jugendliche\/studie-ausbildung\/grenzuberschreitende-erstausbildung\/ein-hochschulstudium-in-deutschland-absolvieren\/die-anerkennung-der-asbschlusse\/","og_site_name":"Frontaliers Grand Est","article_publisher":"https:\/\/www.facebook.com\/frontaliers.GR.EST\/?locale=fr_FR","article_modified_time":"2021-05-18T12:31:26+00:00","twitter_card":"summary_large_image","twitter_misc":{"Gesch\u00e4tzte Lesezeit":"1\u00a0Minute"},"schema":{"@context":"https:\/\/schema.org","@graph":[{"@type":"WebPage","@id":"https:\/\/frontaliers-grandest.eu\/de\/startseite\/jugendliche\/studie-ausbildung\/grenzuberschreitende-erstausbildung\/ein-hochschulstudium-in-deutschland-absolvieren\/die-anerkennung-der-asbschlusse\/","url":"https:\/\/frontaliers-grandest.eu\/de\/startseite\/jugendliche\/studie-ausbildung\/grenzuberschreitende-erstausbildung\/ein-hochschulstudium-in-deutschland-absolvieren\/die-anerkennung-der-asbschlusse\/","name":"Die Anerkennung der asbschl\u00fcsse - Frontaliers Grand Est","isPartOf":{"@id":"https:\/\/frontaliers-grandest.eu\/de\/#website"},"datePublished":"2021-05-18T12:31:25+00:00","dateModified":"2021-05-18T12:31:26+00:00","breadcrumb":{"@id":"https:\/\/frontaliers-grandest.eu\/de\/startseite\/jugendliche\/studie-ausbildung\/grenzuberschreitende-erstausbildung\/ein-hochschulstudium-in-deutschland-absolvieren\/die-anerkennung-der-asbschlusse\/#breadcrumb"},"inLanguage":"de","potentialAction":[{"@type":"ReadAction","target":["https:\/\/frontaliers-grandest.eu\/de\/startseite\/jugendliche\/studie-ausbildung\/grenzuberschreitende-erstausbildung\/ein-hochschulstudium-in-deutschland-absolvieren\/die-anerkennung-der-asbschlusse\/"]}]},{"@type":"BreadcrumbList","@id":"https:\/\/frontaliers-grandest.eu\/de\/startseite\/jugendliche\/studie-ausbildung\/grenzuberschreitende-erstausbildung\/ein-hochschulstudium-in-deutschland-absolvieren\/die-anerkennung-der-asbschlusse\/#breadcrumb","itemListElement":[{"@type":"ListItem","position":1,"name":"Startseite","item":"https:\/\/frontaliers-grandest.eu\/de\/"},{"@type":"ListItem","position":2,"name":"Jugendliche","item":"https:\/\/frontaliers-grandest.eu\/de\/startseite\/jugendliche\/"},{"@type":"ListItem","position":3,"name":"Studie \/ Ausbildung","item":"https:\/\/frontaliers-grandest.eu\/de\/startseite\/jugendliche\/studie-ausbildung\/"},{"@type":"ListItem","position":4,"name":"Grenz\u00fcberschreitende Erstausbildung","item":"https:\/\/frontaliers-grandest.eu\/de\/startseite\/jugendliche\/studie-ausbildung\/grenzuberschreitende-erstausbildung\/"},{"@type":"ListItem","position":5,"name":"Ein hochschulstudium in Deutschland absolvieren","item":"https:\/\/frontaliers-grandest.eu\/de\/startseite\/jugendliche\/studie-ausbildung\/grenzuberschreitende-erstausbildung\/ein-hochschulstudium-in-deutschland-absolvieren\/"},{"@type":"ListItem","position":6,"name":"Die Anerkennung der asbschl\u00fcsse"}]},{"@type":"WebSite","@id":"https:\/\/frontaliers-grandest.eu\/de\/#website","url":"https:\/\/frontaliers-grandest.eu\/de\/","name":"Frontaliers Grand Est","description":"Le site ressource du travail frontalier","publisher":{"@id":"https:\/\/frontaliers-grandest.eu\/de\/#organization"},"alternateName":"Frontaliers Grand Est","potentialAction":[{"@type":"SearchAction","target":{"@type":"EntryPoint","urlTemplate":"https:\/\/frontaliers-grandest.eu\/de\/?s={search_term_string}"},"query-input":{"@type":"PropertyValueSpecification","valueRequired":true,"valueName":"search_term_string"}}],"inLanguage":"de"},{"@type":"Organization","@id":"https:\/\/frontaliers-grandest.eu\/de\/#organization","name":"Frontaliers Grand Est","alternateName":"Frontaliers Grand Est","url":"https:\/\/frontaliers-grandest.eu\/de\/","logo":{"@type":"ImageObject","inLanguage":"de","@id":"https:\/\/frontaliers-grandest.eu\/de\/#\/schema\/logo\/image\/","url":"https:\/\/frontaliers-grandest.eu\/wp-content\/uploads\/2025\/07\/260328234_2966785176920310_3332838526503858160_n.jpg","contentUrl":"https:\/\/frontaliers-grandest.eu\/wp-content\/uploads\/2025\/07\/260328234_2966785176920310_3332838526503858160_n.jpg","width":396,"height":396,"caption":"Frontaliers Grand Est"},"image":{"@id":"https:\/\/frontaliers-grandest.eu\/de\/#\/schema\/logo\/image\/"},"sameAs":["https:\/\/www.facebook.com\/frontaliers.GR.EST\/?locale=fr_FR"]}]}},"frge_page_order":0,"_links":{"self":[{"href":"https:\/\/frontaliers-grandest.eu\/de\/wp-json\/wp\/v2\/pages\/7516","targetHints":{"allow":["GET"]}}],"collection":[{"href":"https:\/\/frontaliers-grandest.eu\/de\/wp-json\/wp\/v2\/pages"}],"about":[{"href":"https:\/\/frontaliers-grandest.eu\/de\/wp-json\/wp\/v2\/types\/page"}],"author":[{"embeddable":true,"href":"https:\/\/frontaliers-grandest.eu\/de\/wp-json\/wp\/v2\/users\/7"}],"replies":[{"embeddable":true,"href":"https:\/\/frontaliers-grandest.eu\/de\/wp-json\/wp\/v2\/comments?post=7516"}],"version-history":[{"count":1,"href":"https:\/\/frontaliers-grandest.eu\/de\/wp-json\/wp\/v2\/pages\/7516\/revisions"}],"predecessor-version":[{"id":7517,"href":"https:\/\/frontaliers-grandest.eu\/de\/wp-json\/wp\/v2\/pages\/7516\/revisions\/7517"}],"up":[{"embeddable":true,"href":"https:\/\/frontaliers-grandest.eu\/de\/wp-json\/wp\/v2\/pages\/7508"}],"wp:attachment":[{"href":"https:\/\/frontaliers-grandest.eu\/de\/wp-json\/wp\/v2\/media?parent=7516"}],"wp:term":[{"taxonomy":"post_tag","embeddable":true,"href":"https:\/\/frontaliers-grandest.eu\/de\/wp-json\/wp\/v2\/tags?post=7516"},{"taxonomy":"frge_profile","embeddable":true,"href":"https:\/\/frontaliers-grandest.eu\/de\/wp-json\/wp\/v2\/frge_profile?post=7516"}],"curies":[{"name":"wp","href":"https:\/\/api.w.org\/{rel}","templated":true}]}}