{"id":7514,"date":"2021-05-18T14:29:12","date_gmt":"2021-05-18T12:29:12","guid":{"rendered":"https:\/\/frontaliers-grandest.eu\/?page_id=7514"},"modified":"2021-05-18T14:29:13","modified_gmt":"2021-05-18T12:29:13","slug":"sprachtests","status":"publish","type":"page","link":"https:\/\/frontaliers-grandest.eu\/de\/startseite\/jugendliche\/studie-ausbildung\/grenzuberschreitende-erstausbildung\/ein-hochschulstudium-in-deutschland-absolvieren\/sprachtests\/","title":{"rendered":"Sprachtests"},"content":{"rendered":"\n<p>Erkundigen Sie sich bei der Annahmestelle f\u00fcr ausl\u00e4ndische Studierende, um das erforderliche <em>Sprachniveau f\u00fcr Deutsch an der Hochschule, <\/em>an der Sie studieren m\u00f6chten, zu erfahren.<\/p>\n\n\n\n<p>In den meisten F\u00e4llen werden Sie die Beherrschung ausreichender Deutschkenntnisse durch Ablegen eines Deutschtests nachweisen m\u00fcssen. Es gibt die Sprachpr\u00fcfung \u201e<em>TestDaF<\/em>\u201c, die an einem zugelassenen Pr\u00fcfungszentrum in Frankreich abgelegt werden kann. Die DSH (Deutsche Sprachpr\u00fcfung f\u00fcr den Hochschulzugang) findet vor Semesterbeginn in jeder universit\u00e4ren Einrichtung in Deutschland statt.<\/p>\n","protected":false},"excerpt":{"rendered":"<p>Erkundigen Sie sich bei der Annahmestelle f\u00fcr ausl\u00e4ndische Studierende, um das erforderliche Sprachniveau f\u00fcr Deutsch an der Hochschule, an der Sie studieren m\u00f6chten, zu erfahren. In den meisten F\u00e4llen werden Sie die Beherrschung ausreichender Deutschkenntnisse durch Ablegen eines Deutschtests nachweisen m\u00fcssen. Es gibt die Sprachpr\u00fcfung \u201eTestDaF\u201c, die an einem zugelassenen Pr\u00fcfungszentrum in Frankreich abgelegt werden [&hellip;]<\/p>\n","protected":false},"author":7,"featured_media":0,"parent":7508,"menu_order":2,"comment_status":"closed","ping_status":"closed","template":"","meta":{"inline_featured_image":false,"footnotes":""},"tags":[],"frge_profile":[],"class_list":["post-7514","page","type-page","status-publish","hentry"],"yoast_head":"<!-- This site is optimized with the Yoast SEO plugin v27.1.1 - https:\/\/yoast.com\/product\/yoast-seo-wordpress\/ -->\n<title>Sprachtests - Frontaliers Grand Est<\/title>\n<meta name=\"robots\" content=\"index, follow, max-snippet:-1, max-image-preview:large, max-video-preview:-1\" \/>\n<link rel=\"canonical\" href=\"https:\/\/frontaliers-grandest.eu\/de\/startseite\/jugendliche\/studie-ausbildung\/grenzuberschreitende-erstausbildung\/ein-hochschulstudium-in-deutschland-absolvieren\/sprachtests\/\" \/>\n<meta property=\"og:locale\" content=\"de_DE\" \/>\n<meta property=\"og:type\" content=\"article\" \/>\n<meta property=\"og:title\" content=\"Sprachtests - Frontaliers Grand Est\" \/>\n<meta property=\"og:description\" content=\"Erkundigen Sie sich bei der Annahmestelle f\u00fcr ausl\u00e4ndische Studierende, um das erforderliche Sprachniveau f\u00fcr Deutsch an der Hochschule, an der Sie studieren m\u00f6chten, zu erfahren. In den meisten F\u00e4llen werden Sie die Beherrschung ausreichender Deutschkenntnisse durch Ablegen eines Deutschtests nachweisen m\u00fcssen. Es gibt die Sprachpr\u00fcfung \u201eTestDaF\u201c, die an einem zugelassenen Pr\u00fcfungszentrum in Frankreich abgelegt werden [&hellip;]\" \/>\n<meta property=\"og:url\" content=\"https:\/\/frontaliers-grandest.eu\/de\/startseite\/jugendliche\/studie-ausbildung\/grenzuberschreitende-erstausbildung\/ein-hochschulstudium-in-deutschland-absolvieren\/sprachtests\/\" \/>\n<meta property=\"og:site_name\" content=\"Frontaliers Grand Est\" \/>\n<meta property=\"article:publisher\" content=\"https:\/\/www.facebook.com\/frontaliers.GR.EST\/?locale=fr_FR\" \/>\n<meta property=\"article:modified_time\" content=\"2021-05-18T12:29:13+00:00\" \/>\n<meta name=\"twitter:card\" content=\"summary_large_image\" \/>\n<meta name=\"twitter:label1\" content=\"Gesch\u00e4tzte Lesezeit\" \/>\n\t<meta name=\"twitter:data1\" content=\"1\u00a0Minute\" \/>\n<script type=\"application\/ld+json\" class=\"yoast-schema-graph\">{\"@context\":\"https:\/\/schema.org\",\"@graph\":[{\"@type\":\"WebPage\",\"@id\":\"https:\/\/frontaliers-grandest.eu\/de\/startseite\/jugendliche\/studie-ausbildung\/grenzuberschreitende-erstausbildung\/ein-hochschulstudium-in-deutschland-absolvieren\/sprachtests\/\",\"url\":\"https:\/\/frontaliers-grandest.eu\/de\/startseite\/jugendliche\/studie-ausbildung\/grenzuberschreitende-erstausbildung\/ein-hochschulstudium-in-deutschland-absolvieren\/sprachtests\/\",\"name\":\"Sprachtests - Frontaliers Grand Est\",\"isPartOf\":{\"@id\":\"https:\/\/frontaliers-grandest.eu\/de\/#website\"},\"datePublished\":\"2021-05-18T12:29:12+00:00\",\"dateModified\":\"2021-05-18T12:29:13+00:00\",\"breadcrumb\":{\"@id\":\"https:\/\/frontaliers-grandest.eu\/de\/startseite\/jugendliche\/studie-ausbildung\/grenzuberschreitende-erstausbildung\/ein-hochschulstudium-in-deutschland-absolvieren\/sprachtests\/#breadcrumb\"},\"inLanguage\":\"de\",\"potentialAction\":[{\"@type\":\"ReadAction\",\"target\":[\"https:\/\/frontaliers-grandest.eu\/de\/startseite\/jugendliche\/studie-ausbildung\/grenzuberschreitende-erstausbildung\/ein-hochschulstudium-in-deutschland-absolvieren\/sprachtests\/\"]}]},{\"@type\":\"BreadcrumbList\",\"@id\":\"https:\/\/frontaliers-grandest.eu\/de\/startseite\/jugendliche\/studie-ausbildung\/grenzuberschreitende-erstausbildung\/ein-hochschulstudium-in-deutschland-absolvieren\/sprachtests\/#breadcrumb\",\"itemListElement\":[{\"@type\":\"ListItem\",\"position\":1,\"name\":\"Startseite\",\"item\":\"https:\/\/frontaliers-grandest.eu\/de\/\"},{\"@type\":\"ListItem\",\"position\":2,\"name\":\"Jugendliche\",\"item\":\"https:\/\/frontaliers-grandest.eu\/de\/startseite\/jugendliche\/\"},{\"@type\":\"ListItem\",\"position\":3,\"name\":\"Studie \/ Ausbildung\",\"item\":\"https:\/\/frontaliers-grandest.eu\/de\/startseite\/jugendliche\/studie-ausbildung\/\"},{\"@type\":\"ListItem\",\"position\":4,\"name\":\"Grenz\u00fcberschreitende Erstausbildung\",\"item\":\"https:\/\/frontaliers-grandest.eu\/de\/startseite\/jugendliche\/studie-ausbildung\/grenzuberschreitende-erstausbildung\/\"},{\"@type\":\"ListItem\",\"position\":5,\"name\":\"Ein hochschulstudium in Deutschland absolvieren\",\"item\":\"https:\/\/frontaliers-grandest.eu\/de\/startseite\/jugendliche\/studie-ausbildung\/grenzuberschreitende-erstausbildung\/ein-hochschulstudium-in-deutschland-absolvieren\/\"},{\"@type\":\"ListItem\",\"position\":6,\"name\":\"Sprachtests\"}]},{\"@type\":\"WebSite\",\"@id\":\"https:\/\/frontaliers-grandest.eu\/de\/#website\",\"url\":\"https:\/\/frontaliers-grandest.eu\/de\/\",\"name\":\"Frontaliers Grand Est\",\"description\":\"Le site ressource du travail frontalier\",\"publisher\":{\"@id\":\"https:\/\/frontaliers-grandest.eu\/de\/#organization\"},\"alternateName\":\"Frontaliers Grand Est\",\"potentialAction\":[{\"@type\":\"SearchAction\",\"target\":{\"@type\":\"EntryPoint\",\"urlTemplate\":\"https:\/\/frontaliers-grandest.eu\/de\/?s={search_term_string}\"},\"query-input\":{\"@type\":\"PropertyValueSpecification\",\"valueRequired\":true,\"valueName\":\"search_term_string\"}}],\"inLanguage\":\"de\"},{\"@type\":\"Organization\",\"@id\":\"https:\/\/frontaliers-grandest.eu\/de\/#organization\",\"name\":\"Frontaliers Grand Est\",\"alternateName\":\"Frontaliers Grand Est\",\"url\":\"https:\/\/frontaliers-grandest.eu\/de\/\",\"logo\":{\"@type\":\"ImageObject\",\"inLanguage\":\"de\",\"@id\":\"https:\/\/frontaliers-grandest.eu\/de\/#\/schema\/logo\/image\/\",\"url\":\"https:\/\/frontaliers-grandest.eu\/wp-content\/uploads\/2025\/07\/260328234_2966785176920310_3332838526503858160_n.jpg\",\"contentUrl\":\"https:\/\/frontaliers-grandest.eu\/wp-content\/uploads\/2025\/07\/260328234_2966785176920310_3332838526503858160_n.jpg\",\"width\":396,\"height\":396,\"caption\":\"Frontaliers Grand Est\"},\"image\":{\"@id\":\"https:\/\/frontaliers-grandest.eu\/de\/#\/schema\/logo\/image\/\"},\"sameAs\":[\"https:\/\/www.facebook.com\/frontaliers.GR.EST\/?locale=fr_FR\"]}]}<\/script>\n<!-- \/ Yoast SEO plugin. -->","yoast_head_json":{"title":"Sprachtests - Frontaliers Grand Est","robots":{"index":"index","follow":"follow","max-snippet":"max-snippet:-1","max-image-preview":"max-image-preview:large","max-video-preview":"max-video-preview:-1"},"canonical":"https:\/\/frontaliers-grandest.eu\/de\/startseite\/jugendliche\/studie-ausbildung\/grenzuberschreitende-erstausbildung\/ein-hochschulstudium-in-deutschland-absolvieren\/sprachtests\/","og_locale":"de_DE","og_type":"article","og_title":"Sprachtests - Frontaliers Grand Est","og_description":"Erkundigen Sie sich bei der Annahmestelle f\u00fcr ausl\u00e4ndische Studierende, um das erforderliche Sprachniveau f\u00fcr Deutsch an der Hochschule, an der Sie studieren m\u00f6chten, zu erfahren. In den meisten F\u00e4llen werden Sie die Beherrschung ausreichender Deutschkenntnisse durch Ablegen eines Deutschtests nachweisen m\u00fcssen. Es gibt die Sprachpr\u00fcfung \u201eTestDaF\u201c, die an einem zugelassenen Pr\u00fcfungszentrum in Frankreich abgelegt werden [&hellip;]","og_url":"https:\/\/frontaliers-grandest.eu\/de\/startseite\/jugendliche\/studie-ausbildung\/grenzuberschreitende-erstausbildung\/ein-hochschulstudium-in-deutschland-absolvieren\/sprachtests\/","og_site_name":"Frontaliers Grand Est","article_publisher":"https:\/\/www.facebook.com\/frontaliers.GR.EST\/?locale=fr_FR","article_modified_time":"2021-05-18T12:29:13+00:00","twitter_card":"summary_large_image","twitter_misc":{"Gesch\u00e4tzte Lesezeit":"1\u00a0Minute"},"schema":{"@context":"https:\/\/schema.org","@graph":[{"@type":"WebPage","@id":"https:\/\/frontaliers-grandest.eu\/de\/startseite\/jugendliche\/studie-ausbildung\/grenzuberschreitende-erstausbildung\/ein-hochschulstudium-in-deutschland-absolvieren\/sprachtests\/","url":"https:\/\/frontaliers-grandest.eu\/de\/startseite\/jugendliche\/studie-ausbildung\/grenzuberschreitende-erstausbildung\/ein-hochschulstudium-in-deutschland-absolvieren\/sprachtests\/","name":"Sprachtests - Frontaliers Grand Est","isPartOf":{"@id":"https:\/\/frontaliers-grandest.eu\/de\/#website"},"datePublished":"2021-05-18T12:29:12+00:00","dateModified":"2021-05-18T12:29:13+00:00","breadcrumb":{"@id":"https:\/\/frontaliers-grandest.eu\/de\/startseite\/jugendliche\/studie-ausbildung\/grenzuberschreitende-erstausbildung\/ein-hochschulstudium-in-deutschland-absolvieren\/sprachtests\/#breadcrumb"},"inLanguage":"de","potentialAction":[{"@type":"ReadAction","target":["https:\/\/frontaliers-grandest.eu\/de\/startseite\/jugendliche\/studie-ausbildung\/grenzuberschreitende-erstausbildung\/ein-hochschulstudium-in-deutschland-absolvieren\/sprachtests\/"]}]},{"@type":"BreadcrumbList","@id":"https:\/\/frontaliers-grandest.eu\/de\/startseite\/jugendliche\/studie-ausbildung\/grenzuberschreitende-erstausbildung\/ein-hochschulstudium-in-deutschland-absolvieren\/sprachtests\/#breadcrumb","itemListElement":[{"@type":"ListItem","position":1,"name":"Startseite","item":"https:\/\/frontaliers-grandest.eu\/de\/"},{"@type":"ListItem","position":2,"name":"Jugendliche","item":"https:\/\/frontaliers-grandest.eu\/de\/startseite\/jugendliche\/"},{"@type":"ListItem","position":3,"name":"Studie \/ Ausbildung","item":"https:\/\/frontaliers-grandest.eu\/de\/startseite\/jugendliche\/studie-ausbildung\/"},{"@type":"ListItem","position":4,"name":"Grenz\u00fcberschreitende Erstausbildung","item":"https:\/\/frontaliers-grandest.eu\/de\/startseite\/jugendliche\/studie-ausbildung\/grenzuberschreitende-erstausbildung\/"},{"@type":"ListItem","position":5,"name":"Ein hochschulstudium in Deutschland absolvieren","item":"https:\/\/frontaliers-grandest.eu\/de\/startseite\/jugendliche\/studie-ausbildung\/grenzuberschreitende-erstausbildung\/ein-hochschulstudium-in-deutschland-absolvieren\/"},{"@type":"ListItem","position":6,"name":"Sprachtests"}]},{"@type":"WebSite","@id":"https:\/\/frontaliers-grandest.eu\/de\/#website","url":"https:\/\/frontaliers-grandest.eu\/de\/","name":"Frontaliers Grand Est","description":"Le site ressource du travail frontalier","publisher":{"@id":"https:\/\/frontaliers-grandest.eu\/de\/#organization"},"alternateName":"Frontaliers Grand Est","potentialAction":[{"@type":"SearchAction","target":{"@type":"EntryPoint","urlTemplate":"https:\/\/frontaliers-grandest.eu\/de\/?s={search_term_string}"},"query-input":{"@type":"PropertyValueSpecification","valueRequired":true,"valueName":"search_term_string"}}],"inLanguage":"de"},{"@type":"Organization","@id":"https:\/\/frontaliers-grandest.eu\/de\/#organization","name":"Frontaliers Grand Est","alternateName":"Frontaliers Grand Est","url":"https:\/\/frontaliers-grandest.eu\/de\/","logo":{"@type":"ImageObject","inLanguage":"de","@id":"https:\/\/frontaliers-grandest.eu\/de\/#\/schema\/logo\/image\/","url":"https:\/\/frontaliers-grandest.eu\/wp-content\/uploads\/2025\/07\/260328234_2966785176920310_3332838526503858160_n.jpg","contentUrl":"https:\/\/frontaliers-grandest.eu\/wp-content\/uploads\/2025\/07\/260328234_2966785176920310_3332838526503858160_n.jpg","width":396,"height":396,"caption":"Frontaliers Grand Est"},"image":{"@id":"https:\/\/frontaliers-grandest.eu\/de\/#\/schema\/logo\/image\/"},"sameAs":["https:\/\/www.facebook.com\/frontaliers.GR.EST\/?locale=fr_FR"]}]}},"frge_page_order":0,"_links":{"self":[{"href":"https:\/\/frontaliers-grandest.eu\/de\/wp-json\/wp\/v2\/pages\/7514","targetHints":{"allow":["GET"]}}],"collection":[{"href":"https:\/\/frontaliers-grandest.eu\/de\/wp-json\/wp\/v2\/pages"}],"about":[{"href":"https:\/\/frontaliers-grandest.eu\/de\/wp-json\/wp\/v2\/types\/page"}],"author":[{"embeddable":true,"href":"https:\/\/frontaliers-grandest.eu\/de\/wp-json\/wp\/v2\/users\/7"}],"replies":[{"embeddable":true,"href":"https:\/\/frontaliers-grandest.eu\/de\/wp-json\/wp\/v2\/comments?post=7514"}],"version-history":[{"count":1,"href":"https:\/\/frontaliers-grandest.eu\/de\/wp-json\/wp\/v2\/pages\/7514\/revisions"}],"predecessor-version":[{"id":7515,"href":"https:\/\/frontaliers-grandest.eu\/de\/wp-json\/wp\/v2\/pages\/7514\/revisions\/7515"}],"up":[{"embeddable":true,"href":"https:\/\/frontaliers-grandest.eu\/de\/wp-json\/wp\/v2\/pages\/7508"}],"wp:attachment":[{"href":"https:\/\/frontaliers-grandest.eu\/de\/wp-json\/wp\/v2\/media?parent=7514"}],"wp:term":[{"taxonomy":"post_tag","embeddable":true,"href":"https:\/\/frontaliers-grandest.eu\/de\/wp-json\/wp\/v2\/tags?post=7514"},{"taxonomy":"frge_profile","embeddable":true,"href":"https:\/\/frontaliers-grandest.eu\/de\/wp-json\/wp\/v2\/frge_profile?post=7514"}],"curies":[{"name":"wp","href":"https:\/\/api.w.org\/{rel}","templated":true}]}}