{"id":7512,"date":"2021-05-18T14:27:52","date_gmt":"2021-05-18T12:27:52","guid":{"rendered":"https:\/\/frontaliers-grandest.eu\/?page_id=7512"},"modified":"2021-05-18T14:27:53","modified_gmt":"2021-05-18T12:27:53","slug":"die-einschreibung","status":"publish","type":"page","link":"https:\/\/frontaliers-grandest.eu\/de\/startseite\/jugendliche\/studie-ausbildung\/grenzuberschreitende-erstausbildung\/ein-hochschulstudium-in-deutschland-absolvieren\/die-einschreibung\/","title":{"rendered":"Die einschreibung"},"content":{"rendered":"\n<p>Der DAAD*, der Deutsche Akademische Austauschdienst, ist die Informationsstelle f\u00fcr die Hochschulbildung in Deutschland. Er unterh\u00e4lt ein B\u00fcro in Frankreich und hat die Aufgabe, die Studien- und Forschungsm\u00f6glichkeiten in den Hochschuleinrichtungen zu f\u00f6rdern. Er vergibt ebenso Mobilit\u00e4tsbeihilfen.<\/p>\n\n\n\n<p>F\u00fcr jegliche Ausk\u00fcnfte besuchen Sie bitte die Website der Einrichtung paris.daad.de.<\/p>\n\n\n\n<h4 class=\"wp-block-heading\">Die Studieng\u00e4nge der Universit\u00e4ten und Hochschulen einsehen<\/h4>\n\n\n\n<p>Von den Hochschuleinrichtungen werden zahlreiche internationale Studieng\u00e4nge angeboten.<\/p>\n\n\n\n<p>Die Liste der Hochschulen, die internationale Studieng\u00e4nge anbieten, ist auf der Website des DAAD zu finden:\u00a0<a href=\"http:\/\/www.daad.de\/deutschland\/studienangebote\/international-programs\/en\" target=\"_blank\" rel=\"noreferrer noopener\">www.daad.de\/deutschland\/studienangebote\/international-programs\/en<\/a>\u00a0<\/p>\n\n\n\n<p>Die Studieng\u00e4nge bereiten auf den Bachelor (6 Semester) und auf den Master vor. In vielen werden die Lehrveranstaltungen ausschlie\u00dflich auf Englisch oder auf Englisch und Deutsch abgehalten. Die meisten Ausbildungsg\u00e4nge sind kostenlos, einige jedoch kostenpflichtig (5.000 bis 7.000 \u20ac pro Semester).<\/p>\n\n\n\n<p>Beispiel: Die <em>Economics School of business<\/em>, welche in der <em>Hochschule<\/em> L\u00f6rrach (Baden-W\u00fcrttemberg) angesiedelt ist, bietet einen <em>Bachelor of Arts in international business<\/em> an. Alle Lehrveranstaltungen und Pr\u00fcfungen finden auf Englisch statt.<\/p>\n\n\n\n<p>Anhand des Verzeichnisses <em>Hochschulkompass<\/em> l\u00e4sst sich eine Hochschule in Deutschland finden sowie die Liste der Partneruniversit\u00e4ten in allen L\u00e4ndern der Welt einsehen: <a href=\"http:\/\/www.hochschulkompass.de\" target=\"_blank\" rel=\"noreferrer noopener\">www.hochschulkompass.de<\/a>\u00a0<\/p>\n\n\n\n<h4 class=\"wp-block-heading\">Mit dem Akademischen Auslandsamt der gew\u00fcnschten Hochschule Kontakt aufnehmen<\/h4>\n\n\n\n<p>An jeder deutschen Universit\u00e4t und <em>Hochschule<\/em> gibt es ein <em>Akademisches Auslandsamt<\/em>. Diese Stelle ist daf\u00fcr zust\u00e4ndig, die ausl\u00e4ndischen Studierenden in Empfang zu nehmen und <em>bei jedem Schritt der Einschreibung zu begleiten: Studienangebot, Organisation der Lehrveranstaltungen, Hochschulzugangsberechtigung, Sprachkenntnisse, Bewerbungen und Einschreibungen, Finanzierung. Es wird empfohlen, sich mit diesem sechs Monate oder besser ein Jahr vor Aufnahme Ihres Studiums in Deutschland in Verbindung zu setzen.<\/em><\/p>\n\n\n\n<p>Nachdem sie Ihre Unterlagen gepr\u00fcft und sich vergewissert hat, dass alle erforderlichen Dokumente und Nachweise ordnungsgem\u00e4\u00df beigebracht worden sind (Bildungsgrad, Sprachbeherrschung), wird die Annahmestelle Ihnen einen Zulassungsbescheid zukommen lassen.<\/p>\n\n\n\n<h4 class=\"wp-block-heading\">Eine Bewerbung einreichen<\/h4>\n\n\n\n<p>Nachdem sie Ihnen einen Zulassungsbescheid \u00fcbersandt hat, wird die Annahmestelle f\u00fcr ausl\u00e4ndische Studierende Sie auffordern, sich einzuschreiben.<\/p>\n\n\n\n<p><strong>Achtung:<\/strong> Die Einschreibungen erfolgen pro <strong>Studiensemester<\/strong> und gelten nur f\u00fcr diesen Zeitraum. Bewerbungen sind generell bis zum 15. Januar f\u00fcr das Sommersemester und bis zum 15. Juli f\u00fcr das Wintersemester einzureichen. H\u00e4ufig wird von Ihnen verlangt, sich pers\u00f6nlich im Sekretariat einzuschreiben.<\/p>\n\n\n\n<p>Dokumente, die in der Regel der Bewerbung beizuf\u00fcgen sind:<\/p>\n\n\n\n<ul class=\"wp-block-list\"><li>beglaubigte Kopie der Hochschulzugangsberechtigung in der Originalsprache (Abitur oder gleichwertige), von einem beeidigten \u00dcbersetzer \u00fcbersetzte Notenaufstellung;<\/li><li>beglaubigte Kopie der Hochschulabschl\u00fcsse, eventuell mit Notenaufstellung;<\/li><li>Passfotos;<\/li><li>Sprachzertifikate nach dem europ\u00e4ischen Referenzrahmen.<\/li><\/ul>\n\n\n\n<p>Angeh\u00f6rige von Drittstaaten m\u00fcssen sich an das Akademische Auslandsamt wenden. Sie k\u00f6nnen eine <strong>Feststellungspr\u00fcfung<\/strong> ablegen.<\/p>\n\n\n\n<h4 class=\"wp-block-heading\">Einschreibung in F\u00e4cher mit Numerus Clausus<\/h4>\n\n\n\n<h5 class=\"wp-block-heading\"><strong>&nbsp;Numerus Clausus in bestimmten Studieng\u00e4ngen<\/strong><\/h5>\n\n\n\n<p>Einige Studieng\u00e4nge unterliegen in Deutschland dem Numerus Clausus (Medizin, Pharmazie, Zahnmedizin, Veterin\u00e4rmedizin). Im Falle der meisten Hochschulen liegt die Einschreibung nicht in der Zust\u00e4ndigkeit der Universit\u00e4t, sondern einer zentralen Stelle, der <strong><em>Stiftung f\u00fcr Hochschulzulassung<\/em><\/strong>. Erkunden Sie sich bei der betreffenden Hochschuleinrichtung, um die Einschreibemodalit\u00e4ten zu erfahren.<\/p>\n\n\n\n<p>Bewerber aus der Europ\u00e4ischen Union m\u00fcssen ebenso wie Deutsche ihre Bewerbung \u00fcber die Website der Stiftung einreichen : www.hochschulstart.de<\/p>\n\n\n\n<p>Angeh\u00f6rige von Drittstaaten m\u00fcssen ihre Bewerbungen direkt an die Hochschulen richten. Zahlreiche Universit\u00e4ten delegieren die Einschreibeformalit\u00e4ten an die <strong>Arbeits- und Servicestelle f\u00fcr internationale Studienbewerbungen<\/strong>, www.uni-assist.de<\/p>\n\n\n\n<p>Die Bewerbungen sind im Allgemeinen bis zum 15. Januar f\u00fcr das Sommersemester und bis zum 15. Juli f\u00fcr das Wintersemester einzusenden.<\/p>\n\n\n\n<h5 class=\"wp-block-heading\"><strong>Numerus Clausus an bestimmten Hochschuleinrichtungen<\/strong><\/h5>\n\n\n\n<p>Einige Universit\u00e4ten begrenzen die Anzahl der Immatrikulationen f\u00fcr stark nachgefragte Studieng\u00e4nge. Sie nehmen eine Auswahl anhand der Noten der Bewerber vor. In diesem Fall empfiehlt es sich, Bewerbungen an mehrere Hochschulen zu senden. Hierbei bearbeitet das <strong><em>Pr\u00fcfungsamt<\/em><\/strong> die Unterlagen.<\/p>\n\n\n\n<p>*Der DAAD, Deutscher Akademischer Austauschdienst, dessen Sitz sich in Bonn befindet, unterh\u00e4lt Niederlassungen auf der ganzen Welt, darunter in Paris und Br\u00fcssel. Der DAAD wird vom deutschen Staat und der Europ\u00e4ischen Kommission finanziert.<\/p>\n","protected":false},"excerpt":{"rendered":"<p>Der DAAD*, der Deutsche Akademische Austauschdienst, ist die Informationsstelle f\u00fcr die Hochschulbildung in Deutschland. Er unterh\u00e4lt ein B\u00fcro in Frankreich und hat die Aufgabe, die Studien- und Forschungsm\u00f6glichkeiten in den Hochschuleinrichtungen zu f\u00f6rdern. Er vergibt ebenso Mobilit\u00e4tsbeihilfen. F\u00fcr jegliche Ausk\u00fcnfte besuchen Sie bitte die Website der Einrichtung paris.daad.de. Die Studieng\u00e4nge der Universit\u00e4ten und Hochschulen einsehen [&hellip;]<\/p>\n","protected":false},"author":7,"featured_media":0,"parent":7508,"menu_order":1,"comment_status":"closed","ping_status":"closed","template":"","meta":{"inline_featured_image":false,"footnotes":""},"tags":[],"frge_profile":[],"class_list":["post-7512","page","type-page","status-publish","hentry"],"yoast_head":"<!-- This site is optimized with the Yoast SEO plugin v27.1.1 - https:\/\/yoast.com\/product\/yoast-seo-wordpress\/ -->\n<title>Die einschreibung - Frontaliers Grand Est<\/title>\n<meta name=\"robots\" content=\"index, follow, max-snippet:-1, max-image-preview:large, max-video-preview:-1\" \/>\n<link rel=\"canonical\" href=\"https:\/\/frontaliers-grandest.eu\/de\/startseite\/jugendliche\/studie-ausbildung\/grenzuberschreitende-erstausbildung\/ein-hochschulstudium-in-deutschland-absolvieren\/die-einschreibung\/\" \/>\n<meta property=\"og:locale\" content=\"de_DE\" \/>\n<meta property=\"og:type\" content=\"article\" \/>\n<meta property=\"og:title\" content=\"Die einschreibung - Frontaliers Grand Est\" \/>\n<meta property=\"og:description\" content=\"Der DAAD*, der Deutsche Akademische Austauschdienst, ist die Informationsstelle f\u00fcr die Hochschulbildung in Deutschland. Er unterh\u00e4lt ein B\u00fcro in Frankreich und hat die Aufgabe, die Studien- und Forschungsm\u00f6glichkeiten in den Hochschuleinrichtungen zu f\u00f6rdern. Er vergibt ebenso Mobilit\u00e4tsbeihilfen. F\u00fcr jegliche Ausk\u00fcnfte besuchen Sie bitte die Website der Einrichtung paris.daad.de. Die Studieng\u00e4nge der Universit\u00e4ten und Hochschulen einsehen [&hellip;]\" \/>\n<meta property=\"og:url\" content=\"https:\/\/frontaliers-grandest.eu\/de\/startseite\/jugendliche\/studie-ausbildung\/grenzuberschreitende-erstausbildung\/ein-hochschulstudium-in-deutschland-absolvieren\/die-einschreibung\/\" \/>\n<meta property=\"og:site_name\" content=\"Frontaliers Grand Est\" \/>\n<meta property=\"article:publisher\" content=\"https:\/\/www.facebook.com\/frontaliers.GR.EST\/?locale=fr_FR\" \/>\n<meta property=\"article:modified_time\" content=\"2021-05-18T12:27:53+00:00\" \/>\n<meta name=\"twitter:card\" content=\"summary_large_image\" \/>\n<meta name=\"twitter:label1\" content=\"Gesch\u00e4tzte Lesezeit\" \/>\n\t<meta name=\"twitter:data1\" content=\"3\u00a0Minuten\" \/>\n<script type=\"application\/ld+json\" class=\"yoast-schema-graph\">{\"@context\":\"https:\/\/schema.org\",\"@graph\":[{\"@type\":\"WebPage\",\"@id\":\"https:\/\/frontaliers-grandest.eu\/de\/startseite\/jugendliche\/studie-ausbildung\/grenzuberschreitende-erstausbildung\/ein-hochschulstudium-in-deutschland-absolvieren\/die-einschreibung\/\",\"url\":\"https:\/\/frontaliers-grandest.eu\/de\/startseite\/jugendliche\/studie-ausbildung\/grenzuberschreitende-erstausbildung\/ein-hochschulstudium-in-deutschland-absolvieren\/die-einschreibung\/\",\"name\":\"Die einschreibung - Frontaliers Grand Est\",\"isPartOf\":{\"@id\":\"https:\/\/frontaliers-grandest.eu\/de\/#website\"},\"datePublished\":\"2021-05-18T12:27:52+00:00\",\"dateModified\":\"2021-05-18T12:27:53+00:00\",\"breadcrumb\":{\"@id\":\"https:\/\/frontaliers-grandest.eu\/de\/startseite\/jugendliche\/studie-ausbildung\/grenzuberschreitende-erstausbildung\/ein-hochschulstudium-in-deutschland-absolvieren\/die-einschreibung\/#breadcrumb\"},\"inLanguage\":\"de\",\"potentialAction\":[{\"@type\":\"ReadAction\",\"target\":[\"https:\/\/frontaliers-grandest.eu\/de\/startseite\/jugendliche\/studie-ausbildung\/grenzuberschreitende-erstausbildung\/ein-hochschulstudium-in-deutschland-absolvieren\/die-einschreibung\/\"]}]},{\"@type\":\"BreadcrumbList\",\"@id\":\"https:\/\/frontaliers-grandest.eu\/de\/startseite\/jugendliche\/studie-ausbildung\/grenzuberschreitende-erstausbildung\/ein-hochschulstudium-in-deutschland-absolvieren\/die-einschreibung\/#breadcrumb\",\"itemListElement\":[{\"@type\":\"ListItem\",\"position\":1,\"name\":\"Startseite\",\"item\":\"https:\/\/frontaliers-grandest.eu\/de\/\"},{\"@type\":\"ListItem\",\"position\":2,\"name\":\"Jugendliche\",\"item\":\"https:\/\/frontaliers-grandest.eu\/de\/startseite\/jugendliche\/\"},{\"@type\":\"ListItem\",\"position\":3,\"name\":\"Studie \/ Ausbildung\",\"item\":\"https:\/\/frontaliers-grandest.eu\/de\/startseite\/jugendliche\/studie-ausbildung\/\"},{\"@type\":\"ListItem\",\"position\":4,\"name\":\"Grenz\u00fcberschreitende Erstausbildung\",\"item\":\"https:\/\/frontaliers-grandest.eu\/de\/startseite\/jugendliche\/studie-ausbildung\/grenzuberschreitende-erstausbildung\/\"},{\"@type\":\"ListItem\",\"position\":5,\"name\":\"Ein hochschulstudium in Deutschland absolvieren\",\"item\":\"https:\/\/frontaliers-grandest.eu\/de\/startseite\/jugendliche\/studie-ausbildung\/grenzuberschreitende-erstausbildung\/ein-hochschulstudium-in-deutschland-absolvieren\/\"},{\"@type\":\"ListItem\",\"position\":6,\"name\":\"Die einschreibung\"}]},{\"@type\":\"WebSite\",\"@id\":\"https:\/\/frontaliers-grandest.eu\/de\/#website\",\"url\":\"https:\/\/frontaliers-grandest.eu\/de\/\",\"name\":\"Frontaliers Grand Est\",\"description\":\"Le site ressource du travail frontalier\",\"publisher\":{\"@id\":\"https:\/\/frontaliers-grandest.eu\/de\/#organization\"},\"alternateName\":\"Frontaliers Grand Est\",\"potentialAction\":[{\"@type\":\"SearchAction\",\"target\":{\"@type\":\"EntryPoint\",\"urlTemplate\":\"https:\/\/frontaliers-grandest.eu\/de\/?s={search_term_string}\"},\"query-input\":{\"@type\":\"PropertyValueSpecification\",\"valueRequired\":true,\"valueName\":\"search_term_string\"}}],\"inLanguage\":\"de\"},{\"@type\":\"Organization\",\"@id\":\"https:\/\/frontaliers-grandest.eu\/de\/#organization\",\"name\":\"Frontaliers Grand Est\",\"alternateName\":\"Frontaliers Grand Est\",\"url\":\"https:\/\/frontaliers-grandest.eu\/de\/\",\"logo\":{\"@type\":\"ImageObject\",\"inLanguage\":\"de\",\"@id\":\"https:\/\/frontaliers-grandest.eu\/de\/#\/schema\/logo\/image\/\",\"url\":\"https:\/\/frontaliers-grandest.eu\/wp-content\/uploads\/2025\/07\/260328234_2966785176920310_3332838526503858160_n.jpg\",\"contentUrl\":\"https:\/\/frontaliers-grandest.eu\/wp-content\/uploads\/2025\/07\/260328234_2966785176920310_3332838526503858160_n.jpg\",\"width\":396,\"height\":396,\"caption\":\"Frontaliers Grand Est\"},\"image\":{\"@id\":\"https:\/\/frontaliers-grandest.eu\/de\/#\/schema\/logo\/image\/\"},\"sameAs\":[\"https:\/\/www.facebook.com\/frontaliers.GR.EST\/?locale=fr_FR\"]}]}<\/script>\n<!-- \/ Yoast SEO plugin. -->","yoast_head_json":{"title":"Die einschreibung - Frontaliers Grand Est","robots":{"index":"index","follow":"follow","max-snippet":"max-snippet:-1","max-image-preview":"max-image-preview:large","max-video-preview":"max-video-preview:-1"},"canonical":"https:\/\/frontaliers-grandest.eu\/de\/startseite\/jugendliche\/studie-ausbildung\/grenzuberschreitende-erstausbildung\/ein-hochschulstudium-in-deutschland-absolvieren\/die-einschreibung\/","og_locale":"de_DE","og_type":"article","og_title":"Die einschreibung - Frontaliers Grand Est","og_description":"Der DAAD*, der Deutsche Akademische Austauschdienst, ist die Informationsstelle f\u00fcr die Hochschulbildung in Deutschland. Er unterh\u00e4lt ein B\u00fcro in Frankreich und hat die Aufgabe, die Studien- und Forschungsm\u00f6glichkeiten in den Hochschuleinrichtungen zu f\u00f6rdern. Er vergibt ebenso Mobilit\u00e4tsbeihilfen. F\u00fcr jegliche Ausk\u00fcnfte besuchen Sie bitte die Website der Einrichtung paris.daad.de. Die Studieng\u00e4nge der Universit\u00e4ten und Hochschulen einsehen [&hellip;]","og_url":"https:\/\/frontaliers-grandest.eu\/de\/startseite\/jugendliche\/studie-ausbildung\/grenzuberschreitende-erstausbildung\/ein-hochschulstudium-in-deutschland-absolvieren\/die-einschreibung\/","og_site_name":"Frontaliers Grand Est","article_publisher":"https:\/\/www.facebook.com\/frontaliers.GR.EST\/?locale=fr_FR","article_modified_time":"2021-05-18T12:27:53+00:00","twitter_card":"summary_large_image","twitter_misc":{"Gesch\u00e4tzte Lesezeit":"3\u00a0Minuten"},"schema":{"@context":"https:\/\/schema.org","@graph":[{"@type":"WebPage","@id":"https:\/\/frontaliers-grandest.eu\/de\/startseite\/jugendliche\/studie-ausbildung\/grenzuberschreitende-erstausbildung\/ein-hochschulstudium-in-deutschland-absolvieren\/die-einschreibung\/","url":"https:\/\/frontaliers-grandest.eu\/de\/startseite\/jugendliche\/studie-ausbildung\/grenzuberschreitende-erstausbildung\/ein-hochschulstudium-in-deutschland-absolvieren\/die-einschreibung\/","name":"Die einschreibung - Frontaliers Grand Est","isPartOf":{"@id":"https:\/\/frontaliers-grandest.eu\/de\/#website"},"datePublished":"2021-05-18T12:27:52+00:00","dateModified":"2021-05-18T12:27:53+00:00","breadcrumb":{"@id":"https:\/\/frontaliers-grandest.eu\/de\/startseite\/jugendliche\/studie-ausbildung\/grenzuberschreitende-erstausbildung\/ein-hochschulstudium-in-deutschland-absolvieren\/die-einschreibung\/#breadcrumb"},"inLanguage":"de","potentialAction":[{"@type":"ReadAction","target":["https:\/\/frontaliers-grandest.eu\/de\/startseite\/jugendliche\/studie-ausbildung\/grenzuberschreitende-erstausbildung\/ein-hochschulstudium-in-deutschland-absolvieren\/die-einschreibung\/"]}]},{"@type":"BreadcrumbList","@id":"https:\/\/frontaliers-grandest.eu\/de\/startseite\/jugendliche\/studie-ausbildung\/grenzuberschreitende-erstausbildung\/ein-hochschulstudium-in-deutschland-absolvieren\/die-einschreibung\/#breadcrumb","itemListElement":[{"@type":"ListItem","position":1,"name":"Startseite","item":"https:\/\/frontaliers-grandest.eu\/de\/"},{"@type":"ListItem","position":2,"name":"Jugendliche","item":"https:\/\/frontaliers-grandest.eu\/de\/startseite\/jugendliche\/"},{"@type":"ListItem","position":3,"name":"Studie \/ Ausbildung","item":"https:\/\/frontaliers-grandest.eu\/de\/startseite\/jugendliche\/studie-ausbildung\/"},{"@type":"ListItem","position":4,"name":"Grenz\u00fcberschreitende Erstausbildung","item":"https:\/\/frontaliers-grandest.eu\/de\/startseite\/jugendliche\/studie-ausbildung\/grenzuberschreitende-erstausbildung\/"},{"@type":"ListItem","position":5,"name":"Ein hochschulstudium in Deutschland absolvieren","item":"https:\/\/frontaliers-grandest.eu\/de\/startseite\/jugendliche\/studie-ausbildung\/grenzuberschreitende-erstausbildung\/ein-hochschulstudium-in-deutschland-absolvieren\/"},{"@type":"ListItem","position":6,"name":"Die einschreibung"}]},{"@type":"WebSite","@id":"https:\/\/frontaliers-grandest.eu\/de\/#website","url":"https:\/\/frontaliers-grandest.eu\/de\/","name":"Frontaliers Grand Est","description":"Le site ressource du travail frontalier","publisher":{"@id":"https:\/\/frontaliers-grandest.eu\/de\/#organization"},"alternateName":"Frontaliers Grand Est","potentialAction":[{"@type":"SearchAction","target":{"@type":"EntryPoint","urlTemplate":"https:\/\/frontaliers-grandest.eu\/de\/?s={search_term_string}"},"query-input":{"@type":"PropertyValueSpecification","valueRequired":true,"valueName":"search_term_string"}}],"inLanguage":"de"},{"@type":"Organization","@id":"https:\/\/frontaliers-grandest.eu\/de\/#organization","name":"Frontaliers Grand Est","alternateName":"Frontaliers Grand Est","url":"https:\/\/frontaliers-grandest.eu\/de\/","logo":{"@type":"ImageObject","inLanguage":"de","@id":"https:\/\/frontaliers-grandest.eu\/de\/#\/schema\/logo\/image\/","url":"https:\/\/frontaliers-grandest.eu\/wp-content\/uploads\/2025\/07\/260328234_2966785176920310_3332838526503858160_n.jpg","contentUrl":"https:\/\/frontaliers-grandest.eu\/wp-content\/uploads\/2025\/07\/260328234_2966785176920310_3332838526503858160_n.jpg","width":396,"height":396,"caption":"Frontaliers Grand Est"},"image":{"@id":"https:\/\/frontaliers-grandest.eu\/de\/#\/schema\/logo\/image\/"},"sameAs":["https:\/\/www.facebook.com\/frontaliers.GR.EST\/?locale=fr_FR"]}]}},"frge_page_order":0,"_links":{"self":[{"href":"https:\/\/frontaliers-grandest.eu\/de\/wp-json\/wp\/v2\/pages\/7512","targetHints":{"allow":["GET"]}}],"collection":[{"href":"https:\/\/frontaliers-grandest.eu\/de\/wp-json\/wp\/v2\/pages"}],"about":[{"href":"https:\/\/frontaliers-grandest.eu\/de\/wp-json\/wp\/v2\/types\/page"}],"author":[{"embeddable":true,"href":"https:\/\/frontaliers-grandest.eu\/de\/wp-json\/wp\/v2\/users\/7"}],"replies":[{"embeddable":true,"href":"https:\/\/frontaliers-grandest.eu\/de\/wp-json\/wp\/v2\/comments?post=7512"}],"version-history":[{"count":1,"href":"https:\/\/frontaliers-grandest.eu\/de\/wp-json\/wp\/v2\/pages\/7512\/revisions"}],"predecessor-version":[{"id":7513,"href":"https:\/\/frontaliers-grandest.eu\/de\/wp-json\/wp\/v2\/pages\/7512\/revisions\/7513"}],"up":[{"embeddable":true,"href":"https:\/\/frontaliers-grandest.eu\/de\/wp-json\/wp\/v2\/pages\/7508"}],"wp:attachment":[{"href":"https:\/\/frontaliers-grandest.eu\/de\/wp-json\/wp\/v2\/media?parent=7512"}],"wp:term":[{"taxonomy":"post_tag","embeddable":true,"href":"https:\/\/frontaliers-grandest.eu\/de\/wp-json\/wp\/v2\/tags?post=7512"},{"taxonomy":"frge_profile","embeddable":true,"href":"https:\/\/frontaliers-grandest.eu\/de\/wp-json\/wp\/v2\/frge_profile?post=7512"}],"curies":[{"name":"wp","href":"https:\/\/api.w.org\/{rel}","templated":true}]}}