{"id":7510,"date":"2021-05-18T14:22:07","date_gmt":"2021-05-18T12:22:07","guid":{"rendered":"https:\/\/frontaliers-grandest.eu\/?page_id=7510"},"modified":"2021-05-18T14:22:08","modified_gmt":"2021-05-18T12:22:08","slug":"die-hochschulen-in-deutschland","status":"publish","type":"page","link":"https:\/\/frontaliers-grandest.eu\/de\/startseite\/jugendliche\/studie-ausbildung\/grenzuberschreitende-erstausbildung\/ein-hochschulstudium-in-deutschland-absolvieren\/die-hochschulen-in-deutschland\/","title":{"rendered":"Die hochschulen in Deutschland"},"content":{"rendered":"\n<p>In Deutschland gibt es verschiedene Hochschulschularten: Universit\u00e4ten, Technische Universit\u00e4ten und Hochschulen.<\/p>\n\n\n\n<p>Die <strong>Universit\u00e4ten<\/strong> vergeben Bachelor-, Master-, Staatsexamen*- und Promotionsabschl\u00fcsse. Es werden alle Fachrichtungen angeboten: Medizin, Naturwissenschaften, Ingenieurwissenschaften, Literatur- und Geisteswissenschaften, Recht, Theologie, Wirtschafts- und Sozialwissenschaften, Agrarwissenschaften und Agraringenieurwesen.<\/p>\n\n\n\n<p>Die <strong>Technischen Universit\u00e4ten<\/strong> sind auf Ingenieurwissenschaften und Naturwissenschaften spezialisiert. Aber auch andere Fachrichtungen wie Geisteswissenschaften sind dort angesiedelt.<\/p>\n\n\n\n<p>Bei den <strong><em>Fachhochschulen<\/em><\/strong> oder <strong><em>Hochschulen<\/em><\/strong> handelt es sich um eine deutsche Besonderheit. Sie bieten eine praktische Ausbildung in Form eines Bachelors oder Masters. Diese haben das gleiche Niveau wie Universit\u00e4ten, er\u00f6ffnen jedoch keinen Weg zur Promotion. Es gibt <em>Hochschulen<\/em> der Bundesl\u00e4nder und solche, die dem Staat unterstehen, sowie private<em> Hochschulen<\/em>. Viele davon bieten international ausgerichtete Studieng\u00e4nge an, die zu einem deutsch-franz\u00f6sischen Doppelabschluss f\u00fchren. Das Angebot an Fachrichtungen ist breit gef\u00e4chert.<\/p>\n\n\n\n<p>Die <strong>Einschreibegeb\u00fchren<\/strong> sind an \u00f6ffentlichen Hochschuleinrichtungen sehr niedrig \u2013 im Gegensatz zu privaten Hochschulen, wo sie sehr hoch ausfallen. Abschl\u00fcsse privater Hochschulen werden nur dann international anerkannt, wenn es sich um eine staatlich anerkannte <em>Hochschule<\/em> handelt.<\/p>\n\n\n\n<p>* Das Staatsexamen ist ein staatlicher Abschluss, der den Zugang zu reglementierten Berufen (Arzt, Apotheker, Rechtsanwalt) oder staatlichen Einrichtungen (Lehrer, Richter) er\u00f6ffnet. Er wird in der Regel nach vier Studienjahren (8 Semestern), denen sich ein praktisches Jahr anschlie\u00dft.<\/p>\n","protected":false},"excerpt":{"rendered":"<p>In Deutschland gibt es verschiedene Hochschulschularten: Universit\u00e4ten, Technische Universit\u00e4ten und Hochschulen. Die Universit\u00e4ten vergeben Bachelor-, Master-, Staatsexamen*- und Promotionsabschl\u00fcsse. Es werden alle Fachrichtungen angeboten: Medizin, Naturwissenschaften, Ingenieurwissenschaften, Literatur- und Geisteswissenschaften, Recht, Theologie, Wirtschafts- und Sozialwissenschaften, Agrarwissenschaften und Agraringenieurwesen. Die Technischen Universit\u00e4ten sind auf Ingenieurwissenschaften und Naturwissenschaften spezialisiert. Aber auch andere Fachrichtungen wie Geisteswissenschaften sind dort [&hellip;]<\/p>\n","protected":false},"author":7,"featured_media":0,"parent":7508,"menu_order":0,"comment_status":"closed","ping_status":"closed","template":"","meta":{"inline_featured_image":false,"footnotes":""},"tags":[],"frge_profile":[],"class_list":["post-7510","page","type-page","status-publish","hentry"],"yoast_head":"<!-- This site is optimized with the Yoast SEO plugin v27.1.1 - https:\/\/yoast.com\/product\/yoast-seo-wordpress\/ -->\n<title>Die hochschulen in Deutschland - Frontaliers Grand Est<\/title>\n<meta name=\"robots\" content=\"index, follow, max-snippet:-1, max-image-preview:large, max-video-preview:-1\" \/>\n<link rel=\"canonical\" href=\"https:\/\/frontaliers-grandest.eu\/de\/startseite\/jugendliche\/studie-ausbildung\/grenzuberschreitende-erstausbildung\/ein-hochschulstudium-in-deutschland-absolvieren\/die-hochschulen-in-deutschland\/\" \/>\n<meta property=\"og:locale\" content=\"de_DE\" \/>\n<meta property=\"og:type\" content=\"article\" \/>\n<meta property=\"og:title\" content=\"Die hochschulen in Deutschland - Frontaliers Grand Est\" \/>\n<meta property=\"og:description\" content=\"In Deutschland gibt es verschiedene Hochschulschularten: Universit\u00e4ten, Technische Universit\u00e4ten und Hochschulen. Die Universit\u00e4ten vergeben Bachelor-, Master-, Staatsexamen*- und Promotionsabschl\u00fcsse. Es werden alle Fachrichtungen angeboten: Medizin, Naturwissenschaften, Ingenieurwissenschaften, Literatur- und Geisteswissenschaften, Recht, Theologie, Wirtschafts- und Sozialwissenschaften, Agrarwissenschaften und Agraringenieurwesen. Die Technischen Universit\u00e4ten sind auf Ingenieurwissenschaften und Naturwissenschaften spezialisiert. Aber auch andere Fachrichtungen wie Geisteswissenschaften sind dort [&hellip;]\" \/>\n<meta property=\"og:url\" content=\"https:\/\/frontaliers-grandest.eu\/de\/startseite\/jugendliche\/studie-ausbildung\/grenzuberschreitende-erstausbildung\/ein-hochschulstudium-in-deutschland-absolvieren\/die-hochschulen-in-deutschland\/\" \/>\n<meta property=\"og:site_name\" content=\"Frontaliers Grand Est\" \/>\n<meta property=\"article:publisher\" content=\"https:\/\/www.facebook.com\/frontaliers.GR.EST\/?locale=fr_FR\" \/>\n<meta property=\"article:modified_time\" content=\"2021-05-18T12:22:08+00:00\" \/>\n<meta name=\"twitter:card\" content=\"summary_large_image\" \/>\n<meta name=\"twitter:label1\" content=\"Gesch\u00e4tzte Lesezeit\" \/>\n\t<meta name=\"twitter:data1\" content=\"1\u00a0Minute\" \/>\n<script type=\"application\/ld+json\" class=\"yoast-schema-graph\">{\"@context\":\"https:\/\/schema.org\",\"@graph\":[{\"@type\":\"WebPage\",\"@id\":\"https:\/\/frontaliers-grandest.eu\/de\/startseite\/jugendliche\/studie-ausbildung\/grenzuberschreitende-erstausbildung\/ein-hochschulstudium-in-deutschland-absolvieren\/die-hochschulen-in-deutschland\/\",\"url\":\"https:\/\/frontaliers-grandest.eu\/de\/startseite\/jugendliche\/studie-ausbildung\/grenzuberschreitende-erstausbildung\/ein-hochschulstudium-in-deutschland-absolvieren\/die-hochschulen-in-deutschland\/\",\"name\":\"Die hochschulen in Deutschland - Frontaliers Grand Est\",\"isPartOf\":{\"@id\":\"https:\/\/frontaliers-grandest.eu\/de\/#website\"},\"datePublished\":\"2021-05-18T12:22:07+00:00\",\"dateModified\":\"2021-05-18T12:22:08+00:00\",\"breadcrumb\":{\"@id\":\"https:\/\/frontaliers-grandest.eu\/de\/startseite\/jugendliche\/studie-ausbildung\/grenzuberschreitende-erstausbildung\/ein-hochschulstudium-in-deutschland-absolvieren\/die-hochschulen-in-deutschland\/#breadcrumb\"},\"inLanguage\":\"de\",\"potentialAction\":[{\"@type\":\"ReadAction\",\"target\":[\"https:\/\/frontaliers-grandest.eu\/de\/startseite\/jugendliche\/studie-ausbildung\/grenzuberschreitende-erstausbildung\/ein-hochschulstudium-in-deutschland-absolvieren\/die-hochschulen-in-deutschland\/\"]}]},{\"@type\":\"BreadcrumbList\",\"@id\":\"https:\/\/frontaliers-grandest.eu\/de\/startseite\/jugendliche\/studie-ausbildung\/grenzuberschreitende-erstausbildung\/ein-hochschulstudium-in-deutschland-absolvieren\/die-hochschulen-in-deutschland\/#breadcrumb\",\"itemListElement\":[{\"@type\":\"ListItem\",\"position\":1,\"name\":\"Startseite\",\"item\":\"https:\/\/frontaliers-grandest.eu\/de\/\"},{\"@type\":\"ListItem\",\"position\":2,\"name\":\"Jugendliche\",\"item\":\"https:\/\/frontaliers-grandest.eu\/de\/startseite\/jugendliche\/\"},{\"@type\":\"ListItem\",\"position\":3,\"name\":\"Studie \/ Ausbildung\",\"item\":\"https:\/\/frontaliers-grandest.eu\/de\/startseite\/jugendliche\/studie-ausbildung\/\"},{\"@type\":\"ListItem\",\"position\":4,\"name\":\"Grenz\u00fcberschreitende Erstausbildung\",\"item\":\"https:\/\/frontaliers-grandest.eu\/de\/startseite\/jugendliche\/studie-ausbildung\/grenzuberschreitende-erstausbildung\/\"},{\"@type\":\"ListItem\",\"position\":5,\"name\":\"Ein hochschulstudium in Deutschland absolvieren\",\"item\":\"https:\/\/frontaliers-grandest.eu\/de\/startseite\/jugendliche\/studie-ausbildung\/grenzuberschreitende-erstausbildung\/ein-hochschulstudium-in-deutschland-absolvieren\/\"},{\"@type\":\"ListItem\",\"position\":6,\"name\":\"Die hochschulen in Deutschland\"}]},{\"@type\":\"WebSite\",\"@id\":\"https:\/\/frontaliers-grandest.eu\/de\/#website\",\"url\":\"https:\/\/frontaliers-grandest.eu\/de\/\",\"name\":\"Frontaliers Grand Est\",\"description\":\"Le site ressource du travail frontalier\",\"publisher\":{\"@id\":\"https:\/\/frontaliers-grandest.eu\/de\/#organization\"},\"alternateName\":\"Frontaliers Grand Est\",\"potentialAction\":[{\"@type\":\"SearchAction\",\"target\":{\"@type\":\"EntryPoint\",\"urlTemplate\":\"https:\/\/frontaliers-grandest.eu\/de\/?s={search_term_string}\"},\"query-input\":{\"@type\":\"PropertyValueSpecification\",\"valueRequired\":true,\"valueName\":\"search_term_string\"}}],\"inLanguage\":\"de\"},{\"@type\":\"Organization\",\"@id\":\"https:\/\/frontaliers-grandest.eu\/de\/#organization\",\"name\":\"Frontaliers Grand Est\",\"alternateName\":\"Frontaliers Grand Est\",\"url\":\"https:\/\/frontaliers-grandest.eu\/de\/\",\"logo\":{\"@type\":\"ImageObject\",\"inLanguage\":\"de\",\"@id\":\"https:\/\/frontaliers-grandest.eu\/de\/#\/schema\/logo\/image\/\",\"url\":\"https:\/\/frontaliers-grandest.eu\/wp-content\/uploads\/2025\/07\/260328234_2966785176920310_3332838526503858160_n.jpg\",\"contentUrl\":\"https:\/\/frontaliers-grandest.eu\/wp-content\/uploads\/2025\/07\/260328234_2966785176920310_3332838526503858160_n.jpg\",\"width\":396,\"height\":396,\"caption\":\"Frontaliers Grand Est\"},\"image\":{\"@id\":\"https:\/\/frontaliers-grandest.eu\/de\/#\/schema\/logo\/image\/\"},\"sameAs\":[\"https:\/\/www.facebook.com\/frontaliers.GR.EST\/?locale=fr_FR\"]}]}<\/script>\n<!-- \/ Yoast SEO plugin. -->","yoast_head_json":{"title":"Die hochschulen in Deutschland - Frontaliers Grand Est","robots":{"index":"index","follow":"follow","max-snippet":"max-snippet:-1","max-image-preview":"max-image-preview:large","max-video-preview":"max-video-preview:-1"},"canonical":"https:\/\/frontaliers-grandest.eu\/de\/startseite\/jugendliche\/studie-ausbildung\/grenzuberschreitende-erstausbildung\/ein-hochschulstudium-in-deutschland-absolvieren\/die-hochschulen-in-deutschland\/","og_locale":"de_DE","og_type":"article","og_title":"Die hochschulen in Deutschland - Frontaliers Grand Est","og_description":"In Deutschland gibt es verschiedene Hochschulschularten: Universit\u00e4ten, Technische Universit\u00e4ten und Hochschulen. Die Universit\u00e4ten vergeben Bachelor-, Master-, Staatsexamen*- und Promotionsabschl\u00fcsse. Es werden alle Fachrichtungen angeboten: Medizin, Naturwissenschaften, Ingenieurwissenschaften, Literatur- und Geisteswissenschaften, Recht, Theologie, Wirtschafts- und Sozialwissenschaften, Agrarwissenschaften und Agraringenieurwesen. Die Technischen Universit\u00e4ten sind auf Ingenieurwissenschaften und Naturwissenschaften spezialisiert. Aber auch andere Fachrichtungen wie Geisteswissenschaften sind dort [&hellip;]","og_url":"https:\/\/frontaliers-grandest.eu\/de\/startseite\/jugendliche\/studie-ausbildung\/grenzuberschreitende-erstausbildung\/ein-hochschulstudium-in-deutschland-absolvieren\/die-hochschulen-in-deutschland\/","og_site_name":"Frontaliers Grand Est","article_publisher":"https:\/\/www.facebook.com\/frontaliers.GR.EST\/?locale=fr_FR","article_modified_time":"2021-05-18T12:22:08+00:00","twitter_card":"summary_large_image","twitter_misc":{"Gesch\u00e4tzte Lesezeit":"1\u00a0Minute"},"schema":{"@context":"https:\/\/schema.org","@graph":[{"@type":"WebPage","@id":"https:\/\/frontaliers-grandest.eu\/de\/startseite\/jugendliche\/studie-ausbildung\/grenzuberschreitende-erstausbildung\/ein-hochschulstudium-in-deutschland-absolvieren\/die-hochschulen-in-deutschland\/","url":"https:\/\/frontaliers-grandest.eu\/de\/startseite\/jugendliche\/studie-ausbildung\/grenzuberschreitende-erstausbildung\/ein-hochschulstudium-in-deutschland-absolvieren\/die-hochschulen-in-deutschland\/","name":"Die hochschulen in Deutschland - Frontaliers Grand Est","isPartOf":{"@id":"https:\/\/frontaliers-grandest.eu\/de\/#website"},"datePublished":"2021-05-18T12:22:07+00:00","dateModified":"2021-05-18T12:22:08+00:00","breadcrumb":{"@id":"https:\/\/frontaliers-grandest.eu\/de\/startseite\/jugendliche\/studie-ausbildung\/grenzuberschreitende-erstausbildung\/ein-hochschulstudium-in-deutschland-absolvieren\/die-hochschulen-in-deutschland\/#breadcrumb"},"inLanguage":"de","potentialAction":[{"@type":"ReadAction","target":["https:\/\/frontaliers-grandest.eu\/de\/startseite\/jugendliche\/studie-ausbildung\/grenzuberschreitende-erstausbildung\/ein-hochschulstudium-in-deutschland-absolvieren\/die-hochschulen-in-deutschland\/"]}]},{"@type":"BreadcrumbList","@id":"https:\/\/frontaliers-grandest.eu\/de\/startseite\/jugendliche\/studie-ausbildung\/grenzuberschreitende-erstausbildung\/ein-hochschulstudium-in-deutschland-absolvieren\/die-hochschulen-in-deutschland\/#breadcrumb","itemListElement":[{"@type":"ListItem","position":1,"name":"Startseite","item":"https:\/\/frontaliers-grandest.eu\/de\/"},{"@type":"ListItem","position":2,"name":"Jugendliche","item":"https:\/\/frontaliers-grandest.eu\/de\/startseite\/jugendliche\/"},{"@type":"ListItem","position":3,"name":"Studie \/ Ausbildung","item":"https:\/\/frontaliers-grandest.eu\/de\/startseite\/jugendliche\/studie-ausbildung\/"},{"@type":"ListItem","position":4,"name":"Grenz\u00fcberschreitende Erstausbildung","item":"https:\/\/frontaliers-grandest.eu\/de\/startseite\/jugendliche\/studie-ausbildung\/grenzuberschreitende-erstausbildung\/"},{"@type":"ListItem","position":5,"name":"Ein hochschulstudium in Deutschland absolvieren","item":"https:\/\/frontaliers-grandest.eu\/de\/startseite\/jugendliche\/studie-ausbildung\/grenzuberschreitende-erstausbildung\/ein-hochschulstudium-in-deutschland-absolvieren\/"},{"@type":"ListItem","position":6,"name":"Die hochschulen in Deutschland"}]},{"@type":"WebSite","@id":"https:\/\/frontaliers-grandest.eu\/de\/#website","url":"https:\/\/frontaliers-grandest.eu\/de\/","name":"Frontaliers Grand Est","description":"Le site ressource du travail frontalier","publisher":{"@id":"https:\/\/frontaliers-grandest.eu\/de\/#organization"},"alternateName":"Frontaliers Grand Est","potentialAction":[{"@type":"SearchAction","target":{"@type":"EntryPoint","urlTemplate":"https:\/\/frontaliers-grandest.eu\/de\/?s={search_term_string}"},"query-input":{"@type":"PropertyValueSpecification","valueRequired":true,"valueName":"search_term_string"}}],"inLanguage":"de"},{"@type":"Organization","@id":"https:\/\/frontaliers-grandest.eu\/de\/#organization","name":"Frontaliers Grand Est","alternateName":"Frontaliers Grand Est","url":"https:\/\/frontaliers-grandest.eu\/de\/","logo":{"@type":"ImageObject","inLanguage":"de","@id":"https:\/\/frontaliers-grandest.eu\/de\/#\/schema\/logo\/image\/","url":"https:\/\/frontaliers-grandest.eu\/wp-content\/uploads\/2025\/07\/260328234_2966785176920310_3332838526503858160_n.jpg","contentUrl":"https:\/\/frontaliers-grandest.eu\/wp-content\/uploads\/2025\/07\/260328234_2966785176920310_3332838526503858160_n.jpg","width":396,"height":396,"caption":"Frontaliers Grand Est"},"image":{"@id":"https:\/\/frontaliers-grandest.eu\/de\/#\/schema\/logo\/image\/"},"sameAs":["https:\/\/www.facebook.com\/frontaliers.GR.EST\/?locale=fr_FR"]}]}},"frge_page_order":0,"_links":{"self":[{"href":"https:\/\/frontaliers-grandest.eu\/de\/wp-json\/wp\/v2\/pages\/7510","targetHints":{"allow":["GET"]}}],"collection":[{"href":"https:\/\/frontaliers-grandest.eu\/de\/wp-json\/wp\/v2\/pages"}],"about":[{"href":"https:\/\/frontaliers-grandest.eu\/de\/wp-json\/wp\/v2\/types\/page"}],"author":[{"embeddable":true,"href":"https:\/\/frontaliers-grandest.eu\/de\/wp-json\/wp\/v2\/users\/7"}],"replies":[{"embeddable":true,"href":"https:\/\/frontaliers-grandest.eu\/de\/wp-json\/wp\/v2\/comments?post=7510"}],"version-history":[{"count":1,"href":"https:\/\/frontaliers-grandest.eu\/de\/wp-json\/wp\/v2\/pages\/7510\/revisions"}],"predecessor-version":[{"id":7511,"href":"https:\/\/frontaliers-grandest.eu\/de\/wp-json\/wp\/v2\/pages\/7510\/revisions\/7511"}],"up":[{"embeddable":true,"href":"https:\/\/frontaliers-grandest.eu\/de\/wp-json\/wp\/v2\/pages\/7508"}],"wp:attachment":[{"href":"https:\/\/frontaliers-grandest.eu\/de\/wp-json\/wp\/v2\/media?parent=7510"}],"wp:term":[{"taxonomy":"post_tag","embeddable":true,"href":"https:\/\/frontaliers-grandest.eu\/de\/wp-json\/wp\/v2\/tags?post=7510"},{"taxonomy":"frge_profile","embeddable":true,"href":"https:\/\/frontaliers-grandest.eu\/de\/wp-json\/wp\/v2\/frge_profile?post=7510"}],"curies":[{"name":"wp","href":"https:\/\/api.w.org\/{rel}","templated":true}]}}