{"id":7502,"date":"2021-05-18T14:02:52","date_gmt":"2021-05-18T12:02:52","guid":{"rendered":"https:\/\/frontaliers-grandest.eu\/?page_id=7502"},"modified":"2021-05-18T14:05:57","modified_gmt":"2021-05-18T12:05:57","slug":"sich-bei-einer-auslandischen-universitat-bewerben-allgemeine-grundsatze","status":"publish","type":"page","link":"https:\/\/frontaliers-grandest.eu\/de\/startseite\/jugendliche\/studie-ausbildung\/grenzuberschreitende-erstausbildung\/studierende-das-mobilitatsprinzip-in-europa\/sich-bei-einer-auslandischen-universitat-bewerben-allgemeine-grundsatze\/","title":{"rendered":"Sich bei einer Ausl\u00e4ndischen universit\u00e4t bewerben &#8211; allgemeine grunds\u00e4tze"},"content":{"rendered":"\n<p>Sie m\u00f6chten einen Teil oder Ihr gesamtes Hochschulstudium in einem europ\u00e4ischen Land absolvieren. Sie nehmen an keinem europ\u00e4ischen Programm teil, sondern schreiben sich selbst ein.<\/p>\n\n\n\n<h4 class=\"wp-block-heading\">Vorgehensweise<\/h4>\n\n\n\n<p>In der Regel m\u00fcssen Sie eine Bewerbungsmappe per Post oder \u00fcber die Website der Hochschuleinrichtung unter Beachtung der Anmeldefristen einreichen, die je nach Land und Universit\u00e4t unterschiedlich sind (h\u00e4ufig im Januar oder Februar).<\/p>\n\n\n\n<p>Je nach Verwaltungssystem m\u00fcssen Sie entweder die Bewerbungsunterlagen mit den Kopien s\u00e4mtlicher offizieller Dokumente (wie Zeugnisse, Notenaufstellungen, usw.) direkt an die Universit\u00e4t senden oder sich via Internet einschreiben und die offiziellen Dokumente erst beibringen, nachdem Sie an der Universit\u00e4t angenommen wurden (England, Schottland).<\/p>\n\n\n\n<p><strong>Sie m\u00fcssen Ihre Abiturnoten sowie die Ergebnisse der Abiturpr\u00fcfung angeben.<\/strong><\/p>\n\n\n\n<h5 class=\"wp-block-heading\"><strong>Ebenso k\u00f6nnen angefordert werden: <\/strong><\/h5>\n\n\n\n<ul class=\"wp-block-list\"><li>eine Liste Ihrer vorherigen Ausbildungen, <\/li><li>eine Liste Ihrer beruflichen T\u00e4tigkeiten bis zum gegenw\u00e4rtigen Zeitpunkt, <\/li><li>eine Liste Ihrer au\u00dferschulischen Aktivit\u00e4ten, <\/li><li>ein Motivationsschreiben, <\/li><li>ggf. eine Information \u00fcber den Bedarf an finanzieller Unterst\u00fctzung (angels\u00e4chsisches System).<\/li><\/ul>\n\n\n\n<p>Falls es sich bei der Ausbildung, f\u00fcr die Sie sich bewerben, um eine Fortsetzung Ihres Studiums handelt, so werden von Ihnen nur die Noten des\/der Abschl\u00fcsse nach dem Abitur sowie Ihre Abiturergebnisse verlangt. Achtung: Einige Universit\u00e4ten z\u00f6gern dennoch nicht, auf die Gymnasialnoten zur\u00fcckzukommen\u2026<\/p>\n\n\n\n<h4 class=\"wp-block-heading\">Die Zulassungstests f\u00fcr die Universit\u00e4t<\/h4>\n\n\n\n<p>Bei den meisten Universit\u00e4ten brauchen Bewerber aus der Europ\u00e4ischen Union keine Zulassungstests ablegen \u2013 ausgenommen Sprachtests und bestimmte Studieng\u00e4nge. Bei ausl\u00e4ndischen Studierenden erfolgen die Immatrikulationen <strong>jedoch oftmals nach Aktenlage<\/strong>. Es findet eine mehr oder weniger strenge Auswahl statt. Insbesondere bei den gro\u00dfen englischen Universit\u00e4ten ist der Zugang schwierig.<\/p>\n\n\n\n<p>Es empfiehlt sich, Empfehlungsschreiben von den Lehrkr\u00e4ften in englischer \u00dcbersetzung einzuholen.<\/p>\n","protected":false},"excerpt":{"rendered":"<p>Sie m\u00f6chten einen Teil oder Ihr gesamtes Hochschulstudium in einem europ\u00e4ischen Land absolvieren. Sie nehmen an keinem europ\u00e4ischen Programm teil, sondern schreiben sich selbst ein. Vorgehensweise In der Regel m\u00fcssen Sie eine Bewerbungsmappe per Post oder \u00fcber die Website der Hochschuleinrichtung unter Beachtung der Anmeldefristen einreichen, die je nach Land und Universit\u00e4t unterschiedlich sind (h\u00e4ufig [&hellip;]<\/p>\n","protected":false},"author":7,"featured_media":0,"parent":7497,"menu_order":1,"comment_status":"closed","ping_status":"closed","template":"","meta":{"inline_featured_image":false,"footnotes":""},"tags":[],"frge_profile":[],"class_list":["post-7502","page","type-page","status-publish","hentry"],"yoast_head":"<!-- This site is optimized with the Yoast SEO plugin v27.1.1 - https:\/\/yoast.com\/product\/yoast-seo-wordpress\/ -->\n<title>Sich bei einer Ausl\u00e4ndischen universit\u00e4t bewerben - allgemeine grunds\u00e4tze - Frontaliers Grand Est<\/title>\n<meta name=\"robots\" content=\"index, follow, max-snippet:-1, max-image-preview:large, max-video-preview:-1\" \/>\n<link rel=\"canonical\" href=\"https:\/\/frontaliers-grandest.eu\/de\/startseite\/jugendliche\/studie-ausbildung\/grenzuberschreitende-erstausbildung\/studierende-das-mobilitatsprinzip-in-europa\/sich-bei-einer-auslandischen-universitat-bewerben-allgemeine-grundsatze\/\" \/>\n<meta property=\"og:locale\" content=\"de_DE\" \/>\n<meta property=\"og:type\" content=\"article\" \/>\n<meta property=\"og:title\" content=\"Sich bei einer Ausl\u00e4ndischen universit\u00e4t bewerben - allgemeine grunds\u00e4tze - Frontaliers Grand Est\" \/>\n<meta property=\"og:description\" content=\"Sie m\u00f6chten einen Teil oder Ihr gesamtes Hochschulstudium in einem europ\u00e4ischen Land absolvieren. Sie nehmen an keinem europ\u00e4ischen Programm teil, sondern schreiben sich selbst ein. Vorgehensweise In der Regel m\u00fcssen Sie eine Bewerbungsmappe per Post oder \u00fcber die Website der Hochschuleinrichtung unter Beachtung der Anmeldefristen einreichen, die je nach Land und Universit\u00e4t unterschiedlich sind (h\u00e4ufig [&hellip;]\" \/>\n<meta property=\"og:url\" content=\"https:\/\/frontaliers-grandest.eu\/de\/startseite\/jugendliche\/studie-ausbildung\/grenzuberschreitende-erstausbildung\/studierende-das-mobilitatsprinzip-in-europa\/sich-bei-einer-auslandischen-universitat-bewerben-allgemeine-grundsatze\/\" \/>\n<meta property=\"og:site_name\" content=\"Frontaliers Grand Est\" \/>\n<meta property=\"article:publisher\" content=\"https:\/\/www.facebook.com\/frontaliers.GR.EST\/?locale=fr_FR\" \/>\n<meta property=\"article:modified_time\" content=\"2021-05-18T12:05:57+00:00\" \/>\n<meta name=\"twitter:card\" content=\"summary_large_image\" \/>\n<meta name=\"twitter:label1\" content=\"Gesch\u00e4tzte Lesezeit\" \/>\n\t<meta name=\"twitter:data1\" content=\"2\u00a0Minuten\" \/>\n<script type=\"application\/ld+json\" class=\"yoast-schema-graph\">{\"@context\":\"https:\/\/schema.org\",\"@graph\":[{\"@type\":\"WebPage\",\"@id\":\"https:\/\/frontaliers-grandest.eu\/de\/startseite\/jugendliche\/studie-ausbildung\/grenzuberschreitende-erstausbildung\/studierende-das-mobilitatsprinzip-in-europa\/sich-bei-einer-auslandischen-universitat-bewerben-allgemeine-grundsatze\/\",\"url\":\"https:\/\/frontaliers-grandest.eu\/de\/startseite\/jugendliche\/studie-ausbildung\/grenzuberschreitende-erstausbildung\/studierende-das-mobilitatsprinzip-in-europa\/sich-bei-einer-auslandischen-universitat-bewerben-allgemeine-grundsatze\/\",\"name\":\"Sich bei einer Ausl\u00e4ndischen universit\u00e4t bewerben - allgemeine grunds\u00e4tze - Frontaliers Grand Est\",\"isPartOf\":{\"@id\":\"https:\/\/frontaliers-grandest.eu\/de\/#website\"},\"datePublished\":\"2021-05-18T12:02:52+00:00\",\"dateModified\":\"2021-05-18T12:05:57+00:00\",\"breadcrumb\":{\"@id\":\"https:\/\/frontaliers-grandest.eu\/de\/startseite\/jugendliche\/studie-ausbildung\/grenzuberschreitende-erstausbildung\/studierende-das-mobilitatsprinzip-in-europa\/sich-bei-einer-auslandischen-universitat-bewerben-allgemeine-grundsatze\/#breadcrumb\"},\"inLanguage\":\"de\",\"potentialAction\":[{\"@type\":\"ReadAction\",\"target\":[\"https:\/\/frontaliers-grandest.eu\/de\/startseite\/jugendliche\/studie-ausbildung\/grenzuberschreitende-erstausbildung\/studierende-das-mobilitatsprinzip-in-europa\/sich-bei-einer-auslandischen-universitat-bewerben-allgemeine-grundsatze\/\"]}]},{\"@type\":\"BreadcrumbList\",\"@id\":\"https:\/\/frontaliers-grandest.eu\/de\/startseite\/jugendliche\/studie-ausbildung\/grenzuberschreitende-erstausbildung\/studierende-das-mobilitatsprinzip-in-europa\/sich-bei-einer-auslandischen-universitat-bewerben-allgemeine-grundsatze\/#breadcrumb\",\"itemListElement\":[{\"@type\":\"ListItem\",\"position\":1,\"name\":\"Startseite\",\"item\":\"https:\/\/frontaliers-grandest.eu\/de\/\"},{\"@type\":\"ListItem\",\"position\":2,\"name\":\"Jugendliche\",\"item\":\"https:\/\/frontaliers-grandest.eu\/de\/startseite\/jugendliche\/\"},{\"@type\":\"ListItem\",\"position\":3,\"name\":\"Studie \/ Ausbildung\",\"item\":\"https:\/\/frontaliers-grandest.eu\/de\/startseite\/jugendliche\/studie-ausbildung\/\"},{\"@type\":\"ListItem\",\"position\":4,\"name\":\"Grenz\u00fcberschreitende Erstausbildung\",\"item\":\"https:\/\/frontaliers-grandest.eu\/de\/startseite\/jugendliche\/studie-ausbildung\/grenzuberschreitende-erstausbildung\/\"},{\"@type\":\"ListItem\",\"position\":5,\"name\":\"Studierende : das mobilit\u00e4tsprinzip in Europa\",\"item\":\"https:\/\/frontaliers-grandest.eu\/de\/startseite\/jugendliche\/studie-ausbildung\/grenzuberschreitende-erstausbildung\/studierende-das-mobilitatsprinzip-in-europa\/\"},{\"@type\":\"ListItem\",\"position\":6,\"name\":\"Sich bei einer Ausl\u00e4ndischen universit\u00e4t bewerben &#8211; allgemeine grunds\u00e4tze\"}]},{\"@type\":\"WebSite\",\"@id\":\"https:\/\/frontaliers-grandest.eu\/de\/#website\",\"url\":\"https:\/\/frontaliers-grandest.eu\/de\/\",\"name\":\"Frontaliers Grand Est\",\"description\":\"Le site ressource du travail frontalier\",\"publisher\":{\"@id\":\"https:\/\/frontaliers-grandest.eu\/de\/#organization\"},\"alternateName\":\"Frontaliers Grand Est\",\"potentialAction\":[{\"@type\":\"SearchAction\",\"target\":{\"@type\":\"EntryPoint\",\"urlTemplate\":\"https:\/\/frontaliers-grandest.eu\/de\/?s={search_term_string}\"},\"query-input\":{\"@type\":\"PropertyValueSpecification\",\"valueRequired\":true,\"valueName\":\"search_term_string\"}}],\"inLanguage\":\"de\"},{\"@type\":\"Organization\",\"@id\":\"https:\/\/frontaliers-grandest.eu\/de\/#organization\",\"name\":\"Frontaliers Grand Est\",\"alternateName\":\"Frontaliers Grand Est\",\"url\":\"https:\/\/frontaliers-grandest.eu\/de\/\",\"logo\":{\"@type\":\"ImageObject\",\"inLanguage\":\"de\",\"@id\":\"https:\/\/frontaliers-grandest.eu\/de\/#\/schema\/logo\/image\/\",\"url\":\"https:\/\/frontaliers-grandest.eu\/wp-content\/uploads\/2025\/07\/260328234_2966785176920310_3332838526503858160_n.jpg\",\"contentUrl\":\"https:\/\/frontaliers-grandest.eu\/wp-content\/uploads\/2025\/07\/260328234_2966785176920310_3332838526503858160_n.jpg\",\"width\":396,\"height\":396,\"caption\":\"Frontaliers Grand Est\"},\"image\":{\"@id\":\"https:\/\/frontaliers-grandest.eu\/de\/#\/schema\/logo\/image\/\"},\"sameAs\":[\"https:\/\/www.facebook.com\/frontaliers.GR.EST\/?locale=fr_FR\"]}]}<\/script>\n<!-- \/ Yoast SEO plugin. -->","yoast_head_json":{"title":"Sich bei einer Ausl\u00e4ndischen universit\u00e4t bewerben - allgemeine grunds\u00e4tze - Frontaliers Grand Est","robots":{"index":"index","follow":"follow","max-snippet":"max-snippet:-1","max-image-preview":"max-image-preview:large","max-video-preview":"max-video-preview:-1"},"canonical":"https:\/\/frontaliers-grandest.eu\/de\/startseite\/jugendliche\/studie-ausbildung\/grenzuberschreitende-erstausbildung\/studierende-das-mobilitatsprinzip-in-europa\/sich-bei-einer-auslandischen-universitat-bewerben-allgemeine-grundsatze\/","og_locale":"de_DE","og_type":"article","og_title":"Sich bei einer Ausl\u00e4ndischen universit\u00e4t bewerben - allgemeine grunds\u00e4tze - Frontaliers Grand Est","og_description":"Sie m\u00f6chten einen Teil oder Ihr gesamtes Hochschulstudium in einem europ\u00e4ischen Land absolvieren. Sie nehmen an keinem europ\u00e4ischen Programm teil, sondern schreiben sich selbst ein. Vorgehensweise In der Regel m\u00fcssen Sie eine Bewerbungsmappe per Post oder \u00fcber die Website der Hochschuleinrichtung unter Beachtung der Anmeldefristen einreichen, die je nach Land und Universit\u00e4t unterschiedlich sind (h\u00e4ufig [&hellip;]","og_url":"https:\/\/frontaliers-grandest.eu\/de\/startseite\/jugendliche\/studie-ausbildung\/grenzuberschreitende-erstausbildung\/studierende-das-mobilitatsprinzip-in-europa\/sich-bei-einer-auslandischen-universitat-bewerben-allgemeine-grundsatze\/","og_site_name":"Frontaliers Grand Est","article_publisher":"https:\/\/www.facebook.com\/frontaliers.GR.EST\/?locale=fr_FR","article_modified_time":"2021-05-18T12:05:57+00:00","twitter_card":"summary_large_image","twitter_misc":{"Gesch\u00e4tzte Lesezeit":"2\u00a0Minuten"},"schema":{"@context":"https:\/\/schema.org","@graph":[{"@type":"WebPage","@id":"https:\/\/frontaliers-grandest.eu\/de\/startseite\/jugendliche\/studie-ausbildung\/grenzuberschreitende-erstausbildung\/studierende-das-mobilitatsprinzip-in-europa\/sich-bei-einer-auslandischen-universitat-bewerben-allgemeine-grundsatze\/","url":"https:\/\/frontaliers-grandest.eu\/de\/startseite\/jugendliche\/studie-ausbildung\/grenzuberschreitende-erstausbildung\/studierende-das-mobilitatsprinzip-in-europa\/sich-bei-einer-auslandischen-universitat-bewerben-allgemeine-grundsatze\/","name":"Sich bei einer Ausl\u00e4ndischen universit\u00e4t bewerben - allgemeine grunds\u00e4tze - Frontaliers Grand Est","isPartOf":{"@id":"https:\/\/frontaliers-grandest.eu\/de\/#website"},"datePublished":"2021-05-18T12:02:52+00:00","dateModified":"2021-05-18T12:05:57+00:00","breadcrumb":{"@id":"https:\/\/frontaliers-grandest.eu\/de\/startseite\/jugendliche\/studie-ausbildung\/grenzuberschreitende-erstausbildung\/studierende-das-mobilitatsprinzip-in-europa\/sich-bei-einer-auslandischen-universitat-bewerben-allgemeine-grundsatze\/#breadcrumb"},"inLanguage":"de","potentialAction":[{"@type":"ReadAction","target":["https:\/\/frontaliers-grandest.eu\/de\/startseite\/jugendliche\/studie-ausbildung\/grenzuberschreitende-erstausbildung\/studierende-das-mobilitatsprinzip-in-europa\/sich-bei-einer-auslandischen-universitat-bewerben-allgemeine-grundsatze\/"]}]},{"@type":"BreadcrumbList","@id":"https:\/\/frontaliers-grandest.eu\/de\/startseite\/jugendliche\/studie-ausbildung\/grenzuberschreitende-erstausbildung\/studierende-das-mobilitatsprinzip-in-europa\/sich-bei-einer-auslandischen-universitat-bewerben-allgemeine-grundsatze\/#breadcrumb","itemListElement":[{"@type":"ListItem","position":1,"name":"Startseite","item":"https:\/\/frontaliers-grandest.eu\/de\/"},{"@type":"ListItem","position":2,"name":"Jugendliche","item":"https:\/\/frontaliers-grandest.eu\/de\/startseite\/jugendliche\/"},{"@type":"ListItem","position":3,"name":"Studie \/ Ausbildung","item":"https:\/\/frontaliers-grandest.eu\/de\/startseite\/jugendliche\/studie-ausbildung\/"},{"@type":"ListItem","position":4,"name":"Grenz\u00fcberschreitende Erstausbildung","item":"https:\/\/frontaliers-grandest.eu\/de\/startseite\/jugendliche\/studie-ausbildung\/grenzuberschreitende-erstausbildung\/"},{"@type":"ListItem","position":5,"name":"Studierende : das mobilit\u00e4tsprinzip in Europa","item":"https:\/\/frontaliers-grandest.eu\/de\/startseite\/jugendliche\/studie-ausbildung\/grenzuberschreitende-erstausbildung\/studierende-das-mobilitatsprinzip-in-europa\/"},{"@type":"ListItem","position":6,"name":"Sich bei einer Ausl\u00e4ndischen universit\u00e4t bewerben &#8211; allgemeine grunds\u00e4tze"}]},{"@type":"WebSite","@id":"https:\/\/frontaliers-grandest.eu\/de\/#website","url":"https:\/\/frontaliers-grandest.eu\/de\/","name":"Frontaliers Grand Est","description":"Le site ressource du travail frontalier","publisher":{"@id":"https:\/\/frontaliers-grandest.eu\/de\/#organization"},"alternateName":"Frontaliers Grand Est","potentialAction":[{"@type":"SearchAction","target":{"@type":"EntryPoint","urlTemplate":"https:\/\/frontaliers-grandest.eu\/de\/?s={search_term_string}"},"query-input":{"@type":"PropertyValueSpecification","valueRequired":true,"valueName":"search_term_string"}}],"inLanguage":"de"},{"@type":"Organization","@id":"https:\/\/frontaliers-grandest.eu\/de\/#organization","name":"Frontaliers Grand Est","alternateName":"Frontaliers Grand Est","url":"https:\/\/frontaliers-grandest.eu\/de\/","logo":{"@type":"ImageObject","inLanguage":"de","@id":"https:\/\/frontaliers-grandest.eu\/de\/#\/schema\/logo\/image\/","url":"https:\/\/frontaliers-grandest.eu\/wp-content\/uploads\/2025\/07\/260328234_2966785176920310_3332838526503858160_n.jpg","contentUrl":"https:\/\/frontaliers-grandest.eu\/wp-content\/uploads\/2025\/07\/260328234_2966785176920310_3332838526503858160_n.jpg","width":396,"height":396,"caption":"Frontaliers Grand Est"},"image":{"@id":"https:\/\/frontaliers-grandest.eu\/de\/#\/schema\/logo\/image\/"},"sameAs":["https:\/\/www.facebook.com\/frontaliers.GR.EST\/?locale=fr_FR"]}]}},"frge_page_order":0,"_links":{"self":[{"href":"https:\/\/frontaliers-grandest.eu\/de\/wp-json\/wp\/v2\/pages\/7502","targetHints":{"allow":["GET"]}}],"collection":[{"href":"https:\/\/frontaliers-grandest.eu\/de\/wp-json\/wp\/v2\/pages"}],"about":[{"href":"https:\/\/frontaliers-grandest.eu\/de\/wp-json\/wp\/v2\/types\/page"}],"author":[{"embeddable":true,"href":"https:\/\/frontaliers-grandest.eu\/de\/wp-json\/wp\/v2\/users\/7"}],"replies":[{"embeddable":true,"href":"https:\/\/frontaliers-grandest.eu\/de\/wp-json\/wp\/v2\/comments?post=7502"}],"version-history":[{"count":2,"href":"https:\/\/frontaliers-grandest.eu\/de\/wp-json\/wp\/v2\/pages\/7502\/revisions"}],"predecessor-version":[{"id":7505,"href":"https:\/\/frontaliers-grandest.eu\/de\/wp-json\/wp\/v2\/pages\/7502\/revisions\/7505"}],"up":[{"embeddable":true,"href":"https:\/\/frontaliers-grandest.eu\/de\/wp-json\/wp\/v2\/pages\/7497"}],"wp:attachment":[{"href":"https:\/\/frontaliers-grandest.eu\/de\/wp-json\/wp\/v2\/media?parent=7502"}],"wp:term":[{"taxonomy":"post_tag","embeddable":true,"href":"https:\/\/frontaliers-grandest.eu\/de\/wp-json\/wp\/v2\/tags?post=7502"},{"taxonomy":"frge_profile","embeddable":true,"href":"https:\/\/frontaliers-grandest.eu\/de\/wp-json\/wp\/v2\/frge_profile?post=7502"}],"curies":[{"name":"wp","href":"https:\/\/api.w.org\/{rel}","templated":true}]}}