{"id":7500,"date":"2021-05-18T13:58:25","date_gmt":"2021-05-18T11:58:25","guid":{"rendered":"https:\/\/frontaliers-grandest.eu\/?page_id=7500"},"modified":"2021-05-18T14:11:06","modified_gmt":"2021-05-18T12:11:06","slug":"die-europaischen-mobilitatsprogramme-fur-studierende","status":"publish","type":"page","link":"https:\/\/frontaliers-grandest.eu\/de\/startseite\/jugendliche\/studie-ausbildung\/grenzuberschreitende-erstausbildung\/studierende-das-mobilitatsprinzip-in-europa\/die-europaischen-mobilitatsprogramme-fur-studierende\/","title":{"rendered":"Die Europ\u00e4ischen Mobilit\u00e4tsprogramme f\u00fcr studierende"},"content":{"rendered":"\n<h3 class=\"wp-block-heading\">Erasmus +<\/h3>\n\n\n\n<p>Das Erasmus+ &#8211; Programm* erm\u00f6glicht es Ihnen als Studierender, im Rahmen Ihres <strong>Hochschulstudiums<\/strong> an einer europ\u00e4ischen Hochschuleinrichtung zu studieren, die eine Partnerschaft mit Ihrer Hochschule unterh\u00e4lt. Dank dem Transfer von ECTS-Punkten ist es normalerweise m\u00f6glich, die Pr\u00fcfungen an der Universit\u00e4t im Ausland abzulegen und Noten zu erhalten, die im Rahmen des inl\u00e4ndischen Abschlusses zu validieren sind (Anerkennung der in der Aufnahmeeinrichtung absolvierten Studienzeiten). Es wird empfohlen, sich Informationen einzuholen, denn diese Anerkennung erfolgt in der Praxis nicht automatisch.<\/p>\n\n\n\n<h4 class=\"wp-block-heading\">Wann ausw\u00e4rts studieren&nbsp;?<\/h4>\n\n\n\n<p>Ab dem 2. Studienjahr bis einschlie\u00dflich zur Promotion. Pro Studienabschnitt (Bachelor, Master, Promotion) ist ein Aufenthalt m\u00f6glich. Die Dauer eines Erasmus+-Aufenthalts liegt zwischen 3 und 12 Monaten.<\/p>\n\n\n\n<p>In der Regel entscheiden sich die Studierenden f\u00fcr ein Auslandsstudium, wenn sie das Masterniveau erreichen (Erleichterungen bei der Anerkennung der Abschl\u00fcsse).<\/p>\n\n\n\n<h4 class=\"wp-block-heading\">Vorgehensweise<\/h4>\n\n\n\n<p>Den Austausch organisiert Ihre Hochschule \u2013 sofern diese Partnerschaftsabkommen mit europ\u00e4ischen Hochschulen geschlossen hat. Wenden Sie sich an das internationale B\u00fcro Ihrer Universit\u00e4t.<\/p>\n\n\n\n<h4 class=\"wp-block-heading\">Studienbeihilfe<\/h4>\n\n\n\n<p>Sie k\u00f6nnen eine <strong>Erasmus+<\/strong>-Studienbeihilfe (finanzielle Unterst\u00fctzung durch Europa) in Anspruch nehmen, um Ihre Reise- und Aufenthaltskosten im Aufnahmemitgliedsland&nbsp; zu decken. Der Betrag der Beihilfe f\u00e4llt je nach Ihrer Zielhochschule und der Dauer Ihres Aufenthalts unterschiedlich aus.<\/p>\n\n\n\n<p>Wenn Sie eine Studienbeihilfe in Frankreich erhalten, k\u00f6nnen Sie Ihre <strong>franz\u00f6sische Studienbeihilfe<\/strong> weiterhin erhalten, hinzu kommt gegebenenfalls eine <strong>internationale Mobilit\u00e4tsunterst\u00fctzung<\/strong> (richtet sich nach sozialen Kriterien). Informieren Sie sich auf jeden Fall beim internationalen B\u00fcro Ihrer Bildungsst\u00e4tte.<\/p>\n\n\n\n<p>M\u00f6glicherweise k\u00f6nnen Sie eine<strong> Mobilit\u00e4tsbeihilfe<\/strong> von Ihrer Gemeinde, Ihrem Landkreis oder Ihrem Bundesland in Anspruch nehmen. Erkundigen Sie sich hierzu bei den \u00f6rtlichen Beh\u00f6rden.<\/p>\n\n\n\n<h3 class=\"wp-block-heading\">Erasmus Mundus<\/h3>\n\n\n\n<p>Das <strong>Erasmus Mundus<\/strong>-Programm ist ein Mobilit\u00e4tsprogramm f\u00fcr Master- oder Promotionsstudierende, die Ihr Studium in einem europ\u00e4ischen oder au\u00dfereurop\u00e4ischen Land fortsetzen m\u00f6chten. Es besteht aus <strong>integrierten Studieng\u00e4ngen<\/strong>, die von Hochschulkonsortien**&nbsp;aus <strong>mindestens drei europ\u00e4ischen L\u00e4ndern<\/strong> wie auch aus Drittl\u00e4ndern angeboten werden und an deren Abschluss die Verleihung eines gemeinsamen <strong>Doppel<\/strong>diploms (f\u00fcr beide L\u00e4nder g\u00fcltig) oder <strong>Mehrfach<\/strong>diploms (f\u00fcr mehrere L\u00e4nder) steht.<\/p>\n\n\n\n<h4 class=\"wp-block-heading\">Vorgehensweise<\/h4>\n\n\n\n<p>Wer sich f\u00fcr einen Master im Rahmen eines Erasmus Mundus-Programms einschreiben m\u00f6chte, muss sich mit den am Programm teilnehmenden Hochschulen in Verbindung setzen. Die Liste der Teilnehmer ist auf der Website der Exekutivagentur Bildung, Audiovisuelles und Kultur (EACEA)***&nbsp;zu finden:<br><a href=\"http:\/\/www.eacea.ec.europa.eu\/erasmus_mundus\/programme\/how_apply_en.php\" target=\"_blank\" rel=\"noreferrer noopener\">www.eacea.ec.europa.eu\/erasmus_mundus\/programme\/<\/a><\/p>\n\n\n\n<p>Die Bewerbung muss vor allem das f\u00fcr die Einschreibung in den Erasmus Mundus-Master erforderliche Abschlusszeugnis, ein Motivationsschreiben, Empfehlungsschreiben sowie eine Beschreibung des Forschungsprojekts des Bewerbers beinhalten.<\/p>\n\n\n\n<h4 class=\"wp-block-heading\">Studienbeihilfe<\/h4>\n\n\n\n<p>An einer <strong>Erasmus Mundus-Studienbeihilfe<\/strong> interessierte Studierende m\u00fcssen ihre Bewerbung direkt beim Konsortium****&nbsp;ihrer Wahl einreichen und sich einem von den beteiligten Partnern organisierten Auswahlverfahren unterziehen. Es gibt verschiedene Beihilfekategorien, die h\u00f6her oder niedriger ausfallen. Sie umfassen den Beitrag zu Reise- und Einrichtungskosten, Visumgeb\u00fchren und sonstigen Kosten, den Kostenzuschuss f\u00fcr die Ausbildungsteilnahme sowie einen monatlichen Zuschuss.<\/p>\n\n\n\n<p>* Seit Januar 2014 ist das Erasmus-Programm Bestandteil des neuen Programms Erasmus+. Das Erasmus+-Programm vereint die fr\u00fcheren Programme Comenius, Leonardo da Vinci, Grundtvig und Erasmus in sich.<\/p>\n\n\n\n<p>**&nbsp;Ein Konsortium ist eine Gruppierung von Hochschuleinrichtungen, welche die B\u00fcndelung ihrer Mittel zur Umsetzung eines gemeinsamen Projekts beschlie\u00dfen.<\/p>\n\n\n\n<p>***&nbsp;Die Exekutivagentur Bildung, Audiovisuelles und Kultur mit Sitz in Br\u00fcssel ist f\u00fcr die Verwaltung bestimmter Finanzierungsprogramme der Europ\u00e4ischen Union, insbesondere im Bildungsbereich, zust\u00e4ndig.<\/p>\n\n\n\n<p>****&nbsp;In der F\u00fchrung des Konsortiums, d.h. der Gruppierung von Hochschuleinrichtungen, \u00fcbernimmt eine der Hochschulen die finanzielle und administrative Leitung der Einrichtung.<\/p>\n","protected":false},"excerpt":{"rendered":"<p>Erasmus + Das Erasmus+ &#8211; Programm* erm\u00f6glicht es Ihnen als Studierender, im Rahmen Ihres Hochschulstudiums an einer europ\u00e4ischen Hochschuleinrichtung zu studieren, die eine Partnerschaft mit Ihrer Hochschule unterh\u00e4lt. Dank dem Transfer von ECTS-Punkten ist es normalerweise m\u00f6glich, die Pr\u00fcfungen an der Universit\u00e4t im Ausland abzulegen und Noten zu erhalten, die im Rahmen des inl\u00e4ndischen Abschlusses [&hellip;]<\/p>\n","protected":false},"author":7,"featured_media":0,"parent":7497,"menu_order":0,"comment_status":"closed","ping_status":"closed","template":"","meta":{"inline_featured_image":false,"footnotes":""},"tags":[],"frge_profile":[],"class_list":["post-7500","page","type-page","status-publish","hentry"],"yoast_head":"<!-- This site is optimized with the Yoast SEO plugin v27.1.1 - https:\/\/yoast.com\/product\/yoast-seo-wordpress\/ -->\n<title>Die Europ\u00e4ischen Mobilit\u00e4tsprogramme f\u00fcr studierende - Frontaliers Grand Est<\/title>\n<meta name=\"robots\" content=\"index, follow, max-snippet:-1, max-image-preview:large, max-video-preview:-1\" \/>\n<link rel=\"canonical\" href=\"https:\/\/frontaliers-grandest.eu\/de\/startseite\/jugendliche\/studie-ausbildung\/grenzuberschreitende-erstausbildung\/studierende-das-mobilitatsprinzip-in-europa\/die-europaischen-mobilitatsprogramme-fur-studierende\/\" \/>\n<meta property=\"og:locale\" content=\"de_DE\" \/>\n<meta property=\"og:type\" content=\"article\" \/>\n<meta property=\"og:title\" content=\"Die Europ\u00e4ischen Mobilit\u00e4tsprogramme f\u00fcr studierende - Frontaliers Grand Est\" \/>\n<meta property=\"og:description\" content=\"Erasmus + Das Erasmus+ &#8211; Programm* erm\u00f6glicht es Ihnen als Studierender, im Rahmen Ihres Hochschulstudiums an einer europ\u00e4ischen Hochschuleinrichtung zu studieren, die eine Partnerschaft mit Ihrer Hochschule unterh\u00e4lt. Dank dem Transfer von ECTS-Punkten ist es normalerweise m\u00f6glich, die Pr\u00fcfungen an der Universit\u00e4t im Ausland abzulegen und Noten zu erhalten, die im Rahmen des inl\u00e4ndischen Abschlusses [&hellip;]\" \/>\n<meta property=\"og:url\" content=\"https:\/\/frontaliers-grandest.eu\/de\/startseite\/jugendliche\/studie-ausbildung\/grenzuberschreitende-erstausbildung\/studierende-das-mobilitatsprinzip-in-europa\/die-europaischen-mobilitatsprogramme-fur-studierende\/\" \/>\n<meta property=\"og:site_name\" content=\"Frontaliers Grand Est\" \/>\n<meta property=\"article:publisher\" content=\"https:\/\/www.facebook.com\/frontaliers.GR.EST\/?locale=fr_FR\" \/>\n<meta property=\"article:modified_time\" content=\"2021-05-18T12:11:06+00:00\" \/>\n<meta name=\"twitter:card\" content=\"summary_large_image\" \/>\n<meta name=\"twitter:label1\" content=\"Gesch\u00e4tzte Lesezeit\" \/>\n\t<meta name=\"twitter:data1\" content=\"3\u00a0Minuten\" \/>\n<script type=\"application\/ld+json\" class=\"yoast-schema-graph\">{\"@context\":\"https:\/\/schema.org\",\"@graph\":[{\"@type\":\"WebPage\",\"@id\":\"https:\/\/frontaliers-grandest.eu\/de\/startseite\/jugendliche\/studie-ausbildung\/grenzuberschreitende-erstausbildung\/studierende-das-mobilitatsprinzip-in-europa\/die-europaischen-mobilitatsprogramme-fur-studierende\/\",\"url\":\"https:\/\/frontaliers-grandest.eu\/de\/startseite\/jugendliche\/studie-ausbildung\/grenzuberschreitende-erstausbildung\/studierende-das-mobilitatsprinzip-in-europa\/die-europaischen-mobilitatsprogramme-fur-studierende\/\",\"name\":\"Die Europ\u00e4ischen Mobilit\u00e4tsprogramme f\u00fcr studierende - Frontaliers Grand Est\",\"isPartOf\":{\"@id\":\"https:\/\/frontaliers-grandest.eu\/de\/#website\"},\"datePublished\":\"2021-05-18T11:58:25+00:00\",\"dateModified\":\"2021-05-18T12:11:06+00:00\",\"breadcrumb\":{\"@id\":\"https:\/\/frontaliers-grandest.eu\/de\/startseite\/jugendliche\/studie-ausbildung\/grenzuberschreitende-erstausbildung\/studierende-das-mobilitatsprinzip-in-europa\/die-europaischen-mobilitatsprogramme-fur-studierende\/#breadcrumb\"},\"inLanguage\":\"de\",\"potentialAction\":[{\"@type\":\"ReadAction\",\"target\":[\"https:\/\/frontaliers-grandest.eu\/de\/startseite\/jugendliche\/studie-ausbildung\/grenzuberschreitende-erstausbildung\/studierende-das-mobilitatsprinzip-in-europa\/die-europaischen-mobilitatsprogramme-fur-studierende\/\"]}]},{\"@type\":\"BreadcrumbList\",\"@id\":\"https:\/\/frontaliers-grandest.eu\/de\/startseite\/jugendliche\/studie-ausbildung\/grenzuberschreitende-erstausbildung\/studierende-das-mobilitatsprinzip-in-europa\/die-europaischen-mobilitatsprogramme-fur-studierende\/#breadcrumb\",\"itemListElement\":[{\"@type\":\"ListItem\",\"position\":1,\"name\":\"Startseite\",\"item\":\"https:\/\/frontaliers-grandest.eu\/de\/\"},{\"@type\":\"ListItem\",\"position\":2,\"name\":\"Jugendliche\",\"item\":\"https:\/\/frontaliers-grandest.eu\/de\/startseite\/jugendliche\/\"},{\"@type\":\"ListItem\",\"position\":3,\"name\":\"Studie \/ Ausbildung\",\"item\":\"https:\/\/frontaliers-grandest.eu\/de\/startseite\/jugendliche\/studie-ausbildung\/\"},{\"@type\":\"ListItem\",\"position\":4,\"name\":\"Grenz\u00fcberschreitende Erstausbildung\",\"item\":\"https:\/\/frontaliers-grandest.eu\/de\/startseite\/jugendliche\/studie-ausbildung\/grenzuberschreitende-erstausbildung\/\"},{\"@type\":\"ListItem\",\"position\":5,\"name\":\"Studierende : das mobilit\u00e4tsprinzip in Europa\",\"item\":\"https:\/\/frontaliers-grandest.eu\/de\/startseite\/jugendliche\/studie-ausbildung\/grenzuberschreitende-erstausbildung\/studierende-das-mobilitatsprinzip-in-europa\/\"},{\"@type\":\"ListItem\",\"position\":6,\"name\":\"Die Europ\u00e4ischen Mobilit\u00e4tsprogramme f\u00fcr studierende\"}]},{\"@type\":\"WebSite\",\"@id\":\"https:\/\/frontaliers-grandest.eu\/de\/#website\",\"url\":\"https:\/\/frontaliers-grandest.eu\/de\/\",\"name\":\"Frontaliers Grand Est\",\"description\":\"Le site ressource du travail frontalier\",\"publisher\":{\"@id\":\"https:\/\/frontaliers-grandest.eu\/de\/#organization\"},\"alternateName\":\"Frontaliers Grand Est\",\"potentialAction\":[{\"@type\":\"SearchAction\",\"target\":{\"@type\":\"EntryPoint\",\"urlTemplate\":\"https:\/\/frontaliers-grandest.eu\/de\/?s={search_term_string}\"},\"query-input\":{\"@type\":\"PropertyValueSpecification\",\"valueRequired\":true,\"valueName\":\"search_term_string\"}}],\"inLanguage\":\"de\"},{\"@type\":\"Organization\",\"@id\":\"https:\/\/frontaliers-grandest.eu\/de\/#organization\",\"name\":\"Frontaliers Grand Est\",\"alternateName\":\"Frontaliers Grand Est\",\"url\":\"https:\/\/frontaliers-grandest.eu\/de\/\",\"logo\":{\"@type\":\"ImageObject\",\"inLanguage\":\"de\",\"@id\":\"https:\/\/frontaliers-grandest.eu\/de\/#\/schema\/logo\/image\/\",\"url\":\"https:\/\/frontaliers-grandest.eu\/wp-content\/uploads\/2025\/07\/260328234_2966785176920310_3332838526503858160_n.jpg\",\"contentUrl\":\"https:\/\/frontaliers-grandest.eu\/wp-content\/uploads\/2025\/07\/260328234_2966785176920310_3332838526503858160_n.jpg\",\"width\":396,\"height\":396,\"caption\":\"Frontaliers Grand Est\"},\"image\":{\"@id\":\"https:\/\/frontaliers-grandest.eu\/de\/#\/schema\/logo\/image\/\"},\"sameAs\":[\"https:\/\/www.facebook.com\/frontaliers.GR.EST\/?locale=fr_FR\"]}]}<\/script>\n<!-- \/ Yoast SEO plugin. -->","yoast_head_json":{"title":"Die Europ\u00e4ischen Mobilit\u00e4tsprogramme f\u00fcr studierende - Frontaliers Grand Est","robots":{"index":"index","follow":"follow","max-snippet":"max-snippet:-1","max-image-preview":"max-image-preview:large","max-video-preview":"max-video-preview:-1"},"canonical":"https:\/\/frontaliers-grandest.eu\/de\/startseite\/jugendliche\/studie-ausbildung\/grenzuberschreitende-erstausbildung\/studierende-das-mobilitatsprinzip-in-europa\/die-europaischen-mobilitatsprogramme-fur-studierende\/","og_locale":"de_DE","og_type":"article","og_title":"Die Europ\u00e4ischen Mobilit\u00e4tsprogramme f\u00fcr studierende - Frontaliers Grand Est","og_description":"Erasmus + Das Erasmus+ &#8211; Programm* erm\u00f6glicht es Ihnen als Studierender, im Rahmen Ihres Hochschulstudiums an einer europ\u00e4ischen Hochschuleinrichtung zu studieren, die eine Partnerschaft mit Ihrer Hochschule unterh\u00e4lt. Dank dem Transfer von ECTS-Punkten ist es normalerweise m\u00f6glich, die Pr\u00fcfungen an der Universit\u00e4t im Ausland abzulegen und Noten zu erhalten, die im Rahmen des inl\u00e4ndischen Abschlusses [&hellip;]","og_url":"https:\/\/frontaliers-grandest.eu\/de\/startseite\/jugendliche\/studie-ausbildung\/grenzuberschreitende-erstausbildung\/studierende-das-mobilitatsprinzip-in-europa\/die-europaischen-mobilitatsprogramme-fur-studierende\/","og_site_name":"Frontaliers Grand Est","article_publisher":"https:\/\/www.facebook.com\/frontaliers.GR.EST\/?locale=fr_FR","article_modified_time":"2021-05-18T12:11:06+00:00","twitter_card":"summary_large_image","twitter_misc":{"Gesch\u00e4tzte Lesezeit":"3\u00a0Minuten"},"schema":{"@context":"https:\/\/schema.org","@graph":[{"@type":"WebPage","@id":"https:\/\/frontaliers-grandest.eu\/de\/startseite\/jugendliche\/studie-ausbildung\/grenzuberschreitende-erstausbildung\/studierende-das-mobilitatsprinzip-in-europa\/die-europaischen-mobilitatsprogramme-fur-studierende\/","url":"https:\/\/frontaliers-grandest.eu\/de\/startseite\/jugendliche\/studie-ausbildung\/grenzuberschreitende-erstausbildung\/studierende-das-mobilitatsprinzip-in-europa\/die-europaischen-mobilitatsprogramme-fur-studierende\/","name":"Die Europ\u00e4ischen Mobilit\u00e4tsprogramme f\u00fcr studierende - Frontaliers Grand Est","isPartOf":{"@id":"https:\/\/frontaliers-grandest.eu\/de\/#website"},"datePublished":"2021-05-18T11:58:25+00:00","dateModified":"2021-05-18T12:11:06+00:00","breadcrumb":{"@id":"https:\/\/frontaliers-grandest.eu\/de\/startseite\/jugendliche\/studie-ausbildung\/grenzuberschreitende-erstausbildung\/studierende-das-mobilitatsprinzip-in-europa\/die-europaischen-mobilitatsprogramme-fur-studierende\/#breadcrumb"},"inLanguage":"de","potentialAction":[{"@type":"ReadAction","target":["https:\/\/frontaliers-grandest.eu\/de\/startseite\/jugendliche\/studie-ausbildung\/grenzuberschreitende-erstausbildung\/studierende-das-mobilitatsprinzip-in-europa\/die-europaischen-mobilitatsprogramme-fur-studierende\/"]}]},{"@type":"BreadcrumbList","@id":"https:\/\/frontaliers-grandest.eu\/de\/startseite\/jugendliche\/studie-ausbildung\/grenzuberschreitende-erstausbildung\/studierende-das-mobilitatsprinzip-in-europa\/die-europaischen-mobilitatsprogramme-fur-studierende\/#breadcrumb","itemListElement":[{"@type":"ListItem","position":1,"name":"Startseite","item":"https:\/\/frontaliers-grandest.eu\/de\/"},{"@type":"ListItem","position":2,"name":"Jugendliche","item":"https:\/\/frontaliers-grandest.eu\/de\/startseite\/jugendliche\/"},{"@type":"ListItem","position":3,"name":"Studie \/ Ausbildung","item":"https:\/\/frontaliers-grandest.eu\/de\/startseite\/jugendliche\/studie-ausbildung\/"},{"@type":"ListItem","position":4,"name":"Grenz\u00fcberschreitende Erstausbildung","item":"https:\/\/frontaliers-grandest.eu\/de\/startseite\/jugendliche\/studie-ausbildung\/grenzuberschreitende-erstausbildung\/"},{"@type":"ListItem","position":5,"name":"Studierende : das mobilit\u00e4tsprinzip in Europa","item":"https:\/\/frontaliers-grandest.eu\/de\/startseite\/jugendliche\/studie-ausbildung\/grenzuberschreitende-erstausbildung\/studierende-das-mobilitatsprinzip-in-europa\/"},{"@type":"ListItem","position":6,"name":"Die Europ\u00e4ischen Mobilit\u00e4tsprogramme f\u00fcr studierende"}]},{"@type":"WebSite","@id":"https:\/\/frontaliers-grandest.eu\/de\/#website","url":"https:\/\/frontaliers-grandest.eu\/de\/","name":"Frontaliers Grand Est","description":"Le site ressource du travail frontalier","publisher":{"@id":"https:\/\/frontaliers-grandest.eu\/de\/#organization"},"alternateName":"Frontaliers Grand Est","potentialAction":[{"@type":"SearchAction","target":{"@type":"EntryPoint","urlTemplate":"https:\/\/frontaliers-grandest.eu\/de\/?s={search_term_string}"},"query-input":{"@type":"PropertyValueSpecification","valueRequired":true,"valueName":"search_term_string"}}],"inLanguage":"de"},{"@type":"Organization","@id":"https:\/\/frontaliers-grandest.eu\/de\/#organization","name":"Frontaliers Grand Est","alternateName":"Frontaliers Grand Est","url":"https:\/\/frontaliers-grandest.eu\/de\/","logo":{"@type":"ImageObject","inLanguage":"de","@id":"https:\/\/frontaliers-grandest.eu\/de\/#\/schema\/logo\/image\/","url":"https:\/\/frontaliers-grandest.eu\/wp-content\/uploads\/2025\/07\/260328234_2966785176920310_3332838526503858160_n.jpg","contentUrl":"https:\/\/frontaliers-grandest.eu\/wp-content\/uploads\/2025\/07\/260328234_2966785176920310_3332838526503858160_n.jpg","width":396,"height":396,"caption":"Frontaliers Grand Est"},"image":{"@id":"https:\/\/frontaliers-grandest.eu\/de\/#\/schema\/logo\/image\/"},"sameAs":["https:\/\/www.facebook.com\/frontaliers.GR.EST\/?locale=fr_FR"]}]}},"frge_page_order":0,"_links":{"self":[{"href":"https:\/\/frontaliers-grandest.eu\/de\/wp-json\/wp\/v2\/pages\/7500","targetHints":{"allow":["GET"]}}],"collection":[{"href":"https:\/\/frontaliers-grandest.eu\/de\/wp-json\/wp\/v2\/pages"}],"about":[{"href":"https:\/\/frontaliers-grandest.eu\/de\/wp-json\/wp\/v2\/types\/page"}],"author":[{"embeddable":true,"href":"https:\/\/frontaliers-grandest.eu\/de\/wp-json\/wp\/v2\/users\/7"}],"replies":[{"embeddable":true,"href":"https:\/\/frontaliers-grandest.eu\/de\/wp-json\/wp\/v2\/comments?post=7500"}],"version-history":[{"count":2,"href":"https:\/\/frontaliers-grandest.eu\/de\/wp-json\/wp\/v2\/pages\/7500\/revisions"}],"predecessor-version":[{"id":7507,"href":"https:\/\/frontaliers-grandest.eu\/de\/wp-json\/wp\/v2\/pages\/7500\/revisions\/7507"}],"up":[{"embeddable":true,"href":"https:\/\/frontaliers-grandest.eu\/de\/wp-json\/wp\/v2\/pages\/7497"}],"wp:attachment":[{"href":"https:\/\/frontaliers-grandest.eu\/de\/wp-json\/wp\/v2\/media?parent=7500"}],"wp:term":[{"taxonomy":"post_tag","embeddable":true,"href":"https:\/\/frontaliers-grandest.eu\/de\/wp-json\/wp\/v2\/tags?post=7500"},{"taxonomy":"frge_profile","embeddable":true,"href":"https:\/\/frontaliers-grandest.eu\/de\/wp-json\/wp\/v2\/frge_profile?post=7500"}],"curies":[{"name":"wp","href":"https:\/\/api.w.org\/{rel}","templated":true}]}}