{"id":7479,"date":"2021-05-18T12:13:38","date_gmt":"2021-05-18T10:13:38","guid":{"rendered":"https:\/\/frontaliers-grandest.eu\/?page_id=7479"},"modified":"2021-05-18T12:13:39","modified_gmt":"2021-05-18T10:13:39","slug":"welche-berufe-werden-angeboten","status":"publish","type":"page","link":"https:\/\/frontaliers-grandest.eu\/de\/startseite\/jugendliche\/grenzubergreifende-berufsausbildung\/die-grenzuberschreitende-ausbildung-in-luxemburg\/welche-berufe-werden-angeboten\/","title":{"rendered":"Welche Berufe werden angeboten?"},"content":{"rendered":"\n<p>In Luxemburg kann die grenz\u00fcberschreitende Ausbildung einzig in Berufen erfolgen, die den gro\u00dfherzoglichen Verordnungen zu entnehmen sind. In diesem Sinne wird j\u00e4hrlich mit einer gro\u00dfherzoglichen Verordnungeine Liste der Berufe, die in den Bereichen des Handwerk, des Handels, des Hotel- und Gastst\u00e4ttengewerbes, der Industrie, der Landwirtschaft und im Gesundheits- und Sozialsektor f\u00fcr die grenz\u00fcberschreitende Berufsausbildung zug\u00e4nglich sind. Sie setzt ferner die Ausbildungsentsch\u00e4digungen fest.<\/p>\n\n\n\n<h5 class=\"wp-block-heading\">101 Berufe sind betroffen\u00a0<\/h5>\n\n\n\n<ul class=\"wp-block-list\"><li>Beispiel\u00a0: Handelsvertreter, Fachkraft, Assistenz der Zahnmedizin, Brauer, Lkw-Fahrer, Elektroniker, Hotelier, Informatiker, H\u00f6rger\u00e4teakustiker, Juwelier, Schuster, K\u00fcrschner, Uhrmacher, Drucker, Aufzugsmonteur, Mechaniker.<\/li><li>Liste der Berufes\u00a0: <a href=\"http:\/\/legilux.public.lu\/eli\/etat\/leg\/rgd\/2017\/07\/20\/a691\/jo\" target=\"_blank\" rel=\"noreferrer noopener\">http:\/\/legilux.public.lu\/eli\/etat\/leg\/rgd\/2017\/07\/20\/a691\/jo<\/a><\/li><\/ul>\n\n\n\n<p><strong>Wichtiger Hinweis: Diese Liste ist vor allem f\u00fcr luxemburgische Jugendliche Bestimmt, die eine grenz\u00fcberschreitende Berufsausbildung absolvieren. Im Rahmen der franz\u00f6sisch-luxemburgischen Vereinbarung sind einzig einige Berufe f\u00fcr franz\u00f6sische Jugendliche im Rahmen der grenz\u00fcberschreitenden Berufsausbildung zug\u00e4nglich.<\/strong><\/p>\n\n\n\n<h5 class=\"wp-block-heading\">Mehr dar\u00fcber erfahren Sie bei\u00a0:<\/h5>\n\n\n<div class=\"wp-block-wptb-table-block\"><div class=\"wptb-container-legacy\" data-table-id=\"7480\">\n    <table class=\"wptb-preview-table wptb-element-main-table_setting-startedid-0 edit-active\" style=\"border: 1px solid rgb(209, 209, 209);\" data-reconstraction=\"1\" data-wptb-table-tds-sum-max-width=\"263\" data-wptb-cells-width-auto-count=\"2\" data-wptb-extra-styles=\"LyogRW50ZXIgeW91ciBjdXN0b20gQ1NTIHJ1bGVzIGhlcmUgKi8=\" role=\"table\" data-table-columns=\"2\"><tbody><tr class=\"wptb-row\"><td class=\"wptb-cell\" data-y-index=\"0\" data-x-index=\"0\" style=\"border: 1px solid rgb(209, 209, 209);\" data-wptb-css-td-auto-width=\"true\" data-wptb-cell-vertical-alignment=\"top\"><div class=\"wptb-text-container wptb-ph-element wptb-element-text-1\"><div class=\"\" style=\"position: relative;\"><p>R\u00e9gion Grand Est<\/p><p>Maison de la R\u00e9gion Strasbourg<br>T\u00e9l. 03 88 15 67 68<br><a data-mce-href=\"http:\/\/www.grandest.fr\/contact\" href=\"http:\/\/www.grandest.fr\/contact\" target=\"_blank\">www.grandest.fr\/contact<\/a><\/p><\/div><\/div><\/td><td class=\"wptb-cell\" data-y-index=\"0\" data-x-index=\"1\" style=\"border: 1px solid rgb(209, 209, 209);\" data-wptb-css-td-auto-width=\"true\" data-wptb-cell-vertical-alignment=\"top\"><div class=\"wptb-text-container wptb-ph-element wptb-element-text-2\"><div class=\"\" style=\"position: relative;\"><p>Maison de l\u2019Orientation de l\u2019Adem<br>58 bd Grande-Duchesse Charlotte<br>L-1330 Luxembourg<br>T\u00e9l. 00&nbsp;352 80028185<br><a data-mce-href=\"mailto:info@m-o.lu\" href=\"mailto:info@m-o.lu\" target=\"_blank\" data-mce-selected=\"inline-boundary\">info@m-o.lu<\/a><\/p><\/div><\/div><\/td><\/tr><\/tbody><\/table>\n<\/div>\n<\/div>","protected":false},"excerpt":{"rendered":"<p>In Luxemburg kann die grenz\u00fcberschreitende Ausbildung einzig in Berufen erfolgen, die den gro\u00dfherzoglichen Verordnungen zu entnehmen sind. In diesem Sinne wird j\u00e4hrlich mit einer gro\u00dfherzoglichen Verordnungeine Liste der Berufe, die in den Bereichen des Handwerk, des Handels, des Hotel- und Gastst\u00e4ttengewerbes, der Industrie, der Landwirtschaft und im Gesundheits- und Sozialsektor f\u00fcr die grenz\u00fcberschreitende Berufsausbildung zug\u00e4nglich [&hellip;]<\/p>\n","protected":false},"author":7,"featured_media":0,"parent":7472,"menu_order":2,"comment_status":"closed","ping_status":"closed","template":"","meta":{"inline_featured_image":false,"footnotes":""},"tags":[],"frge_profile":[],"class_list":["post-7479","page","type-page","status-publish","hentry"],"yoast_head":"<!-- This site is optimized with the Yoast SEO plugin v27.1.1 - https:\/\/yoast.com\/product\/yoast-seo-wordpress\/ -->\n<title>Welche Berufe werden angeboten? - Frontaliers Grand Est<\/title>\n<meta name=\"robots\" content=\"index, follow, max-snippet:-1, max-image-preview:large, max-video-preview:-1\" \/>\n<link rel=\"canonical\" href=\"https:\/\/frontaliers-grandest.eu\/de\/startseite\/jugendliche\/grenzubergreifende-berufsausbildung\/die-grenzuberschreitende-ausbildung-in-luxemburg\/welche-berufe-werden-angeboten\/\" \/>\n<meta property=\"og:locale\" content=\"de_DE\" \/>\n<meta property=\"og:type\" content=\"article\" \/>\n<meta property=\"og:title\" content=\"Welche Berufe werden angeboten? - Frontaliers Grand Est\" \/>\n<meta property=\"og:description\" content=\"In Luxemburg kann die grenz\u00fcberschreitende Ausbildung einzig in Berufen erfolgen, die den gro\u00dfherzoglichen Verordnungen zu entnehmen sind. In diesem Sinne wird j\u00e4hrlich mit einer gro\u00dfherzoglichen Verordnungeine Liste der Berufe, die in den Bereichen des Handwerk, des Handels, des Hotel- und Gastst\u00e4ttengewerbes, der Industrie, der Landwirtschaft und im Gesundheits- und Sozialsektor f\u00fcr die grenz\u00fcberschreitende Berufsausbildung zug\u00e4nglich [&hellip;]\" \/>\n<meta property=\"og:url\" content=\"https:\/\/frontaliers-grandest.eu\/de\/startseite\/jugendliche\/grenzubergreifende-berufsausbildung\/die-grenzuberschreitende-ausbildung-in-luxemburg\/welche-berufe-werden-angeboten\/\" \/>\n<meta property=\"og:site_name\" content=\"Frontaliers Grand Est\" \/>\n<meta property=\"article:publisher\" content=\"https:\/\/www.facebook.com\/frontaliers.GR.EST\/?locale=fr_FR\" \/>\n<meta property=\"article:modified_time\" content=\"2021-05-18T10:13:39+00:00\" \/>\n<meta name=\"twitter:card\" content=\"summary_large_image\" \/>\n<meta name=\"twitter:label1\" content=\"Gesch\u00e4tzte Lesezeit\" \/>\n\t<meta name=\"twitter:data1\" content=\"1\u00a0Minute\" \/>\n<script type=\"application\/ld+json\" class=\"yoast-schema-graph\">{\"@context\":\"https:\/\/schema.org\",\"@graph\":[{\"@type\":\"WebPage\",\"@id\":\"https:\/\/frontaliers-grandest.eu\/de\/startseite\/jugendliche\/grenzubergreifende-berufsausbildung\/die-grenzuberschreitende-ausbildung-in-luxemburg\/welche-berufe-werden-angeboten\/\",\"url\":\"https:\/\/frontaliers-grandest.eu\/de\/startseite\/jugendliche\/grenzubergreifende-berufsausbildung\/die-grenzuberschreitende-ausbildung-in-luxemburg\/welche-berufe-werden-angeboten\/\",\"name\":\"Welche Berufe werden angeboten? - Frontaliers Grand Est\",\"isPartOf\":{\"@id\":\"https:\/\/frontaliers-grandest.eu\/de\/#website\"},\"datePublished\":\"2021-05-18T10:13:38+00:00\",\"dateModified\":\"2021-05-18T10:13:39+00:00\",\"breadcrumb\":{\"@id\":\"https:\/\/frontaliers-grandest.eu\/de\/startseite\/jugendliche\/grenzubergreifende-berufsausbildung\/die-grenzuberschreitende-ausbildung-in-luxemburg\/welche-berufe-werden-angeboten\/#breadcrumb\"},\"inLanguage\":\"de\",\"potentialAction\":[{\"@type\":\"ReadAction\",\"target\":[\"https:\/\/frontaliers-grandest.eu\/de\/startseite\/jugendliche\/grenzubergreifende-berufsausbildung\/die-grenzuberschreitende-ausbildung-in-luxemburg\/welche-berufe-werden-angeboten\/\"]}]},{\"@type\":\"BreadcrumbList\",\"@id\":\"https:\/\/frontaliers-grandest.eu\/de\/startseite\/jugendliche\/grenzubergreifende-berufsausbildung\/die-grenzuberschreitende-ausbildung-in-luxemburg\/welche-berufe-werden-angeboten\/#breadcrumb\",\"itemListElement\":[{\"@type\":\"ListItem\",\"position\":1,\"name\":\"Startseite\",\"item\":\"https:\/\/frontaliers-grandest.eu\/de\/\"},{\"@type\":\"ListItem\",\"position\":2,\"name\":\"Jugendliche\",\"item\":\"https:\/\/frontaliers-grandest.eu\/de\/startseite\/jugendliche\/\"},{\"@type\":\"ListItem\",\"position\":3,\"name\":\"Grenz\u00fcbergreifende Berufsausbildung\",\"item\":\"https:\/\/frontaliers-grandest.eu\/de\/startseite\/jugendliche\/grenzubergreifende-berufsausbildung\/\"},{\"@type\":\"ListItem\",\"position\":4,\"name\":\"Die Grenz\u00fcberschreitende Ausbildung in Luxemburg\",\"item\":\"https:\/\/frontaliers-grandest.eu\/de\/startseite\/jugendliche\/grenzubergreifende-berufsausbildung\/die-grenzuberschreitende-ausbildung-in-luxemburg\/\"},{\"@type\":\"ListItem\",\"position\":5,\"name\":\"Welche Berufe werden angeboten?\"}]},{\"@type\":\"WebSite\",\"@id\":\"https:\/\/frontaliers-grandest.eu\/de\/#website\",\"url\":\"https:\/\/frontaliers-grandest.eu\/de\/\",\"name\":\"Frontaliers Grand Est\",\"description\":\"Le site ressource du travail frontalier\",\"publisher\":{\"@id\":\"https:\/\/frontaliers-grandest.eu\/de\/#organization\"},\"alternateName\":\"Frontaliers Grand Est\",\"potentialAction\":[{\"@type\":\"SearchAction\",\"target\":{\"@type\":\"EntryPoint\",\"urlTemplate\":\"https:\/\/frontaliers-grandest.eu\/de\/?s={search_term_string}\"},\"query-input\":{\"@type\":\"PropertyValueSpecification\",\"valueRequired\":true,\"valueName\":\"search_term_string\"}}],\"inLanguage\":\"de\"},{\"@type\":\"Organization\",\"@id\":\"https:\/\/frontaliers-grandest.eu\/de\/#organization\",\"name\":\"Frontaliers Grand Est\",\"alternateName\":\"Frontaliers Grand Est\",\"url\":\"https:\/\/frontaliers-grandest.eu\/de\/\",\"logo\":{\"@type\":\"ImageObject\",\"inLanguage\":\"de\",\"@id\":\"https:\/\/frontaliers-grandest.eu\/de\/#\/schema\/logo\/image\/\",\"url\":\"https:\/\/frontaliers-grandest.eu\/wp-content\/uploads\/2025\/07\/260328234_2966785176920310_3332838526503858160_n.jpg\",\"contentUrl\":\"https:\/\/frontaliers-grandest.eu\/wp-content\/uploads\/2025\/07\/260328234_2966785176920310_3332838526503858160_n.jpg\",\"width\":396,\"height\":396,\"caption\":\"Frontaliers Grand Est\"},\"image\":{\"@id\":\"https:\/\/frontaliers-grandest.eu\/de\/#\/schema\/logo\/image\/\"},\"sameAs\":[\"https:\/\/www.facebook.com\/frontaliers.GR.EST\/?locale=fr_FR\"]}]}<\/script>\n<!-- \/ Yoast SEO plugin. -->","yoast_head_json":{"title":"Welche Berufe werden angeboten? - Frontaliers Grand Est","robots":{"index":"index","follow":"follow","max-snippet":"max-snippet:-1","max-image-preview":"max-image-preview:large","max-video-preview":"max-video-preview:-1"},"canonical":"https:\/\/frontaliers-grandest.eu\/de\/startseite\/jugendliche\/grenzubergreifende-berufsausbildung\/die-grenzuberschreitende-ausbildung-in-luxemburg\/welche-berufe-werden-angeboten\/","og_locale":"de_DE","og_type":"article","og_title":"Welche Berufe werden angeboten? - Frontaliers Grand Est","og_description":"In Luxemburg kann die grenz\u00fcberschreitende Ausbildung einzig in Berufen erfolgen, die den gro\u00dfherzoglichen Verordnungen zu entnehmen sind. In diesem Sinne wird j\u00e4hrlich mit einer gro\u00dfherzoglichen Verordnungeine Liste der Berufe, die in den Bereichen des Handwerk, des Handels, des Hotel- und Gastst\u00e4ttengewerbes, der Industrie, der Landwirtschaft und im Gesundheits- und Sozialsektor f\u00fcr die grenz\u00fcberschreitende Berufsausbildung zug\u00e4nglich [&hellip;]","og_url":"https:\/\/frontaliers-grandest.eu\/de\/startseite\/jugendliche\/grenzubergreifende-berufsausbildung\/die-grenzuberschreitende-ausbildung-in-luxemburg\/welche-berufe-werden-angeboten\/","og_site_name":"Frontaliers Grand Est","article_publisher":"https:\/\/www.facebook.com\/frontaliers.GR.EST\/?locale=fr_FR","article_modified_time":"2021-05-18T10:13:39+00:00","twitter_card":"summary_large_image","twitter_misc":{"Gesch\u00e4tzte Lesezeit":"1\u00a0Minute"},"schema":{"@context":"https:\/\/schema.org","@graph":[{"@type":"WebPage","@id":"https:\/\/frontaliers-grandest.eu\/de\/startseite\/jugendliche\/grenzubergreifende-berufsausbildung\/die-grenzuberschreitende-ausbildung-in-luxemburg\/welche-berufe-werden-angeboten\/","url":"https:\/\/frontaliers-grandest.eu\/de\/startseite\/jugendliche\/grenzubergreifende-berufsausbildung\/die-grenzuberschreitende-ausbildung-in-luxemburg\/welche-berufe-werden-angeboten\/","name":"Welche Berufe werden angeboten? - Frontaliers Grand Est","isPartOf":{"@id":"https:\/\/frontaliers-grandest.eu\/de\/#website"},"datePublished":"2021-05-18T10:13:38+00:00","dateModified":"2021-05-18T10:13:39+00:00","breadcrumb":{"@id":"https:\/\/frontaliers-grandest.eu\/de\/startseite\/jugendliche\/grenzubergreifende-berufsausbildung\/die-grenzuberschreitende-ausbildung-in-luxemburg\/welche-berufe-werden-angeboten\/#breadcrumb"},"inLanguage":"de","potentialAction":[{"@type":"ReadAction","target":["https:\/\/frontaliers-grandest.eu\/de\/startseite\/jugendliche\/grenzubergreifende-berufsausbildung\/die-grenzuberschreitende-ausbildung-in-luxemburg\/welche-berufe-werden-angeboten\/"]}]},{"@type":"BreadcrumbList","@id":"https:\/\/frontaliers-grandest.eu\/de\/startseite\/jugendliche\/grenzubergreifende-berufsausbildung\/die-grenzuberschreitende-ausbildung-in-luxemburg\/welche-berufe-werden-angeboten\/#breadcrumb","itemListElement":[{"@type":"ListItem","position":1,"name":"Startseite","item":"https:\/\/frontaliers-grandest.eu\/de\/"},{"@type":"ListItem","position":2,"name":"Jugendliche","item":"https:\/\/frontaliers-grandest.eu\/de\/startseite\/jugendliche\/"},{"@type":"ListItem","position":3,"name":"Grenz\u00fcbergreifende Berufsausbildung","item":"https:\/\/frontaliers-grandest.eu\/de\/startseite\/jugendliche\/grenzubergreifende-berufsausbildung\/"},{"@type":"ListItem","position":4,"name":"Die Grenz\u00fcberschreitende Ausbildung in Luxemburg","item":"https:\/\/frontaliers-grandest.eu\/de\/startseite\/jugendliche\/grenzubergreifende-berufsausbildung\/die-grenzuberschreitende-ausbildung-in-luxemburg\/"},{"@type":"ListItem","position":5,"name":"Welche Berufe werden angeboten?"}]},{"@type":"WebSite","@id":"https:\/\/frontaliers-grandest.eu\/de\/#website","url":"https:\/\/frontaliers-grandest.eu\/de\/","name":"Frontaliers Grand Est","description":"Le site ressource du travail frontalier","publisher":{"@id":"https:\/\/frontaliers-grandest.eu\/de\/#organization"},"alternateName":"Frontaliers Grand Est","potentialAction":[{"@type":"SearchAction","target":{"@type":"EntryPoint","urlTemplate":"https:\/\/frontaliers-grandest.eu\/de\/?s={search_term_string}"},"query-input":{"@type":"PropertyValueSpecification","valueRequired":true,"valueName":"search_term_string"}}],"inLanguage":"de"},{"@type":"Organization","@id":"https:\/\/frontaliers-grandest.eu\/de\/#organization","name":"Frontaliers Grand Est","alternateName":"Frontaliers Grand Est","url":"https:\/\/frontaliers-grandest.eu\/de\/","logo":{"@type":"ImageObject","inLanguage":"de","@id":"https:\/\/frontaliers-grandest.eu\/de\/#\/schema\/logo\/image\/","url":"https:\/\/frontaliers-grandest.eu\/wp-content\/uploads\/2025\/07\/260328234_2966785176920310_3332838526503858160_n.jpg","contentUrl":"https:\/\/frontaliers-grandest.eu\/wp-content\/uploads\/2025\/07\/260328234_2966785176920310_3332838526503858160_n.jpg","width":396,"height":396,"caption":"Frontaliers Grand Est"},"image":{"@id":"https:\/\/frontaliers-grandest.eu\/de\/#\/schema\/logo\/image\/"},"sameAs":["https:\/\/www.facebook.com\/frontaliers.GR.EST\/?locale=fr_FR"]}]}},"frge_page_order":0,"_links":{"self":[{"href":"https:\/\/frontaliers-grandest.eu\/de\/wp-json\/wp\/v2\/pages\/7479","targetHints":{"allow":["GET"]}}],"collection":[{"href":"https:\/\/frontaliers-grandest.eu\/de\/wp-json\/wp\/v2\/pages"}],"about":[{"href":"https:\/\/frontaliers-grandest.eu\/de\/wp-json\/wp\/v2\/types\/page"}],"author":[{"embeddable":true,"href":"https:\/\/frontaliers-grandest.eu\/de\/wp-json\/wp\/v2\/users\/7"}],"replies":[{"embeddable":true,"href":"https:\/\/frontaliers-grandest.eu\/de\/wp-json\/wp\/v2\/comments?post=7479"}],"version-history":[{"count":1,"href":"https:\/\/frontaliers-grandest.eu\/de\/wp-json\/wp\/v2\/pages\/7479\/revisions"}],"predecessor-version":[{"id":7481,"href":"https:\/\/frontaliers-grandest.eu\/de\/wp-json\/wp\/v2\/pages\/7479\/revisions\/7481"}],"up":[{"embeddable":true,"href":"https:\/\/frontaliers-grandest.eu\/de\/wp-json\/wp\/v2\/pages\/7472"}],"wp:attachment":[{"href":"https:\/\/frontaliers-grandest.eu\/de\/wp-json\/wp\/v2\/media?parent=7479"}],"wp:term":[{"taxonomy":"post_tag","embeddable":true,"href":"https:\/\/frontaliers-grandest.eu\/de\/wp-json\/wp\/v2\/tags?post=7479"},{"taxonomy":"frge_profile","embeddable":true,"href":"https:\/\/frontaliers-grandest.eu\/de\/wp-json\/wp\/v2\/frge_profile?post=7479"}],"curies":[{"name":"wp","href":"https:\/\/api.w.org\/{rel}","templated":true}]}}