{"id":7454,"date":"2021-05-18T11:37:05","date_gmt":"2021-05-18T09:37:05","guid":{"rendered":"https:\/\/frontaliers-grandest.eu\/?page_id=7454"},"modified":"2024-03-13T11:47:12","modified_gmt":"2024-03-13T10:47:12","slug":"finanzielle-beihilfen","status":"publish","type":"page","link":"https:\/\/frontaliers-grandest.eu\/de\/startseite\/jugendliche\/grenzubergreifende-berufsausbildung\/die-grenzubergreifende-berufsausbildung-im-saarland\/finanzielle-beihilfen\/","title":{"rendered":"Finanzielle Beihilfen"},"content":{"rendered":"\n<h5 class=\"wp-block-heading\"><strong>Finanzierung des Besuchs der Berufsschule<\/strong><\/h5>\n\n\n\n<p>Die Finanzierung des Besuchs der Berufsschule wird in Frankreich mit der Ausbildungsgeb\u00fchr gew\u00e4hrleistet. In Anbetracht der Tatsache, dass die deutschen Unternehmen diese Geb\u00fchr nicht in Frankreich bezahlten, \u00fcbernimmt die Region Grand Est den Gro\u00dfteil der Ausbildungskosten.<br>Das deutsche Gastunternehmen bezahlt in Abh\u00e4ngigkeit vom Ausbildungsniveau einzig eine Restsumme.<\/p>\n\n\n\n<ul class=\"wp-block-list\"><li>Berufsbef\u00e4higungsnachweis (CAP): keine Kosten<\/li><li>Berufsbildendes Abitur (Bac Pro): keine Kosten<\/li><li>Fachholschul (BTS): 200 \u20ac j\u00e4hrlich pro Auszubildenden<\/li><\/ul>\n\n\n\n<h5 class=\"wp-block-heading\"><strong>Beihilfen zur Mobilit\u00e4t der Region Grand Est<\/strong><\/h5>\n\n\n\n<p>Ein Mobilit\u00e4tsstipendium in H\u00f6he von 70 \u20ac monatlich (\u00fcber 10 Monate) wird dem Auszubildenden von der Region Grand Est als Beteiligung zu den Transport- und Unterbringungskosten gew\u00e4hrt.<\/p>\n\n\n\n<h5 class=\"wp-block-heading\"><strong>Kontakte und Beratung<\/strong>&nbsp;:<\/h5>\n\n\n\n<figure class=\"wp-block-pullquote\"><blockquote><p><strong>Marl\u00e8ne Gr\u00e9bil et Julien ROBICHON<br>Charg\u00e9s de mission<\/strong><\/p><p>Agentur f\u00fcr Arbeit Saarbr\u00fccken<br>Hafenstra\u1e9ee 18<br>66111 Saarbr\u00fccken<br>Tel. 0049 681 944 2205<br>e mail&nbsp;: <a href=\"mailto:saarbruecken.apt@arbeitsagentur.de\" target=\"_blank\" rel=\"noreferrer noopener\">saarbruecken.apt@arbeitsagentur.de<\/a><\/p><\/blockquote><\/figure>\n\n\n\n<figure class=\"wp-block-pullquote\"><blockquote><p><strong>Charlotte Schneiders<\/strong><br><strong>Conseill\u00e8re mobilit\u00e9 (Mobilit\u00e4tsberaterin)<\/strong><\/p><p>IHK Saarland<br>T\u00e9l. 0681\/9520-757<br>e-mail : <a href=\"mailto:charlotte.scheiders@saarland.ihk.de\" target=\"_blank\" rel=\"noreferrer noopener\">charlotte.scheiders@saarland.ihk.de<\/a><\/p><\/blockquote><\/figure>\n","protected":false},"excerpt":{"rendered":"<p>Finanzierung des Besuchs der Berufsschule Die Finanzierung des Besuchs der Berufsschule wird in Frankreich mit der Ausbildungsgeb\u00fchr gew\u00e4hrleistet. In Anbetracht der Tatsache, dass die deutschen Unternehmen diese Geb\u00fchr nicht in Frankreich bezahlten, \u00fcbernimmt die Region Grand Est den Gro\u00dfteil der Ausbildungskosten.Das deutsche Gastunternehmen bezahlt in Abh\u00e4ngigkeit vom Ausbildungsniveau einzig eine Restsumme. Berufsbef\u00e4higungsnachweis (CAP): keine Kosten [&hellip;]<\/p>\n","protected":false},"author":7,"featured_media":0,"parent":7435,"menu_order":6,"comment_status":"closed","ping_status":"closed","template":"","meta":{"inline_featured_image":false,"footnotes":""},"tags":[],"frge_profile":[],"class_list":["post-7454","page","type-page","status-publish","hentry"],"yoast_head":"<!-- This site is optimized with the Yoast SEO plugin v27.1.1 - https:\/\/yoast.com\/product\/yoast-seo-wordpress\/ -->\n<title>Finanzielle Beihilfen - Frontaliers Grand Est<\/title>\n<meta name=\"robots\" content=\"index, follow, max-snippet:-1, max-image-preview:large, max-video-preview:-1\" \/>\n<link rel=\"canonical\" href=\"https:\/\/frontaliers-grandest.eu\/de\/startseite\/jugendliche\/grenzubergreifende-berufsausbildung\/die-grenzubergreifende-berufsausbildung-im-saarland\/finanzielle-beihilfen\/\" \/>\n<meta property=\"og:locale\" content=\"de_DE\" \/>\n<meta property=\"og:type\" content=\"article\" \/>\n<meta property=\"og:title\" content=\"Finanzielle Beihilfen - Frontaliers Grand Est\" \/>\n<meta property=\"og:description\" content=\"Finanzierung des Besuchs der Berufsschule Die Finanzierung des Besuchs der Berufsschule wird in Frankreich mit der Ausbildungsgeb\u00fchr gew\u00e4hrleistet. In Anbetracht der Tatsache, dass die deutschen Unternehmen diese Geb\u00fchr nicht in Frankreich bezahlten, \u00fcbernimmt die Region Grand Est den Gro\u00dfteil der Ausbildungskosten.Das deutsche Gastunternehmen bezahlt in Abh\u00e4ngigkeit vom Ausbildungsniveau einzig eine Restsumme. Berufsbef\u00e4higungsnachweis (CAP): keine Kosten [&hellip;]\" \/>\n<meta property=\"og:url\" content=\"https:\/\/frontaliers-grandest.eu\/de\/startseite\/jugendliche\/grenzubergreifende-berufsausbildung\/die-grenzubergreifende-berufsausbildung-im-saarland\/finanzielle-beihilfen\/\" \/>\n<meta property=\"og:site_name\" content=\"Frontaliers Grand Est\" \/>\n<meta property=\"article:publisher\" content=\"https:\/\/www.facebook.com\/frontaliers.GR.EST\/?locale=fr_FR\" \/>\n<meta property=\"article:modified_time\" content=\"2024-03-13T10:47:12+00:00\" \/>\n<meta name=\"twitter:card\" content=\"summary_large_image\" \/>\n<meta name=\"twitter:label1\" content=\"Gesch\u00e4tzte Lesezeit\" \/>\n\t<meta name=\"twitter:data1\" content=\"1\u00a0Minute\" \/>\n<script type=\"application\/ld+json\" class=\"yoast-schema-graph\">{\"@context\":\"https:\/\/schema.org\",\"@graph\":[{\"@type\":\"WebPage\",\"@id\":\"https:\/\/frontaliers-grandest.eu\/de\/startseite\/jugendliche\/grenzubergreifende-berufsausbildung\/die-grenzubergreifende-berufsausbildung-im-saarland\/finanzielle-beihilfen\/\",\"url\":\"https:\/\/frontaliers-grandest.eu\/de\/startseite\/jugendliche\/grenzubergreifende-berufsausbildung\/die-grenzubergreifende-berufsausbildung-im-saarland\/finanzielle-beihilfen\/\",\"name\":\"Finanzielle Beihilfen - Frontaliers Grand Est\",\"isPartOf\":{\"@id\":\"https:\/\/frontaliers-grandest.eu\/de\/#website\"},\"datePublished\":\"2021-05-18T09:37:05+00:00\",\"dateModified\":\"2024-03-13T10:47:12+00:00\",\"breadcrumb\":{\"@id\":\"https:\/\/frontaliers-grandest.eu\/de\/startseite\/jugendliche\/grenzubergreifende-berufsausbildung\/die-grenzubergreifende-berufsausbildung-im-saarland\/finanzielle-beihilfen\/#breadcrumb\"},\"inLanguage\":\"de\",\"potentialAction\":[{\"@type\":\"ReadAction\",\"target\":[\"https:\/\/frontaliers-grandest.eu\/de\/startseite\/jugendliche\/grenzubergreifende-berufsausbildung\/die-grenzubergreifende-berufsausbildung-im-saarland\/finanzielle-beihilfen\/\"]}]},{\"@type\":\"BreadcrumbList\",\"@id\":\"https:\/\/frontaliers-grandest.eu\/de\/startseite\/jugendliche\/grenzubergreifende-berufsausbildung\/die-grenzubergreifende-berufsausbildung-im-saarland\/finanzielle-beihilfen\/#breadcrumb\",\"itemListElement\":[{\"@type\":\"ListItem\",\"position\":1,\"name\":\"Startseite\",\"item\":\"https:\/\/frontaliers-grandest.eu\/de\/\"},{\"@type\":\"ListItem\",\"position\":2,\"name\":\"Jugendliche\",\"item\":\"https:\/\/frontaliers-grandest.eu\/de\/startseite\/jugendliche\/\"},{\"@type\":\"ListItem\",\"position\":3,\"name\":\"Grenz\u00fcbergreifende Berufsausbildung\",\"item\":\"https:\/\/frontaliers-grandest.eu\/de\/startseite\/jugendliche\/grenzubergreifende-berufsausbildung\/\"},{\"@type\":\"ListItem\",\"position\":4,\"name\":\"Die Grenz\u00fcbergreifende Berufsausbildung im Saarland\",\"item\":\"https:\/\/frontaliers-grandest.eu\/de\/startseite\/jugendliche\/grenzubergreifende-berufsausbildung\/die-grenzubergreifende-berufsausbildung-im-saarland\/\"},{\"@type\":\"ListItem\",\"position\":5,\"name\":\"Finanzielle Beihilfen\"}]},{\"@type\":\"WebSite\",\"@id\":\"https:\/\/frontaliers-grandest.eu\/de\/#website\",\"url\":\"https:\/\/frontaliers-grandest.eu\/de\/\",\"name\":\"Frontaliers Grand Est\",\"description\":\"Le site ressource du travail frontalier\",\"publisher\":{\"@id\":\"https:\/\/frontaliers-grandest.eu\/de\/#organization\"},\"alternateName\":\"Frontaliers Grand Est\",\"potentialAction\":[{\"@type\":\"SearchAction\",\"target\":{\"@type\":\"EntryPoint\",\"urlTemplate\":\"https:\/\/frontaliers-grandest.eu\/de\/?s={search_term_string}\"},\"query-input\":{\"@type\":\"PropertyValueSpecification\",\"valueRequired\":true,\"valueName\":\"search_term_string\"}}],\"inLanguage\":\"de\"},{\"@type\":\"Organization\",\"@id\":\"https:\/\/frontaliers-grandest.eu\/de\/#organization\",\"name\":\"Frontaliers Grand Est\",\"alternateName\":\"Frontaliers Grand Est\",\"url\":\"https:\/\/frontaliers-grandest.eu\/de\/\",\"logo\":{\"@type\":\"ImageObject\",\"inLanguage\":\"de\",\"@id\":\"https:\/\/frontaliers-grandest.eu\/de\/#\/schema\/logo\/image\/\",\"url\":\"https:\/\/frontaliers-grandest.eu\/wp-content\/uploads\/2025\/07\/260328234_2966785176920310_3332838526503858160_n.jpg\",\"contentUrl\":\"https:\/\/frontaliers-grandest.eu\/wp-content\/uploads\/2025\/07\/260328234_2966785176920310_3332838526503858160_n.jpg\",\"width\":396,\"height\":396,\"caption\":\"Frontaliers Grand Est\"},\"image\":{\"@id\":\"https:\/\/frontaliers-grandest.eu\/de\/#\/schema\/logo\/image\/\"},\"sameAs\":[\"https:\/\/www.facebook.com\/frontaliers.GR.EST\/?locale=fr_FR\"]}]}<\/script>\n<!-- \/ Yoast SEO plugin. -->","yoast_head_json":{"title":"Finanzielle Beihilfen - Frontaliers Grand Est","robots":{"index":"index","follow":"follow","max-snippet":"max-snippet:-1","max-image-preview":"max-image-preview:large","max-video-preview":"max-video-preview:-1"},"canonical":"https:\/\/frontaliers-grandest.eu\/de\/startseite\/jugendliche\/grenzubergreifende-berufsausbildung\/die-grenzubergreifende-berufsausbildung-im-saarland\/finanzielle-beihilfen\/","og_locale":"de_DE","og_type":"article","og_title":"Finanzielle Beihilfen - Frontaliers Grand Est","og_description":"Finanzierung des Besuchs der Berufsschule Die Finanzierung des Besuchs der Berufsschule wird in Frankreich mit der Ausbildungsgeb\u00fchr gew\u00e4hrleistet. In Anbetracht der Tatsache, dass die deutschen Unternehmen diese Geb\u00fchr nicht in Frankreich bezahlten, \u00fcbernimmt die Region Grand Est den Gro\u00dfteil der Ausbildungskosten.Das deutsche Gastunternehmen bezahlt in Abh\u00e4ngigkeit vom Ausbildungsniveau einzig eine Restsumme. Berufsbef\u00e4higungsnachweis (CAP): keine Kosten [&hellip;]","og_url":"https:\/\/frontaliers-grandest.eu\/de\/startseite\/jugendliche\/grenzubergreifende-berufsausbildung\/die-grenzubergreifende-berufsausbildung-im-saarland\/finanzielle-beihilfen\/","og_site_name":"Frontaliers Grand Est","article_publisher":"https:\/\/www.facebook.com\/frontaliers.GR.EST\/?locale=fr_FR","article_modified_time":"2024-03-13T10:47:12+00:00","twitter_card":"summary_large_image","twitter_misc":{"Gesch\u00e4tzte Lesezeit":"1\u00a0Minute"},"schema":{"@context":"https:\/\/schema.org","@graph":[{"@type":"WebPage","@id":"https:\/\/frontaliers-grandest.eu\/de\/startseite\/jugendliche\/grenzubergreifende-berufsausbildung\/die-grenzubergreifende-berufsausbildung-im-saarland\/finanzielle-beihilfen\/","url":"https:\/\/frontaliers-grandest.eu\/de\/startseite\/jugendliche\/grenzubergreifende-berufsausbildung\/die-grenzubergreifende-berufsausbildung-im-saarland\/finanzielle-beihilfen\/","name":"Finanzielle Beihilfen - Frontaliers Grand Est","isPartOf":{"@id":"https:\/\/frontaliers-grandest.eu\/de\/#website"},"datePublished":"2021-05-18T09:37:05+00:00","dateModified":"2024-03-13T10:47:12+00:00","breadcrumb":{"@id":"https:\/\/frontaliers-grandest.eu\/de\/startseite\/jugendliche\/grenzubergreifende-berufsausbildung\/die-grenzubergreifende-berufsausbildung-im-saarland\/finanzielle-beihilfen\/#breadcrumb"},"inLanguage":"de","potentialAction":[{"@type":"ReadAction","target":["https:\/\/frontaliers-grandest.eu\/de\/startseite\/jugendliche\/grenzubergreifende-berufsausbildung\/die-grenzubergreifende-berufsausbildung-im-saarland\/finanzielle-beihilfen\/"]}]},{"@type":"BreadcrumbList","@id":"https:\/\/frontaliers-grandest.eu\/de\/startseite\/jugendliche\/grenzubergreifende-berufsausbildung\/die-grenzubergreifende-berufsausbildung-im-saarland\/finanzielle-beihilfen\/#breadcrumb","itemListElement":[{"@type":"ListItem","position":1,"name":"Startseite","item":"https:\/\/frontaliers-grandest.eu\/de\/"},{"@type":"ListItem","position":2,"name":"Jugendliche","item":"https:\/\/frontaliers-grandest.eu\/de\/startseite\/jugendliche\/"},{"@type":"ListItem","position":3,"name":"Grenz\u00fcbergreifende Berufsausbildung","item":"https:\/\/frontaliers-grandest.eu\/de\/startseite\/jugendliche\/grenzubergreifende-berufsausbildung\/"},{"@type":"ListItem","position":4,"name":"Die Grenz\u00fcbergreifende Berufsausbildung im Saarland","item":"https:\/\/frontaliers-grandest.eu\/de\/startseite\/jugendliche\/grenzubergreifende-berufsausbildung\/die-grenzubergreifende-berufsausbildung-im-saarland\/"},{"@type":"ListItem","position":5,"name":"Finanzielle Beihilfen"}]},{"@type":"WebSite","@id":"https:\/\/frontaliers-grandest.eu\/de\/#website","url":"https:\/\/frontaliers-grandest.eu\/de\/","name":"Frontaliers Grand Est","description":"Le site ressource du travail frontalier","publisher":{"@id":"https:\/\/frontaliers-grandest.eu\/de\/#organization"},"alternateName":"Frontaliers Grand Est","potentialAction":[{"@type":"SearchAction","target":{"@type":"EntryPoint","urlTemplate":"https:\/\/frontaliers-grandest.eu\/de\/?s={search_term_string}"},"query-input":{"@type":"PropertyValueSpecification","valueRequired":true,"valueName":"search_term_string"}}],"inLanguage":"de"},{"@type":"Organization","@id":"https:\/\/frontaliers-grandest.eu\/de\/#organization","name":"Frontaliers Grand Est","alternateName":"Frontaliers Grand Est","url":"https:\/\/frontaliers-grandest.eu\/de\/","logo":{"@type":"ImageObject","inLanguage":"de","@id":"https:\/\/frontaliers-grandest.eu\/de\/#\/schema\/logo\/image\/","url":"https:\/\/frontaliers-grandest.eu\/wp-content\/uploads\/2025\/07\/260328234_2966785176920310_3332838526503858160_n.jpg","contentUrl":"https:\/\/frontaliers-grandest.eu\/wp-content\/uploads\/2025\/07\/260328234_2966785176920310_3332838526503858160_n.jpg","width":396,"height":396,"caption":"Frontaliers Grand Est"},"image":{"@id":"https:\/\/frontaliers-grandest.eu\/de\/#\/schema\/logo\/image\/"},"sameAs":["https:\/\/www.facebook.com\/frontaliers.GR.EST\/?locale=fr_FR"]}]}},"frge_page_order":0,"_links":{"self":[{"href":"https:\/\/frontaliers-grandest.eu\/de\/wp-json\/wp\/v2\/pages\/7454","targetHints":{"allow":["GET"]}}],"collection":[{"href":"https:\/\/frontaliers-grandest.eu\/de\/wp-json\/wp\/v2\/pages"}],"about":[{"href":"https:\/\/frontaliers-grandest.eu\/de\/wp-json\/wp\/v2\/types\/page"}],"author":[{"embeddable":true,"href":"https:\/\/frontaliers-grandest.eu\/de\/wp-json\/wp\/v2\/users\/7"}],"replies":[{"embeddable":true,"href":"https:\/\/frontaliers-grandest.eu\/de\/wp-json\/wp\/v2\/comments?post=7454"}],"version-history":[{"count":3,"href":"https:\/\/frontaliers-grandest.eu\/de\/wp-json\/wp\/v2\/pages\/7454\/revisions"}],"predecessor-version":[{"id":34605,"href":"https:\/\/frontaliers-grandest.eu\/de\/wp-json\/wp\/v2\/pages\/7454\/revisions\/34605"}],"up":[{"embeddable":true,"href":"https:\/\/frontaliers-grandest.eu\/de\/wp-json\/wp\/v2\/pages\/7435"}],"wp:attachment":[{"href":"https:\/\/frontaliers-grandest.eu\/de\/wp-json\/wp\/v2\/media?parent=7454"}],"wp:term":[{"taxonomy":"post_tag","embeddable":true,"href":"https:\/\/frontaliers-grandest.eu\/de\/wp-json\/wp\/v2\/tags?post=7454"},{"taxonomy":"frge_profile","embeddable":true,"href":"https:\/\/frontaliers-grandest.eu\/de\/wp-json\/wp\/v2\/frge_profile?post=7454"}],"curies":[{"name":"wp","href":"https:\/\/api.w.org\/{rel}","templated":true}]}}