{"id":7448,"date":"2021-05-18T11:12:01","date_gmt":"2021-05-18T09:12:01","guid":{"rendered":"https:\/\/frontaliers-grandest.eu\/?page_id=7448"},"modified":"2024-03-13T11:46:33","modified_gmt":"2024-03-13T10:46:33","slug":"suche-nach-einem-unternehmen-im-saarland-fur-eine-berufsausbildung","status":"publish","type":"page","link":"https:\/\/frontaliers-grandest.eu\/de\/startseite\/jugendliche\/grenzubergreifende-berufsausbildung\/die-grenzubergreifende-berufsausbildung-im-saarland\/suche-nach-einem-unternehmen-im-saarland-fur-eine-berufsausbildung\/","title":{"rendered":"Suche nach einem Unternehmen im Saarland f\u00fcr eine Berufsausbildung"},"content":{"rendered":"\n<h3 class=\"wp-block-heading\"><strong><strong>Ein Unternehmen im Saarland finden<\/strong><\/strong><\/h3>\n\n\n\n<p><strong>Zwei Berater der Bundesagentur f\u00fcr Arbeit in Saarbr\u00fccken <\/strong>informieren und begleiten die an der grenz\u00fcberschreitenden Ausbildung interessierten Jugendlichen und Unternehmen:<\/p>\n\n\n\n<figure class=\"wp-block-pullquote\"><blockquote><p><strong>Marl\u00e8ne Gr\u00e9bil et Julien ROBICHON<\/strong><br><br>Agentur f\u00fcr Arbeit Saarbr\u00fccken<br>Hafenstra\u1e9ee 18 &#8211; 66111 Saarbr\u00fccken<br>Tel. 00 49 681&nbsp;944 5437<br><a href=\"mailto:saarbruecken.apt@arbeitsagentur.de\" target=\"_blank\" rel=\"noreferrer noopener\">saarbruecken.apt@arbeitsagentur.de<\/a><\/p><\/blockquote><\/figure>\n\n\n\n<h5 class=\"wp-block-heading\"><strong>Weitere hilfreiche Adressen<\/strong> :<\/h5>\n\n\n\n<p>Industrie und Handelskammer des Saarlandes<br><a href=\"https:\/\/www.saarland.ihk.de\/\" target=\"_blank\" rel=\"noreferrer noopener\">www.saarland.ihk.de<\/a><\/p>\n\n\n\n<p>Handwerkskammer des Saarlandes<br><a href=\"http:\/\/www.hwk-saarland.de\" target=\"_blank\" rel=\"noreferrer noopener\">www.hwk-saarland.de<\/a><\/p>\n\n\n\n<h3 class=\"wp-block-heading\"><strong>Zusendung einer Bewerbung<\/strong><\/h3>\n\n\n\n<ul class=\"wp-block-list\">\n<li>In Deutschland stellen die Unternehmen ihre Auszubildenden sehr fr\u00fch ein; gr\u00f6\u00dfere Unternehmen beginnen ein Jahr oder mehr im Voraus! Die Bewerbungen sind im Dezember zuzusenden, w\u00e4hrenddessen sie in Frankreich im Mai des Folgejahres \u00fcbermittelt werden.<\/li>\n\n\n\n<li>Die Bewerbungsunterlagen m\u00fcssen voltst\u00e4ndig sein: Bewerbungsschreiben, ausf\u00fchrlicher Lebenslauf (m\u00f6glichst auf Deutsch) und vorzugsweise einem Passfoto, Kopie der Zeugnisse. Er muss die Kompetenzen und die Motivation des Bewerbers widerspiegeln.<\/li>\n\n\n\n<li>Im Idealfall erm\u00f6glichen es Ihnen Ihre Kenntnisse der deutschen Sprache, zu verstehen und sich im Unternehmen in Deutschland verst\u00e4ndlich zu machen. Einige Berufsschulen, die im Rahmen der grenz\u00fcberschreitenden Berufsausbildung Partnerschaften mit deutschen Unternehmen aufgebaut haben, bieten w\u00e4hrend der Ausbildungszeit Deutschkurse an (bitte informieren Sie sich bei der Bundesagentur f\u00fcr Arbeit, Tel.: 0049 681&nbsp;944 5437,<br>E-Mail: <a href=\"mailto:saarbruecken.apt@arbeitsagentur.de\" target=\"_blank\" rel=\"noreferrer noopener\">saarbruecken.apt@arbeitsagentur.de<\/a>)<\/li>\n<\/ul>\n\n\n\n<h5 class=\"wp-block-heading\"><strong>Andere wichtige Websites f\u00fcr Ihre Bewerbungen<\/strong>&nbsp;:<\/h5>\n\n\n\n<p>Ratschl\u00e4ge f\u00fcr die Bewerbung und Musterlebensl\u00e4ufe und -bewerbungsschreiben:<\/p>\n\n\n\n<ul class=\"wp-block-list\">\n<li><a href=\"https:\/\/www.bibb.de\/\" target=\"_blank\" rel=\"noreferrer noopener\">www.bibb.de<\/a>&nbsp; (Bundesinstitut f\u00fcr Berufsbildung)<\/li>\n\n\n\n<li><a href=\"https:\/\/planet-beruf.de\/schuelerinnen\/wie-bewerbe-ich-mich\">https:\/\/planet-beruf.de\/schuelerinnen\/wie-bewerbe-ich-mich<\/a><\/li>\n<\/ul>\n\n\n\n<p>In bestimmten Bereichen bleiben die Ausbildungspl\u00e4tze in Deutschland unbesetzt (Einzelhandel, Gastronomie, Metallurgie, Elektronik), w\u00e4hrend andere Bereiche sehr gefragt sind (Mechatroniker, Verk\u00e4ufer im Industriebereich).<\/p>\n\n\n\n<h3 class=\"wp-block-heading\"><strong>Der Ausbildungsvertrag<\/strong><\/h3>\n\n\n\n<p><strong>Sie haben ein Unternehmen in Deutschland gefunden, das bereits ist, Sie f\u00fcr Ihre praktische Ausbildung aufzunehmen. Sie m\u00fcssen die besonderen Bedingungen kennen, die im Rahmen der grenz\u00fcberschreitenden Berufsausbildung einzuhalten sind. <\/strong><\/p>\n\n\n\n<h4 class=\"wp-block-heading\"><strong>Partneschaftsvereinbarung Berufsschule\/Unternehmen<\/strong><\/h4>\n\n\n\n<ul class=\"wp-block-list\">\n<li>Bitte setzen Sie sich mit dem Leiter der Berufsschule in Verbindung, in der Sie Ihre Berufsausbildung absolvieren m\u00f6chten, damit eine Partnerschaftsvereinbarung zwischen Ihrer Einrichtung und dem Unternehmen unterzeichnet wird. Ziel dieser Partnerschaftsvereinbarung ist es sicherzustellen, dass das Unternehmen die Bedingungen der Schulungseinrichtung in Frankreich akzeptiert: Ausbildungsplan im Dualsystem, w\u00e4hrend der praktischen Ausbildung (im Unternehmen) zu erwerbenden Kompetenzen.<\/li>\n\n\n\n<li>Die \u00dcbersetzung der Dokumente in die deutsche Sprache\n<ul class=\"wp-block-list\">\n<li>Das Azubi-Heft, das die Verbindung zwischen der Berufsschule und dem Unternehmen herstellt, muss in der deutschen Sprache verf\u00fcgbar sein.<\/li>\n\n\n\n<li>Von den Bewerbern wird ein Mindestniveau an Deutschkenntnissen verlangt: in Abh\u00e4ngigkeit vom nachgewiesenen Bedarf bem\u00fchen sie die Partnerberufsschulen, den Auszubildenden eine Sprachverbesserungsma\u00dfnahmen anzubieten.<br>Wichtiger Hinweis: Die deutschen Arbeitgeber k\u00f6nnen auf sprachlicher Ebene sehr anspruchsvoll sein.<\/li>\n<\/ul>\n<\/li>\n<\/ul>\n\n\n\n<h4 class=\"wp-block-heading\"><strong>Der Ausbildungsvertrag Azubi\/Unternehmen<\/strong><\/h4>\n\n\n\n<p>Die Zeit, in der Sie im Unternehmen t\u00e4tig sind, erm\u00f6glicht Ihnen den Erwerb beruflicher Kompetenzen. Ihr Arbeitgeber verpflichtet sich, Ihnen den Besuch der Berufsschule zu erm\u00f6glichen und in \u00dcbereinstimmung mit den Vorschriften des franz\u00f6sischen Rechts an den Pr\u00fcfungen teilzunehmen. Die Mindestdauer des theoretischen Unterrichts in Frankreich betr\u00e4gt 400 Stunden.<\/p>\n\n\n\n<p>Als Azubi\/Student im Dualsystem unterzeichnen Sie mit dem deutschen Unternehmen einen <strong>Ausbildungsvertrag<\/strong>, der sich an das <strong>deutsche Recht<\/strong> (Berufsbildungsgesetz) anlehnt.<\/p>\n\n\n\n<h4 class=\"wp-block-heading\"><strong>Der obligatorische Vertragsinhalt<\/strong><\/h4>\n\n\n\n<ul class=\"wp-block-list\">\n<li><strong>Arbeitszeit<\/strong>: F\u00fcr Minderj\u00e4hrige gelten besondere Regeln. F\u00fcr Erwachsene kommt das Arbeitsrecht zur Anwendung: 8 Stunden t\u00e4glich, 40 Wochenstunden. &nbsp;<\/li>\n\n\n\n<li><strong>Verg\u00fctung<\/strong>: Die (Ausbildungsverg\u00fctung) h\u00e4ngt von der Sparte, den Unternehmen und vom T\u00e4tigkeitsort ab. Sie kann f\u00fcr dieselbe Sparte von einem Land zum anderen schwanken. Sie wird in Abh\u00e4ngigkeit von der Anzahl der Ausbildungsjahre ermittelt.<\/li>\n<\/ul>\n\n\n<div class=\"wp-block-wptb-table-block\"><div class=\"wptb-container-legacy\" data-table-id=\"7449\">\n    <table class=\"wptb-preview-table wptb-element-main-table_setting-startedid-0\" style=\"border: 1px solid rgb(209, 209, 209);\" data-reconstraction=\"1\" data-wptb-table-tds-sum-max-width=\"263\" data-wptb-cells-width-auto-count=\"2\" data-wptb-extra-styles=\"LyogRW50ZXIgeW91ciBjdXN0b20gQ1NTIHJ1bGVzIGhlcmUgKi8=\" role=\"table\" data-table-columns=\"2\"><tbody><tr class=\"wptb-row\"><td class=\"wptb-cell\" data-y-index=\"0\" data-x-index=\"0\" style=\"border: 1px solid rgb(209, 209, 209);\" data-wptb-css-td-auto-width=\"true\"><div class=\"wptb-text-container wptb-ph-element wptb-element-text-1\"><div class=\"\" style=\"position: relative;\"><p><strong>Ausbildungsjahr<\/strong><\/p><\/div><\/div><\/td><td class=\"wptb-cell\" data-y-index=\"0\" data-x-index=\"1\" style=\"border: 1px solid rgb(209, 209, 209);\" data-wptb-css-td-auto-width=\"true\"><div class=\"wptb-text-container wptb-ph-element wptb-element-text-2\"><div class=\"\" style=\"position: relative;\"><p><strong>Durchschnittsgehalt der Auszubildenden<\/strong><\/p><\/div><\/div><\/td><\/tr><tr class=\"wptb-row\"><td class=\"wptb-cell\" data-y-index=\"1\" data-x-index=\"0\" style=\"border: 1px solid rgb(209, 209, 209);\" data-wptb-css-td-auto-width=\"true\"><div class=\"wptb-text-container wptb-ph-element wptb-element-text-3\"><div class=\"\" style=\"position: relative;\"><p>Jahr<\/p><\/div><\/div><\/td><td class=\"wptb-cell\" data-y-index=\"1\" data-x-index=\"1\" style=\"border: 1px solid rgb(209, 209, 209);\" data-wptb-css-td-auto-width=\"true\"><div class=\"wptb-text-container wptb-ph-element wptb-element-text-4\"><div class=\"\" style=\"position: relative;\"><p>751 \u20ac<\/p><\/div><\/div><\/td><\/tr><tr class=\"wptb-row\"><td class=\"wptb-cell\" data-y-index=\"2\" data-x-index=\"0\" style=\"border: 1px solid rgb(209, 209, 209);\" data-wptb-css-td-auto-width=\"true\"><div class=\"wptb-text-container wptb-ph-element wptb-element-text-5\"><div class=\"\" style=\"position: relative;\"><p>Jahr<\/p><\/div><\/div><\/td><td class=\"wptb-cell\" data-y-index=\"2\" data-x-index=\"1\" style=\"border: 1px solid rgb(209, 209, 209);\" data-wptb-css-td-auto-width=\"true\"><div class=\"wptb-text-container wptb-ph-element wptb-element-text-6\"><div class=\"\" style=\"position: relative;\"><p>826 \u20ac<\/p><\/div><\/div><\/td><\/tr><tr class=\"wptb-row\"><td class=\"wptb-cell\" data-y-index=\"3\" data-x-index=\"0\" style=\"border: 1px solid rgb(209, 209, 209);\" data-wptb-css-td-auto-width=\"true\"><div class=\"wptb-text-container wptb-ph-element wptb-element-text-7\"><div class=\"\" style=\"position: relative;\"><p>Jahr<\/p><\/div><\/div><\/td><td class=\"wptb-cell\" data-y-index=\"3\" data-x-index=\"1\" style=\"border: 1px solid rgb(209, 209, 209);\" data-wptb-css-td-auto-width=\"true\"><div class=\"wptb-text-container wptb-ph-element wptb-element-text-8 edit-active\"><div class=\"\" style=\"position: relative;\"><p>915 \u20ac<\/p><\/div><\/div><\/td><\/tr><\/tbody><\/table>\n<\/div>\n<\/div>\n\n\n<p><em>Durchschnittliche Verg\u00fctung im Westen Deutschlands. Quelle: Bundesinstitut f\u00fcr Berufsbildung, Daten 2015, <a href=\"http:\/\/www.ausbildung.de\" target=\"_blank\" rel=\"noreferrer noopener\">www.ausbildung.de<\/a><\/em><\/p>\n\n\n\n<ul class=\"wp-block-list\">\n<li><strong>Probezeit<\/strong>: Sie schwankt zwischen (mindestens) 1 Monat und (maximal) 4 Monaten.<\/li>\n\n\n\n<li><strong>Urlaub<\/strong>: Besondere Regeln gelten f\u00fcr Minderj\u00e4hrige (30 Tage vor der Vollendung des 16. Lebensjahres). Das Arbeitsrecht gilt f\u00fcr vollj\u00e4hrige Auszubildende (24 Werktage). Der Urlaub wird w\u00e4hrend der Schulferienzeiten des Ausbildungszentrums in Anspruch genommen.<\/li>\n<\/ul>\n\n\n\n<p>Nach der Unterzeichnung des Ausbildungsvertrags durch die Parteien wird derselbe vom Arbeitgeber zwecks Pr\u00fcfung und Registrierung an die zust\u00e4ndige Stelle \u00fcbertragen. Es handelt sich in Abh\u00e4ngigkeit vom T\u00e4tigkeitsbereich um die Handwerkskammer f\u00fcr Handwerker, f\u00fcr kaufm\u00e4nnische Berufe, um die Notarkammer usw.<\/p>\n","protected":false},"excerpt":{"rendered":"<p>Ein Unternehmen im Saarland finden Zwei Berater der Bundesagentur f\u00fcr Arbeit in Saarbr\u00fccken informieren und begleiten die an der grenz\u00fcberschreitenden Ausbildung interessierten Jugendlichen und Unternehmen: Marl\u00e8ne Gr\u00e9bil et Julien ROBICHON Agentur f\u00fcr Arbeit Saarbr\u00fcckenHafenstra\u1e9ee 18 &#8211; 66111 Saarbr\u00fcckenTel. 00 49 681&nbsp;944 5437saarbruecken.apt@arbeitsagentur.de Weitere hilfreiche Adressen : Industrie und Handelskammer des Saarlandeswww.saarland.ihk.de Handwerkskammer des Saarlandeswww.hwk-saarland.de Zusendung [&hellip;]<\/p>\n","protected":false},"author":7,"featured_media":0,"parent":7435,"menu_order":4,"comment_status":"closed","ping_status":"closed","template":"","meta":{"inline_featured_image":false,"footnotes":""},"tags":[],"frge_profile":[],"class_list":["post-7448","page","type-page","status-publish","hentry"],"yoast_head":"<!-- This site is optimized with the Yoast SEO plugin v27.1.1 - https:\/\/yoast.com\/product\/yoast-seo-wordpress\/ -->\n<title>Suche nach einem Unternehmen im Saarland f\u00fcr eine Berufsausbildung - Frontaliers Grand Est<\/title>\n<meta name=\"robots\" content=\"index, follow, max-snippet:-1, max-image-preview:large, max-video-preview:-1\" \/>\n<link rel=\"canonical\" href=\"https:\/\/frontaliers-grandest.eu\/de\/startseite\/jugendliche\/grenzubergreifende-berufsausbildung\/die-grenzubergreifende-berufsausbildung-im-saarland\/suche-nach-einem-unternehmen-im-saarland-fur-eine-berufsausbildung\/\" \/>\n<meta property=\"og:locale\" content=\"de_DE\" \/>\n<meta property=\"og:type\" content=\"article\" \/>\n<meta property=\"og:title\" content=\"Suche nach einem Unternehmen im Saarland f\u00fcr eine Berufsausbildung - Frontaliers Grand Est\" \/>\n<meta property=\"og:description\" content=\"Ein Unternehmen im Saarland finden Zwei Berater der Bundesagentur f\u00fcr Arbeit in Saarbr\u00fccken informieren und begleiten die an der grenz\u00fcberschreitenden Ausbildung interessierten Jugendlichen und Unternehmen: Marl\u00e8ne Gr\u00e9bil et Julien ROBICHON Agentur f\u00fcr Arbeit Saarbr\u00fcckenHafenstra\u1e9ee 18 &#8211; 66111 Saarbr\u00fcckenTel. 00 49 681&nbsp;944 5437saarbruecken.apt@arbeitsagentur.de Weitere hilfreiche Adressen : Industrie und Handelskammer des Saarlandeswww.saarland.ihk.de Handwerkskammer des Saarlandeswww.hwk-saarland.de Zusendung [&hellip;]\" \/>\n<meta property=\"og:url\" content=\"https:\/\/frontaliers-grandest.eu\/de\/startseite\/jugendliche\/grenzubergreifende-berufsausbildung\/die-grenzubergreifende-berufsausbildung-im-saarland\/suche-nach-einem-unternehmen-im-saarland-fur-eine-berufsausbildung\/\" \/>\n<meta property=\"og:site_name\" content=\"Frontaliers Grand Est\" \/>\n<meta property=\"article:publisher\" content=\"https:\/\/www.facebook.com\/frontaliers.GR.EST\/?locale=fr_FR\" \/>\n<meta property=\"article:modified_time\" content=\"2024-03-13T10:46:33+00:00\" \/>\n<meta name=\"twitter:card\" content=\"summary_large_image\" \/>\n<meta name=\"twitter:label1\" content=\"Gesch\u00e4tzte Lesezeit\" \/>\n\t<meta name=\"twitter:data1\" content=\"3\u00a0Minuten\" \/>\n<script type=\"application\/ld+json\" class=\"yoast-schema-graph\">{\"@context\":\"https:\/\/schema.org\",\"@graph\":[{\"@type\":\"WebPage\",\"@id\":\"https:\/\/frontaliers-grandest.eu\/de\/startseite\/jugendliche\/grenzubergreifende-berufsausbildung\/die-grenzubergreifende-berufsausbildung-im-saarland\/suche-nach-einem-unternehmen-im-saarland-fur-eine-berufsausbildung\/\",\"url\":\"https:\/\/frontaliers-grandest.eu\/de\/startseite\/jugendliche\/grenzubergreifende-berufsausbildung\/die-grenzubergreifende-berufsausbildung-im-saarland\/suche-nach-einem-unternehmen-im-saarland-fur-eine-berufsausbildung\/\",\"name\":\"Suche nach einem Unternehmen im Saarland f\u00fcr eine Berufsausbildung - Frontaliers Grand Est\",\"isPartOf\":{\"@id\":\"https:\/\/frontaliers-grandest.eu\/de\/#website\"},\"datePublished\":\"2021-05-18T09:12:01+00:00\",\"dateModified\":\"2024-03-13T10:46:33+00:00\",\"breadcrumb\":{\"@id\":\"https:\/\/frontaliers-grandest.eu\/de\/startseite\/jugendliche\/grenzubergreifende-berufsausbildung\/die-grenzubergreifende-berufsausbildung-im-saarland\/suche-nach-einem-unternehmen-im-saarland-fur-eine-berufsausbildung\/#breadcrumb\"},\"inLanguage\":\"de\",\"potentialAction\":[{\"@type\":\"ReadAction\",\"target\":[\"https:\/\/frontaliers-grandest.eu\/de\/startseite\/jugendliche\/grenzubergreifende-berufsausbildung\/die-grenzubergreifende-berufsausbildung-im-saarland\/suche-nach-einem-unternehmen-im-saarland-fur-eine-berufsausbildung\/\"]}]},{\"@type\":\"BreadcrumbList\",\"@id\":\"https:\/\/frontaliers-grandest.eu\/de\/startseite\/jugendliche\/grenzubergreifende-berufsausbildung\/die-grenzubergreifende-berufsausbildung-im-saarland\/suche-nach-einem-unternehmen-im-saarland-fur-eine-berufsausbildung\/#breadcrumb\",\"itemListElement\":[{\"@type\":\"ListItem\",\"position\":1,\"name\":\"Startseite\",\"item\":\"https:\/\/frontaliers-grandest.eu\/de\/\"},{\"@type\":\"ListItem\",\"position\":2,\"name\":\"Jugendliche\",\"item\":\"https:\/\/frontaliers-grandest.eu\/de\/startseite\/jugendliche\/\"},{\"@type\":\"ListItem\",\"position\":3,\"name\":\"Grenz\u00fcbergreifende Berufsausbildung\",\"item\":\"https:\/\/frontaliers-grandest.eu\/de\/startseite\/jugendliche\/grenzubergreifende-berufsausbildung\/\"},{\"@type\":\"ListItem\",\"position\":4,\"name\":\"Die Grenz\u00fcbergreifende Berufsausbildung im Saarland\",\"item\":\"https:\/\/frontaliers-grandest.eu\/de\/startseite\/jugendliche\/grenzubergreifende-berufsausbildung\/die-grenzubergreifende-berufsausbildung-im-saarland\/\"},{\"@type\":\"ListItem\",\"position\":5,\"name\":\"Suche nach einem Unternehmen im Saarland f\u00fcr eine Berufsausbildung\"}]},{\"@type\":\"WebSite\",\"@id\":\"https:\/\/frontaliers-grandest.eu\/de\/#website\",\"url\":\"https:\/\/frontaliers-grandest.eu\/de\/\",\"name\":\"Frontaliers Grand Est\",\"description\":\"Le site ressource du travail frontalier\",\"publisher\":{\"@id\":\"https:\/\/frontaliers-grandest.eu\/de\/#organization\"},\"alternateName\":\"Frontaliers Grand Est\",\"potentialAction\":[{\"@type\":\"SearchAction\",\"target\":{\"@type\":\"EntryPoint\",\"urlTemplate\":\"https:\/\/frontaliers-grandest.eu\/de\/?s={search_term_string}\"},\"query-input\":{\"@type\":\"PropertyValueSpecification\",\"valueRequired\":true,\"valueName\":\"search_term_string\"}}],\"inLanguage\":\"de\"},{\"@type\":\"Organization\",\"@id\":\"https:\/\/frontaliers-grandest.eu\/de\/#organization\",\"name\":\"Frontaliers Grand Est\",\"alternateName\":\"Frontaliers Grand Est\",\"url\":\"https:\/\/frontaliers-grandest.eu\/de\/\",\"logo\":{\"@type\":\"ImageObject\",\"inLanguage\":\"de\",\"@id\":\"https:\/\/frontaliers-grandest.eu\/de\/#\/schema\/logo\/image\/\",\"url\":\"https:\/\/frontaliers-grandest.eu\/wp-content\/uploads\/2025\/07\/260328234_2966785176920310_3332838526503858160_n.jpg\",\"contentUrl\":\"https:\/\/frontaliers-grandest.eu\/wp-content\/uploads\/2025\/07\/260328234_2966785176920310_3332838526503858160_n.jpg\",\"width\":396,\"height\":396,\"caption\":\"Frontaliers Grand Est\"},\"image\":{\"@id\":\"https:\/\/frontaliers-grandest.eu\/de\/#\/schema\/logo\/image\/\"},\"sameAs\":[\"https:\/\/www.facebook.com\/frontaliers.GR.EST\/?locale=fr_FR\"]}]}<\/script>\n<!-- \/ Yoast SEO plugin. -->","yoast_head_json":{"title":"Suche nach einem Unternehmen im Saarland f\u00fcr eine Berufsausbildung - Frontaliers Grand Est","robots":{"index":"index","follow":"follow","max-snippet":"max-snippet:-1","max-image-preview":"max-image-preview:large","max-video-preview":"max-video-preview:-1"},"canonical":"https:\/\/frontaliers-grandest.eu\/de\/startseite\/jugendliche\/grenzubergreifende-berufsausbildung\/die-grenzubergreifende-berufsausbildung-im-saarland\/suche-nach-einem-unternehmen-im-saarland-fur-eine-berufsausbildung\/","og_locale":"de_DE","og_type":"article","og_title":"Suche nach einem Unternehmen im Saarland f\u00fcr eine Berufsausbildung - Frontaliers Grand Est","og_description":"Ein Unternehmen im Saarland finden Zwei Berater der Bundesagentur f\u00fcr Arbeit in Saarbr\u00fccken informieren und begleiten die an der grenz\u00fcberschreitenden Ausbildung interessierten Jugendlichen und Unternehmen: Marl\u00e8ne Gr\u00e9bil et Julien ROBICHON Agentur f\u00fcr Arbeit Saarbr\u00fcckenHafenstra\u1e9ee 18 &#8211; 66111 Saarbr\u00fcckenTel. 00 49 681&nbsp;944 5437saarbruecken.apt@arbeitsagentur.de Weitere hilfreiche Adressen : Industrie und Handelskammer des Saarlandeswww.saarland.ihk.de Handwerkskammer des Saarlandeswww.hwk-saarland.de Zusendung [&hellip;]","og_url":"https:\/\/frontaliers-grandest.eu\/de\/startseite\/jugendliche\/grenzubergreifende-berufsausbildung\/die-grenzubergreifende-berufsausbildung-im-saarland\/suche-nach-einem-unternehmen-im-saarland-fur-eine-berufsausbildung\/","og_site_name":"Frontaliers Grand Est","article_publisher":"https:\/\/www.facebook.com\/frontaliers.GR.EST\/?locale=fr_FR","article_modified_time":"2024-03-13T10:46:33+00:00","twitter_card":"summary_large_image","twitter_misc":{"Gesch\u00e4tzte Lesezeit":"3\u00a0Minuten"},"schema":{"@context":"https:\/\/schema.org","@graph":[{"@type":"WebPage","@id":"https:\/\/frontaliers-grandest.eu\/de\/startseite\/jugendliche\/grenzubergreifende-berufsausbildung\/die-grenzubergreifende-berufsausbildung-im-saarland\/suche-nach-einem-unternehmen-im-saarland-fur-eine-berufsausbildung\/","url":"https:\/\/frontaliers-grandest.eu\/de\/startseite\/jugendliche\/grenzubergreifende-berufsausbildung\/die-grenzubergreifende-berufsausbildung-im-saarland\/suche-nach-einem-unternehmen-im-saarland-fur-eine-berufsausbildung\/","name":"Suche nach einem Unternehmen im Saarland f\u00fcr eine Berufsausbildung - Frontaliers Grand Est","isPartOf":{"@id":"https:\/\/frontaliers-grandest.eu\/de\/#website"},"datePublished":"2021-05-18T09:12:01+00:00","dateModified":"2024-03-13T10:46:33+00:00","breadcrumb":{"@id":"https:\/\/frontaliers-grandest.eu\/de\/startseite\/jugendliche\/grenzubergreifende-berufsausbildung\/die-grenzubergreifende-berufsausbildung-im-saarland\/suche-nach-einem-unternehmen-im-saarland-fur-eine-berufsausbildung\/#breadcrumb"},"inLanguage":"de","potentialAction":[{"@type":"ReadAction","target":["https:\/\/frontaliers-grandest.eu\/de\/startseite\/jugendliche\/grenzubergreifende-berufsausbildung\/die-grenzubergreifende-berufsausbildung-im-saarland\/suche-nach-einem-unternehmen-im-saarland-fur-eine-berufsausbildung\/"]}]},{"@type":"BreadcrumbList","@id":"https:\/\/frontaliers-grandest.eu\/de\/startseite\/jugendliche\/grenzubergreifende-berufsausbildung\/die-grenzubergreifende-berufsausbildung-im-saarland\/suche-nach-einem-unternehmen-im-saarland-fur-eine-berufsausbildung\/#breadcrumb","itemListElement":[{"@type":"ListItem","position":1,"name":"Startseite","item":"https:\/\/frontaliers-grandest.eu\/de\/"},{"@type":"ListItem","position":2,"name":"Jugendliche","item":"https:\/\/frontaliers-grandest.eu\/de\/startseite\/jugendliche\/"},{"@type":"ListItem","position":3,"name":"Grenz\u00fcbergreifende Berufsausbildung","item":"https:\/\/frontaliers-grandest.eu\/de\/startseite\/jugendliche\/grenzubergreifende-berufsausbildung\/"},{"@type":"ListItem","position":4,"name":"Die Grenz\u00fcbergreifende Berufsausbildung im Saarland","item":"https:\/\/frontaliers-grandest.eu\/de\/startseite\/jugendliche\/grenzubergreifende-berufsausbildung\/die-grenzubergreifende-berufsausbildung-im-saarland\/"},{"@type":"ListItem","position":5,"name":"Suche nach einem Unternehmen im Saarland f\u00fcr eine Berufsausbildung"}]},{"@type":"WebSite","@id":"https:\/\/frontaliers-grandest.eu\/de\/#website","url":"https:\/\/frontaliers-grandest.eu\/de\/","name":"Frontaliers Grand Est","description":"Le site ressource du travail frontalier","publisher":{"@id":"https:\/\/frontaliers-grandest.eu\/de\/#organization"},"alternateName":"Frontaliers Grand Est","potentialAction":[{"@type":"SearchAction","target":{"@type":"EntryPoint","urlTemplate":"https:\/\/frontaliers-grandest.eu\/de\/?s={search_term_string}"},"query-input":{"@type":"PropertyValueSpecification","valueRequired":true,"valueName":"search_term_string"}}],"inLanguage":"de"},{"@type":"Organization","@id":"https:\/\/frontaliers-grandest.eu\/de\/#organization","name":"Frontaliers Grand Est","alternateName":"Frontaliers Grand Est","url":"https:\/\/frontaliers-grandest.eu\/de\/","logo":{"@type":"ImageObject","inLanguage":"de","@id":"https:\/\/frontaliers-grandest.eu\/de\/#\/schema\/logo\/image\/","url":"https:\/\/frontaliers-grandest.eu\/wp-content\/uploads\/2025\/07\/260328234_2966785176920310_3332838526503858160_n.jpg","contentUrl":"https:\/\/frontaliers-grandest.eu\/wp-content\/uploads\/2025\/07\/260328234_2966785176920310_3332838526503858160_n.jpg","width":396,"height":396,"caption":"Frontaliers Grand Est"},"image":{"@id":"https:\/\/frontaliers-grandest.eu\/de\/#\/schema\/logo\/image\/"},"sameAs":["https:\/\/www.facebook.com\/frontaliers.GR.EST\/?locale=fr_FR"]}]}},"frge_page_order":0,"_links":{"self":[{"href":"https:\/\/frontaliers-grandest.eu\/de\/wp-json\/wp\/v2\/pages\/7448","targetHints":{"allow":["GET"]}}],"collection":[{"href":"https:\/\/frontaliers-grandest.eu\/de\/wp-json\/wp\/v2\/pages"}],"about":[{"href":"https:\/\/frontaliers-grandest.eu\/de\/wp-json\/wp\/v2\/types\/page"}],"author":[{"embeddable":true,"href":"https:\/\/frontaliers-grandest.eu\/de\/wp-json\/wp\/v2\/users\/7"}],"replies":[{"embeddable":true,"href":"https:\/\/frontaliers-grandest.eu\/de\/wp-json\/wp\/v2\/comments?post=7448"}],"version-history":[{"count":3,"href":"https:\/\/frontaliers-grandest.eu\/de\/wp-json\/wp\/v2\/pages\/7448\/revisions"}],"predecessor-version":[{"id":34604,"href":"https:\/\/frontaliers-grandest.eu\/de\/wp-json\/wp\/v2\/pages\/7448\/revisions\/34604"}],"up":[{"embeddable":true,"href":"https:\/\/frontaliers-grandest.eu\/de\/wp-json\/wp\/v2\/pages\/7435"}],"wp:attachment":[{"href":"https:\/\/frontaliers-grandest.eu\/de\/wp-json\/wp\/v2\/media?parent=7448"}],"wp:term":[{"taxonomy":"post_tag","embeddable":true,"href":"https:\/\/frontaliers-grandest.eu\/de\/wp-json\/wp\/v2\/tags?post=7448"},{"taxonomy":"frge_profile","embeddable":true,"href":"https:\/\/frontaliers-grandest.eu\/de\/wp-json\/wp\/v2\/frge_profile?post=7448"}],"curies":[{"name":"wp","href":"https:\/\/api.w.org\/{rel}","templated":true}]}}