{"id":7446,"date":"2021-05-18T10:50:35","date_gmt":"2021-05-18T08:50:35","guid":{"rendered":"https:\/\/frontaliers-grandest.eu\/?page_id=7446"},"modified":"2021-05-18T10:50:36","modified_gmt":"2021-05-18T08:50:36","slug":"welcher-abschluss","status":"publish","type":"page","link":"https:\/\/frontaliers-grandest.eu\/de\/startseite\/jugendliche\/grenzubergreifende-berufsausbildung\/die-grenzubergreifende-berufsausbildung-im-saarland\/welcher-abschluss\/","title":{"rendered":"Welcher Abschluss?"},"content":{"rendered":"\n<p>Sie bereiten einen Abschluss der Ebene IV oder V vor (Berufsbef\u00e4higungsnachweis (CAP), Berufsschulabschluss (BEP), berufsbildendes Abitur usw.) oder einen Abschluss der Ebene III (Fachhochschule (BTS, DUT)). Die Berufsausbildung ist Gegenstand eines <strong>franz\u00f6sischen <\/strong>Abschlusses.<\/p>\n\n\n\n<p>Wichtiger Hinweis: Die Berufsausbildung erm\u00f6glicht es Ihnen nicht, einen deutschen Abschluss zu erlangen. Die Ausbildungsdauer ist unter Umst\u00e4nden in Frankreich nicht dieselbe wie in Deutschland. F\u00fcr einen CAP, einen BEP liegt die Unterrichtsdauer in Frankreich grunds\u00e4tzlich bei zwei Jahren. In Deutschland dauert die Berufsausbildung im Allgemeinen drei bis dreieinhalb Jahre.<\/p>\n\n\n\n<p>Beabsichtigen Sie, den deutschen Abschluss zu erwerben, kann es sei, dass Sie ein zus\u00e4tzliches Ausbildungsjahr absolvieren m\u00fcssen.<\/p>\n\n\n\n<p>Auf jeden Fall werden <strong>Ihr Lebenslauf und Ihr franz\u00f6sischer Abschluss sp\u00fcrbar aufgewertet.<\/strong><\/p>\n","protected":false},"excerpt":{"rendered":"<p>Sie bereiten einen Abschluss der Ebene IV oder V vor (Berufsbef\u00e4higungsnachweis (CAP), Berufsschulabschluss (BEP), berufsbildendes Abitur usw.) oder einen Abschluss der Ebene III (Fachhochschule (BTS, DUT)). Die Berufsausbildung ist Gegenstand eines franz\u00f6sischen Abschlusses. Wichtiger Hinweis: Die Berufsausbildung erm\u00f6glicht es Ihnen nicht, einen deutschen Abschluss zu erlangen. Die Ausbildungsdauer ist unter Umst\u00e4nden in Frankreich nicht dieselbe [&hellip;]<\/p>\n","protected":false},"author":7,"featured_media":0,"parent":7435,"menu_order":3,"comment_status":"closed","ping_status":"closed","template":"","meta":{"inline_featured_image":false,"footnotes":""},"tags":[],"frge_profile":[],"class_list":["post-7446","page","type-page","status-publish","hentry"],"yoast_head":"<!-- This site is optimized with the Yoast SEO plugin v27.1.1 - https:\/\/yoast.com\/product\/yoast-seo-wordpress\/ -->\n<title>Welcher Abschluss? - Frontaliers Grand Est<\/title>\n<meta name=\"robots\" content=\"index, follow, max-snippet:-1, max-image-preview:large, max-video-preview:-1\" \/>\n<link rel=\"canonical\" href=\"https:\/\/frontaliers-grandest.eu\/de\/startseite\/jugendliche\/grenzubergreifende-berufsausbildung\/die-grenzubergreifende-berufsausbildung-im-saarland\/welcher-abschluss\/\" \/>\n<meta property=\"og:locale\" content=\"de_DE\" \/>\n<meta property=\"og:type\" content=\"article\" \/>\n<meta property=\"og:title\" content=\"Welcher Abschluss? - Frontaliers Grand Est\" \/>\n<meta property=\"og:description\" content=\"Sie bereiten einen Abschluss der Ebene IV oder V vor (Berufsbef\u00e4higungsnachweis (CAP), Berufsschulabschluss (BEP), berufsbildendes Abitur usw.) oder einen Abschluss der Ebene III (Fachhochschule (BTS, DUT)). Die Berufsausbildung ist Gegenstand eines franz\u00f6sischen Abschlusses. Wichtiger Hinweis: Die Berufsausbildung erm\u00f6glicht es Ihnen nicht, einen deutschen Abschluss zu erlangen. Die Ausbildungsdauer ist unter Umst\u00e4nden in Frankreich nicht dieselbe [&hellip;]\" \/>\n<meta property=\"og:url\" content=\"https:\/\/frontaliers-grandest.eu\/de\/startseite\/jugendliche\/grenzubergreifende-berufsausbildung\/die-grenzubergreifende-berufsausbildung-im-saarland\/welcher-abschluss\/\" \/>\n<meta property=\"og:site_name\" content=\"Frontaliers Grand Est\" \/>\n<meta property=\"article:publisher\" content=\"https:\/\/www.facebook.com\/frontaliers.GR.EST\/?locale=fr_FR\" \/>\n<meta property=\"article:modified_time\" content=\"2021-05-18T08:50:36+00:00\" \/>\n<meta name=\"twitter:card\" content=\"summary_large_image\" \/>\n<meta name=\"twitter:label1\" content=\"Gesch\u00e4tzte Lesezeit\" \/>\n\t<meta name=\"twitter:data1\" content=\"1\u00a0Minute\" \/>\n<script type=\"application\/ld+json\" class=\"yoast-schema-graph\">{\"@context\":\"https:\/\/schema.org\",\"@graph\":[{\"@type\":\"WebPage\",\"@id\":\"https:\/\/frontaliers-grandest.eu\/de\/startseite\/jugendliche\/grenzubergreifende-berufsausbildung\/die-grenzubergreifende-berufsausbildung-im-saarland\/welcher-abschluss\/\",\"url\":\"https:\/\/frontaliers-grandest.eu\/de\/startseite\/jugendliche\/grenzubergreifende-berufsausbildung\/die-grenzubergreifende-berufsausbildung-im-saarland\/welcher-abschluss\/\",\"name\":\"Welcher Abschluss? - Frontaliers Grand Est\",\"isPartOf\":{\"@id\":\"https:\/\/frontaliers-grandest.eu\/de\/#website\"},\"datePublished\":\"2021-05-18T08:50:35+00:00\",\"dateModified\":\"2021-05-18T08:50:36+00:00\",\"breadcrumb\":{\"@id\":\"https:\/\/frontaliers-grandest.eu\/de\/startseite\/jugendliche\/grenzubergreifende-berufsausbildung\/die-grenzubergreifende-berufsausbildung-im-saarland\/welcher-abschluss\/#breadcrumb\"},\"inLanguage\":\"de\",\"potentialAction\":[{\"@type\":\"ReadAction\",\"target\":[\"https:\/\/frontaliers-grandest.eu\/de\/startseite\/jugendliche\/grenzubergreifende-berufsausbildung\/die-grenzubergreifende-berufsausbildung-im-saarland\/welcher-abschluss\/\"]}]},{\"@type\":\"BreadcrumbList\",\"@id\":\"https:\/\/frontaliers-grandest.eu\/de\/startseite\/jugendliche\/grenzubergreifende-berufsausbildung\/die-grenzubergreifende-berufsausbildung-im-saarland\/welcher-abschluss\/#breadcrumb\",\"itemListElement\":[{\"@type\":\"ListItem\",\"position\":1,\"name\":\"Startseite\",\"item\":\"https:\/\/frontaliers-grandest.eu\/de\/\"},{\"@type\":\"ListItem\",\"position\":2,\"name\":\"Jugendliche\",\"item\":\"https:\/\/frontaliers-grandest.eu\/de\/startseite\/jugendliche\/\"},{\"@type\":\"ListItem\",\"position\":3,\"name\":\"Grenz\u00fcbergreifende Berufsausbildung\",\"item\":\"https:\/\/frontaliers-grandest.eu\/de\/startseite\/jugendliche\/grenzubergreifende-berufsausbildung\/\"},{\"@type\":\"ListItem\",\"position\":4,\"name\":\"Die Grenz\u00fcbergreifende Berufsausbildung im Saarland\",\"item\":\"https:\/\/frontaliers-grandest.eu\/de\/startseite\/jugendliche\/grenzubergreifende-berufsausbildung\/die-grenzubergreifende-berufsausbildung-im-saarland\/\"},{\"@type\":\"ListItem\",\"position\":5,\"name\":\"Welcher Abschluss?\"}]},{\"@type\":\"WebSite\",\"@id\":\"https:\/\/frontaliers-grandest.eu\/de\/#website\",\"url\":\"https:\/\/frontaliers-grandest.eu\/de\/\",\"name\":\"Frontaliers Grand Est\",\"description\":\"Le site ressource du travail frontalier\",\"publisher\":{\"@id\":\"https:\/\/frontaliers-grandest.eu\/de\/#organization\"},\"alternateName\":\"Frontaliers Grand Est\",\"potentialAction\":[{\"@type\":\"SearchAction\",\"target\":{\"@type\":\"EntryPoint\",\"urlTemplate\":\"https:\/\/frontaliers-grandest.eu\/de\/?s={search_term_string}\"},\"query-input\":{\"@type\":\"PropertyValueSpecification\",\"valueRequired\":true,\"valueName\":\"search_term_string\"}}],\"inLanguage\":\"de\"},{\"@type\":\"Organization\",\"@id\":\"https:\/\/frontaliers-grandest.eu\/de\/#organization\",\"name\":\"Frontaliers Grand Est\",\"alternateName\":\"Frontaliers Grand Est\",\"url\":\"https:\/\/frontaliers-grandest.eu\/de\/\",\"logo\":{\"@type\":\"ImageObject\",\"inLanguage\":\"de\",\"@id\":\"https:\/\/frontaliers-grandest.eu\/de\/#\/schema\/logo\/image\/\",\"url\":\"https:\/\/frontaliers-grandest.eu\/wp-content\/uploads\/2025\/07\/260328234_2966785176920310_3332838526503858160_n.jpg\",\"contentUrl\":\"https:\/\/frontaliers-grandest.eu\/wp-content\/uploads\/2025\/07\/260328234_2966785176920310_3332838526503858160_n.jpg\",\"width\":396,\"height\":396,\"caption\":\"Frontaliers Grand Est\"},\"image\":{\"@id\":\"https:\/\/frontaliers-grandest.eu\/de\/#\/schema\/logo\/image\/\"},\"sameAs\":[\"https:\/\/www.facebook.com\/frontaliers.GR.EST\/?locale=fr_FR\"]}]}<\/script>\n<!-- \/ Yoast SEO plugin. -->","yoast_head_json":{"title":"Welcher Abschluss? - Frontaliers Grand Est","robots":{"index":"index","follow":"follow","max-snippet":"max-snippet:-1","max-image-preview":"max-image-preview:large","max-video-preview":"max-video-preview:-1"},"canonical":"https:\/\/frontaliers-grandest.eu\/de\/startseite\/jugendliche\/grenzubergreifende-berufsausbildung\/die-grenzubergreifende-berufsausbildung-im-saarland\/welcher-abschluss\/","og_locale":"de_DE","og_type":"article","og_title":"Welcher Abschluss? - Frontaliers Grand Est","og_description":"Sie bereiten einen Abschluss der Ebene IV oder V vor (Berufsbef\u00e4higungsnachweis (CAP), Berufsschulabschluss (BEP), berufsbildendes Abitur usw.) oder einen Abschluss der Ebene III (Fachhochschule (BTS, DUT)). Die Berufsausbildung ist Gegenstand eines franz\u00f6sischen Abschlusses. Wichtiger Hinweis: Die Berufsausbildung erm\u00f6glicht es Ihnen nicht, einen deutschen Abschluss zu erlangen. Die Ausbildungsdauer ist unter Umst\u00e4nden in Frankreich nicht dieselbe [&hellip;]","og_url":"https:\/\/frontaliers-grandest.eu\/de\/startseite\/jugendliche\/grenzubergreifende-berufsausbildung\/die-grenzubergreifende-berufsausbildung-im-saarland\/welcher-abschluss\/","og_site_name":"Frontaliers Grand Est","article_publisher":"https:\/\/www.facebook.com\/frontaliers.GR.EST\/?locale=fr_FR","article_modified_time":"2021-05-18T08:50:36+00:00","twitter_card":"summary_large_image","twitter_misc":{"Gesch\u00e4tzte Lesezeit":"1\u00a0Minute"},"schema":{"@context":"https:\/\/schema.org","@graph":[{"@type":"WebPage","@id":"https:\/\/frontaliers-grandest.eu\/de\/startseite\/jugendliche\/grenzubergreifende-berufsausbildung\/die-grenzubergreifende-berufsausbildung-im-saarland\/welcher-abschluss\/","url":"https:\/\/frontaliers-grandest.eu\/de\/startseite\/jugendliche\/grenzubergreifende-berufsausbildung\/die-grenzubergreifende-berufsausbildung-im-saarland\/welcher-abschluss\/","name":"Welcher Abschluss? - Frontaliers Grand Est","isPartOf":{"@id":"https:\/\/frontaliers-grandest.eu\/de\/#website"},"datePublished":"2021-05-18T08:50:35+00:00","dateModified":"2021-05-18T08:50:36+00:00","breadcrumb":{"@id":"https:\/\/frontaliers-grandest.eu\/de\/startseite\/jugendliche\/grenzubergreifende-berufsausbildung\/die-grenzubergreifende-berufsausbildung-im-saarland\/welcher-abschluss\/#breadcrumb"},"inLanguage":"de","potentialAction":[{"@type":"ReadAction","target":["https:\/\/frontaliers-grandest.eu\/de\/startseite\/jugendliche\/grenzubergreifende-berufsausbildung\/die-grenzubergreifende-berufsausbildung-im-saarland\/welcher-abschluss\/"]}]},{"@type":"BreadcrumbList","@id":"https:\/\/frontaliers-grandest.eu\/de\/startseite\/jugendliche\/grenzubergreifende-berufsausbildung\/die-grenzubergreifende-berufsausbildung-im-saarland\/welcher-abschluss\/#breadcrumb","itemListElement":[{"@type":"ListItem","position":1,"name":"Startseite","item":"https:\/\/frontaliers-grandest.eu\/de\/"},{"@type":"ListItem","position":2,"name":"Jugendliche","item":"https:\/\/frontaliers-grandest.eu\/de\/startseite\/jugendliche\/"},{"@type":"ListItem","position":3,"name":"Grenz\u00fcbergreifende Berufsausbildung","item":"https:\/\/frontaliers-grandest.eu\/de\/startseite\/jugendliche\/grenzubergreifende-berufsausbildung\/"},{"@type":"ListItem","position":4,"name":"Die Grenz\u00fcbergreifende Berufsausbildung im Saarland","item":"https:\/\/frontaliers-grandest.eu\/de\/startseite\/jugendliche\/grenzubergreifende-berufsausbildung\/die-grenzubergreifende-berufsausbildung-im-saarland\/"},{"@type":"ListItem","position":5,"name":"Welcher Abschluss?"}]},{"@type":"WebSite","@id":"https:\/\/frontaliers-grandest.eu\/de\/#website","url":"https:\/\/frontaliers-grandest.eu\/de\/","name":"Frontaliers Grand Est","description":"Le site ressource du travail frontalier","publisher":{"@id":"https:\/\/frontaliers-grandest.eu\/de\/#organization"},"alternateName":"Frontaliers Grand Est","potentialAction":[{"@type":"SearchAction","target":{"@type":"EntryPoint","urlTemplate":"https:\/\/frontaliers-grandest.eu\/de\/?s={search_term_string}"},"query-input":{"@type":"PropertyValueSpecification","valueRequired":true,"valueName":"search_term_string"}}],"inLanguage":"de"},{"@type":"Organization","@id":"https:\/\/frontaliers-grandest.eu\/de\/#organization","name":"Frontaliers Grand Est","alternateName":"Frontaliers Grand Est","url":"https:\/\/frontaliers-grandest.eu\/de\/","logo":{"@type":"ImageObject","inLanguage":"de","@id":"https:\/\/frontaliers-grandest.eu\/de\/#\/schema\/logo\/image\/","url":"https:\/\/frontaliers-grandest.eu\/wp-content\/uploads\/2025\/07\/260328234_2966785176920310_3332838526503858160_n.jpg","contentUrl":"https:\/\/frontaliers-grandest.eu\/wp-content\/uploads\/2025\/07\/260328234_2966785176920310_3332838526503858160_n.jpg","width":396,"height":396,"caption":"Frontaliers Grand Est"},"image":{"@id":"https:\/\/frontaliers-grandest.eu\/de\/#\/schema\/logo\/image\/"},"sameAs":["https:\/\/www.facebook.com\/frontaliers.GR.EST\/?locale=fr_FR"]}]}},"frge_page_order":0,"_links":{"self":[{"href":"https:\/\/frontaliers-grandest.eu\/de\/wp-json\/wp\/v2\/pages\/7446","targetHints":{"allow":["GET"]}}],"collection":[{"href":"https:\/\/frontaliers-grandest.eu\/de\/wp-json\/wp\/v2\/pages"}],"about":[{"href":"https:\/\/frontaliers-grandest.eu\/de\/wp-json\/wp\/v2\/types\/page"}],"author":[{"embeddable":true,"href":"https:\/\/frontaliers-grandest.eu\/de\/wp-json\/wp\/v2\/users\/7"}],"replies":[{"embeddable":true,"href":"https:\/\/frontaliers-grandest.eu\/de\/wp-json\/wp\/v2\/comments?post=7446"}],"version-history":[{"count":1,"href":"https:\/\/frontaliers-grandest.eu\/de\/wp-json\/wp\/v2\/pages\/7446\/revisions"}],"predecessor-version":[{"id":7447,"href":"https:\/\/frontaliers-grandest.eu\/de\/wp-json\/wp\/v2\/pages\/7446\/revisions\/7447"}],"up":[{"embeddable":true,"href":"https:\/\/frontaliers-grandest.eu\/de\/wp-json\/wp\/v2\/pages\/7435"}],"wp:attachment":[{"href":"https:\/\/frontaliers-grandest.eu\/de\/wp-json\/wp\/v2\/media?parent=7446"}],"wp:term":[{"taxonomy":"post_tag","embeddable":true,"href":"https:\/\/frontaliers-grandest.eu\/de\/wp-json\/wp\/v2\/tags?post=7446"},{"taxonomy":"frge_profile","embeddable":true,"href":"https:\/\/frontaliers-grandest.eu\/de\/wp-json\/wp\/v2\/frge_profile?post=7446"}],"curies":[{"name":"wp","href":"https:\/\/api.w.org\/{rel}","templated":true}]}}