{"id":7441,"date":"2021-05-18T10:42:49","date_gmt":"2021-05-18T08:42:49","guid":{"rendered":"https:\/\/frontaliers-grandest.eu\/?page_id=7441"},"modified":"2021-05-18T10:42:49","modified_gmt":"2021-05-18T08:42:49","slug":"warum-eine-grenzuberschreitende-berufsausbildung","status":"publish","type":"page","link":"https:\/\/frontaliers-grandest.eu\/de\/startseite\/jugendliche\/grenzubergreifende-berufsausbildung\/die-grenzubergreifende-berufsausbildung-im-saarland\/warum-eine-grenzuberschreitende-berufsausbildung\/","title":{"rendered":"Warum eine grenz\u00fcberschreitende Berufsausbildung?"},"content":{"rendered":"\n<p>Die <strong>grenz\u00fcberschreitende Berufsausbildung<\/strong> birgt zahlreiche Vorteile:<\/p>\n\n\n\n<ul class=\"wp-block-list\"><li>Arbeit in einem deutschen Arbeitsumfeld w\u00e4hrend der praktischen Ausbildung und damit \u00d6ffnung in Richtung Ausland,<\/li><li>Erwerb guter Kenntnisse der deutschen Sprache,<\/li><li>Verbesserung der Chancen, auf der anderen Seite der Grenze zu arbeiten. Die deutschen Arbeitgeber sind sich sicher, auf eine qualifizierte Arbeitskraft zur\u00fcckzugreifen, die interkulturelle Kompetenzen besitzt und in der Lage ist, auf dem deutschen und franz\u00f6sischen Markt zu arbeiten.<\/li><\/ul>\n","protected":false},"excerpt":{"rendered":"<p>Die grenz\u00fcberschreitende Berufsausbildung birgt zahlreiche Vorteile: Arbeit in einem deutschen Arbeitsumfeld w\u00e4hrend der praktischen Ausbildung und damit \u00d6ffnung in Richtung Ausland, Erwerb guter Kenntnisse der deutschen Sprache, Verbesserung der Chancen, auf der anderen Seite der Grenze zu arbeiten. Die deutschen Arbeitgeber sind sich sicher, auf eine qualifizierte Arbeitskraft zur\u00fcckzugreifen, die interkulturelle Kompetenzen besitzt und in [&hellip;]<\/p>\n","protected":false},"author":7,"featured_media":0,"parent":7435,"menu_order":1,"comment_status":"closed","ping_status":"closed","template":"","meta":{"inline_featured_image":false,"footnotes":""},"tags":[],"frge_profile":[],"class_list":["post-7441","page","type-page","status-publish","hentry"],"yoast_head":"<!-- This site is optimized with the Yoast SEO plugin v27.1.1 - https:\/\/yoast.com\/product\/yoast-seo-wordpress\/ -->\n<title>Warum eine grenz\u00fcberschreitende Berufsausbildung? - Frontaliers Grand Est<\/title>\n<meta name=\"robots\" content=\"index, follow, max-snippet:-1, max-image-preview:large, max-video-preview:-1\" \/>\n<link rel=\"canonical\" href=\"https:\/\/frontaliers-grandest.eu\/de\/startseite\/jugendliche\/grenzubergreifende-berufsausbildung\/die-grenzubergreifende-berufsausbildung-im-saarland\/warum-eine-grenzuberschreitende-berufsausbildung\/\" \/>\n<meta property=\"og:locale\" content=\"de_DE\" \/>\n<meta property=\"og:type\" content=\"article\" \/>\n<meta property=\"og:title\" content=\"Warum eine grenz\u00fcberschreitende Berufsausbildung? - Frontaliers Grand Est\" \/>\n<meta property=\"og:description\" content=\"Die grenz\u00fcberschreitende Berufsausbildung birgt zahlreiche Vorteile: Arbeit in einem deutschen Arbeitsumfeld w\u00e4hrend der praktischen Ausbildung und damit \u00d6ffnung in Richtung Ausland, Erwerb guter Kenntnisse der deutschen Sprache, Verbesserung der Chancen, auf der anderen Seite der Grenze zu arbeiten. Die deutschen Arbeitgeber sind sich sicher, auf eine qualifizierte Arbeitskraft zur\u00fcckzugreifen, die interkulturelle Kompetenzen besitzt und in [&hellip;]\" \/>\n<meta property=\"og:url\" content=\"https:\/\/frontaliers-grandest.eu\/de\/startseite\/jugendliche\/grenzubergreifende-berufsausbildung\/die-grenzubergreifende-berufsausbildung-im-saarland\/warum-eine-grenzuberschreitende-berufsausbildung\/\" \/>\n<meta property=\"og:site_name\" content=\"Frontaliers Grand Est\" \/>\n<meta property=\"article:publisher\" content=\"https:\/\/www.facebook.com\/frontaliers.GR.EST\/?locale=fr_FR\" \/>\n<meta name=\"twitter:card\" content=\"summary_large_image\" \/>\n<meta name=\"twitter:label1\" content=\"Gesch\u00e4tzte Lesezeit\" \/>\n\t<meta name=\"twitter:data1\" content=\"1\u00a0Minute\" \/>\n<script type=\"application\/ld+json\" class=\"yoast-schema-graph\">{\"@context\":\"https:\/\/schema.org\",\"@graph\":[{\"@type\":\"WebPage\",\"@id\":\"https:\/\/frontaliers-grandest.eu\/de\/startseite\/jugendliche\/grenzubergreifende-berufsausbildung\/die-grenzubergreifende-berufsausbildung-im-saarland\/warum-eine-grenzuberschreitende-berufsausbildung\/\",\"url\":\"https:\/\/frontaliers-grandest.eu\/de\/startseite\/jugendliche\/grenzubergreifende-berufsausbildung\/die-grenzubergreifende-berufsausbildung-im-saarland\/warum-eine-grenzuberschreitende-berufsausbildung\/\",\"name\":\"Warum eine grenz\u00fcberschreitende Berufsausbildung? - Frontaliers Grand Est\",\"isPartOf\":{\"@id\":\"https:\/\/frontaliers-grandest.eu\/de\/#website\"},\"datePublished\":\"2021-05-18T08:42:49+00:00\",\"breadcrumb\":{\"@id\":\"https:\/\/frontaliers-grandest.eu\/de\/startseite\/jugendliche\/grenzubergreifende-berufsausbildung\/die-grenzubergreifende-berufsausbildung-im-saarland\/warum-eine-grenzuberschreitende-berufsausbildung\/#breadcrumb\"},\"inLanguage\":\"de\",\"potentialAction\":[{\"@type\":\"ReadAction\",\"target\":[\"https:\/\/frontaliers-grandest.eu\/de\/startseite\/jugendliche\/grenzubergreifende-berufsausbildung\/die-grenzubergreifende-berufsausbildung-im-saarland\/warum-eine-grenzuberschreitende-berufsausbildung\/\"]}]},{\"@type\":\"BreadcrumbList\",\"@id\":\"https:\/\/frontaliers-grandest.eu\/de\/startseite\/jugendliche\/grenzubergreifende-berufsausbildung\/die-grenzubergreifende-berufsausbildung-im-saarland\/warum-eine-grenzuberschreitende-berufsausbildung\/#breadcrumb\",\"itemListElement\":[{\"@type\":\"ListItem\",\"position\":1,\"name\":\"Startseite\",\"item\":\"https:\/\/frontaliers-grandest.eu\/de\/\"},{\"@type\":\"ListItem\",\"position\":2,\"name\":\"Jugendliche\",\"item\":\"https:\/\/frontaliers-grandest.eu\/de\/startseite\/jugendliche\/\"},{\"@type\":\"ListItem\",\"position\":3,\"name\":\"Grenz\u00fcbergreifende Berufsausbildung\",\"item\":\"https:\/\/frontaliers-grandest.eu\/de\/startseite\/jugendliche\/grenzubergreifende-berufsausbildung\/\"},{\"@type\":\"ListItem\",\"position\":4,\"name\":\"Die Grenz\u00fcbergreifende Berufsausbildung im Saarland\",\"item\":\"https:\/\/frontaliers-grandest.eu\/de\/startseite\/jugendliche\/grenzubergreifende-berufsausbildung\/die-grenzubergreifende-berufsausbildung-im-saarland\/\"},{\"@type\":\"ListItem\",\"position\":5,\"name\":\"Warum eine grenz\u00fcberschreitende Berufsausbildung?\"}]},{\"@type\":\"WebSite\",\"@id\":\"https:\/\/frontaliers-grandest.eu\/de\/#website\",\"url\":\"https:\/\/frontaliers-grandest.eu\/de\/\",\"name\":\"Frontaliers Grand Est\",\"description\":\"Le site ressource du travail frontalier\",\"publisher\":{\"@id\":\"https:\/\/frontaliers-grandest.eu\/de\/#organization\"},\"alternateName\":\"Frontaliers Grand Est\",\"potentialAction\":[{\"@type\":\"SearchAction\",\"target\":{\"@type\":\"EntryPoint\",\"urlTemplate\":\"https:\/\/frontaliers-grandest.eu\/de\/?s={search_term_string}\"},\"query-input\":{\"@type\":\"PropertyValueSpecification\",\"valueRequired\":true,\"valueName\":\"search_term_string\"}}],\"inLanguage\":\"de\"},{\"@type\":\"Organization\",\"@id\":\"https:\/\/frontaliers-grandest.eu\/de\/#organization\",\"name\":\"Frontaliers Grand Est\",\"alternateName\":\"Frontaliers Grand Est\",\"url\":\"https:\/\/frontaliers-grandest.eu\/de\/\",\"logo\":{\"@type\":\"ImageObject\",\"inLanguage\":\"de\",\"@id\":\"https:\/\/frontaliers-grandest.eu\/de\/#\/schema\/logo\/image\/\",\"url\":\"https:\/\/frontaliers-grandest.eu\/wp-content\/uploads\/2025\/07\/260328234_2966785176920310_3332838526503858160_n.jpg\",\"contentUrl\":\"https:\/\/frontaliers-grandest.eu\/wp-content\/uploads\/2025\/07\/260328234_2966785176920310_3332838526503858160_n.jpg\",\"width\":396,\"height\":396,\"caption\":\"Frontaliers Grand Est\"},\"image\":{\"@id\":\"https:\/\/frontaliers-grandest.eu\/de\/#\/schema\/logo\/image\/\"},\"sameAs\":[\"https:\/\/www.facebook.com\/frontaliers.GR.EST\/?locale=fr_FR\"]}]}<\/script>\n<!-- \/ Yoast SEO plugin. -->","yoast_head_json":{"title":"Warum eine grenz\u00fcberschreitende Berufsausbildung? - Frontaliers Grand Est","robots":{"index":"index","follow":"follow","max-snippet":"max-snippet:-1","max-image-preview":"max-image-preview:large","max-video-preview":"max-video-preview:-1"},"canonical":"https:\/\/frontaliers-grandest.eu\/de\/startseite\/jugendliche\/grenzubergreifende-berufsausbildung\/die-grenzubergreifende-berufsausbildung-im-saarland\/warum-eine-grenzuberschreitende-berufsausbildung\/","og_locale":"de_DE","og_type":"article","og_title":"Warum eine grenz\u00fcberschreitende Berufsausbildung? - Frontaliers Grand Est","og_description":"Die grenz\u00fcberschreitende Berufsausbildung birgt zahlreiche Vorteile: Arbeit in einem deutschen Arbeitsumfeld w\u00e4hrend der praktischen Ausbildung und damit \u00d6ffnung in Richtung Ausland, Erwerb guter Kenntnisse der deutschen Sprache, Verbesserung der Chancen, auf der anderen Seite der Grenze zu arbeiten. Die deutschen Arbeitgeber sind sich sicher, auf eine qualifizierte Arbeitskraft zur\u00fcckzugreifen, die interkulturelle Kompetenzen besitzt und in [&hellip;]","og_url":"https:\/\/frontaliers-grandest.eu\/de\/startseite\/jugendliche\/grenzubergreifende-berufsausbildung\/die-grenzubergreifende-berufsausbildung-im-saarland\/warum-eine-grenzuberschreitende-berufsausbildung\/","og_site_name":"Frontaliers Grand Est","article_publisher":"https:\/\/www.facebook.com\/frontaliers.GR.EST\/?locale=fr_FR","twitter_card":"summary_large_image","twitter_misc":{"Gesch\u00e4tzte Lesezeit":"1\u00a0Minute"},"schema":{"@context":"https:\/\/schema.org","@graph":[{"@type":"WebPage","@id":"https:\/\/frontaliers-grandest.eu\/de\/startseite\/jugendliche\/grenzubergreifende-berufsausbildung\/die-grenzubergreifende-berufsausbildung-im-saarland\/warum-eine-grenzuberschreitende-berufsausbildung\/","url":"https:\/\/frontaliers-grandest.eu\/de\/startseite\/jugendliche\/grenzubergreifende-berufsausbildung\/die-grenzubergreifende-berufsausbildung-im-saarland\/warum-eine-grenzuberschreitende-berufsausbildung\/","name":"Warum eine grenz\u00fcberschreitende Berufsausbildung? - Frontaliers Grand Est","isPartOf":{"@id":"https:\/\/frontaliers-grandest.eu\/de\/#website"},"datePublished":"2021-05-18T08:42:49+00:00","breadcrumb":{"@id":"https:\/\/frontaliers-grandest.eu\/de\/startseite\/jugendliche\/grenzubergreifende-berufsausbildung\/die-grenzubergreifende-berufsausbildung-im-saarland\/warum-eine-grenzuberschreitende-berufsausbildung\/#breadcrumb"},"inLanguage":"de","potentialAction":[{"@type":"ReadAction","target":["https:\/\/frontaliers-grandest.eu\/de\/startseite\/jugendliche\/grenzubergreifende-berufsausbildung\/die-grenzubergreifende-berufsausbildung-im-saarland\/warum-eine-grenzuberschreitende-berufsausbildung\/"]}]},{"@type":"BreadcrumbList","@id":"https:\/\/frontaliers-grandest.eu\/de\/startseite\/jugendliche\/grenzubergreifende-berufsausbildung\/die-grenzubergreifende-berufsausbildung-im-saarland\/warum-eine-grenzuberschreitende-berufsausbildung\/#breadcrumb","itemListElement":[{"@type":"ListItem","position":1,"name":"Startseite","item":"https:\/\/frontaliers-grandest.eu\/de\/"},{"@type":"ListItem","position":2,"name":"Jugendliche","item":"https:\/\/frontaliers-grandest.eu\/de\/startseite\/jugendliche\/"},{"@type":"ListItem","position":3,"name":"Grenz\u00fcbergreifende Berufsausbildung","item":"https:\/\/frontaliers-grandest.eu\/de\/startseite\/jugendliche\/grenzubergreifende-berufsausbildung\/"},{"@type":"ListItem","position":4,"name":"Die Grenz\u00fcbergreifende Berufsausbildung im Saarland","item":"https:\/\/frontaliers-grandest.eu\/de\/startseite\/jugendliche\/grenzubergreifende-berufsausbildung\/die-grenzubergreifende-berufsausbildung-im-saarland\/"},{"@type":"ListItem","position":5,"name":"Warum eine grenz\u00fcberschreitende Berufsausbildung?"}]},{"@type":"WebSite","@id":"https:\/\/frontaliers-grandest.eu\/de\/#website","url":"https:\/\/frontaliers-grandest.eu\/de\/","name":"Frontaliers Grand Est","description":"Le site ressource du travail frontalier","publisher":{"@id":"https:\/\/frontaliers-grandest.eu\/de\/#organization"},"alternateName":"Frontaliers Grand Est","potentialAction":[{"@type":"SearchAction","target":{"@type":"EntryPoint","urlTemplate":"https:\/\/frontaliers-grandest.eu\/de\/?s={search_term_string}"},"query-input":{"@type":"PropertyValueSpecification","valueRequired":true,"valueName":"search_term_string"}}],"inLanguage":"de"},{"@type":"Organization","@id":"https:\/\/frontaliers-grandest.eu\/de\/#organization","name":"Frontaliers Grand Est","alternateName":"Frontaliers Grand Est","url":"https:\/\/frontaliers-grandest.eu\/de\/","logo":{"@type":"ImageObject","inLanguage":"de","@id":"https:\/\/frontaliers-grandest.eu\/de\/#\/schema\/logo\/image\/","url":"https:\/\/frontaliers-grandest.eu\/wp-content\/uploads\/2025\/07\/260328234_2966785176920310_3332838526503858160_n.jpg","contentUrl":"https:\/\/frontaliers-grandest.eu\/wp-content\/uploads\/2025\/07\/260328234_2966785176920310_3332838526503858160_n.jpg","width":396,"height":396,"caption":"Frontaliers Grand Est"},"image":{"@id":"https:\/\/frontaliers-grandest.eu\/de\/#\/schema\/logo\/image\/"},"sameAs":["https:\/\/www.facebook.com\/frontaliers.GR.EST\/?locale=fr_FR"]}]}},"frge_page_order":0,"_links":{"self":[{"href":"https:\/\/frontaliers-grandest.eu\/de\/wp-json\/wp\/v2\/pages\/7441","targetHints":{"allow":["GET"]}}],"collection":[{"href":"https:\/\/frontaliers-grandest.eu\/de\/wp-json\/wp\/v2\/pages"}],"about":[{"href":"https:\/\/frontaliers-grandest.eu\/de\/wp-json\/wp\/v2\/types\/page"}],"author":[{"embeddable":true,"href":"https:\/\/frontaliers-grandest.eu\/de\/wp-json\/wp\/v2\/users\/7"}],"replies":[{"embeddable":true,"href":"https:\/\/frontaliers-grandest.eu\/de\/wp-json\/wp\/v2\/comments?post=7441"}],"version-history":[{"count":1,"href":"https:\/\/frontaliers-grandest.eu\/de\/wp-json\/wp\/v2\/pages\/7441\/revisions"}],"predecessor-version":[{"id":7442,"href":"https:\/\/frontaliers-grandest.eu\/de\/wp-json\/wp\/v2\/pages\/7441\/revisions\/7442"}],"up":[{"embeddable":true,"href":"https:\/\/frontaliers-grandest.eu\/de\/wp-json\/wp\/v2\/pages\/7435"}],"wp:attachment":[{"href":"https:\/\/frontaliers-grandest.eu\/de\/wp-json\/wp\/v2\/media?parent=7441"}],"wp:term":[{"taxonomy":"post_tag","embeddable":true,"href":"https:\/\/frontaliers-grandest.eu\/de\/wp-json\/wp\/v2\/tags?post=7441"},{"taxonomy":"frge_profile","embeddable":true,"href":"https:\/\/frontaliers-grandest.eu\/de\/wp-json\/wp\/v2\/frge_profile?post=7441"}],"curies":[{"name":"wp","href":"https:\/\/api.w.org\/{rel}","templated":true}]}}