{"id":7387,"date":"2021-05-07T15:22:51","date_gmt":"2021-05-07T13:22:51","guid":{"rendered":"https:\/\/frontaliers-grandest.eu\/?page_id=7387"},"modified":"2021-05-07T15:22:53","modified_gmt":"2021-05-07T13:22:53","slug":"der-arbeitsmarkt-in-belgien","status":"publish","type":"page","link":"https:\/\/frontaliers-grandest.eu\/de\/startseite\/arbeitsuchende\/einen-job-in-belgien-finden\/gut-zu-wissen\/der-arbeitsmarkt-in-belgien\/","title":{"rendered":"Der arbeitsmarkt in Belgien"},"content":{"rendered":"\n<p>Belgien ist ein Bundesstaat mit Hauptstadt Br\u00fcssel. Das Land ist in Gemeinschaften und Regionen geteilt.<\/p>\n\n\n\n<p>Die Unternehmen mit weniger als 50 Personen sind das Kern der wallonischen Wirtschaft. Sie stellen 97,40 % aller Unternehmen dar. Die grossen Metallindustrien befinden sich im Industriegebiet zwischen L\u00fcttich und Charleroi. Die Arbeitslosenquote bel\u00e4uft sich auf 11,8 %.<\/p>\n\n\n\n<p>Die Region Br\u00fcssel-Hauptstadt ist das erste Besch\u00e4ftigungsgebiet mit mehr als 709\u00a0000 Arbeitsstellen. Die meisten Arbeitnehmer kommen nicht aus Br\u00fcssel, sondern aus Flandern und Wallonien, es handelt sich um sogenannte \u201cPendler\u201d. Die Arbeitslosenquote in der Region Br\u00fcssel-Haupstadt betr\u00e4gt 20,3 % im Februar 2015.\u00a0 Der terti\u00e4re Sektor spielt eine f\u00fchrende Rolle.<\/p>\n\n\n\n<p>In Flandern bietet der terti\u00e4re Sektor die gr\u00f6sste Anzahl an Arbeitsstellen an. Die Arbeitslosenquote bel\u00e4uft sich auf 5,3 % im 4. Vierteljahr 2014.<\/p>\n\n\n\n<p>Flandern tr\u00e4gt in H\u00f6he von 58,2 % zur belgischen Wirtschaft zu.<\/p>\n\n\n\n<h5 class=\"wp-block-heading\">Mehr Informationen \u00fcber Belgien und den Arbeitsmarkt erhalten Sie durch die Besichtigung folgender Websiten :<\/h5>\n\n\n\n<ul class=\"wp-block-list\"><li>Website der Grossregion :\u00a0<a href=\"http:\/\/www.granderegion.net\/\" target=\"_blank\" rel=\"noreferrer noopener\">www.granderegion.net<\/a><\/li><li>Bundesregierung :\u00a0<a href=\"http:\/\/www.diplomatie.belgium.be\/\" target=\"_blank\" rel=\"noreferrer noopener\">www.diplomatie.belgium.be<\/a><\/li><li>R\u00e9gionalregierungen :<ul><li>Flandern :\u00a0<a href=\"http:\/\/www.flanders.be\/\" target=\"_blank\" rel=\"noreferrer noopener\">www.flanders.be<\/a><\/li><li>Wallonien :\u00a0<br><a href=\"http:\/\/www.wallonie.be\/\" target=\"_blank\" rel=\"noreferrer noopener\">www.wallonie.be<\/a><br><a href=\"http:\/\/www.uwe.be\/\" target=\"_blank\" rel=\"noreferrer noopener\">www.uwe.be<\/a>\u00a0(wallonische Unternehmen)<\/li><li>Region Br\u00fcssel-Hauptstadt :\u00a0<a href=\"http:\/\/www.bruxelles.irisnet.be\/\">www.bruxelles.irisnet.be<\/a><\/li><\/ul><\/li><\/ul>\n\n\n\n<ul class=\"wp-block-list\"><li>Deutschsprachige Gemeinschaft :\u00a0<a href=\"http:\/\/www.dglive.be\/\" target=\"_blank\" rel=\"noreferrer noopener\">www.dglive.be<\/a><\/li><li>Franz\u00f6sische Gemeinschaft :\u00a0<a href=\"http:\/\/www.cfwb.be\/\" target=\"_blank\" rel=\"noreferrer noopener\">www.cfwb.be<\/a><\/li><\/ul>\n","protected":false},"excerpt":{"rendered":"<p>Belgien ist ein Bundesstaat mit Hauptstadt Br\u00fcssel. Das Land ist in Gemeinschaften und Regionen geteilt. Die Unternehmen mit weniger als 50 Personen sind das Kern der wallonischen Wirtschaft. Sie stellen 97,40 % aller Unternehmen dar. Die grossen Metallindustrien befinden sich im Industriegebiet zwischen L\u00fcttich und Charleroi. Die Arbeitslosenquote bel\u00e4uft sich auf 11,8 %. Die Region [&hellip;]<\/p>\n","protected":false},"author":7,"featured_media":0,"parent":7372,"menu_order":5,"comment_status":"closed","ping_status":"closed","template":"","meta":{"inline_featured_image":false,"footnotes":""},"tags":[],"frge_profile":[],"class_list":["post-7387","page","type-page","status-publish","hentry"],"yoast_head":"<!-- This site is optimized with the Yoast SEO plugin v27.1.1 - https:\/\/yoast.com\/product\/yoast-seo-wordpress\/ -->\n<title>Der arbeitsmarkt in Belgien - Frontaliers Grand Est<\/title>\n<meta name=\"robots\" content=\"index, follow, max-snippet:-1, max-image-preview:large, max-video-preview:-1\" \/>\n<link rel=\"canonical\" href=\"https:\/\/frontaliers-grandest.eu\/de\/startseite\/arbeitsuchende\/einen-job-in-belgien-finden\/gut-zu-wissen\/der-arbeitsmarkt-in-belgien\/\" \/>\n<meta property=\"og:locale\" content=\"de_DE\" \/>\n<meta property=\"og:type\" content=\"article\" \/>\n<meta property=\"og:title\" content=\"Der arbeitsmarkt in Belgien - Frontaliers Grand Est\" \/>\n<meta property=\"og:description\" content=\"Belgien ist ein Bundesstaat mit Hauptstadt Br\u00fcssel. Das Land ist in Gemeinschaften und Regionen geteilt. Die Unternehmen mit weniger als 50 Personen sind das Kern der wallonischen Wirtschaft. Sie stellen 97,40 % aller Unternehmen dar. Die grossen Metallindustrien befinden sich im Industriegebiet zwischen L\u00fcttich und Charleroi. Die Arbeitslosenquote bel\u00e4uft sich auf 11,8 %. Die Region [&hellip;]\" \/>\n<meta property=\"og:url\" content=\"https:\/\/frontaliers-grandest.eu\/de\/startseite\/arbeitsuchende\/einen-job-in-belgien-finden\/gut-zu-wissen\/der-arbeitsmarkt-in-belgien\/\" \/>\n<meta property=\"og:site_name\" content=\"Frontaliers Grand Est\" \/>\n<meta property=\"article:publisher\" content=\"https:\/\/www.facebook.com\/frontaliers.GR.EST\/?locale=fr_FR\" \/>\n<meta property=\"article:modified_time\" content=\"2021-05-07T13:22:53+00:00\" \/>\n<meta name=\"twitter:card\" content=\"summary_large_image\" \/>\n<meta name=\"twitter:label1\" content=\"Gesch\u00e4tzte Lesezeit\" \/>\n\t<meta name=\"twitter:data1\" content=\"1\u00a0Minute\" \/>\n<script type=\"application\/ld+json\" class=\"yoast-schema-graph\">{\"@context\":\"https:\/\/schema.org\",\"@graph\":[{\"@type\":\"WebPage\",\"@id\":\"https:\/\/frontaliers-grandest.eu\/de\/startseite\/arbeitsuchende\/einen-job-in-belgien-finden\/gut-zu-wissen\/der-arbeitsmarkt-in-belgien\/\",\"url\":\"https:\/\/frontaliers-grandest.eu\/de\/startseite\/arbeitsuchende\/einen-job-in-belgien-finden\/gut-zu-wissen\/der-arbeitsmarkt-in-belgien\/\",\"name\":\"Der arbeitsmarkt in Belgien - Frontaliers Grand Est\",\"isPartOf\":{\"@id\":\"https:\/\/frontaliers-grandest.eu\/de\/#website\"},\"datePublished\":\"2021-05-07T13:22:51+00:00\",\"dateModified\":\"2021-05-07T13:22:53+00:00\",\"breadcrumb\":{\"@id\":\"https:\/\/frontaliers-grandest.eu\/de\/startseite\/arbeitsuchende\/einen-job-in-belgien-finden\/gut-zu-wissen\/der-arbeitsmarkt-in-belgien\/#breadcrumb\"},\"inLanguage\":\"de\",\"potentialAction\":[{\"@type\":\"ReadAction\",\"target\":[\"https:\/\/frontaliers-grandest.eu\/de\/startseite\/arbeitsuchende\/einen-job-in-belgien-finden\/gut-zu-wissen\/der-arbeitsmarkt-in-belgien\/\"]}]},{\"@type\":\"BreadcrumbList\",\"@id\":\"https:\/\/frontaliers-grandest.eu\/de\/startseite\/arbeitsuchende\/einen-job-in-belgien-finden\/gut-zu-wissen\/der-arbeitsmarkt-in-belgien\/#breadcrumb\",\"itemListElement\":[{\"@type\":\"ListItem\",\"position\":1,\"name\":\"Startseite\",\"item\":\"https:\/\/frontaliers-grandest.eu\/de\/\"},{\"@type\":\"ListItem\",\"position\":2,\"name\":\"Arbeitsuchende\",\"item\":\"https:\/\/frontaliers-grandest.eu\/de\/startseite\/arbeitsuchende\/\"},{\"@type\":\"ListItem\",\"position\":3,\"name\":\"Einen Job in Belgien finden\",\"item\":\"https:\/\/frontaliers-grandest.eu\/de\/startseite\/arbeitsuchende\/einen-job-in-belgien-finden\/\"},{\"@type\":\"ListItem\",\"position\":4,\"name\":\"Gut Zu Wissen.\",\"item\":\"https:\/\/frontaliers-grandest.eu\/de\/startseite\/arbeitsuchende\/einen-job-in-belgien-finden\/gut-zu-wissen\/\"},{\"@type\":\"ListItem\",\"position\":5,\"name\":\"Der arbeitsmarkt in Belgien\"}]},{\"@type\":\"WebSite\",\"@id\":\"https:\/\/frontaliers-grandest.eu\/de\/#website\",\"url\":\"https:\/\/frontaliers-grandest.eu\/de\/\",\"name\":\"Frontaliers Grand Est\",\"description\":\"Le site ressource du travail frontalier\",\"publisher\":{\"@id\":\"https:\/\/frontaliers-grandest.eu\/de\/#organization\"},\"alternateName\":\"Frontaliers Grand Est\",\"potentialAction\":[{\"@type\":\"SearchAction\",\"target\":{\"@type\":\"EntryPoint\",\"urlTemplate\":\"https:\/\/frontaliers-grandest.eu\/de\/?s={search_term_string}\"},\"query-input\":{\"@type\":\"PropertyValueSpecification\",\"valueRequired\":true,\"valueName\":\"search_term_string\"}}],\"inLanguage\":\"de\"},{\"@type\":\"Organization\",\"@id\":\"https:\/\/frontaliers-grandest.eu\/de\/#organization\",\"name\":\"Frontaliers Grand Est\",\"alternateName\":\"Frontaliers Grand Est\",\"url\":\"https:\/\/frontaliers-grandest.eu\/de\/\",\"logo\":{\"@type\":\"ImageObject\",\"inLanguage\":\"de\",\"@id\":\"https:\/\/frontaliers-grandest.eu\/de\/#\/schema\/logo\/image\/\",\"url\":\"https:\/\/frontaliers-grandest.eu\/wp-content\/uploads\/2025\/07\/260328234_2966785176920310_3332838526503858160_n.jpg\",\"contentUrl\":\"https:\/\/frontaliers-grandest.eu\/wp-content\/uploads\/2025\/07\/260328234_2966785176920310_3332838526503858160_n.jpg\",\"width\":396,\"height\":396,\"caption\":\"Frontaliers Grand Est\"},\"image\":{\"@id\":\"https:\/\/frontaliers-grandest.eu\/de\/#\/schema\/logo\/image\/\"},\"sameAs\":[\"https:\/\/www.facebook.com\/frontaliers.GR.EST\/?locale=fr_FR\"]}]}<\/script>\n<!-- \/ Yoast SEO plugin. -->","yoast_head_json":{"title":"Der arbeitsmarkt in Belgien - Frontaliers Grand Est","robots":{"index":"index","follow":"follow","max-snippet":"max-snippet:-1","max-image-preview":"max-image-preview:large","max-video-preview":"max-video-preview:-1"},"canonical":"https:\/\/frontaliers-grandest.eu\/de\/startseite\/arbeitsuchende\/einen-job-in-belgien-finden\/gut-zu-wissen\/der-arbeitsmarkt-in-belgien\/","og_locale":"de_DE","og_type":"article","og_title":"Der arbeitsmarkt in Belgien - Frontaliers Grand Est","og_description":"Belgien ist ein Bundesstaat mit Hauptstadt Br\u00fcssel. Das Land ist in Gemeinschaften und Regionen geteilt. Die Unternehmen mit weniger als 50 Personen sind das Kern der wallonischen Wirtschaft. Sie stellen 97,40 % aller Unternehmen dar. Die grossen Metallindustrien befinden sich im Industriegebiet zwischen L\u00fcttich und Charleroi. Die Arbeitslosenquote bel\u00e4uft sich auf 11,8 %. Die Region [&hellip;]","og_url":"https:\/\/frontaliers-grandest.eu\/de\/startseite\/arbeitsuchende\/einen-job-in-belgien-finden\/gut-zu-wissen\/der-arbeitsmarkt-in-belgien\/","og_site_name":"Frontaliers Grand Est","article_publisher":"https:\/\/www.facebook.com\/frontaliers.GR.EST\/?locale=fr_FR","article_modified_time":"2021-05-07T13:22:53+00:00","twitter_card":"summary_large_image","twitter_misc":{"Gesch\u00e4tzte Lesezeit":"1\u00a0Minute"},"schema":{"@context":"https:\/\/schema.org","@graph":[{"@type":"WebPage","@id":"https:\/\/frontaliers-grandest.eu\/de\/startseite\/arbeitsuchende\/einen-job-in-belgien-finden\/gut-zu-wissen\/der-arbeitsmarkt-in-belgien\/","url":"https:\/\/frontaliers-grandest.eu\/de\/startseite\/arbeitsuchende\/einen-job-in-belgien-finden\/gut-zu-wissen\/der-arbeitsmarkt-in-belgien\/","name":"Der arbeitsmarkt in Belgien - Frontaliers Grand Est","isPartOf":{"@id":"https:\/\/frontaliers-grandest.eu\/de\/#website"},"datePublished":"2021-05-07T13:22:51+00:00","dateModified":"2021-05-07T13:22:53+00:00","breadcrumb":{"@id":"https:\/\/frontaliers-grandest.eu\/de\/startseite\/arbeitsuchende\/einen-job-in-belgien-finden\/gut-zu-wissen\/der-arbeitsmarkt-in-belgien\/#breadcrumb"},"inLanguage":"de","potentialAction":[{"@type":"ReadAction","target":["https:\/\/frontaliers-grandest.eu\/de\/startseite\/arbeitsuchende\/einen-job-in-belgien-finden\/gut-zu-wissen\/der-arbeitsmarkt-in-belgien\/"]}]},{"@type":"BreadcrumbList","@id":"https:\/\/frontaliers-grandest.eu\/de\/startseite\/arbeitsuchende\/einen-job-in-belgien-finden\/gut-zu-wissen\/der-arbeitsmarkt-in-belgien\/#breadcrumb","itemListElement":[{"@type":"ListItem","position":1,"name":"Startseite","item":"https:\/\/frontaliers-grandest.eu\/de\/"},{"@type":"ListItem","position":2,"name":"Arbeitsuchende","item":"https:\/\/frontaliers-grandest.eu\/de\/startseite\/arbeitsuchende\/"},{"@type":"ListItem","position":3,"name":"Einen Job in Belgien finden","item":"https:\/\/frontaliers-grandest.eu\/de\/startseite\/arbeitsuchende\/einen-job-in-belgien-finden\/"},{"@type":"ListItem","position":4,"name":"Gut Zu Wissen.","item":"https:\/\/frontaliers-grandest.eu\/de\/startseite\/arbeitsuchende\/einen-job-in-belgien-finden\/gut-zu-wissen\/"},{"@type":"ListItem","position":5,"name":"Der arbeitsmarkt in Belgien"}]},{"@type":"WebSite","@id":"https:\/\/frontaliers-grandest.eu\/de\/#website","url":"https:\/\/frontaliers-grandest.eu\/de\/","name":"Frontaliers Grand Est","description":"Le site ressource du travail frontalier","publisher":{"@id":"https:\/\/frontaliers-grandest.eu\/de\/#organization"},"alternateName":"Frontaliers Grand Est","potentialAction":[{"@type":"SearchAction","target":{"@type":"EntryPoint","urlTemplate":"https:\/\/frontaliers-grandest.eu\/de\/?s={search_term_string}"},"query-input":{"@type":"PropertyValueSpecification","valueRequired":true,"valueName":"search_term_string"}}],"inLanguage":"de"},{"@type":"Organization","@id":"https:\/\/frontaliers-grandest.eu\/de\/#organization","name":"Frontaliers Grand Est","alternateName":"Frontaliers Grand Est","url":"https:\/\/frontaliers-grandest.eu\/de\/","logo":{"@type":"ImageObject","inLanguage":"de","@id":"https:\/\/frontaliers-grandest.eu\/de\/#\/schema\/logo\/image\/","url":"https:\/\/frontaliers-grandest.eu\/wp-content\/uploads\/2025\/07\/260328234_2966785176920310_3332838526503858160_n.jpg","contentUrl":"https:\/\/frontaliers-grandest.eu\/wp-content\/uploads\/2025\/07\/260328234_2966785176920310_3332838526503858160_n.jpg","width":396,"height":396,"caption":"Frontaliers Grand Est"},"image":{"@id":"https:\/\/frontaliers-grandest.eu\/de\/#\/schema\/logo\/image\/"},"sameAs":["https:\/\/www.facebook.com\/frontaliers.GR.EST\/?locale=fr_FR"]}]}},"frge_page_order":0,"_links":{"self":[{"href":"https:\/\/frontaliers-grandest.eu\/de\/wp-json\/wp\/v2\/pages\/7387","targetHints":{"allow":["GET"]}}],"collection":[{"href":"https:\/\/frontaliers-grandest.eu\/de\/wp-json\/wp\/v2\/pages"}],"about":[{"href":"https:\/\/frontaliers-grandest.eu\/de\/wp-json\/wp\/v2\/types\/page"}],"author":[{"embeddable":true,"href":"https:\/\/frontaliers-grandest.eu\/de\/wp-json\/wp\/v2\/users\/7"}],"replies":[{"embeddable":true,"href":"https:\/\/frontaliers-grandest.eu\/de\/wp-json\/wp\/v2\/comments?post=7387"}],"version-history":[{"count":1,"href":"https:\/\/frontaliers-grandest.eu\/de\/wp-json\/wp\/v2\/pages\/7387\/revisions"}],"predecessor-version":[{"id":7388,"href":"https:\/\/frontaliers-grandest.eu\/de\/wp-json\/wp\/v2\/pages\/7387\/revisions\/7388"}],"up":[{"embeddable":true,"href":"https:\/\/frontaliers-grandest.eu\/de\/wp-json\/wp\/v2\/pages\/7372"}],"wp:attachment":[{"href":"https:\/\/frontaliers-grandest.eu\/de\/wp-json\/wp\/v2\/media?parent=7387"}],"wp:term":[{"taxonomy":"post_tag","embeddable":true,"href":"https:\/\/frontaliers-grandest.eu\/de\/wp-json\/wp\/v2\/tags?post=7387"},{"taxonomy":"frge_profile","embeddable":true,"href":"https:\/\/frontaliers-grandest.eu\/de\/wp-json\/wp\/v2\/frge_profile?post=7387"}],"curies":[{"name":"wp","href":"https:\/\/api.w.org\/{rel}","templated":true}]}}