{"id":7378,"date":"2021-05-07T15:10:16","date_gmt":"2021-05-07T13:10:16","guid":{"rendered":"https:\/\/frontaliers-grandest.eu\/?page_id=7378"},"modified":"2021-05-07T15:10:17","modified_gmt":"2021-05-07T13:10:17","slug":"die-anerkennung-von-auslandischen-diplomen","status":"publish","type":"page","link":"https:\/\/frontaliers-grandest.eu\/de\/startseite\/arbeitsuchende\/einen-job-in-belgien-finden\/gut-zu-wissen\/die-anerkennung-von-auslandischen-diplomen\/","title":{"rendered":"Die Anerkennung von Ausl\u00e4ndischen Diplomen"},"content":{"rendered":"\n<p>Sie haben ein Studium im Ausland absolviert. Sie m\u00fcssen Ihr Diplom anerkennen lassen, wenn Sie einen reglementierten Beruf in Belgien aus\u00fcben oder im \u00f6ffentlichen Dienst arbeiten m\u00f6chten.<\/p>\n\n\n\n<ul class=\"wp-block-list\"><li>Franz\u00f6sische Gemeinschaft :\u00a0<a href=\"http:\/\/www.equivalences.cfwb.be\/\" target=\"_blank\" rel=\"noreferrer noopener\">www.equivalences.cfwb.be<\/a><\/li><li>Deutschsprachige Gemeinschaft :\u00a0<a href=\"http:\/\/www.dglive.be\/\" target=\"_blank\" rel=\"noreferrer noopener\">www.dglive.be<\/a><\/li><li>Fl\u00e4mische Gemeinschaft :\u00a0<a href=\"http:\/\/www.ond.vlaanderen.be\/\" target=\"_blank\" rel=\"noreferrer noopener\">www.ond.vlaanderen.be<\/a><\/li><\/ul>\n","protected":false},"excerpt":{"rendered":"<p>Sie haben ein Studium im Ausland absolviert. Sie m\u00fcssen Ihr Diplom anerkennen lassen, wenn Sie einen reglementierten Beruf in Belgien aus\u00fcben oder im \u00f6ffentlichen Dienst arbeiten m\u00f6chten. Franz\u00f6sische Gemeinschaft :\u00a0www.equivalences.cfwb.be Deutschsprachige Gemeinschaft :\u00a0www.dglive.be Fl\u00e4mische Gemeinschaft :\u00a0www.ond.vlaanderen.be<\/p>\n","protected":false},"author":7,"featured_media":0,"parent":7372,"menu_order":2,"comment_status":"closed","ping_status":"closed","template":"","meta":{"inline_featured_image":false,"footnotes":""},"tags":[],"frge_profile":[],"class_list":["post-7378","page","type-page","status-publish","hentry"],"yoast_head":"<!-- This site is optimized with the Yoast SEO plugin v27.1.1 - https:\/\/yoast.com\/product\/yoast-seo-wordpress\/ -->\n<title>Die Anerkennung von Ausl\u00e4ndischen Diplomen - Frontaliers Grand Est<\/title>\n<meta name=\"robots\" content=\"index, follow, max-snippet:-1, max-image-preview:large, max-video-preview:-1\" \/>\n<link rel=\"canonical\" href=\"https:\/\/frontaliers-grandest.eu\/de\/startseite\/arbeitsuchende\/einen-job-in-belgien-finden\/gut-zu-wissen\/die-anerkennung-von-auslandischen-diplomen\/\" \/>\n<meta property=\"og:locale\" content=\"de_DE\" \/>\n<meta property=\"og:type\" content=\"article\" \/>\n<meta property=\"og:title\" content=\"Die Anerkennung von Ausl\u00e4ndischen Diplomen - Frontaliers Grand Est\" \/>\n<meta property=\"og:description\" content=\"Sie haben ein Studium im Ausland absolviert. Sie m\u00fcssen Ihr Diplom anerkennen lassen, wenn Sie einen reglementierten Beruf in Belgien aus\u00fcben oder im \u00f6ffentlichen Dienst arbeiten m\u00f6chten. Franz\u00f6sische Gemeinschaft :\u00a0www.equivalences.cfwb.be Deutschsprachige Gemeinschaft :\u00a0www.dglive.be Fl\u00e4mische Gemeinschaft :\u00a0www.ond.vlaanderen.be\" \/>\n<meta property=\"og:url\" content=\"https:\/\/frontaliers-grandest.eu\/de\/startseite\/arbeitsuchende\/einen-job-in-belgien-finden\/gut-zu-wissen\/die-anerkennung-von-auslandischen-diplomen\/\" \/>\n<meta property=\"og:site_name\" content=\"Frontaliers Grand Est\" \/>\n<meta property=\"article:publisher\" content=\"https:\/\/www.facebook.com\/frontaliers.GR.EST\/?locale=fr_FR\" \/>\n<meta property=\"article:modified_time\" content=\"2021-05-07T13:10:17+00:00\" \/>\n<meta name=\"twitter:card\" content=\"summary_large_image\" \/>\n<meta name=\"twitter:label1\" content=\"Gesch\u00e4tzte Lesezeit\" \/>\n\t<meta name=\"twitter:data1\" content=\"1\u00a0Minute\" \/>\n<script type=\"application\/ld+json\" class=\"yoast-schema-graph\">{\"@context\":\"https:\/\/schema.org\",\"@graph\":[{\"@type\":\"WebPage\",\"@id\":\"https:\/\/frontaliers-grandest.eu\/de\/startseite\/arbeitsuchende\/einen-job-in-belgien-finden\/gut-zu-wissen\/die-anerkennung-von-auslandischen-diplomen\/\",\"url\":\"https:\/\/frontaliers-grandest.eu\/de\/startseite\/arbeitsuchende\/einen-job-in-belgien-finden\/gut-zu-wissen\/die-anerkennung-von-auslandischen-diplomen\/\",\"name\":\"Die Anerkennung von Ausl\u00e4ndischen Diplomen - Frontaliers Grand Est\",\"isPartOf\":{\"@id\":\"https:\/\/frontaliers-grandest.eu\/de\/#website\"},\"datePublished\":\"2021-05-07T13:10:16+00:00\",\"dateModified\":\"2021-05-07T13:10:17+00:00\",\"breadcrumb\":{\"@id\":\"https:\/\/frontaliers-grandest.eu\/de\/startseite\/arbeitsuchende\/einen-job-in-belgien-finden\/gut-zu-wissen\/die-anerkennung-von-auslandischen-diplomen\/#breadcrumb\"},\"inLanguage\":\"de\",\"potentialAction\":[{\"@type\":\"ReadAction\",\"target\":[\"https:\/\/frontaliers-grandest.eu\/de\/startseite\/arbeitsuchende\/einen-job-in-belgien-finden\/gut-zu-wissen\/die-anerkennung-von-auslandischen-diplomen\/\"]}]},{\"@type\":\"BreadcrumbList\",\"@id\":\"https:\/\/frontaliers-grandest.eu\/de\/startseite\/arbeitsuchende\/einen-job-in-belgien-finden\/gut-zu-wissen\/die-anerkennung-von-auslandischen-diplomen\/#breadcrumb\",\"itemListElement\":[{\"@type\":\"ListItem\",\"position\":1,\"name\":\"Startseite\",\"item\":\"https:\/\/frontaliers-grandest.eu\/de\/\"},{\"@type\":\"ListItem\",\"position\":2,\"name\":\"Arbeitsuchende\",\"item\":\"https:\/\/frontaliers-grandest.eu\/de\/startseite\/arbeitsuchende\/\"},{\"@type\":\"ListItem\",\"position\":3,\"name\":\"Einen Job in Belgien finden\",\"item\":\"https:\/\/frontaliers-grandest.eu\/de\/startseite\/arbeitsuchende\/einen-job-in-belgien-finden\/\"},{\"@type\":\"ListItem\",\"position\":4,\"name\":\"Gut Zu Wissen.\",\"item\":\"https:\/\/frontaliers-grandest.eu\/de\/startseite\/arbeitsuchende\/einen-job-in-belgien-finden\/gut-zu-wissen\/\"},{\"@type\":\"ListItem\",\"position\":5,\"name\":\"Die Anerkennung von Ausl\u00e4ndischen Diplomen\"}]},{\"@type\":\"WebSite\",\"@id\":\"https:\/\/frontaliers-grandest.eu\/de\/#website\",\"url\":\"https:\/\/frontaliers-grandest.eu\/de\/\",\"name\":\"Frontaliers Grand Est\",\"description\":\"Le site ressource du travail frontalier\",\"publisher\":{\"@id\":\"https:\/\/frontaliers-grandest.eu\/de\/#organization\"},\"alternateName\":\"Frontaliers Grand Est\",\"potentialAction\":[{\"@type\":\"SearchAction\",\"target\":{\"@type\":\"EntryPoint\",\"urlTemplate\":\"https:\/\/frontaliers-grandest.eu\/de\/?s={search_term_string}\"},\"query-input\":{\"@type\":\"PropertyValueSpecification\",\"valueRequired\":true,\"valueName\":\"search_term_string\"}}],\"inLanguage\":\"de\"},{\"@type\":\"Organization\",\"@id\":\"https:\/\/frontaliers-grandest.eu\/de\/#organization\",\"name\":\"Frontaliers Grand Est\",\"alternateName\":\"Frontaliers Grand Est\",\"url\":\"https:\/\/frontaliers-grandest.eu\/de\/\",\"logo\":{\"@type\":\"ImageObject\",\"inLanguage\":\"de\",\"@id\":\"https:\/\/frontaliers-grandest.eu\/de\/#\/schema\/logo\/image\/\",\"url\":\"https:\/\/frontaliers-grandest.eu\/wp-content\/uploads\/2025\/07\/260328234_2966785176920310_3332838526503858160_n.jpg\",\"contentUrl\":\"https:\/\/frontaliers-grandest.eu\/wp-content\/uploads\/2025\/07\/260328234_2966785176920310_3332838526503858160_n.jpg\",\"width\":396,\"height\":396,\"caption\":\"Frontaliers Grand Est\"},\"image\":{\"@id\":\"https:\/\/frontaliers-grandest.eu\/de\/#\/schema\/logo\/image\/\"},\"sameAs\":[\"https:\/\/www.facebook.com\/frontaliers.GR.EST\/?locale=fr_FR\"]}]}<\/script>\n<!-- \/ Yoast SEO plugin. -->","yoast_head_json":{"title":"Die Anerkennung von Ausl\u00e4ndischen Diplomen - Frontaliers Grand Est","robots":{"index":"index","follow":"follow","max-snippet":"max-snippet:-1","max-image-preview":"max-image-preview:large","max-video-preview":"max-video-preview:-1"},"canonical":"https:\/\/frontaliers-grandest.eu\/de\/startseite\/arbeitsuchende\/einen-job-in-belgien-finden\/gut-zu-wissen\/die-anerkennung-von-auslandischen-diplomen\/","og_locale":"de_DE","og_type":"article","og_title":"Die Anerkennung von Ausl\u00e4ndischen Diplomen - Frontaliers Grand Est","og_description":"Sie haben ein Studium im Ausland absolviert. Sie m\u00fcssen Ihr Diplom anerkennen lassen, wenn Sie einen reglementierten Beruf in Belgien aus\u00fcben oder im \u00f6ffentlichen Dienst arbeiten m\u00f6chten. Franz\u00f6sische Gemeinschaft :\u00a0www.equivalences.cfwb.be Deutschsprachige Gemeinschaft :\u00a0www.dglive.be Fl\u00e4mische Gemeinschaft :\u00a0www.ond.vlaanderen.be","og_url":"https:\/\/frontaliers-grandest.eu\/de\/startseite\/arbeitsuchende\/einen-job-in-belgien-finden\/gut-zu-wissen\/die-anerkennung-von-auslandischen-diplomen\/","og_site_name":"Frontaliers Grand Est","article_publisher":"https:\/\/www.facebook.com\/frontaliers.GR.EST\/?locale=fr_FR","article_modified_time":"2021-05-07T13:10:17+00:00","twitter_card":"summary_large_image","twitter_misc":{"Gesch\u00e4tzte Lesezeit":"1\u00a0Minute"},"schema":{"@context":"https:\/\/schema.org","@graph":[{"@type":"WebPage","@id":"https:\/\/frontaliers-grandest.eu\/de\/startseite\/arbeitsuchende\/einen-job-in-belgien-finden\/gut-zu-wissen\/die-anerkennung-von-auslandischen-diplomen\/","url":"https:\/\/frontaliers-grandest.eu\/de\/startseite\/arbeitsuchende\/einen-job-in-belgien-finden\/gut-zu-wissen\/die-anerkennung-von-auslandischen-diplomen\/","name":"Die Anerkennung von Ausl\u00e4ndischen Diplomen - Frontaliers Grand Est","isPartOf":{"@id":"https:\/\/frontaliers-grandest.eu\/de\/#website"},"datePublished":"2021-05-07T13:10:16+00:00","dateModified":"2021-05-07T13:10:17+00:00","breadcrumb":{"@id":"https:\/\/frontaliers-grandest.eu\/de\/startseite\/arbeitsuchende\/einen-job-in-belgien-finden\/gut-zu-wissen\/die-anerkennung-von-auslandischen-diplomen\/#breadcrumb"},"inLanguage":"de","potentialAction":[{"@type":"ReadAction","target":["https:\/\/frontaliers-grandest.eu\/de\/startseite\/arbeitsuchende\/einen-job-in-belgien-finden\/gut-zu-wissen\/die-anerkennung-von-auslandischen-diplomen\/"]}]},{"@type":"BreadcrumbList","@id":"https:\/\/frontaliers-grandest.eu\/de\/startseite\/arbeitsuchende\/einen-job-in-belgien-finden\/gut-zu-wissen\/die-anerkennung-von-auslandischen-diplomen\/#breadcrumb","itemListElement":[{"@type":"ListItem","position":1,"name":"Startseite","item":"https:\/\/frontaliers-grandest.eu\/de\/"},{"@type":"ListItem","position":2,"name":"Arbeitsuchende","item":"https:\/\/frontaliers-grandest.eu\/de\/startseite\/arbeitsuchende\/"},{"@type":"ListItem","position":3,"name":"Einen Job in Belgien finden","item":"https:\/\/frontaliers-grandest.eu\/de\/startseite\/arbeitsuchende\/einen-job-in-belgien-finden\/"},{"@type":"ListItem","position":4,"name":"Gut Zu Wissen.","item":"https:\/\/frontaliers-grandest.eu\/de\/startseite\/arbeitsuchende\/einen-job-in-belgien-finden\/gut-zu-wissen\/"},{"@type":"ListItem","position":5,"name":"Die Anerkennung von Ausl\u00e4ndischen Diplomen"}]},{"@type":"WebSite","@id":"https:\/\/frontaliers-grandest.eu\/de\/#website","url":"https:\/\/frontaliers-grandest.eu\/de\/","name":"Frontaliers Grand Est","description":"Le site ressource du travail frontalier","publisher":{"@id":"https:\/\/frontaliers-grandest.eu\/de\/#organization"},"alternateName":"Frontaliers Grand Est","potentialAction":[{"@type":"SearchAction","target":{"@type":"EntryPoint","urlTemplate":"https:\/\/frontaliers-grandest.eu\/de\/?s={search_term_string}"},"query-input":{"@type":"PropertyValueSpecification","valueRequired":true,"valueName":"search_term_string"}}],"inLanguage":"de"},{"@type":"Organization","@id":"https:\/\/frontaliers-grandest.eu\/de\/#organization","name":"Frontaliers Grand Est","alternateName":"Frontaliers Grand Est","url":"https:\/\/frontaliers-grandest.eu\/de\/","logo":{"@type":"ImageObject","inLanguage":"de","@id":"https:\/\/frontaliers-grandest.eu\/de\/#\/schema\/logo\/image\/","url":"https:\/\/frontaliers-grandest.eu\/wp-content\/uploads\/2025\/07\/260328234_2966785176920310_3332838526503858160_n.jpg","contentUrl":"https:\/\/frontaliers-grandest.eu\/wp-content\/uploads\/2025\/07\/260328234_2966785176920310_3332838526503858160_n.jpg","width":396,"height":396,"caption":"Frontaliers Grand Est"},"image":{"@id":"https:\/\/frontaliers-grandest.eu\/de\/#\/schema\/logo\/image\/"},"sameAs":["https:\/\/www.facebook.com\/frontaliers.GR.EST\/?locale=fr_FR"]}]}},"frge_page_order":0,"_links":{"self":[{"href":"https:\/\/frontaliers-grandest.eu\/de\/wp-json\/wp\/v2\/pages\/7378","targetHints":{"allow":["GET"]}}],"collection":[{"href":"https:\/\/frontaliers-grandest.eu\/de\/wp-json\/wp\/v2\/pages"}],"about":[{"href":"https:\/\/frontaliers-grandest.eu\/de\/wp-json\/wp\/v2\/types\/page"}],"author":[{"embeddable":true,"href":"https:\/\/frontaliers-grandest.eu\/de\/wp-json\/wp\/v2\/users\/7"}],"replies":[{"embeddable":true,"href":"https:\/\/frontaliers-grandest.eu\/de\/wp-json\/wp\/v2\/comments?post=7378"}],"version-history":[{"count":1,"href":"https:\/\/frontaliers-grandest.eu\/de\/wp-json\/wp\/v2\/pages\/7378\/revisions"}],"predecessor-version":[{"id":7379,"href":"https:\/\/frontaliers-grandest.eu\/de\/wp-json\/wp\/v2\/pages\/7378\/revisions\/7379"}],"up":[{"embeddable":true,"href":"https:\/\/frontaliers-grandest.eu\/de\/wp-json\/wp\/v2\/pages\/7372"}],"wp:attachment":[{"href":"https:\/\/frontaliers-grandest.eu\/de\/wp-json\/wp\/v2\/media?parent=7378"}],"wp:term":[{"taxonomy":"post_tag","embeddable":true,"href":"https:\/\/frontaliers-grandest.eu\/de\/wp-json\/wp\/v2\/tags?post=7378"},{"taxonomy":"frge_profile","embeddable":true,"href":"https:\/\/frontaliers-grandest.eu\/de\/wp-json\/wp\/v2\/frge_profile?post=7378"}],"curies":[{"name":"wp","href":"https:\/\/api.w.org\/{rel}","templated":true}]}}