{"id":7374,"date":"2021-05-07T15:07:58","date_gmt":"2021-05-07T13:07:28","guid":{"rendered":"https:\/\/frontaliers-grandest.eu\/?page_id=7374"},"modified":"2021-05-07T15:25:50","modified_gmt":"2021-05-07T13:25:50","slug":"der-arbeitsbedingungen-in-belgien-wallonien","status":"publish","type":"page","link":"https:\/\/frontaliers-grandest.eu\/de\/startseite\/arbeitsuchende\/einen-job-in-belgien-finden\/gut-zu-wissen\/der-arbeitsbedingungen-in-belgien-wallonien\/","title":{"rendered":"Der arbeitsbedingungen in Belgien (Wallonien)"},"content":{"rendered":"\n<p>Die Arbeitsdauer in Belgien darf 8 Stunden pro Tag und 40 Stunden pro Woche nicht \u00fcberschreiten.<\/p>\n\n\n\n<p>In bestimmten F\u00e4llen sind Ausnahmeregelungen mit vorheriger Zustimmung m\u00f6glich. Die Arbeitsdauer darf 11 Stunden pro Tag und 50 Stunden pro Woche nicht \u00fcberschreiten.<\/p>\n\n\n\n<p>Empfehlung : lesen Sie sorgf\u00e4ltig Ihren Arbeitsvertrag und Ihren Tarifvertrag.<\/p>\n\n\n\n<p>Verg\u00fctung : in Belgien sind die Geh\u00e4lter nicht gesetzlich festgesetzt. Sie werden aber oft durch einen Tarifvertrag bestimmt. Wenn es keine Lohntabelle gibt, hat jeder Arbeitnehmer Recht auf\u00a0 das garantierte Mindesteinkommen (Revenu minimum mensuel garanti).<\/p>\n","protected":false},"excerpt":{"rendered":"<p>Die Arbeitsdauer in Belgien darf 8 Stunden pro Tag und 40 Stunden pro Woche nicht \u00fcberschreiten. In bestimmten F\u00e4llen sind Ausnahmeregelungen mit vorheriger Zustimmung m\u00f6glich. Die Arbeitsdauer darf 11 Stunden pro Tag und 50 Stunden pro Woche nicht \u00fcberschreiten. Empfehlung : lesen Sie sorgf\u00e4ltig Ihren Arbeitsvertrag und Ihren Tarifvertrag. Verg\u00fctung : in Belgien sind die [&hellip;]<\/p>\n","protected":false},"author":7,"featured_media":0,"parent":7372,"menu_order":0,"comment_status":"closed","ping_status":"closed","template":"","meta":{"inline_featured_image":false,"footnotes":""},"tags":[],"frge_profile":[],"class_list":["post-7374","page","type-page","status-publish","hentry"],"yoast_head":"<!-- This site is optimized with the Yoast SEO plugin v27.1.1 - https:\/\/yoast.com\/product\/yoast-seo-wordpress\/ -->\n<title>Der arbeitsbedingungen in Belgien (Wallonien) - Frontaliers Grand Est<\/title>\n<meta name=\"robots\" content=\"index, follow, max-snippet:-1, max-image-preview:large, max-video-preview:-1\" \/>\n<link rel=\"canonical\" href=\"https:\/\/frontaliers-grandest.eu\/de\/startseite\/arbeitsuchende\/einen-job-in-belgien-finden\/gut-zu-wissen\/der-arbeitsbedingungen-in-belgien-wallonien\/\" \/>\n<meta property=\"og:locale\" content=\"de_DE\" \/>\n<meta property=\"og:type\" content=\"article\" \/>\n<meta property=\"og:title\" content=\"Der arbeitsbedingungen in Belgien (Wallonien) - Frontaliers Grand Est\" \/>\n<meta property=\"og:description\" content=\"Die Arbeitsdauer in Belgien darf 8 Stunden pro Tag und 40 Stunden pro Woche nicht \u00fcberschreiten. In bestimmten F\u00e4llen sind Ausnahmeregelungen mit vorheriger Zustimmung m\u00f6glich. Die Arbeitsdauer darf 11 Stunden pro Tag und 50 Stunden pro Woche nicht \u00fcberschreiten. Empfehlung : lesen Sie sorgf\u00e4ltig Ihren Arbeitsvertrag und Ihren Tarifvertrag. Verg\u00fctung : in Belgien sind die [&hellip;]\" \/>\n<meta property=\"og:url\" content=\"https:\/\/frontaliers-grandest.eu\/de\/startseite\/arbeitsuchende\/einen-job-in-belgien-finden\/gut-zu-wissen\/der-arbeitsbedingungen-in-belgien-wallonien\/\" \/>\n<meta property=\"og:site_name\" content=\"Frontaliers Grand Est\" \/>\n<meta property=\"article:publisher\" content=\"https:\/\/www.facebook.com\/frontaliers.GR.EST\/?locale=fr_FR\" \/>\n<meta property=\"article:modified_time\" content=\"2021-05-07T13:25:50+00:00\" \/>\n<meta name=\"twitter:card\" content=\"summary_large_image\" \/>\n<meta name=\"twitter:label1\" content=\"Gesch\u00e4tzte Lesezeit\" \/>\n\t<meta name=\"twitter:data1\" content=\"1\u00a0Minute\" \/>\n<script type=\"application\/ld+json\" class=\"yoast-schema-graph\">{\"@context\":\"https:\/\/schema.org\",\"@graph\":[{\"@type\":\"WebPage\",\"@id\":\"https:\/\/frontaliers-grandest.eu\/de\/startseite\/arbeitsuchende\/einen-job-in-belgien-finden\/gut-zu-wissen\/der-arbeitsbedingungen-in-belgien-wallonien\/\",\"url\":\"https:\/\/frontaliers-grandest.eu\/de\/startseite\/arbeitsuchende\/einen-job-in-belgien-finden\/gut-zu-wissen\/der-arbeitsbedingungen-in-belgien-wallonien\/\",\"name\":\"Der arbeitsbedingungen in Belgien (Wallonien) - Frontaliers Grand Est\",\"isPartOf\":{\"@id\":\"https:\/\/frontaliers-grandest.eu\/de\/#website\"},\"datePublished\":\"2021-05-07T13:07:28+00:00\",\"dateModified\":\"2021-05-07T13:25:50+00:00\",\"breadcrumb\":{\"@id\":\"https:\/\/frontaliers-grandest.eu\/de\/startseite\/arbeitsuchende\/einen-job-in-belgien-finden\/gut-zu-wissen\/der-arbeitsbedingungen-in-belgien-wallonien\/#breadcrumb\"},\"inLanguage\":\"de\",\"potentialAction\":[{\"@type\":\"ReadAction\",\"target\":[\"https:\/\/frontaliers-grandest.eu\/de\/startseite\/arbeitsuchende\/einen-job-in-belgien-finden\/gut-zu-wissen\/der-arbeitsbedingungen-in-belgien-wallonien\/\"]}]},{\"@type\":\"BreadcrumbList\",\"@id\":\"https:\/\/frontaliers-grandest.eu\/de\/startseite\/arbeitsuchende\/einen-job-in-belgien-finden\/gut-zu-wissen\/der-arbeitsbedingungen-in-belgien-wallonien\/#breadcrumb\",\"itemListElement\":[{\"@type\":\"ListItem\",\"position\":1,\"name\":\"Startseite\",\"item\":\"https:\/\/frontaliers-grandest.eu\/de\/\"},{\"@type\":\"ListItem\",\"position\":2,\"name\":\"Arbeitsuchende\",\"item\":\"https:\/\/frontaliers-grandest.eu\/de\/startseite\/arbeitsuchende\/\"},{\"@type\":\"ListItem\",\"position\":3,\"name\":\"Einen Job in Belgien finden\",\"item\":\"https:\/\/frontaliers-grandest.eu\/de\/startseite\/arbeitsuchende\/einen-job-in-belgien-finden\/\"},{\"@type\":\"ListItem\",\"position\":4,\"name\":\"Gut Zu Wissen.\",\"item\":\"https:\/\/frontaliers-grandest.eu\/de\/startseite\/arbeitsuchende\/einen-job-in-belgien-finden\/gut-zu-wissen\/\"},{\"@type\":\"ListItem\",\"position\":5,\"name\":\"Der arbeitsbedingungen in Belgien (Wallonien)\"}]},{\"@type\":\"WebSite\",\"@id\":\"https:\/\/frontaliers-grandest.eu\/de\/#website\",\"url\":\"https:\/\/frontaliers-grandest.eu\/de\/\",\"name\":\"Frontaliers Grand Est\",\"description\":\"Le site ressource du travail frontalier\",\"publisher\":{\"@id\":\"https:\/\/frontaliers-grandest.eu\/de\/#organization\"},\"alternateName\":\"Frontaliers Grand Est\",\"potentialAction\":[{\"@type\":\"SearchAction\",\"target\":{\"@type\":\"EntryPoint\",\"urlTemplate\":\"https:\/\/frontaliers-grandest.eu\/de\/?s={search_term_string}\"},\"query-input\":{\"@type\":\"PropertyValueSpecification\",\"valueRequired\":true,\"valueName\":\"search_term_string\"}}],\"inLanguage\":\"de\"},{\"@type\":\"Organization\",\"@id\":\"https:\/\/frontaliers-grandest.eu\/de\/#organization\",\"name\":\"Frontaliers Grand Est\",\"alternateName\":\"Frontaliers Grand Est\",\"url\":\"https:\/\/frontaliers-grandest.eu\/de\/\",\"logo\":{\"@type\":\"ImageObject\",\"inLanguage\":\"de\",\"@id\":\"https:\/\/frontaliers-grandest.eu\/de\/#\/schema\/logo\/image\/\",\"url\":\"https:\/\/frontaliers-grandest.eu\/wp-content\/uploads\/2025\/07\/260328234_2966785176920310_3332838526503858160_n.jpg\",\"contentUrl\":\"https:\/\/frontaliers-grandest.eu\/wp-content\/uploads\/2025\/07\/260328234_2966785176920310_3332838526503858160_n.jpg\",\"width\":396,\"height\":396,\"caption\":\"Frontaliers Grand Est\"},\"image\":{\"@id\":\"https:\/\/frontaliers-grandest.eu\/de\/#\/schema\/logo\/image\/\"},\"sameAs\":[\"https:\/\/www.facebook.com\/frontaliers.GR.EST\/?locale=fr_FR\"]}]}<\/script>\n<!-- \/ Yoast SEO plugin. -->","yoast_head_json":{"title":"Der arbeitsbedingungen in Belgien (Wallonien) - Frontaliers Grand Est","robots":{"index":"index","follow":"follow","max-snippet":"max-snippet:-1","max-image-preview":"max-image-preview:large","max-video-preview":"max-video-preview:-1"},"canonical":"https:\/\/frontaliers-grandest.eu\/de\/startseite\/arbeitsuchende\/einen-job-in-belgien-finden\/gut-zu-wissen\/der-arbeitsbedingungen-in-belgien-wallonien\/","og_locale":"de_DE","og_type":"article","og_title":"Der arbeitsbedingungen in Belgien (Wallonien) - Frontaliers Grand Est","og_description":"Die Arbeitsdauer in Belgien darf 8 Stunden pro Tag und 40 Stunden pro Woche nicht \u00fcberschreiten. In bestimmten F\u00e4llen sind Ausnahmeregelungen mit vorheriger Zustimmung m\u00f6glich. Die Arbeitsdauer darf 11 Stunden pro Tag und 50 Stunden pro Woche nicht \u00fcberschreiten. Empfehlung : lesen Sie sorgf\u00e4ltig Ihren Arbeitsvertrag und Ihren Tarifvertrag. Verg\u00fctung : in Belgien sind die [&hellip;]","og_url":"https:\/\/frontaliers-grandest.eu\/de\/startseite\/arbeitsuchende\/einen-job-in-belgien-finden\/gut-zu-wissen\/der-arbeitsbedingungen-in-belgien-wallonien\/","og_site_name":"Frontaliers Grand Est","article_publisher":"https:\/\/www.facebook.com\/frontaliers.GR.EST\/?locale=fr_FR","article_modified_time":"2021-05-07T13:25:50+00:00","twitter_card":"summary_large_image","twitter_misc":{"Gesch\u00e4tzte Lesezeit":"1\u00a0Minute"},"schema":{"@context":"https:\/\/schema.org","@graph":[{"@type":"WebPage","@id":"https:\/\/frontaliers-grandest.eu\/de\/startseite\/arbeitsuchende\/einen-job-in-belgien-finden\/gut-zu-wissen\/der-arbeitsbedingungen-in-belgien-wallonien\/","url":"https:\/\/frontaliers-grandest.eu\/de\/startseite\/arbeitsuchende\/einen-job-in-belgien-finden\/gut-zu-wissen\/der-arbeitsbedingungen-in-belgien-wallonien\/","name":"Der arbeitsbedingungen in Belgien (Wallonien) - Frontaliers Grand Est","isPartOf":{"@id":"https:\/\/frontaliers-grandest.eu\/de\/#website"},"datePublished":"2021-05-07T13:07:28+00:00","dateModified":"2021-05-07T13:25:50+00:00","breadcrumb":{"@id":"https:\/\/frontaliers-grandest.eu\/de\/startseite\/arbeitsuchende\/einen-job-in-belgien-finden\/gut-zu-wissen\/der-arbeitsbedingungen-in-belgien-wallonien\/#breadcrumb"},"inLanguage":"de","potentialAction":[{"@type":"ReadAction","target":["https:\/\/frontaliers-grandest.eu\/de\/startseite\/arbeitsuchende\/einen-job-in-belgien-finden\/gut-zu-wissen\/der-arbeitsbedingungen-in-belgien-wallonien\/"]}]},{"@type":"BreadcrumbList","@id":"https:\/\/frontaliers-grandest.eu\/de\/startseite\/arbeitsuchende\/einen-job-in-belgien-finden\/gut-zu-wissen\/der-arbeitsbedingungen-in-belgien-wallonien\/#breadcrumb","itemListElement":[{"@type":"ListItem","position":1,"name":"Startseite","item":"https:\/\/frontaliers-grandest.eu\/de\/"},{"@type":"ListItem","position":2,"name":"Arbeitsuchende","item":"https:\/\/frontaliers-grandest.eu\/de\/startseite\/arbeitsuchende\/"},{"@type":"ListItem","position":3,"name":"Einen Job in Belgien finden","item":"https:\/\/frontaliers-grandest.eu\/de\/startseite\/arbeitsuchende\/einen-job-in-belgien-finden\/"},{"@type":"ListItem","position":4,"name":"Gut Zu Wissen.","item":"https:\/\/frontaliers-grandest.eu\/de\/startseite\/arbeitsuchende\/einen-job-in-belgien-finden\/gut-zu-wissen\/"},{"@type":"ListItem","position":5,"name":"Der arbeitsbedingungen in Belgien (Wallonien)"}]},{"@type":"WebSite","@id":"https:\/\/frontaliers-grandest.eu\/de\/#website","url":"https:\/\/frontaliers-grandest.eu\/de\/","name":"Frontaliers Grand Est","description":"Le site ressource du travail frontalier","publisher":{"@id":"https:\/\/frontaliers-grandest.eu\/de\/#organization"},"alternateName":"Frontaliers Grand Est","potentialAction":[{"@type":"SearchAction","target":{"@type":"EntryPoint","urlTemplate":"https:\/\/frontaliers-grandest.eu\/de\/?s={search_term_string}"},"query-input":{"@type":"PropertyValueSpecification","valueRequired":true,"valueName":"search_term_string"}}],"inLanguage":"de"},{"@type":"Organization","@id":"https:\/\/frontaliers-grandest.eu\/de\/#organization","name":"Frontaliers Grand Est","alternateName":"Frontaliers Grand Est","url":"https:\/\/frontaliers-grandest.eu\/de\/","logo":{"@type":"ImageObject","inLanguage":"de","@id":"https:\/\/frontaliers-grandest.eu\/de\/#\/schema\/logo\/image\/","url":"https:\/\/frontaliers-grandest.eu\/wp-content\/uploads\/2025\/07\/260328234_2966785176920310_3332838526503858160_n.jpg","contentUrl":"https:\/\/frontaliers-grandest.eu\/wp-content\/uploads\/2025\/07\/260328234_2966785176920310_3332838526503858160_n.jpg","width":396,"height":396,"caption":"Frontaliers Grand Est"},"image":{"@id":"https:\/\/frontaliers-grandest.eu\/de\/#\/schema\/logo\/image\/"},"sameAs":["https:\/\/www.facebook.com\/frontaliers.GR.EST\/?locale=fr_FR"]}]}},"frge_page_order":0,"_links":{"self":[{"href":"https:\/\/frontaliers-grandest.eu\/de\/wp-json\/wp\/v2\/pages\/7374","targetHints":{"allow":["GET"]}}],"collection":[{"href":"https:\/\/frontaliers-grandest.eu\/de\/wp-json\/wp\/v2\/pages"}],"about":[{"href":"https:\/\/frontaliers-grandest.eu\/de\/wp-json\/wp\/v2\/types\/page"}],"author":[{"embeddable":true,"href":"https:\/\/frontaliers-grandest.eu\/de\/wp-json\/wp\/v2\/users\/7"}],"replies":[{"embeddable":true,"href":"https:\/\/frontaliers-grandest.eu\/de\/wp-json\/wp\/v2\/comments?post=7374"}],"version-history":[{"count":2,"href":"https:\/\/frontaliers-grandest.eu\/de\/wp-json\/wp\/v2\/pages\/7374\/revisions"}],"predecessor-version":[{"id":7397,"href":"https:\/\/frontaliers-grandest.eu\/de\/wp-json\/wp\/v2\/pages\/7374\/revisions\/7397"}],"up":[{"embeddable":true,"href":"https:\/\/frontaliers-grandest.eu\/de\/wp-json\/wp\/v2\/pages\/7372"}],"wp:attachment":[{"href":"https:\/\/frontaliers-grandest.eu\/de\/wp-json\/wp\/v2\/media?parent=7374"}],"wp:term":[{"taxonomy":"post_tag","embeddable":true,"href":"https:\/\/frontaliers-grandest.eu\/de\/wp-json\/wp\/v2\/tags?post=7374"},{"taxonomy":"frge_profile","embeddable":true,"href":"https:\/\/frontaliers-grandest.eu\/de\/wp-json\/wp\/v2\/frge_profile?post=7374"}],"curies":[{"name":"wp","href":"https:\/\/api.w.org\/{rel}","templated":true}]}}