{"id":7357,"date":"2021-05-07T14:56:25","date_gmt":"2021-05-07T12:56:25","guid":{"rendered":"https:\/\/frontaliers-grandest.eu\/?page_id=7357"},"modified":"2024-07-03T09:54:16","modified_gmt":"2024-07-03T07:54:16","slug":"die-arbeitssuche-in-deutschland","status":"publish","type":"page","link":"https:\/\/frontaliers-grandest.eu\/de\/startseite\/arbeitsuchende\/einen-job-in-deutschland-finden\/gut-zu-wissen\/die-arbeitssuche-in-deutschland\/","title":{"rendered":"Die arbeitssuche in Deutschland"},"content":{"rendered":"\n<h4 class=\"wp-block-heading\" id=\"der-offene-stellenmarkt\"><strong>Der \u201coffene\u201d Stellenmarkt<\/strong><\/h4>\n\n\n\n<p>Der \u201coffene\u201d Markt umfasst alle Stellenangebote, die sowohl in Printmedien als auch im Internet ver\u00f6ffentlicht sind.<\/p>\n\n\n\n<h5 class=\"wp-block-heading\" id=\"internet-jobborsen\">Internet-Jobb\u00f6rsen :<\/h5>\n\n\n\n<ul class=\"wp-block-list\">\n<li><a href=\"http:\/\/www.jobboerse.arbeitsagentur.de\/\" target=\"_blank\" rel=\"noreferrer noopener\">www.jobboerse.arbeitsagentur.de<\/a><\/li>\n\n\n\n<li><a href=\"http:\/\/www.arbeitsagentur.de\/zav\" target=\"_blank\" rel=\"noreferrer noopener\">www.arbeitsagentur.de\/zav<\/a>\u00a0(Auslandsvermittlung der AA)<\/li>\n\n\n\n<li><a href=\"http:\/\/www.moovijob.com\/\" target=\"_blank\" rel=\"noreferrer noopener\">www.moovijob.com<\/a><\/li>\n\n\n\n<li><a href=\"http:\/\/www.pole-emploi.fr\/\" target=\"_blank\" rel=\"noreferrer noopener\">www.pole-emploi.fr<\/a><\/li>\n\n\n\n<li><a href=\"http:\/\/www.europa.eu.int\/eures\" target=\"_blank\" rel=\"noreferrer noopener\">www.europa.eu.int\/eures<\/a><\/li>\n\n\n\n<li><a href=\"http:\/\/www.linkedin.de\/\" target=\"_blank\" rel=\"noreferrer noopener\">www.linkedin.de<\/a><\/li>\n\n\n\n<li><a href=\"http:\/\/www.jobturbo.de\/\" target=\"_blank\" rel=\"noreferrer noopener\">www.jobturbo.de<\/a>,\u00a0<a href=\"http:\/\/www.kimeta.de\/\" target=\"_blank\" rel=\"noreferrer noopener\">www.kimeta.de<\/a>,\u00a0<a href=\"http:\/\/www.jobrobot.de\/\" target=\"_blank\" rel=\"noreferrer noopener\">www.jobrobot.de<\/a>\u00a0(Jobmotore)<\/li>\n\n\n\n<li><a href=\"http:\/\/www.jobpilot.de\/\" target=\"_blank\" rel=\"noreferrer noopener\">www.jobpilot.de<\/a>\u00a0(Jobportal)<\/li>\n\n\n\n<li><a href=\"http:\/\/www.emploi-allemagne.de\/\" target=\"_blank\" rel=\"noreferrer noopener\">www.emploi-allemagne.de<\/a>, stellboersen.de (Beratungen und Informationen f\u00fcr die Arbeitssuche)<\/li>\n\n\n\n<li><a href=\"http:\/\/www.ingenieurkarriere.de\/\" target=\"_blank\" rel=\"noreferrer noopener\">www.ingenieurkarriere.de<\/a>\u00a0(Fachwebsite f\u00fcr Ingenieure)<\/li>\n\n\n\n<li><a href=\"https:\/\/jobtensor.com\/\" target=\"_blank\" rel=\"noreferrer noopener\">https:\/\/jobtensor.com<\/a>\u00a0(Fachwebsite f\u00fcr Science, IT &amp; Engineering)<\/li>\n\n\n\n<li><a href=\"https:\/\/germantechjobs.de\/jobs\/IT\/all\" target=\"_blank\" rel=\"noreferrer noopener\">https:\/\/germantechjobs.de\/jobs\/IT\/all<\/a>\u00a0(Fachwebsite f\u00fcr IT )<\/li>\n\n\n\n<li><a href=\"http:\/\/www.automotive-saarland.de\/\" target=\"_blank\" rel=\"noreferrer noopener\">www.automotive-saarland.de<\/a>\u00a0(Fachwebsite f\u00fcr Automobilsektor)<\/li>\n\n\n\n<li><a href=\"http:\/\/www.fachkraefte-offensive.de\/\" target=\"_blank\" rel=\"noreferrer noopener\">www.fachkraefte-offensive.de<\/a>\u00a0(Fachkr\u00e4fte)<\/li>\n\n\n\n<li><a href=\"https:\/\/www.adzuna.de\/\" target=\"_blank\" rel=\"noreferrer noopener\">www.adzuna.de<\/a><\/li>\n\n\n\n<li><a href=\"https:\/\/de.jooble.org\/\" target=\"_blank\" rel=\"noreferrer noopener\">https:\/\/de.jooble.org\/<\/a><\/li>\n\n\n\n<li><a href=\"https:\/\/de.jobsora.com\/\" target=\"_blank\" rel=\"noreferrer noopener\">https:\/\/de.jobsora.com\/<\/a><\/li>\n\n\n\n<li><a href=\"https:\/\/www.careerjet.de\/\" target=\"_blank\" rel=\"noreferrer noopener\">https:\/\/www.careerjet.de\/ <\/a><\/li>\n<\/ul>\n\n\n\n<h5 class=\"wp-block-heading\" id=\"deutsch-franzosische-websiten\">Deutsch-franz\u00f6sische Websiten<\/h5>\n\n\n\n<ul class=\"wp-block-list\">\n<li>Connexion emploi :\u00a0<a href=\"http:\/\/www.connexion-emploi.com\/\" target=\"_blank\" rel=\"noreferrer noopener\">www.connexion-emploi.com<\/a><\/li>\n\n\n\n<li>Deutsch-franz\u00f6sisches Forum :\u00a0<a href=\"http:\/\/www.dff-ffa.org\/\" target=\"_blank\" rel=\"noreferrer noopener\">www.dff-ffa.org<\/a><\/li>\n\n\n\n<li>Franz\u00f6sische Aussenhandelskammer in Deutschland : <a href=\"http:\/\/www.cfa.de\" target=\"_blank\" rel=\"noreferrer noopener\">www.cfa.de<\/a><\/li>\n<\/ul>\n\n\n\n<h5 class=\"wp-block-heading\" id=\"stellenangebote-in-den-regionalen-tageszeitungen\">Stellenangebote in den regionalen Tageszeitungen :<\/h5>\n\n\n\n<ul class=\"wp-block-list\">\n<li>Saarbr\u00fccker Zeitung :\u00a0<a href=\"http:\/\/www.saarbruecker-zeitung.stellenanzeige.de\/\" target=\"_blank\" rel=\"noreferrer noopener\">www.saarbruecker-zeitung.stellenanzeige.de<\/a><\/li>\n\n\n\n<li>Wochenspiegel :\u00a0<a href=\"http:\/\/www.wochenspiegelonline.de\/\" target=\"_blank\" rel=\"noreferrer noopener\">www.wochenspiegelonline.de<\/a>, Rubrik \u201cJob\u201d<\/li>\n<\/ul>\n\n\n\n<h5 class=\"wp-block-heading\" id=\"stellenangebote-in-den-nationalen-tageszeitungen\">Stellenangebote in den nationalen Tageszeitungen :<\/h5>\n\n\n\n<ul class=\"wp-block-list\">\n<li>Handelsblatt :\u00a0<a href=\"http:\/\/www.handelsblatt.com\/\" target=\"_blank\" rel=\"noreferrer noopener\">www.handelsblatt.com<\/a><\/li>\n\n\n\n<li>S\u00fcddeutsche Zeitung :\u00a0<a href=\"http:\/\/www.sueddeutsche.de\/\" target=\"_blank\" rel=\"noreferrer noopener\">www.sueddeutsche.de<\/a><\/li>\n\n\n\n<li>Die Zeit :\u00a0<a href=\"http:\/\/www.zeit.de\/\" target=\"_blank\" rel=\"noreferrer noopener\">www.zeit.de<\/a><\/li>\n\n\n\n<li>Frankfurter Allgemeine Zeitung : <a href=\"http:\/\/www.fazjob.net\" target=\"_blank\" rel=\"noreferrer noopener\">www.fazjob.net<\/a><\/li>\n<\/ul>\n\n\n\n<h5 class=\"wp-block-heading\" id=\"spontanbewerbungen\">Spontanbewerbungen<\/h5>\n\n\n\n<p>Jeder Kandidat kann deutsche Unternehmen finden, die Arbeitnehmer mit seinem Profil &#8211; entsprechend seinem Berufsplan &#8211; einstellen k\u00f6nnten.<\/p>\n\n\n\n<ul class=\"wp-block-list\">\n<li><a href=\"http:\/\/www.ihk-saarland.de\/\" target=\"_blank\" rel=\"noreferrer noopener\">www.ihk-saarland.de<\/a>, Rubrik \u201cFirmensuche\u201d und \u201cBranchen\u201d<\/li>\n\n\n\n<li><a href=\"http:\/\/www.gelbeseiten.de\/\" target=\"_blank\" rel=\"noreferrer noopener\">www.gelbeseiten.de<\/a><\/li>\n\n\n\n<li><a href=\"http:\/\/www.clubaffaires.de\/\" target=\"_blank\" rel=\"noreferrer noopener\">www.clubaffaires.de<\/a>\u00a0(deutsch-franz\u00f6sischer Wirtschaftsclub)<\/li>\n<\/ul>\n\n\n\n<p>Die auf Arbeitssuche spezialisierten EURES-Berater k\u00f6nnen auf dem EURES-Portal <a href=\"https:\/\/eures.europa.eu\/index_fr\" target=\"_blank\" rel=\"noreferrer noopener\">eures.europa.eu<\/a>\u00a0\u2192 EURES-Berater suchen\u00a0\u2192 mit der Einstellung von\u00a0 Deutschland aufgerufen werden. Bei der Kontaktierung per e-Mail ist es f\u00fcr die EURES-Berater sehr hilfreich, wenn Sie einen Kurzlebenlauf oder Europass-CV mitschicken, damit sie sich ein gutes Bild von Ihrer beruflichen Ausrichtung und Zielsetzung machen k\u00f6nnen.<\/p>\n\n\n\n<h4 class=\"wp-block-heading\" id=\"der-verborgene-stellenmarkt\"><strong>Der \u201cverborgene\u201d Stellenmarkt<\/strong><\/h4>\n\n\n\n<p>Er stellt 70 % des gesamten Stellenmarktes dar und seine Bedeutung darf deswegen nicht vernachl\u00e4ssigt werden.<\/p>\n\n\n\n<h4 class=\"wp-block-heading\" id=\"das-personliche-netzwerk\"><strong>Das pers\u00f6nliche Netzwerk<\/strong><\/h4>\n\n\n\n<p>Man muss sein Netzwerk aktivieren und Leute in seinem Umfeld von seiner Stellensuche wissen lassen, um m\u00f6glichst viele n\u00fctzliche Informationen zu sammeln und so alle Chancen zu haben, eine Stelle zu finden.<\/p>\n\n\n\n<p>Ihr Netzwerk resultiert aus Ihren beruflichen Beziehungen zu verschiedenen Personen, die Sie zwar nicht unbedingt sehr gut kennen, aber Ihr Potenzial oder Ihr Know-how zu sch\u00e4tzen wissen. Verwechseln Sie nicht \u201eBeziehungen\u201c mit \u201eVitamin B\u201c.<\/p>\n","protected":false},"excerpt":{"rendered":"<p>Der \u201coffene\u201d Stellenmarkt Der \u201coffene\u201d Markt umfasst alle Stellenangebote, die sowohl in Printmedien als auch im Internet ver\u00f6ffentlicht sind. Internet-Jobb\u00f6rsen : Deutsch-franz\u00f6sische Websiten Stellenangebote in den regionalen Tageszeitungen : Stellenangebote in den nationalen Tageszeitungen : Spontanbewerbungen Jeder Kandidat kann deutsche Unternehmen finden, die Arbeitnehmer mit seinem Profil &#8211; entsprechend seinem Berufsplan &#8211; einstellen k\u00f6nnten. Die [&hellip;]<\/p>\n","protected":false},"author":7,"featured_media":0,"parent":7346,"menu_order":4,"comment_status":"closed","ping_status":"closed","template":"","meta":{"inline_featured_image":false,"footnotes":""},"tags":[],"frge_profile":[],"class_list":["post-7357","page","type-page","status-publish","hentry"],"yoast_head":"<!-- This site is optimized with the Yoast SEO plugin v27.1.1 - https:\/\/yoast.com\/product\/yoast-seo-wordpress\/ -->\n<title>Die arbeitssuche in Deutschland - Frontaliers Grand Est<\/title>\n<meta name=\"robots\" content=\"index, follow, max-snippet:-1, max-image-preview:large, max-video-preview:-1\" \/>\n<link rel=\"canonical\" href=\"https:\/\/frontaliers-grandest.eu\/de\/startseite\/arbeitsuchende\/einen-job-in-deutschland-finden\/gut-zu-wissen\/die-arbeitssuche-in-deutschland\/\" \/>\n<meta property=\"og:locale\" content=\"de_DE\" \/>\n<meta property=\"og:type\" content=\"article\" \/>\n<meta property=\"og:title\" content=\"Die arbeitssuche in Deutschland - Frontaliers Grand Est\" \/>\n<meta property=\"og:description\" content=\"Der \u201coffene\u201d Stellenmarkt Der \u201coffene\u201d Markt umfasst alle Stellenangebote, die sowohl in Printmedien als auch im Internet ver\u00f6ffentlicht sind. Internet-Jobb\u00f6rsen : Deutsch-franz\u00f6sische Websiten Stellenangebote in den regionalen Tageszeitungen : Stellenangebote in den nationalen Tageszeitungen : Spontanbewerbungen Jeder Kandidat kann deutsche Unternehmen finden, die Arbeitnehmer mit seinem Profil &#8211; entsprechend seinem Berufsplan &#8211; einstellen k\u00f6nnten. Die [&hellip;]\" \/>\n<meta property=\"og:url\" content=\"https:\/\/frontaliers-grandest.eu\/de\/startseite\/arbeitsuchende\/einen-job-in-deutschland-finden\/gut-zu-wissen\/die-arbeitssuche-in-deutschland\/\" \/>\n<meta property=\"og:site_name\" content=\"Frontaliers Grand Est\" \/>\n<meta property=\"article:publisher\" content=\"https:\/\/www.facebook.com\/frontaliers.GR.EST\/?locale=fr_FR\" \/>\n<meta property=\"article:modified_time\" content=\"2024-07-03T07:54:16+00:00\" \/>\n<meta name=\"twitter:card\" content=\"summary_large_image\" \/>\n<meta name=\"twitter:label1\" content=\"Gesch\u00e4tzte Lesezeit\" \/>\n\t<meta name=\"twitter:data1\" content=\"2\u00a0Minuten\" \/>\n<script type=\"application\/ld+json\" class=\"yoast-schema-graph\">{\"@context\":\"https:\/\/schema.org\",\"@graph\":[{\"@type\":\"WebPage\",\"@id\":\"https:\/\/frontaliers-grandest.eu\/de\/startseite\/arbeitsuchende\/einen-job-in-deutschland-finden\/gut-zu-wissen\/die-arbeitssuche-in-deutschland\/\",\"url\":\"https:\/\/frontaliers-grandest.eu\/de\/startseite\/arbeitsuchende\/einen-job-in-deutschland-finden\/gut-zu-wissen\/die-arbeitssuche-in-deutschland\/\",\"name\":\"Die arbeitssuche in Deutschland - Frontaliers Grand Est\",\"isPartOf\":{\"@id\":\"https:\/\/frontaliers-grandest.eu\/de\/#website\"},\"datePublished\":\"2021-05-07T12:56:25+00:00\",\"dateModified\":\"2024-07-03T07:54:16+00:00\",\"breadcrumb\":{\"@id\":\"https:\/\/frontaliers-grandest.eu\/de\/startseite\/arbeitsuchende\/einen-job-in-deutschland-finden\/gut-zu-wissen\/die-arbeitssuche-in-deutschland\/#breadcrumb\"},\"inLanguage\":\"de\",\"potentialAction\":[{\"@type\":\"ReadAction\",\"target\":[\"https:\/\/frontaliers-grandest.eu\/de\/startseite\/arbeitsuchende\/einen-job-in-deutschland-finden\/gut-zu-wissen\/die-arbeitssuche-in-deutschland\/\"]}]},{\"@type\":\"BreadcrumbList\",\"@id\":\"https:\/\/frontaliers-grandest.eu\/de\/startseite\/arbeitsuchende\/einen-job-in-deutschland-finden\/gut-zu-wissen\/die-arbeitssuche-in-deutschland\/#breadcrumb\",\"itemListElement\":[{\"@type\":\"ListItem\",\"position\":1,\"name\":\"Startseite\",\"item\":\"https:\/\/frontaliers-grandest.eu\/de\/\"},{\"@type\":\"ListItem\",\"position\":2,\"name\":\"Arbeitsuchende\",\"item\":\"https:\/\/frontaliers-grandest.eu\/de\/startseite\/arbeitsuchende\/\"},{\"@type\":\"ListItem\",\"position\":3,\"name\":\"Einen Job in Deutschland finden\",\"item\":\"https:\/\/frontaliers-grandest.eu\/de\/startseite\/arbeitsuchende\/einen-job-in-deutschland-finden\/\"},{\"@type\":\"ListItem\",\"position\":4,\"name\":\"Gut Zu Wissen\",\"item\":\"https:\/\/frontaliers-grandest.eu\/de\/startseite\/arbeitsuchende\/einen-job-in-deutschland-finden\/gut-zu-wissen\/\"},{\"@type\":\"ListItem\",\"position\":5,\"name\":\"Die arbeitssuche in Deutschland\"}]},{\"@type\":\"WebSite\",\"@id\":\"https:\/\/frontaliers-grandest.eu\/de\/#website\",\"url\":\"https:\/\/frontaliers-grandest.eu\/de\/\",\"name\":\"Frontaliers Grand Est\",\"description\":\"Le site ressource du travail frontalier\",\"publisher\":{\"@id\":\"https:\/\/frontaliers-grandest.eu\/de\/#organization\"},\"alternateName\":\"Frontaliers Grand Est\",\"potentialAction\":[{\"@type\":\"SearchAction\",\"target\":{\"@type\":\"EntryPoint\",\"urlTemplate\":\"https:\/\/frontaliers-grandest.eu\/de\/?s={search_term_string}\"},\"query-input\":{\"@type\":\"PropertyValueSpecification\",\"valueRequired\":true,\"valueName\":\"search_term_string\"}}],\"inLanguage\":\"de\"},{\"@type\":\"Organization\",\"@id\":\"https:\/\/frontaliers-grandest.eu\/de\/#organization\",\"name\":\"Frontaliers Grand Est\",\"alternateName\":\"Frontaliers Grand Est\",\"url\":\"https:\/\/frontaliers-grandest.eu\/de\/\",\"logo\":{\"@type\":\"ImageObject\",\"inLanguage\":\"de\",\"@id\":\"https:\/\/frontaliers-grandest.eu\/de\/#\/schema\/logo\/image\/\",\"url\":\"https:\/\/frontaliers-grandest.eu\/wp-content\/uploads\/2025\/07\/260328234_2966785176920310_3332838526503858160_n.jpg\",\"contentUrl\":\"https:\/\/frontaliers-grandest.eu\/wp-content\/uploads\/2025\/07\/260328234_2966785176920310_3332838526503858160_n.jpg\",\"width\":396,\"height\":396,\"caption\":\"Frontaliers Grand Est\"},\"image\":{\"@id\":\"https:\/\/frontaliers-grandest.eu\/de\/#\/schema\/logo\/image\/\"},\"sameAs\":[\"https:\/\/www.facebook.com\/frontaliers.GR.EST\/?locale=fr_FR\"]}]}<\/script>\n<!-- \/ Yoast SEO plugin. -->","yoast_head_json":{"title":"Die arbeitssuche in Deutschland - Frontaliers Grand Est","robots":{"index":"index","follow":"follow","max-snippet":"max-snippet:-1","max-image-preview":"max-image-preview:large","max-video-preview":"max-video-preview:-1"},"canonical":"https:\/\/frontaliers-grandest.eu\/de\/startseite\/arbeitsuchende\/einen-job-in-deutschland-finden\/gut-zu-wissen\/die-arbeitssuche-in-deutschland\/","og_locale":"de_DE","og_type":"article","og_title":"Die arbeitssuche in Deutschland - Frontaliers Grand Est","og_description":"Der \u201coffene\u201d Stellenmarkt Der \u201coffene\u201d Markt umfasst alle Stellenangebote, die sowohl in Printmedien als auch im Internet ver\u00f6ffentlicht sind. Internet-Jobb\u00f6rsen : Deutsch-franz\u00f6sische Websiten Stellenangebote in den regionalen Tageszeitungen : Stellenangebote in den nationalen Tageszeitungen : Spontanbewerbungen Jeder Kandidat kann deutsche Unternehmen finden, die Arbeitnehmer mit seinem Profil &#8211; entsprechend seinem Berufsplan &#8211; einstellen k\u00f6nnten. Die [&hellip;]","og_url":"https:\/\/frontaliers-grandest.eu\/de\/startseite\/arbeitsuchende\/einen-job-in-deutschland-finden\/gut-zu-wissen\/die-arbeitssuche-in-deutschland\/","og_site_name":"Frontaliers Grand Est","article_publisher":"https:\/\/www.facebook.com\/frontaliers.GR.EST\/?locale=fr_FR","article_modified_time":"2024-07-03T07:54:16+00:00","twitter_card":"summary_large_image","twitter_misc":{"Gesch\u00e4tzte Lesezeit":"2\u00a0Minuten"},"schema":{"@context":"https:\/\/schema.org","@graph":[{"@type":"WebPage","@id":"https:\/\/frontaliers-grandest.eu\/de\/startseite\/arbeitsuchende\/einen-job-in-deutschland-finden\/gut-zu-wissen\/die-arbeitssuche-in-deutschland\/","url":"https:\/\/frontaliers-grandest.eu\/de\/startseite\/arbeitsuchende\/einen-job-in-deutschland-finden\/gut-zu-wissen\/die-arbeitssuche-in-deutschland\/","name":"Die arbeitssuche in Deutschland - Frontaliers Grand Est","isPartOf":{"@id":"https:\/\/frontaliers-grandest.eu\/de\/#website"},"datePublished":"2021-05-07T12:56:25+00:00","dateModified":"2024-07-03T07:54:16+00:00","breadcrumb":{"@id":"https:\/\/frontaliers-grandest.eu\/de\/startseite\/arbeitsuchende\/einen-job-in-deutschland-finden\/gut-zu-wissen\/die-arbeitssuche-in-deutschland\/#breadcrumb"},"inLanguage":"de","potentialAction":[{"@type":"ReadAction","target":["https:\/\/frontaliers-grandest.eu\/de\/startseite\/arbeitsuchende\/einen-job-in-deutschland-finden\/gut-zu-wissen\/die-arbeitssuche-in-deutschland\/"]}]},{"@type":"BreadcrumbList","@id":"https:\/\/frontaliers-grandest.eu\/de\/startseite\/arbeitsuchende\/einen-job-in-deutschland-finden\/gut-zu-wissen\/die-arbeitssuche-in-deutschland\/#breadcrumb","itemListElement":[{"@type":"ListItem","position":1,"name":"Startseite","item":"https:\/\/frontaliers-grandest.eu\/de\/"},{"@type":"ListItem","position":2,"name":"Arbeitsuchende","item":"https:\/\/frontaliers-grandest.eu\/de\/startseite\/arbeitsuchende\/"},{"@type":"ListItem","position":3,"name":"Einen Job in Deutschland finden","item":"https:\/\/frontaliers-grandest.eu\/de\/startseite\/arbeitsuchende\/einen-job-in-deutschland-finden\/"},{"@type":"ListItem","position":4,"name":"Gut Zu Wissen","item":"https:\/\/frontaliers-grandest.eu\/de\/startseite\/arbeitsuchende\/einen-job-in-deutschland-finden\/gut-zu-wissen\/"},{"@type":"ListItem","position":5,"name":"Die arbeitssuche in Deutschland"}]},{"@type":"WebSite","@id":"https:\/\/frontaliers-grandest.eu\/de\/#website","url":"https:\/\/frontaliers-grandest.eu\/de\/","name":"Frontaliers Grand Est","description":"Le site ressource du travail frontalier","publisher":{"@id":"https:\/\/frontaliers-grandest.eu\/de\/#organization"},"alternateName":"Frontaliers Grand Est","potentialAction":[{"@type":"SearchAction","target":{"@type":"EntryPoint","urlTemplate":"https:\/\/frontaliers-grandest.eu\/de\/?s={search_term_string}"},"query-input":{"@type":"PropertyValueSpecification","valueRequired":true,"valueName":"search_term_string"}}],"inLanguage":"de"},{"@type":"Organization","@id":"https:\/\/frontaliers-grandest.eu\/de\/#organization","name":"Frontaliers Grand Est","alternateName":"Frontaliers Grand Est","url":"https:\/\/frontaliers-grandest.eu\/de\/","logo":{"@type":"ImageObject","inLanguage":"de","@id":"https:\/\/frontaliers-grandest.eu\/de\/#\/schema\/logo\/image\/","url":"https:\/\/frontaliers-grandest.eu\/wp-content\/uploads\/2025\/07\/260328234_2966785176920310_3332838526503858160_n.jpg","contentUrl":"https:\/\/frontaliers-grandest.eu\/wp-content\/uploads\/2025\/07\/260328234_2966785176920310_3332838526503858160_n.jpg","width":396,"height":396,"caption":"Frontaliers Grand Est"},"image":{"@id":"https:\/\/frontaliers-grandest.eu\/de\/#\/schema\/logo\/image\/"},"sameAs":["https:\/\/www.facebook.com\/frontaliers.GR.EST\/?locale=fr_FR"]}]}},"frge_page_order":0,"_links":{"self":[{"href":"https:\/\/frontaliers-grandest.eu\/de\/wp-json\/wp\/v2\/pages\/7357","targetHints":{"allow":["GET"]}}],"collection":[{"href":"https:\/\/frontaliers-grandest.eu\/de\/wp-json\/wp\/v2\/pages"}],"about":[{"href":"https:\/\/frontaliers-grandest.eu\/de\/wp-json\/wp\/v2\/types\/page"}],"author":[{"embeddable":true,"href":"https:\/\/frontaliers-grandest.eu\/de\/wp-json\/wp\/v2\/users\/7"}],"replies":[{"embeddable":true,"href":"https:\/\/frontaliers-grandest.eu\/de\/wp-json\/wp\/v2\/comments?post=7357"}],"version-history":[{"count":4,"href":"https:\/\/frontaliers-grandest.eu\/de\/wp-json\/wp\/v2\/pages\/7357\/revisions"}],"predecessor-version":[{"id":39672,"href":"https:\/\/frontaliers-grandest.eu\/de\/wp-json\/wp\/v2\/pages\/7357\/revisions\/39672"}],"up":[{"embeddable":true,"href":"https:\/\/frontaliers-grandest.eu\/de\/wp-json\/wp\/v2\/pages\/7346"}],"wp:attachment":[{"href":"https:\/\/frontaliers-grandest.eu\/de\/wp-json\/wp\/v2\/media?parent=7357"}],"wp:term":[{"taxonomy":"post_tag","embeddable":true,"href":"https:\/\/frontaliers-grandest.eu\/de\/wp-json\/wp\/v2\/tags?post=7357"},{"taxonomy":"frge_profile","embeddable":true,"href":"https:\/\/frontaliers-grandest.eu\/de\/wp-json\/wp\/v2\/frge_profile?post=7357"}],"curies":[{"name":"wp","href":"https:\/\/api.w.org\/{rel}","templated":true}]}}