{"id":7351,"date":"2021-05-07T14:46:27","date_gmt":"2021-05-07T12:46:27","guid":{"rendered":"https:\/\/frontaliers-grandest.eu\/?page_id=7351"},"modified":"2021-05-07T14:46:29","modified_gmt":"2021-05-07T12:46:29","slug":"die-arbeitsbedingungen-in-deutschland","status":"publish","type":"page","link":"https:\/\/frontaliers-grandest.eu\/de\/startseite\/arbeitsuchende\/einen-job-in-deutschland-finden\/gut-zu-wissen\/die-arbeitsbedingungen-in-deutschland\/","title":{"rendered":"Die arbeitsbedingungen in Deutschland"},"content":{"rendered":"\n<p>Die gesetzliche Arbeitszeit ist l\u00e4nger in Deutschland als in Frankreich : die durchschnittliche Arbeitszeit liegt bei 8 Stunden pro Tag und 40 Stunden pro Woche. In der Praxis liegt die Arbeitszeit h\u00e4ufig dar\u00fcber.<br>Unsere Beratung : pr\u00fcfen Sie sorgf\u00e2ltig Ihren Arbeitsvertrag und\/oder den geltenden Tarifvertrag.<\/p>\n\n\n\n<h5 class=\"wp-block-heading\">Mindestlohn :<\/h5>\n\n\n\n<p>Seit dem 1. Januar 2015 ist ein Mindestlohn von 8,50 \u20ac \/ Stunde f\u00fcr die Arbeitnehmer ab 18 Jahren. Es gibt Ausnahmen (Lehrlinge, bestimmte Praktikanten).<br>Manche Tarifvertr\u00e4ge k\u00f6nnen andere Bestimmungen vorsehen. Alle Informationen \u00fcber das Gesetz und die Berufsbranchen finden Sie auf der Website : www.der-mindestlohn-gilt.de.<\/p>\n\n\n\n<p>Falls Sie Ihre Berufslaufbahn in Deutschland absolvieren wollen, sollten Sie Deutsch-kenntnisse mitbringen und die deutsche Unternehmenskultur kennen. Zudem sollten Sie sich \u00fcber die Lebens- und Arbeitsgewohnheiten der Deutschen informieren.<\/p>\n\n\n\n<p>Sie k\u00f6nnen Ihr Sprachniveau in den Goethe-Instituten und in Sprachschulen ermitteln lassen. Der Nachweis Ihrer Deutschkenntnisse kann durch verschiedene Abschl\u00fcsse erbracht werden.<\/p>\n\n\n\n<p>Gute Englischkenntnisse werden oft verlangt. Deutschland ist weltweit einer der gr\u00f6ssten Exporteure, daher k\u00f6nnen alle anderen Sprachen ausser Englisch von Vorteil sein ; zur Zeit besteht eine grosse Nachfrage nach Personen mit Kenntnissen in sog. exotischen Sprachen, insbesondere in asiatischen Sprachen.<\/p>\n","protected":false},"excerpt":{"rendered":"<p>Die gesetzliche Arbeitszeit ist l\u00e4nger in Deutschland als in Frankreich : die durchschnittliche Arbeitszeit liegt bei 8 Stunden pro Tag und 40 Stunden pro Woche. In der Praxis liegt die Arbeitszeit h\u00e4ufig dar\u00fcber.Unsere Beratung : pr\u00fcfen Sie sorgf\u00e2ltig Ihren Arbeitsvertrag und\/oder den geltenden Tarifvertrag. Mindestlohn : Seit dem 1. Januar 2015 ist ein Mindestlohn von [&hellip;]<\/p>\n","protected":false},"author":7,"featured_media":0,"parent":7346,"menu_order":1,"comment_status":"closed","ping_status":"closed","template":"","meta":{"inline_featured_image":false,"footnotes":""},"tags":[],"frge_profile":[],"class_list":["post-7351","page","type-page","status-publish","hentry"],"yoast_head":"<!-- This site is optimized with the Yoast SEO plugin v27.1.1 - https:\/\/yoast.com\/product\/yoast-seo-wordpress\/ -->\n<title>Die arbeitsbedingungen in Deutschland - Frontaliers Grand Est<\/title>\n<meta name=\"robots\" content=\"index, follow, max-snippet:-1, max-image-preview:large, max-video-preview:-1\" \/>\n<link rel=\"canonical\" href=\"https:\/\/frontaliers-grandest.eu\/de\/startseite\/arbeitsuchende\/einen-job-in-deutschland-finden\/gut-zu-wissen\/die-arbeitsbedingungen-in-deutschland\/\" \/>\n<meta property=\"og:locale\" content=\"de_DE\" \/>\n<meta property=\"og:type\" content=\"article\" \/>\n<meta property=\"og:title\" content=\"Die arbeitsbedingungen in Deutschland - Frontaliers Grand Est\" \/>\n<meta property=\"og:description\" content=\"Die gesetzliche Arbeitszeit ist l\u00e4nger in Deutschland als in Frankreich : die durchschnittliche Arbeitszeit liegt bei 8 Stunden pro Tag und 40 Stunden pro Woche. In der Praxis liegt die Arbeitszeit h\u00e4ufig dar\u00fcber.Unsere Beratung : pr\u00fcfen Sie sorgf\u00e2ltig Ihren Arbeitsvertrag und\/oder den geltenden Tarifvertrag. Mindestlohn : Seit dem 1. Januar 2015 ist ein Mindestlohn von [&hellip;]\" \/>\n<meta property=\"og:url\" content=\"https:\/\/frontaliers-grandest.eu\/de\/startseite\/arbeitsuchende\/einen-job-in-deutschland-finden\/gut-zu-wissen\/die-arbeitsbedingungen-in-deutschland\/\" \/>\n<meta property=\"og:site_name\" content=\"Frontaliers Grand Est\" \/>\n<meta property=\"article:publisher\" content=\"https:\/\/www.facebook.com\/frontaliers.GR.EST\/?locale=fr_FR\" \/>\n<meta property=\"article:modified_time\" content=\"2021-05-07T12:46:29+00:00\" \/>\n<meta name=\"twitter:card\" content=\"summary_large_image\" \/>\n<meta name=\"twitter:label1\" content=\"Gesch\u00e4tzte Lesezeit\" \/>\n\t<meta name=\"twitter:data1\" content=\"1\u00a0Minute\" \/>\n<script type=\"application\/ld+json\" class=\"yoast-schema-graph\">{\"@context\":\"https:\/\/schema.org\",\"@graph\":[{\"@type\":\"WebPage\",\"@id\":\"https:\/\/frontaliers-grandest.eu\/de\/startseite\/arbeitsuchende\/einen-job-in-deutschland-finden\/gut-zu-wissen\/die-arbeitsbedingungen-in-deutschland\/\",\"url\":\"https:\/\/frontaliers-grandest.eu\/de\/startseite\/arbeitsuchende\/einen-job-in-deutschland-finden\/gut-zu-wissen\/die-arbeitsbedingungen-in-deutschland\/\",\"name\":\"Die arbeitsbedingungen in Deutschland - Frontaliers Grand Est\",\"isPartOf\":{\"@id\":\"https:\/\/frontaliers-grandest.eu\/de\/#website\"},\"datePublished\":\"2021-05-07T12:46:27+00:00\",\"dateModified\":\"2021-05-07T12:46:29+00:00\",\"breadcrumb\":{\"@id\":\"https:\/\/frontaliers-grandest.eu\/de\/startseite\/arbeitsuchende\/einen-job-in-deutschland-finden\/gut-zu-wissen\/die-arbeitsbedingungen-in-deutschland\/#breadcrumb\"},\"inLanguage\":\"de\",\"potentialAction\":[{\"@type\":\"ReadAction\",\"target\":[\"https:\/\/frontaliers-grandest.eu\/de\/startseite\/arbeitsuchende\/einen-job-in-deutschland-finden\/gut-zu-wissen\/die-arbeitsbedingungen-in-deutschland\/\"]}]},{\"@type\":\"BreadcrumbList\",\"@id\":\"https:\/\/frontaliers-grandest.eu\/de\/startseite\/arbeitsuchende\/einen-job-in-deutschland-finden\/gut-zu-wissen\/die-arbeitsbedingungen-in-deutschland\/#breadcrumb\",\"itemListElement\":[{\"@type\":\"ListItem\",\"position\":1,\"name\":\"Startseite\",\"item\":\"https:\/\/frontaliers-grandest.eu\/de\/\"},{\"@type\":\"ListItem\",\"position\":2,\"name\":\"Arbeitsuchende\",\"item\":\"https:\/\/frontaliers-grandest.eu\/de\/startseite\/arbeitsuchende\/\"},{\"@type\":\"ListItem\",\"position\":3,\"name\":\"Einen Job in Deutschland finden\",\"item\":\"https:\/\/frontaliers-grandest.eu\/de\/startseite\/arbeitsuchende\/einen-job-in-deutschland-finden\/\"},{\"@type\":\"ListItem\",\"position\":4,\"name\":\"Gut Zu Wissen\",\"item\":\"https:\/\/frontaliers-grandest.eu\/de\/startseite\/arbeitsuchende\/einen-job-in-deutschland-finden\/gut-zu-wissen\/\"},{\"@type\":\"ListItem\",\"position\":5,\"name\":\"Die arbeitsbedingungen in Deutschland\"}]},{\"@type\":\"WebSite\",\"@id\":\"https:\/\/frontaliers-grandest.eu\/de\/#website\",\"url\":\"https:\/\/frontaliers-grandest.eu\/de\/\",\"name\":\"Frontaliers Grand Est\",\"description\":\"Le site ressource du travail frontalier\",\"publisher\":{\"@id\":\"https:\/\/frontaliers-grandest.eu\/de\/#organization\"},\"alternateName\":\"Frontaliers Grand Est\",\"potentialAction\":[{\"@type\":\"SearchAction\",\"target\":{\"@type\":\"EntryPoint\",\"urlTemplate\":\"https:\/\/frontaliers-grandest.eu\/de\/?s={search_term_string}\"},\"query-input\":{\"@type\":\"PropertyValueSpecification\",\"valueRequired\":true,\"valueName\":\"search_term_string\"}}],\"inLanguage\":\"de\"},{\"@type\":\"Organization\",\"@id\":\"https:\/\/frontaliers-grandest.eu\/de\/#organization\",\"name\":\"Frontaliers Grand Est\",\"alternateName\":\"Frontaliers Grand Est\",\"url\":\"https:\/\/frontaliers-grandest.eu\/de\/\",\"logo\":{\"@type\":\"ImageObject\",\"inLanguage\":\"de\",\"@id\":\"https:\/\/frontaliers-grandest.eu\/de\/#\/schema\/logo\/image\/\",\"url\":\"https:\/\/frontaliers-grandest.eu\/wp-content\/uploads\/2025\/07\/260328234_2966785176920310_3332838526503858160_n.jpg\",\"contentUrl\":\"https:\/\/frontaliers-grandest.eu\/wp-content\/uploads\/2025\/07\/260328234_2966785176920310_3332838526503858160_n.jpg\",\"width\":396,\"height\":396,\"caption\":\"Frontaliers Grand Est\"},\"image\":{\"@id\":\"https:\/\/frontaliers-grandest.eu\/de\/#\/schema\/logo\/image\/\"},\"sameAs\":[\"https:\/\/www.facebook.com\/frontaliers.GR.EST\/?locale=fr_FR\"]}]}<\/script>\n<!-- \/ Yoast SEO plugin. -->","yoast_head_json":{"title":"Die arbeitsbedingungen in Deutschland - Frontaliers Grand Est","robots":{"index":"index","follow":"follow","max-snippet":"max-snippet:-1","max-image-preview":"max-image-preview:large","max-video-preview":"max-video-preview:-1"},"canonical":"https:\/\/frontaliers-grandest.eu\/de\/startseite\/arbeitsuchende\/einen-job-in-deutschland-finden\/gut-zu-wissen\/die-arbeitsbedingungen-in-deutschland\/","og_locale":"de_DE","og_type":"article","og_title":"Die arbeitsbedingungen in Deutschland - Frontaliers Grand Est","og_description":"Die gesetzliche Arbeitszeit ist l\u00e4nger in Deutschland als in Frankreich : die durchschnittliche Arbeitszeit liegt bei 8 Stunden pro Tag und 40 Stunden pro Woche. In der Praxis liegt die Arbeitszeit h\u00e4ufig dar\u00fcber.Unsere Beratung : pr\u00fcfen Sie sorgf\u00e2ltig Ihren Arbeitsvertrag und\/oder den geltenden Tarifvertrag. Mindestlohn : Seit dem 1. Januar 2015 ist ein Mindestlohn von [&hellip;]","og_url":"https:\/\/frontaliers-grandest.eu\/de\/startseite\/arbeitsuchende\/einen-job-in-deutschland-finden\/gut-zu-wissen\/die-arbeitsbedingungen-in-deutschland\/","og_site_name":"Frontaliers Grand Est","article_publisher":"https:\/\/www.facebook.com\/frontaliers.GR.EST\/?locale=fr_FR","article_modified_time":"2021-05-07T12:46:29+00:00","twitter_card":"summary_large_image","twitter_misc":{"Gesch\u00e4tzte Lesezeit":"1\u00a0Minute"},"schema":{"@context":"https:\/\/schema.org","@graph":[{"@type":"WebPage","@id":"https:\/\/frontaliers-grandest.eu\/de\/startseite\/arbeitsuchende\/einen-job-in-deutschland-finden\/gut-zu-wissen\/die-arbeitsbedingungen-in-deutschland\/","url":"https:\/\/frontaliers-grandest.eu\/de\/startseite\/arbeitsuchende\/einen-job-in-deutschland-finden\/gut-zu-wissen\/die-arbeitsbedingungen-in-deutschland\/","name":"Die arbeitsbedingungen in Deutschland - Frontaliers Grand Est","isPartOf":{"@id":"https:\/\/frontaliers-grandest.eu\/de\/#website"},"datePublished":"2021-05-07T12:46:27+00:00","dateModified":"2021-05-07T12:46:29+00:00","breadcrumb":{"@id":"https:\/\/frontaliers-grandest.eu\/de\/startseite\/arbeitsuchende\/einen-job-in-deutschland-finden\/gut-zu-wissen\/die-arbeitsbedingungen-in-deutschland\/#breadcrumb"},"inLanguage":"de","potentialAction":[{"@type":"ReadAction","target":["https:\/\/frontaliers-grandest.eu\/de\/startseite\/arbeitsuchende\/einen-job-in-deutschland-finden\/gut-zu-wissen\/die-arbeitsbedingungen-in-deutschland\/"]}]},{"@type":"BreadcrumbList","@id":"https:\/\/frontaliers-grandest.eu\/de\/startseite\/arbeitsuchende\/einen-job-in-deutschland-finden\/gut-zu-wissen\/die-arbeitsbedingungen-in-deutschland\/#breadcrumb","itemListElement":[{"@type":"ListItem","position":1,"name":"Startseite","item":"https:\/\/frontaliers-grandest.eu\/de\/"},{"@type":"ListItem","position":2,"name":"Arbeitsuchende","item":"https:\/\/frontaliers-grandest.eu\/de\/startseite\/arbeitsuchende\/"},{"@type":"ListItem","position":3,"name":"Einen Job in Deutschland finden","item":"https:\/\/frontaliers-grandest.eu\/de\/startseite\/arbeitsuchende\/einen-job-in-deutschland-finden\/"},{"@type":"ListItem","position":4,"name":"Gut Zu Wissen","item":"https:\/\/frontaliers-grandest.eu\/de\/startseite\/arbeitsuchende\/einen-job-in-deutschland-finden\/gut-zu-wissen\/"},{"@type":"ListItem","position":5,"name":"Die arbeitsbedingungen in Deutschland"}]},{"@type":"WebSite","@id":"https:\/\/frontaliers-grandest.eu\/de\/#website","url":"https:\/\/frontaliers-grandest.eu\/de\/","name":"Frontaliers Grand Est","description":"Le site ressource du travail frontalier","publisher":{"@id":"https:\/\/frontaliers-grandest.eu\/de\/#organization"},"alternateName":"Frontaliers Grand Est","potentialAction":[{"@type":"SearchAction","target":{"@type":"EntryPoint","urlTemplate":"https:\/\/frontaliers-grandest.eu\/de\/?s={search_term_string}"},"query-input":{"@type":"PropertyValueSpecification","valueRequired":true,"valueName":"search_term_string"}}],"inLanguage":"de"},{"@type":"Organization","@id":"https:\/\/frontaliers-grandest.eu\/de\/#organization","name":"Frontaliers Grand Est","alternateName":"Frontaliers Grand Est","url":"https:\/\/frontaliers-grandest.eu\/de\/","logo":{"@type":"ImageObject","inLanguage":"de","@id":"https:\/\/frontaliers-grandest.eu\/de\/#\/schema\/logo\/image\/","url":"https:\/\/frontaliers-grandest.eu\/wp-content\/uploads\/2025\/07\/260328234_2966785176920310_3332838526503858160_n.jpg","contentUrl":"https:\/\/frontaliers-grandest.eu\/wp-content\/uploads\/2025\/07\/260328234_2966785176920310_3332838526503858160_n.jpg","width":396,"height":396,"caption":"Frontaliers Grand Est"},"image":{"@id":"https:\/\/frontaliers-grandest.eu\/de\/#\/schema\/logo\/image\/"},"sameAs":["https:\/\/www.facebook.com\/frontaliers.GR.EST\/?locale=fr_FR"]}]}},"frge_page_order":0,"_links":{"self":[{"href":"https:\/\/frontaliers-grandest.eu\/de\/wp-json\/wp\/v2\/pages\/7351","targetHints":{"allow":["GET"]}}],"collection":[{"href":"https:\/\/frontaliers-grandest.eu\/de\/wp-json\/wp\/v2\/pages"}],"about":[{"href":"https:\/\/frontaliers-grandest.eu\/de\/wp-json\/wp\/v2\/types\/page"}],"author":[{"embeddable":true,"href":"https:\/\/frontaliers-grandest.eu\/de\/wp-json\/wp\/v2\/users\/7"}],"replies":[{"embeddable":true,"href":"https:\/\/frontaliers-grandest.eu\/de\/wp-json\/wp\/v2\/comments?post=7351"}],"version-history":[{"count":1,"href":"https:\/\/frontaliers-grandest.eu\/de\/wp-json\/wp\/v2\/pages\/7351\/revisions"}],"predecessor-version":[{"id":7352,"href":"https:\/\/frontaliers-grandest.eu\/de\/wp-json\/wp\/v2\/pages\/7351\/revisions\/7352"}],"up":[{"embeddable":true,"href":"https:\/\/frontaliers-grandest.eu\/de\/wp-json\/wp\/v2\/pages\/7346"}],"wp:attachment":[{"href":"https:\/\/frontaliers-grandest.eu\/de\/wp-json\/wp\/v2\/media?parent=7351"}],"wp:term":[{"taxonomy":"post_tag","embeddable":true,"href":"https:\/\/frontaliers-grandest.eu\/de\/wp-json\/wp\/v2\/tags?post=7351"},{"taxonomy":"frge_profile","embeddable":true,"href":"https:\/\/frontaliers-grandest.eu\/de\/wp-json\/wp\/v2\/frge_profile?post=7351"}],"curies":[{"name":"wp","href":"https:\/\/api.w.org\/{rel}","templated":true}]}}