{"id":7349,"date":"2021-05-07T14:43:15","date_gmt":"2021-05-07T12:43:15","guid":{"rendered":"https:\/\/frontaliers-grandest.eu\/?page_id=7349"},"modified":"2024-07-03T09:53:05","modified_gmt":"2024-07-03T07:53:05","slug":"der-arbeitsmarkt-in-deutschland","status":"publish","type":"page","link":"https:\/\/frontaliers-grandest.eu\/de\/startseite\/arbeitsuchende\/einen-job-in-deutschland-finden\/gut-zu-wissen\/der-arbeitsmarkt-in-deutschland\/","title":{"rendered":"Der arbeitsmarkt in Deutschland"},"content":{"rendered":"\n<p>Deutschland ist die erste Wirtschaftsmacht Europas und die viertgr\u00f6sste Wirtschaftsmacht der Welt hinter den USA, Japan et China. Mit 81 Mio Einwohnern ist das Land der gr\u00f6sste Waren- und Dienstleistungsexporteur in der Europ\u00e4ischen Union.<\/p>\n\n\n\n<p>Deutsche Unternehmen der Chemie-, Maschinen- und Automobilindustrie wie Volkswagen, Siemens oder Bayer z\u00e4hlen zu den zehn weltweit gr\u00f6ssten Investoren.<\/p>\n\n\n\n<h4 class=\"wp-block-heading\">F\u00fcr weitere Informationen \u00fcber Deutschland k\u00f6nnen Sie folgende Websiten besuchen :<\/h4>\n\n\n\n<ul class=\"wp-block-list\">\n<li>EURES Portal :\u00a0<a href=\"https:\/\/eures.europa.eu\/index_fr\" target=\"_blank\" rel=\"noreferrer noopener\">eures.europa.eu<\/a><\/li>\n\n\n\n<li>Deutsch-franz\u00f6sische Industrie- und Handelskammer :\u00a0<a href=\"http:\/\/www.francoallemand.com\/\" target=\"_blank\" rel=\"noreferrer noopener\">www.francoallemand.com<\/a><\/li>\n\n\n\n<li>Franz\u00f6sische Aussenhandelskammer in Deutschland :\u00a0<a href=\"http:\/\/www.ccfa.de\/\" target=\"_blank\" rel=\"noreferrer noopener\">www.ccfa.de<\/a><\/li>\n\n\n\n<li>Allgemeine Informationen \u00fcber Deutschland :\u00a0<a href=\"http:\/\/www.deutschland.de\/\" target=\"_blank\" rel=\"noreferrer noopener\">www.deutschland.de<\/a><\/li>\n\n\n\n<li>Deutsch-franz\u00f6sischer Internetportal :\u00a0<a href=\"http:\/\/www.france-allemagne.fr\/\" target=\"_blank\" rel=\"noreferrer noopener\">www.france-allemagne.fr<\/a><\/li>\n<\/ul>\n\n\n\n<h4 class=\"wp-block-heading\">Websiten mit Informationen \u00fcber den deutschen Arbeitsmarkt :<\/h4>\n\n\n\n<ul class=\"wp-block-list\">\n<li><a href=\"http:\/\/www.arbeitsagentur.de\/\" target=\"_blank\" rel=\"noreferrer noopener\">www.arbeitsagentur.de<\/a>, Rubrik \u201cPresse\u201d \u2192 \u201cStatistik\u201d<\/li>\n\n\n\n<li><a href=\"http:\/\/www.hwk-saarland.de\/\" target=\"_blank\" rel=\"noreferrer noopener\">www.hwk-saarland.de<\/a><\/li>\n\n\n\n<li><a href=\"http:\/\/www.arbeitskammer.de\/\" target=\"_blank\" rel=\"noreferrer noopener\">www.arbeitskammer.de<\/a><\/li>\n\n\n\n<li><a href=\"http:\/\/www.pfalz.ihk24.de\/\" target=\"_blank\" rel=\"noreferrer noopener\">www.pfalz.ihk24.de<\/a><\/li>\n\n\n\n<li><a href=\"http:\/\/www.saarland.de\/\" target=\"_blank\" rel=\"noreferrer noopener\">www.saarland.de<\/a><\/li>\n\n\n\n<li><a href=\"http:\/\/www.ihk-saarland.de\/\" target=\"_blank\" rel=\"noreferrer noopener\">www.ihk-saarland.de<\/a><\/li>\n<\/ul>\n\n\n\n<h4 class=\"wp-block-heading\">Gro\u00dfregion<\/h4>\n\n\n\n<ul class=\"wp-block-list\">\n<li><a href=\"http:\/\/www.granderegion.net\/\" target=\"_blank\" rel=\"noreferrer noopener\">www.granderegion.net<\/a><\/li>\n\n\n\n<li><a href=\"http:\/\/www.saarlorlux.org\/\" target=\"_blank\" rel=\"noreferrer noopener\">www.saarlorlux.org<\/a>\u00a0(Wirtschaftsportal f\u00fcr die Region SaarLorLux)<\/li>\n<\/ul>\n","protected":false},"excerpt":{"rendered":"<p>Deutschland ist die erste Wirtschaftsmacht Europas und die viertgr\u00f6sste Wirtschaftsmacht der Welt hinter den USA, Japan et China. Mit 81 Mio Einwohnern ist das Land der gr\u00f6sste Waren- und Dienstleistungsexporteur in der Europ\u00e4ischen Union. Deutsche Unternehmen der Chemie-, Maschinen- und Automobilindustrie wie Volkswagen, Siemens oder Bayer z\u00e4hlen zu den zehn weltweit gr\u00f6ssten Investoren. F\u00fcr weitere [&hellip;]<\/p>\n","protected":false},"author":7,"featured_media":0,"parent":7346,"menu_order":0,"comment_status":"closed","ping_status":"closed","template":"","meta":{"inline_featured_image":false,"footnotes":""},"tags":[],"frge_profile":[],"class_list":["post-7349","page","type-page","status-publish","hentry"],"yoast_head":"<!-- This site is optimized with the Yoast SEO plugin v27.1.1 - https:\/\/yoast.com\/product\/yoast-seo-wordpress\/ -->\n<title>Der arbeitsmarkt in Deutschland - Frontaliers Grand Est<\/title>\n<meta name=\"robots\" content=\"index, follow, max-snippet:-1, max-image-preview:large, max-video-preview:-1\" \/>\n<link rel=\"canonical\" href=\"https:\/\/frontaliers-grandest.eu\/de\/startseite\/arbeitsuchende\/einen-job-in-deutschland-finden\/gut-zu-wissen\/der-arbeitsmarkt-in-deutschland\/\" \/>\n<meta property=\"og:locale\" content=\"de_DE\" \/>\n<meta property=\"og:type\" content=\"article\" \/>\n<meta property=\"og:title\" content=\"Der arbeitsmarkt in Deutschland - Frontaliers Grand Est\" \/>\n<meta property=\"og:description\" content=\"Deutschland ist die erste Wirtschaftsmacht Europas und die viertgr\u00f6sste Wirtschaftsmacht der Welt hinter den USA, Japan et China. Mit 81 Mio Einwohnern ist das Land der gr\u00f6sste Waren- und Dienstleistungsexporteur in der Europ\u00e4ischen Union. Deutsche Unternehmen der Chemie-, Maschinen- und Automobilindustrie wie Volkswagen, Siemens oder Bayer z\u00e4hlen zu den zehn weltweit gr\u00f6ssten Investoren. F\u00fcr weitere [&hellip;]\" \/>\n<meta property=\"og:url\" content=\"https:\/\/frontaliers-grandest.eu\/de\/startseite\/arbeitsuchende\/einen-job-in-deutschland-finden\/gut-zu-wissen\/der-arbeitsmarkt-in-deutschland\/\" \/>\n<meta property=\"og:site_name\" content=\"Frontaliers Grand Est\" \/>\n<meta property=\"article:publisher\" content=\"https:\/\/www.facebook.com\/frontaliers.GR.EST\/?locale=fr_FR\" \/>\n<meta property=\"article:modified_time\" content=\"2024-07-03T07:53:05+00:00\" \/>\n<meta name=\"twitter:card\" content=\"summary_large_image\" \/>\n<meta name=\"twitter:label1\" content=\"Gesch\u00e4tzte Lesezeit\" \/>\n\t<meta name=\"twitter:data1\" content=\"1\u00a0Minute\" \/>\n<script type=\"application\/ld+json\" class=\"yoast-schema-graph\">{\"@context\":\"https:\/\/schema.org\",\"@graph\":[{\"@type\":\"WebPage\",\"@id\":\"https:\/\/frontaliers-grandest.eu\/de\/startseite\/arbeitsuchende\/einen-job-in-deutschland-finden\/gut-zu-wissen\/der-arbeitsmarkt-in-deutschland\/\",\"url\":\"https:\/\/frontaliers-grandest.eu\/de\/startseite\/arbeitsuchende\/einen-job-in-deutschland-finden\/gut-zu-wissen\/der-arbeitsmarkt-in-deutschland\/\",\"name\":\"Der arbeitsmarkt in Deutschland - Frontaliers Grand Est\",\"isPartOf\":{\"@id\":\"https:\/\/frontaliers-grandest.eu\/de\/#website\"},\"datePublished\":\"2021-05-07T12:43:15+00:00\",\"dateModified\":\"2024-07-03T07:53:05+00:00\",\"breadcrumb\":{\"@id\":\"https:\/\/frontaliers-grandest.eu\/de\/startseite\/arbeitsuchende\/einen-job-in-deutschland-finden\/gut-zu-wissen\/der-arbeitsmarkt-in-deutschland\/#breadcrumb\"},\"inLanguage\":\"de\",\"potentialAction\":[{\"@type\":\"ReadAction\",\"target\":[\"https:\/\/frontaliers-grandest.eu\/de\/startseite\/arbeitsuchende\/einen-job-in-deutschland-finden\/gut-zu-wissen\/der-arbeitsmarkt-in-deutschland\/\"]}]},{\"@type\":\"BreadcrumbList\",\"@id\":\"https:\/\/frontaliers-grandest.eu\/de\/startseite\/arbeitsuchende\/einen-job-in-deutschland-finden\/gut-zu-wissen\/der-arbeitsmarkt-in-deutschland\/#breadcrumb\",\"itemListElement\":[{\"@type\":\"ListItem\",\"position\":1,\"name\":\"Startseite\",\"item\":\"https:\/\/frontaliers-grandest.eu\/de\/\"},{\"@type\":\"ListItem\",\"position\":2,\"name\":\"Arbeitsuchende\",\"item\":\"https:\/\/frontaliers-grandest.eu\/de\/startseite\/arbeitsuchende\/\"},{\"@type\":\"ListItem\",\"position\":3,\"name\":\"Einen Job in Deutschland finden\",\"item\":\"https:\/\/frontaliers-grandest.eu\/de\/startseite\/arbeitsuchende\/einen-job-in-deutschland-finden\/\"},{\"@type\":\"ListItem\",\"position\":4,\"name\":\"Gut Zu Wissen\",\"item\":\"https:\/\/frontaliers-grandest.eu\/de\/startseite\/arbeitsuchende\/einen-job-in-deutschland-finden\/gut-zu-wissen\/\"},{\"@type\":\"ListItem\",\"position\":5,\"name\":\"Der arbeitsmarkt in Deutschland\"}]},{\"@type\":\"WebSite\",\"@id\":\"https:\/\/frontaliers-grandest.eu\/de\/#website\",\"url\":\"https:\/\/frontaliers-grandest.eu\/de\/\",\"name\":\"Frontaliers Grand Est\",\"description\":\"Le site ressource du travail frontalier\",\"publisher\":{\"@id\":\"https:\/\/frontaliers-grandest.eu\/de\/#organization\"},\"alternateName\":\"Frontaliers Grand Est\",\"potentialAction\":[{\"@type\":\"SearchAction\",\"target\":{\"@type\":\"EntryPoint\",\"urlTemplate\":\"https:\/\/frontaliers-grandest.eu\/de\/?s={search_term_string}\"},\"query-input\":{\"@type\":\"PropertyValueSpecification\",\"valueRequired\":true,\"valueName\":\"search_term_string\"}}],\"inLanguage\":\"de\"},{\"@type\":\"Organization\",\"@id\":\"https:\/\/frontaliers-grandest.eu\/de\/#organization\",\"name\":\"Frontaliers Grand Est\",\"alternateName\":\"Frontaliers Grand Est\",\"url\":\"https:\/\/frontaliers-grandest.eu\/de\/\",\"logo\":{\"@type\":\"ImageObject\",\"inLanguage\":\"de\",\"@id\":\"https:\/\/frontaliers-grandest.eu\/de\/#\/schema\/logo\/image\/\",\"url\":\"https:\/\/frontaliers-grandest.eu\/wp-content\/uploads\/2025\/07\/260328234_2966785176920310_3332838526503858160_n.jpg\",\"contentUrl\":\"https:\/\/frontaliers-grandest.eu\/wp-content\/uploads\/2025\/07\/260328234_2966785176920310_3332838526503858160_n.jpg\",\"width\":396,\"height\":396,\"caption\":\"Frontaliers Grand Est\"},\"image\":{\"@id\":\"https:\/\/frontaliers-grandest.eu\/de\/#\/schema\/logo\/image\/\"},\"sameAs\":[\"https:\/\/www.facebook.com\/frontaliers.GR.EST\/?locale=fr_FR\"]}]}<\/script>\n<!-- \/ Yoast SEO plugin. -->","yoast_head_json":{"title":"Der arbeitsmarkt in Deutschland - Frontaliers Grand Est","robots":{"index":"index","follow":"follow","max-snippet":"max-snippet:-1","max-image-preview":"max-image-preview:large","max-video-preview":"max-video-preview:-1"},"canonical":"https:\/\/frontaliers-grandest.eu\/de\/startseite\/arbeitsuchende\/einen-job-in-deutschland-finden\/gut-zu-wissen\/der-arbeitsmarkt-in-deutschland\/","og_locale":"de_DE","og_type":"article","og_title":"Der arbeitsmarkt in Deutschland - Frontaliers Grand Est","og_description":"Deutschland ist die erste Wirtschaftsmacht Europas und die viertgr\u00f6sste Wirtschaftsmacht der Welt hinter den USA, Japan et China. Mit 81 Mio Einwohnern ist das Land der gr\u00f6sste Waren- und Dienstleistungsexporteur in der Europ\u00e4ischen Union. Deutsche Unternehmen der Chemie-, Maschinen- und Automobilindustrie wie Volkswagen, Siemens oder Bayer z\u00e4hlen zu den zehn weltweit gr\u00f6ssten Investoren. F\u00fcr weitere [&hellip;]","og_url":"https:\/\/frontaliers-grandest.eu\/de\/startseite\/arbeitsuchende\/einen-job-in-deutschland-finden\/gut-zu-wissen\/der-arbeitsmarkt-in-deutschland\/","og_site_name":"Frontaliers Grand Est","article_publisher":"https:\/\/www.facebook.com\/frontaliers.GR.EST\/?locale=fr_FR","article_modified_time":"2024-07-03T07:53:05+00:00","twitter_card":"summary_large_image","twitter_misc":{"Gesch\u00e4tzte Lesezeit":"1\u00a0Minute"},"schema":{"@context":"https:\/\/schema.org","@graph":[{"@type":"WebPage","@id":"https:\/\/frontaliers-grandest.eu\/de\/startseite\/arbeitsuchende\/einen-job-in-deutschland-finden\/gut-zu-wissen\/der-arbeitsmarkt-in-deutschland\/","url":"https:\/\/frontaliers-grandest.eu\/de\/startseite\/arbeitsuchende\/einen-job-in-deutschland-finden\/gut-zu-wissen\/der-arbeitsmarkt-in-deutschland\/","name":"Der arbeitsmarkt in Deutschland - Frontaliers Grand Est","isPartOf":{"@id":"https:\/\/frontaliers-grandest.eu\/de\/#website"},"datePublished":"2021-05-07T12:43:15+00:00","dateModified":"2024-07-03T07:53:05+00:00","breadcrumb":{"@id":"https:\/\/frontaliers-grandest.eu\/de\/startseite\/arbeitsuchende\/einen-job-in-deutschland-finden\/gut-zu-wissen\/der-arbeitsmarkt-in-deutschland\/#breadcrumb"},"inLanguage":"de","potentialAction":[{"@type":"ReadAction","target":["https:\/\/frontaliers-grandest.eu\/de\/startseite\/arbeitsuchende\/einen-job-in-deutschland-finden\/gut-zu-wissen\/der-arbeitsmarkt-in-deutschland\/"]}]},{"@type":"BreadcrumbList","@id":"https:\/\/frontaliers-grandest.eu\/de\/startseite\/arbeitsuchende\/einen-job-in-deutschland-finden\/gut-zu-wissen\/der-arbeitsmarkt-in-deutschland\/#breadcrumb","itemListElement":[{"@type":"ListItem","position":1,"name":"Startseite","item":"https:\/\/frontaliers-grandest.eu\/de\/"},{"@type":"ListItem","position":2,"name":"Arbeitsuchende","item":"https:\/\/frontaliers-grandest.eu\/de\/startseite\/arbeitsuchende\/"},{"@type":"ListItem","position":3,"name":"Einen Job in Deutschland finden","item":"https:\/\/frontaliers-grandest.eu\/de\/startseite\/arbeitsuchende\/einen-job-in-deutschland-finden\/"},{"@type":"ListItem","position":4,"name":"Gut Zu Wissen","item":"https:\/\/frontaliers-grandest.eu\/de\/startseite\/arbeitsuchende\/einen-job-in-deutschland-finden\/gut-zu-wissen\/"},{"@type":"ListItem","position":5,"name":"Der arbeitsmarkt in Deutschland"}]},{"@type":"WebSite","@id":"https:\/\/frontaliers-grandest.eu\/de\/#website","url":"https:\/\/frontaliers-grandest.eu\/de\/","name":"Frontaliers Grand Est","description":"Le site ressource du travail frontalier","publisher":{"@id":"https:\/\/frontaliers-grandest.eu\/de\/#organization"},"alternateName":"Frontaliers Grand Est","potentialAction":[{"@type":"SearchAction","target":{"@type":"EntryPoint","urlTemplate":"https:\/\/frontaliers-grandest.eu\/de\/?s={search_term_string}"},"query-input":{"@type":"PropertyValueSpecification","valueRequired":true,"valueName":"search_term_string"}}],"inLanguage":"de"},{"@type":"Organization","@id":"https:\/\/frontaliers-grandest.eu\/de\/#organization","name":"Frontaliers Grand Est","alternateName":"Frontaliers Grand Est","url":"https:\/\/frontaliers-grandest.eu\/de\/","logo":{"@type":"ImageObject","inLanguage":"de","@id":"https:\/\/frontaliers-grandest.eu\/de\/#\/schema\/logo\/image\/","url":"https:\/\/frontaliers-grandest.eu\/wp-content\/uploads\/2025\/07\/260328234_2966785176920310_3332838526503858160_n.jpg","contentUrl":"https:\/\/frontaliers-grandest.eu\/wp-content\/uploads\/2025\/07\/260328234_2966785176920310_3332838526503858160_n.jpg","width":396,"height":396,"caption":"Frontaliers Grand Est"},"image":{"@id":"https:\/\/frontaliers-grandest.eu\/de\/#\/schema\/logo\/image\/"},"sameAs":["https:\/\/www.facebook.com\/frontaliers.GR.EST\/?locale=fr_FR"]}]}},"frge_page_order":0,"_links":{"self":[{"href":"https:\/\/frontaliers-grandest.eu\/de\/wp-json\/wp\/v2\/pages\/7349","targetHints":{"allow":["GET"]}}],"collection":[{"href":"https:\/\/frontaliers-grandest.eu\/de\/wp-json\/wp\/v2\/pages"}],"about":[{"href":"https:\/\/frontaliers-grandest.eu\/de\/wp-json\/wp\/v2\/types\/page"}],"author":[{"embeddable":true,"href":"https:\/\/frontaliers-grandest.eu\/de\/wp-json\/wp\/v2\/users\/7"}],"replies":[{"embeddable":true,"href":"https:\/\/frontaliers-grandest.eu\/de\/wp-json\/wp\/v2\/comments?post=7349"}],"version-history":[{"count":2,"href":"https:\/\/frontaliers-grandest.eu\/de\/wp-json\/wp\/v2\/pages\/7349\/revisions"}],"predecessor-version":[{"id":39671,"href":"https:\/\/frontaliers-grandest.eu\/de\/wp-json\/wp\/v2\/pages\/7349\/revisions\/39671"}],"up":[{"embeddable":true,"href":"https:\/\/frontaliers-grandest.eu\/de\/wp-json\/wp\/v2\/pages\/7346"}],"wp:attachment":[{"href":"https:\/\/frontaliers-grandest.eu\/de\/wp-json\/wp\/v2\/media?parent=7349"}],"wp:term":[{"taxonomy":"post_tag","embeddable":true,"href":"https:\/\/frontaliers-grandest.eu\/de\/wp-json\/wp\/v2\/tags?post=7349"},{"taxonomy":"frge_profile","embeddable":true,"href":"https:\/\/frontaliers-grandest.eu\/de\/wp-json\/wp\/v2\/frge_profile?post=7349"}],"curies":[{"name":"wp","href":"https:\/\/api.w.org\/{rel}","templated":true}]}}