{"id":7346,"date":"2021-05-07T14:37:58","date_gmt":"2021-05-07T12:37:43","guid":{"rendered":"https:\/\/frontaliers-grandest.eu\/?page_id=7346"},"modified":"2021-05-07T15:03:07","modified_gmt":"2021-05-07T13:03:07","slug":"gut-zu-wissen","status":"publish","type":"page","link":"https:\/\/frontaliers-grandest.eu\/de\/startseite\/arbeitsuchende\/einen-job-in-deutschland-finden\/gut-zu-wissen\/","title":{"rendered":"Gut Zu Wissen"},"content":{"rendered":"\n<p>EURES (<a href=\"http:\/\/ec.europa.eu\/eures\/page\/index\">http:\/\/ec.europa.eu\/eures\/page\/index<\/a>) hat die Aufgabe, den Arbeitnehmern und Arbeitgebern Informationen, Beratungen und Dienstleistungen im Bereich Arbeitsvermittlung anzubieten. EURES&nbsp; Gro\u00dfregion bem\u00fcht sich in Zusammenarbeit mit den \u00f6ffentlichen Arbeitsvermittlungen, die Mobilit\u00e4t der Arbeitnehmer zwischen Frankreich und Deutschland zu f\u00f6rdern.<\/p>\n\n\n\n<h4 class=\"wp-block-heading\"><strong>EURES GRO\u00dfREGION (FR-BE-LUX-DE)<\/strong><\/h4>\n\n\n\n<p>Mit mehr als 213&nbsp;400 Pendlern jeden Tag ist die grenz\u00fcberschreitende Region Lothringen-Belgien-Luxemburg-Deutschland&nbsp; die Region, die die gr\u00f6\u00dfte Anzahl von Grenzg\u00e4ngern in der europ\u00e4ischen Union z\u00e4hlt.<\/p>\n","protected":false},"excerpt":{"rendered":"<p>EURES (http:\/\/ec.europa.eu\/eures\/page\/index) hat die Aufgabe, den Arbeitnehmern und Arbeitgebern Informationen, Beratungen und Dienstleistungen im Bereich Arbeitsvermittlung anzubieten. EURES&nbsp; Gro\u00dfregion bem\u00fcht sich in Zusammenarbeit mit den \u00f6ffentlichen Arbeitsvermittlungen, die Mobilit\u00e4t der Arbeitnehmer zwischen Frankreich und Deutschland zu f\u00f6rdern. EURES GRO\u00dfREGION (FR-BE-LUX-DE) Mit mehr als 213&nbsp;400 Pendlern jeden Tag ist die grenz\u00fcberschreitende Region Lothringen-Belgien-Luxemburg-Deutschland&nbsp; die Region, die [&hellip;]<\/p>\n","protected":false},"author":7,"featured_media":0,"parent":7254,"menu_order":0,"comment_status":"closed","ping_status":"closed","template":"","meta":{"inline_featured_image":false,"footnotes":""},"tags":[],"frge_profile":[],"class_list":["post-7346","page","type-page","status-publish","hentry"],"yoast_head":"<!-- This site is optimized with the Yoast SEO plugin v27.1.1 - https:\/\/yoast.com\/product\/yoast-seo-wordpress\/ -->\n<title>Gut Zu Wissen - Frontaliers Grand Est<\/title>\n<meta name=\"robots\" content=\"index, follow, max-snippet:-1, max-image-preview:large, max-video-preview:-1\" \/>\n<link rel=\"canonical\" href=\"https:\/\/frontaliers-grandest.eu\/de\/startseite\/arbeitsuchende\/einen-job-in-deutschland-finden\/gut-zu-wissen\/\" \/>\n<meta property=\"og:locale\" content=\"de_DE\" \/>\n<meta property=\"og:type\" content=\"article\" \/>\n<meta property=\"og:title\" content=\"Gut Zu Wissen - Frontaliers Grand Est\" \/>\n<meta property=\"og:description\" content=\"EURES (http:\/\/ec.europa.eu\/eures\/page\/index) hat die Aufgabe, den Arbeitnehmern und Arbeitgebern Informationen, Beratungen und Dienstleistungen im Bereich Arbeitsvermittlung anzubieten. EURES&nbsp; Gro\u00dfregion bem\u00fcht sich in Zusammenarbeit mit den \u00f6ffentlichen Arbeitsvermittlungen, die Mobilit\u00e4t der Arbeitnehmer zwischen Frankreich und Deutschland zu f\u00f6rdern. EURES GRO\u00dfREGION (FR-BE-LUX-DE) Mit mehr als 213&nbsp;400 Pendlern jeden Tag ist die grenz\u00fcberschreitende Region Lothringen-Belgien-Luxemburg-Deutschland&nbsp; die Region, die [&hellip;]\" \/>\n<meta property=\"og:url\" content=\"https:\/\/frontaliers-grandest.eu\/de\/startseite\/arbeitsuchende\/einen-job-in-deutschland-finden\/gut-zu-wissen\/\" \/>\n<meta property=\"og:site_name\" content=\"Frontaliers Grand Est\" \/>\n<meta property=\"article:publisher\" content=\"https:\/\/www.facebook.com\/frontaliers.GR.EST\/?locale=fr_FR\" \/>\n<meta property=\"article:modified_time\" content=\"2021-05-07T13:03:07+00:00\" \/>\n<meta name=\"twitter:card\" content=\"summary_large_image\" \/>\n<meta name=\"twitter:label1\" content=\"Gesch\u00e4tzte Lesezeit\" \/>\n\t<meta name=\"twitter:data1\" content=\"1\u00a0Minute\" \/>\n<script type=\"application\/ld+json\" class=\"yoast-schema-graph\">{\"@context\":\"https:\/\/schema.org\",\"@graph\":[{\"@type\":\"WebPage\",\"@id\":\"https:\/\/frontaliers-grandest.eu\/de\/startseite\/arbeitsuchende\/einen-job-in-deutschland-finden\/gut-zu-wissen\/\",\"url\":\"https:\/\/frontaliers-grandest.eu\/de\/startseite\/arbeitsuchende\/einen-job-in-deutschland-finden\/gut-zu-wissen\/\",\"name\":\"Gut Zu Wissen - Frontaliers Grand Est\",\"isPartOf\":{\"@id\":\"https:\/\/frontaliers-grandest.eu\/de\/#website\"},\"datePublished\":\"2021-05-07T12:37:43+00:00\",\"dateModified\":\"2021-05-07T13:03:07+00:00\",\"breadcrumb\":{\"@id\":\"https:\/\/frontaliers-grandest.eu\/de\/startseite\/arbeitsuchende\/einen-job-in-deutschland-finden\/gut-zu-wissen\/#breadcrumb\"},\"inLanguage\":\"de\",\"potentialAction\":[{\"@type\":\"ReadAction\",\"target\":[\"https:\/\/frontaliers-grandest.eu\/de\/startseite\/arbeitsuchende\/einen-job-in-deutschland-finden\/gut-zu-wissen\/\"]}]},{\"@type\":\"BreadcrumbList\",\"@id\":\"https:\/\/frontaliers-grandest.eu\/de\/startseite\/arbeitsuchende\/einen-job-in-deutschland-finden\/gut-zu-wissen\/#breadcrumb\",\"itemListElement\":[{\"@type\":\"ListItem\",\"position\":1,\"name\":\"Startseite\",\"item\":\"https:\/\/frontaliers-grandest.eu\/de\/\"},{\"@type\":\"ListItem\",\"position\":2,\"name\":\"Arbeitsuchende\",\"item\":\"https:\/\/frontaliers-grandest.eu\/de\/startseite\/arbeitsuchende\/\"},{\"@type\":\"ListItem\",\"position\":3,\"name\":\"Einen Job in Deutschland finden\",\"item\":\"https:\/\/frontaliers-grandest.eu\/de\/startseite\/arbeitsuchende\/einen-job-in-deutschland-finden\/\"},{\"@type\":\"ListItem\",\"position\":4,\"name\":\"Gut Zu Wissen\"}]},{\"@type\":\"WebSite\",\"@id\":\"https:\/\/frontaliers-grandest.eu\/de\/#website\",\"url\":\"https:\/\/frontaliers-grandest.eu\/de\/\",\"name\":\"Frontaliers Grand Est\",\"description\":\"Le site ressource du travail frontalier\",\"publisher\":{\"@id\":\"https:\/\/frontaliers-grandest.eu\/de\/#organization\"},\"alternateName\":\"Frontaliers Grand Est\",\"potentialAction\":[{\"@type\":\"SearchAction\",\"target\":{\"@type\":\"EntryPoint\",\"urlTemplate\":\"https:\/\/frontaliers-grandest.eu\/de\/?s={search_term_string}\"},\"query-input\":{\"@type\":\"PropertyValueSpecification\",\"valueRequired\":true,\"valueName\":\"search_term_string\"}}],\"inLanguage\":\"de\"},{\"@type\":\"Organization\",\"@id\":\"https:\/\/frontaliers-grandest.eu\/de\/#organization\",\"name\":\"Frontaliers Grand Est\",\"alternateName\":\"Frontaliers Grand Est\",\"url\":\"https:\/\/frontaliers-grandest.eu\/de\/\",\"logo\":{\"@type\":\"ImageObject\",\"inLanguage\":\"de\",\"@id\":\"https:\/\/frontaliers-grandest.eu\/de\/#\/schema\/logo\/image\/\",\"url\":\"https:\/\/frontaliers-grandest.eu\/wp-content\/uploads\/2025\/07\/260328234_2966785176920310_3332838526503858160_n.jpg\",\"contentUrl\":\"https:\/\/frontaliers-grandest.eu\/wp-content\/uploads\/2025\/07\/260328234_2966785176920310_3332838526503858160_n.jpg\",\"width\":396,\"height\":396,\"caption\":\"Frontaliers Grand Est\"},\"image\":{\"@id\":\"https:\/\/frontaliers-grandest.eu\/de\/#\/schema\/logo\/image\/\"},\"sameAs\":[\"https:\/\/www.facebook.com\/frontaliers.GR.EST\/?locale=fr_FR\"]}]}<\/script>\n<!-- \/ Yoast SEO plugin. -->","yoast_head_json":{"title":"Gut Zu Wissen - Frontaliers Grand Est","robots":{"index":"index","follow":"follow","max-snippet":"max-snippet:-1","max-image-preview":"max-image-preview:large","max-video-preview":"max-video-preview:-1"},"canonical":"https:\/\/frontaliers-grandest.eu\/de\/startseite\/arbeitsuchende\/einen-job-in-deutschland-finden\/gut-zu-wissen\/","og_locale":"de_DE","og_type":"article","og_title":"Gut Zu Wissen - Frontaliers Grand Est","og_description":"EURES (http:\/\/ec.europa.eu\/eures\/page\/index) hat die Aufgabe, den Arbeitnehmern und Arbeitgebern Informationen, Beratungen und Dienstleistungen im Bereich Arbeitsvermittlung anzubieten. EURES&nbsp; Gro\u00dfregion bem\u00fcht sich in Zusammenarbeit mit den \u00f6ffentlichen Arbeitsvermittlungen, die Mobilit\u00e4t der Arbeitnehmer zwischen Frankreich und Deutschland zu f\u00f6rdern. EURES GRO\u00dfREGION (FR-BE-LUX-DE) Mit mehr als 213&nbsp;400 Pendlern jeden Tag ist die grenz\u00fcberschreitende Region Lothringen-Belgien-Luxemburg-Deutschland&nbsp; die Region, die [&hellip;]","og_url":"https:\/\/frontaliers-grandest.eu\/de\/startseite\/arbeitsuchende\/einen-job-in-deutschland-finden\/gut-zu-wissen\/","og_site_name":"Frontaliers Grand Est","article_publisher":"https:\/\/www.facebook.com\/frontaliers.GR.EST\/?locale=fr_FR","article_modified_time":"2021-05-07T13:03:07+00:00","twitter_card":"summary_large_image","twitter_misc":{"Gesch\u00e4tzte Lesezeit":"1\u00a0Minute"},"schema":{"@context":"https:\/\/schema.org","@graph":[{"@type":"WebPage","@id":"https:\/\/frontaliers-grandest.eu\/de\/startseite\/arbeitsuchende\/einen-job-in-deutschland-finden\/gut-zu-wissen\/","url":"https:\/\/frontaliers-grandest.eu\/de\/startseite\/arbeitsuchende\/einen-job-in-deutschland-finden\/gut-zu-wissen\/","name":"Gut Zu Wissen - Frontaliers Grand Est","isPartOf":{"@id":"https:\/\/frontaliers-grandest.eu\/de\/#website"},"datePublished":"2021-05-07T12:37:43+00:00","dateModified":"2021-05-07T13:03:07+00:00","breadcrumb":{"@id":"https:\/\/frontaliers-grandest.eu\/de\/startseite\/arbeitsuchende\/einen-job-in-deutschland-finden\/gut-zu-wissen\/#breadcrumb"},"inLanguage":"de","potentialAction":[{"@type":"ReadAction","target":["https:\/\/frontaliers-grandest.eu\/de\/startseite\/arbeitsuchende\/einen-job-in-deutschland-finden\/gut-zu-wissen\/"]}]},{"@type":"BreadcrumbList","@id":"https:\/\/frontaliers-grandest.eu\/de\/startseite\/arbeitsuchende\/einen-job-in-deutschland-finden\/gut-zu-wissen\/#breadcrumb","itemListElement":[{"@type":"ListItem","position":1,"name":"Startseite","item":"https:\/\/frontaliers-grandest.eu\/de\/"},{"@type":"ListItem","position":2,"name":"Arbeitsuchende","item":"https:\/\/frontaliers-grandest.eu\/de\/startseite\/arbeitsuchende\/"},{"@type":"ListItem","position":3,"name":"Einen Job in Deutschland finden","item":"https:\/\/frontaliers-grandest.eu\/de\/startseite\/arbeitsuchende\/einen-job-in-deutschland-finden\/"},{"@type":"ListItem","position":4,"name":"Gut Zu Wissen"}]},{"@type":"WebSite","@id":"https:\/\/frontaliers-grandest.eu\/de\/#website","url":"https:\/\/frontaliers-grandest.eu\/de\/","name":"Frontaliers Grand Est","description":"Le site ressource du travail frontalier","publisher":{"@id":"https:\/\/frontaliers-grandest.eu\/de\/#organization"},"alternateName":"Frontaliers Grand Est","potentialAction":[{"@type":"SearchAction","target":{"@type":"EntryPoint","urlTemplate":"https:\/\/frontaliers-grandest.eu\/de\/?s={search_term_string}"},"query-input":{"@type":"PropertyValueSpecification","valueRequired":true,"valueName":"search_term_string"}}],"inLanguage":"de"},{"@type":"Organization","@id":"https:\/\/frontaliers-grandest.eu\/de\/#organization","name":"Frontaliers Grand Est","alternateName":"Frontaliers Grand Est","url":"https:\/\/frontaliers-grandest.eu\/de\/","logo":{"@type":"ImageObject","inLanguage":"de","@id":"https:\/\/frontaliers-grandest.eu\/de\/#\/schema\/logo\/image\/","url":"https:\/\/frontaliers-grandest.eu\/wp-content\/uploads\/2025\/07\/260328234_2966785176920310_3332838526503858160_n.jpg","contentUrl":"https:\/\/frontaliers-grandest.eu\/wp-content\/uploads\/2025\/07\/260328234_2966785176920310_3332838526503858160_n.jpg","width":396,"height":396,"caption":"Frontaliers Grand Est"},"image":{"@id":"https:\/\/frontaliers-grandest.eu\/de\/#\/schema\/logo\/image\/"},"sameAs":["https:\/\/www.facebook.com\/frontaliers.GR.EST\/?locale=fr_FR"]}]}},"frge_page_order":0,"_links":{"self":[{"href":"https:\/\/frontaliers-grandest.eu\/de\/wp-json\/wp\/v2\/pages\/7346","targetHints":{"allow":["GET"]}}],"collection":[{"href":"https:\/\/frontaliers-grandest.eu\/de\/wp-json\/wp\/v2\/pages"}],"about":[{"href":"https:\/\/frontaliers-grandest.eu\/de\/wp-json\/wp\/v2\/types\/page"}],"author":[{"embeddable":true,"href":"https:\/\/frontaliers-grandest.eu\/de\/wp-json\/wp\/v2\/users\/7"}],"replies":[{"embeddable":true,"href":"https:\/\/frontaliers-grandest.eu\/de\/wp-json\/wp\/v2\/comments?post=7346"}],"version-history":[{"count":2,"href":"https:\/\/frontaliers-grandest.eu\/de\/wp-json\/wp\/v2\/pages\/7346\/revisions"}],"predecessor-version":[{"id":7369,"href":"https:\/\/frontaliers-grandest.eu\/de\/wp-json\/wp\/v2\/pages\/7346\/revisions\/7369"}],"up":[{"embeddable":true,"href":"https:\/\/frontaliers-grandest.eu\/de\/wp-json\/wp\/v2\/pages\/7254"}],"wp:attachment":[{"href":"https:\/\/frontaliers-grandest.eu\/de\/wp-json\/wp\/v2\/media?parent=7346"}],"wp:term":[{"taxonomy":"post_tag","embeddable":true,"href":"https:\/\/frontaliers-grandest.eu\/de\/wp-json\/wp\/v2\/tags?post=7346"},{"taxonomy":"frge_profile","embeddable":true,"href":"https:\/\/frontaliers-grandest.eu\/de\/wp-json\/wp\/v2\/frge_profile?post=7346"}],"curies":[{"name":"wp","href":"https:\/\/api.w.org\/{rel}","templated":true}]}}