{"id":7340,"date":"2021-05-07T12:27:04","date_gmt":"2021-05-07T10:27:04","guid":{"rendered":"https:\/\/frontaliers-grandest.eu\/?page_id=7340"},"modified":"2021-05-07T12:27:06","modified_gmt":"2021-05-07T10:27:06","slug":"die-geforderten-sprachen-und-gehalter","status":"publish","type":"page","link":"https:\/\/frontaliers-grandest.eu\/de\/startseite\/arbeitsuchende\/einen-job-in-luxemburg-finden\/einen-beruf-entdecken\/im-sektor-der-fruhkindlichen-betreuung-in-luxemburg-arbeiten\/die-geforderten-sprachen-und-gehalter\/","title":{"rendered":"Die geforderten Sprachen und Geh\u00e4lter"},"content":{"rendered":"\n<h4 class=\"wp-block-heading\"><strong>Geforderte Sprachen<\/strong><\/h4>\n\n\n\n<ul class=\"wp-block-list\"><li>Die geforderten Sprachen h\u00e4ngen von den Strukturen ab. Die Kenntnis des\u00a0<strong>Luxemburgischen,\u00a0<\/strong>verbunden mit dem\u00a0<strong>Franz\u00f6sischen\u00a0<\/strong>ist h\u00e4ufig gefragt, und in manchen F\u00e4llen wird die\u00a0<strong>deutsche, englische oder auch italienische Sprache\u00a0<\/strong>verlangt.<\/li><li>In Gemeindekrippen wird vorrangig das\u00a0<strong>Luxemburgische<\/strong>\u00a0gesprochen. Ein Niveau C 1 (und in manchen F\u00e4llen auch als Muttersprache) wird gefordert. Die Kenntnis der drei Verwaltungssprachen (Franz\u00f6sisch, Luxemburgisch, Deutsch) kann ebenfalls verlangt werden.<\/li><\/ul>\n\n\n\n<p>In\u00a0<strong>privaten\u00a0<\/strong>Krippen wird vorrangig die franz\u00f6sische Sprache gesprochen und h\u00e4ufig parallel zu anderen Sprachen verwendet: Deutsch, Englisch und\/oder Luxemburgisch<strong>.<\/strong><\/p>\n\n\n\n<h4 class=\"wp-block-heading\"><strong>Geh\u00e4lter<\/strong><\/h4>\n\n\n\n<p>In den privaten Strukturen staffeln sich die Geh\u00e4lter der Pflegehelfer in Abh\u00e4ngigkeit von der Dauer der Betriebszugeh\u00f6rigkeit zwischen 2\u00a0500 bis 3\u00a0600 \u20ac brutto.<br>Die Geh\u00e4lter der Erzieher in der fr\u00fchkindlichen Betreuung staffeln sich von 2\u00a0500 \u20ac (Anf\u00e4nger) und 4\u00a0000 \u20ac brutto.<\/p>\n","protected":false},"excerpt":{"rendered":"<p>Geforderte Sprachen Die geforderten Sprachen h\u00e4ngen von den Strukturen ab. Die Kenntnis des\u00a0Luxemburgischen,\u00a0verbunden mit dem\u00a0Franz\u00f6sischen\u00a0ist h\u00e4ufig gefragt, und in manchen F\u00e4llen wird die\u00a0deutsche, englische oder auch italienische Sprache\u00a0verlangt. In Gemeindekrippen wird vorrangig das\u00a0Luxemburgische\u00a0gesprochen. Ein Niveau C 1 (und in manchen F\u00e4llen auch als Muttersprache) wird gefordert. Die Kenntnis der drei Verwaltungssprachen (Franz\u00f6sisch, Luxemburgisch, Deutsch) kann [&hellip;]<\/p>\n","protected":false},"author":7,"featured_media":0,"parent":7328,"menu_order":3,"comment_status":"closed","ping_status":"closed","template":"","meta":{"inline_featured_image":false,"footnotes":""},"tags":[],"frge_profile":[],"class_list":["post-7340","page","type-page","status-publish","hentry"],"yoast_head":"<!-- This site is optimized with the Yoast SEO plugin v27.1.1 - https:\/\/yoast.com\/product\/yoast-seo-wordpress\/ -->\n<title>Die geforderten Sprachen und Geh\u00e4lter - Frontaliers Grand Est<\/title>\n<meta name=\"robots\" content=\"index, follow, max-snippet:-1, max-image-preview:large, max-video-preview:-1\" \/>\n<link rel=\"canonical\" href=\"https:\/\/frontaliers-grandest.eu\/de\/startseite\/arbeitsuchende\/einen-job-in-luxemburg-finden\/einen-beruf-entdecken\/im-sektor-der-fruhkindlichen-betreuung-in-luxemburg-arbeiten\/die-geforderten-sprachen-und-gehalter\/\" \/>\n<meta property=\"og:locale\" content=\"de_DE\" \/>\n<meta property=\"og:type\" content=\"article\" \/>\n<meta property=\"og:title\" content=\"Die geforderten Sprachen und Geh\u00e4lter - Frontaliers Grand Est\" \/>\n<meta property=\"og:description\" content=\"Geforderte Sprachen Die geforderten Sprachen h\u00e4ngen von den Strukturen ab. Die Kenntnis des\u00a0Luxemburgischen,\u00a0verbunden mit dem\u00a0Franz\u00f6sischen\u00a0ist h\u00e4ufig gefragt, und in manchen F\u00e4llen wird die\u00a0deutsche, englische oder auch italienische Sprache\u00a0verlangt. In Gemeindekrippen wird vorrangig das\u00a0Luxemburgische\u00a0gesprochen. Ein Niveau C 1 (und in manchen F\u00e4llen auch als Muttersprache) wird gefordert. Die Kenntnis der drei Verwaltungssprachen (Franz\u00f6sisch, Luxemburgisch, Deutsch) kann [&hellip;]\" \/>\n<meta property=\"og:url\" content=\"https:\/\/frontaliers-grandest.eu\/de\/startseite\/arbeitsuchende\/einen-job-in-luxemburg-finden\/einen-beruf-entdecken\/im-sektor-der-fruhkindlichen-betreuung-in-luxemburg-arbeiten\/die-geforderten-sprachen-und-gehalter\/\" \/>\n<meta property=\"og:site_name\" content=\"Frontaliers Grand Est\" \/>\n<meta property=\"article:publisher\" content=\"https:\/\/www.facebook.com\/frontaliers.GR.EST\/?locale=fr_FR\" \/>\n<meta property=\"article:modified_time\" content=\"2021-05-07T10:27:06+00:00\" \/>\n<meta name=\"twitter:card\" content=\"summary_large_image\" \/>\n<meta name=\"twitter:label1\" content=\"Gesch\u00e4tzte Lesezeit\" \/>\n\t<meta name=\"twitter:data1\" content=\"1\u00a0Minute\" \/>\n<script type=\"application\/ld+json\" class=\"yoast-schema-graph\">{\"@context\":\"https:\/\/schema.org\",\"@graph\":[{\"@type\":\"WebPage\",\"@id\":\"https:\/\/frontaliers-grandest.eu\/de\/startseite\/arbeitsuchende\/einen-job-in-luxemburg-finden\/einen-beruf-entdecken\/im-sektor-der-fruhkindlichen-betreuung-in-luxemburg-arbeiten\/die-geforderten-sprachen-und-gehalter\/\",\"url\":\"https:\/\/frontaliers-grandest.eu\/de\/startseite\/arbeitsuchende\/einen-job-in-luxemburg-finden\/einen-beruf-entdecken\/im-sektor-der-fruhkindlichen-betreuung-in-luxemburg-arbeiten\/die-geforderten-sprachen-und-gehalter\/\",\"name\":\"Die geforderten Sprachen und Geh\u00e4lter - Frontaliers Grand Est\",\"isPartOf\":{\"@id\":\"https:\/\/frontaliers-grandest.eu\/de\/#website\"},\"datePublished\":\"2021-05-07T10:27:04+00:00\",\"dateModified\":\"2021-05-07T10:27:06+00:00\",\"breadcrumb\":{\"@id\":\"https:\/\/frontaliers-grandest.eu\/de\/startseite\/arbeitsuchende\/einen-job-in-luxemburg-finden\/einen-beruf-entdecken\/im-sektor-der-fruhkindlichen-betreuung-in-luxemburg-arbeiten\/die-geforderten-sprachen-und-gehalter\/#breadcrumb\"},\"inLanguage\":\"de\",\"potentialAction\":[{\"@type\":\"ReadAction\",\"target\":[\"https:\/\/frontaliers-grandest.eu\/de\/startseite\/arbeitsuchende\/einen-job-in-luxemburg-finden\/einen-beruf-entdecken\/im-sektor-der-fruhkindlichen-betreuung-in-luxemburg-arbeiten\/die-geforderten-sprachen-und-gehalter\/\"]}]},{\"@type\":\"BreadcrumbList\",\"@id\":\"https:\/\/frontaliers-grandest.eu\/de\/startseite\/arbeitsuchende\/einen-job-in-luxemburg-finden\/einen-beruf-entdecken\/im-sektor-der-fruhkindlichen-betreuung-in-luxemburg-arbeiten\/die-geforderten-sprachen-und-gehalter\/#breadcrumb\",\"itemListElement\":[{\"@type\":\"ListItem\",\"position\":1,\"name\":\"Startseite\",\"item\":\"https:\/\/frontaliers-grandest.eu\/de\/\"},{\"@type\":\"ListItem\",\"position\":2,\"name\":\"Arbeitsuchende\",\"item\":\"https:\/\/frontaliers-grandest.eu\/de\/startseite\/arbeitsuchende\/\"},{\"@type\":\"ListItem\",\"position\":3,\"name\":\"Einen Job in Luxemburg finden\",\"item\":\"https:\/\/frontaliers-grandest.eu\/de\/startseite\/arbeitsuchende\/einen-job-in-luxemburg-finden\/\"},{\"@type\":\"ListItem\",\"position\":4,\"name\":\"Einen Beruf Entdecken\",\"item\":\"https:\/\/frontaliers-grandest.eu\/de\/startseite\/arbeitsuchende\/einen-job-in-luxemburg-finden\/einen-beruf-entdecken\/\"},{\"@type\":\"ListItem\",\"position\":5,\"name\":\"Im Sektor der fr\u00fchkindlichen Betreuung in Luxemburg arbeiten\",\"item\":\"https:\/\/frontaliers-grandest.eu\/de\/startseite\/arbeitsuchende\/einen-job-in-luxemburg-finden\/einen-beruf-entdecken\/im-sektor-der-fruhkindlichen-betreuung-in-luxemburg-arbeiten\/\"},{\"@type\":\"ListItem\",\"position\":6,\"name\":\"Die geforderten Sprachen und Geh\u00e4lter\"}]},{\"@type\":\"WebSite\",\"@id\":\"https:\/\/frontaliers-grandest.eu\/de\/#website\",\"url\":\"https:\/\/frontaliers-grandest.eu\/de\/\",\"name\":\"Frontaliers Grand Est\",\"description\":\"Le site ressource du travail frontalier\",\"publisher\":{\"@id\":\"https:\/\/frontaliers-grandest.eu\/de\/#organization\"},\"alternateName\":\"Frontaliers Grand Est\",\"potentialAction\":[{\"@type\":\"SearchAction\",\"target\":{\"@type\":\"EntryPoint\",\"urlTemplate\":\"https:\/\/frontaliers-grandest.eu\/de\/?s={search_term_string}\"},\"query-input\":{\"@type\":\"PropertyValueSpecification\",\"valueRequired\":true,\"valueName\":\"search_term_string\"}}],\"inLanguage\":\"de\"},{\"@type\":\"Organization\",\"@id\":\"https:\/\/frontaliers-grandest.eu\/de\/#organization\",\"name\":\"Frontaliers Grand Est\",\"alternateName\":\"Frontaliers Grand Est\",\"url\":\"https:\/\/frontaliers-grandest.eu\/de\/\",\"logo\":{\"@type\":\"ImageObject\",\"inLanguage\":\"de\",\"@id\":\"https:\/\/frontaliers-grandest.eu\/de\/#\/schema\/logo\/image\/\",\"url\":\"https:\/\/frontaliers-grandest.eu\/wp-content\/uploads\/2025\/07\/260328234_2966785176920310_3332838526503858160_n.jpg\",\"contentUrl\":\"https:\/\/frontaliers-grandest.eu\/wp-content\/uploads\/2025\/07\/260328234_2966785176920310_3332838526503858160_n.jpg\",\"width\":396,\"height\":396,\"caption\":\"Frontaliers Grand Est\"},\"image\":{\"@id\":\"https:\/\/frontaliers-grandest.eu\/de\/#\/schema\/logo\/image\/\"},\"sameAs\":[\"https:\/\/www.facebook.com\/frontaliers.GR.EST\/?locale=fr_FR\"]}]}<\/script>\n<!-- \/ Yoast SEO plugin. -->","yoast_head_json":{"title":"Die geforderten Sprachen und Geh\u00e4lter - Frontaliers Grand Est","robots":{"index":"index","follow":"follow","max-snippet":"max-snippet:-1","max-image-preview":"max-image-preview:large","max-video-preview":"max-video-preview:-1"},"canonical":"https:\/\/frontaliers-grandest.eu\/de\/startseite\/arbeitsuchende\/einen-job-in-luxemburg-finden\/einen-beruf-entdecken\/im-sektor-der-fruhkindlichen-betreuung-in-luxemburg-arbeiten\/die-geforderten-sprachen-und-gehalter\/","og_locale":"de_DE","og_type":"article","og_title":"Die geforderten Sprachen und Geh\u00e4lter - Frontaliers Grand Est","og_description":"Geforderte Sprachen Die geforderten Sprachen h\u00e4ngen von den Strukturen ab. Die Kenntnis des\u00a0Luxemburgischen,\u00a0verbunden mit dem\u00a0Franz\u00f6sischen\u00a0ist h\u00e4ufig gefragt, und in manchen F\u00e4llen wird die\u00a0deutsche, englische oder auch italienische Sprache\u00a0verlangt. In Gemeindekrippen wird vorrangig das\u00a0Luxemburgische\u00a0gesprochen. Ein Niveau C 1 (und in manchen F\u00e4llen auch als Muttersprache) wird gefordert. Die Kenntnis der drei Verwaltungssprachen (Franz\u00f6sisch, Luxemburgisch, Deutsch) kann [&hellip;]","og_url":"https:\/\/frontaliers-grandest.eu\/de\/startseite\/arbeitsuchende\/einen-job-in-luxemburg-finden\/einen-beruf-entdecken\/im-sektor-der-fruhkindlichen-betreuung-in-luxemburg-arbeiten\/die-geforderten-sprachen-und-gehalter\/","og_site_name":"Frontaliers Grand Est","article_publisher":"https:\/\/www.facebook.com\/frontaliers.GR.EST\/?locale=fr_FR","article_modified_time":"2021-05-07T10:27:06+00:00","twitter_card":"summary_large_image","twitter_misc":{"Gesch\u00e4tzte Lesezeit":"1\u00a0Minute"},"schema":{"@context":"https:\/\/schema.org","@graph":[{"@type":"WebPage","@id":"https:\/\/frontaliers-grandest.eu\/de\/startseite\/arbeitsuchende\/einen-job-in-luxemburg-finden\/einen-beruf-entdecken\/im-sektor-der-fruhkindlichen-betreuung-in-luxemburg-arbeiten\/die-geforderten-sprachen-und-gehalter\/","url":"https:\/\/frontaliers-grandest.eu\/de\/startseite\/arbeitsuchende\/einen-job-in-luxemburg-finden\/einen-beruf-entdecken\/im-sektor-der-fruhkindlichen-betreuung-in-luxemburg-arbeiten\/die-geforderten-sprachen-und-gehalter\/","name":"Die geforderten Sprachen und Geh\u00e4lter - Frontaliers Grand Est","isPartOf":{"@id":"https:\/\/frontaliers-grandest.eu\/de\/#website"},"datePublished":"2021-05-07T10:27:04+00:00","dateModified":"2021-05-07T10:27:06+00:00","breadcrumb":{"@id":"https:\/\/frontaliers-grandest.eu\/de\/startseite\/arbeitsuchende\/einen-job-in-luxemburg-finden\/einen-beruf-entdecken\/im-sektor-der-fruhkindlichen-betreuung-in-luxemburg-arbeiten\/die-geforderten-sprachen-und-gehalter\/#breadcrumb"},"inLanguage":"de","potentialAction":[{"@type":"ReadAction","target":["https:\/\/frontaliers-grandest.eu\/de\/startseite\/arbeitsuchende\/einen-job-in-luxemburg-finden\/einen-beruf-entdecken\/im-sektor-der-fruhkindlichen-betreuung-in-luxemburg-arbeiten\/die-geforderten-sprachen-und-gehalter\/"]}]},{"@type":"BreadcrumbList","@id":"https:\/\/frontaliers-grandest.eu\/de\/startseite\/arbeitsuchende\/einen-job-in-luxemburg-finden\/einen-beruf-entdecken\/im-sektor-der-fruhkindlichen-betreuung-in-luxemburg-arbeiten\/die-geforderten-sprachen-und-gehalter\/#breadcrumb","itemListElement":[{"@type":"ListItem","position":1,"name":"Startseite","item":"https:\/\/frontaliers-grandest.eu\/de\/"},{"@type":"ListItem","position":2,"name":"Arbeitsuchende","item":"https:\/\/frontaliers-grandest.eu\/de\/startseite\/arbeitsuchende\/"},{"@type":"ListItem","position":3,"name":"Einen Job in Luxemburg finden","item":"https:\/\/frontaliers-grandest.eu\/de\/startseite\/arbeitsuchende\/einen-job-in-luxemburg-finden\/"},{"@type":"ListItem","position":4,"name":"Einen Beruf Entdecken","item":"https:\/\/frontaliers-grandest.eu\/de\/startseite\/arbeitsuchende\/einen-job-in-luxemburg-finden\/einen-beruf-entdecken\/"},{"@type":"ListItem","position":5,"name":"Im Sektor der fr\u00fchkindlichen Betreuung in Luxemburg arbeiten","item":"https:\/\/frontaliers-grandest.eu\/de\/startseite\/arbeitsuchende\/einen-job-in-luxemburg-finden\/einen-beruf-entdecken\/im-sektor-der-fruhkindlichen-betreuung-in-luxemburg-arbeiten\/"},{"@type":"ListItem","position":6,"name":"Die geforderten Sprachen und Geh\u00e4lter"}]},{"@type":"WebSite","@id":"https:\/\/frontaliers-grandest.eu\/de\/#website","url":"https:\/\/frontaliers-grandest.eu\/de\/","name":"Frontaliers Grand Est","description":"Le site ressource du travail frontalier","publisher":{"@id":"https:\/\/frontaliers-grandest.eu\/de\/#organization"},"alternateName":"Frontaliers Grand Est","potentialAction":[{"@type":"SearchAction","target":{"@type":"EntryPoint","urlTemplate":"https:\/\/frontaliers-grandest.eu\/de\/?s={search_term_string}"},"query-input":{"@type":"PropertyValueSpecification","valueRequired":true,"valueName":"search_term_string"}}],"inLanguage":"de"},{"@type":"Organization","@id":"https:\/\/frontaliers-grandest.eu\/de\/#organization","name":"Frontaliers Grand Est","alternateName":"Frontaliers Grand Est","url":"https:\/\/frontaliers-grandest.eu\/de\/","logo":{"@type":"ImageObject","inLanguage":"de","@id":"https:\/\/frontaliers-grandest.eu\/de\/#\/schema\/logo\/image\/","url":"https:\/\/frontaliers-grandest.eu\/wp-content\/uploads\/2025\/07\/260328234_2966785176920310_3332838526503858160_n.jpg","contentUrl":"https:\/\/frontaliers-grandest.eu\/wp-content\/uploads\/2025\/07\/260328234_2966785176920310_3332838526503858160_n.jpg","width":396,"height":396,"caption":"Frontaliers Grand Est"},"image":{"@id":"https:\/\/frontaliers-grandest.eu\/de\/#\/schema\/logo\/image\/"},"sameAs":["https:\/\/www.facebook.com\/frontaliers.GR.EST\/?locale=fr_FR"]}]}},"frge_page_order":0,"_links":{"self":[{"href":"https:\/\/frontaliers-grandest.eu\/de\/wp-json\/wp\/v2\/pages\/7340","targetHints":{"allow":["GET"]}}],"collection":[{"href":"https:\/\/frontaliers-grandest.eu\/de\/wp-json\/wp\/v2\/pages"}],"about":[{"href":"https:\/\/frontaliers-grandest.eu\/de\/wp-json\/wp\/v2\/types\/page"}],"author":[{"embeddable":true,"href":"https:\/\/frontaliers-grandest.eu\/de\/wp-json\/wp\/v2\/users\/7"}],"replies":[{"embeddable":true,"href":"https:\/\/frontaliers-grandest.eu\/de\/wp-json\/wp\/v2\/comments?post=7340"}],"version-history":[{"count":1,"href":"https:\/\/frontaliers-grandest.eu\/de\/wp-json\/wp\/v2\/pages\/7340\/revisions"}],"predecessor-version":[{"id":7341,"href":"https:\/\/frontaliers-grandest.eu\/de\/wp-json\/wp\/v2\/pages\/7340\/revisions\/7341"}],"up":[{"embeddable":true,"href":"https:\/\/frontaliers-grandest.eu\/de\/wp-json\/wp\/v2\/pages\/7328"}],"wp:attachment":[{"href":"https:\/\/frontaliers-grandest.eu\/de\/wp-json\/wp\/v2\/media?parent=7340"}],"wp:term":[{"taxonomy":"post_tag","embeddable":true,"href":"https:\/\/frontaliers-grandest.eu\/de\/wp-json\/wp\/v2\/tags?post=7340"},{"taxonomy":"frge_profile","embeddable":true,"href":"https:\/\/frontaliers-grandest.eu\/de\/wp-json\/wp\/v2\/frge_profile?post=7340"}],"curies":[{"name":"wp","href":"https:\/\/api.w.org\/{rel}","templated":true}]}}