{"id":7337,"date":"2021-05-07T12:21:34","date_gmt":"2021-05-07T10:21:34","guid":{"rendered":"https:\/\/frontaliers-grandest.eu\/?page_id=7337"},"modified":"2024-03-13T11:46:07","modified_gmt":"2024-03-13T10:46:07","slug":"die-unterschiedlichen-berufe-in-der-kleinkindlichen-betreuung-in-luxemburg","status":"publish","type":"page","link":"https:\/\/frontaliers-grandest.eu\/de\/startseite\/arbeitsuchende\/einen-job-in-luxemburg-finden\/einen-beruf-entdecken\/im-sektor-der-fruhkindlichen-betreuung-in-luxemburg-arbeiten\/die-unterschiedlichen-berufe-in-der-kleinkindlichen-betreuung-in-luxemburg\/","title":{"rendered":"Die unterschiedlichen Berufe in der kleinkindlichen Betreuung in Luxemburg"},"content":{"rendered":"\n<p><strong><strong>Im Bereich der kleinkindlichen Betreuung gibt es unterschiedliche Berufe, die unterschiedlichen Verantwortungsebenen entsprechen: Erzieher, Pflegehelfer, Fachp\u00e4dagoge, Krippenerzieher, sozialp\u00e4dagogischer Assistent. In einer Krippe k\u00f6nnen ferner arbeiten: Vorschullehrer, Psychologen, Tagesm\u00fctter.<br>Der Zugang zur \u00fcberwiegenden Mehrheit dieser Berufe erfolgt \u00fcber einen Berufsabschluss, auch wenn aufgrund der Vorschriften \u00fcber die Betreuung (60 % der Erzieher in der Struktur) Personen ohne Abschluss eingestellt werden k\u00f6nnen.<br>In der Mehrzahl der Stellenangebote wird ein Abschluss gefordert: Fachp\u00e4dagoge, CAP (Berufsbef\u00e4higungszeugnis) fr\u00fchkindliche Erziehung, CATP.&nbsp;<\/strong><\/strong><\/p>\n\n\n\n<h3 class=\"wp-block-heading\"><strong>Die Berufe des Erziehers und des Pflegehelfers<\/strong><\/h3>\n\n\n\n<h4 class=\"wp-block-heading\"><strong>Der Erzieher (Educateur)<\/strong><\/h4>\n\n\n\n<p>Der Erzieher wird im Gesundheits- und Sozialsektor t\u00e4tig und kann ferner alle Formen&nbsp;<strong>der Kinderbetreuung<\/strong>&nbsp;in Empfangsstrukturen f\u00fcr Kinder und Jugendliche, in Jugendh\u00e4usern, im Sektor der Personen mit Behinderungen und der Senioren \u00fcbernehmen.<\/p>\n\n\n\n<p>Der Beruf des Erziehers ist in Luxemburg Gegenstand eines&nbsp;<strong>staatlichen Erzieherabschlusses.<\/strong><br>Das berufsbildende Lyc\u00e9e Technique pour Professions Educatives et Sociales (Gymnasium f\u00fcr Erziehungs- und Sozialberufe) ist die einzige Einrichtung, die in Luxemburg eine Erzieherausbildung anbietet. Der staatliche Abschluss des Erziehers wird mit dem Abitur nach einem Abschlussjahr (ehemals 14.Klasse) zuerkannt.&nbsp;<\/p>\n\n\n\n<h4 class=\"wp-block-heading\"><strong>Der Pflegehelfer (Auxiliaire de vie)<\/strong><\/h4>\n\n\n\n<p>Der Pflegehelfer k\u00fcmmert sich haupts\u00e4chlich um die Begleitung, Anleitung und Unterst\u00fctzung pflegebed\u00fcrftiger Personen aller Altersgruppen. Er k\u00fcmmert sich insbesondere um Senioren, aber kann seinen&nbsp;<strong>Beruf auch in Krippen, Kinderg\u00e4rten, Betreuungsst\u00e4tten, Horten aus\u00fcben.&nbsp;<\/strong>In Luxemburg ist dieser Beruf mit einem Dipl\u00f4me d\u2019Aptitude Professionnelle (Berufsbef\u00e4higungszeugnis) ab der 9. Klasse nach einer 3-j\u00e4hrigen Ausbildung zug\u00e4nglich.<\/p>\n\n\n\n<h5 class=\"wp-block-heading\"><strong>Die Bedingungen, um als Erzieher oder Pflegehelfer im fr\u00fchkindlichen Bereich in Luxemburg zu arbeiten<\/strong><\/h5>\n\n\n\n<p>Bei den Berufen des&nbsp;<strong>Erziehers<\/strong>&nbsp;und&nbsp;<strong>Pflegehelfers<\/strong>&nbsp;handelt es sich um&nbsp;<strong>reglementierte Berufe&nbsp;<\/strong>des sozialen Sektors in Luxembourg. Personen, die im Besitz eines ausl\u00e4ndischen Abschlusses sind, sind verpflichtet, diesen Abschluss in Luxemburg&nbsp;<strong>zulassen zu lassen.&nbsp;<\/strong>Dies gilt f\u00fcr Ausl\u00e4nder aber auch f\u00fcr Einheimische, die im Ausland studiert haben.<\/p>\n\n\n\n<h5 class=\"wp-block-heading\">Sie haben den Wunsch, als Erzieher in der fr\u00fchkindlichen Betreuung in Luxemburg zu arbeiten<\/h5>\n\n\n\n<p>Ihr franz\u00f6sischer Abschluss als Erzieher im Bereich der fr\u00fchkindlichen Betreuung (Bachelor) kann anerkannt werden.<\/p>\n\n\n\n<p>F\u00fcr den Beruf des Pflegehelfers k\u00f6nnen die franz\u00f6sischen Berufe des Pflegehelfers CAP Petite enfance (Berufsbef\u00e4higungszeugnis fr\u00fchkindliche Betreuung), CAP Accompagnement \u00e9ducation petite enfance (Berufsbef\u00e4higungszeugnis fr\u00fchkindliche Erziehungshilfe), Krippenhelferin anerkannt werden.<\/p>\n\n\n\n<h5 class=\"wp-block-heading\">Die f\u00fcr die Zulassung Ihres Abschluss zu erledigenden Formalit\u00e4ten<\/h5>\n\n\n\n<p>Sie sind verpflichtet, Ihre vollst\u00e4ndigen Unterlagen an das Ministerium f\u00fcr Bildung und Berufsbildung zu senden<\/p>\n\n\n\n<figure class=\"wp-block-pullquote\"><blockquote><p><strong>Minist\u00e8re de l\u2019Education Nationale et de la Formation professionnelle<\/strong><br>Service de la Reconnaissance des dipl\u00f4mes<br>29, rue Aldringen<br>L-2926 Luxembourg<br>Tel : +352\/2478 \u2013 5910<br><a href=\"http:\/\/www.men.public.lu\/\" target=\"_blank\" rel=\"noreferrer noopener\">www.men.public<\/a><a href=\"http:\/\/www.men.public.lu\/\">.lu<\/a><\/p><\/blockquote><\/figure>\n\n\n\n<h5 class=\"wp-block-heading\">Die Unterlagen m\u00fcssen die nachstehenden Schriftst\u00fccke enthalten:<\/h5>\n\n\n\n<ul class=\"wp-block-list\">\n<li>Einen schriftlichen Antrag, der auf den Grund f\u00fcr die Einreichung des Antrags verweist,<\/li>\n\n\n\n<li>Kopie des\/der Berufszeugnisse,<\/li>\n\n\n\n<li>Kopie eines Ausweisdokuments,<\/li>\n\n\n\n<li>Lebenslauf, der unter anderem auf den schulischen Werdegang verweist,<\/li>\n\n\n\n<li>Auszug aus dem Strafregister (einzig f\u00fcr Erzieher),<\/li>\n\n\n\n<li>Zahlung einer Geb\u00fchr von 75 \u20ac.<\/li>\n<\/ul>\n\n\n\n<p>Die erforderlichen Informationen \u00fcber die Anerkennung der Abschl\u00fcsse finden Sie auf der Website der luxemburgischen Anlaufstelle&nbsp;<a href=\"https:\/\/guichet.public.lu\/fr.html\" target=\"_blank\" rel=\"noreferrer noopener\">www.guichet-public.lu<\/a>.<\/p>\n\n\n\n<p>Wichtiger Hinweis: Die Antr\u00e4ge werden fallweise gepr\u00fcft. Insbesondere f\u00fcr die Anerkennung des&nbsp;CAP Petite enfance wird ggf. eine Eignungspr\u00fcfung verlangt.<\/p>\n\n\n\n<p>Im Anschluss m\u00fcssen Sie eine&nbsp;<strong>Genehmigung zur Aus\u00fcbung des Berufs&nbsp;<\/strong>bei der Abteilung f\u00fcr die Anerkennung der Berufszeugnisse beantragen. In diesem Rahmen wird eine zus\u00e4tzliche Geb\u00fchr von 75 \u20ac f\u00e4llig.<\/p>\n\n\n\n<h3 class=\"wp-block-heading\"><strong>Der Beruf des Sozialp\u00e4dagogen (\u00e9ducateur gradu\u00e9)<\/strong><\/h3>\n\n\n\n<p>Der Sozialp\u00e4dagoge (oder Fachp\u00e4dagoge) unterst\u00fctzt nicht anpassungsf\u00e4hige Personen (Kinder, Jugendliche, Erwachsene), um autonom zu werden und sich besser in die Gesellschaft zu integrieren. Zuh\u00f6rverm\u00f6gen und Verf\u00fcgbarkeit sind die wesentlichen Eigenschaften, die Sie f\u00fcr die Aus\u00fcbung des Berufs mitbringen m\u00fcssen. Er kann auch in den&nbsp;<strong>Maisons Relais und Kinderkrippen&nbsp;<\/strong>arbeiten. Die Sozialp\u00e4dagogen entsprechen einem Viertel aller Erzieher in Luxemburg (6&nbsp;000 Erzieher).<\/p>\n\n\n\n<p>Der Sozialp\u00e4dagoge ist der \u00fcbergeordnete Leiter, der Verantwortliche und der Ausbilder des Erziehers am Arbeitsplatz. In Luxemburg hat er einen Bachelor-Abschluss, w\u00e4hrenddessen die Erzieherausbildung der Hochschulreife gleicht. Grundkenntnisse der im Sektor der Krippenbetreuung in Luxemburg geltenden Rechtsvorschriften werden gefordert.<\/p>\n\n\n\n<p>Der Zugang zum Beruf des Sozialp\u00e4dagogen wird in Luxemburg nicht mehr reglementiert. Die Bewerber m\u00fcssen einen berufsbildenden Bachelor im sozialp\u00e4dagogischen Bereich vorlegen k\u00f6nnen (in Luxemburg Fachrichtung Gesellschafts- und Erziehungswissenschaften), um den Beruf aus\u00fcben zu k\u00f6nnen.<\/p>\n\n\n\n<h4 class=\"wp-block-heading\"><strong>Anerkennung ausl\u00e4ndischer Diplome<\/strong><\/h4>\n\n\n\n<h5 class=\"wp-block-heading\">Sie sind europ\u00e4ischer B\u00fcrger und m\u00f6chten als Sozialp\u00e4dagoge in Luxemburg arbeiten<\/h5>\n\n\n\n<p>Ihr franz\u00f6sischer Abschluss als Fachp\u00e4dagoge (Bachelor) kann anerkannt werden.<br>Die Einstellung der Bewerber h\u00e4ngt vom Arbeitgeber ab (\u00f6ffentlich-rechtlicher oder privater Sektor).<\/p>\n\n\n\n<p>Auch wenn der Beruf in Luxemburg nicht reglementiert ist,<strong>&nbsp;wird empfohlen, Ihren Abschluss anerkennen zu lassen, um Ihre Qualifikation in Luxemburg nachzuweisen.<\/strong><\/p>\n\n\n\n<figure class=\"wp-block-pullquote\"><blockquote><p><strong>Minist\u00e8re de l\u2019enseignement sup\u00e9rieur et de la recherche<\/strong><br>18-20 Mont\u00e9e de la P\u00e9trusse<br>L-2327 Luxembourg<br>T\u00e9l. 00352 2478 8650<br><a href=\"http:\/\/www.mesr.public.lu\/\" target=\"_blank\" rel=\"noreferrer noopener\">www.mesr.public.lu<\/a><\/p><\/blockquote><\/figure>\n","protected":false},"excerpt":{"rendered":"<p>Im Bereich der kleinkindlichen Betreuung gibt es unterschiedliche Berufe, die unterschiedlichen Verantwortungsebenen entsprechen: Erzieher, Pflegehelfer, Fachp\u00e4dagoge, Krippenerzieher, sozialp\u00e4dagogischer Assistent. In einer Krippe k\u00f6nnen ferner arbeiten: Vorschullehrer, Psychologen, Tagesm\u00fctter.Der Zugang zur \u00fcberwiegenden Mehrheit dieser Berufe erfolgt \u00fcber einen Berufsabschluss, auch wenn aufgrund der Vorschriften \u00fcber die Betreuung (60 % der Erzieher in der Struktur) Personen ohne [&hellip;]<\/p>\n","protected":false},"author":7,"featured_media":0,"parent":7328,"menu_order":2,"comment_status":"closed","ping_status":"closed","template":"","meta":{"inline_featured_image":false,"footnotes":""},"tags":[],"frge_profile":[],"class_list":["post-7337","page","type-page","status-publish","hentry"],"yoast_head":"<!-- This site is optimized with the Yoast SEO plugin v27.1.1 - https:\/\/yoast.com\/product\/yoast-seo-wordpress\/ -->\n<title>Die unterschiedlichen Berufe in der kleinkindlichen Betreuung in Luxemburg - Frontaliers Grand Est<\/title>\n<meta name=\"robots\" content=\"index, follow, max-snippet:-1, max-image-preview:large, max-video-preview:-1\" \/>\n<link rel=\"canonical\" href=\"https:\/\/frontaliers-grandest.eu\/de\/startseite\/arbeitsuchende\/einen-job-in-luxemburg-finden\/einen-beruf-entdecken\/im-sektor-der-fruhkindlichen-betreuung-in-luxemburg-arbeiten\/die-unterschiedlichen-berufe-in-der-kleinkindlichen-betreuung-in-luxemburg\/\" \/>\n<meta property=\"og:locale\" content=\"de_DE\" \/>\n<meta property=\"og:type\" content=\"article\" \/>\n<meta property=\"og:title\" content=\"Die unterschiedlichen Berufe in der kleinkindlichen Betreuung in Luxemburg - Frontaliers Grand Est\" \/>\n<meta property=\"og:description\" content=\"Im Bereich der kleinkindlichen Betreuung gibt es unterschiedliche Berufe, die unterschiedlichen Verantwortungsebenen entsprechen: Erzieher, Pflegehelfer, Fachp\u00e4dagoge, Krippenerzieher, sozialp\u00e4dagogischer Assistent. In einer Krippe k\u00f6nnen ferner arbeiten: Vorschullehrer, Psychologen, Tagesm\u00fctter.Der Zugang zur \u00fcberwiegenden Mehrheit dieser Berufe erfolgt \u00fcber einen Berufsabschluss, auch wenn aufgrund der Vorschriften \u00fcber die Betreuung (60 % der Erzieher in der Struktur) Personen ohne [&hellip;]\" \/>\n<meta property=\"og:url\" content=\"https:\/\/frontaliers-grandest.eu\/de\/startseite\/arbeitsuchende\/einen-job-in-luxemburg-finden\/einen-beruf-entdecken\/im-sektor-der-fruhkindlichen-betreuung-in-luxemburg-arbeiten\/die-unterschiedlichen-berufe-in-der-kleinkindlichen-betreuung-in-luxemburg\/\" \/>\n<meta property=\"og:site_name\" content=\"Frontaliers Grand Est\" \/>\n<meta property=\"article:publisher\" content=\"https:\/\/www.facebook.com\/frontaliers.GR.EST\/?locale=fr_FR\" \/>\n<meta property=\"article:modified_time\" content=\"2024-03-13T10:46:07+00:00\" \/>\n<meta name=\"twitter:card\" content=\"summary_large_image\" \/>\n<meta name=\"twitter:label1\" content=\"Gesch\u00e4tzte Lesezeit\" \/>\n\t<meta name=\"twitter:data1\" content=\"4\u00a0Minuten\" \/>\n<script type=\"application\/ld+json\" class=\"yoast-schema-graph\">{\"@context\":\"https:\/\/schema.org\",\"@graph\":[{\"@type\":\"WebPage\",\"@id\":\"https:\/\/frontaliers-grandest.eu\/de\/startseite\/arbeitsuchende\/einen-job-in-luxemburg-finden\/einen-beruf-entdecken\/im-sektor-der-fruhkindlichen-betreuung-in-luxemburg-arbeiten\/die-unterschiedlichen-berufe-in-der-kleinkindlichen-betreuung-in-luxemburg\/\",\"url\":\"https:\/\/frontaliers-grandest.eu\/de\/startseite\/arbeitsuchende\/einen-job-in-luxemburg-finden\/einen-beruf-entdecken\/im-sektor-der-fruhkindlichen-betreuung-in-luxemburg-arbeiten\/die-unterschiedlichen-berufe-in-der-kleinkindlichen-betreuung-in-luxemburg\/\",\"name\":\"Die unterschiedlichen Berufe in der kleinkindlichen Betreuung in Luxemburg - Frontaliers Grand Est\",\"isPartOf\":{\"@id\":\"https:\/\/frontaliers-grandest.eu\/de\/#website\"},\"datePublished\":\"2021-05-07T10:21:34+00:00\",\"dateModified\":\"2024-03-13T10:46:07+00:00\",\"breadcrumb\":{\"@id\":\"https:\/\/frontaliers-grandest.eu\/de\/startseite\/arbeitsuchende\/einen-job-in-luxemburg-finden\/einen-beruf-entdecken\/im-sektor-der-fruhkindlichen-betreuung-in-luxemburg-arbeiten\/die-unterschiedlichen-berufe-in-der-kleinkindlichen-betreuung-in-luxemburg\/#breadcrumb\"},\"inLanguage\":\"de\",\"potentialAction\":[{\"@type\":\"ReadAction\",\"target\":[\"https:\/\/frontaliers-grandest.eu\/de\/startseite\/arbeitsuchende\/einen-job-in-luxemburg-finden\/einen-beruf-entdecken\/im-sektor-der-fruhkindlichen-betreuung-in-luxemburg-arbeiten\/die-unterschiedlichen-berufe-in-der-kleinkindlichen-betreuung-in-luxemburg\/\"]}]},{\"@type\":\"BreadcrumbList\",\"@id\":\"https:\/\/frontaliers-grandest.eu\/de\/startseite\/arbeitsuchende\/einen-job-in-luxemburg-finden\/einen-beruf-entdecken\/im-sektor-der-fruhkindlichen-betreuung-in-luxemburg-arbeiten\/die-unterschiedlichen-berufe-in-der-kleinkindlichen-betreuung-in-luxemburg\/#breadcrumb\",\"itemListElement\":[{\"@type\":\"ListItem\",\"position\":1,\"name\":\"Startseite\",\"item\":\"https:\/\/frontaliers-grandest.eu\/de\/\"},{\"@type\":\"ListItem\",\"position\":2,\"name\":\"Arbeitsuchende\",\"item\":\"https:\/\/frontaliers-grandest.eu\/de\/startseite\/arbeitsuchende\/\"},{\"@type\":\"ListItem\",\"position\":3,\"name\":\"Einen Job in Luxemburg finden\",\"item\":\"https:\/\/frontaliers-grandest.eu\/de\/startseite\/arbeitsuchende\/einen-job-in-luxemburg-finden\/\"},{\"@type\":\"ListItem\",\"position\":4,\"name\":\"Einen Beruf Entdecken\",\"item\":\"https:\/\/frontaliers-grandest.eu\/de\/startseite\/arbeitsuchende\/einen-job-in-luxemburg-finden\/einen-beruf-entdecken\/\"},{\"@type\":\"ListItem\",\"position\":5,\"name\":\"Im Sektor der fr\u00fchkindlichen Betreuung in Luxemburg arbeiten\",\"item\":\"https:\/\/frontaliers-grandest.eu\/de\/startseite\/arbeitsuchende\/einen-job-in-luxemburg-finden\/einen-beruf-entdecken\/im-sektor-der-fruhkindlichen-betreuung-in-luxemburg-arbeiten\/\"},{\"@type\":\"ListItem\",\"position\":6,\"name\":\"Die unterschiedlichen Berufe in der kleinkindlichen Betreuung in Luxemburg\"}]},{\"@type\":\"WebSite\",\"@id\":\"https:\/\/frontaliers-grandest.eu\/de\/#website\",\"url\":\"https:\/\/frontaliers-grandest.eu\/de\/\",\"name\":\"Frontaliers Grand Est\",\"description\":\"Le site ressource du travail frontalier\",\"publisher\":{\"@id\":\"https:\/\/frontaliers-grandest.eu\/de\/#organization\"},\"alternateName\":\"Frontaliers Grand Est\",\"potentialAction\":[{\"@type\":\"SearchAction\",\"target\":{\"@type\":\"EntryPoint\",\"urlTemplate\":\"https:\/\/frontaliers-grandest.eu\/de\/?s={search_term_string}\"},\"query-input\":{\"@type\":\"PropertyValueSpecification\",\"valueRequired\":true,\"valueName\":\"search_term_string\"}}],\"inLanguage\":\"de\"},{\"@type\":\"Organization\",\"@id\":\"https:\/\/frontaliers-grandest.eu\/de\/#organization\",\"name\":\"Frontaliers Grand Est\",\"alternateName\":\"Frontaliers Grand Est\",\"url\":\"https:\/\/frontaliers-grandest.eu\/de\/\",\"logo\":{\"@type\":\"ImageObject\",\"inLanguage\":\"de\",\"@id\":\"https:\/\/frontaliers-grandest.eu\/de\/#\/schema\/logo\/image\/\",\"url\":\"https:\/\/frontaliers-grandest.eu\/wp-content\/uploads\/2025\/07\/260328234_2966785176920310_3332838526503858160_n.jpg\",\"contentUrl\":\"https:\/\/frontaliers-grandest.eu\/wp-content\/uploads\/2025\/07\/260328234_2966785176920310_3332838526503858160_n.jpg\",\"width\":396,\"height\":396,\"caption\":\"Frontaliers Grand Est\"},\"image\":{\"@id\":\"https:\/\/frontaliers-grandest.eu\/de\/#\/schema\/logo\/image\/\"},\"sameAs\":[\"https:\/\/www.facebook.com\/frontaliers.GR.EST\/?locale=fr_FR\"]}]}<\/script>\n<!-- \/ Yoast SEO plugin. -->","yoast_head_json":{"title":"Die unterschiedlichen Berufe in der kleinkindlichen Betreuung in Luxemburg - Frontaliers Grand Est","robots":{"index":"index","follow":"follow","max-snippet":"max-snippet:-1","max-image-preview":"max-image-preview:large","max-video-preview":"max-video-preview:-1"},"canonical":"https:\/\/frontaliers-grandest.eu\/de\/startseite\/arbeitsuchende\/einen-job-in-luxemburg-finden\/einen-beruf-entdecken\/im-sektor-der-fruhkindlichen-betreuung-in-luxemburg-arbeiten\/die-unterschiedlichen-berufe-in-der-kleinkindlichen-betreuung-in-luxemburg\/","og_locale":"de_DE","og_type":"article","og_title":"Die unterschiedlichen Berufe in der kleinkindlichen Betreuung in Luxemburg - Frontaliers Grand Est","og_description":"Im Bereich der kleinkindlichen Betreuung gibt es unterschiedliche Berufe, die unterschiedlichen Verantwortungsebenen entsprechen: Erzieher, Pflegehelfer, Fachp\u00e4dagoge, Krippenerzieher, sozialp\u00e4dagogischer Assistent. In einer Krippe k\u00f6nnen ferner arbeiten: Vorschullehrer, Psychologen, Tagesm\u00fctter.Der Zugang zur \u00fcberwiegenden Mehrheit dieser Berufe erfolgt \u00fcber einen Berufsabschluss, auch wenn aufgrund der Vorschriften \u00fcber die Betreuung (60 % der Erzieher in der Struktur) Personen ohne [&hellip;]","og_url":"https:\/\/frontaliers-grandest.eu\/de\/startseite\/arbeitsuchende\/einen-job-in-luxemburg-finden\/einen-beruf-entdecken\/im-sektor-der-fruhkindlichen-betreuung-in-luxemburg-arbeiten\/die-unterschiedlichen-berufe-in-der-kleinkindlichen-betreuung-in-luxemburg\/","og_site_name":"Frontaliers Grand Est","article_publisher":"https:\/\/www.facebook.com\/frontaliers.GR.EST\/?locale=fr_FR","article_modified_time":"2024-03-13T10:46:07+00:00","twitter_card":"summary_large_image","twitter_misc":{"Gesch\u00e4tzte Lesezeit":"4\u00a0Minuten"},"schema":{"@context":"https:\/\/schema.org","@graph":[{"@type":"WebPage","@id":"https:\/\/frontaliers-grandest.eu\/de\/startseite\/arbeitsuchende\/einen-job-in-luxemburg-finden\/einen-beruf-entdecken\/im-sektor-der-fruhkindlichen-betreuung-in-luxemburg-arbeiten\/die-unterschiedlichen-berufe-in-der-kleinkindlichen-betreuung-in-luxemburg\/","url":"https:\/\/frontaliers-grandest.eu\/de\/startseite\/arbeitsuchende\/einen-job-in-luxemburg-finden\/einen-beruf-entdecken\/im-sektor-der-fruhkindlichen-betreuung-in-luxemburg-arbeiten\/die-unterschiedlichen-berufe-in-der-kleinkindlichen-betreuung-in-luxemburg\/","name":"Die unterschiedlichen Berufe in der kleinkindlichen Betreuung in Luxemburg - Frontaliers Grand Est","isPartOf":{"@id":"https:\/\/frontaliers-grandest.eu\/de\/#website"},"datePublished":"2021-05-07T10:21:34+00:00","dateModified":"2024-03-13T10:46:07+00:00","breadcrumb":{"@id":"https:\/\/frontaliers-grandest.eu\/de\/startseite\/arbeitsuchende\/einen-job-in-luxemburg-finden\/einen-beruf-entdecken\/im-sektor-der-fruhkindlichen-betreuung-in-luxemburg-arbeiten\/die-unterschiedlichen-berufe-in-der-kleinkindlichen-betreuung-in-luxemburg\/#breadcrumb"},"inLanguage":"de","potentialAction":[{"@type":"ReadAction","target":["https:\/\/frontaliers-grandest.eu\/de\/startseite\/arbeitsuchende\/einen-job-in-luxemburg-finden\/einen-beruf-entdecken\/im-sektor-der-fruhkindlichen-betreuung-in-luxemburg-arbeiten\/die-unterschiedlichen-berufe-in-der-kleinkindlichen-betreuung-in-luxemburg\/"]}]},{"@type":"BreadcrumbList","@id":"https:\/\/frontaliers-grandest.eu\/de\/startseite\/arbeitsuchende\/einen-job-in-luxemburg-finden\/einen-beruf-entdecken\/im-sektor-der-fruhkindlichen-betreuung-in-luxemburg-arbeiten\/die-unterschiedlichen-berufe-in-der-kleinkindlichen-betreuung-in-luxemburg\/#breadcrumb","itemListElement":[{"@type":"ListItem","position":1,"name":"Startseite","item":"https:\/\/frontaliers-grandest.eu\/de\/"},{"@type":"ListItem","position":2,"name":"Arbeitsuchende","item":"https:\/\/frontaliers-grandest.eu\/de\/startseite\/arbeitsuchende\/"},{"@type":"ListItem","position":3,"name":"Einen Job in Luxemburg finden","item":"https:\/\/frontaliers-grandest.eu\/de\/startseite\/arbeitsuchende\/einen-job-in-luxemburg-finden\/"},{"@type":"ListItem","position":4,"name":"Einen Beruf Entdecken","item":"https:\/\/frontaliers-grandest.eu\/de\/startseite\/arbeitsuchende\/einen-job-in-luxemburg-finden\/einen-beruf-entdecken\/"},{"@type":"ListItem","position":5,"name":"Im Sektor der fr\u00fchkindlichen Betreuung in Luxemburg arbeiten","item":"https:\/\/frontaliers-grandest.eu\/de\/startseite\/arbeitsuchende\/einen-job-in-luxemburg-finden\/einen-beruf-entdecken\/im-sektor-der-fruhkindlichen-betreuung-in-luxemburg-arbeiten\/"},{"@type":"ListItem","position":6,"name":"Die unterschiedlichen Berufe in der kleinkindlichen Betreuung in Luxemburg"}]},{"@type":"WebSite","@id":"https:\/\/frontaliers-grandest.eu\/de\/#website","url":"https:\/\/frontaliers-grandest.eu\/de\/","name":"Frontaliers Grand Est","description":"Le site ressource du travail frontalier","publisher":{"@id":"https:\/\/frontaliers-grandest.eu\/de\/#organization"},"alternateName":"Frontaliers Grand Est","potentialAction":[{"@type":"SearchAction","target":{"@type":"EntryPoint","urlTemplate":"https:\/\/frontaliers-grandest.eu\/de\/?s={search_term_string}"},"query-input":{"@type":"PropertyValueSpecification","valueRequired":true,"valueName":"search_term_string"}}],"inLanguage":"de"},{"@type":"Organization","@id":"https:\/\/frontaliers-grandest.eu\/de\/#organization","name":"Frontaliers Grand Est","alternateName":"Frontaliers Grand Est","url":"https:\/\/frontaliers-grandest.eu\/de\/","logo":{"@type":"ImageObject","inLanguage":"de","@id":"https:\/\/frontaliers-grandest.eu\/de\/#\/schema\/logo\/image\/","url":"https:\/\/frontaliers-grandest.eu\/wp-content\/uploads\/2025\/07\/260328234_2966785176920310_3332838526503858160_n.jpg","contentUrl":"https:\/\/frontaliers-grandest.eu\/wp-content\/uploads\/2025\/07\/260328234_2966785176920310_3332838526503858160_n.jpg","width":396,"height":396,"caption":"Frontaliers Grand Est"},"image":{"@id":"https:\/\/frontaliers-grandest.eu\/de\/#\/schema\/logo\/image\/"},"sameAs":["https:\/\/www.facebook.com\/frontaliers.GR.EST\/?locale=fr_FR"]}]}},"frge_page_order":0,"_links":{"self":[{"href":"https:\/\/frontaliers-grandest.eu\/de\/wp-json\/wp\/v2\/pages\/7337","targetHints":{"allow":["GET"]}}],"collection":[{"href":"https:\/\/frontaliers-grandest.eu\/de\/wp-json\/wp\/v2\/pages"}],"about":[{"href":"https:\/\/frontaliers-grandest.eu\/de\/wp-json\/wp\/v2\/types\/page"}],"author":[{"embeddable":true,"href":"https:\/\/frontaliers-grandest.eu\/de\/wp-json\/wp\/v2\/users\/7"}],"replies":[{"embeddable":true,"href":"https:\/\/frontaliers-grandest.eu\/de\/wp-json\/wp\/v2\/comments?post=7337"}],"version-history":[{"count":3,"href":"https:\/\/frontaliers-grandest.eu\/de\/wp-json\/wp\/v2\/pages\/7337\/revisions"}],"predecessor-version":[{"id":34603,"href":"https:\/\/frontaliers-grandest.eu\/de\/wp-json\/wp\/v2\/pages\/7337\/revisions\/34603"}],"up":[{"embeddable":true,"href":"https:\/\/frontaliers-grandest.eu\/de\/wp-json\/wp\/v2\/pages\/7328"}],"wp:attachment":[{"href":"https:\/\/frontaliers-grandest.eu\/de\/wp-json\/wp\/v2\/media?parent=7337"}],"wp:term":[{"taxonomy":"post_tag","embeddable":true,"href":"https:\/\/frontaliers-grandest.eu\/de\/wp-json\/wp\/v2\/tags?post=7337"},{"taxonomy":"frge_profile","embeddable":true,"href":"https:\/\/frontaliers-grandest.eu\/de\/wp-json\/wp\/v2\/frge_profile?post=7337"}],"curies":[{"name":"wp","href":"https:\/\/api.w.org\/{rel}","templated":true}]}}