{"id":7335,"date":"2021-05-07T12:13:14","date_gmt":"2021-05-07T10:13:14","guid":{"rendered":"https:\/\/frontaliers-grandest.eu\/?page_id=7335"},"modified":"2021-05-07T12:13:15","modified_gmt":"2021-05-07T10:13:15","slug":"im-sektor-der-fruhkindlichen-betreuung-arbeiten","status":"publish","type":"page","link":"https:\/\/frontaliers-grandest.eu\/de\/startseite\/arbeitsuchende\/einen-job-in-luxemburg-finden\/einen-beruf-entdecken\/im-sektor-der-fruhkindlichen-betreuung-in-luxemburg-arbeiten\/im-sektor-der-fruhkindlichen-betreuung-arbeiten\/","title":{"rendered":"Im Sektor der fr\u00fchkindlichen Betreuung arbeiten"},"content":{"rendered":"\n<h4 class=\"wp-block-heading\"><strong>In einer Kinderkrippe\u00a0:<\/strong><\/h4>\n\n\n\n<ul class=\"wp-block-list\"><li>Empfang der Kinder und Eltern,<\/li><li>Betreuung und Hygiene der Kinder,<\/li><li>Sozialisierung der Kinder durch spielerische und partizipative Aktivit\u00e4ten,<\/li><li>Organisation von Spielen.<\/li><\/ul>\n\n\n\n<h4 class=\"wp-block-heading\"><strong>In einem Schulhort :<\/strong><\/h4>\n\n\n\n<ul class=\"wp-block-list\"><li>Gew\u00e4hrleistung der Betreuung der Kinder,<\/li><li>Ausstattung des Lebensbereichs, Empfang der Kinder und Pr\u00fcfung der Sicherheit des Ausstattungen,<\/li><li>Organisation spielerischer, erzieherischer Aktivit\u00e4ten und Unterst\u00fctzung der Kinder bei diesen Aktivit\u00e4ten,<\/li><li>Beobachtung der Entwicklung der Kinder, Erkennung von Schwierigkeiten und Weitergabe von Informationen an das Team und die Eltern.<\/li><\/ul>\n","protected":false},"excerpt":{"rendered":"<p>In einer Kinderkrippe\u00a0: Empfang der Kinder und Eltern, Betreuung und Hygiene der Kinder, Sozialisierung der Kinder durch spielerische und partizipative Aktivit\u00e4ten, Organisation von Spielen. In einem Schulhort : Gew\u00e4hrleistung der Betreuung der Kinder, Ausstattung des Lebensbereichs, Empfang der Kinder und Pr\u00fcfung der Sicherheit des Ausstattungen, Organisation spielerischer, erzieherischer Aktivit\u00e4ten und Unterst\u00fctzung der Kinder bei diesen [&hellip;]<\/p>\n","protected":false},"author":7,"featured_media":0,"parent":7328,"menu_order":1,"comment_status":"closed","ping_status":"closed","template":"","meta":{"inline_featured_image":false,"footnotes":""},"tags":[],"frge_profile":[],"class_list":["post-7335","page","type-page","status-publish","hentry"],"yoast_head":"<!-- This site is optimized with the Yoast SEO plugin v27.1.1 - https:\/\/yoast.com\/product\/yoast-seo-wordpress\/ -->\n<title>Im Sektor der fr\u00fchkindlichen Betreuung arbeiten - Frontaliers Grand Est<\/title>\n<meta name=\"robots\" content=\"index, follow, max-snippet:-1, max-image-preview:large, max-video-preview:-1\" \/>\n<link rel=\"canonical\" href=\"https:\/\/frontaliers-grandest.eu\/de\/startseite\/arbeitsuchende\/einen-job-in-luxemburg-finden\/einen-beruf-entdecken\/im-sektor-der-fruhkindlichen-betreuung-in-luxemburg-arbeiten\/im-sektor-der-fruhkindlichen-betreuung-arbeiten\/\" \/>\n<meta property=\"og:locale\" content=\"de_DE\" \/>\n<meta property=\"og:type\" content=\"article\" \/>\n<meta property=\"og:title\" content=\"Im Sektor der fr\u00fchkindlichen Betreuung arbeiten - Frontaliers Grand Est\" \/>\n<meta property=\"og:description\" content=\"In einer Kinderkrippe\u00a0: Empfang der Kinder und Eltern, Betreuung und Hygiene der Kinder, Sozialisierung der Kinder durch spielerische und partizipative Aktivit\u00e4ten, Organisation von Spielen. In einem Schulhort : Gew\u00e4hrleistung der Betreuung der Kinder, Ausstattung des Lebensbereichs, Empfang der Kinder und Pr\u00fcfung der Sicherheit des Ausstattungen, Organisation spielerischer, erzieherischer Aktivit\u00e4ten und Unterst\u00fctzung der Kinder bei diesen [&hellip;]\" \/>\n<meta property=\"og:url\" content=\"https:\/\/frontaliers-grandest.eu\/de\/startseite\/arbeitsuchende\/einen-job-in-luxemburg-finden\/einen-beruf-entdecken\/im-sektor-der-fruhkindlichen-betreuung-in-luxemburg-arbeiten\/im-sektor-der-fruhkindlichen-betreuung-arbeiten\/\" \/>\n<meta property=\"og:site_name\" content=\"Frontaliers Grand Est\" \/>\n<meta property=\"article:publisher\" content=\"https:\/\/www.facebook.com\/frontaliers.GR.EST\/?locale=fr_FR\" \/>\n<meta property=\"article:modified_time\" content=\"2021-05-07T10:13:15+00:00\" \/>\n<meta name=\"twitter:card\" content=\"summary_large_image\" \/>\n<meta name=\"twitter:label1\" content=\"Gesch\u00e4tzte Lesezeit\" \/>\n\t<meta name=\"twitter:data1\" content=\"1\u00a0Minute\" \/>\n<script type=\"application\/ld+json\" class=\"yoast-schema-graph\">{\"@context\":\"https:\/\/schema.org\",\"@graph\":[{\"@type\":\"WebPage\",\"@id\":\"https:\/\/frontaliers-grandest.eu\/de\/startseite\/arbeitsuchende\/einen-job-in-luxemburg-finden\/einen-beruf-entdecken\/im-sektor-der-fruhkindlichen-betreuung-in-luxemburg-arbeiten\/im-sektor-der-fruhkindlichen-betreuung-arbeiten\/\",\"url\":\"https:\/\/frontaliers-grandest.eu\/de\/startseite\/arbeitsuchende\/einen-job-in-luxemburg-finden\/einen-beruf-entdecken\/im-sektor-der-fruhkindlichen-betreuung-in-luxemburg-arbeiten\/im-sektor-der-fruhkindlichen-betreuung-arbeiten\/\",\"name\":\"Im Sektor der fr\u00fchkindlichen Betreuung arbeiten - Frontaliers Grand Est\",\"isPartOf\":{\"@id\":\"https:\/\/frontaliers-grandest.eu\/de\/#website\"},\"datePublished\":\"2021-05-07T10:13:14+00:00\",\"dateModified\":\"2021-05-07T10:13:15+00:00\",\"breadcrumb\":{\"@id\":\"https:\/\/frontaliers-grandest.eu\/de\/startseite\/arbeitsuchende\/einen-job-in-luxemburg-finden\/einen-beruf-entdecken\/im-sektor-der-fruhkindlichen-betreuung-in-luxemburg-arbeiten\/im-sektor-der-fruhkindlichen-betreuung-arbeiten\/#breadcrumb\"},\"inLanguage\":\"de\",\"potentialAction\":[{\"@type\":\"ReadAction\",\"target\":[\"https:\/\/frontaliers-grandest.eu\/de\/startseite\/arbeitsuchende\/einen-job-in-luxemburg-finden\/einen-beruf-entdecken\/im-sektor-der-fruhkindlichen-betreuung-in-luxemburg-arbeiten\/im-sektor-der-fruhkindlichen-betreuung-arbeiten\/\"]}]},{\"@type\":\"BreadcrumbList\",\"@id\":\"https:\/\/frontaliers-grandest.eu\/de\/startseite\/arbeitsuchende\/einen-job-in-luxemburg-finden\/einen-beruf-entdecken\/im-sektor-der-fruhkindlichen-betreuung-in-luxemburg-arbeiten\/im-sektor-der-fruhkindlichen-betreuung-arbeiten\/#breadcrumb\",\"itemListElement\":[{\"@type\":\"ListItem\",\"position\":1,\"name\":\"Startseite\",\"item\":\"https:\/\/frontaliers-grandest.eu\/de\/\"},{\"@type\":\"ListItem\",\"position\":2,\"name\":\"Arbeitsuchende\",\"item\":\"https:\/\/frontaliers-grandest.eu\/de\/startseite\/arbeitsuchende\/\"},{\"@type\":\"ListItem\",\"position\":3,\"name\":\"Einen Job in Luxemburg finden\",\"item\":\"https:\/\/frontaliers-grandest.eu\/de\/startseite\/arbeitsuchende\/einen-job-in-luxemburg-finden\/\"},{\"@type\":\"ListItem\",\"position\":4,\"name\":\"Einen Beruf Entdecken\",\"item\":\"https:\/\/frontaliers-grandest.eu\/de\/startseite\/arbeitsuchende\/einen-job-in-luxemburg-finden\/einen-beruf-entdecken\/\"},{\"@type\":\"ListItem\",\"position\":5,\"name\":\"Im Sektor der fr\u00fchkindlichen Betreuung in Luxemburg arbeiten\",\"item\":\"https:\/\/frontaliers-grandest.eu\/de\/startseite\/arbeitsuchende\/einen-job-in-luxemburg-finden\/einen-beruf-entdecken\/im-sektor-der-fruhkindlichen-betreuung-in-luxemburg-arbeiten\/\"},{\"@type\":\"ListItem\",\"position\":6,\"name\":\"Im Sektor der fr\u00fchkindlichen Betreuung arbeiten\"}]},{\"@type\":\"WebSite\",\"@id\":\"https:\/\/frontaliers-grandest.eu\/de\/#website\",\"url\":\"https:\/\/frontaliers-grandest.eu\/de\/\",\"name\":\"Frontaliers Grand Est\",\"description\":\"Le site ressource du travail frontalier\",\"publisher\":{\"@id\":\"https:\/\/frontaliers-grandest.eu\/de\/#organization\"},\"alternateName\":\"Frontaliers Grand Est\",\"potentialAction\":[{\"@type\":\"SearchAction\",\"target\":{\"@type\":\"EntryPoint\",\"urlTemplate\":\"https:\/\/frontaliers-grandest.eu\/de\/?s={search_term_string}\"},\"query-input\":{\"@type\":\"PropertyValueSpecification\",\"valueRequired\":true,\"valueName\":\"search_term_string\"}}],\"inLanguage\":\"de\"},{\"@type\":\"Organization\",\"@id\":\"https:\/\/frontaliers-grandest.eu\/de\/#organization\",\"name\":\"Frontaliers Grand Est\",\"alternateName\":\"Frontaliers Grand Est\",\"url\":\"https:\/\/frontaliers-grandest.eu\/de\/\",\"logo\":{\"@type\":\"ImageObject\",\"inLanguage\":\"de\",\"@id\":\"https:\/\/frontaliers-grandest.eu\/de\/#\/schema\/logo\/image\/\",\"url\":\"https:\/\/frontaliers-grandest.eu\/wp-content\/uploads\/2025\/07\/260328234_2966785176920310_3332838526503858160_n.jpg\",\"contentUrl\":\"https:\/\/frontaliers-grandest.eu\/wp-content\/uploads\/2025\/07\/260328234_2966785176920310_3332838526503858160_n.jpg\",\"width\":396,\"height\":396,\"caption\":\"Frontaliers Grand Est\"},\"image\":{\"@id\":\"https:\/\/frontaliers-grandest.eu\/de\/#\/schema\/logo\/image\/\"},\"sameAs\":[\"https:\/\/www.facebook.com\/frontaliers.GR.EST\/?locale=fr_FR\"]}]}<\/script>\n<!-- \/ Yoast SEO plugin. -->","yoast_head_json":{"title":"Im Sektor der fr\u00fchkindlichen Betreuung arbeiten - Frontaliers Grand Est","robots":{"index":"index","follow":"follow","max-snippet":"max-snippet:-1","max-image-preview":"max-image-preview:large","max-video-preview":"max-video-preview:-1"},"canonical":"https:\/\/frontaliers-grandest.eu\/de\/startseite\/arbeitsuchende\/einen-job-in-luxemburg-finden\/einen-beruf-entdecken\/im-sektor-der-fruhkindlichen-betreuung-in-luxemburg-arbeiten\/im-sektor-der-fruhkindlichen-betreuung-arbeiten\/","og_locale":"de_DE","og_type":"article","og_title":"Im Sektor der fr\u00fchkindlichen Betreuung arbeiten - Frontaliers Grand Est","og_description":"In einer Kinderkrippe\u00a0: Empfang der Kinder und Eltern, Betreuung und Hygiene der Kinder, Sozialisierung der Kinder durch spielerische und partizipative Aktivit\u00e4ten, Organisation von Spielen. In einem Schulhort : Gew\u00e4hrleistung der Betreuung der Kinder, Ausstattung des Lebensbereichs, Empfang der Kinder und Pr\u00fcfung der Sicherheit des Ausstattungen, Organisation spielerischer, erzieherischer Aktivit\u00e4ten und Unterst\u00fctzung der Kinder bei diesen [&hellip;]","og_url":"https:\/\/frontaliers-grandest.eu\/de\/startseite\/arbeitsuchende\/einen-job-in-luxemburg-finden\/einen-beruf-entdecken\/im-sektor-der-fruhkindlichen-betreuung-in-luxemburg-arbeiten\/im-sektor-der-fruhkindlichen-betreuung-arbeiten\/","og_site_name":"Frontaliers Grand Est","article_publisher":"https:\/\/www.facebook.com\/frontaliers.GR.EST\/?locale=fr_FR","article_modified_time":"2021-05-07T10:13:15+00:00","twitter_card":"summary_large_image","twitter_misc":{"Gesch\u00e4tzte Lesezeit":"1\u00a0Minute"},"schema":{"@context":"https:\/\/schema.org","@graph":[{"@type":"WebPage","@id":"https:\/\/frontaliers-grandest.eu\/de\/startseite\/arbeitsuchende\/einen-job-in-luxemburg-finden\/einen-beruf-entdecken\/im-sektor-der-fruhkindlichen-betreuung-in-luxemburg-arbeiten\/im-sektor-der-fruhkindlichen-betreuung-arbeiten\/","url":"https:\/\/frontaliers-grandest.eu\/de\/startseite\/arbeitsuchende\/einen-job-in-luxemburg-finden\/einen-beruf-entdecken\/im-sektor-der-fruhkindlichen-betreuung-in-luxemburg-arbeiten\/im-sektor-der-fruhkindlichen-betreuung-arbeiten\/","name":"Im Sektor der fr\u00fchkindlichen Betreuung arbeiten - Frontaliers Grand Est","isPartOf":{"@id":"https:\/\/frontaliers-grandest.eu\/de\/#website"},"datePublished":"2021-05-07T10:13:14+00:00","dateModified":"2021-05-07T10:13:15+00:00","breadcrumb":{"@id":"https:\/\/frontaliers-grandest.eu\/de\/startseite\/arbeitsuchende\/einen-job-in-luxemburg-finden\/einen-beruf-entdecken\/im-sektor-der-fruhkindlichen-betreuung-in-luxemburg-arbeiten\/im-sektor-der-fruhkindlichen-betreuung-arbeiten\/#breadcrumb"},"inLanguage":"de","potentialAction":[{"@type":"ReadAction","target":["https:\/\/frontaliers-grandest.eu\/de\/startseite\/arbeitsuchende\/einen-job-in-luxemburg-finden\/einen-beruf-entdecken\/im-sektor-der-fruhkindlichen-betreuung-in-luxemburg-arbeiten\/im-sektor-der-fruhkindlichen-betreuung-arbeiten\/"]}]},{"@type":"BreadcrumbList","@id":"https:\/\/frontaliers-grandest.eu\/de\/startseite\/arbeitsuchende\/einen-job-in-luxemburg-finden\/einen-beruf-entdecken\/im-sektor-der-fruhkindlichen-betreuung-in-luxemburg-arbeiten\/im-sektor-der-fruhkindlichen-betreuung-arbeiten\/#breadcrumb","itemListElement":[{"@type":"ListItem","position":1,"name":"Startseite","item":"https:\/\/frontaliers-grandest.eu\/de\/"},{"@type":"ListItem","position":2,"name":"Arbeitsuchende","item":"https:\/\/frontaliers-grandest.eu\/de\/startseite\/arbeitsuchende\/"},{"@type":"ListItem","position":3,"name":"Einen Job in Luxemburg finden","item":"https:\/\/frontaliers-grandest.eu\/de\/startseite\/arbeitsuchende\/einen-job-in-luxemburg-finden\/"},{"@type":"ListItem","position":4,"name":"Einen Beruf Entdecken","item":"https:\/\/frontaliers-grandest.eu\/de\/startseite\/arbeitsuchende\/einen-job-in-luxemburg-finden\/einen-beruf-entdecken\/"},{"@type":"ListItem","position":5,"name":"Im Sektor der fr\u00fchkindlichen Betreuung in Luxemburg arbeiten","item":"https:\/\/frontaliers-grandest.eu\/de\/startseite\/arbeitsuchende\/einen-job-in-luxemburg-finden\/einen-beruf-entdecken\/im-sektor-der-fruhkindlichen-betreuung-in-luxemburg-arbeiten\/"},{"@type":"ListItem","position":6,"name":"Im Sektor der fr\u00fchkindlichen Betreuung arbeiten"}]},{"@type":"WebSite","@id":"https:\/\/frontaliers-grandest.eu\/de\/#website","url":"https:\/\/frontaliers-grandest.eu\/de\/","name":"Frontaliers Grand Est","description":"Le site ressource du travail frontalier","publisher":{"@id":"https:\/\/frontaliers-grandest.eu\/de\/#organization"},"alternateName":"Frontaliers Grand Est","potentialAction":[{"@type":"SearchAction","target":{"@type":"EntryPoint","urlTemplate":"https:\/\/frontaliers-grandest.eu\/de\/?s={search_term_string}"},"query-input":{"@type":"PropertyValueSpecification","valueRequired":true,"valueName":"search_term_string"}}],"inLanguage":"de"},{"@type":"Organization","@id":"https:\/\/frontaliers-grandest.eu\/de\/#organization","name":"Frontaliers Grand Est","alternateName":"Frontaliers Grand Est","url":"https:\/\/frontaliers-grandest.eu\/de\/","logo":{"@type":"ImageObject","inLanguage":"de","@id":"https:\/\/frontaliers-grandest.eu\/de\/#\/schema\/logo\/image\/","url":"https:\/\/frontaliers-grandest.eu\/wp-content\/uploads\/2025\/07\/260328234_2966785176920310_3332838526503858160_n.jpg","contentUrl":"https:\/\/frontaliers-grandest.eu\/wp-content\/uploads\/2025\/07\/260328234_2966785176920310_3332838526503858160_n.jpg","width":396,"height":396,"caption":"Frontaliers Grand Est"},"image":{"@id":"https:\/\/frontaliers-grandest.eu\/de\/#\/schema\/logo\/image\/"},"sameAs":["https:\/\/www.facebook.com\/frontaliers.GR.EST\/?locale=fr_FR"]}]}},"frge_page_order":0,"_links":{"self":[{"href":"https:\/\/frontaliers-grandest.eu\/de\/wp-json\/wp\/v2\/pages\/7335","targetHints":{"allow":["GET"]}}],"collection":[{"href":"https:\/\/frontaliers-grandest.eu\/de\/wp-json\/wp\/v2\/pages"}],"about":[{"href":"https:\/\/frontaliers-grandest.eu\/de\/wp-json\/wp\/v2\/types\/page"}],"author":[{"embeddable":true,"href":"https:\/\/frontaliers-grandest.eu\/de\/wp-json\/wp\/v2\/users\/7"}],"replies":[{"embeddable":true,"href":"https:\/\/frontaliers-grandest.eu\/de\/wp-json\/wp\/v2\/comments?post=7335"}],"version-history":[{"count":1,"href":"https:\/\/frontaliers-grandest.eu\/de\/wp-json\/wp\/v2\/pages\/7335\/revisions"}],"predecessor-version":[{"id":7336,"href":"https:\/\/frontaliers-grandest.eu\/de\/wp-json\/wp\/v2\/pages\/7335\/revisions\/7336"}],"up":[{"embeddable":true,"href":"https:\/\/frontaliers-grandest.eu\/de\/wp-json\/wp\/v2\/pages\/7328"}],"wp:attachment":[{"href":"https:\/\/frontaliers-grandest.eu\/de\/wp-json\/wp\/v2\/media?parent=7335"}],"wp:term":[{"taxonomy":"post_tag","embeddable":true,"href":"https:\/\/frontaliers-grandest.eu\/de\/wp-json\/wp\/v2\/tags?post=7335"},{"taxonomy":"frge_profile","embeddable":true,"href":"https:\/\/frontaliers-grandest.eu\/de\/wp-json\/wp\/v2\/frge_profile?post=7335"}],"curies":[{"name":"wp","href":"https:\/\/api.w.org\/{rel}","templated":true}]}}