{"id":7333,"date":"2021-05-07T12:08:48","date_gmt":"2021-05-07T10:08:48","guid":{"rendered":"https:\/\/frontaliers-grandest.eu\/?page_id=7333"},"modified":"2021-05-07T12:08:49","modified_gmt":"2021-05-07T10:08:49","slug":"die-unterschiedlichen-betreuungsstrukturen-in-luxemburg","status":"publish","type":"page","link":"https:\/\/frontaliers-grandest.eu\/de\/startseite\/arbeitsuchende\/einen-job-in-luxemburg-finden\/einen-beruf-entdecken\/im-sektor-der-fruhkindlichen-betreuung-in-luxemburg-arbeiten\/die-unterschiedlichen-betreuungsstrukturen-in-luxemburg\/","title":{"rendered":"Die unterschiedlichen Betreuungsstrukturen in Luxemburg"},"content":{"rendered":"\n<h5 class=\"wp-block-heading\"><strong>In Luxemburg wird zwischen\u00a0zwei gro\u00dfen Strukturtypen\u00a0unterschieden:<\/strong><\/h5>\n\n\n\n<ul class=\"wp-block-list\"><li><strong>Kollektive Strukturen<\/strong>\u00a0unter der Verwaltung des Staates oder der Gemeinden (Kinderkrippen, Kinderg\u00e4rten, Horte, Maison Relais) oder von gemeinn\u00fctzigen Vereinen .<\/li><li><strong>Private Strukturen<\/strong>\u00a0(Kinderkrippen, Kinderg\u00e4rten). Diese Strukturen haben sich in den vergangenen Jahren sp\u00fcrbar entwickelt. Der private Sektor konzentriert nahezu zwei Drittel der Betreuungspl\u00e4tze in Kinderkrippen.<\/li><\/ul>\n\n\n\n<h4 class=\"wp-block-heading\"><strong>Die Kinderkrippen<\/strong>:<\/h4>\n\n\n\n<p>Die Gemeindekrippen, die mit dem Staat unter Vertrag stehen, oder privaten Krippen betreuen Kinder im Alter von 3 Monaten bis 4 Jahren. Der \u00f6ffentliche und private Sektor hat sich diversifiziert und bietet unterschiedliche Betreuungsformen an: Bio-Krippen, Unternehmenskrippen, mehrsprachige Krippen, Krippen im Wald (\u201eB\u00ebschcr\u00e8che&#8220;), Montessori-Krippen, usw.<\/p>\n\n\n\n<h4 class=\"wp-block-heading\"><strong>Die Kinderg\u00e4rten<\/strong>:<\/h4>\n\n\n\n<p>Sie betreuen Kinder im Alter von\u00a0<strong>2 Monaten bis 8 Jahren<\/strong>.<br>Es kann sich um Einrichtungen der Gemeinde, um mit den Staat unter Vertrag stehende oder auch um private Einrichtungen handeln. Sie bieten f\u00fcr die Familien eine Ausweichl\u00f6sung an.<\/p>\n\n\n\n<h4 class=\"wp-block-heading\"><strong>Horte<\/strong>:<\/h4>\n\n\n\n<p>Die Horte sind au\u00dferhalb der Schulzeiten und w\u00e4hrend der Ferien ge\u00f6ffnet. Sie betreuen Kinder im Alter von\u00a0<strong>4 bis 12 Jahren<\/strong>\u00a0bis zur Beendigung der Grundschule.<\/p>\n\n\n\n<h4 class=\"wp-block-heading\"><strong>Relaishaus<\/strong>\u00a0:<\/h4>\n\n\n\n<p>Sie k\u00fcmmern sich um Kinder im Alter von\u00a0<strong>3 oder 4 Jahren bis zum Alter von 12 Jahren\u00a0<\/strong>und unter Umst\u00e4nden bis zum Alter von 18 Jahren. Die Maisons Relais sind von 7.00 bis 19 Uhr ge\u00f6ffnet und bieten den Empfang, die Bewirtung, kulturelle Aktivit\u00e4ten und Hilfen bei den Hausaufgaben an.<\/p>\n\n\n\n<h4 class=\"wp-block-heading\"><strong>Die Mini Krippen<\/strong>:<\/h4>\n\n\n\n<p>Die Mini Krippen k\u00f6nnen maximal 11 Kinder zwischen 0 und 12 Jahren aufnehmen, darunter nicht mehr als 4 Kinder unter 1 Jahr. Empfang von 5.00 bis 23 Uhr. Die Strukturen k\u00f6nnen von zwei Fachkr\u00e4ften (ein Erzieher und eine diplomierte Person des sozio-p\u00e4dagogischen Bereichs) gef\u00fchrt werden.<\/p>\n\n\n\n<h5 class=\"wp-block-heading\"><strong>Die Liste der Betreuungsstrukturen ist auf den offiziellen Websites verf\u00fcgbar<\/strong>\u00a0:<\/h5>\n\n\n\n<ul class=\"wp-block-list\"><li>Minist\u00e8re de l\u2019Education Nationale et de la Jeunesse<br><a href=\"http:\/\/www.men.public.lu\/fr\/enfance\/01-vaste-offre\/index.html\" target=\"_blank\" rel=\"noreferrer noopener\">http:\/\/www.men.public.lu\/<\/a><\/li><li>Ville de Luxembourg (Liste der Gemeindekrippen in Luxemburg Stadt) :<br><a href=\"https:\/\/www.vdl.lu\/vivre\/aides-et-services\/soutenir-les-familles\/creches-municipales\" target=\"_blank\" rel=\"noreferrer noopener\">https:\/\/www.vdl.lu<\/a><\/li><li>REseau SOcial au LUXembourg<br><a href=\"http:\/\/www.resolux.lu\/\" target=\"_blank\" rel=\"noreferrer noopener\">http:\/\/www.resolux.lu<\/a><\/li><\/ul>\n","protected":false},"excerpt":{"rendered":"<p>In Luxemburg wird zwischen\u00a0zwei gro\u00dfen Strukturtypen\u00a0unterschieden: Kollektive Strukturen\u00a0unter der Verwaltung des Staates oder der Gemeinden (Kinderkrippen, Kinderg\u00e4rten, Horte, Maison Relais) oder von gemeinn\u00fctzigen Vereinen . Private Strukturen\u00a0(Kinderkrippen, Kinderg\u00e4rten). Diese Strukturen haben sich in den vergangenen Jahren sp\u00fcrbar entwickelt. Der private Sektor konzentriert nahezu zwei Drittel der Betreuungspl\u00e4tze in Kinderkrippen. Die Kinderkrippen: Die Gemeindekrippen, die mit [&hellip;]<\/p>\n","protected":false},"author":7,"featured_media":0,"parent":7328,"menu_order":0,"comment_status":"closed","ping_status":"closed","template":"","meta":{"inline_featured_image":false,"footnotes":""},"tags":[],"frge_profile":[],"class_list":["post-7333","page","type-page","status-publish","hentry"],"yoast_head":"<!-- This site is optimized with the Yoast SEO plugin v27.1.1 - https:\/\/yoast.com\/product\/yoast-seo-wordpress\/ -->\n<title>Die unterschiedlichen Betreuungsstrukturen in Luxemburg - Frontaliers Grand Est<\/title>\n<meta name=\"robots\" content=\"index, follow, max-snippet:-1, max-image-preview:large, max-video-preview:-1\" \/>\n<link rel=\"canonical\" href=\"https:\/\/frontaliers-grandest.eu\/de\/startseite\/arbeitsuchende\/einen-job-in-luxemburg-finden\/einen-beruf-entdecken\/im-sektor-der-fruhkindlichen-betreuung-in-luxemburg-arbeiten\/die-unterschiedlichen-betreuungsstrukturen-in-luxemburg\/\" \/>\n<meta property=\"og:locale\" content=\"de_DE\" \/>\n<meta property=\"og:type\" content=\"article\" \/>\n<meta property=\"og:title\" content=\"Die unterschiedlichen Betreuungsstrukturen in Luxemburg - Frontaliers Grand Est\" \/>\n<meta property=\"og:description\" content=\"In Luxemburg wird zwischen\u00a0zwei gro\u00dfen Strukturtypen\u00a0unterschieden: Kollektive Strukturen\u00a0unter der Verwaltung des Staates oder der Gemeinden (Kinderkrippen, Kinderg\u00e4rten, Horte, Maison Relais) oder von gemeinn\u00fctzigen Vereinen . Private Strukturen\u00a0(Kinderkrippen, Kinderg\u00e4rten). Diese Strukturen haben sich in den vergangenen Jahren sp\u00fcrbar entwickelt. Der private Sektor konzentriert nahezu zwei Drittel der Betreuungspl\u00e4tze in Kinderkrippen. Die Kinderkrippen: Die Gemeindekrippen, die mit [&hellip;]\" \/>\n<meta property=\"og:url\" content=\"https:\/\/frontaliers-grandest.eu\/de\/startseite\/arbeitsuchende\/einen-job-in-luxemburg-finden\/einen-beruf-entdecken\/im-sektor-der-fruhkindlichen-betreuung-in-luxemburg-arbeiten\/die-unterschiedlichen-betreuungsstrukturen-in-luxemburg\/\" \/>\n<meta property=\"og:site_name\" content=\"Frontaliers Grand Est\" \/>\n<meta property=\"article:publisher\" content=\"https:\/\/www.facebook.com\/frontaliers.GR.EST\/?locale=fr_FR\" \/>\n<meta property=\"article:modified_time\" content=\"2021-05-07T10:08:49+00:00\" \/>\n<meta name=\"twitter:card\" content=\"summary_large_image\" \/>\n<meta name=\"twitter:label1\" content=\"Gesch\u00e4tzte Lesezeit\" \/>\n\t<meta name=\"twitter:data1\" content=\"2\u00a0Minuten\" \/>\n<script type=\"application\/ld+json\" class=\"yoast-schema-graph\">{\"@context\":\"https:\/\/schema.org\",\"@graph\":[{\"@type\":\"WebPage\",\"@id\":\"https:\/\/frontaliers-grandest.eu\/de\/startseite\/arbeitsuchende\/einen-job-in-luxemburg-finden\/einen-beruf-entdecken\/im-sektor-der-fruhkindlichen-betreuung-in-luxemburg-arbeiten\/die-unterschiedlichen-betreuungsstrukturen-in-luxemburg\/\",\"url\":\"https:\/\/frontaliers-grandest.eu\/de\/startseite\/arbeitsuchende\/einen-job-in-luxemburg-finden\/einen-beruf-entdecken\/im-sektor-der-fruhkindlichen-betreuung-in-luxemburg-arbeiten\/die-unterschiedlichen-betreuungsstrukturen-in-luxemburg\/\",\"name\":\"Die unterschiedlichen Betreuungsstrukturen in Luxemburg - Frontaliers Grand Est\",\"isPartOf\":{\"@id\":\"https:\/\/frontaliers-grandest.eu\/de\/#website\"},\"datePublished\":\"2021-05-07T10:08:48+00:00\",\"dateModified\":\"2021-05-07T10:08:49+00:00\",\"breadcrumb\":{\"@id\":\"https:\/\/frontaliers-grandest.eu\/de\/startseite\/arbeitsuchende\/einen-job-in-luxemburg-finden\/einen-beruf-entdecken\/im-sektor-der-fruhkindlichen-betreuung-in-luxemburg-arbeiten\/die-unterschiedlichen-betreuungsstrukturen-in-luxemburg\/#breadcrumb\"},\"inLanguage\":\"de\",\"potentialAction\":[{\"@type\":\"ReadAction\",\"target\":[\"https:\/\/frontaliers-grandest.eu\/de\/startseite\/arbeitsuchende\/einen-job-in-luxemburg-finden\/einen-beruf-entdecken\/im-sektor-der-fruhkindlichen-betreuung-in-luxemburg-arbeiten\/die-unterschiedlichen-betreuungsstrukturen-in-luxemburg\/\"]}]},{\"@type\":\"BreadcrumbList\",\"@id\":\"https:\/\/frontaliers-grandest.eu\/de\/startseite\/arbeitsuchende\/einen-job-in-luxemburg-finden\/einen-beruf-entdecken\/im-sektor-der-fruhkindlichen-betreuung-in-luxemburg-arbeiten\/die-unterschiedlichen-betreuungsstrukturen-in-luxemburg\/#breadcrumb\",\"itemListElement\":[{\"@type\":\"ListItem\",\"position\":1,\"name\":\"Startseite\",\"item\":\"https:\/\/frontaliers-grandest.eu\/de\/\"},{\"@type\":\"ListItem\",\"position\":2,\"name\":\"Arbeitsuchende\",\"item\":\"https:\/\/frontaliers-grandest.eu\/de\/startseite\/arbeitsuchende\/\"},{\"@type\":\"ListItem\",\"position\":3,\"name\":\"Einen Job in Luxemburg finden\",\"item\":\"https:\/\/frontaliers-grandest.eu\/de\/startseite\/arbeitsuchende\/einen-job-in-luxemburg-finden\/\"},{\"@type\":\"ListItem\",\"position\":4,\"name\":\"Einen Beruf Entdecken\",\"item\":\"https:\/\/frontaliers-grandest.eu\/de\/startseite\/arbeitsuchende\/einen-job-in-luxemburg-finden\/einen-beruf-entdecken\/\"},{\"@type\":\"ListItem\",\"position\":5,\"name\":\"Im Sektor der fr\u00fchkindlichen Betreuung in Luxemburg arbeiten\",\"item\":\"https:\/\/frontaliers-grandest.eu\/de\/startseite\/arbeitsuchende\/einen-job-in-luxemburg-finden\/einen-beruf-entdecken\/im-sektor-der-fruhkindlichen-betreuung-in-luxemburg-arbeiten\/\"},{\"@type\":\"ListItem\",\"position\":6,\"name\":\"Die unterschiedlichen Betreuungsstrukturen in Luxemburg\"}]},{\"@type\":\"WebSite\",\"@id\":\"https:\/\/frontaliers-grandest.eu\/de\/#website\",\"url\":\"https:\/\/frontaliers-grandest.eu\/de\/\",\"name\":\"Frontaliers Grand Est\",\"description\":\"Le site ressource du travail frontalier\",\"publisher\":{\"@id\":\"https:\/\/frontaliers-grandest.eu\/de\/#organization\"},\"alternateName\":\"Frontaliers Grand Est\",\"potentialAction\":[{\"@type\":\"SearchAction\",\"target\":{\"@type\":\"EntryPoint\",\"urlTemplate\":\"https:\/\/frontaliers-grandest.eu\/de\/?s={search_term_string}\"},\"query-input\":{\"@type\":\"PropertyValueSpecification\",\"valueRequired\":true,\"valueName\":\"search_term_string\"}}],\"inLanguage\":\"de\"},{\"@type\":\"Organization\",\"@id\":\"https:\/\/frontaliers-grandest.eu\/de\/#organization\",\"name\":\"Frontaliers Grand Est\",\"alternateName\":\"Frontaliers Grand Est\",\"url\":\"https:\/\/frontaliers-grandest.eu\/de\/\",\"logo\":{\"@type\":\"ImageObject\",\"inLanguage\":\"de\",\"@id\":\"https:\/\/frontaliers-grandest.eu\/de\/#\/schema\/logo\/image\/\",\"url\":\"https:\/\/frontaliers-grandest.eu\/wp-content\/uploads\/2025\/07\/260328234_2966785176920310_3332838526503858160_n.jpg\",\"contentUrl\":\"https:\/\/frontaliers-grandest.eu\/wp-content\/uploads\/2025\/07\/260328234_2966785176920310_3332838526503858160_n.jpg\",\"width\":396,\"height\":396,\"caption\":\"Frontaliers Grand Est\"},\"image\":{\"@id\":\"https:\/\/frontaliers-grandest.eu\/de\/#\/schema\/logo\/image\/\"},\"sameAs\":[\"https:\/\/www.facebook.com\/frontaliers.GR.EST\/?locale=fr_FR\"]}]}<\/script>\n<!-- \/ Yoast SEO plugin. -->","yoast_head_json":{"title":"Die unterschiedlichen Betreuungsstrukturen in Luxemburg - Frontaliers Grand Est","robots":{"index":"index","follow":"follow","max-snippet":"max-snippet:-1","max-image-preview":"max-image-preview:large","max-video-preview":"max-video-preview:-1"},"canonical":"https:\/\/frontaliers-grandest.eu\/de\/startseite\/arbeitsuchende\/einen-job-in-luxemburg-finden\/einen-beruf-entdecken\/im-sektor-der-fruhkindlichen-betreuung-in-luxemburg-arbeiten\/die-unterschiedlichen-betreuungsstrukturen-in-luxemburg\/","og_locale":"de_DE","og_type":"article","og_title":"Die unterschiedlichen Betreuungsstrukturen in Luxemburg - Frontaliers Grand Est","og_description":"In Luxemburg wird zwischen\u00a0zwei gro\u00dfen Strukturtypen\u00a0unterschieden: Kollektive Strukturen\u00a0unter der Verwaltung des Staates oder der Gemeinden (Kinderkrippen, Kinderg\u00e4rten, Horte, Maison Relais) oder von gemeinn\u00fctzigen Vereinen . Private Strukturen\u00a0(Kinderkrippen, Kinderg\u00e4rten). Diese Strukturen haben sich in den vergangenen Jahren sp\u00fcrbar entwickelt. Der private Sektor konzentriert nahezu zwei Drittel der Betreuungspl\u00e4tze in Kinderkrippen. Die Kinderkrippen: Die Gemeindekrippen, die mit [&hellip;]","og_url":"https:\/\/frontaliers-grandest.eu\/de\/startseite\/arbeitsuchende\/einen-job-in-luxemburg-finden\/einen-beruf-entdecken\/im-sektor-der-fruhkindlichen-betreuung-in-luxemburg-arbeiten\/die-unterschiedlichen-betreuungsstrukturen-in-luxemburg\/","og_site_name":"Frontaliers Grand Est","article_publisher":"https:\/\/www.facebook.com\/frontaliers.GR.EST\/?locale=fr_FR","article_modified_time":"2021-05-07T10:08:49+00:00","twitter_card":"summary_large_image","twitter_misc":{"Gesch\u00e4tzte Lesezeit":"2\u00a0Minuten"},"schema":{"@context":"https:\/\/schema.org","@graph":[{"@type":"WebPage","@id":"https:\/\/frontaliers-grandest.eu\/de\/startseite\/arbeitsuchende\/einen-job-in-luxemburg-finden\/einen-beruf-entdecken\/im-sektor-der-fruhkindlichen-betreuung-in-luxemburg-arbeiten\/die-unterschiedlichen-betreuungsstrukturen-in-luxemburg\/","url":"https:\/\/frontaliers-grandest.eu\/de\/startseite\/arbeitsuchende\/einen-job-in-luxemburg-finden\/einen-beruf-entdecken\/im-sektor-der-fruhkindlichen-betreuung-in-luxemburg-arbeiten\/die-unterschiedlichen-betreuungsstrukturen-in-luxemburg\/","name":"Die unterschiedlichen Betreuungsstrukturen in Luxemburg - Frontaliers Grand Est","isPartOf":{"@id":"https:\/\/frontaliers-grandest.eu\/de\/#website"},"datePublished":"2021-05-07T10:08:48+00:00","dateModified":"2021-05-07T10:08:49+00:00","breadcrumb":{"@id":"https:\/\/frontaliers-grandest.eu\/de\/startseite\/arbeitsuchende\/einen-job-in-luxemburg-finden\/einen-beruf-entdecken\/im-sektor-der-fruhkindlichen-betreuung-in-luxemburg-arbeiten\/die-unterschiedlichen-betreuungsstrukturen-in-luxemburg\/#breadcrumb"},"inLanguage":"de","potentialAction":[{"@type":"ReadAction","target":["https:\/\/frontaliers-grandest.eu\/de\/startseite\/arbeitsuchende\/einen-job-in-luxemburg-finden\/einen-beruf-entdecken\/im-sektor-der-fruhkindlichen-betreuung-in-luxemburg-arbeiten\/die-unterschiedlichen-betreuungsstrukturen-in-luxemburg\/"]}]},{"@type":"BreadcrumbList","@id":"https:\/\/frontaliers-grandest.eu\/de\/startseite\/arbeitsuchende\/einen-job-in-luxemburg-finden\/einen-beruf-entdecken\/im-sektor-der-fruhkindlichen-betreuung-in-luxemburg-arbeiten\/die-unterschiedlichen-betreuungsstrukturen-in-luxemburg\/#breadcrumb","itemListElement":[{"@type":"ListItem","position":1,"name":"Startseite","item":"https:\/\/frontaliers-grandest.eu\/de\/"},{"@type":"ListItem","position":2,"name":"Arbeitsuchende","item":"https:\/\/frontaliers-grandest.eu\/de\/startseite\/arbeitsuchende\/"},{"@type":"ListItem","position":3,"name":"Einen Job in Luxemburg finden","item":"https:\/\/frontaliers-grandest.eu\/de\/startseite\/arbeitsuchende\/einen-job-in-luxemburg-finden\/"},{"@type":"ListItem","position":4,"name":"Einen Beruf Entdecken","item":"https:\/\/frontaliers-grandest.eu\/de\/startseite\/arbeitsuchende\/einen-job-in-luxemburg-finden\/einen-beruf-entdecken\/"},{"@type":"ListItem","position":5,"name":"Im Sektor der fr\u00fchkindlichen Betreuung in Luxemburg arbeiten","item":"https:\/\/frontaliers-grandest.eu\/de\/startseite\/arbeitsuchende\/einen-job-in-luxemburg-finden\/einen-beruf-entdecken\/im-sektor-der-fruhkindlichen-betreuung-in-luxemburg-arbeiten\/"},{"@type":"ListItem","position":6,"name":"Die unterschiedlichen Betreuungsstrukturen in Luxemburg"}]},{"@type":"WebSite","@id":"https:\/\/frontaliers-grandest.eu\/de\/#website","url":"https:\/\/frontaliers-grandest.eu\/de\/","name":"Frontaliers Grand Est","description":"Le site ressource du travail frontalier","publisher":{"@id":"https:\/\/frontaliers-grandest.eu\/de\/#organization"},"alternateName":"Frontaliers Grand Est","potentialAction":[{"@type":"SearchAction","target":{"@type":"EntryPoint","urlTemplate":"https:\/\/frontaliers-grandest.eu\/de\/?s={search_term_string}"},"query-input":{"@type":"PropertyValueSpecification","valueRequired":true,"valueName":"search_term_string"}}],"inLanguage":"de"},{"@type":"Organization","@id":"https:\/\/frontaliers-grandest.eu\/de\/#organization","name":"Frontaliers Grand Est","alternateName":"Frontaliers Grand Est","url":"https:\/\/frontaliers-grandest.eu\/de\/","logo":{"@type":"ImageObject","inLanguage":"de","@id":"https:\/\/frontaliers-grandest.eu\/de\/#\/schema\/logo\/image\/","url":"https:\/\/frontaliers-grandest.eu\/wp-content\/uploads\/2025\/07\/260328234_2966785176920310_3332838526503858160_n.jpg","contentUrl":"https:\/\/frontaliers-grandest.eu\/wp-content\/uploads\/2025\/07\/260328234_2966785176920310_3332838526503858160_n.jpg","width":396,"height":396,"caption":"Frontaliers Grand Est"},"image":{"@id":"https:\/\/frontaliers-grandest.eu\/de\/#\/schema\/logo\/image\/"},"sameAs":["https:\/\/www.facebook.com\/frontaliers.GR.EST\/?locale=fr_FR"]}]}},"frge_page_order":0,"_links":{"self":[{"href":"https:\/\/frontaliers-grandest.eu\/de\/wp-json\/wp\/v2\/pages\/7333","targetHints":{"allow":["GET"]}}],"collection":[{"href":"https:\/\/frontaliers-grandest.eu\/de\/wp-json\/wp\/v2\/pages"}],"about":[{"href":"https:\/\/frontaliers-grandest.eu\/de\/wp-json\/wp\/v2\/types\/page"}],"author":[{"embeddable":true,"href":"https:\/\/frontaliers-grandest.eu\/de\/wp-json\/wp\/v2\/users\/7"}],"replies":[{"embeddable":true,"href":"https:\/\/frontaliers-grandest.eu\/de\/wp-json\/wp\/v2\/comments?post=7333"}],"version-history":[{"count":1,"href":"https:\/\/frontaliers-grandest.eu\/de\/wp-json\/wp\/v2\/pages\/7333\/revisions"}],"predecessor-version":[{"id":7334,"href":"https:\/\/frontaliers-grandest.eu\/de\/wp-json\/wp\/v2\/pages\/7333\/revisions\/7334"}],"up":[{"embeddable":true,"href":"https:\/\/frontaliers-grandest.eu\/de\/wp-json\/wp\/v2\/pages\/7328"}],"wp:attachment":[{"href":"https:\/\/frontaliers-grandest.eu\/de\/wp-json\/wp\/v2\/media?parent=7333"}],"wp:term":[{"taxonomy":"post_tag","embeddable":true,"href":"https:\/\/frontaliers-grandest.eu\/de\/wp-json\/wp\/v2\/tags?post=7333"},{"taxonomy":"frge_profile","embeddable":true,"href":"https:\/\/frontaliers-grandest.eu\/de\/wp-json\/wp\/v2\/frge_profile?post=7333"}],"curies":[{"name":"wp","href":"https:\/\/api.w.org\/{rel}","templated":true}]}}