{"id":7328,"date":"2021-05-07T11:59:34","date_gmt":"2021-05-07T09:59:34","guid":{"rendered":"https:\/\/frontaliers-grandest.eu\/?page_id=7328"},"modified":"2021-05-07T11:59:35","modified_gmt":"2021-05-07T09:59:35","slug":"im-sektor-der-fruhkindlichen-betreuung-in-luxemburg-arbeiten","status":"publish","type":"page","link":"https:\/\/frontaliers-grandest.eu\/de\/startseite\/arbeitsuchende\/einen-job-in-luxemburg-finden\/einen-beruf-entdecken\/im-sektor-der-fruhkindlichen-betreuung-in-luxemburg-arbeiten\/","title":{"rendered":"Im Sektor der fr\u00fchkindlichen Betreuung in Luxemburg arbeiten"},"content":{"rendered":"\n<p>Luxembourg hat aus der Betreuung der Kinder eine Priorit\u00e4t gemacht. Im Januar 2018 besuchen 49\u00a0000 Kindereine Betreuungsstruktur, bei der es sich um eine Krippe, ein Maison Relais oder eine Tagesst\u00e4tte oder auch eine Tagesmutter handeln kann. F\u00fcr die Eltern gew\u00e4hrleistet das System des \u201eCh\u00e8que Service Accueil\u201c, das im M\u00e4rz 2009 eingef\u00fchrt wurde, eine finanzielle Hilfe f\u00fcr die Kinderbetreuung. Die Betreuungsstrukturen verschreiben sich einem Integrationsauftrag der Kinder. Mit dem Kinder- und Jugendgesetz vom 24. April 2019 werden die p\u00e4dagogische Qualit\u00e4t, die Qualit\u00e4tsnormen und die Mehrsprachigkeit gef\u00f6rdert.<br><br>Die Politik der Regierung und die wachsenden Bev\u00f6lkerungszahlen in Luxemburg f\u00fchrten dazu, dass sich die Anzahl der Betreuungsstrukturen in den vergangenen Jahren sp\u00fcrbar erh\u00f6hte. Der Arbeitskr\u00e4ftebedarf im Bereich der fr\u00fchkindlichen Betreuung ist sowohl bei Erziehern als auch bei Pflegehelfern ausgesprochen hoch.<\/p>\n","protected":false},"excerpt":{"rendered":"<p>Luxembourg hat aus der Betreuung der Kinder eine Priorit\u00e4t gemacht. Im Januar 2018 besuchen 49\u00a0000 Kindereine Betreuungsstruktur, bei der es sich um eine Krippe, ein Maison Relais oder eine Tagesst\u00e4tte oder auch eine Tagesmutter handeln kann. F\u00fcr die Eltern gew\u00e4hrleistet das System des \u201eCh\u00e8que Service Accueil\u201c, das im M\u00e4rz 2009 eingef\u00fchrt wurde, eine finanzielle Hilfe [&hellip;]<\/p>\n","protected":false},"author":7,"featured_media":0,"parent":7306,"menu_order":1,"comment_status":"closed","ping_status":"closed","template":"","meta":{"inline_featured_image":false,"footnotes":""},"tags":[],"frge_profile":[],"class_list":["post-7328","page","type-page","status-publish","hentry"],"yoast_head":"<!-- This site is optimized with the Yoast SEO plugin v27.1.1 - https:\/\/yoast.com\/product\/yoast-seo-wordpress\/ -->\n<title>Im Sektor der fr\u00fchkindlichen Betreuung in Luxemburg arbeiten - Frontaliers Grand Est<\/title>\n<meta name=\"robots\" content=\"index, follow, max-snippet:-1, max-image-preview:large, max-video-preview:-1\" \/>\n<link rel=\"canonical\" href=\"https:\/\/frontaliers-grandest.eu\/de\/startseite\/arbeitsuchende\/einen-job-in-luxemburg-finden\/einen-beruf-entdecken\/im-sektor-der-fruhkindlichen-betreuung-in-luxemburg-arbeiten\/\" \/>\n<meta property=\"og:locale\" content=\"de_DE\" \/>\n<meta property=\"og:type\" content=\"article\" \/>\n<meta property=\"og:title\" content=\"Im Sektor der fr\u00fchkindlichen Betreuung in Luxemburg arbeiten - Frontaliers Grand Est\" \/>\n<meta property=\"og:description\" content=\"Luxembourg hat aus der Betreuung der Kinder eine Priorit\u00e4t gemacht. Im Januar 2018 besuchen 49\u00a0000 Kindereine Betreuungsstruktur, bei der es sich um eine Krippe, ein Maison Relais oder eine Tagesst\u00e4tte oder auch eine Tagesmutter handeln kann. F\u00fcr die Eltern gew\u00e4hrleistet das System des \u201eCh\u00e8que Service Accueil\u201c, das im M\u00e4rz 2009 eingef\u00fchrt wurde, eine finanzielle Hilfe [&hellip;]\" \/>\n<meta property=\"og:url\" content=\"https:\/\/frontaliers-grandest.eu\/de\/startseite\/arbeitsuchende\/einen-job-in-luxemburg-finden\/einen-beruf-entdecken\/im-sektor-der-fruhkindlichen-betreuung-in-luxemburg-arbeiten\/\" \/>\n<meta property=\"og:site_name\" content=\"Frontaliers Grand Est\" \/>\n<meta property=\"article:publisher\" content=\"https:\/\/www.facebook.com\/frontaliers.GR.EST\/?locale=fr_FR\" \/>\n<meta property=\"article:modified_time\" content=\"2021-05-07T09:59:35+00:00\" \/>\n<meta name=\"twitter:card\" content=\"summary_large_image\" \/>\n<meta name=\"twitter:label1\" content=\"Gesch\u00e4tzte Lesezeit\" \/>\n\t<meta name=\"twitter:data1\" content=\"1\u00a0Minute\" \/>\n<script type=\"application\/ld+json\" class=\"yoast-schema-graph\">{\"@context\":\"https:\/\/schema.org\",\"@graph\":[{\"@type\":\"WebPage\",\"@id\":\"https:\/\/frontaliers-grandest.eu\/de\/startseite\/arbeitsuchende\/einen-job-in-luxemburg-finden\/einen-beruf-entdecken\/im-sektor-der-fruhkindlichen-betreuung-in-luxemburg-arbeiten\/\",\"url\":\"https:\/\/frontaliers-grandest.eu\/de\/startseite\/arbeitsuchende\/einen-job-in-luxemburg-finden\/einen-beruf-entdecken\/im-sektor-der-fruhkindlichen-betreuung-in-luxemburg-arbeiten\/\",\"name\":\"Im Sektor der fr\u00fchkindlichen Betreuung in Luxemburg arbeiten - Frontaliers Grand Est\",\"isPartOf\":{\"@id\":\"https:\/\/frontaliers-grandest.eu\/de\/#website\"},\"datePublished\":\"2021-05-07T09:59:34+00:00\",\"dateModified\":\"2021-05-07T09:59:35+00:00\",\"breadcrumb\":{\"@id\":\"https:\/\/frontaliers-grandest.eu\/de\/startseite\/arbeitsuchende\/einen-job-in-luxemburg-finden\/einen-beruf-entdecken\/im-sektor-der-fruhkindlichen-betreuung-in-luxemburg-arbeiten\/#breadcrumb\"},\"inLanguage\":\"de\",\"potentialAction\":[{\"@type\":\"ReadAction\",\"target\":[\"https:\/\/frontaliers-grandest.eu\/de\/startseite\/arbeitsuchende\/einen-job-in-luxemburg-finden\/einen-beruf-entdecken\/im-sektor-der-fruhkindlichen-betreuung-in-luxemburg-arbeiten\/\"]}]},{\"@type\":\"BreadcrumbList\",\"@id\":\"https:\/\/frontaliers-grandest.eu\/de\/startseite\/arbeitsuchende\/einen-job-in-luxemburg-finden\/einen-beruf-entdecken\/im-sektor-der-fruhkindlichen-betreuung-in-luxemburg-arbeiten\/#breadcrumb\",\"itemListElement\":[{\"@type\":\"ListItem\",\"position\":1,\"name\":\"Startseite\",\"item\":\"https:\/\/frontaliers-grandest.eu\/de\/\"},{\"@type\":\"ListItem\",\"position\":2,\"name\":\"Arbeitsuchende\",\"item\":\"https:\/\/frontaliers-grandest.eu\/de\/startseite\/arbeitsuchende\/\"},{\"@type\":\"ListItem\",\"position\":3,\"name\":\"Einen Job in Luxemburg finden\",\"item\":\"https:\/\/frontaliers-grandest.eu\/de\/startseite\/arbeitsuchende\/einen-job-in-luxemburg-finden\/\"},{\"@type\":\"ListItem\",\"position\":4,\"name\":\"Einen Beruf Entdecken\",\"item\":\"https:\/\/frontaliers-grandest.eu\/de\/startseite\/arbeitsuchende\/einen-job-in-luxemburg-finden\/einen-beruf-entdecken\/\"},{\"@type\":\"ListItem\",\"position\":5,\"name\":\"Im Sektor der fr\u00fchkindlichen Betreuung in Luxemburg arbeiten\"}]},{\"@type\":\"WebSite\",\"@id\":\"https:\/\/frontaliers-grandest.eu\/de\/#website\",\"url\":\"https:\/\/frontaliers-grandest.eu\/de\/\",\"name\":\"Frontaliers Grand Est\",\"description\":\"Le site ressource du travail frontalier\",\"publisher\":{\"@id\":\"https:\/\/frontaliers-grandest.eu\/de\/#organization\"},\"alternateName\":\"Frontaliers Grand Est\",\"potentialAction\":[{\"@type\":\"SearchAction\",\"target\":{\"@type\":\"EntryPoint\",\"urlTemplate\":\"https:\/\/frontaliers-grandest.eu\/de\/?s={search_term_string}\"},\"query-input\":{\"@type\":\"PropertyValueSpecification\",\"valueRequired\":true,\"valueName\":\"search_term_string\"}}],\"inLanguage\":\"de\"},{\"@type\":\"Organization\",\"@id\":\"https:\/\/frontaliers-grandest.eu\/de\/#organization\",\"name\":\"Frontaliers Grand Est\",\"alternateName\":\"Frontaliers Grand Est\",\"url\":\"https:\/\/frontaliers-grandest.eu\/de\/\",\"logo\":{\"@type\":\"ImageObject\",\"inLanguage\":\"de\",\"@id\":\"https:\/\/frontaliers-grandest.eu\/de\/#\/schema\/logo\/image\/\",\"url\":\"https:\/\/frontaliers-grandest.eu\/wp-content\/uploads\/2025\/07\/260328234_2966785176920310_3332838526503858160_n.jpg\",\"contentUrl\":\"https:\/\/frontaliers-grandest.eu\/wp-content\/uploads\/2025\/07\/260328234_2966785176920310_3332838526503858160_n.jpg\",\"width\":396,\"height\":396,\"caption\":\"Frontaliers Grand Est\"},\"image\":{\"@id\":\"https:\/\/frontaliers-grandest.eu\/de\/#\/schema\/logo\/image\/\"},\"sameAs\":[\"https:\/\/www.facebook.com\/frontaliers.GR.EST\/?locale=fr_FR\"]}]}<\/script>\n<!-- \/ Yoast SEO plugin. -->","yoast_head_json":{"title":"Im Sektor der fr\u00fchkindlichen Betreuung in Luxemburg arbeiten - Frontaliers Grand Est","robots":{"index":"index","follow":"follow","max-snippet":"max-snippet:-1","max-image-preview":"max-image-preview:large","max-video-preview":"max-video-preview:-1"},"canonical":"https:\/\/frontaliers-grandest.eu\/de\/startseite\/arbeitsuchende\/einen-job-in-luxemburg-finden\/einen-beruf-entdecken\/im-sektor-der-fruhkindlichen-betreuung-in-luxemburg-arbeiten\/","og_locale":"de_DE","og_type":"article","og_title":"Im Sektor der fr\u00fchkindlichen Betreuung in Luxemburg arbeiten - Frontaliers Grand Est","og_description":"Luxembourg hat aus der Betreuung der Kinder eine Priorit\u00e4t gemacht. Im Januar 2018 besuchen 49\u00a0000 Kindereine Betreuungsstruktur, bei der es sich um eine Krippe, ein Maison Relais oder eine Tagesst\u00e4tte oder auch eine Tagesmutter handeln kann. F\u00fcr die Eltern gew\u00e4hrleistet das System des \u201eCh\u00e8que Service Accueil\u201c, das im M\u00e4rz 2009 eingef\u00fchrt wurde, eine finanzielle Hilfe [&hellip;]","og_url":"https:\/\/frontaliers-grandest.eu\/de\/startseite\/arbeitsuchende\/einen-job-in-luxemburg-finden\/einen-beruf-entdecken\/im-sektor-der-fruhkindlichen-betreuung-in-luxemburg-arbeiten\/","og_site_name":"Frontaliers Grand Est","article_publisher":"https:\/\/www.facebook.com\/frontaliers.GR.EST\/?locale=fr_FR","article_modified_time":"2021-05-07T09:59:35+00:00","twitter_card":"summary_large_image","twitter_misc":{"Gesch\u00e4tzte Lesezeit":"1\u00a0Minute"},"schema":{"@context":"https:\/\/schema.org","@graph":[{"@type":"WebPage","@id":"https:\/\/frontaliers-grandest.eu\/de\/startseite\/arbeitsuchende\/einen-job-in-luxemburg-finden\/einen-beruf-entdecken\/im-sektor-der-fruhkindlichen-betreuung-in-luxemburg-arbeiten\/","url":"https:\/\/frontaliers-grandest.eu\/de\/startseite\/arbeitsuchende\/einen-job-in-luxemburg-finden\/einen-beruf-entdecken\/im-sektor-der-fruhkindlichen-betreuung-in-luxemburg-arbeiten\/","name":"Im Sektor der fr\u00fchkindlichen Betreuung in Luxemburg arbeiten - Frontaliers Grand Est","isPartOf":{"@id":"https:\/\/frontaliers-grandest.eu\/de\/#website"},"datePublished":"2021-05-07T09:59:34+00:00","dateModified":"2021-05-07T09:59:35+00:00","breadcrumb":{"@id":"https:\/\/frontaliers-grandest.eu\/de\/startseite\/arbeitsuchende\/einen-job-in-luxemburg-finden\/einen-beruf-entdecken\/im-sektor-der-fruhkindlichen-betreuung-in-luxemburg-arbeiten\/#breadcrumb"},"inLanguage":"de","potentialAction":[{"@type":"ReadAction","target":["https:\/\/frontaliers-grandest.eu\/de\/startseite\/arbeitsuchende\/einen-job-in-luxemburg-finden\/einen-beruf-entdecken\/im-sektor-der-fruhkindlichen-betreuung-in-luxemburg-arbeiten\/"]}]},{"@type":"BreadcrumbList","@id":"https:\/\/frontaliers-grandest.eu\/de\/startseite\/arbeitsuchende\/einen-job-in-luxemburg-finden\/einen-beruf-entdecken\/im-sektor-der-fruhkindlichen-betreuung-in-luxemburg-arbeiten\/#breadcrumb","itemListElement":[{"@type":"ListItem","position":1,"name":"Startseite","item":"https:\/\/frontaliers-grandest.eu\/de\/"},{"@type":"ListItem","position":2,"name":"Arbeitsuchende","item":"https:\/\/frontaliers-grandest.eu\/de\/startseite\/arbeitsuchende\/"},{"@type":"ListItem","position":3,"name":"Einen Job in Luxemburg finden","item":"https:\/\/frontaliers-grandest.eu\/de\/startseite\/arbeitsuchende\/einen-job-in-luxemburg-finden\/"},{"@type":"ListItem","position":4,"name":"Einen Beruf Entdecken","item":"https:\/\/frontaliers-grandest.eu\/de\/startseite\/arbeitsuchende\/einen-job-in-luxemburg-finden\/einen-beruf-entdecken\/"},{"@type":"ListItem","position":5,"name":"Im Sektor der fr\u00fchkindlichen Betreuung in Luxemburg arbeiten"}]},{"@type":"WebSite","@id":"https:\/\/frontaliers-grandest.eu\/de\/#website","url":"https:\/\/frontaliers-grandest.eu\/de\/","name":"Frontaliers Grand Est","description":"Le site ressource du travail frontalier","publisher":{"@id":"https:\/\/frontaliers-grandest.eu\/de\/#organization"},"alternateName":"Frontaliers Grand Est","potentialAction":[{"@type":"SearchAction","target":{"@type":"EntryPoint","urlTemplate":"https:\/\/frontaliers-grandest.eu\/de\/?s={search_term_string}"},"query-input":{"@type":"PropertyValueSpecification","valueRequired":true,"valueName":"search_term_string"}}],"inLanguage":"de"},{"@type":"Organization","@id":"https:\/\/frontaliers-grandest.eu\/de\/#organization","name":"Frontaliers Grand Est","alternateName":"Frontaliers Grand Est","url":"https:\/\/frontaliers-grandest.eu\/de\/","logo":{"@type":"ImageObject","inLanguage":"de","@id":"https:\/\/frontaliers-grandest.eu\/de\/#\/schema\/logo\/image\/","url":"https:\/\/frontaliers-grandest.eu\/wp-content\/uploads\/2025\/07\/260328234_2966785176920310_3332838526503858160_n.jpg","contentUrl":"https:\/\/frontaliers-grandest.eu\/wp-content\/uploads\/2025\/07\/260328234_2966785176920310_3332838526503858160_n.jpg","width":396,"height":396,"caption":"Frontaliers Grand Est"},"image":{"@id":"https:\/\/frontaliers-grandest.eu\/de\/#\/schema\/logo\/image\/"},"sameAs":["https:\/\/www.facebook.com\/frontaliers.GR.EST\/?locale=fr_FR"]}]}},"frge_page_order":0,"_links":{"self":[{"href":"https:\/\/frontaliers-grandest.eu\/de\/wp-json\/wp\/v2\/pages\/7328","targetHints":{"allow":["GET"]}}],"collection":[{"href":"https:\/\/frontaliers-grandest.eu\/de\/wp-json\/wp\/v2\/pages"}],"about":[{"href":"https:\/\/frontaliers-grandest.eu\/de\/wp-json\/wp\/v2\/types\/page"}],"author":[{"embeddable":true,"href":"https:\/\/frontaliers-grandest.eu\/de\/wp-json\/wp\/v2\/users\/7"}],"replies":[{"embeddable":true,"href":"https:\/\/frontaliers-grandest.eu\/de\/wp-json\/wp\/v2\/comments?post=7328"}],"version-history":[{"count":1,"href":"https:\/\/frontaliers-grandest.eu\/de\/wp-json\/wp\/v2\/pages\/7328\/revisions"}],"predecessor-version":[{"id":7329,"href":"https:\/\/frontaliers-grandest.eu\/de\/wp-json\/wp\/v2\/pages\/7328\/revisions\/7329"}],"up":[{"embeddable":true,"href":"https:\/\/frontaliers-grandest.eu\/de\/wp-json\/wp\/v2\/pages\/7306"}],"wp:attachment":[{"href":"https:\/\/frontaliers-grandest.eu\/de\/wp-json\/wp\/v2\/media?parent=7328"}],"wp:term":[{"taxonomy":"post_tag","embeddable":true,"href":"https:\/\/frontaliers-grandest.eu\/de\/wp-json\/wp\/v2\/tags?post=7328"},{"taxonomy":"frge_profile","embeddable":true,"href":"https:\/\/frontaliers-grandest.eu\/de\/wp-json\/wp\/v2\/frge_profile?post=7328"}],"curies":[{"name":"wp","href":"https:\/\/api.w.org\/{rel}","templated":true}]}}