{"id":7320,"date":"2021-05-07T11:25:39","date_gmt":"2021-05-07T09:25:39","guid":{"rendered":"https:\/\/frontaliers-grandest.eu\/?page_id=7320"},"modified":"2021-05-07T11:25:41","modified_gmt":"2021-05-07T09:25:41","slug":"einrichtung-einer-praxis-als-selbststandiger-im-gesundheitswesen-in-luxemburg","status":"publish","type":"page","link":"https:\/\/frontaliers-grandest.eu\/de\/startseite\/arbeitsuchende\/einen-job-in-luxemburg-finden\/einen-beruf-entdecken\/der-beruf-des-krankenpflegers\/einrichtung-einer-praxis-als-selbststandiger-im-gesundheitswesen-in-luxemburg\/","title":{"rendered":"Einrichtung einer Praxis als Selbstst\u00e4ndiger im Gesundheitswesen in Luxemburg"},"content":{"rendered":"\n<h4 class=\"wp-block-heading\"><strong>Sie haben den Wunsch, sich als selbstst\u00e4ndiger Krankenpfleger in Luxemburg niederzulassen sich einer Praxis als Partner anzuschlie\u00dfen.<\/strong><\/h4>\n\n\n\n<h5 class=\"wp-block-heading\">Nach der Anerkennung Ihrer Abschl\u00fcsse und der Erlangung einer Genehmigung zur Aus\u00fcbung des Berufs sind die nachstehenden Etappen erforderlich\u00a0:<\/h5>\n\n\n\n<ul class=\"wp-block-list\"><li>Ihre Eintragung in das\u00a0<strong>Berufsregister<\/strong>,<\/li><li>Ihr Beitritt zum\u00a0<strong>Centre Commun de la S\u00e9curit\u00e9 Sociale<\/strong>\u00a0(Allgemeine Sozialversicherung CCSS) als Selbstst\u00e4ndiger. Dies erm\u00f6glicht es Ihnen, sich im Rahmen der Aus\u00fcbung ihres Berufs vor den Risiken von Krankheit \u2013 Mutterschaft, Berufsunfall, Pension und Pflegeversicherung zu sch\u00fctzen.<\/li><\/ul>\n\n\n\n<div class=\"wp-block-buttons is-layout-flex wp-block-buttons-is-layout-flex\">\n<div class=\"wp-block-button is-style-outline is-style-outline--1\"><a class=\"wp-block-button__link\" href=\"http:\/\/www.ccss.lu\" target=\"_blank\" rel=\"noreferrer noopener\"><strong>Informationen<\/strong>:\u00a0http:\/\/www.ccss.lu<\/a><\/div>\n<\/div>\n\n\n\n<ul class=\"wp-block-list\"><li>Ihre Anmeldung beim\u00a0<strong>Finanzamt<\/strong>\u00a0(Administration des Contributions directes).<\/li><\/ul>\n\n\n\n<div class=\"wp-block-buttons is-layout-flex wp-block-buttons-is-layout-flex\">\n<div class=\"wp-block-button\"><a class=\"wp-block-button__link\" href=\"http:\/\/www.impotsdirects.public.lu\/fr.html\" target=\"_blank\" rel=\"noreferrer noopener\"><strong>Informationen <\/strong>:\u00a0http:\/\/www.impotsdirects.public.lu\/fr.html<\/a><\/div>\n<\/div>\n\n\n\n<ul class=\"wp-block-list\"><li>Ihre Anmeldung beim\u00a0<strong>Verein der luxemburgischen Krankenschwestern und Krankenpfleger<\/strong>.<\/li><\/ul>\n\n\n\n<p>Das \u00e4rtzliche Personal muss die Berufsethik der Gesundheitsfachkr\u00e4fte in Luxemburg beachten.<\/p>\n","protected":false},"excerpt":{"rendered":"<p>Sie haben den Wunsch, sich als selbstst\u00e4ndiger Krankenpfleger in Luxemburg niederzulassen sich einer Praxis als Partner anzuschlie\u00dfen. Nach der Anerkennung Ihrer Abschl\u00fcsse und der Erlangung einer Genehmigung zur Aus\u00fcbung des Berufs sind die nachstehenden Etappen erforderlich\u00a0: Ihre Eintragung in das\u00a0Berufsregister, Ihr Beitritt zum\u00a0Centre Commun de la S\u00e9curit\u00e9 Sociale\u00a0(Allgemeine Sozialversicherung CCSS) als Selbstst\u00e4ndiger. Dies erm\u00f6glicht es [&hellip;]<\/p>\n","protected":false},"author":7,"featured_media":0,"parent":7308,"menu_order":4,"comment_status":"closed","ping_status":"closed","template":"","meta":{"inline_featured_image":false,"footnotes":""},"tags":[],"frge_profile":[],"class_list":["post-7320","page","type-page","status-publish","hentry"],"yoast_head":"<!-- This site is optimized with the Yoast SEO plugin v27.1.1 - https:\/\/yoast.com\/product\/yoast-seo-wordpress\/ -->\n<title>Einrichtung einer Praxis als Selbstst\u00e4ndiger im Gesundheitswesen in Luxemburg - Frontaliers Grand Est<\/title>\n<meta name=\"robots\" content=\"index, follow, max-snippet:-1, max-image-preview:large, max-video-preview:-1\" \/>\n<link rel=\"canonical\" href=\"https:\/\/frontaliers-grandest.eu\/de\/startseite\/arbeitsuchende\/einen-job-in-luxemburg-finden\/einen-beruf-entdecken\/der-beruf-des-krankenpflegers\/einrichtung-einer-praxis-als-selbststandiger-im-gesundheitswesen-in-luxemburg\/\" \/>\n<meta property=\"og:locale\" content=\"de_DE\" \/>\n<meta property=\"og:type\" content=\"article\" \/>\n<meta property=\"og:title\" content=\"Einrichtung einer Praxis als Selbstst\u00e4ndiger im Gesundheitswesen in Luxemburg - Frontaliers Grand Est\" \/>\n<meta property=\"og:description\" content=\"Sie haben den Wunsch, sich als selbstst\u00e4ndiger Krankenpfleger in Luxemburg niederzulassen sich einer Praxis als Partner anzuschlie\u00dfen. Nach der Anerkennung Ihrer Abschl\u00fcsse und der Erlangung einer Genehmigung zur Aus\u00fcbung des Berufs sind die nachstehenden Etappen erforderlich\u00a0: Ihre Eintragung in das\u00a0Berufsregister, Ihr Beitritt zum\u00a0Centre Commun de la S\u00e9curit\u00e9 Sociale\u00a0(Allgemeine Sozialversicherung CCSS) als Selbstst\u00e4ndiger. Dies erm\u00f6glicht es [&hellip;]\" \/>\n<meta property=\"og:url\" content=\"https:\/\/frontaliers-grandest.eu\/de\/startseite\/arbeitsuchende\/einen-job-in-luxemburg-finden\/einen-beruf-entdecken\/der-beruf-des-krankenpflegers\/einrichtung-einer-praxis-als-selbststandiger-im-gesundheitswesen-in-luxemburg\/\" \/>\n<meta property=\"og:site_name\" content=\"Frontaliers Grand Est\" \/>\n<meta property=\"article:publisher\" content=\"https:\/\/www.facebook.com\/frontaliers.GR.EST\/?locale=fr_FR\" \/>\n<meta property=\"article:modified_time\" content=\"2021-05-07T09:25:41+00:00\" \/>\n<meta name=\"twitter:card\" content=\"summary_large_image\" \/>\n<meta name=\"twitter:label1\" content=\"Gesch\u00e4tzte Lesezeit\" \/>\n\t<meta name=\"twitter:data1\" content=\"1\u00a0Minute\" \/>\n<script type=\"application\/ld+json\" class=\"yoast-schema-graph\">{\"@context\":\"https:\/\/schema.org\",\"@graph\":[{\"@type\":\"WebPage\",\"@id\":\"https:\/\/frontaliers-grandest.eu\/de\/startseite\/arbeitsuchende\/einen-job-in-luxemburg-finden\/einen-beruf-entdecken\/der-beruf-des-krankenpflegers\/einrichtung-einer-praxis-als-selbststandiger-im-gesundheitswesen-in-luxemburg\/\",\"url\":\"https:\/\/frontaliers-grandest.eu\/de\/startseite\/arbeitsuchende\/einen-job-in-luxemburg-finden\/einen-beruf-entdecken\/der-beruf-des-krankenpflegers\/einrichtung-einer-praxis-als-selbststandiger-im-gesundheitswesen-in-luxemburg\/\",\"name\":\"Einrichtung einer Praxis als Selbstst\u00e4ndiger im Gesundheitswesen in Luxemburg - Frontaliers Grand Est\",\"isPartOf\":{\"@id\":\"https:\/\/frontaliers-grandest.eu\/de\/#website\"},\"datePublished\":\"2021-05-07T09:25:39+00:00\",\"dateModified\":\"2021-05-07T09:25:41+00:00\",\"breadcrumb\":{\"@id\":\"https:\/\/frontaliers-grandest.eu\/de\/startseite\/arbeitsuchende\/einen-job-in-luxemburg-finden\/einen-beruf-entdecken\/der-beruf-des-krankenpflegers\/einrichtung-einer-praxis-als-selbststandiger-im-gesundheitswesen-in-luxemburg\/#breadcrumb\"},\"inLanguage\":\"de\",\"potentialAction\":[{\"@type\":\"ReadAction\",\"target\":[\"https:\/\/frontaliers-grandest.eu\/de\/startseite\/arbeitsuchende\/einen-job-in-luxemburg-finden\/einen-beruf-entdecken\/der-beruf-des-krankenpflegers\/einrichtung-einer-praxis-als-selbststandiger-im-gesundheitswesen-in-luxemburg\/\"]}]},{\"@type\":\"BreadcrumbList\",\"@id\":\"https:\/\/frontaliers-grandest.eu\/de\/startseite\/arbeitsuchende\/einen-job-in-luxemburg-finden\/einen-beruf-entdecken\/der-beruf-des-krankenpflegers\/einrichtung-einer-praxis-als-selbststandiger-im-gesundheitswesen-in-luxemburg\/#breadcrumb\",\"itemListElement\":[{\"@type\":\"ListItem\",\"position\":1,\"name\":\"Startseite\",\"item\":\"https:\/\/frontaliers-grandest.eu\/de\/\"},{\"@type\":\"ListItem\",\"position\":2,\"name\":\"Arbeitsuchende\",\"item\":\"https:\/\/frontaliers-grandest.eu\/de\/startseite\/arbeitsuchende\/\"},{\"@type\":\"ListItem\",\"position\":3,\"name\":\"Einen Job in Luxemburg finden\",\"item\":\"https:\/\/frontaliers-grandest.eu\/de\/startseite\/arbeitsuchende\/einen-job-in-luxemburg-finden\/\"},{\"@type\":\"ListItem\",\"position\":4,\"name\":\"Einen Beruf Entdecken\",\"item\":\"https:\/\/frontaliers-grandest.eu\/de\/startseite\/arbeitsuchende\/einen-job-in-luxemburg-finden\/einen-beruf-entdecken\/\"},{\"@type\":\"ListItem\",\"position\":5,\"name\":\"Der Beruf des Krankenpflegers\",\"item\":\"https:\/\/frontaliers-grandest.eu\/de\/startseite\/arbeitsuchende\/einen-job-in-luxemburg-finden\/einen-beruf-entdecken\/der-beruf-des-krankenpflegers\/\"},{\"@type\":\"ListItem\",\"position\":6,\"name\":\"Einrichtung einer Praxis als Selbstst\u00e4ndiger im Gesundheitswesen in Luxemburg\"}]},{\"@type\":\"WebSite\",\"@id\":\"https:\/\/frontaliers-grandest.eu\/de\/#website\",\"url\":\"https:\/\/frontaliers-grandest.eu\/de\/\",\"name\":\"Frontaliers Grand Est\",\"description\":\"Le site ressource du travail frontalier\",\"publisher\":{\"@id\":\"https:\/\/frontaliers-grandest.eu\/de\/#organization\"},\"alternateName\":\"Frontaliers Grand Est\",\"potentialAction\":[{\"@type\":\"SearchAction\",\"target\":{\"@type\":\"EntryPoint\",\"urlTemplate\":\"https:\/\/frontaliers-grandest.eu\/de\/?s={search_term_string}\"},\"query-input\":{\"@type\":\"PropertyValueSpecification\",\"valueRequired\":true,\"valueName\":\"search_term_string\"}}],\"inLanguage\":\"de\"},{\"@type\":\"Organization\",\"@id\":\"https:\/\/frontaliers-grandest.eu\/de\/#organization\",\"name\":\"Frontaliers Grand Est\",\"alternateName\":\"Frontaliers Grand Est\",\"url\":\"https:\/\/frontaliers-grandest.eu\/de\/\",\"logo\":{\"@type\":\"ImageObject\",\"inLanguage\":\"de\",\"@id\":\"https:\/\/frontaliers-grandest.eu\/de\/#\/schema\/logo\/image\/\",\"url\":\"https:\/\/frontaliers-grandest.eu\/wp-content\/uploads\/2025\/07\/260328234_2966785176920310_3332838526503858160_n.jpg\",\"contentUrl\":\"https:\/\/frontaliers-grandest.eu\/wp-content\/uploads\/2025\/07\/260328234_2966785176920310_3332838526503858160_n.jpg\",\"width\":396,\"height\":396,\"caption\":\"Frontaliers Grand Est\"},\"image\":{\"@id\":\"https:\/\/frontaliers-grandest.eu\/de\/#\/schema\/logo\/image\/\"},\"sameAs\":[\"https:\/\/www.facebook.com\/frontaliers.GR.EST\/?locale=fr_FR\"]}]}<\/script>\n<!-- \/ Yoast SEO plugin. -->","yoast_head_json":{"title":"Einrichtung einer Praxis als Selbstst\u00e4ndiger im Gesundheitswesen in Luxemburg - Frontaliers Grand Est","robots":{"index":"index","follow":"follow","max-snippet":"max-snippet:-1","max-image-preview":"max-image-preview:large","max-video-preview":"max-video-preview:-1"},"canonical":"https:\/\/frontaliers-grandest.eu\/de\/startseite\/arbeitsuchende\/einen-job-in-luxemburg-finden\/einen-beruf-entdecken\/der-beruf-des-krankenpflegers\/einrichtung-einer-praxis-als-selbststandiger-im-gesundheitswesen-in-luxemburg\/","og_locale":"de_DE","og_type":"article","og_title":"Einrichtung einer Praxis als Selbstst\u00e4ndiger im Gesundheitswesen in Luxemburg - Frontaliers Grand Est","og_description":"Sie haben den Wunsch, sich als selbstst\u00e4ndiger Krankenpfleger in Luxemburg niederzulassen sich einer Praxis als Partner anzuschlie\u00dfen. Nach der Anerkennung Ihrer Abschl\u00fcsse und der Erlangung einer Genehmigung zur Aus\u00fcbung des Berufs sind die nachstehenden Etappen erforderlich\u00a0: Ihre Eintragung in das\u00a0Berufsregister, Ihr Beitritt zum\u00a0Centre Commun de la S\u00e9curit\u00e9 Sociale\u00a0(Allgemeine Sozialversicherung CCSS) als Selbstst\u00e4ndiger. Dies erm\u00f6glicht es [&hellip;]","og_url":"https:\/\/frontaliers-grandest.eu\/de\/startseite\/arbeitsuchende\/einen-job-in-luxemburg-finden\/einen-beruf-entdecken\/der-beruf-des-krankenpflegers\/einrichtung-einer-praxis-als-selbststandiger-im-gesundheitswesen-in-luxemburg\/","og_site_name":"Frontaliers Grand Est","article_publisher":"https:\/\/www.facebook.com\/frontaliers.GR.EST\/?locale=fr_FR","article_modified_time":"2021-05-07T09:25:41+00:00","twitter_card":"summary_large_image","twitter_misc":{"Gesch\u00e4tzte Lesezeit":"1\u00a0Minute"},"schema":{"@context":"https:\/\/schema.org","@graph":[{"@type":"WebPage","@id":"https:\/\/frontaliers-grandest.eu\/de\/startseite\/arbeitsuchende\/einen-job-in-luxemburg-finden\/einen-beruf-entdecken\/der-beruf-des-krankenpflegers\/einrichtung-einer-praxis-als-selbststandiger-im-gesundheitswesen-in-luxemburg\/","url":"https:\/\/frontaliers-grandest.eu\/de\/startseite\/arbeitsuchende\/einen-job-in-luxemburg-finden\/einen-beruf-entdecken\/der-beruf-des-krankenpflegers\/einrichtung-einer-praxis-als-selbststandiger-im-gesundheitswesen-in-luxemburg\/","name":"Einrichtung einer Praxis als Selbstst\u00e4ndiger im Gesundheitswesen in Luxemburg - Frontaliers Grand Est","isPartOf":{"@id":"https:\/\/frontaliers-grandest.eu\/de\/#website"},"datePublished":"2021-05-07T09:25:39+00:00","dateModified":"2021-05-07T09:25:41+00:00","breadcrumb":{"@id":"https:\/\/frontaliers-grandest.eu\/de\/startseite\/arbeitsuchende\/einen-job-in-luxemburg-finden\/einen-beruf-entdecken\/der-beruf-des-krankenpflegers\/einrichtung-einer-praxis-als-selbststandiger-im-gesundheitswesen-in-luxemburg\/#breadcrumb"},"inLanguage":"de","potentialAction":[{"@type":"ReadAction","target":["https:\/\/frontaliers-grandest.eu\/de\/startseite\/arbeitsuchende\/einen-job-in-luxemburg-finden\/einen-beruf-entdecken\/der-beruf-des-krankenpflegers\/einrichtung-einer-praxis-als-selbststandiger-im-gesundheitswesen-in-luxemburg\/"]}]},{"@type":"BreadcrumbList","@id":"https:\/\/frontaliers-grandest.eu\/de\/startseite\/arbeitsuchende\/einen-job-in-luxemburg-finden\/einen-beruf-entdecken\/der-beruf-des-krankenpflegers\/einrichtung-einer-praxis-als-selbststandiger-im-gesundheitswesen-in-luxemburg\/#breadcrumb","itemListElement":[{"@type":"ListItem","position":1,"name":"Startseite","item":"https:\/\/frontaliers-grandest.eu\/de\/"},{"@type":"ListItem","position":2,"name":"Arbeitsuchende","item":"https:\/\/frontaliers-grandest.eu\/de\/startseite\/arbeitsuchende\/"},{"@type":"ListItem","position":3,"name":"Einen Job in Luxemburg finden","item":"https:\/\/frontaliers-grandest.eu\/de\/startseite\/arbeitsuchende\/einen-job-in-luxemburg-finden\/"},{"@type":"ListItem","position":4,"name":"Einen Beruf Entdecken","item":"https:\/\/frontaliers-grandest.eu\/de\/startseite\/arbeitsuchende\/einen-job-in-luxemburg-finden\/einen-beruf-entdecken\/"},{"@type":"ListItem","position":5,"name":"Der Beruf des Krankenpflegers","item":"https:\/\/frontaliers-grandest.eu\/de\/startseite\/arbeitsuchende\/einen-job-in-luxemburg-finden\/einen-beruf-entdecken\/der-beruf-des-krankenpflegers\/"},{"@type":"ListItem","position":6,"name":"Einrichtung einer Praxis als Selbstst\u00e4ndiger im Gesundheitswesen in Luxemburg"}]},{"@type":"WebSite","@id":"https:\/\/frontaliers-grandest.eu\/de\/#website","url":"https:\/\/frontaliers-grandest.eu\/de\/","name":"Frontaliers Grand Est","description":"Le site ressource du travail frontalier","publisher":{"@id":"https:\/\/frontaliers-grandest.eu\/de\/#organization"},"alternateName":"Frontaliers Grand Est","potentialAction":[{"@type":"SearchAction","target":{"@type":"EntryPoint","urlTemplate":"https:\/\/frontaliers-grandest.eu\/de\/?s={search_term_string}"},"query-input":{"@type":"PropertyValueSpecification","valueRequired":true,"valueName":"search_term_string"}}],"inLanguage":"de"},{"@type":"Organization","@id":"https:\/\/frontaliers-grandest.eu\/de\/#organization","name":"Frontaliers Grand Est","alternateName":"Frontaliers Grand Est","url":"https:\/\/frontaliers-grandest.eu\/de\/","logo":{"@type":"ImageObject","inLanguage":"de","@id":"https:\/\/frontaliers-grandest.eu\/de\/#\/schema\/logo\/image\/","url":"https:\/\/frontaliers-grandest.eu\/wp-content\/uploads\/2025\/07\/260328234_2966785176920310_3332838526503858160_n.jpg","contentUrl":"https:\/\/frontaliers-grandest.eu\/wp-content\/uploads\/2025\/07\/260328234_2966785176920310_3332838526503858160_n.jpg","width":396,"height":396,"caption":"Frontaliers Grand Est"},"image":{"@id":"https:\/\/frontaliers-grandest.eu\/de\/#\/schema\/logo\/image\/"},"sameAs":["https:\/\/www.facebook.com\/frontaliers.GR.EST\/?locale=fr_FR"]}]}},"frge_page_order":0,"_links":{"self":[{"href":"https:\/\/frontaliers-grandest.eu\/de\/wp-json\/wp\/v2\/pages\/7320","targetHints":{"allow":["GET"]}}],"collection":[{"href":"https:\/\/frontaliers-grandest.eu\/de\/wp-json\/wp\/v2\/pages"}],"about":[{"href":"https:\/\/frontaliers-grandest.eu\/de\/wp-json\/wp\/v2\/types\/page"}],"author":[{"embeddable":true,"href":"https:\/\/frontaliers-grandest.eu\/de\/wp-json\/wp\/v2\/users\/7"}],"replies":[{"embeddable":true,"href":"https:\/\/frontaliers-grandest.eu\/de\/wp-json\/wp\/v2\/comments?post=7320"}],"version-history":[{"count":1,"href":"https:\/\/frontaliers-grandest.eu\/de\/wp-json\/wp\/v2\/pages\/7320\/revisions"}],"predecessor-version":[{"id":7321,"href":"https:\/\/frontaliers-grandest.eu\/de\/wp-json\/wp\/v2\/pages\/7320\/revisions\/7321"}],"up":[{"embeddable":true,"href":"https:\/\/frontaliers-grandest.eu\/de\/wp-json\/wp\/v2\/pages\/7308"}],"wp:attachment":[{"href":"https:\/\/frontaliers-grandest.eu\/de\/wp-json\/wp\/v2\/media?parent=7320"}],"wp:term":[{"taxonomy":"post_tag","embeddable":true,"href":"https:\/\/frontaliers-grandest.eu\/de\/wp-json\/wp\/v2\/tags?post=7320"},{"taxonomy":"frge_profile","embeddable":true,"href":"https:\/\/frontaliers-grandest.eu\/de\/wp-json\/wp\/v2\/frge_profile?post=7320"}],"curies":[{"name":"wp","href":"https:\/\/api.w.org\/{rel}","templated":true}]}}