{"id":7314,"date":"2021-05-07T11:02:51","date_gmt":"2021-05-07T09:02:51","guid":{"rendered":"https:\/\/frontaliers-grandest.eu\/?page_id=7314"},"modified":"2021-05-07T11:05:13","modified_gmt":"2021-05-07T09:05:13","slug":"der-beruf-des-manager-im-gesundheitswesen","status":"publish","type":"page","link":"https:\/\/frontaliers-grandest.eu\/de\/startseite\/arbeitsuchende\/einen-job-in-luxemburg-finden\/einen-beruf-entdecken\/der-beruf-des-krankenpflegers\/der-beruf-des-manager-im-gesundheitswesen\/","title":{"rendered":"Der Beruf des Manager im Gesundheitswesen"},"content":{"rendered":"\n<p>Jedweder Fachmann im Gesundheitswesen mit einer abgeschlossenen Ausbildung und einer entsprechenden Berufserfahrung hat die M\u00f6glichkeit, sich in Luxemburg in Richtung von<strong>&nbsp;Managementfunktionen und insbesondere des Manager im Gesundheitswesen&nbsp;<\/strong>zu entwickeln.<br>Der Manager im Gesundheitswesen \u00fcbt im Allgemeinen in den Pflegeinrichtungen Managerfunktionen aus (Verbindungsmanager (cadre de proximite), mittlere F\u00fchrungskraft, Gesch\u00e4ftsleitung einer Pflegeeinrichtung). Der Beruf erfordert umfassende Kenntnisse \u00fcber die Betreuungskonzepte, das Gesundheits- und Finanzierungssystem, Managementkonzepte, Qualit\u00e4tskonzepte.<\/p>\n\n\n\n<h4 class=\"wp-block-heading\"><strong>Ausbildungen zum&nbsp;<strong>Manager im Gesundheitswesen in Luxemburg<\/strong><\/strong><\/h4>\n\n\n\n<h5 class=\"wp-block-heading\">Ausbildungen ohne Berufszeugnis in den Managementfunktionen im Krankenhaussektor:<\/h5>\n\n\n\n<ul class=\"wp-block-list\"><li>Institut Universitaire International Luxembourg<br><a href=\"https:\/\/www.competence.lu\/\" target=\"_blank\" rel=\"noreferrer noopener\">www.competence.lu\/<\/a><\/li><li>F\u00e9d\u00e9ration des h\u00f4pitaux luxembourgeois<br><a href=\"http:\/\/www.fhlux.lu\/web\/\" target=\"_blank\" rel=\"noreferrer noopener\">www.fhlux.lu<\/a><\/li><\/ul>\n\n\n\n<p>Entspricht der Ausbildung \u201eManager im Gesundheitswesen\u201c in Frankreich.<\/p>\n","protected":false},"excerpt":{"rendered":"<p>Jedweder Fachmann im Gesundheitswesen mit einer abgeschlossenen Ausbildung und einer entsprechenden Berufserfahrung hat die M\u00f6glichkeit, sich in Luxemburg in Richtung von&nbsp;Managementfunktionen und insbesondere des Manager im Gesundheitswesen&nbsp;zu entwickeln.Der Manager im Gesundheitswesen \u00fcbt im Allgemeinen in den Pflegeinrichtungen Managerfunktionen aus (Verbindungsmanager (cadre de proximite), mittlere F\u00fchrungskraft, Gesch\u00e4ftsleitung einer Pflegeeinrichtung). Der Beruf erfordert umfassende Kenntnisse \u00fcber die [&hellip;]<\/p>\n","protected":false},"author":7,"featured_media":0,"parent":7308,"menu_order":2,"comment_status":"closed","ping_status":"closed","template":"","meta":{"inline_featured_image":false,"footnotes":""},"tags":[],"frge_profile":[],"class_list":["post-7314","page","type-page","status-publish","hentry"],"yoast_head":"<!-- This site is optimized with the Yoast SEO plugin v27.1.1 - https:\/\/yoast.com\/product\/yoast-seo-wordpress\/ -->\n<title>Der Beruf des Manager im Gesundheitswesen - Frontaliers Grand Est<\/title>\n<meta name=\"robots\" content=\"index, follow, max-snippet:-1, max-image-preview:large, max-video-preview:-1\" \/>\n<link rel=\"canonical\" href=\"https:\/\/frontaliers-grandest.eu\/de\/startseite\/arbeitsuchende\/einen-job-in-luxemburg-finden\/einen-beruf-entdecken\/der-beruf-des-krankenpflegers\/der-beruf-des-manager-im-gesundheitswesen\/\" \/>\n<meta property=\"og:locale\" content=\"de_DE\" \/>\n<meta property=\"og:type\" content=\"article\" \/>\n<meta property=\"og:title\" content=\"Der Beruf des Manager im Gesundheitswesen - Frontaliers Grand Est\" \/>\n<meta property=\"og:description\" content=\"Jedweder Fachmann im Gesundheitswesen mit einer abgeschlossenen Ausbildung und einer entsprechenden Berufserfahrung hat die M\u00f6glichkeit, sich in Luxemburg in Richtung von&nbsp;Managementfunktionen und insbesondere des Manager im Gesundheitswesen&nbsp;zu entwickeln.Der Manager im Gesundheitswesen \u00fcbt im Allgemeinen in den Pflegeinrichtungen Managerfunktionen aus (Verbindungsmanager (cadre de proximite), mittlere F\u00fchrungskraft, Gesch\u00e4ftsleitung einer Pflegeeinrichtung). Der Beruf erfordert umfassende Kenntnisse \u00fcber die [&hellip;]\" \/>\n<meta property=\"og:url\" content=\"https:\/\/frontaliers-grandest.eu\/de\/startseite\/arbeitsuchende\/einen-job-in-luxemburg-finden\/einen-beruf-entdecken\/der-beruf-des-krankenpflegers\/der-beruf-des-manager-im-gesundheitswesen\/\" \/>\n<meta property=\"og:site_name\" content=\"Frontaliers Grand Est\" \/>\n<meta property=\"article:publisher\" content=\"https:\/\/www.facebook.com\/frontaliers.GR.EST\/?locale=fr_FR\" \/>\n<meta property=\"article:modified_time\" content=\"2021-05-07T09:05:13+00:00\" \/>\n<meta name=\"twitter:card\" content=\"summary_large_image\" \/>\n<meta name=\"twitter:label1\" content=\"Gesch\u00e4tzte Lesezeit\" \/>\n\t<meta name=\"twitter:data1\" content=\"1\u00a0Minute\" \/>\n<script type=\"application\/ld+json\" class=\"yoast-schema-graph\">{\"@context\":\"https:\/\/schema.org\",\"@graph\":[{\"@type\":\"WebPage\",\"@id\":\"https:\/\/frontaliers-grandest.eu\/de\/startseite\/arbeitsuchende\/einen-job-in-luxemburg-finden\/einen-beruf-entdecken\/der-beruf-des-krankenpflegers\/der-beruf-des-manager-im-gesundheitswesen\/\",\"url\":\"https:\/\/frontaliers-grandest.eu\/de\/startseite\/arbeitsuchende\/einen-job-in-luxemburg-finden\/einen-beruf-entdecken\/der-beruf-des-krankenpflegers\/der-beruf-des-manager-im-gesundheitswesen\/\",\"name\":\"Der Beruf des Manager im Gesundheitswesen - Frontaliers Grand Est\",\"isPartOf\":{\"@id\":\"https:\/\/frontaliers-grandest.eu\/de\/#website\"},\"datePublished\":\"2021-05-07T09:02:51+00:00\",\"dateModified\":\"2021-05-07T09:05:13+00:00\",\"breadcrumb\":{\"@id\":\"https:\/\/frontaliers-grandest.eu\/de\/startseite\/arbeitsuchende\/einen-job-in-luxemburg-finden\/einen-beruf-entdecken\/der-beruf-des-krankenpflegers\/der-beruf-des-manager-im-gesundheitswesen\/#breadcrumb\"},\"inLanguage\":\"de\",\"potentialAction\":[{\"@type\":\"ReadAction\",\"target\":[\"https:\/\/frontaliers-grandest.eu\/de\/startseite\/arbeitsuchende\/einen-job-in-luxemburg-finden\/einen-beruf-entdecken\/der-beruf-des-krankenpflegers\/der-beruf-des-manager-im-gesundheitswesen\/\"]}]},{\"@type\":\"BreadcrumbList\",\"@id\":\"https:\/\/frontaliers-grandest.eu\/de\/startseite\/arbeitsuchende\/einen-job-in-luxemburg-finden\/einen-beruf-entdecken\/der-beruf-des-krankenpflegers\/der-beruf-des-manager-im-gesundheitswesen\/#breadcrumb\",\"itemListElement\":[{\"@type\":\"ListItem\",\"position\":1,\"name\":\"Startseite\",\"item\":\"https:\/\/frontaliers-grandest.eu\/de\/\"},{\"@type\":\"ListItem\",\"position\":2,\"name\":\"Arbeitsuchende\",\"item\":\"https:\/\/frontaliers-grandest.eu\/de\/startseite\/arbeitsuchende\/\"},{\"@type\":\"ListItem\",\"position\":3,\"name\":\"Einen Job in Luxemburg finden\",\"item\":\"https:\/\/frontaliers-grandest.eu\/de\/startseite\/arbeitsuchende\/einen-job-in-luxemburg-finden\/\"},{\"@type\":\"ListItem\",\"position\":4,\"name\":\"Einen Beruf Entdecken\",\"item\":\"https:\/\/frontaliers-grandest.eu\/de\/startseite\/arbeitsuchende\/einen-job-in-luxemburg-finden\/einen-beruf-entdecken\/\"},{\"@type\":\"ListItem\",\"position\":5,\"name\":\"Der Beruf des Krankenpflegers\",\"item\":\"https:\/\/frontaliers-grandest.eu\/de\/startseite\/arbeitsuchende\/einen-job-in-luxemburg-finden\/einen-beruf-entdecken\/der-beruf-des-krankenpflegers\/\"},{\"@type\":\"ListItem\",\"position\":6,\"name\":\"Der Beruf des Manager im Gesundheitswesen\"}]},{\"@type\":\"WebSite\",\"@id\":\"https:\/\/frontaliers-grandest.eu\/de\/#website\",\"url\":\"https:\/\/frontaliers-grandest.eu\/de\/\",\"name\":\"Frontaliers Grand Est\",\"description\":\"Le site ressource du travail frontalier\",\"publisher\":{\"@id\":\"https:\/\/frontaliers-grandest.eu\/de\/#organization\"},\"alternateName\":\"Frontaliers Grand Est\",\"potentialAction\":[{\"@type\":\"SearchAction\",\"target\":{\"@type\":\"EntryPoint\",\"urlTemplate\":\"https:\/\/frontaliers-grandest.eu\/de\/?s={search_term_string}\"},\"query-input\":{\"@type\":\"PropertyValueSpecification\",\"valueRequired\":true,\"valueName\":\"search_term_string\"}}],\"inLanguage\":\"de\"},{\"@type\":\"Organization\",\"@id\":\"https:\/\/frontaliers-grandest.eu\/de\/#organization\",\"name\":\"Frontaliers Grand Est\",\"alternateName\":\"Frontaliers Grand Est\",\"url\":\"https:\/\/frontaliers-grandest.eu\/de\/\",\"logo\":{\"@type\":\"ImageObject\",\"inLanguage\":\"de\",\"@id\":\"https:\/\/frontaliers-grandest.eu\/de\/#\/schema\/logo\/image\/\",\"url\":\"https:\/\/frontaliers-grandest.eu\/wp-content\/uploads\/2025\/07\/260328234_2966785176920310_3332838526503858160_n.jpg\",\"contentUrl\":\"https:\/\/frontaliers-grandest.eu\/wp-content\/uploads\/2025\/07\/260328234_2966785176920310_3332838526503858160_n.jpg\",\"width\":396,\"height\":396,\"caption\":\"Frontaliers Grand Est\"},\"image\":{\"@id\":\"https:\/\/frontaliers-grandest.eu\/de\/#\/schema\/logo\/image\/\"},\"sameAs\":[\"https:\/\/www.facebook.com\/frontaliers.GR.EST\/?locale=fr_FR\"]}]}<\/script>\n<!-- \/ Yoast SEO plugin. -->","yoast_head_json":{"title":"Der Beruf des Manager im Gesundheitswesen - Frontaliers Grand Est","robots":{"index":"index","follow":"follow","max-snippet":"max-snippet:-1","max-image-preview":"max-image-preview:large","max-video-preview":"max-video-preview:-1"},"canonical":"https:\/\/frontaliers-grandest.eu\/de\/startseite\/arbeitsuchende\/einen-job-in-luxemburg-finden\/einen-beruf-entdecken\/der-beruf-des-krankenpflegers\/der-beruf-des-manager-im-gesundheitswesen\/","og_locale":"de_DE","og_type":"article","og_title":"Der Beruf des Manager im Gesundheitswesen - Frontaliers Grand Est","og_description":"Jedweder Fachmann im Gesundheitswesen mit einer abgeschlossenen Ausbildung und einer entsprechenden Berufserfahrung hat die M\u00f6glichkeit, sich in Luxemburg in Richtung von&nbsp;Managementfunktionen und insbesondere des Manager im Gesundheitswesen&nbsp;zu entwickeln.Der Manager im Gesundheitswesen \u00fcbt im Allgemeinen in den Pflegeinrichtungen Managerfunktionen aus (Verbindungsmanager (cadre de proximite), mittlere F\u00fchrungskraft, Gesch\u00e4ftsleitung einer Pflegeeinrichtung). Der Beruf erfordert umfassende Kenntnisse \u00fcber die [&hellip;]","og_url":"https:\/\/frontaliers-grandest.eu\/de\/startseite\/arbeitsuchende\/einen-job-in-luxemburg-finden\/einen-beruf-entdecken\/der-beruf-des-krankenpflegers\/der-beruf-des-manager-im-gesundheitswesen\/","og_site_name":"Frontaliers Grand Est","article_publisher":"https:\/\/www.facebook.com\/frontaliers.GR.EST\/?locale=fr_FR","article_modified_time":"2021-05-07T09:05:13+00:00","twitter_card":"summary_large_image","twitter_misc":{"Gesch\u00e4tzte Lesezeit":"1\u00a0Minute"},"schema":{"@context":"https:\/\/schema.org","@graph":[{"@type":"WebPage","@id":"https:\/\/frontaliers-grandest.eu\/de\/startseite\/arbeitsuchende\/einen-job-in-luxemburg-finden\/einen-beruf-entdecken\/der-beruf-des-krankenpflegers\/der-beruf-des-manager-im-gesundheitswesen\/","url":"https:\/\/frontaliers-grandest.eu\/de\/startseite\/arbeitsuchende\/einen-job-in-luxemburg-finden\/einen-beruf-entdecken\/der-beruf-des-krankenpflegers\/der-beruf-des-manager-im-gesundheitswesen\/","name":"Der Beruf des Manager im Gesundheitswesen - Frontaliers Grand Est","isPartOf":{"@id":"https:\/\/frontaliers-grandest.eu\/de\/#website"},"datePublished":"2021-05-07T09:02:51+00:00","dateModified":"2021-05-07T09:05:13+00:00","breadcrumb":{"@id":"https:\/\/frontaliers-grandest.eu\/de\/startseite\/arbeitsuchende\/einen-job-in-luxemburg-finden\/einen-beruf-entdecken\/der-beruf-des-krankenpflegers\/der-beruf-des-manager-im-gesundheitswesen\/#breadcrumb"},"inLanguage":"de","potentialAction":[{"@type":"ReadAction","target":["https:\/\/frontaliers-grandest.eu\/de\/startseite\/arbeitsuchende\/einen-job-in-luxemburg-finden\/einen-beruf-entdecken\/der-beruf-des-krankenpflegers\/der-beruf-des-manager-im-gesundheitswesen\/"]}]},{"@type":"BreadcrumbList","@id":"https:\/\/frontaliers-grandest.eu\/de\/startseite\/arbeitsuchende\/einen-job-in-luxemburg-finden\/einen-beruf-entdecken\/der-beruf-des-krankenpflegers\/der-beruf-des-manager-im-gesundheitswesen\/#breadcrumb","itemListElement":[{"@type":"ListItem","position":1,"name":"Startseite","item":"https:\/\/frontaliers-grandest.eu\/de\/"},{"@type":"ListItem","position":2,"name":"Arbeitsuchende","item":"https:\/\/frontaliers-grandest.eu\/de\/startseite\/arbeitsuchende\/"},{"@type":"ListItem","position":3,"name":"Einen Job in Luxemburg finden","item":"https:\/\/frontaliers-grandest.eu\/de\/startseite\/arbeitsuchende\/einen-job-in-luxemburg-finden\/"},{"@type":"ListItem","position":4,"name":"Einen Beruf Entdecken","item":"https:\/\/frontaliers-grandest.eu\/de\/startseite\/arbeitsuchende\/einen-job-in-luxemburg-finden\/einen-beruf-entdecken\/"},{"@type":"ListItem","position":5,"name":"Der Beruf des Krankenpflegers","item":"https:\/\/frontaliers-grandest.eu\/de\/startseite\/arbeitsuchende\/einen-job-in-luxemburg-finden\/einen-beruf-entdecken\/der-beruf-des-krankenpflegers\/"},{"@type":"ListItem","position":6,"name":"Der Beruf des Manager im Gesundheitswesen"}]},{"@type":"WebSite","@id":"https:\/\/frontaliers-grandest.eu\/de\/#website","url":"https:\/\/frontaliers-grandest.eu\/de\/","name":"Frontaliers Grand Est","description":"Le site ressource du travail frontalier","publisher":{"@id":"https:\/\/frontaliers-grandest.eu\/de\/#organization"},"alternateName":"Frontaliers Grand Est","potentialAction":[{"@type":"SearchAction","target":{"@type":"EntryPoint","urlTemplate":"https:\/\/frontaliers-grandest.eu\/de\/?s={search_term_string}"},"query-input":{"@type":"PropertyValueSpecification","valueRequired":true,"valueName":"search_term_string"}}],"inLanguage":"de"},{"@type":"Organization","@id":"https:\/\/frontaliers-grandest.eu\/de\/#organization","name":"Frontaliers Grand Est","alternateName":"Frontaliers Grand Est","url":"https:\/\/frontaliers-grandest.eu\/de\/","logo":{"@type":"ImageObject","inLanguage":"de","@id":"https:\/\/frontaliers-grandest.eu\/de\/#\/schema\/logo\/image\/","url":"https:\/\/frontaliers-grandest.eu\/wp-content\/uploads\/2025\/07\/260328234_2966785176920310_3332838526503858160_n.jpg","contentUrl":"https:\/\/frontaliers-grandest.eu\/wp-content\/uploads\/2025\/07\/260328234_2966785176920310_3332838526503858160_n.jpg","width":396,"height":396,"caption":"Frontaliers Grand Est"},"image":{"@id":"https:\/\/frontaliers-grandest.eu\/de\/#\/schema\/logo\/image\/"},"sameAs":["https:\/\/www.facebook.com\/frontaliers.GR.EST\/?locale=fr_FR"]}]}},"frge_page_order":0,"_links":{"self":[{"href":"https:\/\/frontaliers-grandest.eu\/de\/wp-json\/wp\/v2\/pages\/7314","targetHints":{"allow":["GET"]}}],"collection":[{"href":"https:\/\/frontaliers-grandest.eu\/de\/wp-json\/wp\/v2\/pages"}],"about":[{"href":"https:\/\/frontaliers-grandest.eu\/de\/wp-json\/wp\/v2\/types\/page"}],"author":[{"embeddable":true,"href":"https:\/\/frontaliers-grandest.eu\/de\/wp-json\/wp\/v2\/users\/7"}],"replies":[{"embeddable":true,"href":"https:\/\/frontaliers-grandest.eu\/de\/wp-json\/wp\/v2\/comments?post=7314"}],"version-history":[{"count":2,"href":"https:\/\/frontaliers-grandest.eu\/de\/wp-json\/wp\/v2\/pages\/7314\/revisions"}],"predecessor-version":[{"id":7316,"href":"https:\/\/frontaliers-grandest.eu\/de\/wp-json\/wp\/v2\/pages\/7314\/revisions\/7316"}],"up":[{"embeddable":true,"href":"https:\/\/frontaliers-grandest.eu\/de\/wp-json\/wp\/v2\/pages\/7308"}],"wp:attachment":[{"href":"https:\/\/frontaliers-grandest.eu\/de\/wp-json\/wp\/v2\/media?parent=7314"}],"wp:term":[{"taxonomy":"post_tag","embeddable":true,"href":"https:\/\/frontaliers-grandest.eu\/de\/wp-json\/wp\/v2\/tags?post=7314"},{"taxonomy":"frge_profile","embeddable":true,"href":"https:\/\/frontaliers-grandest.eu\/de\/wp-json\/wp\/v2\/frge_profile?post=7314"}],"curies":[{"name":"wp","href":"https:\/\/api.w.org\/{rel}","templated":true}]}}