{"id":7312,"date":"2021-05-07T10:59:31","date_gmt":"2021-05-07T08:59:31","guid":{"rendered":"https:\/\/frontaliers-grandest.eu\/?page_id=7312"},"modified":"2024-03-13T11:45:44","modified_gmt":"2024-03-13T10:45:44","slug":"die-berufe-des-fachkrankenpflegers","status":"publish","type":"page","link":"https:\/\/frontaliers-grandest.eu\/de\/startseite\/arbeitsuchende\/einen-job-in-luxemburg-finden\/einen-beruf-entdecken\/der-beruf-des-krankenpflegers\/die-berufe-des-fachkrankenpflegers\/","title":{"rendered":"Die Berufe des Fachkrankenpflegers"},"content":{"rendered":"\n<p>Die Krankenpfleger haben in unterschiedlichen Sektoren die M\u00f6glichkeit, sich zum&nbsp;Fachkrankenpfleger&nbsp;weiterzuentwickeln: Intensivstation, P\u00e4diatrie, Psychiatrie, Organisation usw. Andere medizinische Spezialit\u00e4ten sind denkbar, aber wir konzentrieren uns auf die reglementierten Fachberufe.<br><br>In Luxemburg ist es ausgesprochen problematisch, qualifizierte Profile insbesondere f\u00fcr Posten im Operationssaal oder auf der Intensivstation zu finden. Die luxemburgischen Pflegeeinrichtungen haben einen gro\u00dfen Bedarf an derartigen Kompetenzen. Aus diesem Grund besteht die Nachfrage nach grenz\u00fcberschreitenden Arbeitskr\u00e4ften.<\/p>\n\n\n\n<h4 class=\"wp-block-heading\"><strong>Die Ausbildung in Luxemburg<\/strong><\/h4>\n\n\n\n<p>In Luxemburg haben die f\u00fcr die allgemeine Pflege verantwortlichen Krankenpfleger die M\u00f6glichkeit, im Zuge einer&nbsp;<strong>zweij\u00e4hrigen Ausbildung<\/strong>&nbsp;ein Fachkompetenz zu erwerben, ganz gleich, ob sie einen luxemburgischen oder ausl\u00e4ndischen Abschluss haben. F\u00fcr den Zugang zur Ausbildung, die im Lyc\u00e9e Technique des Professions de Sant\u00e9 (im berufsbildenden Gymnasium f\u00fcr Berufe des Gesundheitswesens) organisiert wird, ist die Kenntnis der deutschen, franz\u00f6sischen, luxemburgischen Sprache erforderlich.<\/p>\n\n\n\n<h5 class=\"wp-block-heading\"><strong>Im Bereich der An\u00e4sthesie und Intensivpflege spezialisierter Krankenpfleger&nbsp;<\/strong>(reglementierter Beruf)<\/h5>\n\n\n\n<p>Auf der Intensivstation \u00fcberwacht, pflegt und begleitet der im Bereich der An\u00e4sthesie und Intensivpflege spezialisierte Krankenpfleger den Patienten. Im Operationssaal gew\u00e4hrleistet er die Bet\u00e4ubung und die \u00dcberwachung der Herz- und Atemfunktionen des Patienten vor und nach der Operation. Er \u00fcberwacht den Patienten in der Aufwachphase und gew\u00e4hrleistet die erforderliche Betreuung.<\/p>\n\n\n\n<h5 class=\"wp-block-heading\"><strong>Im Bereich der P\u00e4diatrie spezialisierter Krankenpfleger<\/strong>&nbsp;(reglementierter Beruf)<\/h5>\n\n\n\n<p>Der im Bereich der P\u00e4diatrie spezialisierte Krankenpfleger gew\u00e4hrleistet pr\u00e4ventive, heilende und schmerzlindernde Pflegeleistungen f\u00fcr Fr\u00fchgeborenem Neugeborene, Kinder und Jugendliche. Sein Abschluss erm\u00f6glicht es ihm, im Krankenhaus, in der Krippe, in Schulen zu arbeiten oder Kinder in Ferienlager zu begleiten.<\/p>\n\n\n\n<h5 class=\"wp-block-heading\"><strong>Im Bereich der Psychiatrie spezialisierter Krankenpfleger&nbsp;<\/strong>(reglementierter Beruf)<\/h5>\n\n\n\n<p>Der im Bereich der Psychiatrie spezialisierte Krankenpfleger versorgt Personen unterschiedlichen Alters, die unter psychologischen oder psychiatrischen St\u00f6rungen, Abh\u00e4ngigkeiten oder geistigen Behinderungen leiden. Seine Arbeit besteht \u00fcberwiegend in der Gestaltung der Beziehung zum Patienten oder zu einer Patientengruppe.<\/p>\n\n\n\n<h5 class=\"wp-block-heading\"><strong>Diplomierter Krankenpfleger<\/strong>&nbsp;(reglementierter Beruf)<\/h5>\n\n\n\n<p>Der diplomierte Krankenpfleger kann die beruflichen Techniken des Krankenpflegers in Krankenh\u00e4usern aus\u00fcben. Er ist unter anderem berechtigt, \u00dcberwachungs-, Monitoringfunktionen auszu\u00fcben oder die Leitung einer Krankenschwesterschule oder des Pflegepersonals zu \u00fcbernehmen.<\/p>\n\n\n\n<h4 class=\"wp-block-heading\"><strong>Anerkennung ausl\u00e4ndischer Abschl\u00fcsse von Fachkrankenpflegern&nbsp;<\/strong><\/h4>\n\n\n\n<p>Eine automatische Anerkennung der ausl\u00e4ndischen Abschl\u00fcsse von Fachkrankenpflegern gibt es nicht.<\/p>\n\n\n\n<h5 class=\"wp-block-heading\">Der in einem anderen Land als Luxemburg erworbene Abschluss als Fachkrankenpfleger kann einzig unter den nachstehenden Bedingungen anerkannt werden&nbsp;:<\/h5>\n\n\n\n<p>Sofern er einen postsekund\u00e4ren Ausbildungszyklus in Vollzeit mit einer Dauer von&nbsp;<strong>zwei Jahren&nbsp;<\/strong>bzw. vier Semestern oder einhundertdreiundzwanzig ECTS (European Credit Transfer System) einer in dem Staat, in dem er ans\u00e4ssig ist, anerkannten Ausbildungsst\u00e4tte absolvierte, <\/p>\n\n\n\n<p>Und sofern der Inhaber des Abschlusses oder des Titels im Besitz der&nbsp;<strong>erforderlichen Qualifikationen ist,&nbsp;<\/strong>um im Staat, in dem der Abschluss oder der Titel zuerkannt wurde, Zugang zum Beruf des Fachkrankenpflegers zu haben, sofern dieser Beruf des Fachkrankenpflegers in diesem Staat reglementiert ist.<\/p>\n\n\n\n<h5 class=\"wp-block-heading\">Im fall sp\u00fcrbarer Differenzen auf Ebene der Ausbildungsprogramme ist der Bewerber verpflichtet :<\/h5>\n\n\n\n<ul class=\"wp-block-list\">\n<li>Sich je nach Wahl des Bewerbers einer&nbsp;<strong>Eignungspr\u00fcfung<\/strong>&nbsp;oder einem&nbsp;<strong>Anpassungslehrgang&nbsp;<\/strong>zu unterziehen,<\/li>\n\n\n\n<li>Eine Berufserfahrung in einem Mitgliedsland der Europ\u00e4ischen Union oder einem Drittland nachweisen, sofern&nbsp;<strong>die Ausbildungsdauer<\/strong>&nbsp;im Ausland zumindest&nbsp;<strong>ein Jahr<\/strong>&nbsp;weniger als die Ausbildungsdauer in Luxemburg ist. Die f\u00fcr die Anerkennung des Studiums geforderte&nbsp;<strong>Berufserfahrung&nbsp;<\/strong>muss zumindest dem Zweifachen der fehlenden Ausbildungszeit entsprechen.<\/li>\n<\/ul>\n\n\n\n<h5 class=\"wp-block-heading\">Die Zulassungsantr\u00e4ge sind zu senden an&nbsp;:<\/h5>\n\n\n\n<figure class=\"wp-block-pullquote\"><blockquote><p><strong>Minist\u00e8re de l\u2019Education nationale, de l\u2019Enfance<\/strong> <strong>et de la Jeunesse (Ministerium f\u00fcr Bildung, Kinder und Jugendliche)<\/strong><br>Service de la Reconnaissance des dipl\u00f4mes<br>18-20 Mont\u00e9e de la P\u00e9trusse<br>L-2327 Luxemburg<br>Tel.&nbsp;: (+352)247-85910<br><a href=\"mailto:reconnaissance@men.lu\" target=\"_blank\" rel=\"noreferrer noopener\">reconnaissance@men.lu<\/a><\/p><\/blockquote><\/figure>\n\n\n\n<p>Die Antragsformulare und die Liste der im Anhang beizuf\u00fcgenden Unterlagen sind der Website der luxemburgischen Anlaufstelle ,&nbsp;<a href=\"https:\/\/guichet.public.lu\/fr.html\" target=\"_blank\" rel=\"noreferrer noopener\">https:\/\/guichet.public.lu<\/a>, Rubrik Ausbildung, zu entnehmen.<\/p>\n","protected":false},"excerpt":{"rendered":"<p>Die Krankenpfleger haben in unterschiedlichen Sektoren die M\u00f6glichkeit, sich zum&nbsp;Fachkrankenpfleger&nbsp;weiterzuentwickeln: Intensivstation, P\u00e4diatrie, Psychiatrie, Organisation usw. Andere medizinische Spezialit\u00e4ten sind denkbar, aber wir konzentrieren uns auf die reglementierten Fachberufe. In Luxemburg ist es ausgesprochen problematisch, qualifizierte Profile insbesondere f\u00fcr Posten im Operationssaal oder auf der Intensivstation zu finden. Die luxemburgischen Pflegeeinrichtungen haben einen gro\u00dfen Bedarf an [&hellip;]<\/p>\n","protected":false},"author":7,"featured_media":0,"parent":7308,"menu_order":1,"comment_status":"closed","ping_status":"closed","template":"","meta":{"inline_featured_image":false,"footnotes":""},"tags":[],"frge_profile":[],"class_list":["post-7312","page","type-page","status-publish","hentry"],"yoast_head":"<!-- This site is optimized with the Yoast SEO plugin v27.1.1 - https:\/\/yoast.com\/product\/yoast-seo-wordpress\/ -->\n<title>Die Berufe des Fachkrankenpflegers - Frontaliers Grand Est<\/title>\n<meta name=\"robots\" content=\"index, follow, max-snippet:-1, max-image-preview:large, max-video-preview:-1\" \/>\n<link rel=\"canonical\" href=\"https:\/\/frontaliers-grandest.eu\/de\/startseite\/arbeitsuchende\/einen-job-in-luxemburg-finden\/einen-beruf-entdecken\/der-beruf-des-krankenpflegers\/die-berufe-des-fachkrankenpflegers\/\" \/>\n<meta property=\"og:locale\" content=\"de_DE\" \/>\n<meta property=\"og:type\" content=\"article\" \/>\n<meta property=\"og:title\" content=\"Die Berufe des Fachkrankenpflegers - Frontaliers Grand Est\" \/>\n<meta property=\"og:description\" content=\"Die Krankenpfleger haben in unterschiedlichen Sektoren die M\u00f6glichkeit, sich zum&nbsp;Fachkrankenpfleger&nbsp;weiterzuentwickeln: Intensivstation, P\u00e4diatrie, Psychiatrie, Organisation usw. Andere medizinische Spezialit\u00e4ten sind denkbar, aber wir konzentrieren uns auf die reglementierten Fachberufe. In Luxemburg ist es ausgesprochen problematisch, qualifizierte Profile insbesondere f\u00fcr Posten im Operationssaal oder auf der Intensivstation zu finden. Die luxemburgischen Pflegeeinrichtungen haben einen gro\u00dfen Bedarf an [&hellip;]\" \/>\n<meta property=\"og:url\" content=\"https:\/\/frontaliers-grandest.eu\/de\/startseite\/arbeitsuchende\/einen-job-in-luxemburg-finden\/einen-beruf-entdecken\/der-beruf-des-krankenpflegers\/die-berufe-des-fachkrankenpflegers\/\" \/>\n<meta property=\"og:site_name\" content=\"Frontaliers Grand Est\" \/>\n<meta property=\"article:publisher\" content=\"https:\/\/www.facebook.com\/frontaliers.GR.EST\/?locale=fr_FR\" \/>\n<meta property=\"article:modified_time\" content=\"2024-03-13T10:45:44+00:00\" \/>\n<meta name=\"twitter:card\" content=\"summary_large_image\" \/>\n<meta name=\"twitter:label1\" content=\"Gesch\u00e4tzte Lesezeit\" \/>\n\t<meta name=\"twitter:data1\" content=\"3\u00a0Minuten\" \/>\n<script type=\"application\/ld+json\" class=\"yoast-schema-graph\">{\"@context\":\"https:\/\/schema.org\",\"@graph\":[{\"@type\":\"WebPage\",\"@id\":\"https:\/\/frontaliers-grandest.eu\/de\/startseite\/arbeitsuchende\/einen-job-in-luxemburg-finden\/einen-beruf-entdecken\/der-beruf-des-krankenpflegers\/die-berufe-des-fachkrankenpflegers\/\",\"url\":\"https:\/\/frontaliers-grandest.eu\/de\/startseite\/arbeitsuchende\/einen-job-in-luxemburg-finden\/einen-beruf-entdecken\/der-beruf-des-krankenpflegers\/die-berufe-des-fachkrankenpflegers\/\",\"name\":\"Die Berufe des Fachkrankenpflegers - Frontaliers Grand Est\",\"isPartOf\":{\"@id\":\"https:\/\/frontaliers-grandest.eu\/de\/#website\"},\"datePublished\":\"2021-05-07T08:59:31+00:00\",\"dateModified\":\"2024-03-13T10:45:44+00:00\",\"breadcrumb\":{\"@id\":\"https:\/\/frontaliers-grandest.eu\/de\/startseite\/arbeitsuchende\/einen-job-in-luxemburg-finden\/einen-beruf-entdecken\/der-beruf-des-krankenpflegers\/die-berufe-des-fachkrankenpflegers\/#breadcrumb\"},\"inLanguage\":\"de\",\"potentialAction\":[{\"@type\":\"ReadAction\",\"target\":[\"https:\/\/frontaliers-grandest.eu\/de\/startseite\/arbeitsuchende\/einen-job-in-luxemburg-finden\/einen-beruf-entdecken\/der-beruf-des-krankenpflegers\/die-berufe-des-fachkrankenpflegers\/\"]}]},{\"@type\":\"BreadcrumbList\",\"@id\":\"https:\/\/frontaliers-grandest.eu\/de\/startseite\/arbeitsuchende\/einen-job-in-luxemburg-finden\/einen-beruf-entdecken\/der-beruf-des-krankenpflegers\/die-berufe-des-fachkrankenpflegers\/#breadcrumb\",\"itemListElement\":[{\"@type\":\"ListItem\",\"position\":1,\"name\":\"Startseite\",\"item\":\"https:\/\/frontaliers-grandest.eu\/de\/\"},{\"@type\":\"ListItem\",\"position\":2,\"name\":\"Arbeitsuchende\",\"item\":\"https:\/\/frontaliers-grandest.eu\/de\/startseite\/arbeitsuchende\/\"},{\"@type\":\"ListItem\",\"position\":3,\"name\":\"Einen Job in Luxemburg finden\",\"item\":\"https:\/\/frontaliers-grandest.eu\/de\/startseite\/arbeitsuchende\/einen-job-in-luxemburg-finden\/\"},{\"@type\":\"ListItem\",\"position\":4,\"name\":\"Einen Beruf Entdecken\",\"item\":\"https:\/\/frontaliers-grandest.eu\/de\/startseite\/arbeitsuchende\/einen-job-in-luxemburg-finden\/einen-beruf-entdecken\/\"},{\"@type\":\"ListItem\",\"position\":5,\"name\":\"Der Beruf des Krankenpflegers\",\"item\":\"https:\/\/frontaliers-grandest.eu\/de\/startseite\/arbeitsuchende\/einen-job-in-luxemburg-finden\/einen-beruf-entdecken\/der-beruf-des-krankenpflegers\/\"},{\"@type\":\"ListItem\",\"position\":6,\"name\":\"Die Berufe des Fachkrankenpflegers\"}]},{\"@type\":\"WebSite\",\"@id\":\"https:\/\/frontaliers-grandest.eu\/de\/#website\",\"url\":\"https:\/\/frontaliers-grandest.eu\/de\/\",\"name\":\"Frontaliers Grand Est\",\"description\":\"Le site ressource du travail frontalier\",\"publisher\":{\"@id\":\"https:\/\/frontaliers-grandest.eu\/de\/#organization\"},\"alternateName\":\"Frontaliers Grand Est\",\"potentialAction\":[{\"@type\":\"SearchAction\",\"target\":{\"@type\":\"EntryPoint\",\"urlTemplate\":\"https:\/\/frontaliers-grandest.eu\/de\/?s={search_term_string}\"},\"query-input\":{\"@type\":\"PropertyValueSpecification\",\"valueRequired\":true,\"valueName\":\"search_term_string\"}}],\"inLanguage\":\"de\"},{\"@type\":\"Organization\",\"@id\":\"https:\/\/frontaliers-grandest.eu\/de\/#organization\",\"name\":\"Frontaliers Grand Est\",\"alternateName\":\"Frontaliers Grand Est\",\"url\":\"https:\/\/frontaliers-grandest.eu\/de\/\",\"logo\":{\"@type\":\"ImageObject\",\"inLanguage\":\"de\",\"@id\":\"https:\/\/frontaliers-grandest.eu\/de\/#\/schema\/logo\/image\/\",\"url\":\"https:\/\/frontaliers-grandest.eu\/wp-content\/uploads\/2025\/07\/260328234_2966785176920310_3332838526503858160_n.jpg\",\"contentUrl\":\"https:\/\/frontaliers-grandest.eu\/wp-content\/uploads\/2025\/07\/260328234_2966785176920310_3332838526503858160_n.jpg\",\"width\":396,\"height\":396,\"caption\":\"Frontaliers Grand Est\"},\"image\":{\"@id\":\"https:\/\/frontaliers-grandest.eu\/de\/#\/schema\/logo\/image\/\"},\"sameAs\":[\"https:\/\/www.facebook.com\/frontaliers.GR.EST\/?locale=fr_FR\"]}]}<\/script>\n<!-- \/ Yoast SEO plugin. -->","yoast_head_json":{"title":"Die Berufe des Fachkrankenpflegers - Frontaliers Grand Est","robots":{"index":"index","follow":"follow","max-snippet":"max-snippet:-1","max-image-preview":"max-image-preview:large","max-video-preview":"max-video-preview:-1"},"canonical":"https:\/\/frontaliers-grandest.eu\/de\/startseite\/arbeitsuchende\/einen-job-in-luxemburg-finden\/einen-beruf-entdecken\/der-beruf-des-krankenpflegers\/die-berufe-des-fachkrankenpflegers\/","og_locale":"de_DE","og_type":"article","og_title":"Die Berufe des Fachkrankenpflegers - Frontaliers Grand Est","og_description":"Die Krankenpfleger haben in unterschiedlichen Sektoren die M\u00f6glichkeit, sich zum&nbsp;Fachkrankenpfleger&nbsp;weiterzuentwickeln: Intensivstation, P\u00e4diatrie, Psychiatrie, Organisation usw. Andere medizinische Spezialit\u00e4ten sind denkbar, aber wir konzentrieren uns auf die reglementierten Fachberufe. In Luxemburg ist es ausgesprochen problematisch, qualifizierte Profile insbesondere f\u00fcr Posten im Operationssaal oder auf der Intensivstation zu finden. Die luxemburgischen Pflegeeinrichtungen haben einen gro\u00dfen Bedarf an [&hellip;]","og_url":"https:\/\/frontaliers-grandest.eu\/de\/startseite\/arbeitsuchende\/einen-job-in-luxemburg-finden\/einen-beruf-entdecken\/der-beruf-des-krankenpflegers\/die-berufe-des-fachkrankenpflegers\/","og_site_name":"Frontaliers Grand Est","article_publisher":"https:\/\/www.facebook.com\/frontaliers.GR.EST\/?locale=fr_FR","article_modified_time":"2024-03-13T10:45:44+00:00","twitter_card":"summary_large_image","twitter_misc":{"Gesch\u00e4tzte Lesezeit":"3\u00a0Minuten"},"schema":{"@context":"https:\/\/schema.org","@graph":[{"@type":"WebPage","@id":"https:\/\/frontaliers-grandest.eu\/de\/startseite\/arbeitsuchende\/einen-job-in-luxemburg-finden\/einen-beruf-entdecken\/der-beruf-des-krankenpflegers\/die-berufe-des-fachkrankenpflegers\/","url":"https:\/\/frontaliers-grandest.eu\/de\/startseite\/arbeitsuchende\/einen-job-in-luxemburg-finden\/einen-beruf-entdecken\/der-beruf-des-krankenpflegers\/die-berufe-des-fachkrankenpflegers\/","name":"Die Berufe des Fachkrankenpflegers - Frontaliers Grand Est","isPartOf":{"@id":"https:\/\/frontaliers-grandest.eu\/de\/#website"},"datePublished":"2021-05-07T08:59:31+00:00","dateModified":"2024-03-13T10:45:44+00:00","breadcrumb":{"@id":"https:\/\/frontaliers-grandest.eu\/de\/startseite\/arbeitsuchende\/einen-job-in-luxemburg-finden\/einen-beruf-entdecken\/der-beruf-des-krankenpflegers\/die-berufe-des-fachkrankenpflegers\/#breadcrumb"},"inLanguage":"de","potentialAction":[{"@type":"ReadAction","target":["https:\/\/frontaliers-grandest.eu\/de\/startseite\/arbeitsuchende\/einen-job-in-luxemburg-finden\/einen-beruf-entdecken\/der-beruf-des-krankenpflegers\/die-berufe-des-fachkrankenpflegers\/"]}]},{"@type":"BreadcrumbList","@id":"https:\/\/frontaliers-grandest.eu\/de\/startseite\/arbeitsuchende\/einen-job-in-luxemburg-finden\/einen-beruf-entdecken\/der-beruf-des-krankenpflegers\/die-berufe-des-fachkrankenpflegers\/#breadcrumb","itemListElement":[{"@type":"ListItem","position":1,"name":"Startseite","item":"https:\/\/frontaliers-grandest.eu\/de\/"},{"@type":"ListItem","position":2,"name":"Arbeitsuchende","item":"https:\/\/frontaliers-grandest.eu\/de\/startseite\/arbeitsuchende\/"},{"@type":"ListItem","position":3,"name":"Einen Job in Luxemburg finden","item":"https:\/\/frontaliers-grandest.eu\/de\/startseite\/arbeitsuchende\/einen-job-in-luxemburg-finden\/"},{"@type":"ListItem","position":4,"name":"Einen Beruf Entdecken","item":"https:\/\/frontaliers-grandest.eu\/de\/startseite\/arbeitsuchende\/einen-job-in-luxemburg-finden\/einen-beruf-entdecken\/"},{"@type":"ListItem","position":5,"name":"Der Beruf des Krankenpflegers","item":"https:\/\/frontaliers-grandest.eu\/de\/startseite\/arbeitsuchende\/einen-job-in-luxemburg-finden\/einen-beruf-entdecken\/der-beruf-des-krankenpflegers\/"},{"@type":"ListItem","position":6,"name":"Die Berufe des Fachkrankenpflegers"}]},{"@type":"WebSite","@id":"https:\/\/frontaliers-grandest.eu\/de\/#website","url":"https:\/\/frontaliers-grandest.eu\/de\/","name":"Frontaliers Grand Est","description":"Le site ressource du travail frontalier","publisher":{"@id":"https:\/\/frontaliers-grandest.eu\/de\/#organization"},"alternateName":"Frontaliers Grand Est","potentialAction":[{"@type":"SearchAction","target":{"@type":"EntryPoint","urlTemplate":"https:\/\/frontaliers-grandest.eu\/de\/?s={search_term_string}"},"query-input":{"@type":"PropertyValueSpecification","valueRequired":true,"valueName":"search_term_string"}}],"inLanguage":"de"},{"@type":"Organization","@id":"https:\/\/frontaliers-grandest.eu\/de\/#organization","name":"Frontaliers Grand Est","alternateName":"Frontaliers Grand Est","url":"https:\/\/frontaliers-grandest.eu\/de\/","logo":{"@type":"ImageObject","inLanguage":"de","@id":"https:\/\/frontaliers-grandest.eu\/de\/#\/schema\/logo\/image\/","url":"https:\/\/frontaliers-grandest.eu\/wp-content\/uploads\/2025\/07\/260328234_2966785176920310_3332838526503858160_n.jpg","contentUrl":"https:\/\/frontaliers-grandest.eu\/wp-content\/uploads\/2025\/07\/260328234_2966785176920310_3332838526503858160_n.jpg","width":396,"height":396,"caption":"Frontaliers Grand Est"},"image":{"@id":"https:\/\/frontaliers-grandest.eu\/de\/#\/schema\/logo\/image\/"},"sameAs":["https:\/\/www.facebook.com\/frontaliers.GR.EST\/?locale=fr_FR"]}]}},"frge_page_order":0,"_links":{"self":[{"href":"https:\/\/frontaliers-grandest.eu\/de\/wp-json\/wp\/v2\/pages\/7312","targetHints":{"allow":["GET"]}}],"collection":[{"href":"https:\/\/frontaliers-grandest.eu\/de\/wp-json\/wp\/v2\/pages"}],"about":[{"href":"https:\/\/frontaliers-grandest.eu\/de\/wp-json\/wp\/v2\/types\/page"}],"author":[{"embeddable":true,"href":"https:\/\/frontaliers-grandest.eu\/de\/wp-json\/wp\/v2\/users\/7"}],"replies":[{"embeddable":true,"href":"https:\/\/frontaliers-grandest.eu\/de\/wp-json\/wp\/v2\/comments?post=7312"}],"version-history":[{"count":2,"href":"https:\/\/frontaliers-grandest.eu\/de\/wp-json\/wp\/v2\/pages\/7312\/revisions"}],"predecessor-version":[{"id":34602,"href":"https:\/\/frontaliers-grandest.eu\/de\/wp-json\/wp\/v2\/pages\/7312\/revisions\/34602"}],"up":[{"embeddable":true,"href":"https:\/\/frontaliers-grandest.eu\/de\/wp-json\/wp\/v2\/pages\/7308"}],"wp:attachment":[{"href":"https:\/\/frontaliers-grandest.eu\/de\/wp-json\/wp\/v2\/media?parent=7312"}],"wp:term":[{"taxonomy":"post_tag","embeddable":true,"href":"https:\/\/frontaliers-grandest.eu\/de\/wp-json\/wp\/v2\/tags?post=7312"},{"taxonomy":"frge_profile","embeddable":true,"href":"https:\/\/frontaliers-grandest.eu\/de\/wp-json\/wp\/v2\/frge_profile?post=7312"}],"curies":[{"name":"wp","href":"https:\/\/api.w.org\/{rel}","templated":true}]}}