{"id":7310,"date":"2021-05-07T10:48:31","date_gmt":"2021-05-07T08:48:31","guid":{"rendered":"https:\/\/frontaliers-grandest.eu\/?page_id=7310"},"modified":"2024-03-13T11:45:26","modified_gmt":"2024-03-13T10:45:26","slug":"fur-die-allgemeine-pflege-verantwortlicher-krankenpfleger","status":"publish","type":"page","link":"https:\/\/frontaliers-grandest.eu\/de\/startseite\/arbeitsuchende\/einen-job-in-luxemburg-finden\/einen-beruf-entdecken\/der-beruf-des-krankenpflegers\/fur-die-allgemeine-pflege-verantwortlicher-krankenpfleger\/","title":{"rendered":"F\u00fcr die allgemeine Pflege verantwortlicher Krankenpfleger"},"content":{"rendered":"\n<p>Der Beruf des f\u00fcr die allgemeine Pflege verantwortlichen Krankenpflegers ist in Luxemburg reglementiert.<\/p>\n\n\n\n<h4 class=\"wp-block-heading\"><strong>Aufgaben<\/strong><\/h4>\n\n\n\n<p>Der Krankenpfleger ist w\u00e4hrend der Dauer seines Aufenthalts in einer Pflegeeinrichtung eine Bezugsperson f\u00fcr den Patienten. Er beruhigt, betreut und umgibt den Patienten.<\/p>\n\n\n\n<ul class=\"wp-block-list\">\n<li>Er arbeitet eng mit den \u00c4rzten und anderen Fachleuten des Gesundheitswesens zusammen.<\/li>\n\n\n\n<li>Er verabreicht seine Behandlung selbstst\u00e4ndig und auf \u00e4rztliche Vorschrift.<\/li>\n\n\n\n<li>Er plant f\u00fcr jeden Patienten ein individuelles Betreuungsprogramm, das er umsetzt.<\/li>\n<\/ul>\n\n\n\n<p>Er besitzt Kenntnis auf dem Gebiet des&nbsp;<strong>Gesundheits- und Sozialrechts&nbsp;<\/strong>und ggf. im Bereich der&nbsp;<strong>luxemburgischen Ethik.<\/strong>&nbsp;Kontakt- und Kommunikationsfreude geh\u00f6ren zu den erforderlichen Eigenschaften.<\/p>\n\n\n\n<h4 class=\"wp-block-heading\"><strong>Arbeitsort<\/strong><\/h4>\n\n\n\n<h5 class=\"wp-block-heading\"><strong>Er kann an unterschiedlichen Arbeitsorten eingesetzt werden&nbsp;:<\/strong><\/h5>\n\n\n\n<ul class=\"wp-block-list\">\n<li>Pflegeeinheiten der Krankenh\u00e4user,<\/li>\n\n\n\n<li>Seniorenheime,<\/li>\n\n\n\n<li>Pflegedienstleistungen und Schaffung besserer M\u00f6glichkeiten f\u00fcr \u00e4lterer Menschen, in der eigenen Wohnung zu bleiben,<\/li>\n\n\n\n<li>Reha-Zentren,<\/li>\n\n\n\n<li>Sozialmedizinische Einrichtungen und Schulmedizin,<\/li>\n\n\n\n<li>Arzt- oder Behandlungspraxen,<\/li>\n\n\n\n<li>Weltorganisationen (MSF, UNICEF&#8230;),<\/li>\n\n\n\n<li>Unterschiedliche Unternehmen (Privatkrippen usw.).<\/li>\n<\/ul>\n\n\n\n<h4 class=\"wp-block-heading\"><strong>Die Krankenpflegerausbildung in Luxemburg<\/strong><\/h4>\n\n\n\n<p>Die Ausbildung zum Krankenpfleger erfolgt in Luxemburg ab der 12. Klasse im berufsbildenden Gymnasium f\u00fcr Berufe des Gesundheitswesens (es gibt drei Standorte in Luxembourg, Bascharage, Warken). Sie umfasst eine zweij\u00e4hrige Ausbildung in der Sekundarstufe und eine zweij\u00e4hrige Ausbildung in der Hochschule bzw. insgesamt vier Jahre. Im Allgemeinen wird sie in der deutschen Sprache absolviert, aber das berufsbildende Gymnasium kann auch eine franz\u00f6sischsprachige Sektion organisieren. Diese Ausbildung wird mit dem BTS des f\u00fcr die allgemeine Pflege verantwortlichen Krankenpflegers abgeschlossen.<\/p>\n\n\n\n<h4 class=\"wp-block-heading\"><strong>Die Anerkennung ausl\u00e4ndischer Berufszeugnisse<\/strong><\/h4>\n\n\n\n<h5 class=\"wp-block-heading\"><strong>Bewerber aus der Europ\u00e4ischen Union<\/strong>&nbsp;:<\/h5>\n\n\n\n<p>Jedem europ\u00e4ischen Krankenpfleger steht es frei, im Staat der Gemeinschaft seiner Wahl zu arbeiten und sich als abh\u00e4ngiger Arbeitnehmer, Selbstst\u00e4ndiger niederzulassen oder gar ein Unternehmen zu gr\u00fcnden, sofern er die f\u00fcr die Aus\u00fcbung erforderlichen Bedingungen erf\u00fcllt.<\/p>\n\n\n\n<p>F\u00fcr den Zugang zum reglementierten Beruf in einem Mitgliedsaat der Europ\u00e4ischen Union ist es erforderlich, eine&nbsp;<strong>in einem europ\u00e4ischen Land organisierte Krankenpflegerausbildung absolviert zu haben&nbsp;<\/strong>und im Besitz des Berufszeugnisses zu sein, das die Aus\u00fcbung des Berufs erm\u00f6glicht. Das franz\u00f6sische Berufszeugnis wird folglich anerkannt. Die Ausbildungen wurden innerhalb Europas vereinheitlicht, um den Anforderungen der Europ\u00e4ischen Richtlinie Rechnung zu tragen<a href=\"https:\/\/www.frontaliers-grandest.eu\/de\/demandeurs-d-emploi\/trouver-un-emploi-au-luxembourg\/decouvrez-un-metier\/infirmier-responsable-des-soins-generaux#_ftn2\"><\/a>.<\/p>\n\n\n\n<h5 class=\"wp-block-heading\"><strong>Bewerber au\u00dferhalb der Europ\u00e4ischen Union<\/strong>&nbsp;:<\/h5>\n\n\n\n<p>Zum Zwecke der&nbsp;<strong>Anerkennung seiner Berufsqualifikationen au\u00dferhalb der Europ\u00e4ischen Union (EU)<\/strong>&nbsp;muss der Bewerber Folgendes belegen:<\/p>\n\n\n\n<ul class=\"wp-block-list\">\n<li>Ein&nbsp;<strong>Berufszeugnis,<\/strong>&nbsp;das von einem Drittland erteilt wurde und von einem Mitgliedstaat der EU offiziell anerkannt wurde<\/li>\n\n\n\n<li>Und eine&nbsp;<strong>3-j\u00e4hrige Berufserfahrung<\/strong>&nbsp;in diesem Mitgliedstaat.<\/li>\n<\/ul>\n\n\n\n<p><strong>Die uFormalit\u00e4ten zur Anerkennung des Berufszeugnisses<\/strong><\/p>\n\n\n\n<p>Auch wenn die Anerkennung \u201eautomatisch\u201c ist, sind die Bewerber aus der Europ\u00e4ischen Union verpflichtet,&nbsp;<strong>ihr Berufszeugnis in Luxemburg&nbsp;<\/strong>anerkennen zu lassen beim:<\/p>\n\n\n\n<figure class=\"wp-block-pullquote\"><blockquote><p><strong>Minist\u00e8re de l&#8217;Education Nationale, de l\u2019Enfance et de la Jeunesse&nbsp;<\/strong><br><strong>(Ministerium f\u00fcr Bildung, Kinder und Jugendliche)<\/strong><br>Service de reconnaissance des dipl\u00f4mes (Anerkennungsdienst)&nbsp;<br>29, rue Aldringen<br>L-2926 Luxemburg<br>Tel. 00&nbsp;352&nbsp;247 85910<br><a href=\"http:\/\/www.men.public.lu\/home\/index.html\" target=\"_blank\" rel=\"noreferrer noopener\">www.men.public.lu<\/a><\/p><\/blockquote><\/figure>\n\n\n\n<p><strong>Mit dem Antrag sind die nachstehenden Unterlagen einzureichen :<\/strong><\/p>\n\n\n\n<ul class=\"wp-block-list\">\n<li>Eine beglaubigte Kopie eines Ausweispapiers,<\/li>\n\n\n\n<li>Ein ausf\u00fchrlicher und chronologischer Lebenslauf<strong>,<\/strong><\/li>\n\n\n\n<li>Eine beglaubigte Abschrift des\/der Berufszeugniss(e) \/Bescheinigung(en) \/Berufszeichnung(en).<\/li>\n<\/ul>\n\n\n\n<p>In diesem Zusammenhang wird eine Geb\u00fchr von 75 \u20ac f\u00e4llig.<br>Die Antragsformulare und die Liste der dem Antrag beizuf\u00fcgenden Unterlagen finden Sie auf der Website der luxemburgischen Anlaufstelle,&nbsp;<a href=\"https:\/\/guichet.public.lu\/fr.html\" target=\"_blank\" rel=\"noreferrer noopener\">https:\/\/guichet.public.lu<\/a>, Rubrik Bildung.<\/p>\n\n\n\n<p>F\u00fcr Bewerber aus der Europ\u00e4ischen Union werden die Berufszeugnisse des f\u00fcr die allgemeine Pflege verantwortlichen Krankenpflegers gegen Vorlage der Berufsbezeichnung anerkannt, ohne dass eine Pr\u00fcfung der Ausbildung stattfindet.<\/p>\n\n\n\n<h4 class=\"wp-block-heading\"><strong>Genehmigung zur Aus\u00fcbung des Berufs<\/strong><\/h4>\n\n\n\n<p>Nach der Anerkennung seines Berufszeugnisses ist der Bewerber verpflichtet, einen Antrag auf&nbsp;<strong>Genehmigung der Aus\u00fcbung des Berufs&nbsp;<\/strong>beim&nbsp;:<\/p>\n\n\n\n<figure class=\"wp-block-pullquote\"><blockquote><p><strong>Minist\u00e8re de la Sant\u00e9<\/strong><br>All\u00e9e Marconi &#8211; Villa Louvigny<br>L-2120 Luxemburg<br><a href=\"http:\/\/www.ms.etat.lu\/\" target=\"_blank\" rel=\"noreferrer noopener\">http:\/\/www.ms.etat.lu\/<\/a><\/p><\/blockquote><\/figure>\n\n\n\n<h5 class=\"wp-block-heading\">Der Genehmigung zur Aus\u00fcbung des Berufs werden im Anhang die nachstehenden Unterlagen beigef\u00fcgt :<\/h5>\n\n\n\n<ul class=\"wp-block-list\">\n<li>Bescheinigung Minist\u00e8re de l&#8217;Education Nationale et de la Formation Professionnelle (Ministerium f\u00fcr Bildung und Berufsbildung) \u00fcber die Anerkennung des Berufszeugnisses,<\/li>\n\n\n\n<li>ein Auszug aus dem Strafregister, der nicht \u00e4lter als drei Monate sein kann, sowie ein F\u00fchrungszeugnis, das vom Sch\u00f6ffenkollegium erstellt wurde,<\/li>\n\n\n\n<li>die beglaubigte Kopie eines Ausweispapiers,<\/li>\n\n\n\n<li>Aufenthaltsgenehmigung (im Fall eines Drittlands),<\/li>\n\n\n\n<li>Ein ausf\u00fchrlicher und chronologischer Lebenslauf (Ausbildung, Berufserfahrung, berufliche Referenzen),<\/li>\n\n\n\n<li>Eine \u00e4rztliche Eignungsbescheinigung f\u00fcr die Aus\u00fcbung des betreffenden B\u00fcros, die nicht \u00e4lter als drei Monate ist.<\/li>\n<\/ul>\n\n\n\n<h4 class=\"wp-block-heading\"><strong>Eintragung in das Berufsverzeichnis<\/strong><\/h4>\n\n\n\n<p>Die Person, die berechtigt ist, den Beruf des Krankenpflegers auszu\u00fcben, muss sich im&nbsp;<strong>Berufsverzeichnis<\/strong>&nbsp;eintragen lassen, dass beim Gesundheitsministerium gef\u00fchrt wird. Das Verzeichnis verweist auf den Namen, Vornamen, das Geschlecht, das Geburtsdatum und die gesch\u00e4ftliche Anschrift der betreffenden Person, ihre Staatsangeh\u00f6rigkeit, den ausge\u00fcbten Beruf, die Termine der Zuerkennung des Berufsabschlusses und der Genehmigung zur Aus\u00fcbung des Berufs, das Land, in dem der Berufsabschluss absolviert wurde, sowie die Berufsbezeichnungen.<\/p>\n\n\n\n<h4 class=\"wp-block-heading\"><strong>Beherrschung der luxemburgischen Sprache&nbsp;<\/strong><\/h4>\n\n\n\n<p>Die Beherrschung der luxemburgischen Sprache wird bei der Einstellung nicht verlangt. Eine bestimmte Anzahl Krankenpfleger wird in einem mehrsprachigen Umfeld mit Grundkenntnissen in der luxemburgischen Sprache eingestellt.<\/p>\n\n\n\n<p>Eine bestimmte Anzahl \u00e4lterer Patienten sind einzig der luxemburgischen Sprache m\u00e4chtig. Im Interesse der gepflegten Person wird die Beherrschung der luxemburgischen Sprache w\u00e4rmstens empfohlen.<\/p>\n\n\n\n<p>Sie m\u00fcssen die Hinweise der&nbsp;<strong>Europ\u00e4ischen Union im Hinterkopf behalten, die ihre Haftung als Fachmann im Gesundheitswesen nach sich ziehen:<\/strong><\/p>\n\n\n\n<p>So hei\u00dft es in der Europ\u00e4ischen Richtlinie: \u201eDie Fachleute, die Anspruch auf die Anerkennung der Berufsqualifikationen haben, m\u00fcssen die f\u00fcr die Aus\u00fcbung des Berufs im Gastland erforderlichen Sprachkenntnisse besitzen.\u201c (freie \u00dcbersetzung d.\u00dc.)<br><strong>Allgemein m\u00fcssen Sie auf die Sprachkenntnisse achten, da Sie gem\u00e4\u00df der Europ\u00e4ischen Richtlinie \u201ezivil- oder strafrechtlich haftbar gemacht werden k\u00f6nnen, wenn Sie in der Folge unzureichender Sprachkenntnisse einen Fehler bei der Aus\u00fcbung Ihrer Funktionen begehen\u201c. (freie \u00dcbersetzung d.\u00dc.)<\/strong><\/p>\n\n\n\n<h5 class=\"wp-block-heading\"><strong>Luxemburgisch-Kurse k\u00f6nnen vom Arbeitgeber gefordert werden<\/strong><\/h5>\n\n\n\n<p>Das System des Sprachurlaubs erm\u00f6glicht Ihnen die Verbesserung Ihres Niveaus des Luxemburgischen. Der Sprachurlaub er\u00f6ffnet einen Anspruch auf 200 Stunden \u00fcber die gesamte berufliche Laufbahn, um den Arbeitnehmern das Erlernen und die Verbesserung der Kenntnis der luxemburgischen Sprache zu erm\u00f6glichen.<br>Informationen und Antragsformular auf der Website der luxemburgischen Anlaufstelle&nbsp;<a href=\"https:\/\/guichet.public.lu\/fr.html\" target=\"_blank\" rel=\"noreferrer noopener\">www.guichet.public.lu<\/a><strong>, Rubrik Besch\u00e4ftigung.<\/strong><\/p>\n\n\n\n<h4 class=\"wp-block-heading\"><strong>Die Fortbildung der Krankenpfleger<\/strong><\/h4>\n\n\n\n<p>Seit 1992 sind f\u00fcr Krankenpfleger mit dem Gesetz \u00fcber die Aufwertung bestimmter Gesundheitsberufe j\u00e4hrlich 40 Stunden Fortbildung obligatorisch.<\/p>\n\n\n\n<h4 class=\"wp-block-heading\"><strong>Geh\u00e4lter<\/strong><\/h4>\n\n\n\n<p>Die Geh\u00e4lter st\u00fctzen sich auf den Tarifvertrag der F\u00e9d\u00e9ration des H\u00f4pitaux Luxembourgeois (FHL) f\u00fcr Krankenh\u00e4user und des Secteur d\u2019Aide et de Soins et Secteur Social (Gesundheits-, Pflege- und Sozialsektor &#8211; SAS) f\u00fcr die ambulanten Behandlungen. Sie sind weitaus h\u00f6her als in Frankreich.<\/p>\n\n\n\n<h5 class=\"wp-block-heading\">Gehaltsbeispiel:<\/h5>\n\n\n\n<ul class=\"wp-block-list\">\n<li>Krankenpfleger Anf\u00e4nger: 4&nbsp;398 \u20ac brutto,<\/li>\n\n\n\n<li>Dauer der Betriebszugeh\u00f6rigkeit von 10 Jahren: 5&nbsp;548,54 \u20ac<\/li>\n\n\n\n<li>Dauer der Betriebszugeh\u00f6rigkeit von 20 Jahren: 6&nbsp;699,07 \u20ac<\/li>\n<\/ul>\n","protected":false},"excerpt":{"rendered":"<p>Der Beruf des f\u00fcr die allgemeine Pflege verantwortlichen Krankenpflegers ist in Luxemburg reglementiert. Aufgaben Der Krankenpfleger ist w\u00e4hrend der Dauer seines Aufenthalts in einer Pflegeeinrichtung eine Bezugsperson f\u00fcr den Patienten. Er beruhigt, betreut und umgibt den Patienten. Er besitzt Kenntnis auf dem Gebiet des&nbsp;Gesundheits- und Sozialrechts&nbsp;und ggf. im Bereich der&nbsp;luxemburgischen Ethik.&nbsp;Kontakt- und Kommunikationsfreude geh\u00f6ren zu [&hellip;]<\/p>\n","protected":false},"author":7,"featured_media":0,"parent":7308,"menu_order":0,"comment_status":"closed","ping_status":"closed","template":"","meta":{"inline_featured_image":false,"footnotes":""},"tags":[],"frge_profile":[],"class_list":["post-7310","page","type-page","status-publish","hentry"],"yoast_head":"<!-- This site is optimized with the Yoast SEO plugin v27.1.1 - https:\/\/yoast.com\/product\/yoast-seo-wordpress\/ -->\n<title>F\u00fcr die allgemeine Pflege verantwortlicher Krankenpfleger - Frontaliers Grand Est<\/title>\n<meta name=\"robots\" content=\"index, follow, max-snippet:-1, max-image-preview:large, max-video-preview:-1\" \/>\n<link rel=\"canonical\" href=\"https:\/\/frontaliers-grandest.eu\/de\/startseite\/arbeitsuchende\/einen-job-in-luxemburg-finden\/einen-beruf-entdecken\/der-beruf-des-krankenpflegers\/fur-die-allgemeine-pflege-verantwortlicher-krankenpfleger\/\" \/>\n<meta property=\"og:locale\" content=\"de_DE\" \/>\n<meta property=\"og:type\" content=\"article\" \/>\n<meta property=\"og:title\" content=\"F\u00fcr die allgemeine Pflege verantwortlicher Krankenpfleger - Frontaliers Grand Est\" \/>\n<meta property=\"og:description\" content=\"Der Beruf des f\u00fcr die allgemeine Pflege verantwortlichen Krankenpflegers ist in Luxemburg reglementiert. Aufgaben Der Krankenpfleger ist w\u00e4hrend der Dauer seines Aufenthalts in einer Pflegeeinrichtung eine Bezugsperson f\u00fcr den Patienten. Er beruhigt, betreut und umgibt den Patienten. Er besitzt Kenntnis auf dem Gebiet des&nbsp;Gesundheits- und Sozialrechts&nbsp;und ggf. im Bereich der&nbsp;luxemburgischen Ethik.&nbsp;Kontakt- und Kommunikationsfreude geh\u00f6ren zu [&hellip;]\" \/>\n<meta property=\"og:url\" content=\"https:\/\/frontaliers-grandest.eu\/de\/startseite\/arbeitsuchende\/einen-job-in-luxemburg-finden\/einen-beruf-entdecken\/der-beruf-des-krankenpflegers\/fur-die-allgemeine-pflege-verantwortlicher-krankenpfleger\/\" \/>\n<meta property=\"og:site_name\" content=\"Frontaliers Grand Est\" \/>\n<meta property=\"article:publisher\" content=\"https:\/\/www.facebook.com\/frontaliers.GR.EST\/?locale=fr_FR\" \/>\n<meta property=\"article:modified_time\" content=\"2024-03-13T10:45:26+00:00\" \/>\n<meta name=\"twitter:card\" content=\"summary_large_image\" \/>\n<meta name=\"twitter:label1\" content=\"Gesch\u00e4tzte Lesezeit\" \/>\n\t<meta name=\"twitter:data1\" content=\"5\u00a0Minuten\" \/>\n<script type=\"application\/ld+json\" class=\"yoast-schema-graph\">{\"@context\":\"https:\/\/schema.org\",\"@graph\":[{\"@type\":\"WebPage\",\"@id\":\"https:\/\/frontaliers-grandest.eu\/de\/startseite\/arbeitsuchende\/einen-job-in-luxemburg-finden\/einen-beruf-entdecken\/der-beruf-des-krankenpflegers\/fur-die-allgemeine-pflege-verantwortlicher-krankenpfleger\/\",\"url\":\"https:\/\/frontaliers-grandest.eu\/de\/startseite\/arbeitsuchende\/einen-job-in-luxemburg-finden\/einen-beruf-entdecken\/der-beruf-des-krankenpflegers\/fur-die-allgemeine-pflege-verantwortlicher-krankenpfleger\/\",\"name\":\"F\u00fcr die allgemeine Pflege verantwortlicher Krankenpfleger - Frontaliers Grand Est\",\"isPartOf\":{\"@id\":\"https:\/\/frontaliers-grandest.eu\/de\/#website\"},\"datePublished\":\"2021-05-07T08:48:31+00:00\",\"dateModified\":\"2024-03-13T10:45:26+00:00\",\"breadcrumb\":{\"@id\":\"https:\/\/frontaliers-grandest.eu\/de\/startseite\/arbeitsuchende\/einen-job-in-luxemburg-finden\/einen-beruf-entdecken\/der-beruf-des-krankenpflegers\/fur-die-allgemeine-pflege-verantwortlicher-krankenpfleger\/#breadcrumb\"},\"inLanguage\":\"de\",\"potentialAction\":[{\"@type\":\"ReadAction\",\"target\":[\"https:\/\/frontaliers-grandest.eu\/de\/startseite\/arbeitsuchende\/einen-job-in-luxemburg-finden\/einen-beruf-entdecken\/der-beruf-des-krankenpflegers\/fur-die-allgemeine-pflege-verantwortlicher-krankenpfleger\/\"]}]},{\"@type\":\"BreadcrumbList\",\"@id\":\"https:\/\/frontaliers-grandest.eu\/de\/startseite\/arbeitsuchende\/einen-job-in-luxemburg-finden\/einen-beruf-entdecken\/der-beruf-des-krankenpflegers\/fur-die-allgemeine-pflege-verantwortlicher-krankenpfleger\/#breadcrumb\",\"itemListElement\":[{\"@type\":\"ListItem\",\"position\":1,\"name\":\"Startseite\",\"item\":\"https:\/\/frontaliers-grandest.eu\/de\/\"},{\"@type\":\"ListItem\",\"position\":2,\"name\":\"Arbeitsuchende\",\"item\":\"https:\/\/frontaliers-grandest.eu\/de\/startseite\/arbeitsuchende\/\"},{\"@type\":\"ListItem\",\"position\":3,\"name\":\"Einen Job in Luxemburg finden\",\"item\":\"https:\/\/frontaliers-grandest.eu\/de\/startseite\/arbeitsuchende\/einen-job-in-luxemburg-finden\/\"},{\"@type\":\"ListItem\",\"position\":4,\"name\":\"Einen Beruf Entdecken\",\"item\":\"https:\/\/frontaliers-grandest.eu\/de\/startseite\/arbeitsuchende\/einen-job-in-luxemburg-finden\/einen-beruf-entdecken\/\"},{\"@type\":\"ListItem\",\"position\":5,\"name\":\"Der Beruf des Krankenpflegers\",\"item\":\"https:\/\/frontaliers-grandest.eu\/de\/startseite\/arbeitsuchende\/einen-job-in-luxemburg-finden\/einen-beruf-entdecken\/der-beruf-des-krankenpflegers\/\"},{\"@type\":\"ListItem\",\"position\":6,\"name\":\"F\u00fcr die allgemeine Pflege verantwortlicher Krankenpfleger\"}]},{\"@type\":\"WebSite\",\"@id\":\"https:\/\/frontaliers-grandest.eu\/de\/#website\",\"url\":\"https:\/\/frontaliers-grandest.eu\/de\/\",\"name\":\"Frontaliers Grand Est\",\"description\":\"Le site ressource du travail frontalier\",\"publisher\":{\"@id\":\"https:\/\/frontaliers-grandest.eu\/de\/#organization\"},\"alternateName\":\"Frontaliers Grand Est\",\"potentialAction\":[{\"@type\":\"SearchAction\",\"target\":{\"@type\":\"EntryPoint\",\"urlTemplate\":\"https:\/\/frontaliers-grandest.eu\/de\/?s={search_term_string}\"},\"query-input\":{\"@type\":\"PropertyValueSpecification\",\"valueRequired\":true,\"valueName\":\"search_term_string\"}}],\"inLanguage\":\"de\"},{\"@type\":\"Organization\",\"@id\":\"https:\/\/frontaliers-grandest.eu\/de\/#organization\",\"name\":\"Frontaliers Grand Est\",\"alternateName\":\"Frontaliers Grand Est\",\"url\":\"https:\/\/frontaliers-grandest.eu\/de\/\",\"logo\":{\"@type\":\"ImageObject\",\"inLanguage\":\"de\",\"@id\":\"https:\/\/frontaliers-grandest.eu\/de\/#\/schema\/logo\/image\/\",\"url\":\"https:\/\/frontaliers-grandest.eu\/wp-content\/uploads\/2025\/07\/260328234_2966785176920310_3332838526503858160_n.jpg\",\"contentUrl\":\"https:\/\/frontaliers-grandest.eu\/wp-content\/uploads\/2025\/07\/260328234_2966785176920310_3332838526503858160_n.jpg\",\"width\":396,\"height\":396,\"caption\":\"Frontaliers Grand Est\"},\"image\":{\"@id\":\"https:\/\/frontaliers-grandest.eu\/de\/#\/schema\/logo\/image\/\"},\"sameAs\":[\"https:\/\/www.facebook.com\/frontaliers.GR.EST\/?locale=fr_FR\"]}]}<\/script>\n<!-- \/ Yoast SEO plugin. -->","yoast_head_json":{"title":"F\u00fcr die allgemeine Pflege verantwortlicher Krankenpfleger - Frontaliers Grand Est","robots":{"index":"index","follow":"follow","max-snippet":"max-snippet:-1","max-image-preview":"max-image-preview:large","max-video-preview":"max-video-preview:-1"},"canonical":"https:\/\/frontaliers-grandest.eu\/de\/startseite\/arbeitsuchende\/einen-job-in-luxemburg-finden\/einen-beruf-entdecken\/der-beruf-des-krankenpflegers\/fur-die-allgemeine-pflege-verantwortlicher-krankenpfleger\/","og_locale":"de_DE","og_type":"article","og_title":"F\u00fcr die allgemeine Pflege verantwortlicher Krankenpfleger - Frontaliers Grand Est","og_description":"Der Beruf des f\u00fcr die allgemeine Pflege verantwortlichen Krankenpflegers ist in Luxemburg reglementiert. Aufgaben Der Krankenpfleger ist w\u00e4hrend der Dauer seines Aufenthalts in einer Pflegeeinrichtung eine Bezugsperson f\u00fcr den Patienten. Er beruhigt, betreut und umgibt den Patienten. Er besitzt Kenntnis auf dem Gebiet des&nbsp;Gesundheits- und Sozialrechts&nbsp;und ggf. im Bereich der&nbsp;luxemburgischen Ethik.&nbsp;Kontakt- und Kommunikationsfreude geh\u00f6ren zu [&hellip;]","og_url":"https:\/\/frontaliers-grandest.eu\/de\/startseite\/arbeitsuchende\/einen-job-in-luxemburg-finden\/einen-beruf-entdecken\/der-beruf-des-krankenpflegers\/fur-die-allgemeine-pflege-verantwortlicher-krankenpfleger\/","og_site_name":"Frontaliers Grand Est","article_publisher":"https:\/\/www.facebook.com\/frontaliers.GR.EST\/?locale=fr_FR","article_modified_time":"2024-03-13T10:45:26+00:00","twitter_card":"summary_large_image","twitter_misc":{"Gesch\u00e4tzte Lesezeit":"5\u00a0Minuten"},"schema":{"@context":"https:\/\/schema.org","@graph":[{"@type":"WebPage","@id":"https:\/\/frontaliers-grandest.eu\/de\/startseite\/arbeitsuchende\/einen-job-in-luxemburg-finden\/einen-beruf-entdecken\/der-beruf-des-krankenpflegers\/fur-die-allgemeine-pflege-verantwortlicher-krankenpfleger\/","url":"https:\/\/frontaliers-grandest.eu\/de\/startseite\/arbeitsuchende\/einen-job-in-luxemburg-finden\/einen-beruf-entdecken\/der-beruf-des-krankenpflegers\/fur-die-allgemeine-pflege-verantwortlicher-krankenpfleger\/","name":"F\u00fcr die allgemeine Pflege verantwortlicher Krankenpfleger - Frontaliers Grand Est","isPartOf":{"@id":"https:\/\/frontaliers-grandest.eu\/de\/#website"},"datePublished":"2021-05-07T08:48:31+00:00","dateModified":"2024-03-13T10:45:26+00:00","breadcrumb":{"@id":"https:\/\/frontaliers-grandest.eu\/de\/startseite\/arbeitsuchende\/einen-job-in-luxemburg-finden\/einen-beruf-entdecken\/der-beruf-des-krankenpflegers\/fur-die-allgemeine-pflege-verantwortlicher-krankenpfleger\/#breadcrumb"},"inLanguage":"de","potentialAction":[{"@type":"ReadAction","target":["https:\/\/frontaliers-grandest.eu\/de\/startseite\/arbeitsuchende\/einen-job-in-luxemburg-finden\/einen-beruf-entdecken\/der-beruf-des-krankenpflegers\/fur-die-allgemeine-pflege-verantwortlicher-krankenpfleger\/"]}]},{"@type":"BreadcrumbList","@id":"https:\/\/frontaliers-grandest.eu\/de\/startseite\/arbeitsuchende\/einen-job-in-luxemburg-finden\/einen-beruf-entdecken\/der-beruf-des-krankenpflegers\/fur-die-allgemeine-pflege-verantwortlicher-krankenpfleger\/#breadcrumb","itemListElement":[{"@type":"ListItem","position":1,"name":"Startseite","item":"https:\/\/frontaliers-grandest.eu\/de\/"},{"@type":"ListItem","position":2,"name":"Arbeitsuchende","item":"https:\/\/frontaliers-grandest.eu\/de\/startseite\/arbeitsuchende\/"},{"@type":"ListItem","position":3,"name":"Einen Job in Luxemburg finden","item":"https:\/\/frontaliers-grandest.eu\/de\/startseite\/arbeitsuchende\/einen-job-in-luxemburg-finden\/"},{"@type":"ListItem","position":4,"name":"Einen Beruf Entdecken","item":"https:\/\/frontaliers-grandest.eu\/de\/startseite\/arbeitsuchende\/einen-job-in-luxemburg-finden\/einen-beruf-entdecken\/"},{"@type":"ListItem","position":5,"name":"Der Beruf des Krankenpflegers","item":"https:\/\/frontaliers-grandest.eu\/de\/startseite\/arbeitsuchende\/einen-job-in-luxemburg-finden\/einen-beruf-entdecken\/der-beruf-des-krankenpflegers\/"},{"@type":"ListItem","position":6,"name":"F\u00fcr die allgemeine Pflege verantwortlicher Krankenpfleger"}]},{"@type":"WebSite","@id":"https:\/\/frontaliers-grandest.eu\/de\/#website","url":"https:\/\/frontaliers-grandest.eu\/de\/","name":"Frontaliers Grand Est","description":"Le site ressource du travail frontalier","publisher":{"@id":"https:\/\/frontaliers-grandest.eu\/de\/#organization"},"alternateName":"Frontaliers Grand Est","potentialAction":[{"@type":"SearchAction","target":{"@type":"EntryPoint","urlTemplate":"https:\/\/frontaliers-grandest.eu\/de\/?s={search_term_string}"},"query-input":{"@type":"PropertyValueSpecification","valueRequired":true,"valueName":"search_term_string"}}],"inLanguage":"de"},{"@type":"Organization","@id":"https:\/\/frontaliers-grandest.eu\/de\/#organization","name":"Frontaliers Grand Est","alternateName":"Frontaliers Grand Est","url":"https:\/\/frontaliers-grandest.eu\/de\/","logo":{"@type":"ImageObject","inLanguage":"de","@id":"https:\/\/frontaliers-grandest.eu\/de\/#\/schema\/logo\/image\/","url":"https:\/\/frontaliers-grandest.eu\/wp-content\/uploads\/2025\/07\/260328234_2966785176920310_3332838526503858160_n.jpg","contentUrl":"https:\/\/frontaliers-grandest.eu\/wp-content\/uploads\/2025\/07\/260328234_2966785176920310_3332838526503858160_n.jpg","width":396,"height":396,"caption":"Frontaliers Grand Est"},"image":{"@id":"https:\/\/frontaliers-grandest.eu\/de\/#\/schema\/logo\/image\/"},"sameAs":["https:\/\/www.facebook.com\/frontaliers.GR.EST\/?locale=fr_FR"]}]}},"frge_page_order":0,"_links":{"self":[{"href":"https:\/\/frontaliers-grandest.eu\/de\/wp-json\/wp\/v2\/pages\/7310","targetHints":{"allow":["GET"]}}],"collection":[{"href":"https:\/\/frontaliers-grandest.eu\/de\/wp-json\/wp\/v2\/pages"}],"about":[{"href":"https:\/\/frontaliers-grandest.eu\/de\/wp-json\/wp\/v2\/types\/page"}],"author":[{"embeddable":true,"href":"https:\/\/frontaliers-grandest.eu\/de\/wp-json\/wp\/v2\/users\/7"}],"replies":[{"embeddable":true,"href":"https:\/\/frontaliers-grandest.eu\/de\/wp-json\/wp\/v2\/comments?post=7310"}],"version-history":[{"count":2,"href":"https:\/\/frontaliers-grandest.eu\/de\/wp-json\/wp\/v2\/pages\/7310\/revisions"}],"predecessor-version":[{"id":34601,"href":"https:\/\/frontaliers-grandest.eu\/de\/wp-json\/wp\/v2\/pages\/7310\/revisions\/34601"}],"up":[{"embeddable":true,"href":"https:\/\/frontaliers-grandest.eu\/de\/wp-json\/wp\/v2\/pages\/7308"}],"wp:attachment":[{"href":"https:\/\/frontaliers-grandest.eu\/de\/wp-json\/wp\/v2\/media?parent=7310"}],"wp:term":[{"taxonomy":"post_tag","embeddable":true,"href":"https:\/\/frontaliers-grandest.eu\/de\/wp-json\/wp\/v2\/tags?post=7310"},{"taxonomy":"frge_profile","embeddable":true,"href":"https:\/\/frontaliers-grandest.eu\/de\/wp-json\/wp\/v2\/frge_profile?post=7310"}],"curies":[{"name":"wp","href":"https:\/\/api.w.org\/{rel}","templated":true}]}}