{"id":7294,"date":"2021-05-07T10:16:02","date_gmt":"2021-05-07T08:16:02","guid":{"rendered":"https:\/\/frontaliers-grandest.eu\/?page_id=7294"},"modified":"2021-05-07T10:16:03","modified_gmt":"2021-05-07T08:16:03","slug":"ihre-besteuerung","status":"publish","type":"page","link":"https:\/\/frontaliers-grandest.eu\/de\/startseite\/arbeitsuchende\/einen-job-in-luxemburg-finden\/zeitarbeit-in-luxemburg\/ihre-besteuerung\/","title":{"rendered":"Ihre Besteuerung"},"content":{"rendered":"\n<p>Frankreich und Luxemburg unterzeichneten en bilaterales Doppelbesteuerungsabkommen. In Anwendung dieses Abkommens ist das f\u00fcr die Besteuerung zust\u00e4ndige Land das Land, in dem die T\u00e4tigkeit ausge\u00fcbt wird.&nbsp;<strong>Der in Luxemburg arbeitende franz\u00f6sische B\u00fcrger zahlt seine Steuern grunds\u00e4tzlich in Luxemburg<\/strong>.<\/p>\n\n\n\n<p>Ihre Zeitarbeitsagentur wird Ihnen ein Gehalt zahlen, das bereits besteuert wurde.<\/p>\n\n\n\n<h4 class=\"wp-block-heading\"><strong>In Luxemburg gilt die Quellenbesteuerung<\/strong><\/h4>\n\n\n\n<p>Gem\u00e4\u00df dem luxemburgischen Steuerrecht ist der Arbeitnehmer f\u00fcr den Einbehalt der Steuer zust\u00e4ndig.<\/p>\n\n\n\n<p><strong>Sie sind verpflichtet, sich eine Lohnsteuerkarte zu beschaffen, die wichtige Informationen wie die Steuerklasse<\/strong>&nbsp;oder Ihren Personenstand beinhaltet und dem Arbeitgeber die M\u00f6glichkeit gibt, den Prozentsatz einzubehalten, der Ihrer geografischen und famili\u00e4ren Lage Rechnung tr\u00e4gt. Bitte h\u00e4ndigen Sie Ihrem Arbeitgeber diese Karte vor dem Beginn Ihres Auftrags aus. Grunds\u00e4tzlich wird die Lohnsteuerkarte automatisch erstellt.<\/p>\n\n\n\n<p>Falls Sie ein Duplikat der Lohnsteuerkarte ben\u00f6tigen, ist es erforderlich, ein Antragsformular f\u00fcr die Erstellung einer Lohnsteuerkarte f\u00fcr Gebietsfremde bei der Administration des Contributions &#8211; Bureau RTS &#8211; Non-r\u00e9sidents (Finanzamt) einzureichen.<\/p>\n\n\n\n<p>Das Formular ist zu erg\u00e4nzen, zu unterzeichnen und mit den entsprechenden Belegen an dieselbe Anschrift zu senden.\u00a0<strong>Sie werden eine Lohnsteuerkarte erhalten, die Sie bitte Ihrer Zeitarbeitsagentur \u00fcbergeben.<\/strong><\/p>\n\n\n\n<h5 class=\"wp-block-heading\"><strong>Bitte vergessen Sie nicht&nbsp;:<\/strong><\/h5>\n\n\n\n<ul class=\"wp-block-list\"><li>In Ermangelung der Vorlage der Lohnsteuerkarte bei Ihrem Arbeitgeber ab dem ersten Tag ist derselbe verpflichtet, den h\u00f6chsten Steuereinbehalt auf der Grundlage der Steuerklasse 1 und eines Steuersatzes von 33 % anzuwenden. Dieser Steuersatz wird unmittelbar nach Eingang der Lohnsteuerkarte berichtet und die von Ihnen gezahlte Mehrsteuer wird Ihnen in der Folgewoche erstattet.<\/li><li>Die Lohnsteuerkarte wird j\u00e4hrlich erneuert.<\/li><\/ul>\n\n\n\n<h4 class=\"wp-block-heading\"><strong>Erkl\u00e4rung Ihrer in Luxemburg erzielten Einkommen in Frankreich<\/strong><\/h4>\n\n\n\n<p>Die Tatsache, dass Sie im Gro\u00dfherzogtum Luxemburg besteuert werden, befreit Sie nicht von der Einreichung einer Erkl\u00e4rung beim franz\u00f6sischen Finanzamt. Dies bleibt eine gesetzliche Erkl\u00e4rungspflicht, auch wenn Ihre in Luxemburg erzielten Einkommen in Frankreich steuerbefreit sind.<\/p>\n\n\n\n<p>Der Arbeitnehmer, der Bez\u00fcge und Geh\u00e4lter aus luxemburgischer Quelle beanspruchen kann, ist j\u00e4hrlich verpflichtet, dem franz\u00f6sischen Finanzamt seine Einkommen mit Hilfe von zwei Formularen zu erkl\u00e4ren:<\/p>\n\n\n\n<ul class=\"wp-block-list\"><li>Formular 2042 \u201eEinkommenserkl\u00e4rung\u201c<\/li><li>Zusatzformular2042 C: in einem Umschlag \u00fcbermittelt, sofern Sie im Vorjahr ihre ausl\u00e4ndischen Einkommen erkl\u00e4rt haben. Andernfalls m\u00fcssen Sie sich an Ihr Finanzamt wenden, um dieses Formular zu erhalten.<\/li><\/ul>\n\n\n\n<p>Die luxemburgischen Einkommen m\u00fcssen im Rahmen 1, Zeilen AC bis DC (Geh\u00e4lter) oder Zeile 1 AH bis 1 DH (Renten) der Erkl\u00e4rung 2042 C vermerkt werden.<\/p>\n\n\n\n<p>Die in Luxemburg gezahlten Steuern sind in die Zeilen 1 AD bis 1 DD zu \u00fcbernehmen.<\/p>\n\n\n\n<p>Im Fall, dass der Steuerpflichtige \u00fcber andere ausl\u00e4ndische Einnahmen verf\u00fcgt (Bsp. Einkommen aus Grundbesitz im Ausland), empfiehlt es sich, die Erkl\u00e4rung Nr. 2047 einzureichen.<\/p>\n\n\n\n<h4 class=\"wp-block-heading\"><strong>Warum Ihre luxemburgischen Einkommen erkl\u00e4ren ?<\/strong><\/h4>\n\n\n\n<p>In Frankreich gilt die Regel des \u201eeffektiven Steuersatzes\u201c.&nbsp;<strong>Die in Luxemburg erzielten Einkommen werden nicht in die Berechnungsgrundlage der franz\u00f6sischen Steuer aufgenommen, aber sie erm\u00f6glichen die Bestimmung Ihres Steuersatzes in Frankreich.<\/strong><\/p>\n\n\n\n<p>Dies bedeutet, dass die franz\u00f6sischen Steuerbeh\u00f6rden die Steuer auf die weltweiten Einkommen Ihres steuerlichen Haushalts berechnen werden (sie werden alle Ihre Einkommen summieren, um den Steuersatz zu bestimmen).<\/p>\n\n\n\n<p>Der Betrag der in Frankreich f\u00e4llig werdenden Steuer wird in der Folge anteilm\u00e4\u00dfig um die in Frankreich steuerbefreiten Einkommen verringert.\u00a0<strong>Mit anderen Worten werden Sie in Frankreich nur auf Ihre franz\u00f6sischen Einkommen besteuert, der angewandte Steuersatz ber\u00fccksichtigt hingegen die Gesamtheit Ihrer Einkommen.<\/strong><\/p>\n\n\n\n<h5 class=\"wp-block-heading\"><strong>Bitte vergessen Sie nicht<\/strong>\u00a0:<\/h5>\n\n\n\n<p>Sie werden&nbsp;<strong>in Frankreich nicht auf Ihre luxemburgischen Einkommen besteuert<\/strong>.<br>Trotzdem sind Sie&nbsp;<strong>unter Androhung von Bu\u00dfgeld<\/strong>&nbsp;verpflichtet, dem&nbsp;<strong>franz\u00f6sischen Finanzamt diese Einkommen zu erkl\u00e4ren<\/strong>.<\/p>\n\n\n\n<p>Mehr \u00fcber den Status des grenz\u00fcberschreitenden Arbeitnehmers k\u00f6nnen Sie dem \u201eLeitfadens f\u00fcr franz\u00f6sisch-luxemburgische grenz\u00fcberschreitende Arbeitnehmer\u201c entnehmen, der vom CRD EURES \/ FRONTALIERS Grand Est herausgegeben wird.<\/p>\n","protected":false},"excerpt":{"rendered":"<p>Frankreich und Luxemburg unterzeichneten en bilaterales Doppelbesteuerungsabkommen. In Anwendung dieses Abkommens ist das f\u00fcr die Besteuerung zust\u00e4ndige Land das Land, in dem die T\u00e4tigkeit ausge\u00fcbt wird.&nbsp;Der in Luxemburg arbeitende franz\u00f6sische B\u00fcrger zahlt seine Steuern grunds\u00e4tzlich in Luxemburg. Ihre Zeitarbeitsagentur wird Ihnen ein Gehalt zahlen, das bereits besteuert wurde. In Luxemburg gilt die Quellenbesteuerung Gem\u00e4\u00df dem [&hellip;]<\/p>\n","protected":false},"author":7,"featured_media":0,"parent":7264,"menu_order":7,"comment_status":"closed","ping_status":"closed","template":"","meta":{"inline_featured_image":false,"footnotes":""},"tags":[],"frge_profile":[],"class_list":["post-7294","page","type-page","status-publish","hentry"],"yoast_head":"<!-- This site is optimized with the Yoast SEO plugin v27.1.1 - https:\/\/yoast.com\/product\/yoast-seo-wordpress\/ -->\n<title>Ihre Besteuerung - Frontaliers Grand Est<\/title>\n<meta name=\"robots\" content=\"index, follow, max-snippet:-1, max-image-preview:large, max-video-preview:-1\" \/>\n<link rel=\"canonical\" href=\"https:\/\/frontaliers-grandest.eu\/de\/startseite\/arbeitsuchende\/einen-job-in-luxemburg-finden\/zeitarbeit-in-luxemburg\/ihre-besteuerung\/\" \/>\n<meta property=\"og:locale\" content=\"de_DE\" \/>\n<meta property=\"og:type\" content=\"article\" \/>\n<meta property=\"og:title\" content=\"Ihre Besteuerung - Frontaliers Grand Est\" \/>\n<meta property=\"og:description\" content=\"Frankreich und Luxemburg unterzeichneten en bilaterales Doppelbesteuerungsabkommen. In Anwendung dieses Abkommens ist das f\u00fcr die Besteuerung zust\u00e4ndige Land das Land, in dem die T\u00e4tigkeit ausge\u00fcbt wird.&nbsp;Der in Luxemburg arbeitende franz\u00f6sische B\u00fcrger zahlt seine Steuern grunds\u00e4tzlich in Luxemburg. Ihre Zeitarbeitsagentur wird Ihnen ein Gehalt zahlen, das bereits besteuert wurde. In Luxemburg gilt die Quellenbesteuerung Gem\u00e4\u00df dem [&hellip;]\" \/>\n<meta property=\"og:url\" content=\"https:\/\/frontaliers-grandest.eu\/de\/startseite\/arbeitsuchende\/einen-job-in-luxemburg-finden\/zeitarbeit-in-luxemburg\/ihre-besteuerung\/\" \/>\n<meta property=\"og:site_name\" content=\"Frontaliers Grand Est\" \/>\n<meta property=\"article:publisher\" content=\"https:\/\/www.facebook.com\/frontaliers.GR.EST\/?locale=fr_FR\" \/>\n<meta property=\"article:modified_time\" content=\"2021-05-07T08:16:03+00:00\" \/>\n<meta name=\"twitter:card\" content=\"summary_large_image\" \/>\n<meta name=\"twitter:label1\" content=\"Gesch\u00e4tzte Lesezeit\" \/>\n\t<meta name=\"twitter:data1\" content=\"3\u00a0Minuten\" \/>\n<script type=\"application\/ld+json\" class=\"yoast-schema-graph\">{\"@context\":\"https:\/\/schema.org\",\"@graph\":[{\"@type\":\"WebPage\",\"@id\":\"https:\/\/frontaliers-grandest.eu\/de\/startseite\/arbeitsuchende\/einen-job-in-luxemburg-finden\/zeitarbeit-in-luxemburg\/ihre-besteuerung\/\",\"url\":\"https:\/\/frontaliers-grandest.eu\/de\/startseite\/arbeitsuchende\/einen-job-in-luxemburg-finden\/zeitarbeit-in-luxemburg\/ihre-besteuerung\/\",\"name\":\"Ihre Besteuerung - Frontaliers Grand Est\",\"isPartOf\":{\"@id\":\"https:\/\/frontaliers-grandest.eu\/de\/#website\"},\"datePublished\":\"2021-05-07T08:16:02+00:00\",\"dateModified\":\"2021-05-07T08:16:03+00:00\",\"breadcrumb\":{\"@id\":\"https:\/\/frontaliers-grandest.eu\/de\/startseite\/arbeitsuchende\/einen-job-in-luxemburg-finden\/zeitarbeit-in-luxemburg\/ihre-besteuerung\/#breadcrumb\"},\"inLanguage\":\"de\",\"potentialAction\":[{\"@type\":\"ReadAction\",\"target\":[\"https:\/\/frontaliers-grandest.eu\/de\/startseite\/arbeitsuchende\/einen-job-in-luxemburg-finden\/zeitarbeit-in-luxemburg\/ihre-besteuerung\/\"]}]},{\"@type\":\"BreadcrumbList\",\"@id\":\"https:\/\/frontaliers-grandest.eu\/de\/startseite\/arbeitsuchende\/einen-job-in-luxemburg-finden\/zeitarbeit-in-luxemburg\/ihre-besteuerung\/#breadcrumb\",\"itemListElement\":[{\"@type\":\"ListItem\",\"position\":1,\"name\":\"Startseite\",\"item\":\"https:\/\/frontaliers-grandest.eu\/de\/\"},{\"@type\":\"ListItem\",\"position\":2,\"name\":\"Arbeitsuchende\",\"item\":\"https:\/\/frontaliers-grandest.eu\/de\/startseite\/arbeitsuchende\/\"},{\"@type\":\"ListItem\",\"position\":3,\"name\":\"Einen Job in Luxemburg finden\",\"item\":\"https:\/\/frontaliers-grandest.eu\/de\/startseite\/arbeitsuchende\/einen-job-in-luxemburg-finden\/\"},{\"@type\":\"ListItem\",\"position\":4,\"name\":\"Zeitarbeit in Luxemburg\",\"item\":\"https:\/\/frontaliers-grandest.eu\/de\/startseite\/arbeitsuchende\/einen-job-in-luxemburg-finden\/zeitarbeit-in-luxemburg\/\"},{\"@type\":\"ListItem\",\"position\":5,\"name\":\"Ihre Besteuerung\"}]},{\"@type\":\"WebSite\",\"@id\":\"https:\/\/frontaliers-grandest.eu\/de\/#website\",\"url\":\"https:\/\/frontaliers-grandest.eu\/de\/\",\"name\":\"Frontaliers Grand Est\",\"description\":\"Le site ressource du travail frontalier\",\"publisher\":{\"@id\":\"https:\/\/frontaliers-grandest.eu\/de\/#organization\"},\"alternateName\":\"Frontaliers Grand Est\",\"potentialAction\":[{\"@type\":\"SearchAction\",\"target\":{\"@type\":\"EntryPoint\",\"urlTemplate\":\"https:\/\/frontaliers-grandest.eu\/de\/?s={search_term_string}\"},\"query-input\":{\"@type\":\"PropertyValueSpecification\",\"valueRequired\":true,\"valueName\":\"search_term_string\"}}],\"inLanguage\":\"de\"},{\"@type\":\"Organization\",\"@id\":\"https:\/\/frontaliers-grandest.eu\/de\/#organization\",\"name\":\"Frontaliers Grand Est\",\"alternateName\":\"Frontaliers Grand Est\",\"url\":\"https:\/\/frontaliers-grandest.eu\/de\/\",\"logo\":{\"@type\":\"ImageObject\",\"inLanguage\":\"de\",\"@id\":\"https:\/\/frontaliers-grandest.eu\/de\/#\/schema\/logo\/image\/\",\"url\":\"https:\/\/frontaliers-grandest.eu\/wp-content\/uploads\/2025\/07\/260328234_2966785176920310_3332838526503858160_n.jpg\",\"contentUrl\":\"https:\/\/frontaliers-grandest.eu\/wp-content\/uploads\/2025\/07\/260328234_2966785176920310_3332838526503858160_n.jpg\",\"width\":396,\"height\":396,\"caption\":\"Frontaliers Grand Est\"},\"image\":{\"@id\":\"https:\/\/frontaliers-grandest.eu\/de\/#\/schema\/logo\/image\/\"},\"sameAs\":[\"https:\/\/www.facebook.com\/frontaliers.GR.EST\/?locale=fr_FR\"]}]}<\/script>\n<!-- \/ Yoast SEO plugin. -->","yoast_head_json":{"title":"Ihre Besteuerung - Frontaliers Grand Est","robots":{"index":"index","follow":"follow","max-snippet":"max-snippet:-1","max-image-preview":"max-image-preview:large","max-video-preview":"max-video-preview:-1"},"canonical":"https:\/\/frontaliers-grandest.eu\/de\/startseite\/arbeitsuchende\/einen-job-in-luxemburg-finden\/zeitarbeit-in-luxemburg\/ihre-besteuerung\/","og_locale":"de_DE","og_type":"article","og_title":"Ihre Besteuerung - Frontaliers Grand Est","og_description":"Frankreich und Luxemburg unterzeichneten en bilaterales Doppelbesteuerungsabkommen. In Anwendung dieses Abkommens ist das f\u00fcr die Besteuerung zust\u00e4ndige Land das Land, in dem die T\u00e4tigkeit ausge\u00fcbt wird.&nbsp;Der in Luxemburg arbeitende franz\u00f6sische B\u00fcrger zahlt seine Steuern grunds\u00e4tzlich in Luxemburg. Ihre Zeitarbeitsagentur wird Ihnen ein Gehalt zahlen, das bereits besteuert wurde. In Luxemburg gilt die Quellenbesteuerung Gem\u00e4\u00df dem [&hellip;]","og_url":"https:\/\/frontaliers-grandest.eu\/de\/startseite\/arbeitsuchende\/einen-job-in-luxemburg-finden\/zeitarbeit-in-luxemburg\/ihre-besteuerung\/","og_site_name":"Frontaliers Grand Est","article_publisher":"https:\/\/www.facebook.com\/frontaliers.GR.EST\/?locale=fr_FR","article_modified_time":"2021-05-07T08:16:03+00:00","twitter_card":"summary_large_image","twitter_misc":{"Gesch\u00e4tzte Lesezeit":"3\u00a0Minuten"},"schema":{"@context":"https:\/\/schema.org","@graph":[{"@type":"WebPage","@id":"https:\/\/frontaliers-grandest.eu\/de\/startseite\/arbeitsuchende\/einen-job-in-luxemburg-finden\/zeitarbeit-in-luxemburg\/ihre-besteuerung\/","url":"https:\/\/frontaliers-grandest.eu\/de\/startseite\/arbeitsuchende\/einen-job-in-luxemburg-finden\/zeitarbeit-in-luxemburg\/ihre-besteuerung\/","name":"Ihre Besteuerung - Frontaliers Grand Est","isPartOf":{"@id":"https:\/\/frontaliers-grandest.eu\/de\/#website"},"datePublished":"2021-05-07T08:16:02+00:00","dateModified":"2021-05-07T08:16:03+00:00","breadcrumb":{"@id":"https:\/\/frontaliers-grandest.eu\/de\/startseite\/arbeitsuchende\/einen-job-in-luxemburg-finden\/zeitarbeit-in-luxemburg\/ihre-besteuerung\/#breadcrumb"},"inLanguage":"de","potentialAction":[{"@type":"ReadAction","target":["https:\/\/frontaliers-grandest.eu\/de\/startseite\/arbeitsuchende\/einen-job-in-luxemburg-finden\/zeitarbeit-in-luxemburg\/ihre-besteuerung\/"]}]},{"@type":"BreadcrumbList","@id":"https:\/\/frontaliers-grandest.eu\/de\/startseite\/arbeitsuchende\/einen-job-in-luxemburg-finden\/zeitarbeit-in-luxemburg\/ihre-besteuerung\/#breadcrumb","itemListElement":[{"@type":"ListItem","position":1,"name":"Startseite","item":"https:\/\/frontaliers-grandest.eu\/de\/"},{"@type":"ListItem","position":2,"name":"Arbeitsuchende","item":"https:\/\/frontaliers-grandest.eu\/de\/startseite\/arbeitsuchende\/"},{"@type":"ListItem","position":3,"name":"Einen Job in Luxemburg finden","item":"https:\/\/frontaliers-grandest.eu\/de\/startseite\/arbeitsuchende\/einen-job-in-luxemburg-finden\/"},{"@type":"ListItem","position":4,"name":"Zeitarbeit in Luxemburg","item":"https:\/\/frontaliers-grandest.eu\/de\/startseite\/arbeitsuchende\/einen-job-in-luxemburg-finden\/zeitarbeit-in-luxemburg\/"},{"@type":"ListItem","position":5,"name":"Ihre Besteuerung"}]},{"@type":"WebSite","@id":"https:\/\/frontaliers-grandest.eu\/de\/#website","url":"https:\/\/frontaliers-grandest.eu\/de\/","name":"Frontaliers Grand Est","description":"Le site ressource du travail frontalier","publisher":{"@id":"https:\/\/frontaliers-grandest.eu\/de\/#organization"},"alternateName":"Frontaliers Grand Est","potentialAction":[{"@type":"SearchAction","target":{"@type":"EntryPoint","urlTemplate":"https:\/\/frontaliers-grandest.eu\/de\/?s={search_term_string}"},"query-input":{"@type":"PropertyValueSpecification","valueRequired":true,"valueName":"search_term_string"}}],"inLanguage":"de"},{"@type":"Organization","@id":"https:\/\/frontaliers-grandest.eu\/de\/#organization","name":"Frontaliers Grand Est","alternateName":"Frontaliers Grand Est","url":"https:\/\/frontaliers-grandest.eu\/de\/","logo":{"@type":"ImageObject","inLanguage":"de","@id":"https:\/\/frontaliers-grandest.eu\/de\/#\/schema\/logo\/image\/","url":"https:\/\/frontaliers-grandest.eu\/wp-content\/uploads\/2025\/07\/260328234_2966785176920310_3332838526503858160_n.jpg","contentUrl":"https:\/\/frontaliers-grandest.eu\/wp-content\/uploads\/2025\/07\/260328234_2966785176920310_3332838526503858160_n.jpg","width":396,"height":396,"caption":"Frontaliers Grand Est"},"image":{"@id":"https:\/\/frontaliers-grandest.eu\/de\/#\/schema\/logo\/image\/"},"sameAs":["https:\/\/www.facebook.com\/frontaliers.GR.EST\/?locale=fr_FR"]}]}},"frge_page_order":0,"_links":{"self":[{"href":"https:\/\/frontaliers-grandest.eu\/de\/wp-json\/wp\/v2\/pages\/7294","targetHints":{"allow":["GET"]}}],"collection":[{"href":"https:\/\/frontaliers-grandest.eu\/de\/wp-json\/wp\/v2\/pages"}],"about":[{"href":"https:\/\/frontaliers-grandest.eu\/de\/wp-json\/wp\/v2\/types\/page"}],"author":[{"embeddable":true,"href":"https:\/\/frontaliers-grandest.eu\/de\/wp-json\/wp\/v2\/users\/7"}],"replies":[{"embeddable":true,"href":"https:\/\/frontaliers-grandest.eu\/de\/wp-json\/wp\/v2\/comments?post=7294"}],"version-history":[{"count":1,"href":"https:\/\/frontaliers-grandest.eu\/de\/wp-json\/wp\/v2\/pages\/7294\/revisions"}],"predecessor-version":[{"id":7295,"href":"https:\/\/frontaliers-grandest.eu\/de\/wp-json\/wp\/v2\/pages\/7294\/revisions\/7295"}],"up":[{"embeddable":true,"href":"https:\/\/frontaliers-grandest.eu\/de\/wp-json\/wp\/v2\/pages\/7264"}],"wp:attachment":[{"href":"https:\/\/frontaliers-grandest.eu\/de\/wp-json\/wp\/v2\/media?parent=7294"}],"wp:term":[{"taxonomy":"post_tag","embeddable":true,"href":"https:\/\/frontaliers-grandest.eu\/de\/wp-json\/wp\/v2\/tags?post=7294"},{"taxonomy":"frge_profile","embeddable":true,"href":"https:\/\/frontaliers-grandest.eu\/de\/wp-json\/wp\/v2\/frge_profile?post=7294"}],"curies":[{"name":"wp","href":"https:\/\/api.w.org\/{rel}","templated":true}]}}