{"id":7279,"date":"2021-05-07T09:54:56","date_gmt":"2021-05-07T07:54:56","guid":{"rendered":"https:\/\/frontaliers-grandest.eu\/?page_id=7279"},"modified":"2024-07-08T09:44:18","modified_gmt":"2024-07-08T07:44:18","slug":"kann-mein-arbeitgeber-den-vertrag-vor-dem-mit-meinem-projektvertrag-vorgesehenen-termin-beenden","status":"publish","type":"page","link":"https:\/\/frontaliers-grandest.eu\/de\/startseite\/arbeitsuchende\/einen-job-in-luxemburg-finden\/zeitarbeit-in-luxemburg\/kann-mein-arbeitgeber-den-vertrag-vor-dem-mit-meinem-projektvertrag-vorgesehenen-termin-beenden\/","title":{"rendered":"Kann mein Arbeitgeber den Vertrag vor dem mit meinem Projektvertrag vorgesehenen Termin beenden ?"},"content":{"rendered":"\n<p>Ebenso wie es f\u00fcr Sie grunds\u00e4tzlich nicht m\u00f6glich ist, den Vertrag vor der Beendigung seiner mit dem Projektvertrag festgelegten Laufzeit zu beenden, ist&nbsp;<strong>Ihre Zeitarbeitsagentur nicht berechtigt, Ihren Projektvertrag vor seiner Beendigung zu k\u00fcndigen<\/strong>. Im Fall des vorzeitigen Abbruchs auf Veranlassung der Zeitarbeitsagentur kann sich dieselbe veranlasst sehen, Schadensersatz in H\u00f6he der Verg\u00fctungen zu zahlen, die Ihnen gezahlt worden w\u00e4ren, wenn Sie ihren Vertrag zu Ende gef\u00fchrt h\u00e4tten, wobei dieser Schadensersatzbetrag nicht \u00fcber die Verg\u00fctung hinausgehen kann, die der K\u00fcndigungsfrist entspricht, welche einzuhalten gewesen w\u00e4re, wenn der Vertrag unbefristet geschlossen worden w\u00e4re.<\/p>\n\n\n\n<p>Bitte nehmen Sie zur Kenntnis, dass Ihr Arbeitgeber den Vertrag vor der Beendigung seiner Laufzeit abbrechen kann, sofern Ihnen&nbsp;<strong>eine schwere Verfehlung<\/strong>&nbsp;zum Vorwurf gemacht wird.<\/p>\n","protected":false},"excerpt":{"rendered":"<p>Ebenso wie es f\u00fcr Sie grunds\u00e4tzlich nicht m\u00f6glich ist, den Vertrag vor der Beendigung seiner mit dem Projektvertrag festgelegten Laufzeit zu beenden, ist&nbsp;Ihre Zeitarbeitsagentur nicht berechtigt, Ihren Projektvertrag vor seiner Beendigung zu k\u00fcndigen. Im Fall des vorzeitigen Abbruchs auf Veranlassung der Zeitarbeitsagentur kann sich dieselbe veranlasst sehen, Schadensersatz in H\u00f6he der Verg\u00fctungen zu zahlen, die [&hellip;]<\/p>\n","protected":false},"author":7,"featured_media":0,"parent":7264,"menu_order":4,"comment_status":"closed","ping_status":"closed","template":"","meta":{"inline_featured_image":false,"footnotes":""},"tags":[],"frge_profile":[],"class_list":["post-7279","page","type-page","status-publish","hentry"],"yoast_head":"<!-- This site is optimized with the Yoast SEO plugin v27.1.1 - https:\/\/yoast.com\/product\/yoast-seo-wordpress\/ -->\n<title>Luxemburg: kann mein arbeitgeber den projektvertrag k\u00fcndigen<\/title>\n<meta name=\"description\" content=\"Kann mein Arbeitgeber den Vertrag vor dem mit meinem Projektvertrag vorgesehenen Termin beenden? Erfahren Sie mehr \u00fcber Ihre Rechte und m\u00f6gliche Ausnahmen.\" \/>\n<meta name=\"robots\" content=\"index, follow, max-snippet:-1, max-image-preview:large, max-video-preview:-1\" \/>\n<link rel=\"canonical\" href=\"https:\/\/frontaliers-grandest.eu\/de\/startseite\/arbeitsuchende\/einen-job-in-luxemburg-finden\/zeitarbeit-in-luxemburg\/kann-mein-arbeitgeber-den-vertrag-vor-dem-mit-meinem-projektvertrag-vorgesehenen-termin-beenden\/\" \/>\n<meta property=\"og:locale\" content=\"de_DE\" \/>\n<meta property=\"og:type\" content=\"article\" \/>\n<meta property=\"og:title\" content=\"Luxemburg: kann mein arbeitgeber den projektvertrag k\u00fcndigen\" \/>\n<meta property=\"og:description\" content=\"Kann mein Arbeitgeber den Vertrag vor dem mit meinem Projektvertrag vorgesehenen Termin beenden? Erfahren Sie mehr \u00fcber Ihre Rechte und m\u00f6gliche Ausnahmen.\" \/>\n<meta property=\"og:url\" content=\"https:\/\/frontaliers-grandest.eu\/de\/startseite\/arbeitsuchende\/einen-job-in-luxemburg-finden\/zeitarbeit-in-luxemburg\/kann-mein-arbeitgeber-den-vertrag-vor-dem-mit-meinem-projektvertrag-vorgesehenen-termin-beenden\/\" \/>\n<meta property=\"og:site_name\" content=\"Frontaliers Grand Est\" \/>\n<meta property=\"article:publisher\" content=\"https:\/\/www.facebook.com\/frontaliers.GR.EST\/?locale=fr_FR\" \/>\n<meta property=\"article:modified_time\" content=\"2024-07-08T07:44:18+00:00\" \/>\n<meta name=\"twitter:card\" content=\"summary_large_image\" \/>\n<meta name=\"twitter:label1\" content=\"Gesch\u00e4tzte Lesezeit\" \/>\n\t<meta name=\"twitter:data1\" content=\"1\u00a0Minute\" \/>\n<script type=\"application\/ld+json\" class=\"yoast-schema-graph\">{\"@context\":\"https:\/\/schema.org\",\"@graph\":[{\"@type\":\"WebPage\",\"@id\":\"https:\/\/frontaliers-grandest.eu\/de\/startseite\/arbeitsuchende\/einen-job-in-luxemburg-finden\/zeitarbeit-in-luxemburg\/kann-mein-arbeitgeber-den-vertrag-vor-dem-mit-meinem-projektvertrag-vorgesehenen-termin-beenden\/\",\"url\":\"https:\/\/frontaliers-grandest.eu\/de\/startseite\/arbeitsuchende\/einen-job-in-luxemburg-finden\/zeitarbeit-in-luxemburg\/kann-mein-arbeitgeber-den-vertrag-vor-dem-mit-meinem-projektvertrag-vorgesehenen-termin-beenden\/\",\"name\":\"Luxemburg: kann mein arbeitgeber den projektvertrag k\u00fcndigen\",\"isPartOf\":{\"@id\":\"https:\/\/frontaliers-grandest.eu\/de\/#website\"},\"datePublished\":\"2021-05-07T07:54:56+00:00\",\"dateModified\":\"2024-07-08T07:44:18+00:00\",\"description\":\"Kann mein Arbeitgeber den Vertrag vor dem mit meinem Projektvertrag vorgesehenen Termin beenden? Erfahren Sie mehr \u00fcber Ihre Rechte und m\u00f6gliche Ausnahmen.\",\"breadcrumb\":{\"@id\":\"https:\/\/frontaliers-grandest.eu\/de\/startseite\/arbeitsuchende\/einen-job-in-luxemburg-finden\/zeitarbeit-in-luxemburg\/kann-mein-arbeitgeber-den-vertrag-vor-dem-mit-meinem-projektvertrag-vorgesehenen-termin-beenden\/#breadcrumb\"},\"inLanguage\":\"de\",\"potentialAction\":[{\"@type\":\"ReadAction\",\"target\":[\"https:\/\/frontaliers-grandest.eu\/de\/startseite\/arbeitsuchende\/einen-job-in-luxemburg-finden\/zeitarbeit-in-luxemburg\/kann-mein-arbeitgeber-den-vertrag-vor-dem-mit-meinem-projektvertrag-vorgesehenen-termin-beenden\/\"]}]},{\"@type\":\"BreadcrumbList\",\"@id\":\"https:\/\/frontaliers-grandest.eu\/de\/startseite\/arbeitsuchende\/einen-job-in-luxemburg-finden\/zeitarbeit-in-luxemburg\/kann-mein-arbeitgeber-den-vertrag-vor-dem-mit-meinem-projektvertrag-vorgesehenen-termin-beenden\/#breadcrumb\",\"itemListElement\":[{\"@type\":\"ListItem\",\"position\":1,\"name\":\"Startseite\",\"item\":\"https:\/\/frontaliers-grandest.eu\/de\/\"},{\"@type\":\"ListItem\",\"position\":2,\"name\":\"Arbeitsuchende\",\"item\":\"https:\/\/frontaliers-grandest.eu\/de\/startseite\/arbeitsuchende\/\"},{\"@type\":\"ListItem\",\"position\":3,\"name\":\"Einen Job in Luxemburg finden\",\"item\":\"https:\/\/frontaliers-grandest.eu\/de\/startseite\/arbeitsuchende\/einen-job-in-luxemburg-finden\/\"},{\"@type\":\"ListItem\",\"position\":4,\"name\":\"Zeitarbeit in Luxemburg\",\"item\":\"https:\/\/frontaliers-grandest.eu\/de\/startseite\/arbeitsuchende\/einen-job-in-luxemburg-finden\/zeitarbeit-in-luxemburg\/\"},{\"@type\":\"ListItem\",\"position\":5,\"name\":\"Kann mein Arbeitgeber den Vertrag vor dem mit meinem Projektvertrag vorgesehenen Termin beenden ?\"}]},{\"@type\":\"WebSite\",\"@id\":\"https:\/\/frontaliers-grandest.eu\/de\/#website\",\"url\":\"https:\/\/frontaliers-grandest.eu\/de\/\",\"name\":\"Frontaliers Grand Est\",\"description\":\"Le site ressource du travail frontalier\",\"publisher\":{\"@id\":\"https:\/\/frontaliers-grandest.eu\/de\/#organization\"},\"alternateName\":\"Frontaliers Grand Est\",\"potentialAction\":[{\"@type\":\"SearchAction\",\"target\":{\"@type\":\"EntryPoint\",\"urlTemplate\":\"https:\/\/frontaliers-grandest.eu\/de\/?s={search_term_string}\"},\"query-input\":{\"@type\":\"PropertyValueSpecification\",\"valueRequired\":true,\"valueName\":\"search_term_string\"}}],\"inLanguage\":\"de\"},{\"@type\":\"Organization\",\"@id\":\"https:\/\/frontaliers-grandest.eu\/de\/#organization\",\"name\":\"Frontaliers Grand Est\",\"alternateName\":\"Frontaliers Grand Est\",\"url\":\"https:\/\/frontaliers-grandest.eu\/de\/\",\"logo\":{\"@type\":\"ImageObject\",\"inLanguage\":\"de\",\"@id\":\"https:\/\/frontaliers-grandest.eu\/de\/#\/schema\/logo\/image\/\",\"url\":\"https:\/\/frontaliers-grandest.eu\/wp-content\/uploads\/2025\/07\/260328234_2966785176920310_3332838526503858160_n.jpg\",\"contentUrl\":\"https:\/\/frontaliers-grandest.eu\/wp-content\/uploads\/2025\/07\/260328234_2966785176920310_3332838526503858160_n.jpg\",\"width\":396,\"height\":396,\"caption\":\"Frontaliers Grand Est\"},\"image\":{\"@id\":\"https:\/\/frontaliers-grandest.eu\/de\/#\/schema\/logo\/image\/\"},\"sameAs\":[\"https:\/\/www.facebook.com\/frontaliers.GR.EST\/?locale=fr_FR\"]}]}<\/script>\n<!-- \/ Yoast SEO plugin. -->","yoast_head_json":{"title":"Luxemburg: kann mein arbeitgeber den projektvertrag k\u00fcndigen","description":"Kann mein Arbeitgeber den Vertrag vor dem mit meinem Projektvertrag vorgesehenen Termin beenden? Erfahren Sie mehr \u00fcber Ihre Rechte und m\u00f6gliche Ausnahmen.","robots":{"index":"index","follow":"follow","max-snippet":"max-snippet:-1","max-image-preview":"max-image-preview:large","max-video-preview":"max-video-preview:-1"},"canonical":"https:\/\/frontaliers-grandest.eu\/de\/startseite\/arbeitsuchende\/einen-job-in-luxemburg-finden\/zeitarbeit-in-luxemburg\/kann-mein-arbeitgeber-den-vertrag-vor-dem-mit-meinem-projektvertrag-vorgesehenen-termin-beenden\/","og_locale":"de_DE","og_type":"article","og_title":"Luxemburg: kann mein arbeitgeber den projektvertrag k\u00fcndigen","og_description":"Kann mein Arbeitgeber den Vertrag vor dem mit meinem Projektvertrag vorgesehenen Termin beenden? Erfahren Sie mehr \u00fcber Ihre Rechte und m\u00f6gliche Ausnahmen.","og_url":"https:\/\/frontaliers-grandest.eu\/de\/startseite\/arbeitsuchende\/einen-job-in-luxemburg-finden\/zeitarbeit-in-luxemburg\/kann-mein-arbeitgeber-den-vertrag-vor-dem-mit-meinem-projektvertrag-vorgesehenen-termin-beenden\/","og_site_name":"Frontaliers Grand Est","article_publisher":"https:\/\/www.facebook.com\/frontaliers.GR.EST\/?locale=fr_FR","article_modified_time":"2024-07-08T07:44:18+00:00","twitter_card":"summary_large_image","twitter_misc":{"Gesch\u00e4tzte Lesezeit":"1\u00a0Minute"},"schema":{"@context":"https:\/\/schema.org","@graph":[{"@type":"WebPage","@id":"https:\/\/frontaliers-grandest.eu\/de\/startseite\/arbeitsuchende\/einen-job-in-luxemburg-finden\/zeitarbeit-in-luxemburg\/kann-mein-arbeitgeber-den-vertrag-vor-dem-mit-meinem-projektvertrag-vorgesehenen-termin-beenden\/","url":"https:\/\/frontaliers-grandest.eu\/de\/startseite\/arbeitsuchende\/einen-job-in-luxemburg-finden\/zeitarbeit-in-luxemburg\/kann-mein-arbeitgeber-den-vertrag-vor-dem-mit-meinem-projektvertrag-vorgesehenen-termin-beenden\/","name":"Luxemburg: kann mein arbeitgeber den projektvertrag k\u00fcndigen","isPartOf":{"@id":"https:\/\/frontaliers-grandest.eu\/de\/#website"},"datePublished":"2021-05-07T07:54:56+00:00","dateModified":"2024-07-08T07:44:18+00:00","description":"Kann mein Arbeitgeber den Vertrag vor dem mit meinem Projektvertrag vorgesehenen Termin beenden? Erfahren Sie mehr \u00fcber Ihre Rechte und m\u00f6gliche Ausnahmen.","breadcrumb":{"@id":"https:\/\/frontaliers-grandest.eu\/de\/startseite\/arbeitsuchende\/einen-job-in-luxemburg-finden\/zeitarbeit-in-luxemburg\/kann-mein-arbeitgeber-den-vertrag-vor-dem-mit-meinem-projektvertrag-vorgesehenen-termin-beenden\/#breadcrumb"},"inLanguage":"de","potentialAction":[{"@type":"ReadAction","target":["https:\/\/frontaliers-grandest.eu\/de\/startseite\/arbeitsuchende\/einen-job-in-luxemburg-finden\/zeitarbeit-in-luxemburg\/kann-mein-arbeitgeber-den-vertrag-vor-dem-mit-meinem-projektvertrag-vorgesehenen-termin-beenden\/"]}]},{"@type":"BreadcrumbList","@id":"https:\/\/frontaliers-grandest.eu\/de\/startseite\/arbeitsuchende\/einen-job-in-luxemburg-finden\/zeitarbeit-in-luxemburg\/kann-mein-arbeitgeber-den-vertrag-vor-dem-mit-meinem-projektvertrag-vorgesehenen-termin-beenden\/#breadcrumb","itemListElement":[{"@type":"ListItem","position":1,"name":"Startseite","item":"https:\/\/frontaliers-grandest.eu\/de\/"},{"@type":"ListItem","position":2,"name":"Arbeitsuchende","item":"https:\/\/frontaliers-grandest.eu\/de\/startseite\/arbeitsuchende\/"},{"@type":"ListItem","position":3,"name":"Einen Job in Luxemburg finden","item":"https:\/\/frontaliers-grandest.eu\/de\/startseite\/arbeitsuchende\/einen-job-in-luxemburg-finden\/"},{"@type":"ListItem","position":4,"name":"Zeitarbeit in Luxemburg","item":"https:\/\/frontaliers-grandest.eu\/de\/startseite\/arbeitsuchende\/einen-job-in-luxemburg-finden\/zeitarbeit-in-luxemburg\/"},{"@type":"ListItem","position":5,"name":"Kann mein Arbeitgeber den Vertrag vor dem mit meinem Projektvertrag vorgesehenen Termin beenden ?"}]},{"@type":"WebSite","@id":"https:\/\/frontaliers-grandest.eu\/de\/#website","url":"https:\/\/frontaliers-grandest.eu\/de\/","name":"Frontaliers Grand Est","description":"Le site ressource du travail frontalier","publisher":{"@id":"https:\/\/frontaliers-grandest.eu\/de\/#organization"},"alternateName":"Frontaliers Grand Est","potentialAction":[{"@type":"SearchAction","target":{"@type":"EntryPoint","urlTemplate":"https:\/\/frontaliers-grandest.eu\/de\/?s={search_term_string}"},"query-input":{"@type":"PropertyValueSpecification","valueRequired":true,"valueName":"search_term_string"}}],"inLanguage":"de"},{"@type":"Organization","@id":"https:\/\/frontaliers-grandest.eu\/de\/#organization","name":"Frontaliers Grand Est","alternateName":"Frontaliers Grand Est","url":"https:\/\/frontaliers-grandest.eu\/de\/","logo":{"@type":"ImageObject","inLanguage":"de","@id":"https:\/\/frontaliers-grandest.eu\/de\/#\/schema\/logo\/image\/","url":"https:\/\/frontaliers-grandest.eu\/wp-content\/uploads\/2025\/07\/260328234_2966785176920310_3332838526503858160_n.jpg","contentUrl":"https:\/\/frontaliers-grandest.eu\/wp-content\/uploads\/2025\/07\/260328234_2966785176920310_3332838526503858160_n.jpg","width":396,"height":396,"caption":"Frontaliers Grand Est"},"image":{"@id":"https:\/\/frontaliers-grandest.eu\/de\/#\/schema\/logo\/image\/"},"sameAs":["https:\/\/www.facebook.com\/frontaliers.GR.EST\/?locale=fr_FR"]}]}},"frge_page_order":0,"_links":{"self":[{"href":"https:\/\/frontaliers-grandest.eu\/de\/wp-json\/wp\/v2\/pages\/7279","targetHints":{"allow":["GET"]}}],"collection":[{"href":"https:\/\/frontaliers-grandest.eu\/de\/wp-json\/wp\/v2\/pages"}],"about":[{"href":"https:\/\/frontaliers-grandest.eu\/de\/wp-json\/wp\/v2\/types\/page"}],"author":[{"embeddable":true,"href":"https:\/\/frontaliers-grandest.eu\/de\/wp-json\/wp\/v2\/users\/7"}],"replies":[{"embeddable":true,"href":"https:\/\/frontaliers-grandest.eu\/de\/wp-json\/wp\/v2\/comments?post=7279"}],"version-history":[{"count":1,"href":"https:\/\/frontaliers-grandest.eu\/de\/wp-json\/wp\/v2\/pages\/7279\/revisions"}],"predecessor-version":[{"id":7280,"href":"https:\/\/frontaliers-grandest.eu\/de\/wp-json\/wp\/v2\/pages\/7279\/revisions\/7280"}],"up":[{"embeddable":true,"href":"https:\/\/frontaliers-grandest.eu\/de\/wp-json\/wp\/v2\/pages\/7264"}],"wp:attachment":[{"href":"https:\/\/frontaliers-grandest.eu\/de\/wp-json\/wp\/v2\/media?parent=7279"}],"wp:term":[{"taxonomy":"post_tag","embeddable":true,"href":"https:\/\/frontaliers-grandest.eu\/de\/wp-json\/wp\/v2\/tags?post=7279"},{"taxonomy":"frge_profile","embeddable":true,"href":"https:\/\/frontaliers-grandest.eu\/de\/wp-json\/wp\/v2\/frge_profile?post=7279"}],"curies":[{"name":"wp","href":"https:\/\/api.w.org\/{rel}","templated":true}]}}