{"id":7277,"date":"2021-05-07T09:54:14","date_gmt":"2021-05-07T07:54:14","guid":{"rendered":"https:\/\/frontaliers-grandest.eu\/?page_id=7277"},"modified":"2021-05-07T09:54:15","modified_gmt":"2021-05-07T07:54:15","slug":"kann-ich-meinen-vertrag-abbrechen-auch-wenn-das-projekt-nicht-abgeschlossen-ist","status":"publish","type":"page","link":"https:\/\/frontaliers-grandest.eu\/de\/startseite\/arbeitsuchende\/einen-job-in-luxemburg-finden\/zeitarbeit-in-luxemburg\/kann-ich-meinen-vertrag-abbrechen-auch-wenn-das-projekt-nicht-abgeschlossen-ist\/","title":{"rendered":"Kann ich meinen Vertrag abbrechen, auch wenn das Projekt nicht abgeschlossen ist ?"},"content":{"rendered":"\n<p>Grunds\u00e4tzlich ist es&nbsp;<strong>nicht m\u00f6glich, Ihren Vertrag abzubrechen, bevor er gem\u00e4\u00df den Bestimmungen des Projektvertrags endet<\/strong>.<\/p>\n\n\n\n<p>Entscheiden Sie sich f\u00fcr einen Abbruch, ist Ihre Zeitarbeitsagentur berechtigt, Schadensersatz zu fordern, der dem Schaden entspricht, der ihm aufgrund des vorzeitigen Abbruchs verursacht wurde. Auf jeden Fall darf der Schadensersatzbetrag nicht h\u00f6her als die Verg\u00fctung sein, die der Dauer der K\u00fcndigungsfrist entspricht, welche von Ihnen einzuhalten gewesen w\u00e4re, wenn der Vertrag unbefristet geschlossen worden w\u00e4re.<\/p>\n","protected":false},"excerpt":{"rendered":"<p>Grunds\u00e4tzlich ist es&nbsp;nicht m\u00f6glich, Ihren Vertrag abzubrechen, bevor er gem\u00e4\u00df den Bestimmungen des Projektvertrags endet. Entscheiden Sie sich f\u00fcr einen Abbruch, ist Ihre Zeitarbeitsagentur berechtigt, Schadensersatz zu fordern, der dem Schaden entspricht, der ihm aufgrund des vorzeitigen Abbruchs verursacht wurde. Auf jeden Fall darf der Schadensersatzbetrag nicht h\u00f6her als die Verg\u00fctung sein, die der Dauer [&hellip;]<\/p>\n","protected":false},"author":7,"featured_media":0,"parent":7264,"menu_order":3,"comment_status":"closed","ping_status":"closed","template":"","meta":{"inline_featured_image":false,"footnotes":""},"tags":[],"frge_profile":[],"class_list":["post-7277","page","type-page","status-publish","hentry"],"yoast_head":"<!-- This site is optimized with the Yoast SEO plugin v27.1.1 - https:\/\/yoast.com\/product\/yoast-seo-wordpress\/ -->\n<title>Kann ich meinen Vertrag abbrechen, auch wenn das Projekt nicht abgeschlossen ist ? - Frontaliers Grand Est<\/title>\n<meta name=\"robots\" content=\"index, follow, max-snippet:-1, max-image-preview:large, max-video-preview:-1\" \/>\n<link rel=\"canonical\" href=\"https:\/\/frontaliers-grandest.eu\/de\/startseite\/arbeitsuchende\/einen-job-in-luxemburg-finden\/zeitarbeit-in-luxemburg\/kann-ich-meinen-vertrag-abbrechen-auch-wenn-das-projekt-nicht-abgeschlossen-ist\/\" \/>\n<meta property=\"og:locale\" content=\"de_DE\" \/>\n<meta property=\"og:type\" content=\"article\" \/>\n<meta property=\"og:title\" content=\"Kann ich meinen Vertrag abbrechen, auch wenn das Projekt nicht abgeschlossen ist ? - Frontaliers Grand Est\" \/>\n<meta property=\"og:description\" content=\"Grunds\u00e4tzlich ist es&nbsp;nicht m\u00f6glich, Ihren Vertrag abzubrechen, bevor er gem\u00e4\u00df den Bestimmungen des Projektvertrags endet. Entscheiden Sie sich f\u00fcr einen Abbruch, ist Ihre Zeitarbeitsagentur berechtigt, Schadensersatz zu fordern, der dem Schaden entspricht, der ihm aufgrund des vorzeitigen Abbruchs verursacht wurde. Auf jeden Fall darf der Schadensersatzbetrag nicht h\u00f6her als die Verg\u00fctung sein, die der Dauer [&hellip;]\" \/>\n<meta property=\"og:url\" content=\"https:\/\/frontaliers-grandest.eu\/de\/startseite\/arbeitsuchende\/einen-job-in-luxemburg-finden\/zeitarbeit-in-luxemburg\/kann-ich-meinen-vertrag-abbrechen-auch-wenn-das-projekt-nicht-abgeschlossen-ist\/\" \/>\n<meta property=\"og:site_name\" content=\"Frontaliers Grand Est\" \/>\n<meta property=\"article:publisher\" content=\"https:\/\/www.facebook.com\/frontaliers.GR.EST\/?locale=fr_FR\" \/>\n<meta property=\"article:modified_time\" content=\"2021-05-07T07:54:15+00:00\" \/>\n<meta name=\"twitter:card\" content=\"summary_large_image\" \/>\n<meta name=\"twitter:label1\" content=\"Gesch\u00e4tzte Lesezeit\" \/>\n\t<meta name=\"twitter:data1\" content=\"1\u00a0Minute\" \/>\n<script type=\"application\/ld+json\" class=\"yoast-schema-graph\">{\"@context\":\"https:\/\/schema.org\",\"@graph\":[{\"@type\":\"WebPage\",\"@id\":\"https:\/\/frontaliers-grandest.eu\/de\/startseite\/arbeitsuchende\/einen-job-in-luxemburg-finden\/zeitarbeit-in-luxemburg\/kann-ich-meinen-vertrag-abbrechen-auch-wenn-das-projekt-nicht-abgeschlossen-ist\/\",\"url\":\"https:\/\/frontaliers-grandest.eu\/de\/startseite\/arbeitsuchende\/einen-job-in-luxemburg-finden\/zeitarbeit-in-luxemburg\/kann-ich-meinen-vertrag-abbrechen-auch-wenn-das-projekt-nicht-abgeschlossen-ist\/\",\"name\":\"Kann ich meinen Vertrag abbrechen, auch wenn das Projekt nicht abgeschlossen ist ? - Frontaliers Grand Est\",\"isPartOf\":{\"@id\":\"https:\/\/frontaliers-grandest.eu\/de\/#website\"},\"datePublished\":\"2021-05-07T07:54:14+00:00\",\"dateModified\":\"2021-05-07T07:54:15+00:00\",\"breadcrumb\":{\"@id\":\"https:\/\/frontaliers-grandest.eu\/de\/startseite\/arbeitsuchende\/einen-job-in-luxemburg-finden\/zeitarbeit-in-luxemburg\/kann-ich-meinen-vertrag-abbrechen-auch-wenn-das-projekt-nicht-abgeschlossen-ist\/#breadcrumb\"},\"inLanguage\":\"de\",\"potentialAction\":[{\"@type\":\"ReadAction\",\"target\":[\"https:\/\/frontaliers-grandest.eu\/de\/startseite\/arbeitsuchende\/einen-job-in-luxemburg-finden\/zeitarbeit-in-luxemburg\/kann-ich-meinen-vertrag-abbrechen-auch-wenn-das-projekt-nicht-abgeschlossen-ist\/\"]}]},{\"@type\":\"BreadcrumbList\",\"@id\":\"https:\/\/frontaliers-grandest.eu\/de\/startseite\/arbeitsuchende\/einen-job-in-luxemburg-finden\/zeitarbeit-in-luxemburg\/kann-ich-meinen-vertrag-abbrechen-auch-wenn-das-projekt-nicht-abgeschlossen-ist\/#breadcrumb\",\"itemListElement\":[{\"@type\":\"ListItem\",\"position\":1,\"name\":\"Startseite\",\"item\":\"https:\/\/frontaliers-grandest.eu\/de\/\"},{\"@type\":\"ListItem\",\"position\":2,\"name\":\"Arbeitsuchende\",\"item\":\"https:\/\/frontaliers-grandest.eu\/de\/startseite\/arbeitsuchende\/\"},{\"@type\":\"ListItem\",\"position\":3,\"name\":\"Einen Job in Luxemburg finden\",\"item\":\"https:\/\/frontaliers-grandest.eu\/de\/startseite\/arbeitsuchende\/einen-job-in-luxemburg-finden\/\"},{\"@type\":\"ListItem\",\"position\":4,\"name\":\"Zeitarbeit in Luxemburg\",\"item\":\"https:\/\/frontaliers-grandest.eu\/de\/startseite\/arbeitsuchende\/einen-job-in-luxemburg-finden\/zeitarbeit-in-luxemburg\/\"},{\"@type\":\"ListItem\",\"position\":5,\"name\":\"Kann ich meinen Vertrag abbrechen, auch wenn das Projekt nicht abgeschlossen ist ?\"}]},{\"@type\":\"WebSite\",\"@id\":\"https:\/\/frontaliers-grandest.eu\/de\/#website\",\"url\":\"https:\/\/frontaliers-grandest.eu\/de\/\",\"name\":\"Frontaliers Grand Est\",\"description\":\"Le site ressource du travail frontalier\",\"publisher\":{\"@id\":\"https:\/\/frontaliers-grandest.eu\/de\/#organization\"},\"alternateName\":\"Frontaliers Grand Est\",\"potentialAction\":[{\"@type\":\"SearchAction\",\"target\":{\"@type\":\"EntryPoint\",\"urlTemplate\":\"https:\/\/frontaliers-grandest.eu\/de\/?s={search_term_string}\"},\"query-input\":{\"@type\":\"PropertyValueSpecification\",\"valueRequired\":true,\"valueName\":\"search_term_string\"}}],\"inLanguage\":\"de\"},{\"@type\":\"Organization\",\"@id\":\"https:\/\/frontaliers-grandest.eu\/de\/#organization\",\"name\":\"Frontaliers Grand Est\",\"alternateName\":\"Frontaliers Grand Est\",\"url\":\"https:\/\/frontaliers-grandest.eu\/de\/\",\"logo\":{\"@type\":\"ImageObject\",\"inLanguage\":\"de\",\"@id\":\"https:\/\/frontaliers-grandest.eu\/de\/#\/schema\/logo\/image\/\",\"url\":\"https:\/\/frontaliers-grandest.eu\/wp-content\/uploads\/2025\/07\/260328234_2966785176920310_3332838526503858160_n.jpg\",\"contentUrl\":\"https:\/\/frontaliers-grandest.eu\/wp-content\/uploads\/2025\/07\/260328234_2966785176920310_3332838526503858160_n.jpg\",\"width\":396,\"height\":396,\"caption\":\"Frontaliers Grand Est\"},\"image\":{\"@id\":\"https:\/\/frontaliers-grandest.eu\/de\/#\/schema\/logo\/image\/\"},\"sameAs\":[\"https:\/\/www.facebook.com\/frontaliers.GR.EST\/?locale=fr_FR\"]}]}<\/script>\n<!-- \/ Yoast SEO plugin. -->","yoast_head_json":{"title":"Kann ich meinen Vertrag abbrechen, auch wenn das Projekt nicht abgeschlossen ist ? - Frontaliers Grand Est","robots":{"index":"index","follow":"follow","max-snippet":"max-snippet:-1","max-image-preview":"max-image-preview:large","max-video-preview":"max-video-preview:-1"},"canonical":"https:\/\/frontaliers-grandest.eu\/de\/startseite\/arbeitsuchende\/einen-job-in-luxemburg-finden\/zeitarbeit-in-luxemburg\/kann-ich-meinen-vertrag-abbrechen-auch-wenn-das-projekt-nicht-abgeschlossen-ist\/","og_locale":"de_DE","og_type":"article","og_title":"Kann ich meinen Vertrag abbrechen, auch wenn das Projekt nicht abgeschlossen ist ? - Frontaliers Grand Est","og_description":"Grunds\u00e4tzlich ist es&nbsp;nicht m\u00f6glich, Ihren Vertrag abzubrechen, bevor er gem\u00e4\u00df den Bestimmungen des Projektvertrags endet. Entscheiden Sie sich f\u00fcr einen Abbruch, ist Ihre Zeitarbeitsagentur berechtigt, Schadensersatz zu fordern, der dem Schaden entspricht, der ihm aufgrund des vorzeitigen Abbruchs verursacht wurde. Auf jeden Fall darf der Schadensersatzbetrag nicht h\u00f6her als die Verg\u00fctung sein, die der Dauer [&hellip;]","og_url":"https:\/\/frontaliers-grandest.eu\/de\/startseite\/arbeitsuchende\/einen-job-in-luxemburg-finden\/zeitarbeit-in-luxemburg\/kann-ich-meinen-vertrag-abbrechen-auch-wenn-das-projekt-nicht-abgeschlossen-ist\/","og_site_name":"Frontaliers Grand Est","article_publisher":"https:\/\/www.facebook.com\/frontaliers.GR.EST\/?locale=fr_FR","article_modified_time":"2021-05-07T07:54:15+00:00","twitter_card":"summary_large_image","twitter_misc":{"Gesch\u00e4tzte Lesezeit":"1\u00a0Minute"},"schema":{"@context":"https:\/\/schema.org","@graph":[{"@type":"WebPage","@id":"https:\/\/frontaliers-grandest.eu\/de\/startseite\/arbeitsuchende\/einen-job-in-luxemburg-finden\/zeitarbeit-in-luxemburg\/kann-ich-meinen-vertrag-abbrechen-auch-wenn-das-projekt-nicht-abgeschlossen-ist\/","url":"https:\/\/frontaliers-grandest.eu\/de\/startseite\/arbeitsuchende\/einen-job-in-luxemburg-finden\/zeitarbeit-in-luxemburg\/kann-ich-meinen-vertrag-abbrechen-auch-wenn-das-projekt-nicht-abgeschlossen-ist\/","name":"Kann ich meinen Vertrag abbrechen, auch wenn das Projekt nicht abgeschlossen ist ? - Frontaliers Grand Est","isPartOf":{"@id":"https:\/\/frontaliers-grandest.eu\/de\/#website"},"datePublished":"2021-05-07T07:54:14+00:00","dateModified":"2021-05-07T07:54:15+00:00","breadcrumb":{"@id":"https:\/\/frontaliers-grandest.eu\/de\/startseite\/arbeitsuchende\/einen-job-in-luxemburg-finden\/zeitarbeit-in-luxemburg\/kann-ich-meinen-vertrag-abbrechen-auch-wenn-das-projekt-nicht-abgeschlossen-ist\/#breadcrumb"},"inLanguage":"de","potentialAction":[{"@type":"ReadAction","target":["https:\/\/frontaliers-grandest.eu\/de\/startseite\/arbeitsuchende\/einen-job-in-luxemburg-finden\/zeitarbeit-in-luxemburg\/kann-ich-meinen-vertrag-abbrechen-auch-wenn-das-projekt-nicht-abgeschlossen-ist\/"]}]},{"@type":"BreadcrumbList","@id":"https:\/\/frontaliers-grandest.eu\/de\/startseite\/arbeitsuchende\/einen-job-in-luxemburg-finden\/zeitarbeit-in-luxemburg\/kann-ich-meinen-vertrag-abbrechen-auch-wenn-das-projekt-nicht-abgeschlossen-ist\/#breadcrumb","itemListElement":[{"@type":"ListItem","position":1,"name":"Startseite","item":"https:\/\/frontaliers-grandest.eu\/de\/"},{"@type":"ListItem","position":2,"name":"Arbeitsuchende","item":"https:\/\/frontaliers-grandest.eu\/de\/startseite\/arbeitsuchende\/"},{"@type":"ListItem","position":3,"name":"Einen Job in Luxemburg finden","item":"https:\/\/frontaliers-grandest.eu\/de\/startseite\/arbeitsuchende\/einen-job-in-luxemburg-finden\/"},{"@type":"ListItem","position":4,"name":"Zeitarbeit in Luxemburg","item":"https:\/\/frontaliers-grandest.eu\/de\/startseite\/arbeitsuchende\/einen-job-in-luxemburg-finden\/zeitarbeit-in-luxemburg\/"},{"@type":"ListItem","position":5,"name":"Kann ich meinen Vertrag abbrechen, auch wenn das Projekt nicht abgeschlossen ist ?"}]},{"@type":"WebSite","@id":"https:\/\/frontaliers-grandest.eu\/de\/#website","url":"https:\/\/frontaliers-grandest.eu\/de\/","name":"Frontaliers Grand Est","description":"Le site ressource du travail frontalier","publisher":{"@id":"https:\/\/frontaliers-grandest.eu\/de\/#organization"},"alternateName":"Frontaliers Grand Est","potentialAction":[{"@type":"SearchAction","target":{"@type":"EntryPoint","urlTemplate":"https:\/\/frontaliers-grandest.eu\/de\/?s={search_term_string}"},"query-input":{"@type":"PropertyValueSpecification","valueRequired":true,"valueName":"search_term_string"}}],"inLanguage":"de"},{"@type":"Organization","@id":"https:\/\/frontaliers-grandest.eu\/de\/#organization","name":"Frontaliers Grand Est","alternateName":"Frontaliers Grand Est","url":"https:\/\/frontaliers-grandest.eu\/de\/","logo":{"@type":"ImageObject","inLanguage":"de","@id":"https:\/\/frontaliers-grandest.eu\/de\/#\/schema\/logo\/image\/","url":"https:\/\/frontaliers-grandest.eu\/wp-content\/uploads\/2025\/07\/260328234_2966785176920310_3332838526503858160_n.jpg","contentUrl":"https:\/\/frontaliers-grandest.eu\/wp-content\/uploads\/2025\/07\/260328234_2966785176920310_3332838526503858160_n.jpg","width":396,"height":396,"caption":"Frontaliers Grand Est"},"image":{"@id":"https:\/\/frontaliers-grandest.eu\/de\/#\/schema\/logo\/image\/"},"sameAs":["https:\/\/www.facebook.com\/frontaliers.GR.EST\/?locale=fr_FR"]}]}},"frge_page_order":0,"_links":{"self":[{"href":"https:\/\/frontaliers-grandest.eu\/de\/wp-json\/wp\/v2\/pages\/7277","targetHints":{"allow":["GET"]}}],"collection":[{"href":"https:\/\/frontaliers-grandest.eu\/de\/wp-json\/wp\/v2\/pages"}],"about":[{"href":"https:\/\/frontaliers-grandest.eu\/de\/wp-json\/wp\/v2\/types\/page"}],"author":[{"embeddable":true,"href":"https:\/\/frontaliers-grandest.eu\/de\/wp-json\/wp\/v2\/users\/7"}],"replies":[{"embeddable":true,"href":"https:\/\/frontaliers-grandest.eu\/de\/wp-json\/wp\/v2\/comments?post=7277"}],"version-history":[{"count":1,"href":"https:\/\/frontaliers-grandest.eu\/de\/wp-json\/wp\/v2\/pages\/7277\/revisions"}],"predecessor-version":[{"id":7278,"href":"https:\/\/frontaliers-grandest.eu\/de\/wp-json\/wp\/v2\/pages\/7277\/revisions\/7278"}],"up":[{"embeddable":true,"href":"https:\/\/frontaliers-grandest.eu\/de\/wp-json\/wp\/v2\/pages\/7264"}],"wp:attachment":[{"href":"https:\/\/frontaliers-grandest.eu\/de\/wp-json\/wp\/v2\/media?parent=7277"}],"wp:term":[{"taxonomy":"post_tag","embeddable":true,"href":"https:\/\/frontaliers-grandest.eu\/de\/wp-json\/wp\/v2\/tags?post=7277"},{"taxonomy":"frge_profile","embeddable":true,"href":"https:\/\/frontaliers-grandest.eu\/de\/wp-json\/wp\/v2\/frge_profile?post=7277"}],"curies":[{"name":"wp","href":"https:\/\/api.w.org\/{rel}","templated":true}]}}