{"id":7274,"date":"2021-05-07T09:51:55","date_gmt":"2021-05-07T07:51:55","guid":{"rendered":"https:\/\/frontaliers-grandest.eu\/?page_id=7274"},"modified":"2021-05-07T09:51:56","modified_gmt":"2021-05-07T07:51:56","slug":"ihr-projektvertrag-und-das-anzuwendende-arbeitsrecht","status":"publish","type":"page","link":"https:\/\/frontaliers-grandest.eu\/de\/startseite\/arbeitsuchende\/einen-job-in-luxemburg-finden\/zeitarbeit-in-luxemburg\/ihr-projektvertrag-und-das-anzuwendende-arbeitsrecht\/","title":{"rendered":"Ihr Projektvertrag und das anzuwendende Arbeitsrecht"},"content":{"rendered":"\n<h4 class=\"wp-block-heading\"><strong>Ihre in Luxemburg niedergelassene Agentur bietet Ihnen einen Projektvertrag an<\/strong><\/h4>\n\n\n\n<p>Der Vertrag, auch Projektvertrag genannt, muss&nbsp;<strong>in Schriftform ausgefertigt und Ihnen sp\u00e4testens innerhalb von zwei Werktagen<\/strong>&nbsp;nach Ihrer Bereitstellung beim entleihenden Unternehmen zugesandt werden.<\/p>\n\n\n\n<h5 class=\"wp-block-heading\"><strong>Ihr Projektvertrag muss die obligatorischen Hinweise beinhalten<\/strong>&nbsp;:<\/h5>\n\n\n\n<ul class=\"wp-block-list\"><li>den Grund, aus dem das Benutzerunternehme auf einen Zeitarbeiter zur\u00fcckgreift;<\/li><li>dir vorgesehene Dauer des Auftrags: Wird der Zeitarbeitsvertrag f\u00fcr eine bestimmte Dauer vereinbart, den Termin seiner Beendigung. In Ermangelung einer genauen Dauer (insbesondere f\u00fcr den Ersatz eines Arbeitnehmers f\u00fcr eine saisonabh\u00e4ngige Besch\u00e4ftigung, f\u00fcr Vertr\u00e4ge, f\u00fcr die normalerweise nicht auf einen unbefristeten Vertrag zur\u00fcckgegriffen wird) muss eine Mindestdauer genannt werden;<\/li><li>den Namen der vertretenen Person, sofern der Projektvertrag f\u00fcr die Vertretung eines Arbeitnehmers geschlossen wird;<\/li><li>den Auftragsort;<\/li><li>die normale Arbeitszeit;<\/li><li>die besonderen Merkmale des Arbeitsplatzes, die geforderte Berufsqualifikation;<\/li><li>die Information, dass der Arbeitnehmer berechtigt ist, sich vom entleihenden Unternehmen einstellen zu lassen;<\/li><li>den Verweis auf das einem Arbeitnehmer mit derselben Qualifikation (oder gleichwertig), der vom entleihenden Unternehmen eingestellt wird, unter denselben Bedingungen als permanenten Arbeitnehmer gezahlte Gehalt;<\/li><li>die Dauer der Probezeit :<\/li><\/ul>\n\n\n<div class=\"wp-block-wptb-table-block\"><div class=\"wptb-container-legacy\" data-table-id=\"7275\">\n    <table class=\"wptb-preview-table wptb-element-main-table_setting-7275 edit-active\" style=\"border: 1px solid rgb(209, 209, 209);\" data-reconstraction=\"1\" data-wptb-table-tds-sum-max-width=\"263\" data-wptb-cells-width-auto-count=\"2\" data-wptb-extra-styles=\"LyogRW50ZXIgeW91ciBjdXN0b20gQ1NTIHJ1bGVzIGhlcmUgKi8=\" role=\"table\" data-table-columns=\"2\"><tbody><tr class=\"wptb-row\"><td class=\"wptb-cell\" data-y-index=\"0\" data-x-index=\"0\" style=\"border: 1px solid rgb(209, 209, 209);\" data-wptb-css-td-auto-width=\"true\" data-wptb-cell-vertical-alignment=\"top\"><div class=\"wptb-text-container wptb-ph-element wptb-element-text-1\"><div class=\"\" style=\"position: relative;\"><p><strong>DAUER DES VERTRAGS ODER MINDESTDAUER DES VERTRAGS, SOFERN KEINE GENAUE ANGABE<\/strong><\/p><\/div><\/div><\/td><td class=\"wptb-cell\" data-y-index=\"0\" data-x-index=\"1\" style=\"border: 1px solid rgb(209, 209, 209);\" data-wptb-css-td-auto-width=\"true\" data-wptb-cell-vertical-alignment=\"top\"><div class=\"wptb-text-container wptb-ph-element wptb-element-text-2\"><div class=\"\" style=\"position: relative;\"><p><strong>MAXIMALE DAUER DER PROBEZEIT<\/strong><\/p><\/div><\/div><\/td><\/tr><tr class=\"wptb-row\"><td class=\"wptb-cell\" data-y-index=\"1\" data-x-index=\"0\" style=\"border: 1px solid rgb(209, 209, 209);\" data-wptb-css-td-auto-width=\"true\"><div class=\"wptb-text-container wptb-ph-element wptb-element-text-3\"><div class=\"\" style=\"position: relative;\"><p>Maximal ein Monat<\/p><\/div><\/div><\/td><td class=\"wptb-cell\" data-y-index=\"1\" data-x-index=\"1\" style=\"border: 1px solid rgb(209, 209, 209);\" data-wptb-css-td-auto-width=\"true\"><div class=\"wptb-text-container wptb-ph-element wptb-element-text-4\"><div class=\"\" style=\"position: relative;\"><p>3 gearbeitete Tage<br><\/p><\/div><\/div><\/td><\/tr><tr class=\"wptb-row\"><td class=\"wptb-cell\" data-y-index=\"2\" data-x-index=\"0\" style=\"border: 1px solid rgb(209, 209, 209);\" data-wptb-css-td-auto-width=\"true\"><div class=\"wptb-text-container wptb-ph-element wptb-element-text-5\"><div class=\"\" style=\"position: relative;\"><p>Zwischen ein und zwei Monaten<\/p><\/div><\/div><\/td><td class=\"wptb-cell\" data-y-index=\"2\" data-x-index=\"1\" style=\"border: 1px solid rgb(209, 209, 209);\" data-wptb-css-td-auto-width=\"true\"><div class=\"wptb-text-container wptb-ph-element wptb-element-text-6\"><div class=\"\" style=\"position: relative;\"><p>5 gearbeitete Tage<\/p><\/div><\/div><\/td><\/tr><tr class=\"wptb-row\"><td class=\"wptb-cell\" data-y-index=\"3\" data-x-index=\"0\" style=\"border: 1px solid rgb(209, 209, 209);\" data-wptb-css-td-auto-width=\"true\"><div class=\"wptb-text-container wptb-ph-element wptb-element-text-7\"><div class=\"\" style=\"position: relative;\"><p>Mehr als zwei Monate<\/p><\/div><\/div><\/td><td class=\"wptb-cell\" data-y-index=\"3\" data-x-index=\"1\" style=\"border: 1px solid rgb(209, 209, 209);\" data-wptb-css-td-auto-width=\"true\"><div class=\"wptb-text-container wptb-ph-element wptb-element-text-8\"><div class=\"\" style=\"position: relative;\"><p>8 gearbeitete Tage<\/p><\/div><\/div><\/td><\/tr><\/tbody><\/table>\n<\/div>\n<\/div>\n\n\n<h4 class=\"wp-block-heading\"><strong>Laufzeit Ihres Projetvertrags<\/strong><\/h4>\n\n\n\n<p>Die Laufzeit kann f\u00fcr\u00a0<strong>denselben Arbeitnehmer und denselben Arbeitsplatz 12 Monate nicht \u00fcberschreiten<\/strong>. Arbeiten Sie nach der Beendigung Ihres Projektauftrags weiterhin f\u00fcr das entleihende Unternehmen, ohne dass dasselbe mit Ihnen einen Arbeitsvertrag unterzeichnet hat oder ohne dass ein neuer Bereitstellungsvertrag mit der Zeitarbeitsagentur vereinbart wurde, wird davon ausgegangen, dass Sie an das entleihende Unternehmen mit einem unbefristeten Vertrag gebunden sind.<\/p>\n\n\n\n<h4 class=\"wp-block-heading\"><strong>Verl\u00e4ngerung<\/strong><\/h4>\n\n\n\n<p>Im Rahmen ein und desselben Projektauftrags ist einzig eine\u00a0<strong>2-malige Verl\u00e4ngerung f\u00fcr eine Gesamtdauer von maximal 12 Monaten zul\u00e4ssig<\/strong>, sofern der anf\u00e4ngliche Vertrag oder der Nachtrag zu diesem Vertrag eine Verl\u00e4ngerungsklausel beinhaltet.<\/p>\n\n\n\n<h4 class=\"wp-block-heading\"><strong>Ausstattungen<\/strong><\/h4>\n\n\n\n<p>Das entleihende Unternehmen ist verpflichtet, Ihnen die&nbsp;<strong>geeignete und erforderliche Ausstattung zur Verf\u00fcgung<\/strong>&nbsp;zu stellen. Im Fall der Benutzung Ihrer eigenen Arbeitsmittel muss Ihnen eine Entsch\u00e4digung (zu definieren) gezahlt werden.<\/p>\n\n\n\n<h5 class=\"wp-block-heading\">W\u00e4hrend der gesamten Dauer des Projektvertrags:<\/h5>\n\n\n\n<ul class=\"wp-block-list\"><li>Das entleihende Unternehmen zeichnet verantwortlich f\u00fcr die Einhaltung der Sicherheits-, Hygiene- und Gesundheitsschutzregeln an Ihrem Arbeitsplatz sowie der Regeln in Bezug auf die Arbeitsbedingungen und den Schutz der Arbeitnehmer bei der Aus\u00fcbung ihres Berufs (Arbeitszeit, obligatorische Ruhezeit).<\/li><li>Die Zeitarbeitsagentur ist ihrerseits f\u00fcr Ihr Gehalt und die Abf\u00fchrung der damit verbundenen Sozialbeitr\u00e4ge und Steuern verantwortlich<\/li><\/ul>\n","protected":false},"excerpt":{"rendered":"<p>Ihre in Luxemburg niedergelassene Agentur bietet Ihnen einen Projektvertrag an Der Vertrag, auch Projektvertrag genannt, muss&nbsp;in Schriftform ausgefertigt und Ihnen sp\u00e4testens innerhalb von zwei Werktagen&nbsp;nach Ihrer Bereitstellung beim entleihenden Unternehmen zugesandt werden. Ihr Projektvertrag muss die obligatorischen Hinweise beinhalten&nbsp;: den Grund, aus dem das Benutzerunternehme auf einen Zeitarbeiter zur\u00fcckgreift; dir vorgesehene Dauer des Auftrags: Wird [&hellip;]<\/p>\n","protected":false},"author":7,"featured_media":0,"parent":7264,"menu_order":2,"comment_status":"closed","ping_status":"closed","template":"","meta":{"inline_featured_image":false,"footnotes":""},"tags":[],"frge_profile":[],"class_list":["post-7274","page","type-page","status-publish","hentry"],"yoast_head":"<!-- This site is optimized with the Yoast SEO plugin v27.1.1 - https:\/\/yoast.com\/product\/yoast-seo-wordpress\/ -->\n<title>Ihr Projektvertrag und das anzuwendende Arbeitsrecht - Frontaliers Grand Est<\/title>\n<meta name=\"robots\" content=\"index, follow, max-snippet:-1, max-image-preview:large, max-video-preview:-1\" \/>\n<link rel=\"canonical\" href=\"https:\/\/frontaliers-grandest.eu\/de\/startseite\/arbeitsuchende\/einen-job-in-luxemburg-finden\/zeitarbeit-in-luxemburg\/ihr-projektvertrag-und-das-anzuwendende-arbeitsrecht\/\" \/>\n<meta property=\"og:locale\" content=\"de_DE\" \/>\n<meta property=\"og:type\" content=\"article\" \/>\n<meta property=\"og:title\" content=\"Ihr Projektvertrag und das anzuwendende Arbeitsrecht - Frontaliers Grand Est\" \/>\n<meta property=\"og:description\" content=\"Ihre in Luxemburg niedergelassene Agentur bietet Ihnen einen Projektvertrag an Der Vertrag, auch Projektvertrag genannt, muss&nbsp;in Schriftform ausgefertigt und Ihnen sp\u00e4testens innerhalb von zwei Werktagen&nbsp;nach Ihrer Bereitstellung beim entleihenden Unternehmen zugesandt werden. Ihr Projektvertrag muss die obligatorischen Hinweise beinhalten&nbsp;: den Grund, aus dem das Benutzerunternehme auf einen Zeitarbeiter zur\u00fcckgreift; dir vorgesehene Dauer des Auftrags: Wird [&hellip;]\" \/>\n<meta property=\"og:url\" content=\"https:\/\/frontaliers-grandest.eu\/de\/startseite\/arbeitsuchende\/einen-job-in-luxemburg-finden\/zeitarbeit-in-luxemburg\/ihr-projektvertrag-und-das-anzuwendende-arbeitsrecht\/\" \/>\n<meta property=\"og:site_name\" content=\"Frontaliers Grand Est\" \/>\n<meta property=\"article:publisher\" content=\"https:\/\/www.facebook.com\/frontaliers.GR.EST\/?locale=fr_FR\" \/>\n<meta property=\"article:modified_time\" content=\"2021-05-07T07:51:56+00:00\" \/>\n<meta name=\"twitter:card\" content=\"summary_large_image\" \/>\n<meta name=\"twitter:label1\" content=\"Gesch\u00e4tzte Lesezeit\" \/>\n\t<meta name=\"twitter:data1\" content=\"2\u00a0Minuten\" \/>\n<script type=\"application\/ld+json\" class=\"yoast-schema-graph\">{\"@context\":\"https:\/\/schema.org\",\"@graph\":[{\"@type\":\"WebPage\",\"@id\":\"https:\/\/frontaliers-grandest.eu\/de\/startseite\/arbeitsuchende\/einen-job-in-luxemburg-finden\/zeitarbeit-in-luxemburg\/ihr-projektvertrag-und-das-anzuwendende-arbeitsrecht\/\",\"url\":\"https:\/\/frontaliers-grandest.eu\/de\/startseite\/arbeitsuchende\/einen-job-in-luxemburg-finden\/zeitarbeit-in-luxemburg\/ihr-projektvertrag-und-das-anzuwendende-arbeitsrecht\/\",\"name\":\"Ihr Projektvertrag und das anzuwendende Arbeitsrecht - Frontaliers Grand Est\",\"isPartOf\":{\"@id\":\"https:\/\/frontaliers-grandest.eu\/de\/#website\"},\"datePublished\":\"2021-05-07T07:51:55+00:00\",\"dateModified\":\"2021-05-07T07:51:56+00:00\",\"breadcrumb\":{\"@id\":\"https:\/\/frontaliers-grandest.eu\/de\/startseite\/arbeitsuchende\/einen-job-in-luxemburg-finden\/zeitarbeit-in-luxemburg\/ihr-projektvertrag-und-das-anzuwendende-arbeitsrecht\/#breadcrumb\"},\"inLanguage\":\"de\",\"potentialAction\":[{\"@type\":\"ReadAction\",\"target\":[\"https:\/\/frontaliers-grandest.eu\/de\/startseite\/arbeitsuchende\/einen-job-in-luxemburg-finden\/zeitarbeit-in-luxemburg\/ihr-projektvertrag-und-das-anzuwendende-arbeitsrecht\/\"]}]},{\"@type\":\"BreadcrumbList\",\"@id\":\"https:\/\/frontaliers-grandest.eu\/de\/startseite\/arbeitsuchende\/einen-job-in-luxemburg-finden\/zeitarbeit-in-luxemburg\/ihr-projektvertrag-und-das-anzuwendende-arbeitsrecht\/#breadcrumb\",\"itemListElement\":[{\"@type\":\"ListItem\",\"position\":1,\"name\":\"Startseite\",\"item\":\"https:\/\/frontaliers-grandest.eu\/de\/\"},{\"@type\":\"ListItem\",\"position\":2,\"name\":\"Arbeitsuchende\",\"item\":\"https:\/\/frontaliers-grandest.eu\/de\/startseite\/arbeitsuchende\/\"},{\"@type\":\"ListItem\",\"position\":3,\"name\":\"Einen Job in Luxemburg finden\",\"item\":\"https:\/\/frontaliers-grandest.eu\/de\/startseite\/arbeitsuchende\/einen-job-in-luxemburg-finden\/\"},{\"@type\":\"ListItem\",\"position\":4,\"name\":\"Zeitarbeit in Luxemburg\",\"item\":\"https:\/\/frontaliers-grandest.eu\/de\/startseite\/arbeitsuchende\/einen-job-in-luxemburg-finden\/zeitarbeit-in-luxemburg\/\"},{\"@type\":\"ListItem\",\"position\":5,\"name\":\"Ihr Projektvertrag und das anzuwendende Arbeitsrecht\"}]},{\"@type\":\"WebSite\",\"@id\":\"https:\/\/frontaliers-grandest.eu\/de\/#website\",\"url\":\"https:\/\/frontaliers-grandest.eu\/de\/\",\"name\":\"Frontaliers Grand Est\",\"description\":\"Le site ressource du travail frontalier\",\"publisher\":{\"@id\":\"https:\/\/frontaliers-grandest.eu\/de\/#organization\"},\"alternateName\":\"Frontaliers Grand Est\",\"potentialAction\":[{\"@type\":\"SearchAction\",\"target\":{\"@type\":\"EntryPoint\",\"urlTemplate\":\"https:\/\/frontaliers-grandest.eu\/de\/?s={search_term_string}\"},\"query-input\":{\"@type\":\"PropertyValueSpecification\",\"valueRequired\":true,\"valueName\":\"search_term_string\"}}],\"inLanguage\":\"de\"},{\"@type\":\"Organization\",\"@id\":\"https:\/\/frontaliers-grandest.eu\/de\/#organization\",\"name\":\"Frontaliers Grand Est\",\"alternateName\":\"Frontaliers Grand Est\",\"url\":\"https:\/\/frontaliers-grandest.eu\/de\/\",\"logo\":{\"@type\":\"ImageObject\",\"inLanguage\":\"de\",\"@id\":\"https:\/\/frontaliers-grandest.eu\/de\/#\/schema\/logo\/image\/\",\"url\":\"https:\/\/frontaliers-grandest.eu\/wp-content\/uploads\/2025\/07\/260328234_2966785176920310_3332838526503858160_n.jpg\",\"contentUrl\":\"https:\/\/frontaliers-grandest.eu\/wp-content\/uploads\/2025\/07\/260328234_2966785176920310_3332838526503858160_n.jpg\",\"width\":396,\"height\":396,\"caption\":\"Frontaliers Grand Est\"},\"image\":{\"@id\":\"https:\/\/frontaliers-grandest.eu\/de\/#\/schema\/logo\/image\/\"},\"sameAs\":[\"https:\/\/www.facebook.com\/frontaliers.GR.EST\/?locale=fr_FR\"]}]}<\/script>\n<!-- \/ Yoast SEO plugin. -->","yoast_head_json":{"title":"Ihr Projektvertrag und das anzuwendende Arbeitsrecht - Frontaliers Grand Est","robots":{"index":"index","follow":"follow","max-snippet":"max-snippet:-1","max-image-preview":"max-image-preview:large","max-video-preview":"max-video-preview:-1"},"canonical":"https:\/\/frontaliers-grandest.eu\/de\/startseite\/arbeitsuchende\/einen-job-in-luxemburg-finden\/zeitarbeit-in-luxemburg\/ihr-projektvertrag-und-das-anzuwendende-arbeitsrecht\/","og_locale":"de_DE","og_type":"article","og_title":"Ihr Projektvertrag und das anzuwendende Arbeitsrecht - Frontaliers Grand Est","og_description":"Ihre in Luxemburg niedergelassene Agentur bietet Ihnen einen Projektvertrag an Der Vertrag, auch Projektvertrag genannt, muss&nbsp;in Schriftform ausgefertigt und Ihnen sp\u00e4testens innerhalb von zwei Werktagen&nbsp;nach Ihrer Bereitstellung beim entleihenden Unternehmen zugesandt werden. Ihr Projektvertrag muss die obligatorischen Hinweise beinhalten&nbsp;: den Grund, aus dem das Benutzerunternehme auf einen Zeitarbeiter zur\u00fcckgreift; dir vorgesehene Dauer des Auftrags: Wird [&hellip;]","og_url":"https:\/\/frontaliers-grandest.eu\/de\/startseite\/arbeitsuchende\/einen-job-in-luxemburg-finden\/zeitarbeit-in-luxemburg\/ihr-projektvertrag-und-das-anzuwendende-arbeitsrecht\/","og_site_name":"Frontaliers Grand Est","article_publisher":"https:\/\/www.facebook.com\/frontaliers.GR.EST\/?locale=fr_FR","article_modified_time":"2021-05-07T07:51:56+00:00","twitter_card":"summary_large_image","twitter_misc":{"Gesch\u00e4tzte Lesezeit":"2\u00a0Minuten"},"schema":{"@context":"https:\/\/schema.org","@graph":[{"@type":"WebPage","@id":"https:\/\/frontaliers-grandest.eu\/de\/startseite\/arbeitsuchende\/einen-job-in-luxemburg-finden\/zeitarbeit-in-luxemburg\/ihr-projektvertrag-und-das-anzuwendende-arbeitsrecht\/","url":"https:\/\/frontaliers-grandest.eu\/de\/startseite\/arbeitsuchende\/einen-job-in-luxemburg-finden\/zeitarbeit-in-luxemburg\/ihr-projektvertrag-und-das-anzuwendende-arbeitsrecht\/","name":"Ihr Projektvertrag und das anzuwendende Arbeitsrecht - Frontaliers Grand Est","isPartOf":{"@id":"https:\/\/frontaliers-grandest.eu\/de\/#website"},"datePublished":"2021-05-07T07:51:55+00:00","dateModified":"2021-05-07T07:51:56+00:00","breadcrumb":{"@id":"https:\/\/frontaliers-grandest.eu\/de\/startseite\/arbeitsuchende\/einen-job-in-luxemburg-finden\/zeitarbeit-in-luxemburg\/ihr-projektvertrag-und-das-anzuwendende-arbeitsrecht\/#breadcrumb"},"inLanguage":"de","potentialAction":[{"@type":"ReadAction","target":["https:\/\/frontaliers-grandest.eu\/de\/startseite\/arbeitsuchende\/einen-job-in-luxemburg-finden\/zeitarbeit-in-luxemburg\/ihr-projektvertrag-und-das-anzuwendende-arbeitsrecht\/"]}]},{"@type":"BreadcrumbList","@id":"https:\/\/frontaliers-grandest.eu\/de\/startseite\/arbeitsuchende\/einen-job-in-luxemburg-finden\/zeitarbeit-in-luxemburg\/ihr-projektvertrag-und-das-anzuwendende-arbeitsrecht\/#breadcrumb","itemListElement":[{"@type":"ListItem","position":1,"name":"Startseite","item":"https:\/\/frontaliers-grandest.eu\/de\/"},{"@type":"ListItem","position":2,"name":"Arbeitsuchende","item":"https:\/\/frontaliers-grandest.eu\/de\/startseite\/arbeitsuchende\/"},{"@type":"ListItem","position":3,"name":"Einen Job in Luxemburg finden","item":"https:\/\/frontaliers-grandest.eu\/de\/startseite\/arbeitsuchende\/einen-job-in-luxemburg-finden\/"},{"@type":"ListItem","position":4,"name":"Zeitarbeit in Luxemburg","item":"https:\/\/frontaliers-grandest.eu\/de\/startseite\/arbeitsuchende\/einen-job-in-luxemburg-finden\/zeitarbeit-in-luxemburg\/"},{"@type":"ListItem","position":5,"name":"Ihr Projektvertrag und das anzuwendende Arbeitsrecht"}]},{"@type":"WebSite","@id":"https:\/\/frontaliers-grandest.eu\/de\/#website","url":"https:\/\/frontaliers-grandest.eu\/de\/","name":"Frontaliers Grand Est","description":"Le site ressource du travail frontalier","publisher":{"@id":"https:\/\/frontaliers-grandest.eu\/de\/#organization"},"alternateName":"Frontaliers Grand Est","potentialAction":[{"@type":"SearchAction","target":{"@type":"EntryPoint","urlTemplate":"https:\/\/frontaliers-grandest.eu\/de\/?s={search_term_string}"},"query-input":{"@type":"PropertyValueSpecification","valueRequired":true,"valueName":"search_term_string"}}],"inLanguage":"de"},{"@type":"Organization","@id":"https:\/\/frontaliers-grandest.eu\/de\/#organization","name":"Frontaliers Grand Est","alternateName":"Frontaliers Grand Est","url":"https:\/\/frontaliers-grandest.eu\/de\/","logo":{"@type":"ImageObject","inLanguage":"de","@id":"https:\/\/frontaliers-grandest.eu\/de\/#\/schema\/logo\/image\/","url":"https:\/\/frontaliers-grandest.eu\/wp-content\/uploads\/2025\/07\/260328234_2966785176920310_3332838526503858160_n.jpg","contentUrl":"https:\/\/frontaliers-grandest.eu\/wp-content\/uploads\/2025\/07\/260328234_2966785176920310_3332838526503858160_n.jpg","width":396,"height":396,"caption":"Frontaliers Grand Est"},"image":{"@id":"https:\/\/frontaliers-grandest.eu\/de\/#\/schema\/logo\/image\/"},"sameAs":["https:\/\/www.facebook.com\/frontaliers.GR.EST\/?locale=fr_FR"]}]}},"frge_page_order":0,"_links":{"self":[{"href":"https:\/\/frontaliers-grandest.eu\/de\/wp-json\/wp\/v2\/pages\/7274","targetHints":{"allow":["GET"]}}],"collection":[{"href":"https:\/\/frontaliers-grandest.eu\/de\/wp-json\/wp\/v2\/pages"}],"about":[{"href":"https:\/\/frontaliers-grandest.eu\/de\/wp-json\/wp\/v2\/types\/page"}],"author":[{"embeddable":true,"href":"https:\/\/frontaliers-grandest.eu\/de\/wp-json\/wp\/v2\/users\/7"}],"replies":[{"embeddable":true,"href":"https:\/\/frontaliers-grandest.eu\/de\/wp-json\/wp\/v2\/comments?post=7274"}],"version-history":[{"count":1,"href":"https:\/\/frontaliers-grandest.eu\/de\/wp-json\/wp\/v2\/pages\/7274\/revisions"}],"predecessor-version":[{"id":7276,"href":"https:\/\/frontaliers-grandest.eu\/de\/wp-json\/wp\/v2\/pages\/7274\/revisions\/7276"}],"up":[{"embeddable":true,"href":"https:\/\/frontaliers-grandest.eu\/de\/wp-json\/wp\/v2\/pages\/7264"}],"wp:attachment":[{"href":"https:\/\/frontaliers-grandest.eu\/de\/wp-json\/wp\/v2\/media?parent=7274"}],"wp:term":[{"taxonomy":"post_tag","embeddable":true,"href":"https:\/\/frontaliers-grandest.eu\/de\/wp-json\/wp\/v2\/tags?post=7274"},{"taxonomy":"frge_profile","embeddable":true,"href":"https:\/\/frontaliers-grandest.eu\/de\/wp-json\/wp\/v2\/frge_profile?post=7274"}],"curies":[{"name":"wp","href":"https:\/\/api.w.org\/{rel}","templated":true}]}}