{"id":7268,"date":"2021-05-07T09:40:03","date_gmt":"2021-05-07T07:40:03","guid":{"rendered":"https:\/\/frontaliers-grandest.eu\/?page_id=7268"},"modified":"2024-07-08T09:44:37","modified_gmt":"2024-07-08T07:44:37","slug":"ich-werde-einen-projektvertrag-annehmen-der-mir-von-meinem-zeitarbeitsunternehmen-angeboten-wird","status":"publish","type":"page","link":"https:\/\/frontaliers-grandest.eu\/de\/startseite\/arbeitsuchende\/einen-job-in-luxemburg-finden\/zeitarbeit-in-luxemburg\/ich-werde-einen-projektvertrag-annehmen-der-mir-von-meinem-zeitarbeitsunternehmen-angeboten-wird\/","title":{"rendered":"Ich werde einen Projektvertrag annehmen, der mir von meinem Zeitarbeitsunternehmen angeboten wird"},"content":{"rendered":"\n<h4 class=\"wp-block-heading\"><strong>Ich bin als Arbeitssuchender eingeschrieben<\/strong><\/h4>\n\n\n\n<h5 class=\"wp-block-heading\">Bitte benachrichtigen Sie das Job Center \u00fcber diese \u00c4nderung der Situation und teilen Sie zum Monatsende die erhaltenen Geh\u00e4lter mit&nbsp;:<\/h5>\n\n\n\n<ol class=\"wp-block-list\">\n<li>Melden Sie die Wiederaufnahme der Arbeit&nbsp;<strong>binnen 72 Stunden nach der Aufnahme der Besch\u00e4ftigung, sofern Sie auf der Website des Job Centers weiterhin als Arbeitssuchender registriert sind<\/strong>, in ihrem \u201epers\u00f6nlichen Bereich\u201c oder an einem Automaten \u201eUNIDIALOG\u201c in Ihrem Job Center.<\/li>\n\n\n\n<li>Zum Monatsende erkl\u00e4ren Sie ihre gearbeiteten Stunden und Ihre erhaltenen Geh\u00e4lter (bzw. eine Sch\u00e4tzung) auf der Website des Job Centers oder auf dem Postweg durch die Zusendung der&nbsp;<strong>D\u00e9claration de situation mensuelle (Erkl\u00e4rung der monatlichen Situation)<\/strong>. Dies erm\u00f6glicht dem Job Center, Ihre etwaige zus\u00e4tzliche Beihilfe (ARE: Aide au Retour \u00e0 l\u2019Emploi (Beihilfe zur Wiedereingliederung) anstelle der Berechnung eines neuen Arbeitslosengeldanspruchs zu ermitteln und Ihnen unmittelbar einen Teil zu \u00fcberweisen.<\/li>\n<\/ol>\n\n\n\n<h5 class=\"wp-block-heading\">Bitte senden Sie die Kopie Ihrer Gehaltsscheine an :<\/h5>\n\n\n\n<figure class=\"wp-block-pullquote\"><blockquote><p><strong>France Travail<\/strong><br>TSA 17598,<br>62072 Arras Cedex 9<\/p><\/blockquote><\/figure>\n\n\n\n<p>Bitte vergessen Sie nicht, auf diesen Kopien Ihren Namen und Ihre ID zu vermerken.<\/p>\n\n\n\n<p>(vgl.\u00a0<a href=\"https:\/\/www.francetravail.fr\/accueil\/\" target=\"_blank\" rel=\"noreferrer noopener\">www.francetravail.fr<\/a>\u00a0> Candidat > France Travail et moi > Mes changements de situations > Signaler toute reprise d\u2019activit\u00e9 professionnelle).<\/p>\n\n\n\n<h4 class=\"wp-block-heading\"><strong>Ich werde vom Job Center vorgeladen<\/strong><\/h4>\n\n\n\n<p>Sie k\u00f6nnen Ihren Zeitarbeitsauftrag weiter erf\u00fcllen, aber um eine etwaige Sanktion zu vermeiden, sind Sie verpflichtet, sich zu entschuldigen. In diesem Zusammenhang sind Sie verpflichtet :<\/p>\n\n\n\n<ol class=\"wp-block-list\">\n<li>Ihre Abwesenheit auf der Website des Job Centers in Ihrem \u201epers\u00f6nlichen Bereich\u201c zu vermerken oder unter die Nummer 39 49 anzurufen (vergessen Sie nicht, dass Sie Ihre Einberufung bei der Hand haben m\u00fcssen, um das Gesch\u00e4ftszeichen des Schreibens angeben zu k\u00f6nnen),<\/li>\n\n\n\n<li>eine&nbsp;<strong>Kopie Ihres Arbeitsvertrags oder Ihres Projektvertrags&nbsp;<\/strong>an das Job Center zu senden, das Sie einberufen hat (bitte f\u00fcgen Sie eine Kopie Ihrer Einberufung mit einer kurzen Erkl\u00e4rung bei).<\/li>\n<\/ol>\n\n\n\n<h4 class=\"wp-block-heading\"><strong>Ich erhalte ein Stellenangebot<\/strong><\/h4>\n\n\n\n<p>Wenn Sie weiterhin als Arbeitssuchender registriert sind, m\u00fcssen Sie auf dieses Angebot im Rahmen der geltenden Rechtsvorschriften antworten (angemessenes Angebot, vgl.\u00a0<a href=\"http:\/\/www.francetravail.fr\/\" target=\"_blank\" rel=\"noreferrer noopener\">www.francetravail.fr<\/a>).<\/p>\n","protected":false},"excerpt":{"rendered":"<p>Ich bin als Arbeitssuchender eingeschrieben Bitte benachrichtigen Sie das Job Center \u00fcber diese \u00c4nderung der Situation und teilen Sie zum Monatsende die erhaltenen Geh\u00e4lter mit&nbsp;: Bitte senden Sie die Kopie Ihrer Gehaltsscheine an : France TravailTSA 17598,62072 Arras Cedex 9 Bitte vergessen Sie nicht, auf diesen Kopien Ihren Namen und Ihre ID zu vermerken. (vgl.\u00a0www.francetravail.fr\u00a0> [&hellip;]<\/p>\n","protected":false},"author":7,"featured_media":0,"parent":7264,"menu_order":1,"comment_status":"closed","ping_status":"closed","template":"","meta":{"inline_featured_image":false,"footnotes":""},"tags":[],"frge_profile":[],"class_list":["post-7268","page","type-page","status-publish","hentry"],"yoast_head":"<!-- This site is optimized with the Yoast SEO plugin v27.1.1 - https:\/\/yoast.com\/product\/yoast-seo-wordpress\/ -->\n<title>Luxemburg: projektvertrag von zeitarbeitsunternehmen annehmen<\/title>\n<meta name=\"description\" content=\"Informationen zur Annahme eines Projektvertrags, Benachrichtigung des Job Centers, Meldung der Geh\u00e4lter und Erhalt von Stellenangeboten f\u00fcr Arbeitssuchende.\" \/>\n<meta name=\"robots\" content=\"index, follow, max-snippet:-1, max-image-preview:large, max-video-preview:-1\" \/>\n<link rel=\"canonical\" href=\"https:\/\/frontaliers-grandest.eu\/de\/startseite\/arbeitsuchende\/einen-job-in-luxemburg-finden\/zeitarbeit-in-luxemburg\/ich-werde-einen-projektvertrag-annehmen-der-mir-von-meinem-zeitarbeitsunternehmen-angeboten-wird\/\" \/>\n<meta property=\"og:locale\" content=\"de_DE\" \/>\n<meta property=\"og:type\" content=\"article\" \/>\n<meta property=\"og:title\" content=\"Luxemburg: projektvertrag von zeitarbeitsunternehmen annehmen\" \/>\n<meta property=\"og:description\" content=\"Informationen zur Annahme eines Projektvertrags, Benachrichtigung des Job Centers, Meldung der Geh\u00e4lter und Erhalt von Stellenangeboten f\u00fcr Arbeitssuchende.\" \/>\n<meta property=\"og:url\" content=\"https:\/\/frontaliers-grandest.eu\/de\/startseite\/arbeitsuchende\/einen-job-in-luxemburg-finden\/zeitarbeit-in-luxemburg\/ich-werde-einen-projektvertrag-annehmen-der-mir-von-meinem-zeitarbeitsunternehmen-angeboten-wird\/\" \/>\n<meta property=\"og:site_name\" content=\"Frontaliers Grand Est\" \/>\n<meta property=\"article:publisher\" content=\"https:\/\/www.facebook.com\/frontaliers.GR.EST\/?locale=fr_FR\" \/>\n<meta property=\"article:modified_time\" content=\"2024-07-08T07:44:37+00:00\" \/>\n<meta name=\"twitter:card\" content=\"summary_large_image\" \/>\n<meta name=\"twitter:label1\" content=\"Gesch\u00e4tzte Lesezeit\" \/>\n\t<meta name=\"twitter:data1\" content=\"2\u00a0Minuten\" \/>\n<script type=\"application\/ld+json\" class=\"yoast-schema-graph\">{\"@context\":\"https:\/\/schema.org\",\"@graph\":[{\"@type\":\"WebPage\",\"@id\":\"https:\/\/frontaliers-grandest.eu\/de\/startseite\/arbeitsuchende\/einen-job-in-luxemburg-finden\/zeitarbeit-in-luxemburg\/ich-werde-einen-projektvertrag-annehmen-der-mir-von-meinem-zeitarbeitsunternehmen-angeboten-wird\/\",\"url\":\"https:\/\/frontaliers-grandest.eu\/de\/startseite\/arbeitsuchende\/einen-job-in-luxemburg-finden\/zeitarbeit-in-luxemburg\/ich-werde-einen-projektvertrag-annehmen-der-mir-von-meinem-zeitarbeitsunternehmen-angeboten-wird\/\",\"name\":\"Luxemburg: projektvertrag von zeitarbeitsunternehmen annehmen\",\"isPartOf\":{\"@id\":\"https:\/\/frontaliers-grandest.eu\/de\/#website\"},\"datePublished\":\"2021-05-07T07:40:03+00:00\",\"dateModified\":\"2024-07-08T07:44:37+00:00\",\"description\":\"Informationen zur Annahme eines Projektvertrags, Benachrichtigung des Job Centers, Meldung der Geh\u00e4lter und Erhalt von Stellenangeboten f\u00fcr Arbeitssuchende.\",\"breadcrumb\":{\"@id\":\"https:\/\/frontaliers-grandest.eu\/de\/startseite\/arbeitsuchende\/einen-job-in-luxemburg-finden\/zeitarbeit-in-luxemburg\/ich-werde-einen-projektvertrag-annehmen-der-mir-von-meinem-zeitarbeitsunternehmen-angeboten-wird\/#breadcrumb\"},\"inLanguage\":\"de\",\"potentialAction\":[{\"@type\":\"ReadAction\",\"target\":[\"https:\/\/frontaliers-grandest.eu\/de\/startseite\/arbeitsuchende\/einen-job-in-luxemburg-finden\/zeitarbeit-in-luxemburg\/ich-werde-einen-projektvertrag-annehmen-der-mir-von-meinem-zeitarbeitsunternehmen-angeboten-wird\/\"]}]},{\"@type\":\"BreadcrumbList\",\"@id\":\"https:\/\/frontaliers-grandest.eu\/de\/startseite\/arbeitsuchende\/einen-job-in-luxemburg-finden\/zeitarbeit-in-luxemburg\/ich-werde-einen-projektvertrag-annehmen-der-mir-von-meinem-zeitarbeitsunternehmen-angeboten-wird\/#breadcrumb\",\"itemListElement\":[{\"@type\":\"ListItem\",\"position\":1,\"name\":\"Startseite\",\"item\":\"https:\/\/frontaliers-grandest.eu\/de\/\"},{\"@type\":\"ListItem\",\"position\":2,\"name\":\"Arbeitsuchende\",\"item\":\"https:\/\/frontaliers-grandest.eu\/de\/startseite\/arbeitsuchende\/\"},{\"@type\":\"ListItem\",\"position\":3,\"name\":\"Einen Job in Luxemburg finden\",\"item\":\"https:\/\/frontaliers-grandest.eu\/de\/startseite\/arbeitsuchende\/einen-job-in-luxemburg-finden\/\"},{\"@type\":\"ListItem\",\"position\":4,\"name\":\"Zeitarbeit in Luxemburg\",\"item\":\"https:\/\/frontaliers-grandest.eu\/de\/startseite\/arbeitsuchende\/einen-job-in-luxemburg-finden\/zeitarbeit-in-luxemburg\/\"},{\"@type\":\"ListItem\",\"position\":5,\"name\":\"Ich werde einen Projektvertrag annehmen, der mir von meinem Zeitarbeitsunternehmen angeboten wird\"}]},{\"@type\":\"WebSite\",\"@id\":\"https:\/\/frontaliers-grandest.eu\/de\/#website\",\"url\":\"https:\/\/frontaliers-grandest.eu\/de\/\",\"name\":\"Frontaliers Grand Est\",\"description\":\"Le site ressource du travail frontalier\",\"publisher\":{\"@id\":\"https:\/\/frontaliers-grandest.eu\/de\/#organization\"},\"alternateName\":\"Frontaliers Grand Est\",\"potentialAction\":[{\"@type\":\"SearchAction\",\"target\":{\"@type\":\"EntryPoint\",\"urlTemplate\":\"https:\/\/frontaliers-grandest.eu\/de\/?s={search_term_string}\"},\"query-input\":{\"@type\":\"PropertyValueSpecification\",\"valueRequired\":true,\"valueName\":\"search_term_string\"}}],\"inLanguage\":\"de\"},{\"@type\":\"Organization\",\"@id\":\"https:\/\/frontaliers-grandest.eu\/de\/#organization\",\"name\":\"Frontaliers Grand Est\",\"alternateName\":\"Frontaliers Grand Est\",\"url\":\"https:\/\/frontaliers-grandest.eu\/de\/\",\"logo\":{\"@type\":\"ImageObject\",\"inLanguage\":\"de\",\"@id\":\"https:\/\/frontaliers-grandest.eu\/de\/#\/schema\/logo\/image\/\",\"url\":\"https:\/\/frontaliers-grandest.eu\/wp-content\/uploads\/2025\/07\/260328234_2966785176920310_3332838526503858160_n.jpg\",\"contentUrl\":\"https:\/\/frontaliers-grandest.eu\/wp-content\/uploads\/2025\/07\/260328234_2966785176920310_3332838526503858160_n.jpg\",\"width\":396,\"height\":396,\"caption\":\"Frontaliers Grand Est\"},\"image\":{\"@id\":\"https:\/\/frontaliers-grandest.eu\/de\/#\/schema\/logo\/image\/\"},\"sameAs\":[\"https:\/\/www.facebook.com\/frontaliers.GR.EST\/?locale=fr_FR\"]}]}<\/script>\n<!-- \/ Yoast SEO plugin. -->","yoast_head_json":{"title":"Luxemburg: projektvertrag von zeitarbeitsunternehmen annehmen","description":"Informationen zur Annahme eines Projektvertrags, Benachrichtigung des Job Centers, Meldung der Geh\u00e4lter und Erhalt von Stellenangeboten f\u00fcr Arbeitssuchende.","robots":{"index":"index","follow":"follow","max-snippet":"max-snippet:-1","max-image-preview":"max-image-preview:large","max-video-preview":"max-video-preview:-1"},"canonical":"https:\/\/frontaliers-grandest.eu\/de\/startseite\/arbeitsuchende\/einen-job-in-luxemburg-finden\/zeitarbeit-in-luxemburg\/ich-werde-einen-projektvertrag-annehmen-der-mir-von-meinem-zeitarbeitsunternehmen-angeboten-wird\/","og_locale":"de_DE","og_type":"article","og_title":"Luxemburg: projektvertrag von zeitarbeitsunternehmen annehmen","og_description":"Informationen zur Annahme eines Projektvertrags, Benachrichtigung des Job Centers, Meldung der Geh\u00e4lter und Erhalt von Stellenangeboten f\u00fcr Arbeitssuchende.","og_url":"https:\/\/frontaliers-grandest.eu\/de\/startseite\/arbeitsuchende\/einen-job-in-luxemburg-finden\/zeitarbeit-in-luxemburg\/ich-werde-einen-projektvertrag-annehmen-der-mir-von-meinem-zeitarbeitsunternehmen-angeboten-wird\/","og_site_name":"Frontaliers Grand Est","article_publisher":"https:\/\/www.facebook.com\/frontaliers.GR.EST\/?locale=fr_FR","article_modified_time":"2024-07-08T07:44:37+00:00","twitter_card":"summary_large_image","twitter_misc":{"Gesch\u00e4tzte Lesezeit":"2\u00a0Minuten"},"schema":{"@context":"https:\/\/schema.org","@graph":[{"@type":"WebPage","@id":"https:\/\/frontaliers-grandest.eu\/de\/startseite\/arbeitsuchende\/einen-job-in-luxemburg-finden\/zeitarbeit-in-luxemburg\/ich-werde-einen-projektvertrag-annehmen-der-mir-von-meinem-zeitarbeitsunternehmen-angeboten-wird\/","url":"https:\/\/frontaliers-grandest.eu\/de\/startseite\/arbeitsuchende\/einen-job-in-luxemburg-finden\/zeitarbeit-in-luxemburg\/ich-werde-einen-projektvertrag-annehmen-der-mir-von-meinem-zeitarbeitsunternehmen-angeboten-wird\/","name":"Luxemburg: projektvertrag von zeitarbeitsunternehmen annehmen","isPartOf":{"@id":"https:\/\/frontaliers-grandest.eu\/de\/#website"},"datePublished":"2021-05-07T07:40:03+00:00","dateModified":"2024-07-08T07:44:37+00:00","description":"Informationen zur Annahme eines Projektvertrags, Benachrichtigung des Job Centers, Meldung der Geh\u00e4lter und Erhalt von Stellenangeboten f\u00fcr Arbeitssuchende.","breadcrumb":{"@id":"https:\/\/frontaliers-grandest.eu\/de\/startseite\/arbeitsuchende\/einen-job-in-luxemburg-finden\/zeitarbeit-in-luxemburg\/ich-werde-einen-projektvertrag-annehmen-der-mir-von-meinem-zeitarbeitsunternehmen-angeboten-wird\/#breadcrumb"},"inLanguage":"de","potentialAction":[{"@type":"ReadAction","target":["https:\/\/frontaliers-grandest.eu\/de\/startseite\/arbeitsuchende\/einen-job-in-luxemburg-finden\/zeitarbeit-in-luxemburg\/ich-werde-einen-projektvertrag-annehmen-der-mir-von-meinem-zeitarbeitsunternehmen-angeboten-wird\/"]}]},{"@type":"BreadcrumbList","@id":"https:\/\/frontaliers-grandest.eu\/de\/startseite\/arbeitsuchende\/einen-job-in-luxemburg-finden\/zeitarbeit-in-luxemburg\/ich-werde-einen-projektvertrag-annehmen-der-mir-von-meinem-zeitarbeitsunternehmen-angeboten-wird\/#breadcrumb","itemListElement":[{"@type":"ListItem","position":1,"name":"Startseite","item":"https:\/\/frontaliers-grandest.eu\/de\/"},{"@type":"ListItem","position":2,"name":"Arbeitsuchende","item":"https:\/\/frontaliers-grandest.eu\/de\/startseite\/arbeitsuchende\/"},{"@type":"ListItem","position":3,"name":"Einen Job in Luxemburg finden","item":"https:\/\/frontaliers-grandest.eu\/de\/startseite\/arbeitsuchende\/einen-job-in-luxemburg-finden\/"},{"@type":"ListItem","position":4,"name":"Zeitarbeit in Luxemburg","item":"https:\/\/frontaliers-grandest.eu\/de\/startseite\/arbeitsuchende\/einen-job-in-luxemburg-finden\/zeitarbeit-in-luxemburg\/"},{"@type":"ListItem","position":5,"name":"Ich werde einen Projektvertrag annehmen, der mir von meinem Zeitarbeitsunternehmen angeboten wird"}]},{"@type":"WebSite","@id":"https:\/\/frontaliers-grandest.eu\/de\/#website","url":"https:\/\/frontaliers-grandest.eu\/de\/","name":"Frontaliers Grand Est","description":"Le site ressource du travail frontalier","publisher":{"@id":"https:\/\/frontaliers-grandest.eu\/de\/#organization"},"alternateName":"Frontaliers Grand Est","potentialAction":[{"@type":"SearchAction","target":{"@type":"EntryPoint","urlTemplate":"https:\/\/frontaliers-grandest.eu\/de\/?s={search_term_string}"},"query-input":{"@type":"PropertyValueSpecification","valueRequired":true,"valueName":"search_term_string"}}],"inLanguage":"de"},{"@type":"Organization","@id":"https:\/\/frontaliers-grandest.eu\/de\/#organization","name":"Frontaliers Grand Est","alternateName":"Frontaliers Grand Est","url":"https:\/\/frontaliers-grandest.eu\/de\/","logo":{"@type":"ImageObject","inLanguage":"de","@id":"https:\/\/frontaliers-grandest.eu\/de\/#\/schema\/logo\/image\/","url":"https:\/\/frontaliers-grandest.eu\/wp-content\/uploads\/2025\/07\/260328234_2966785176920310_3332838526503858160_n.jpg","contentUrl":"https:\/\/frontaliers-grandest.eu\/wp-content\/uploads\/2025\/07\/260328234_2966785176920310_3332838526503858160_n.jpg","width":396,"height":396,"caption":"Frontaliers Grand Est"},"image":{"@id":"https:\/\/frontaliers-grandest.eu\/de\/#\/schema\/logo\/image\/"},"sameAs":["https:\/\/www.facebook.com\/frontaliers.GR.EST\/?locale=fr_FR"]}]}},"frge_page_order":0,"_links":{"self":[{"href":"https:\/\/frontaliers-grandest.eu\/de\/wp-json\/wp\/v2\/pages\/7268","targetHints":{"allow":["GET"]}}],"collection":[{"href":"https:\/\/frontaliers-grandest.eu\/de\/wp-json\/wp\/v2\/pages"}],"about":[{"href":"https:\/\/frontaliers-grandest.eu\/de\/wp-json\/wp\/v2\/types\/page"}],"author":[{"embeddable":true,"href":"https:\/\/frontaliers-grandest.eu\/de\/wp-json\/wp\/v2\/users\/7"}],"replies":[{"embeddable":true,"href":"https:\/\/frontaliers-grandest.eu\/de\/wp-json\/wp\/v2\/comments?post=7268"}],"version-history":[{"count":4,"href":"https:\/\/frontaliers-grandest.eu\/de\/wp-json\/wp\/v2\/pages\/7268\/revisions"}],"predecessor-version":[{"id":38167,"href":"https:\/\/frontaliers-grandest.eu\/de\/wp-json\/wp\/v2\/pages\/7268\/revisions\/38167"}],"up":[{"embeddable":true,"href":"https:\/\/frontaliers-grandest.eu\/de\/wp-json\/wp\/v2\/pages\/7264"}],"wp:attachment":[{"href":"https:\/\/frontaliers-grandest.eu\/de\/wp-json\/wp\/v2\/media?parent=7268"}],"wp:term":[{"taxonomy":"post_tag","embeddable":true,"href":"https:\/\/frontaliers-grandest.eu\/de\/wp-json\/wp\/v2\/tags?post=7268"},{"taxonomy":"frge_profile","embeddable":true,"href":"https:\/\/frontaliers-grandest.eu\/de\/wp-json\/wp\/v2\/frge_profile?post=7268"}],"curies":[{"name":"wp","href":"https:\/\/api.w.org\/{rel}","templated":true}]}}