{"id":7266,"date":"2021-05-07T09:24:41","date_gmt":"2021-05-07T07:24:41","guid":{"rendered":"https:\/\/frontaliers-grandest.eu\/?page_id=7266"},"modified":"2024-05-31T10:48:57","modified_gmt":"2024-05-31T08:48:57","slug":"die-auswahl-der-zeitarbeitsagentur-und-ihre-einstellung","status":"publish","type":"page","link":"https:\/\/frontaliers-grandest.eu\/de\/startseite\/arbeitsuchende\/einen-job-in-luxemburg-finden\/zeitarbeit-in-luxemburg\/die-auswahl-der-zeitarbeitsagentur-und-ihre-einstellung\/","title":{"rendered":"Die Auswahl der Zeitarbeitsagentur und Ihre Einstellung"},"content":{"rendered":"\n<h2 class=\"wp-block-heading\">Auswahl einer Zeitarbeitsgesellschaft<\/h2>\n\n\n\n<p>F\u00fcr&nbsp;<strong>jeden T\u00e4tigkeitsbereich<\/strong>&nbsp;im Bau, im paramedizinischen Sektor gibt es Zeitarbeitsunternehmen, die jedoch nicht immer spezialisiert sind.<br>W\u00e4hlen Sie das Zeitarbeitsunternehmen in Abh\u00e4ngigkeit von Ihrem Profil aus.<\/p>\n\n\n\n<p>Die Kontaktaufnahme zu einer Zeitarbeitsagentur erfolgt problemlos: Alle h\u00e4ngen in ihren Schaufenstern die verf\u00fcgbaren Stellen aus.&nbsp;<strong>Die Zeitarbeitsagenturen sind auch in den Telefonb\u00fcchern zu finden, die die Kontaktdaten der Unternehmen erfassen (Luxweb und Editus)<\/strong>. Hier finden Sie auch die Adressen der ausgew\u00e4hlten Agenturen, die Sie ben\u00f6tigen. Bei der ersten Kontaktaufnahme begeben Sie sich notwendigerweise in die Agentur.<\/p>\n\n\n\n<p>Wappnen Sie sich mit Ihrem Lebenslauf, einer Kopie Ihrer Berufszeugnisse, der F\u00fchrerscheine und sonstigen Fahrgenehmigungen, Lizenzen, Zulassungen usw.&nbsp;<strong>Sie werden sicher ein Formular erg\u00e4nzen m\u00fcssen, um in die Datenbank des Unternehmens aufgenommen zu werden<\/strong>. Vergessen Sie auch nicht Ihren Ausweis, ihre (franz\u00f6sische und\/oder luxemburgische) Sozialversicherungskarte, einen IBAN-Bankkundenausweis und Ihre Lohnsteuerkarte, sofern Sie bereits im Besitz einer solchen Karte sind.<\/p>\n\n\n\n<p>Letzter Ratschlag: Vernachl\u00e4ssigen Sie auch die kleinen Zeitarbeitsagenturen nicht, ohne jedoch die gro\u00dfen Agenturen beiseite zu lassen.<\/p>\n\n\n\n<h2 class=\"wp-block-heading\">Die Anforderungen an die Zeitarbeit<\/h2>\n\n\n\n<p>Die Tatsache, dass Sie diese Formalit\u00e4ten erledigen, bezeugt bereits, dass Sie die Spielregeln in Verbindung mit diesem Vertragstyp akzeptieren:<\/p>\n\n\n\n<ul class=\"wp-block-list\">\n<li>Verf\u00fcgbarkeit und Reaktionsverm\u00f6gen sind unverzichtbar:\u00a0<strong>Die Unternehmen k\u00f6nnen sie am Morgen f\u00fcr den Nachmittag anrufen<\/strong>.<\/li>\n\n\n\n<li>Es empfiehlt sich auch, die unsichere Seite der Vertr\u00e4ge zu akzeptieren: Die Agentur kann Ihnen einen\u00a0<strong>\u00e4u\u00dferst kurzen Projektvertrag\u00a0<\/strong>anbieten.<\/li>\n\n\n\n<li>Ein gutes Anpassungsverm\u00f6gen wird ebenfalls gefordert: Sie k\u00f6nnen f\u00fcr\u00a0<strong>dieselbe Agentur mehrere Auftr\u00e4ge bei unterschiedlichen entleihenden Unternehmen aneinanderreihen<\/strong>.<\/li>\n<\/ul>\n\n\n\n<h2 class=\"wp-block-heading\">Seinen Lebenslauf anfertigen<\/h2>\n\n\n\n<p>Sie k\u00f6nnen eine Hilfe in Anspruch nehmen, indem Sie in Ihrem Job Center (France Travail) an einem Lebenslauf-Workshop teilnehmen oder die sich mit Hilfe des unter\u00a0www.pole-emploi.fr > Candidat > Mes conseils > Mes trucs et astuces.<\/p>\n\n\n\n<h2 class=\"wp-block-heading\">Seine Bewerbungsmappe vorbereiten<\/h2>\n\n\n\n<h3 class=\"wp-block-heading\">F\u00fcr jede Zeitagentur, bei der Sie sich vorstellen, m\u00fcssen Sie verf\u00fcgen \u00fcber:<\/h3>\n\n\n\n<ol class=\"wp-block-list\">\n<li>Ihren aktuellen Lebenslauf,<\/li>\n\n\n\n<li>Ihren Personalausweis,<\/li>\n\n\n\n<li>Ihre luxemburgische Sozialversicherungskarte, sofern Sie im Besitz einer solchen Karte sind (andernfalls wird die Zeitarbeitsagentur anl\u00e4sslich Ihres ersten Projektvertrags den entsprechenden Antrag stellen),<\/li>\n\n\n\n<li>Ihre Lohnsteuerkarte f\u00fcr das laufende Jahr (falls Sie nicht im Besitz einer Lohnsteuerkarte sind, k\u00f6nnen Sie sie mit Hilfe des auf der Website\u00a0<a href=\"https:\/\/impotsdirects.public.lu\/fr\/profil\/organigramme\/rts\/rts_nonresidents.html\" target=\"_blank\" rel=\"noreferrer noopener\">impotsdirect.public.lu<\/a>\u00a0verf\u00fcgbaren Formulars ab dem Beginn Ihres ersten Projektvertrags beantragen),<\/li>\n\n\n\n<li>Ihre Berufszeugnisse, F\u00fchrerscheine, Fahrgenehmigungen, Lizenzen usw.<\/li>\n<\/ol>\n\n\n\n<h2 class=\"wp-block-heading\">Einschreibung bei den Zeitarbeitsagenturen<\/h2>\n\n\n\n<p>Sie m\u00fcssen sich mit Ihrer Bewerbungsmappe wappnen und ohne Terminvereinbarung am Empfang der Unternehmen vorstellen.<\/p>\n\n\n\n<h3 class=\"wp-block-heading\">Die Anschriften der Zeitarbeitsagentur k\u00f6nnen Sie erfragen :<\/h3>\n\n\n\n<ol class=\"wp-block-list\">\n<li>bei den EURES-Beratern<\/li>\n\n\n\n<li>unter\u00a0<a href=\"http:\/\/www.editus.lu\/\" target=\"_blank\" rel=\"noreferrer noopener\">editus.lu<\/a><\/li>\n\n\n\n<li>unter\u00a0<a href=\"http:\/\/www.luxweb.com\/\" target=\"_blank\" rel=\"noreferrer noopener\">luxweb.com<\/a><\/li>\n<\/ol>\n\n\n\n<h2 class=\"wp-block-heading\">Wiederaufnahme des Kontakts zu den Zeitarbeitsagenturen<\/h2>\n\n\n\n<p>Sie m\u00fcssen Ihre Beziehung zum Zeitarbeitsunternehmen aufrechterhalten, indem Sie regelm\u00e4\u00dfig anrufen und\/oder vorstellig werden.<\/p>\n\n\n\n<h2 class=\"wp-block-heading\">Die anderen M\u00f6glichkeiten der Stellensuche nicht vernachl\u00e4ssigen<\/h2>\n\n\n\n<p>Die Zeitarbeit ist selbstverst\u00e4ndlich ein wichtiger Akteur auf dem luxemburgischen Arbeitsmarkt. Trotzdem empfiehlt es sich, nicht einzig mit dieser Form der Stellensuche zu rechnen, um einen Arbeitsplatz in Luxemburg zu finden.<\/p>\n\n\n\n<h2 class=\"wp-block-heading\">Zunehmende Bedeutung der sozialen Netzwerke<\/h2>\n\n\n\n<p>Gegenw\u00e4rtig tendieren die Unternehmen dazu, auf den sozialen Netzwerken einzustellen, und auch die Zeitarbeitsagenturen folgen dieser Regel. F\u00fcr Fach- und F\u00fchrungskr\u00e4fte und leitende wird in erster Linie LinkedIn hinzugezogen. Bei den anderen Qualifikationen handelt es sich um Videao. Es rechtfertigt sich, Ihrem Profil und Lebenslauf dieselbe Sorgfalt beizumessen.<br>Seien Sie jedoch bei der Benutzung von Facebook&nbsp;achtsam: Vermeiden Sie, dass kompromittierende Bilder in Umlauf kommen, die Sie bei Ihrem Arbeitgeber in ein schlechtes Licht setzen k\u00f6nnen.<\/p>\n","protected":false},"excerpt":{"rendered":"<p>Auswahl einer Zeitarbeitsgesellschaft F\u00fcr&nbsp;jeden T\u00e4tigkeitsbereich&nbsp;im Bau, im paramedizinischen Sektor gibt es Zeitarbeitsunternehmen, die jedoch nicht immer spezialisiert sind.W\u00e4hlen Sie das Zeitarbeitsunternehmen in Abh\u00e4ngigkeit von Ihrem Profil aus. Die Kontaktaufnahme zu einer Zeitarbeitsagentur erfolgt problemlos: Alle h\u00e4ngen in ihren Schaufenstern die verf\u00fcgbaren Stellen aus.&nbsp;Die Zeitarbeitsagenturen sind auch in den Telefonb\u00fcchern zu finden, die die Kontaktdaten der [&hellip;]<\/p>\n","protected":false},"author":7,"featured_media":0,"parent":7264,"menu_order":0,"comment_status":"closed","ping_status":"closed","template":"","meta":{"inline_featured_image":false,"footnotes":""},"tags":[],"frge_profile":[],"class_list":["post-7266","page","type-page","status-publish","hentry"],"yoast_head":"<!-- This site is optimized with the Yoast SEO plugin v27.1.1 - https:\/\/yoast.com\/product\/yoast-seo-wordpress\/ -->\n<title>Die Auswahl der Zeitarbeitsagentur und Ihre Einstellung - Frontaliers Grand Est<\/title>\n<meta name=\"robots\" content=\"index, follow, max-snippet:-1, max-image-preview:large, max-video-preview:-1\" \/>\n<link rel=\"canonical\" href=\"https:\/\/frontaliers-grandest.eu\/de\/startseite\/arbeitsuchende\/einen-job-in-luxemburg-finden\/zeitarbeit-in-luxemburg\/die-auswahl-der-zeitarbeitsagentur-und-ihre-einstellung\/\" \/>\n<meta property=\"og:locale\" content=\"de_DE\" \/>\n<meta property=\"og:type\" content=\"article\" \/>\n<meta property=\"og:title\" content=\"Die Auswahl der Zeitarbeitsagentur und Ihre Einstellung - Frontaliers Grand Est\" \/>\n<meta property=\"og:description\" content=\"Auswahl einer Zeitarbeitsgesellschaft F\u00fcr&nbsp;jeden T\u00e4tigkeitsbereich&nbsp;im Bau, im paramedizinischen Sektor gibt es Zeitarbeitsunternehmen, die jedoch nicht immer spezialisiert sind.W\u00e4hlen Sie das Zeitarbeitsunternehmen in Abh\u00e4ngigkeit von Ihrem Profil aus. Die Kontaktaufnahme zu einer Zeitarbeitsagentur erfolgt problemlos: Alle h\u00e4ngen in ihren Schaufenstern die verf\u00fcgbaren Stellen aus.&nbsp;Die Zeitarbeitsagenturen sind auch in den Telefonb\u00fcchern zu finden, die die Kontaktdaten der [&hellip;]\" \/>\n<meta property=\"og:url\" content=\"https:\/\/frontaliers-grandest.eu\/de\/startseite\/arbeitsuchende\/einen-job-in-luxemburg-finden\/zeitarbeit-in-luxemburg\/die-auswahl-der-zeitarbeitsagentur-und-ihre-einstellung\/\" \/>\n<meta property=\"og:site_name\" content=\"Frontaliers Grand Est\" \/>\n<meta property=\"article:publisher\" content=\"https:\/\/www.facebook.com\/frontaliers.GR.EST\/?locale=fr_FR\" \/>\n<meta property=\"article:modified_time\" content=\"2024-05-31T08:48:57+00:00\" \/>\n<meta name=\"twitter:card\" content=\"summary_large_image\" \/>\n<meta name=\"twitter:label1\" content=\"Gesch\u00e4tzte Lesezeit\" \/>\n\t<meta name=\"twitter:data1\" content=\"3\u00a0Minuten\" \/>\n<script type=\"application\/ld+json\" class=\"yoast-schema-graph\">{\"@context\":\"https:\/\/schema.org\",\"@graph\":[{\"@type\":\"WebPage\",\"@id\":\"https:\/\/frontaliers-grandest.eu\/de\/startseite\/arbeitsuchende\/einen-job-in-luxemburg-finden\/zeitarbeit-in-luxemburg\/die-auswahl-der-zeitarbeitsagentur-und-ihre-einstellung\/\",\"url\":\"https:\/\/frontaliers-grandest.eu\/de\/startseite\/arbeitsuchende\/einen-job-in-luxemburg-finden\/zeitarbeit-in-luxemburg\/die-auswahl-der-zeitarbeitsagentur-und-ihre-einstellung\/\",\"name\":\"Die Auswahl der Zeitarbeitsagentur und Ihre Einstellung - Frontaliers Grand Est\",\"isPartOf\":{\"@id\":\"https:\/\/frontaliers-grandest.eu\/de\/#website\"},\"datePublished\":\"2021-05-07T07:24:41+00:00\",\"dateModified\":\"2024-05-31T08:48:57+00:00\",\"breadcrumb\":{\"@id\":\"https:\/\/frontaliers-grandest.eu\/de\/startseite\/arbeitsuchende\/einen-job-in-luxemburg-finden\/zeitarbeit-in-luxemburg\/die-auswahl-der-zeitarbeitsagentur-und-ihre-einstellung\/#breadcrumb\"},\"inLanguage\":\"de\",\"potentialAction\":[{\"@type\":\"ReadAction\",\"target\":[\"https:\/\/frontaliers-grandest.eu\/de\/startseite\/arbeitsuchende\/einen-job-in-luxemburg-finden\/zeitarbeit-in-luxemburg\/die-auswahl-der-zeitarbeitsagentur-und-ihre-einstellung\/\"]}]},{\"@type\":\"BreadcrumbList\",\"@id\":\"https:\/\/frontaliers-grandest.eu\/de\/startseite\/arbeitsuchende\/einen-job-in-luxemburg-finden\/zeitarbeit-in-luxemburg\/die-auswahl-der-zeitarbeitsagentur-und-ihre-einstellung\/#breadcrumb\",\"itemListElement\":[{\"@type\":\"ListItem\",\"position\":1,\"name\":\"Startseite\",\"item\":\"https:\/\/frontaliers-grandest.eu\/de\/\"},{\"@type\":\"ListItem\",\"position\":2,\"name\":\"Arbeitsuchende\",\"item\":\"https:\/\/frontaliers-grandest.eu\/de\/startseite\/arbeitsuchende\/\"},{\"@type\":\"ListItem\",\"position\":3,\"name\":\"Einen Job in Luxemburg finden\",\"item\":\"https:\/\/frontaliers-grandest.eu\/de\/startseite\/arbeitsuchende\/einen-job-in-luxemburg-finden\/\"},{\"@type\":\"ListItem\",\"position\":4,\"name\":\"Zeitarbeit in Luxemburg\",\"item\":\"https:\/\/frontaliers-grandest.eu\/de\/startseite\/arbeitsuchende\/einen-job-in-luxemburg-finden\/zeitarbeit-in-luxemburg\/\"},{\"@type\":\"ListItem\",\"position\":5,\"name\":\"Die Auswahl der Zeitarbeitsagentur und Ihre Einstellung\"}]},{\"@type\":\"WebSite\",\"@id\":\"https:\/\/frontaliers-grandest.eu\/de\/#website\",\"url\":\"https:\/\/frontaliers-grandest.eu\/de\/\",\"name\":\"Frontaliers Grand Est\",\"description\":\"Le site ressource du travail frontalier\",\"publisher\":{\"@id\":\"https:\/\/frontaliers-grandest.eu\/de\/#organization\"},\"alternateName\":\"Frontaliers Grand Est\",\"potentialAction\":[{\"@type\":\"SearchAction\",\"target\":{\"@type\":\"EntryPoint\",\"urlTemplate\":\"https:\/\/frontaliers-grandest.eu\/de\/?s={search_term_string}\"},\"query-input\":{\"@type\":\"PropertyValueSpecification\",\"valueRequired\":true,\"valueName\":\"search_term_string\"}}],\"inLanguage\":\"de\"},{\"@type\":\"Organization\",\"@id\":\"https:\/\/frontaliers-grandest.eu\/de\/#organization\",\"name\":\"Frontaliers Grand Est\",\"alternateName\":\"Frontaliers Grand Est\",\"url\":\"https:\/\/frontaliers-grandest.eu\/de\/\",\"logo\":{\"@type\":\"ImageObject\",\"inLanguage\":\"de\",\"@id\":\"https:\/\/frontaliers-grandest.eu\/de\/#\/schema\/logo\/image\/\",\"url\":\"https:\/\/frontaliers-grandest.eu\/wp-content\/uploads\/2025\/07\/260328234_2966785176920310_3332838526503858160_n.jpg\",\"contentUrl\":\"https:\/\/frontaliers-grandest.eu\/wp-content\/uploads\/2025\/07\/260328234_2966785176920310_3332838526503858160_n.jpg\",\"width\":396,\"height\":396,\"caption\":\"Frontaliers Grand Est\"},\"image\":{\"@id\":\"https:\/\/frontaliers-grandest.eu\/de\/#\/schema\/logo\/image\/\"},\"sameAs\":[\"https:\/\/www.facebook.com\/frontaliers.GR.EST\/?locale=fr_FR\"]}]}<\/script>\n<!-- \/ Yoast SEO plugin. -->","yoast_head_json":{"title":"Die Auswahl der Zeitarbeitsagentur und Ihre Einstellung - Frontaliers Grand Est","robots":{"index":"index","follow":"follow","max-snippet":"max-snippet:-1","max-image-preview":"max-image-preview:large","max-video-preview":"max-video-preview:-1"},"canonical":"https:\/\/frontaliers-grandest.eu\/de\/startseite\/arbeitsuchende\/einen-job-in-luxemburg-finden\/zeitarbeit-in-luxemburg\/die-auswahl-der-zeitarbeitsagentur-und-ihre-einstellung\/","og_locale":"de_DE","og_type":"article","og_title":"Die Auswahl der Zeitarbeitsagentur und Ihre Einstellung - Frontaliers Grand Est","og_description":"Auswahl einer Zeitarbeitsgesellschaft F\u00fcr&nbsp;jeden T\u00e4tigkeitsbereich&nbsp;im Bau, im paramedizinischen Sektor gibt es Zeitarbeitsunternehmen, die jedoch nicht immer spezialisiert sind.W\u00e4hlen Sie das Zeitarbeitsunternehmen in Abh\u00e4ngigkeit von Ihrem Profil aus. Die Kontaktaufnahme zu einer Zeitarbeitsagentur erfolgt problemlos: Alle h\u00e4ngen in ihren Schaufenstern die verf\u00fcgbaren Stellen aus.&nbsp;Die Zeitarbeitsagenturen sind auch in den Telefonb\u00fcchern zu finden, die die Kontaktdaten der [&hellip;]","og_url":"https:\/\/frontaliers-grandest.eu\/de\/startseite\/arbeitsuchende\/einen-job-in-luxemburg-finden\/zeitarbeit-in-luxemburg\/die-auswahl-der-zeitarbeitsagentur-und-ihre-einstellung\/","og_site_name":"Frontaliers Grand Est","article_publisher":"https:\/\/www.facebook.com\/frontaliers.GR.EST\/?locale=fr_FR","article_modified_time":"2024-05-31T08:48:57+00:00","twitter_card":"summary_large_image","twitter_misc":{"Gesch\u00e4tzte Lesezeit":"3\u00a0Minuten"},"schema":{"@context":"https:\/\/schema.org","@graph":[{"@type":"WebPage","@id":"https:\/\/frontaliers-grandest.eu\/de\/startseite\/arbeitsuchende\/einen-job-in-luxemburg-finden\/zeitarbeit-in-luxemburg\/die-auswahl-der-zeitarbeitsagentur-und-ihre-einstellung\/","url":"https:\/\/frontaliers-grandest.eu\/de\/startseite\/arbeitsuchende\/einen-job-in-luxemburg-finden\/zeitarbeit-in-luxemburg\/die-auswahl-der-zeitarbeitsagentur-und-ihre-einstellung\/","name":"Die Auswahl der Zeitarbeitsagentur und Ihre Einstellung - Frontaliers Grand Est","isPartOf":{"@id":"https:\/\/frontaliers-grandest.eu\/de\/#website"},"datePublished":"2021-05-07T07:24:41+00:00","dateModified":"2024-05-31T08:48:57+00:00","breadcrumb":{"@id":"https:\/\/frontaliers-grandest.eu\/de\/startseite\/arbeitsuchende\/einen-job-in-luxemburg-finden\/zeitarbeit-in-luxemburg\/die-auswahl-der-zeitarbeitsagentur-und-ihre-einstellung\/#breadcrumb"},"inLanguage":"de","potentialAction":[{"@type":"ReadAction","target":["https:\/\/frontaliers-grandest.eu\/de\/startseite\/arbeitsuchende\/einen-job-in-luxemburg-finden\/zeitarbeit-in-luxemburg\/die-auswahl-der-zeitarbeitsagentur-und-ihre-einstellung\/"]}]},{"@type":"BreadcrumbList","@id":"https:\/\/frontaliers-grandest.eu\/de\/startseite\/arbeitsuchende\/einen-job-in-luxemburg-finden\/zeitarbeit-in-luxemburg\/die-auswahl-der-zeitarbeitsagentur-und-ihre-einstellung\/#breadcrumb","itemListElement":[{"@type":"ListItem","position":1,"name":"Startseite","item":"https:\/\/frontaliers-grandest.eu\/de\/"},{"@type":"ListItem","position":2,"name":"Arbeitsuchende","item":"https:\/\/frontaliers-grandest.eu\/de\/startseite\/arbeitsuchende\/"},{"@type":"ListItem","position":3,"name":"Einen Job in Luxemburg finden","item":"https:\/\/frontaliers-grandest.eu\/de\/startseite\/arbeitsuchende\/einen-job-in-luxemburg-finden\/"},{"@type":"ListItem","position":4,"name":"Zeitarbeit in Luxemburg","item":"https:\/\/frontaliers-grandest.eu\/de\/startseite\/arbeitsuchende\/einen-job-in-luxemburg-finden\/zeitarbeit-in-luxemburg\/"},{"@type":"ListItem","position":5,"name":"Die Auswahl der Zeitarbeitsagentur und Ihre Einstellung"}]},{"@type":"WebSite","@id":"https:\/\/frontaliers-grandest.eu\/de\/#website","url":"https:\/\/frontaliers-grandest.eu\/de\/","name":"Frontaliers Grand Est","description":"Le site ressource du travail frontalier","publisher":{"@id":"https:\/\/frontaliers-grandest.eu\/de\/#organization"},"alternateName":"Frontaliers Grand Est","potentialAction":[{"@type":"SearchAction","target":{"@type":"EntryPoint","urlTemplate":"https:\/\/frontaliers-grandest.eu\/de\/?s={search_term_string}"},"query-input":{"@type":"PropertyValueSpecification","valueRequired":true,"valueName":"search_term_string"}}],"inLanguage":"de"},{"@type":"Organization","@id":"https:\/\/frontaliers-grandest.eu\/de\/#organization","name":"Frontaliers Grand Est","alternateName":"Frontaliers Grand Est","url":"https:\/\/frontaliers-grandest.eu\/de\/","logo":{"@type":"ImageObject","inLanguage":"de","@id":"https:\/\/frontaliers-grandest.eu\/de\/#\/schema\/logo\/image\/","url":"https:\/\/frontaliers-grandest.eu\/wp-content\/uploads\/2025\/07\/260328234_2966785176920310_3332838526503858160_n.jpg","contentUrl":"https:\/\/frontaliers-grandest.eu\/wp-content\/uploads\/2025\/07\/260328234_2966785176920310_3332838526503858160_n.jpg","width":396,"height":396,"caption":"Frontaliers Grand Est"},"image":{"@id":"https:\/\/frontaliers-grandest.eu\/de\/#\/schema\/logo\/image\/"},"sameAs":["https:\/\/www.facebook.com\/frontaliers.GR.EST\/?locale=fr_FR"]}]}},"frge_page_order":0,"_links":{"self":[{"href":"https:\/\/frontaliers-grandest.eu\/de\/wp-json\/wp\/v2\/pages\/7266","targetHints":{"allow":["GET"]}}],"collection":[{"href":"https:\/\/frontaliers-grandest.eu\/de\/wp-json\/wp\/v2\/pages"}],"about":[{"href":"https:\/\/frontaliers-grandest.eu\/de\/wp-json\/wp\/v2\/types\/page"}],"author":[{"embeddable":true,"href":"https:\/\/frontaliers-grandest.eu\/de\/wp-json\/wp\/v2\/users\/7"}],"replies":[{"embeddable":true,"href":"https:\/\/frontaliers-grandest.eu\/de\/wp-json\/wp\/v2\/comments?post=7266"}],"version-history":[{"count":3,"href":"https:\/\/frontaliers-grandest.eu\/de\/wp-json\/wp\/v2\/pages\/7266\/revisions"}],"predecessor-version":[{"id":38165,"href":"https:\/\/frontaliers-grandest.eu\/de\/wp-json\/wp\/v2\/pages\/7266\/revisions\/38165"}],"up":[{"embeddable":true,"href":"https:\/\/frontaliers-grandest.eu\/de\/wp-json\/wp\/v2\/pages\/7264"}],"wp:attachment":[{"href":"https:\/\/frontaliers-grandest.eu\/de\/wp-json\/wp\/v2\/media?parent=7266"}],"wp:term":[{"taxonomy":"post_tag","embeddable":true,"href":"https:\/\/frontaliers-grandest.eu\/de\/wp-json\/wp\/v2\/tags?post=7266"},{"taxonomy":"frge_profile","embeddable":true,"href":"https:\/\/frontaliers-grandest.eu\/de\/wp-json\/wp\/v2\/frge_profile?post=7266"}],"curies":[{"name":"wp","href":"https:\/\/api.w.org\/{rel}","templated":true}]}}