{"id":7235,"date":"2021-05-07T08:44:47","date_gmt":"2021-05-07T06:44:47","guid":{"rendered":"https:\/\/frontaliers-grandest.eu\/?page_id=7235"},"modified":"2021-05-07T08:45:18","modified_gmt":"2021-05-07T06:45:18","slug":"die-arbeitsbedingungen-in-luxemburg","status":"publish","type":"page","link":"https:\/\/frontaliers-grandest.eu\/de\/startseite\/arbeitsuchende\/einen-job-in-luxemburg-finden\/gut-zu-wissen\/die-arbeitsbedingungen-in-luxemburg\/","title":{"rendered":"Die arbeitsbedingungen in Luxemburg"},"content":{"rendered":"\n<p>Luxemburg ist unver\u00e4ndert attraktiv in Bezug auf Erwerbst\u00e4tigkeit und Geh\u00e4lter, dennoch muss auf bestimmte berufliche Rahmenbedingungen im Gro\u00dfherzogtum hingewiesen werden:<\/p>\n\n\n\n<ul class=\"wp-block-list\"><li>Der Arbeitsweg ist ein nicht unerheblicher Faktor: die Fahrzeiten vom Wohnort zum Arbeitsplatz k\u00f6nnen sehr lang sein. Die durchschnittliche Fahrzeit betr\u00e4gt 53 Minuten f\u00fcr eine einfache Hinfahrt von 44 km (das grenz\u00fcberschreitende Verkehrsaufkommen ist zwischen 7.00 Uhr und 9.00 Uhr morgens am h\u00f6chsten, 8 von 10 Grenzg\u00e4ngern fahren mit dem Auto zur Arbeit). Die Fahrt mit dem Zug Metz\/Luxemburg-Stadt variiert zwischen 47 und 58 Minuten auf einer Strecke von 68 Km.<\/li><li>Es gilt eine l\u00e4ngere Arbeitszeit als in Frankreich: die gesetzliche Arbeitszeit betr\u00e4gt 8 Stunden pro Tag und 40 Stunden pro Woche, aber in der Praxis liegt die Arbeitszeit oft au\u00dferhalb dieses Rahmens.<\/li><li>Grenzg\u00e4nger k\u00f6nnen es manchmal schwer haben,<strong>&nbsp;wenn sie ihre Rechte nicht gut kennen<\/strong>. Die Berater des EURES-Netzwerkes sind da, um Ihnen zu helfen und Sie pers\u00f6nlich in Bezug auf die Lebens- und Arbeitsbedingungen in Luxemburg (Arbeitsrecht \/ Sozialversicherung \/ Besteuerung) zu beraten.<\/li><\/ul>\n","protected":false},"excerpt":{"rendered":"<p>Luxemburg ist unver\u00e4ndert attraktiv in Bezug auf Erwerbst\u00e4tigkeit und Geh\u00e4lter, dennoch muss auf bestimmte berufliche Rahmenbedingungen im Gro\u00dfherzogtum hingewiesen werden: Der Arbeitsweg ist ein nicht unerheblicher Faktor: die Fahrzeiten vom Wohnort zum Arbeitsplatz k\u00f6nnen sehr lang sein. Die durchschnittliche Fahrzeit betr\u00e4gt 53 Minuten f\u00fcr eine einfache Hinfahrt von 44 km (das grenz\u00fcberschreitende Verkehrsaufkommen ist zwischen [&hellip;]<\/p>\n","protected":false},"author":7,"featured_media":0,"parent":7257,"menu_order":1,"comment_status":"closed","ping_status":"closed","template":"","meta":{"inline_featured_image":false,"footnotes":""},"tags":[],"frge_profile":[],"class_list":["post-7235","page","type-page","status-publish","hentry"],"yoast_head":"<!-- This site is optimized with the Yoast SEO plugin v27.1.1 - https:\/\/yoast.com\/product\/yoast-seo-wordpress\/ -->\n<title>Die arbeitsbedingungen in Luxemburg - Frontaliers Grand Est<\/title>\n<meta name=\"robots\" content=\"index, follow, max-snippet:-1, max-image-preview:large, max-video-preview:-1\" \/>\n<link rel=\"canonical\" href=\"https:\/\/frontaliers-grandest.eu\/de\/startseite\/arbeitsuchende\/einen-job-in-luxemburg-finden\/gut-zu-wissen\/die-arbeitsbedingungen-in-luxemburg\/\" \/>\n<meta property=\"og:locale\" content=\"de_DE\" \/>\n<meta property=\"og:type\" content=\"article\" \/>\n<meta property=\"og:title\" content=\"Die arbeitsbedingungen in Luxemburg - Frontaliers Grand Est\" \/>\n<meta property=\"og:description\" content=\"Luxemburg ist unver\u00e4ndert attraktiv in Bezug auf Erwerbst\u00e4tigkeit und Geh\u00e4lter, dennoch muss auf bestimmte berufliche Rahmenbedingungen im Gro\u00dfherzogtum hingewiesen werden: Der Arbeitsweg ist ein nicht unerheblicher Faktor: die Fahrzeiten vom Wohnort zum Arbeitsplatz k\u00f6nnen sehr lang sein. Die durchschnittliche Fahrzeit betr\u00e4gt 53 Minuten f\u00fcr eine einfache Hinfahrt von 44 km (das grenz\u00fcberschreitende Verkehrsaufkommen ist zwischen [&hellip;]\" \/>\n<meta property=\"og:url\" content=\"https:\/\/frontaliers-grandest.eu\/de\/startseite\/arbeitsuchende\/einen-job-in-luxemburg-finden\/gut-zu-wissen\/die-arbeitsbedingungen-in-luxemburg\/\" \/>\n<meta property=\"og:site_name\" content=\"Frontaliers Grand Est\" \/>\n<meta property=\"article:publisher\" content=\"https:\/\/www.facebook.com\/frontaliers.GR.EST\/?locale=fr_FR\" \/>\n<meta property=\"article:modified_time\" content=\"2021-05-07T06:45:18+00:00\" \/>\n<meta name=\"twitter:card\" content=\"summary_large_image\" \/>\n<meta name=\"twitter:label1\" content=\"Gesch\u00e4tzte Lesezeit\" \/>\n\t<meta name=\"twitter:data1\" content=\"1\u00a0Minute\" \/>\n<script type=\"application\/ld+json\" class=\"yoast-schema-graph\">{\"@context\":\"https:\/\/schema.org\",\"@graph\":[{\"@type\":\"WebPage\",\"@id\":\"https:\/\/frontaliers-grandest.eu\/de\/startseite\/arbeitsuchende\/einen-job-in-luxemburg-finden\/gut-zu-wissen\/die-arbeitsbedingungen-in-luxemburg\/\",\"url\":\"https:\/\/frontaliers-grandest.eu\/de\/startseite\/arbeitsuchende\/einen-job-in-luxemburg-finden\/gut-zu-wissen\/die-arbeitsbedingungen-in-luxemburg\/\",\"name\":\"Die arbeitsbedingungen in Luxemburg - Frontaliers Grand Est\",\"isPartOf\":{\"@id\":\"https:\/\/frontaliers-grandest.eu\/de\/#website\"},\"datePublished\":\"2021-05-07T06:44:47+00:00\",\"dateModified\":\"2021-05-07T06:45:18+00:00\",\"breadcrumb\":{\"@id\":\"https:\/\/frontaliers-grandest.eu\/de\/startseite\/arbeitsuchende\/einen-job-in-luxemburg-finden\/gut-zu-wissen\/die-arbeitsbedingungen-in-luxemburg\/#breadcrumb\"},\"inLanguage\":\"de\",\"potentialAction\":[{\"@type\":\"ReadAction\",\"target\":[\"https:\/\/frontaliers-grandest.eu\/de\/startseite\/arbeitsuchende\/einen-job-in-luxemburg-finden\/gut-zu-wissen\/die-arbeitsbedingungen-in-luxemburg\/\"]}]},{\"@type\":\"BreadcrumbList\",\"@id\":\"https:\/\/frontaliers-grandest.eu\/de\/startseite\/arbeitsuchende\/einen-job-in-luxemburg-finden\/gut-zu-wissen\/die-arbeitsbedingungen-in-luxemburg\/#breadcrumb\",\"itemListElement\":[{\"@type\":\"ListItem\",\"position\":1,\"name\":\"Startseite\",\"item\":\"https:\/\/frontaliers-grandest.eu\/de\/\"},{\"@type\":\"ListItem\",\"position\":2,\"name\":\"Arbeitsuchende\",\"item\":\"https:\/\/frontaliers-grandest.eu\/de\/startseite\/arbeitsuchende\/\"},{\"@type\":\"ListItem\",\"position\":3,\"name\":\"Einen Job in Luxemburg finden\",\"item\":\"https:\/\/frontaliers-grandest.eu\/de\/startseite\/arbeitsuchende\/einen-job-in-luxemburg-finden\/\"},{\"@type\":\"ListItem\",\"position\":4,\"name\":\"Gut Zu Wissen\",\"item\":\"https:\/\/frontaliers-grandest.eu\/de\/startseite\/arbeitsuchende\/einen-job-in-luxemburg-finden\/gut-zu-wissen\/\"},{\"@type\":\"ListItem\",\"position\":5,\"name\":\"Die arbeitsbedingungen in Luxemburg\"}]},{\"@type\":\"WebSite\",\"@id\":\"https:\/\/frontaliers-grandest.eu\/de\/#website\",\"url\":\"https:\/\/frontaliers-grandest.eu\/de\/\",\"name\":\"Frontaliers Grand Est\",\"description\":\"Le site ressource du travail frontalier\",\"publisher\":{\"@id\":\"https:\/\/frontaliers-grandest.eu\/de\/#organization\"},\"alternateName\":\"Frontaliers Grand Est\",\"potentialAction\":[{\"@type\":\"SearchAction\",\"target\":{\"@type\":\"EntryPoint\",\"urlTemplate\":\"https:\/\/frontaliers-grandest.eu\/de\/?s={search_term_string}\"},\"query-input\":{\"@type\":\"PropertyValueSpecification\",\"valueRequired\":true,\"valueName\":\"search_term_string\"}}],\"inLanguage\":\"de\"},{\"@type\":\"Organization\",\"@id\":\"https:\/\/frontaliers-grandest.eu\/de\/#organization\",\"name\":\"Frontaliers Grand Est\",\"alternateName\":\"Frontaliers Grand Est\",\"url\":\"https:\/\/frontaliers-grandest.eu\/de\/\",\"logo\":{\"@type\":\"ImageObject\",\"inLanguage\":\"de\",\"@id\":\"https:\/\/frontaliers-grandest.eu\/de\/#\/schema\/logo\/image\/\",\"url\":\"https:\/\/frontaliers-grandest.eu\/wp-content\/uploads\/2025\/07\/260328234_2966785176920310_3332838526503858160_n.jpg\",\"contentUrl\":\"https:\/\/frontaliers-grandest.eu\/wp-content\/uploads\/2025\/07\/260328234_2966785176920310_3332838526503858160_n.jpg\",\"width\":396,\"height\":396,\"caption\":\"Frontaliers Grand Est\"},\"image\":{\"@id\":\"https:\/\/frontaliers-grandest.eu\/de\/#\/schema\/logo\/image\/\"},\"sameAs\":[\"https:\/\/www.facebook.com\/frontaliers.GR.EST\/?locale=fr_FR\"]}]}<\/script>\n<!-- \/ Yoast SEO plugin. -->","yoast_head_json":{"title":"Die arbeitsbedingungen in Luxemburg - Frontaliers Grand Est","robots":{"index":"index","follow":"follow","max-snippet":"max-snippet:-1","max-image-preview":"max-image-preview:large","max-video-preview":"max-video-preview:-1"},"canonical":"https:\/\/frontaliers-grandest.eu\/de\/startseite\/arbeitsuchende\/einen-job-in-luxemburg-finden\/gut-zu-wissen\/die-arbeitsbedingungen-in-luxemburg\/","og_locale":"de_DE","og_type":"article","og_title":"Die arbeitsbedingungen in Luxemburg - Frontaliers Grand Est","og_description":"Luxemburg ist unver\u00e4ndert attraktiv in Bezug auf Erwerbst\u00e4tigkeit und Geh\u00e4lter, dennoch muss auf bestimmte berufliche Rahmenbedingungen im Gro\u00dfherzogtum hingewiesen werden: Der Arbeitsweg ist ein nicht unerheblicher Faktor: die Fahrzeiten vom Wohnort zum Arbeitsplatz k\u00f6nnen sehr lang sein. Die durchschnittliche Fahrzeit betr\u00e4gt 53 Minuten f\u00fcr eine einfache Hinfahrt von 44 km (das grenz\u00fcberschreitende Verkehrsaufkommen ist zwischen [&hellip;]","og_url":"https:\/\/frontaliers-grandest.eu\/de\/startseite\/arbeitsuchende\/einen-job-in-luxemburg-finden\/gut-zu-wissen\/die-arbeitsbedingungen-in-luxemburg\/","og_site_name":"Frontaliers Grand Est","article_publisher":"https:\/\/www.facebook.com\/frontaliers.GR.EST\/?locale=fr_FR","article_modified_time":"2021-05-07T06:45:18+00:00","twitter_card":"summary_large_image","twitter_misc":{"Gesch\u00e4tzte Lesezeit":"1\u00a0Minute"},"schema":{"@context":"https:\/\/schema.org","@graph":[{"@type":"WebPage","@id":"https:\/\/frontaliers-grandest.eu\/de\/startseite\/arbeitsuchende\/einen-job-in-luxemburg-finden\/gut-zu-wissen\/die-arbeitsbedingungen-in-luxemburg\/","url":"https:\/\/frontaliers-grandest.eu\/de\/startseite\/arbeitsuchende\/einen-job-in-luxemburg-finden\/gut-zu-wissen\/die-arbeitsbedingungen-in-luxemburg\/","name":"Die arbeitsbedingungen in Luxemburg - Frontaliers Grand Est","isPartOf":{"@id":"https:\/\/frontaliers-grandest.eu\/de\/#website"},"datePublished":"2021-05-07T06:44:47+00:00","dateModified":"2021-05-07T06:45:18+00:00","breadcrumb":{"@id":"https:\/\/frontaliers-grandest.eu\/de\/startseite\/arbeitsuchende\/einen-job-in-luxemburg-finden\/gut-zu-wissen\/die-arbeitsbedingungen-in-luxemburg\/#breadcrumb"},"inLanguage":"de","potentialAction":[{"@type":"ReadAction","target":["https:\/\/frontaliers-grandest.eu\/de\/startseite\/arbeitsuchende\/einen-job-in-luxemburg-finden\/gut-zu-wissen\/die-arbeitsbedingungen-in-luxemburg\/"]}]},{"@type":"BreadcrumbList","@id":"https:\/\/frontaliers-grandest.eu\/de\/startseite\/arbeitsuchende\/einen-job-in-luxemburg-finden\/gut-zu-wissen\/die-arbeitsbedingungen-in-luxemburg\/#breadcrumb","itemListElement":[{"@type":"ListItem","position":1,"name":"Startseite","item":"https:\/\/frontaliers-grandest.eu\/de\/"},{"@type":"ListItem","position":2,"name":"Arbeitsuchende","item":"https:\/\/frontaliers-grandest.eu\/de\/startseite\/arbeitsuchende\/"},{"@type":"ListItem","position":3,"name":"Einen Job in Luxemburg finden","item":"https:\/\/frontaliers-grandest.eu\/de\/startseite\/arbeitsuchende\/einen-job-in-luxemburg-finden\/"},{"@type":"ListItem","position":4,"name":"Gut Zu Wissen","item":"https:\/\/frontaliers-grandest.eu\/de\/startseite\/arbeitsuchende\/einen-job-in-luxemburg-finden\/gut-zu-wissen\/"},{"@type":"ListItem","position":5,"name":"Die arbeitsbedingungen in Luxemburg"}]},{"@type":"WebSite","@id":"https:\/\/frontaliers-grandest.eu\/de\/#website","url":"https:\/\/frontaliers-grandest.eu\/de\/","name":"Frontaliers Grand Est","description":"Le site ressource du travail frontalier","publisher":{"@id":"https:\/\/frontaliers-grandest.eu\/de\/#organization"},"alternateName":"Frontaliers Grand Est","potentialAction":[{"@type":"SearchAction","target":{"@type":"EntryPoint","urlTemplate":"https:\/\/frontaliers-grandest.eu\/de\/?s={search_term_string}"},"query-input":{"@type":"PropertyValueSpecification","valueRequired":true,"valueName":"search_term_string"}}],"inLanguage":"de"},{"@type":"Organization","@id":"https:\/\/frontaliers-grandest.eu\/de\/#organization","name":"Frontaliers Grand Est","alternateName":"Frontaliers Grand Est","url":"https:\/\/frontaliers-grandest.eu\/de\/","logo":{"@type":"ImageObject","inLanguage":"de","@id":"https:\/\/frontaliers-grandest.eu\/de\/#\/schema\/logo\/image\/","url":"https:\/\/frontaliers-grandest.eu\/wp-content\/uploads\/2025\/07\/260328234_2966785176920310_3332838526503858160_n.jpg","contentUrl":"https:\/\/frontaliers-grandest.eu\/wp-content\/uploads\/2025\/07\/260328234_2966785176920310_3332838526503858160_n.jpg","width":396,"height":396,"caption":"Frontaliers Grand Est"},"image":{"@id":"https:\/\/frontaliers-grandest.eu\/de\/#\/schema\/logo\/image\/"},"sameAs":["https:\/\/www.facebook.com\/frontaliers.GR.EST\/?locale=fr_FR"]}]}},"frge_page_order":0,"_links":{"self":[{"href":"https:\/\/frontaliers-grandest.eu\/de\/wp-json\/wp\/v2\/pages\/7235","targetHints":{"allow":["GET"]}}],"collection":[{"href":"https:\/\/frontaliers-grandest.eu\/de\/wp-json\/wp\/v2\/pages"}],"about":[{"href":"https:\/\/frontaliers-grandest.eu\/de\/wp-json\/wp\/v2\/types\/page"}],"author":[{"embeddable":true,"href":"https:\/\/frontaliers-grandest.eu\/de\/wp-json\/wp\/v2\/users\/7"}],"replies":[{"embeddable":true,"href":"https:\/\/frontaliers-grandest.eu\/de\/wp-json\/wp\/v2\/comments?post=7235"}],"version-history":[{"count":2,"href":"https:\/\/frontaliers-grandest.eu\/de\/wp-json\/wp\/v2\/pages\/7235\/revisions"}],"predecessor-version":[{"id":7237,"href":"https:\/\/frontaliers-grandest.eu\/de\/wp-json\/wp\/v2\/pages\/7235\/revisions\/7237"}],"up":[{"embeddable":true,"href":"https:\/\/frontaliers-grandest.eu\/de\/wp-json\/wp\/v2\/pages\/7257"}],"wp:attachment":[{"href":"https:\/\/frontaliers-grandest.eu\/de\/wp-json\/wp\/v2\/media?parent=7235"}],"wp:term":[{"taxonomy":"post_tag","embeddable":true,"href":"https:\/\/frontaliers-grandest.eu\/de\/wp-json\/wp\/v2\/tags?post=7235"},{"taxonomy":"frge_profile","embeddable":true,"href":"https:\/\/frontaliers-grandest.eu\/de\/wp-json\/wp\/v2\/frge_profile?post=7235"}],"curies":[{"name":"wp","href":"https:\/\/api.w.org\/{rel}","templated":true}]}}