{"id":7232,"date":"2021-05-07T08:42:08","date_gmt":"2021-05-07T06:42:08","guid":{"rendered":"https:\/\/frontaliers-grandest.eu\/?page_id=7232"},"modified":"2021-05-07T08:42:09","modified_gmt":"2021-05-07T06:42:09","slug":"der-arbeitsmarkt-in-luxemburg","status":"publish","type":"page","link":"https:\/\/frontaliers-grandest.eu\/de\/startseite\/arbeitsuchende\/einen-job-in-luxemburg-finden\/gut-zu-wissen\/der-arbeitsmarkt-in-luxemburg\/","title":{"rendered":"Der arbeitsmarkt in Luxemburg"},"content":{"rendered":"\n<p>Luxemburg liegt im Herzen der Gro\u00dfregion und bleibt nach wie vor der gr\u00f6sste Arbeitgeber f\u00fcr Grenzg\u00e4nger. Die Bev\u00f6lkerunganzahl betr\u00e4gt ungef\u00e4hr 563\u00a0000.<\/p>\n\n\n\n<p>Im 4. Vorjahr 2014 z\u00e4hlte Gro\u00dfherzogtum 375\u00a0195 Arbeitnehmer , von denen 166\u00a0484 Grenzg\u00e4nger und 83\u00a0811 ihren Wohnsitz in Frankreich haben.<\/p>\n\n\n\n<p>F\u00fcr weitere Ausk\u00fcnfte \u00fcber Luxemburg und den luxemburgischen Arbeitsmarkt k\u00f6nnen Sie folgende Websiten besuchen :<\/p>\n\n\n\n<ul class=\"wp-block-list\"><li><a href=\"http:\/\/www.guichet.public.lu\/\" target=\"_blank\" rel=\"noreferrer noopener\">www.guichet.public.lu<\/a>\u00a0: Informationen \u00fcber administrative Schritte f\u00fcr Arbeit, Besteuerung\u2026.<\/li><li><a href=\"http:\/\/www.gouvernement.lu\/\" target=\"_blank\" rel=\"noreferrer noopener\">www.gouvernement.lu<\/a>\u00a0: Website der Regierung. Informationen \u00fcber das Land, die Sprache, die Wirtschaft\u2026<\/li><li><a href=\"http:\/\/www.luxembourg.public.lu\/\" target=\"_blank\" rel=\"noreferrer noopener\">www.luxembourg.public.lu<\/a>\u00a0: Website f\u00fcr die offizielle Pr\u00e4sentation Luxemburg : Kultur, Politik, Wirtschaft \u2026<\/li><li><a href=\"http:\/\/www.granderegion.net\/\" target=\"_blank\" rel=\"noreferrer noopener\">www.granderegion.net<\/a>\u00a0: Website der Gro\u00dfregion<\/li><li><a href=\"http:\/\/www.statistiques.public.lu\/\" target=\"_blank\" rel=\"noreferrer noopener\">www.statistiques.public.lu<\/a>\u00a0: Zentralstelle f\u00fcr Statistiken und Wirtschaftsstudien<\/li><li><a href=\"http:\/\/www.mte.public.lu\/retel\/\" target=\"_blank\" rel=\"noreferrer noopener\">www.mte.public.lu\/retel\/<\/a>: Website des Ministeriums f\u00fcr Arbeit und Sozial- und solidarische Wirtschaft. Informationen der RETEL \u2013Arbeitsmarktbeobachtungsstelle.<\/li><li><a href=\"http:\/\/www.adem.public.lu\/\" target=\"_blank\" rel=\"noreferrer noopener\">www.adem.public.lu<\/a>\u00a0: Website der \u00f6ffentlichen Arbeitsvermittlung.<\/li><\/ul>\n\n\n\n<p>Die zukunfttr\u00e4chtigen Wirtschaftszweige in Luxemburg sind Finanzen und Versicherungen. \u00dcber 150 Banken sind registriert, insbesondere Tochtergesellschaften und Niederlassungen von ausl\u00e4ndischen Banken. Zus\u00e4tzlich sind die meisten der grossen Unternehmen in Luxemburg vor allem international t\u00e4tig.<br>Die Branchen Transport-Logistik und Industrie bleiben immerhin wichtige Sektoren.<\/p>\n\n\n\n<p>Sektoren, die die meisten Arbeitsstellen schaffen (Informationen vom RETEL, R\u00e9seau d\u2019\u00e9tude sur le march\u00e9 du travail et de l\u2019emploi) sind folgende :<\/p>\n\n\n\n<ul class=\"wp-block-list\"><li>Gesundheits- und Sozialwesen,<\/li><li>freiberufliche, wissentschaftliche und technische T\u00e4tigkeiten,<\/li><li>Handel, Instandhaltung und Reparatur von Kraftfahrzeugen und Gebrauchzg\u00fctern,<\/li><li>Finanz- und Versicherungsdienstleistungen,<\/li><li>Information und Kommunikation,<\/li><li>Bau,<\/li><li>Beherbergung und Restauration. &nbsp;<\/li><\/ul>\n","protected":false},"excerpt":{"rendered":"<p>Luxemburg liegt im Herzen der Gro\u00dfregion und bleibt nach wie vor der gr\u00f6sste Arbeitgeber f\u00fcr Grenzg\u00e4nger. Die Bev\u00f6lkerunganzahl betr\u00e4gt ungef\u00e4hr 563\u00a0000. Im 4. Vorjahr 2014 z\u00e4hlte Gro\u00dfherzogtum 375\u00a0195 Arbeitnehmer , von denen 166\u00a0484 Grenzg\u00e4nger und 83\u00a0811 ihren Wohnsitz in Frankreich haben. F\u00fcr weitere Ausk\u00fcnfte \u00fcber Luxemburg und den luxemburgischen Arbeitsmarkt k\u00f6nnen Sie folgende Websiten besuchen [&hellip;]<\/p>\n","protected":false},"author":7,"featured_media":0,"parent":7257,"menu_order":0,"comment_status":"closed","ping_status":"closed","template":"","meta":{"inline_featured_image":false,"footnotes":""},"tags":[],"frge_profile":[],"class_list":["post-7232","page","type-page","status-publish","hentry"],"yoast_head":"<!-- This site is optimized with the Yoast SEO plugin v27.1.1 - https:\/\/yoast.com\/product\/yoast-seo-wordpress\/ -->\n<title>Der arbeitsmarkt in Luxemburg - Frontaliers Grand Est<\/title>\n<meta name=\"robots\" content=\"index, follow, max-snippet:-1, max-image-preview:large, max-video-preview:-1\" \/>\n<link rel=\"canonical\" href=\"https:\/\/frontaliers-grandest.eu\/de\/startseite\/arbeitsuchende\/einen-job-in-luxemburg-finden\/gut-zu-wissen\/der-arbeitsmarkt-in-luxemburg\/\" \/>\n<meta property=\"og:locale\" content=\"de_DE\" \/>\n<meta property=\"og:type\" content=\"article\" \/>\n<meta property=\"og:title\" content=\"Der arbeitsmarkt in Luxemburg - Frontaliers Grand Est\" \/>\n<meta property=\"og:description\" content=\"Luxemburg liegt im Herzen der Gro\u00dfregion und bleibt nach wie vor der gr\u00f6sste Arbeitgeber f\u00fcr Grenzg\u00e4nger. Die Bev\u00f6lkerunganzahl betr\u00e4gt ungef\u00e4hr 563\u00a0000. Im 4. Vorjahr 2014 z\u00e4hlte Gro\u00dfherzogtum 375\u00a0195 Arbeitnehmer , von denen 166\u00a0484 Grenzg\u00e4nger und 83\u00a0811 ihren Wohnsitz in Frankreich haben. F\u00fcr weitere Ausk\u00fcnfte \u00fcber Luxemburg und den luxemburgischen Arbeitsmarkt k\u00f6nnen Sie folgende Websiten besuchen [&hellip;]\" \/>\n<meta property=\"og:url\" content=\"https:\/\/frontaliers-grandest.eu\/de\/startseite\/arbeitsuchende\/einen-job-in-luxemburg-finden\/gut-zu-wissen\/der-arbeitsmarkt-in-luxemburg\/\" \/>\n<meta property=\"og:site_name\" content=\"Frontaliers Grand Est\" \/>\n<meta property=\"article:publisher\" content=\"https:\/\/www.facebook.com\/frontaliers.GR.EST\/?locale=fr_FR\" \/>\n<meta property=\"article:modified_time\" content=\"2021-05-07T06:42:09+00:00\" \/>\n<meta name=\"twitter:card\" content=\"summary_large_image\" \/>\n<meta name=\"twitter:label1\" content=\"Gesch\u00e4tzte Lesezeit\" \/>\n\t<meta name=\"twitter:data1\" content=\"1\u00a0Minute\" \/>\n<script type=\"application\/ld+json\" class=\"yoast-schema-graph\">{\"@context\":\"https:\/\/schema.org\",\"@graph\":[{\"@type\":\"WebPage\",\"@id\":\"https:\/\/frontaliers-grandest.eu\/de\/startseite\/arbeitsuchende\/einen-job-in-luxemburg-finden\/gut-zu-wissen\/der-arbeitsmarkt-in-luxemburg\/\",\"url\":\"https:\/\/frontaliers-grandest.eu\/de\/startseite\/arbeitsuchende\/einen-job-in-luxemburg-finden\/gut-zu-wissen\/der-arbeitsmarkt-in-luxemburg\/\",\"name\":\"Der arbeitsmarkt in Luxemburg - Frontaliers Grand Est\",\"isPartOf\":{\"@id\":\"https:\/\/frontaliers-grandest.eu\/de\/#website\"},\"datePublished\":\"2021-05-07T06:42:08+00:00\",\"dateModified\":\"2021-05-07T06:42:09+00:00\",\"breadcrumb\":{\"@id\":\"https:\/\/frontaliers-grandest.eu\/de\/startseite\/arbeitsuchende\/einen-job-in-luxemburg-finden\/gut-zu-wissen\/der-arbeitsmarkt-in-luxemburg\/#breadcrumb\"},\"inLanguage\":\"de\",\"potentialAction\":[{\"@type\":\"ReadAction\",\"target\":[\"https:\/\/frontaliers-grandest.eu\/de\/startseite\/arbeitsuchende\/einen-job-in-luxemburg-finden\/gut-zu-wissen\/der-arbeitsmarkt-in-luxemburg\/\"]}]},{\"@type\":\"BreadcrumbList\",\"@id\":\"https:\/\/frontaliers-grandest.eu\/de\/startseite\/arbeitsuchende\/einen-job-in-luxemburg-finden\/gut-zu-wissen\/der-arbeitsmarkt-in-luxemburg\/#breadcrumb\",\"itemListElement\":[{\"@type\":\"ListItem\",\"position\":1,\"name\":\"Startseite\",\"item\":\"https:\/\/frontaliers-grandest.eu\/de\/\"},{\"@type\":\"ListItem\",\"position\":2,\"name\":\"Arbeitsuchende\",\"item\":\"https:\/\/frontaliers-grandest.eu\/de\/startseite\/arbeitsuchende\/\"},{\"@type\":\"ListItem\",\"position\":3,\"name\":\"Einen Job in Luxemburg finden\",\"item\":\"https:\/\/frontaliers-grandest.eu\/de\/startseite\/arbeitsuchende\/einen-job-in-luxemburg-finden\/\"},{\"@type\":\"ListItem\",\"position\":4,\"name\":\"Gut Zu Wissen\",\"item\":\"https:\/\/frontaliers-grandest.eu\/de\/startseite\/arbeitsuchende\/einen-job-in-luxemburg-finden\/gut-zu-wissen\/\"},{\"@type\":\"ListItem\",\"position\":5,\"name\":\"Der arbeitsmarkt in Luxemburg\"}]},{\"@type\":\"WebSite\",\"@id\":\"https:\/\/frontaliers-grandest.eu\/de\/#website\",\"url\":\"https:\/\/frontaliers-grandest.eu\/de\/\",\"name\":\"Frontaliers Grand Est\",\"description\":\"Le site ressource du travail frontalier\",\"publisher\":{\"@id\":\"https:\/\/frontaliers-grandest.eu\/de\/#organization\"},\"alternateName\":\"Frontaliers Grand Est\",\"potentialAction\":[{\"@type\":\"SearchAction\",\"target\":{\"@type\":\"EntryPoint\",\"urlTemplate\":\"https:\/\/frontaliers-grandest.eu\/de\/?s={search_term_string}\"},\"query-input\":{\"@type\":\"PropertyValueSpecification\",\"valueRequired\":true,\"valueName\":\"search_term_string\"}}],\"inLanguage\":\"de\"},{\"@type\":\"Organization\",\"@id\":\"https:\/\/frontaliers-grandest.eu\/de\/#organization\",\"name\":\"Frontaliers Grand Est\",\"alternateName\":\"Frontaliers Grand Est\",\"url\":\"https:\/\/frontaliers-grandest.eu\/de\/\",\"logo\":{\"@type\":\"ImageObject\",\"inLanguage\":\"de\",\"@id\":\"https:\/\/frontaliers-grandest.eu\/de\/#\/schema\/logo\/image\/\",\"url\":\"https:\/\/frontaliers-grandest.eu\/wp-content\/uploads\/2025\/07\/260328234_2966785176920310_3332838526503858160_n.jpg\",\"contentUrl\":\"https:\/\/frontaliers-grandest.eu\/wp-content\/uploads\/2025\/07\/260328234_2966785176920310_3332838526503858160_n.jpg\",\"width\":396,\"height\":396,\"caption\":\"Frontaliers Grand Est\"},\"image\":{\"@id\":\"https:\/\/frontaliers-grandest.eu\/de\/#\/schema\/logo\/image\/\"},\"sameAs\":[\"https:\/\/www.facebook.com\/frontaliers.GR.EST\/?locale=fr_FR\"]}]}<\/script>\n<!-- \/ Yoast SEO plugin. -->","yoast_head_json":{"title":"Der arbeitsmarkt in Luxemburg - Frontaliers Grand Est","robots":{"index":"index","follow":"follow","max-snippet":"max-snippet:-1","max-image-preview":"max-image-preview:large","max-video-preview":"max-video-preview:-1"},"canonical":"https:\/\/frontaliers-grandest.eu\/de\/startseite\/arbeitsuchende\/einen-job-in-luxemburg-finden\/gut-zu-wissen\/der-arbeitsmarkt-in-luxemburg\/","og_locale":"de_DE","og_type":"article","og_title":"Der arbeitsmarkt in Luxemburg - Frontaliers Grand Est","og_description":"Luxemburg liegt im Herzen der Gro\u00dfregion und bleibt nach wie vor der gr\u00f6sste Arbeitgeber f\u00fcr Grenzg\u00e4nger. Die Bev\u00f6lkerunganzahl betr\u00e4gt ungef\u00e4hr 563\u00a0000. Im 4. Vorjahr 2014 z\u00e4hlte Gro\u00dfherzogtum 375\u00a0195 Arbeitnehmer , von denen 166\u00a0484 Grenzg\u00e4nger und 83\u00a0811 ihren Wohnsitz in Frankreich haben. F\u00fcr weitere Ausk\u00fcnfte \u00fcber Luxemburg und den luxemburgischen Arbeitsmarkt k\u00f6nnen Sie folgende Websiten besuchen [&hellip;]","og_url":"https:\/\/frontaliers-grandest.eu\/de\/startseite\/arbeitsuchende\/einen-job-in-luxemburg-finden\/gut-zu-wissen\/der-arbeitsmarkt-in-luxemburg\/","og_site_name":"Frontaliers Grand Est","article_publisher":"https:\/\/www.facebook.com\/frontaliers.GR.EST\/?locale=fr_FR","article_modified_time":"2021-05-07T06:42:09+00:00","twitter_card":"summary_large_image","twitter_misc":{"Gesch\u00e4tzte Lesezeit":"1\u00a0Minute"},"schema":{"@context":"https:\/\/schema.org","@graph":[{"@type":"WebPage","@id":"https:\/\/frontaliers-grandest.eu\/de\/startseite\/arbeitsuchende\/einen-job-in-luxemburg-finden\/gut-zu-wissen\/der-arbeitsmarkt-in-luxemburg\/","url":"https:\/\/frontaliers-grandest.eu\/de\/startseite\/arbeitsuchende\/einen-job-in-luxemburg-finden\/gut-zu-wissen\/der-arbeitsmarkt-in-luxemburg\/","name":"Der arbeitsmarkt in Luxemburg - Frontaliers Grand Est","isPartOf":{"@id":"https:\/\/frontaliers-grandest.eu\/de\/#website"},"datePublished":"2021-05-07T06:42:08+00:00","dateModified":"2021-05-07T06:42:09+00:00","breadcrumb":{"@id":"https:\/\/frontaliers-grandest.eu\/de\/startseite\/arbeitsuchende\/einen-job-in-luxemburg-finden\/gut-zu-wissen\/der-arbeitsmarkt-in-luxemburg\/#breadcrumb"},"inLanguage":"de","potentialAction":[{"@type":"ReadAction","target":["https:\/\/frontaliers-grandest.eu\/de\/startseite\/arbeitsuchende\/einen-job-in-luxemburg-finden\/gut-zu-wissen\/der-arbeitsmarkt-in-luxemburg\/"]}]},{"@type":"BreadcrumbList","@id":"https:\/\/frontaliers-grandest.eu\/de\/startseite\/arbeitsuchende\/einen-job-in-luxemburg-finden\/gut-zu-wissen\/der-arbeitsmarkt-in-luxemburg\/#breadcrumb","itemListElement":[{"@type":"ListItem","position":1,"name":"Startseite","item":"https:\/\/frontaliers-grandest.eu\/de\/"},{"@type":"ListItem","position":2,"name":"Arbeitsuchende","item":"https:\/\/frontaliers-grandest.eu\/de\/startseite\/arbeitsuchende\/"},{"@type":"ListItem","position":3,"name":"Einen Job in Luxemburg finden","item":"https:\/\/frontaliers-grandest.eu\/de\/startseite\/arbeitsuchende\/einen-job-in-luxemburg-finden\/"},{"@type":"ListItem","position":4,"name":"Gut Zu Wissen","item":"https:\/\/frontaliers-grandest.eu\/de\/startseite\/arbeitsuchende\/einen-job-in-luxemburg-finden\/gut-zu-wissen\/"},{"@type":"ListItem","position":5,"name":"Der arbeitsmarkt in Luxemburg"}]},{"@type":"WebSite","@id":"https:\/\/frontaliers-grandest.eu\/de\/#website","url":"https:\/\/frontaliers-grandest.eu\/de\/","name":"Frontaliers Grand Est","description":"Le site ressource du travail frontalier","publisher":{"@id":"https:\/\/frontaliers-grandest.eu\/de\/#organization"},"alternateName":"Frontaliers Grand Est","potentialAction":[{"@type":"SearchAction","target":{"@type":"EntryPoint","urlTemplate":"https:\/\/frontaliers-grandest.eu\/de\/?s={search_term_string}"},"query-input":{"@type":"PropertyValueSpecification","valueRequired":true,"valueName":"search_term_string"}}],"inLanguage":"de"},{"@type":"Organization","@id":"https:\/\/frontaliers-grandest.eu\/de\/#organization","name":"Frontaliers Grand Est","alternateName":"Frontaliers Grand Est","url":"https:\/\/frontaliers-grandest.eu\/de\/","logo":{"@type":"ImageObject","inLanguage":"de","@id":"https:\/\/frontaliers-grandest.eu\/de\/#\/schema\/logo\/image\/","url":"https:\/\/frontaliers-grandest.eu\/wp-content\/uploads\/2025\/07\/260328234_2966785176920310_3332838526503858160_n.jpg","contentUrl":"https:\/\/frontaliers-grandest.eu\/wp-content\/uploads\/2025\/07\/260328234_2966785176920310_3332838526503858160_n.jpg","width":396,"height":396,"caption":"Frontaliers Grand Est"},"image":{"@id":"https:\/\/frontaliers-grandest.eu\/de\/#\/schema\/logo\/image\/"},"sameAs":["https:\/\/www.facebook.com\/frontaliers.GR.EST\/?locale=fr_FR"]}]}},"frge_page_order":0,"_links":{"self":[{"href":"https:\/\/frontaliers-grandest.eu\/de\/wp-json\/wp\/v2\/pages\/7232","targetHints":{"allow":["GET"]}}],"collection":[{"href":"https:\/\/frontaliers-grandest.eu\/de\/wp-json\/wp\/v2\/pages"}],"about":[{"href":"https:\/\/frontaliers-grandest.eu\/de\/wp-json\/wp\/v2\/types\/page"}],"author":[{"embeddable":true,"href":"https:\/\/frontaliers-grandest.eu\/de\/wp-json\/wp\/v2\/users\/7"}],"replies":[{"embeddable":true,"href":"https:\/\/frontaliers-grandest.eu\/de\/wp-json\/wp\/v2\/comments?post=7232"}],"version-history":[{"count":1,"href":"https:\/\/frontaliers-grandest.eu\/de\/wp-json\/wp\/v2\/pages\/7232\/revisions"}],"predecessor-version":[{"id":7233,"href":"https:\/\/frontaliers-grandest.eu\/de\/wp-json\/wp\/v2\/pages\/7232\/revisions\/7233"}],"up":[{"embeddable":true,"href":"https:\/\/frontaliers-grandest.eu\/de\/wp-json\/wp\/v2\/pages\/7257"}],"wp:attachment":[{"href":"https:\/\/frontaliers-grandest.eu\/de\/wp-json\/wp\/v2\/media?parent=7232"}],"wp:term":[{"taxonomy":"post_tag","embeddable":true,"href":"https:\/\/frontaliers-grandest.eu\/de\/wp-json\/wp\/v2\/tags?post=7232"},{"taxonomy":"frge_profile","embeddable":true,"href":"https:\/\/frontaliers-grandest.eu\/de\/wp-json\/wp\/v2\/frge_profile?post=7232"}],"curies":[{"name":"wp","href":"https:\/\/api.w.org\/{rel}","templated":true}]}}