{"id":6968,"date":"2021-01-13T15:04:32","date_gmt":"2021-01-13T14:04:32","guid":{"rendered":"https:\/\/frontaliers-grandest.eu\/?page_id=6968"},"modified":"2026-01-08T09:42:41","modified_gmt":"2026-01-08T08:42:41","slug":"contact","status":"publish","type":"page","link":"https:\/\/frontaliers-grandest.eu\/de\/ueber-frontaliers-grand-est\/contact\/","title":{"rendered":"Kontakt"},"content":{"rendered":"\n<h2 class=\"wp-block-heading has-text-align-left sstitlecolle\">Kontaktformular<\/h2>\n\n\n\n<p>Das Team von Frontaliers Grand Est unterst\u00fctzt Sie kostenlos bei allen Fragen \u00fcber die Grenzarbeit (Lebensbedingungen, Transport, etc. ).<\/p>\n\n\n\n<p>Bitte senden Sie uns vor jedem telefonischen Kontakt eine Pr\u00e4sentation Ihrer Situation per E-Mail, um eine vollst\u00e4ndige und personalisierte Untersuchung Ihrer Anfrage zu gew\u00e4hrleisten. Wir werden versuchen, Ihnen innerhalb einer Woche zu antworten.<\/p>\n\n\n\n<p>Unsere Juristen stehen Ihnen f\u00fcr alle Fragen \u00fcber Arbeitsrecht, Sozialversicherung oder Steuern zur Verf\u00fcgung.<\/p>\n\n\n\n<div class=\"wp-block-frontaliers-grandest-plugin-simple-infos-block\"><div class=\"simple-infos-container\" style=\"background-image:url(https:\/\/frontaliers-grandest.eu\/wp-content\/plugins\/frontaliers-grandest-plugin\/build\/simple-infos-block\/..\/images\/simple-infos-background.26777861.png);background-size:cover\"><div class=\"simple-infos-container__content\"><p class=\"simple-infos-container__content__text\"><strong>Aufgrund zahlreicher Anfragen verl\u00e4ngert sich die Bearbeitungszeit Ihrer Antr\u00e4ge.<br>Wir bem\u00fchen uns, unsere durchschnittliche Frist von 7 Tagen f\u00fcr die Beantwortung Ihrer Anfrage maximal einzuhalten. Diese Frist ist derzeit l\u00e4nger, bitte entschuldigen Sie uns.<br>In dringenden F\u00e4llen (K\u00fcndigung, Schwangerschaft) behandeln wir Ihre Anfragen vorrangig.<\/strong><\/p><\/div><\/div><\/div>\n\n\n\n<h5 class=\"wp-block-heading\">F\u00fcr allgemeine oder kommerzielle Anfragen wenden Sie sich bitte direkt an <a href=\"mailto:contact@frontaliers-grandest. eu\" target=\"_blank\" rel=\"noreferrer noopener\">contact@frontaliers-grandest. eu<\/a><\/h5>\n\n\n\n<div class=\"wp-block-contact-form-7-contact-form-selector\">\n<div class=\"wpcf7 no-js\" id=\"wpcf7-f34346-o1\" lang=\"de-DE\" dir=\"ltr\" data-wpcf7-id=\"34346\">\n<div class=\"screen-reader-response\"><p role=\"status\" aria-live=\"polite\" aria-atomic=\"true\"><\/p> <ul><\/ul><\/div>\n<form action=\"\/de\/wp-json\/wp\/v2\/pages\/6968#wpcf7-f34346-o1\" method=\"post\" class=\"wpcf7-form init\" aria-label=\"Kontaktformular\" novalidate=\"novalidate\" data-status=\"init\">\n<fieldset class=\"hidden-fields-container\"><input type=\"hidden\" name=\"_wpcf7\" value=\"34346\" \/><input type=\"hidden\" name=\"_wpcf7_version\" value=\"6.1.5\" \/><input type=\"hidden\" name=\"_wpcf7_locale\" value=\"de_DE\" \/><input type=\"hidden\" name=\"_wpcf7_unit_tag\" value=\"wpcf7-f34346-o1\" \/><input type=\"hidden\" name=\"_wpcf7_container_post\" value=\"0\" \/><input type=\"hidden\" name=\"_wpcf7_posted_data_hash\" value=\"\" \/><input type=\"hidden\" name=\"_wpcf7cf_hidden_group_fields\" value=\"[]\" \/><input type=\"hidden\" name=\"_wpcf7cf_hidden_groups\" value=\"[]\" \/><input type=\"hidden\" name=\"_wpcf7cf_visible_groups\" value=\"[]\" \/><input type=\"hidden\" name=\"_wpcf7cf_repeaters\" value=\"[]\" \/><input type=\"hidden\" name=\"_wpcf7cf_steps\" value=\"{}\" \/><input type=\"hidden\" name=\"_wpcf7cf_options\" value=\"{&quot;form_id&quot;:34346,&quot;conditions&quot;:[{&quot;then_field&quot;:&quot;france-selected&quot;,&quot;and_rules&quot;:[{&quot;if_field&quot;:&quot;frge-country&quot;,&quot;operator&quot;:&quot;equals&quot;,&quot;if_value&quot;:&quot;Frankreich&quot;}]}],&quot;settings&quot;:{&quot;animation&quot;:&quot;yes&quot;,&quot;animation_intime&quot;:200,&quot;animation_outtime&quot;:200,&quot;conditions_ui&quot;:&quot;normal&quot;,&quot;notice_dismissed&quot;:false,&quot;notice_dismissed_rollback-cf7-5.9.4&quot;:true}}\" \/>\n<\/fieldset>\n<div class=\"two-columns\">\n\t<p><label> Ihr Name <span class=\"mandatory\">*<\/span><br \/>\n<span class=\"wpcf7-form-control-wrap\" data-name=\"frge-name\"><input size=\"40\" maxlength=\"400\" class=\"wpcf7-form-control wpcf7-text wpcf7-validates-as-required\" autocomplete=\"name\" aria-required=\"true\" aria-invalid=\"false\" value=\"\" type=\"text\" name=\"frge-name\" \/><\/span> <\/label><br \/>\n<label> Ihr Vorname <span class=\"mandatory\">*<\/span><br \/>\n<span class=\"wpcf7-form-control-wrap\" data-name=\"frge-firstname\"><input size=\"40\" maxlength=\"400\" class=\"wpcf7-form-control wpcf7-text wpcf7-validates-as-required\" autocomplete=\"name\" aria-required=\"true\" aria-invalid=\"false\" value=\"\" type=\"text\" name=\"frge-firstname\" \/><\/span> <\/label>\n\t<\/p>\n<\/div>\n<div class=\"two-columns\">\n\t<p><label> Ihr E-Mail <span class=\"mandatory\">*<\/span><br \/>\n<span class=\"wpcf7-form-control-wrap\" data-name=\"frge-email\"><input size=\"40\" maxlength=\"400\" class=\"wpcf7-form-control wpcf7-email wpcf7-validates-as-required wpcf7-text wpcf7-validates-as-email\" autocomplete=\"email\" aria-required=\"true\" aria-invalid=\"false\" value=\"\" type=\"email\" name=\"frge-email\" \/><\/span> <\/label><br \/>\n<label> T\u00e9l.<br \/>\n<span class=\"wpcf7-form-control-wrap\" data-name=\"frge-phone\"><input size=\"40\" maxlength=\"400\" class=\"wpcf7-form-control wpcf7-tel wpcf7-text wpcf7-validates-as-tel\" aria-invalid=\"false\" value=\"\" type=\"tel\" name=\"frge-phone\" \/><\/span> <\/label>\n\t<\/p>\n<\/div>\n<p><label> Objekt <span class=\"mandatory\">*<\/span><br \/>\n<span class=\"wpcf7-form-control-wrap\" data-name=\"frge-subject\"><select class=\"wpcf7-form-control wpcf7-select wpcf7-validates-as-required\" aria-required=\"true\" aria-invalid=\"false\" name=\"frge-subject\"><option value=\"\">&#8211; Bitte ausw\u00e4hlen &#8211;<\/option><option value=\"Rechtliche Frage\">Rechtliche Frage<\/option><\/select><\/span><\/label>\n<\/p>\n<div class=\"two-columns\">\n\t<p><label> Land des Wohnsitzes <span class=\"mandatory\">*<\/span><br \/>\n<span class=\"wpcf7-form-control-wrap\" data-name=\"frge-country\"><select class=\"wpcf7-form-control wpcf7-select wpcf7-validates-as-required\" aria-required=\"true\" aria-invalid=\"false\" name=\"frge-country\"><option value=\"\">&#8211; Bitte ausw\u00e4hlen &#8211;<\/option><option value=\"Deutschland\">Deutschland<\/option><option value=\"Belgien\">Belgien<\/option><option value=\"Frankreich\">Frankreich<\/option><option value=\"Luxemburg\">Luxemburg<\/option><option value=\"Schweiz\">Schweiz<\/option><option value=\"Andere\">Andere<\/option><\/select><\/span><br \/>\n<\/label><br \/>\n<label> Gemeinde des Wohnsitzes <span class=\"mandatory\">*<\/span><br \/>\n<span class=\"wpcf7-form-control-wrap\" data-name=\"frge-municipality\"><input size=\"40\" maxlength=\"400\" class=\"wpcf7-form-control wpcf7-text wpcf7-validates-as-required\" aria-required=\"true\" aria-invalid=\"false\" value=\"\" type=\"text\" name=\"frge-municipality\" \/><\/span><br \/>\n<\/label>\n\t<\/p>\n<\/div>\n<div data-id=\"france-selected\" data-orig_data_id=\"france-selected\"  class=\"\" data-class=\"wpcf7cf_group\">\n\t<p><label> Abteilung <span class=\"mandatory\">*<\/span><br \/>\n<span class=\"wpcf7-form-control-wrap\" data-name=\"frge-department\"><select class=\"wpcf7-form-control wpcf7-select wpcf7-validates-as-required\" aria-required=\"true\" aria-invalid=\"false\" name=\"frge-department\"><option value=\"\">&#8211; Bitte ausw\u00e4hlen &#8211;<\/option><option value=\"01 - Ain\">01 - Ain<\/option><option value=\"02 - Aisne\">02 - Aisne<\/option><option value=\"03 - Allier\">03 - Allier<\/option><option value=\"04 - Alpes-de-Haute-Provence\">04 - Alpes-de-Haute-Provence<\/option><option value=\"05 - Hautes-Alpes\">05 - Hautes-Alpes<\/option><option value=\"06 - Alpes-Maritimes\">06 - Alpes-Maritimes<\/option><option value=\"07 - Ard\u00e8che\">07 - Ard\u00e8che<\/option><option value=\"08 - Ardennes\">08 - Ardennes<\/option><option value=\"09 - Ari\u00e8ge\">09 - Ari\u00e8ge<\/option><option value=\"10 - Aube\">10 - Aube<\/option><option value=\"11 - Aude\">11 - Aude<\/option><option value=\"12 - Aveyron\">12 - Aveyron<\/option><option value=\"13 - Bouches-du-Rh\u00f4ne\">13 - Bouches-du-Rh\u00f4ne<\/option><option value=\"14 - Calvados\">14 - Calvados<\/option><option value=\"15 - Cantal\">15 - Cantal<\/option><option value=\"16 - Charente\">16 - Charente<\/option><option value=\"17 - Charente-Maritime\">17 - Charente-Maritime<\/option><option value=\"18 - Cher\">18 - Cher<\/option><option value=\"19 - Corr\u00e8ze\">19 - Corr\u00e8ze<\/option><option value=\"2A - Corse-du-Sud\">2A - Corse-du-Sud<\/option><option value=\"2B - Haute-Corse\">2B - Haute-Corse<\/option><option value=\"21 - C\u00f4te-d&#039;Or\">21 - C\u00f4te-d&#039;Or<\/option><option value=\"22 - C\u00f4tes-d&#039;Armor\">22 - C\u00f4tes-d&#039;Armor<\/option><option value=\"23 - Creuse\">23 - Creuse<\/option><option value=\"24 - Dordogne\">24 - Dordogne<\/option><option value=\"25 - Doubs\">25 - Doubs<\/option><option value=\"26 - Dr\u00f4me\">26 - Dr\u00f4me<\/option><option value=\"27 - Eure\">27 - Eure<\/option><option value=\"28 - Eure-et-Loir\">28 - Eure-et-Loir<\/option><option value=\"29 - Finist\u00e8re\">29 - Finist\u00e8re<\/option><option value=\"30 - Gard\">30 - Gard<\/option><option value=\"31 - Haute-Garonne\">31 - Haute-Garonne<\/option><option value=\"32 - Gers\">32 - Gers<\/option><option value=\"33 - Gironde\">33 - Gironde<\/option><option value=\"34 - H\u00e9rault\">34 - H\u00e9rault<\/option><option value=\"35 - Ille-et-Vilaine\">35 - Ille-et-Vilaine<\/option><option value=\"36 - Indre\">36 - Indre<\/option><option value=\"37 - Indre-et-Loire\">37 - Indre-et-Loire<\/option><option value=\"38 - Is\u00e8re\">38 - Is\u00e8re<\/option><option value=\"39 - Jura\">39 - Jura<\/option><option value=\"40 - Landes\">40 - Landes<\/option><option value=\"41 - Loir-et-Cher\">41 - Loir-et-Cher<\/option><option value=\"42 - Loire\">42 - Loire<\/option><option value=\"43 - Haute-Loire\">43 - Haute-Loire<\/option><option value=\"44 - Loire-Atlantique\">44 - Loire-Atlantique<\/option><option value=\"45 - Loiret\">45 - Loiret<\/option><option value=\"46 - Lot\">46 - Lot<\/option><option value=\"47 - Lot-et-Garonne\">47 - Lot-et-Garonne<\/option><option value=\"48 - Loz\u00e8re\">48 - Loz\u00e8re<\/option><option value=\"49 - Maine-et-Loire\">49 - Maine-et-Loire<\/option><option value=\"50 - Manche\">50 - Manche<\/option><option value=\"51 - Marne\">51 - Marne<\/option><option value=\"52 - Haute-Marne\">52 - Haute-Marne<\/option><option value=\"53 - Mayenne\">53 - Mayenne<\/option><option value=\"54 - Meurthe-et-Moselle\">54 - Meurthe-et-Moselle<\/option><option value=\"55 - Meuse\">55 - Meuse<\/option><option value=\"56 - Morbihan\">56 - Morbihan<\/option><option value=\"57 - Moselle\">57 - Moselle<\/option><option value=\"58 - Ni\u00e8vre\">58 - Ni\u00e8vre<\/option><option value=\"59 - Nord\">59 - Nord<\/option><option value=\"60 - Oise\">60 - Oise<\/option><option value=\"61 - Orne\">61 - Orne<\/option><option value=\"62 - Pas-de-Calais\">62 - Pas-de-Calais<\/option><option value=\"63 - Puy-de-D\u00f4me\">63 - Puy-de-D\u00f4me<\/option><option value=\"64 - Pyr\u00e9n\u00e9es-Atlantiques\">64 - Pyr\u00e9n\u00e9es-Atlantiques<\/option><option value=\"65 - Hautes-Pyr\u00e9n\u00e9es\">65 - Hautes-Pyr\u00e9n\u00e9es<\/option><option value=\"66 - Pyr\u00e9n\u00e9es-Orientales\">66 - Pyr\u00e9n\u00e9es-Orientales<\/option><option value=\"67 - Bas-Rhin\">67 - Bas-Rhin<\/option><option value=\"68 - Haut-Rhin\">68 - Haut-Rhin<\/option><option value=\"69 - Rh\u00f4ne\">69 - Rh\u00f4ne<\/option><option value=\"70 - Haute-Sa\u00f4ne\">70 - Haute-Sa\u00f4ne<\/option><option value=\"71 - Sa\u00f4ne-et-Loire\">71 - Sa\u00f4ne-et-Loire<\/option><option value=\"72 - Sarthe\">72 - Sarthe<\/option><option value=\"73 - Savoie\">73 - Savoie<\/option><option value=\"74 - Haute-Savoie\">74 - Haute-Savoie<\/option><option value=\"75 - Paris\">75 - Paris<\/option><option value=\"76 - Seine-Maritime\">76 - Seine-Maritime<\/option><option value=\"77 - Seine-et-Marne\">77 - Seine-et-Marne<\/option><option value=\"78 - Yvelines\">78 - Yvelines<\/option><option value=\"79 - Deux-S\u00e8vres\">79 - Deux-S\u00e8vres<\/option><option value=\"80 - Somme\">80 - Somme<\/option><option value=\"81 - Tarn\">81 - Tarn<\/option><option value=\"82 - Tarn-et-Garonne\">82 - Tarn-et-Garonne<\/option><option value=\"83 - Var\">83 - Var<\/option><option value=\"84 - Vaucluse\">84 - Vaucluse<\/option><option value=\"85 - Vend\u00e9e\">85 - Vend\u00e9e<\/option><option value=\"86 - Vienne\">86 - Vienne<\/option><option value=\"87 - Haute-Vienne\">87 - Haute-Vienne<\/option><option value=\"88 - Vosges\">88 - Vosges<\/option><option value=\"89 - Yonne\">89 - Yonne<\/option><option value=\"90 - Territoire de Belfort\">90 - Territoire de Belfort<\/option><option value=\"91 - Essonne\">91 - Essonne<\/option><option value=\"92 - Hauts-de-Seine\">92 - Hauts-de-Seine<\/option><option value=\"93 - Seine-Saint-Denis\">93 - Seine-Saint-Denis<\/option><option value=\"94 - Val-de-Marne\">94 - Val-de-Marne<\/option><option value=\"95 - Val-d&#039;Oise\">95 - Val-d&#039;Oise<\/option><option value=\"971 - Guadeloupe\">971 - Guadeloupe<\/option><option value=\"972 - Martinique\">972 - Martinique<\/option><option value=\"973 - Guyane\">973 - Guyane<\/option><option value=\"974 - La R\u00e9union\">974 - La R\u00e9union<\/option><option value=\"976 - Mayotte\">976 - Mayotte<\/option><\/select><\/span><br \/>\n<\/label>\n\t<\/p>\n<\/div>\n<p><label> Land der Arbeit <span class=\"mandatory\">*<\/span><br \/>\n<span class=\"wpcf7-form-control-wrap\" data-name=\"frge-country-work\"><select class=\"wpcf7-form-control wpcf7-select wpcf7-validates-as-required\" aria-required=\"true\" aria-invalid=\"false\" name=\"frge-country-work\"><option value=\"\">&#8211; Bitte ausw\u00e4hlen &#8211;<\/option><option value=\"Deutschland\">Deutschland<\/option><option value=\"Belgien\">Belgien<\/option><option value=\"Frankreich\">Frankreich<\/option><option value=\"Luxemburg\">Luxemburg<\/option><option value=\"Schweiz\">Schweiz<\/option><\/select><\/span><br \/>\n<\/label><br \/>\n<label> Ihre Nachricht <span class=\"mandatory\">*<\/span><br \/>\n<span class=\"wpcf7-form-control-wrap\" data-name=\"frge-message\"><textarea cols=\"40\" rows=\"10\" maxlength=\"2000\" class=\"wpcf7-form-control wpcf7-textarea wpcf7-validates-as-required\" aria-required=\"true\" aria-invalid=\"false\" name=\"frge-message\"><\/textarea><\/span><br \/>\n<\/label><br \/>\n<label>Wie viel ist 1 + 2? <span class=\"mandatory\">*<\/span><span class=\"wpcf7-form-control-wrap\" data-name=\"math-quiz\"><label><span class=\"wpcf7-quiz-label\"><\/span> <input size=\"40\" class=\"wpcf7-form-control wpcf7-quiz\" autocomplete=\"off\" aria-required=\"true\" aria-invalid=\"false\" type=\"text\" name=\"math-quiz\" \/><\/label><input type=\"hidden\" name=\"_wpcf7_quiz_answer_math-quiz\" value=\"bdecdb01dbc801713a3d4fb2e9d8e0ad\" \/><\/span><\/label><br \/>\n<span class=\"wpcf7-form-control-wrap\" data-name=\"hcap-cf7\">\t\t<input\n\t\t\t\ttype=\"hidden\"\n\t\t\t\tclass=\"hcaptcha-widget-id\"\n\t\t\t\tname=\"hcaptcha-widget-id\"\n\t\t\t\tvalue=\"eyJzb3VyY2UiOlsiY29udGFjdC1mb3JtLTdcL3dwLWNvbnRhY3QtZm9ybS03LnBocCJdLCJmb3JtX2lkIjozNDM0Nn0=-bdf2a6a0e627802771df3edff321af7d\">\n\t\t\t\t<span id=\"hcap_cf7-69e497dccd7a94.75189514\" class=\"wpcf7-form-control h-captcha \"\n\t\t\tdata-sitekey=\"37fec004-5942-4a32-803c-4564b86ec83c\"\n\t\t\tdata-theme=\"light\"\n\t\t\tdata-size=\"normal\"\n\t\t\tdata-auto=\"false\"\n\t\t\tdata-ajax=\"false\"\n\t\t\tdata-force=\"true\">\n\t\t<\/span>\n\t\t<input type=\"hidden\" id=\"_wpnonce\" name=\"_wpnonce\" value=\"af08fbf9d5\" \/><input type=\"hidden\" name=\"_wp_http_referer\" value=\"\/de\/wp-json\/wp\/v2\/pages\/6968\" \/><\/span>\n<\/p>\n<p class=\"frge-hcaptcha\">Wenn das Captcha nicht richtig angezeigt wird, aktivieren Sie bitte Cookies, indem Sie auf diesen <a href=\"#cookies\" class=\"frge-cookies-link\">Link<\/a> klicken.\n<\/p>\n<p><span class=\"mandatory-warning-text\">Die mit einem <span class=\"mandatory\">*<\/span> gekennzeichneten Felder sind Pflichtfelder.<\/span><br \/>\n<span class=\"wpcf7-form-control-wrap\" data-name=\"privacy-policy\"><span class=\"wpcf7-form-control wpcf7-acceptance\"><span class=\"wpcf7-list-item\"><label><input type=\"checkbox\" name=\"privacy-policy\" value=\"1\" aria-invalid=\"false\" \/><span class=\"wpcf7-list-item-label\">Bitte klicken Sie auf <a href=\"https:\/\/frontaliers-grandest.eu\/protection-des-donnees-personnelles\/\" target=\"_blank\">diesen Link<\/a>, um unsere Datenschutzbestimmungen zur Kenntnis zu nehmen und zu akzeptieren.<\/span><\/label><\/span><\/span><\/span><br \/>\n<button type=\"submit\" class=\"submit-btn\">Sender<\/button>\n<\/p><div class=\"wpcf7-response-output\" aria-hidden=\"true\"><\/div>\n<\/form>\n<\/div>\n<\/div>\n","protected":false},"excerpt":{"rendered":"<p>Kontaktformular Das Team von Frontaliers Grand Est unterst\u00fctzt Sie kostenlos bei allen Fragen \u00fcber die Grenzarbeit (Lebensbedingungen, Transport, etc. ). Bitte senden Sie uns vor jedem telefonischen Kontakt eine Pr\u00e4sentation Ihrer Situation per E-Mail, um eine vollst\u00e4ndige und personalisierte Untersuchung Ihrer Anfrage zu gew\u00e4hrleisten. Wir werden versuchen, Ihnen innerhalb einer Woche zu antworten. Unsere Juristen [&hellip;]<\/p>\n","protected":false},"author":7,"featured_media":0,"parent":35922,"menu_order":0,"comment_status":"closed","ping_status":"closed","template":"page-without-question.php","meta":{"inline_featured_image":false,"footnotes":""},"tags":[],"frge_profile":[],"class_list":["post-6968","page","type-page","status-publish","hentry"],"yoast_head":"<!-- This site is optimized with the Yoast SEO plugin v27.1.1 - https:\/\/yoast.com\/product\/yoast-seo-wordpress\/ -->\n<title>Kontakt - Frontaliers Grand Est Metz<\/title>\n<meta name=\"description\" content=\"Das Team von Frontaliers Grand Est unterst\u00fctzt Sie kostenlos bei allen Fragen \u00fcber die Grenzarbeit (Lebensbedingungen, Transport, etc. ).\" \/>\n<meta name=\"robots\" content=\"index, follow, max-snippet:-1, max-image-preview:large, max-video-preview:-1\" \/>\n<link rel=\"canonical\" href=\"https:\/\/frontaliers-grandest.eu\/de\/ueber-frontaliers-grand-est\/contact\/\" \/>\n<meta property=\"og:locale\" content=\"de_DE\" \/>\n<meta property=\"og:type\" content=\"article\" \/>\n<meta property=\"og:title\" content=\"Kontakt - Frontaliers Grand Est Metz\" \/>\n<meta property=\"og:description\" content=\"Das Team von Frontaliers Grand Est unterst\u00fctzt Sie kostenlos bei allen Fragen \u00fcber die Grenzarbeit (Lebensbedingungen, Transport, etc. ).\" \/>\n<meta property=\"og:url\" content=\"https:\/\/frontaliers-grandest.eu\/de\/ueber-frontaliers-grand-est\/contact\/\" \/>\n<meta property=\"og:site_name\" content=\"Frontaliers Grand Est\" \/>\n<meta property=\"article:publisher\" content=\"https:\/\/www.facebook.com\/frontaliers.GR.EST\/?locale=fr_FR\" \/>\n<meta property=\"article:modified_time\" content=\"2026-01-08T08:42:41+00:00\" \/>\n<meta name=\"twitter:card\" content=\"summary_large_image\" \/>\n<meta name=\"twitter:label1\" content=\"Gesch\u00e4tzte Lesezeit\" \/>\n\t<meta name=\"twitter:data1\" content=\"1\u00a0Minute\" \/>\n<script type=\"application\/ld+json\" class=\"yoast-schema-graph\">{\"@context\":\"https:\/\/schema.org\",\"@graph\":[{\"@type\":\"WebPage\",\"@id\":\"https:\/\/frontaliers-grandest.eu\/de\/ueber-frontaliers-grand-est\/contact\/\",\"url\":\"https:\/\/frontaliers-grandest.eu\/de\/ueber-frontaliers-grand-est\/contact\/\",\"name\":\"Kontakt - Frontaliers Grand Est Metz\",\"isPartOf\":{\"@id\":\"https:\/\/frontaliers-grandest.eu\/de\/#website\"},\"datePublished\":\"2021-01-13T14:04:32+00:00\",\"dateModified\":\"2026-01-08T08:42:41+00:00\",\"description\":\"Das Team von Frontaliers Grand Est unterst\u00fctzt Sie kostenlos bei allen Fragen \u00fcber die Grenzarbeit (Lebensbedingungen, Transport, etc. ).\",\"breadcrumb\":{\"@id\":\"https:\/\/frontaliers-grandest.eu\/de\/ueber-frontaliers-grand-est\/contact\/#breadcrumb\"},\"inLanguage\":\"de\",\"potentialAction\":[{\"@type\":\"ReadAction\",\"target\":[\"https:\/\/frontaliers-grandest.eu\/de\/ueber-frontaliers-grand-est\/contact\/\"]}]},{\"@type\":\"BreadcrumbList\",\"@id\":\"https:\/\/frontaliers-grandest.eu\/de\/ueber-frontaliers-grand-est\/contact\/#breadcrumb\",\"itemListElement\":[{\"@type\":\"ListItem\",\"position\":1,\"name\":\"\u00dcber Frontaliers Grand Est\",\"item\":\"https:\/\/frontaliers-grandest.eu\/de\/ueber-frontaliers-grand-est\/\"},{\"@type\":\"ListItem\",\"position\":2,\"name\":\"Kontakt\"}]},{\"@type\":\"WebSite\",\"@id\":\"https:\/\/frontaliers-grandest.eu\/de\/#website\",\"url\":\"https:\/\/frontaliers-grandest.eu\/de\/\",\"name\":\"Frontaliers Grand Est\",\"description\":\"Le site ressource du travail frontalier\",\"publisher\":{\"@id\":\"https:\/\/frontaliers-grandest.eu\/de\/#organization\"},\"alternateName\":\"Frontaliers Grand Est\",\"potentialAction\":[{\"@type\":\"SearchAction\",\"target\":{\"@type\":\"EntryPoint\",\"urlTemplate\":\"https:\/\/frontaliers-grandest.eu\/de\/?s={search_term_string}\"},\"query-input\":{\"@type\":\"PropertyValueSpecification\",\"valueRequired\":true,\"valueName\":\"search_term_string\"}}],\"inLanguage\":\"de\"},{\"@type\":\"Organization\",\"@id\":\"https:\/\/frontaliers-grandest.eu\/de\/#organization\",\"name\":\"Frontaliers Grand Est\",\"alternateName\":\"Frontaliers Grand Est\",\"url\":\"https:\/\/frontaliers-grandest.eu\/de\/\",\"logo\":{\"@type\":\"ImageObject\",\"inLanguage\":\"de\",\"@id\":\"https:\/\/frontaliers-grandest.eu\/de\/#\/schema\/logo\/image\/\",\"url\":\"https:\/\/frontaliers-grandest.eu\/wp-content\/uploads\/2025\/07\/260328234_2966785176920310_3332838526503858160_n.jpg\",\"contentUrl\":\"https:\/\/frontaliers-grandest.eu\/wp-content\/uploads\/2025\/07\/260328234_2966785176920310_3332838526503858160_n.jpg\",\"width\":396,\"height\":396,\"caption\":\"Frontaliers Grand Est\"},\"image\":{\"@id\":\"https:\/\/frontaliers-grandest.eu\/de\/#\/schema\/logo\/image\/\"},\"sameAs\":[\"https:\/\/www.facebook.com\/frontaliers.GR.EST\/?locale=fr_FR\"]}]}<\/script>\n<!-- \/ Yoast SEO plugin. -->","yoast_head_json":{"title":"Kontakt - Frontaliers Grand Est Metz","description":"Das Team von Frontaliers Grand Est unterst\u00fctzt Sie kostenlos bei allen Fragen \u00fcber die Grenzarbeit (Lebensbedingungen, Transport, etc. ).","robots":{"index":"index","follow":"follow","max-snippet":"max-snippet:-1","max-image-preview":"max-image-preview:large","max-video-preview":"max-video-preview:-1"},"canonical":"https:\/\/frontaliers-grandest.eu\/de\/ueber-frontaliers-grand-est\/contact\/","og_locale":"de_DE","og_type":"article","og_title":"Kontakt - Frontaliers Grand Est Metz","og_description":"Das Team von Frontaliers Grand Est unterst\u00fctzt Sie kostenlos bei allen Fragen \u00fcber die Grenzarbeit (Lebensbedingungen, Transport, etc. ).","og_url":"https:\/\/frontaliers-grandest.eu\/de\/ueber-frontaliers-grand-est\/contact\/","og_site_name":"Frontaliers Grand Est","article_publisher":"https:\/\/www.facebook.com\/frontaliers.GR.EST\/?locale=fr_FR","article_modified_time":"2026-01-08T08:42:41+00:00","twitter_card":"summary_large_image","twitter_misc":{"Gesch\u00e4tzte Lesezeit":"1\u00a0Minute"},"schema":{"@context":"https:\/\/schema.org","@graph":[{"@type":"WebPage","@id":"https:\/\/frontaliers-grandest.eu\/de\/ueber-frontaliers-grand-est\/contact\/","url":"https:\/\/frontaliers-grandest.eu\/de\/ueber-frontaliers-grand-est\/contact\/","name":"Kontakt - Frontaliers Grand Est Metz","isPartOf":{"@id":"https:\/\/frontaliers-grandest.eu\/de\/#website"},"datePublished":"2021-01-13T14:04:32+00:00","dateModified":"2026-01-08T08:42:41+00:00","description":"Das Team von Frontaliers Grand Est unterst\u00fctzt Sie kostenlos bei allen Fragen \u00fcber die Grenzarbeit (Lebensbedingungen, Transport, etc. ).","breadcrumb":{"@id":"https:\/\/frontaliers-grandest.eu\/de\/ueber-frontaliers-grand-est\/contact\/#breadcrumb"},"inLanguage":"de","potentialAction":[{"@type":"ReadAction","target":["https:\/\/frontaliers-grandest.eu\/de\/ueber-frontaliers-grand-est\/contact\/"]}]},{"@type":"BreadcrumbList","@id":"https:\/\/frontaliers-grandest.eu\/de\/ueber-frontaliers-grand-est\/contact\/#breadcrumb","itemListElement":[{"@type":"ListItem","position":1,"name":"\u00dcber Frontaliers Grand Est","item":"https:\/\/frontaliers-grandest.eu\/de\/ueber-frontaliers-grand-est\/"},{"@type":"ListItem","position":2,"name":"Kontakt"}]},{"@type":"WebSite","@id":"https:\/\/frontaliers-grandest.eu\/de\/#website","url":"https:\/\/frontaliers-grandest.eu\/de\/","name":"Frontaliers Grand Est","description":"Le site ressource du travail frontalier","publisher":{"@id":"https:\/\/frontaliers-grandest.eu\/de\/#organization"},"alternateName":"Frontaliers Grand Est","potentialAction":[{"@type":"SearchAction","target":{"@type":"EntryPoint","urlTemplate":"https:\/\/frontaliers-grandest.eu\/de\/?s={search_term_string}"},"query-input":{"@type":"PropertyValueSpecification","valueRequired":true,"valueName":"search_term_string"}}],"inLanguage":"de"},{"@type":"Organization","@id":"https:\/\/frontaliers-grandest.eu\/de\/#organization","name":"Frontaliers Grand Est","alternateName":"Frontaliers Grand Est","url":"https:\/\/frontaliers-grandest.eu\/de\/","logo":{"@type":"ImageObject","inLanguage":"de","@id":"https:\/\/frontaliers-grandest.eu\/de\/#\/schema\/logo\/image\/","url":"https:\/\/frontaliers-grandest.eu\/wp-content\/uploads\/2025\/07\/260328234_2966785176920310_3332838526503858160_n.jpg","contentUrl":"https:\/\/frontaliers-grandest.eu\/wp-content\/uploads\/2025\/07\/260328234_2966785176920310_3332838526503858160_n.jpg","width":396,"height":396,"caption":"Frontaliers Grand Est"},"image":{"@id":"https:\/\/frontaliers-grandest.eu\/de\/#\/schema\/logo\/image\/"},"sameAs":["https:\/\/www.facebook.com\/frontaliers.GR.EST\/?locale=fr_FR"]}]}},"frge_page_order":"0","_links":{"self":[{"href":"https:\/\/frontaliers-grandest.eu\/de\/wp-json\/wp\/v2\/pages\/6968","targetHints":{"allow":["GET"]}}],"collection":[{"href":"https:\/\/frontaliers-grandest.eu\/de\/wp-json\/wp\/v2\/pages"}],"about":[{"href":"https:\/\/frontaliers-grandest.eu\/de\/wp-json\/wp\/v2\/types\/page"}],"author":[{"embeddable":true,"href":"https:\/\/frontaliers-grandest.eu\/de\/wp-json\/wp\/v2\/users\/7"}],"replies":[{"embeddable":true,"href":"https:\/\/frontaliers-grandest.eu\/de\/wp-json\/wp\/v2\/comments?post=6968"}],"version-history":[{"count":60,"href":"https:\/\/frontaliers-grandest.eu\/de\/wp-json\/wp\/v2\/pages\/6968\/revisions"}],"predecessor-version":[{"id":56310,"href":"https:\/\/frontaliers-grandest.eu\/de\/wp-json\/wp\/v2\/pages\/6968\/revisions\/56310"}],"up":[{"embeddable":true,"href":"https:\/\/frontaliers-grandest.eu\/de\/wp-json\/wp\/v2\/pages\/35922"}],"wp:attachment":[{"href":"https:\/\/frontaliers-grandest.eu\/de\/wp-json\/wp\/v2\/media?parent=6968"}],"wp:term":[{"taxonomy":"post_tag","embeddable":true,"href":"https:\/\/frontaliers-grandest.eu\/de\/wp-json\/wp\/v2\/tags?post=6968"},{"taxonomy":"frge_profile","embeddable":true,"href":"https:\/\/frontaliers-grandest.eu\/de\/wp-json\/wp\/v2\/frge_profile?post=6968"}],"curies":[{"name":"wp","href":"https:\/\/api.w.org\/{rel}","templated":true}]}}