{"id":6962,"date":"2021-04-29T14:52:58","date_gmt":"2021-04-29T12:52:58","guid":{"rendered":"https:\/\/frontaliers-grandest.eu\/?page_id=6962"},"modified":"2021-05-04T12:07:49","modified_gmt":"2021-05-04T10:07:49","slug":"welche-sprachen-fur-welche-branche","status":"publish","type":"page","link":"https:\/\/frontaliers-grandest.eu\/de\/startseite\/fremdsprachen-lernen\/der-sprachengebrauch-in-unternehmen\/in-frankreich\/der-sprachengebrauch-in-unternehmen-in-frankreich\/welche-sprachen-fur-welche-branche\/","title":{"rendered":"Welche Sprachen f\u00fcr welche Branche?"},"content":{"rendered":"\n<h4 class=\"wp-block-heading\"><strong>Franz\u00f6sisch<\/strong><\/h4>\n\n\n\n<p>Arbeitssprache in Frankreich. Jeder Bewerber muss also \u00fcber Franz\u00f6sischkenntnisse verf\u00fcgen, um in Frankreich in Besch\u00e4ftigung zu kommen \u2013 auch in einem ausl\u00e4ndischen Unternehmen.<\/p>\n\n\n\n<h4 class=\"wp-block-heading\"><strong>Englisch<\/strong><\/h4>\n\n\n\n<p>Englischkenntnisse werden f\u00fcr Stellen verlangt, bei denen internationale Beziehungen bestehen. Bei einigen Stellen gen\u00fcgen gute fachsprachliche Kenntnisse. F\u00fcr andere ist es unerl\u00e4sslich, die Sprache \u201eflie\u00dfend\u201c bzw. auf \u201ezweisprachigem Niveau\u201c zu beherrschen.<\/p>\n\n\n\n<ul class=\"wp-block-list\"><li><strong>Branchen<\/strong><br>Industrie (Bouygues Construction in Saint-Quentin-en-Yvelines, Renault-Nissan in Boulogne-Billancourt), Marketing (Axa Frankreich, Unilever Frankreich), Handel (Safran), Kommunikation, Verwaltungsf\u00fchrung, Tourismus und Hotellerie (Nouvelles Fronti\u00e8res, Club M\u00e9d, Disneyland Paris), IT (Murex, Dailymotion, Microsoft Frankreich).<\/li><li><strong>Art der Stellen<\/strong><br>Kundenbetreuer f\u00fcr internationale Kunden, Projektleiter f\u00fcr internationale Projekte, Controller f\u00fcr internationales Controlling, Reisevermittler, Kursleiter, Gesch\u00e4ftsf\u00fchrer von Agenturen, internationale Berater f\u00fcr Finanzsoftware, Kundenberater.<\/li><\/ul>\n\n\n\n<h4 class=\"wp-block-heading\"><strong>Deutsch<\/strong><\/h4>\n\n\n\n<p>Frankreich ist Deutschlands wichtigster Wirtschaftspartner. Der Umfang der Exporte zwischen den beiden L\u00e4ndern&nbsp;<strong>hat in den vergangenen zehn Jahren stark zugenommen<\/strong>.&nbsp;Viele deutsche KMU mit einem oder mehreren Standorten in Frankreich suchen zweisprachige Mitarbeiter, die als Bindeglied zwischen der Niederlassung in Frankreich und der Muttergesellschaft in Deutschland fungieren k\u00f6nnen.<\/p>\n\n\n\n<ul class=\"wp-block-list\"><li><strong>Branchen<\/strong><br>Industrie (SMART Frankreich in Hambach, ThyssenKrupp Presta France in Florange, Elys\u00e9es Cosm\u00e9tiques in Forbach), Handel (Amazon in Forbach), Dienstleistungen (Altran Est in Metz, Stra\u00dfburg und Belfort).<\/li><li><strong>Art der Stellen<\/strong><br>Au\u00dfendienstmitarbeiter, Kundendienstbeauftragte, kaufm\u00e4nnisch-technische Berater.<\/li><li><strong>Sonstige Stellen, die angeboten werden<\/strong><br>Ingenieure, zweisprachige Buchhalter, Finanzspezialisten, Assistenten der Gesch\u00e4ftsleitung.<br>Deutschkenntnisse sind nicht immer unverzichtbar, um f\u00fcr einen der gro\u00dfen deutschen Konzerne zu arbeiten (Mercedes, Bosch, BMW, Lufthansa), da hier h\u00e4ufig auch Englisch verwendet wird. Allerdings er\u00f6ffnen Deutschkenntnisse die M\u00f6glichkeit, Zugang zu den interessantesten Stellen mit den umfangreichsten Zust\u00e4ndigkeiten zu erhalten.<\/li><\/ul>\n\n\n\n<h4 class=\"wp-block-heading\"><strong>Italienisch<\/strong><\/h4>\n\n\n\n<p>Italien ist Frankreichs zweitwichtigster Wirtschaftspartner. F\u00fcr franz\u00f6sische Studierende er\u00f6ffnen Italienischkenntnisse die M\u00f6glichkeit, an angesehenen Hochschulen in Italien zu studieren, zum Beispiel in Studieng\u00e4ngen f\u00fcr Design, Verlagswesen, Inneneinrichtung und die Restaurierung von Kunst. Zahlreiche italienische Unternehmen (aus der Automobilindustrie, der Gastronomie und dem Finanzsektor) haben einen oder mehrere Standorte in Frankreich.<\/p>\n\n\n\n<ul class=\"wp-block-list\"><li><strong>Branchen<\/strong><br>Industrie (Comau Frankreich in Trappes, Bianchi Frankreich in Kingersheim), Lebensmittel (Ferrero Frankreich in Mont-Saint-Aignan, Barilla Frankreich in Paris), Mode (Prada Retail Frankreich in Paris, Giorgio Armani Frankreich in Paris).<\/li><li><strong>Arten der Stellen<\/strong><br>Assistenten im Verkaufsmanagement f\u00fcr den italienischen Markt, Beauftragte f\u00fcr das Online-Marketing, Callcenter-Berater, kaufm\u00e4nnisch-technische Berater, Eink\u00e4ufer im E-Commerce, Buchhalter f\u00fcr italienische Niederlassungen.<\/li><\/ul>\n\n\n\n<h4 class=\"wp-block-heading\"><strong>Spanisch<\/strong><\/h4>\n\n\n\n<p>Bei den franz\u00f6sischen Exporten ist Spanien der viertgr\u00f6\u00dfte Handelspartner Frankreichs. Der Umfang des Handels zwischen Frankreich und Spanien und den hispanoamerikanischen L\u00e4ndern nimmt stetig zu.<\/p>\n\n\n\n<ul class=\"wp-block-list\"><li><strong>Branchen<\/strong><br>Industrie (Unternehmensgruppe Gestamp-Noury in Gretz-Armainvilliers, Festina Frankreich in Besan\u00e7on), Mode (Desigual-INTS Frankreich in Serris, Zara Frankreich in Paris), Hotellerie (Hotelgruppe Sol Melia Frankreich in Paris).<\/li><li><strong>Art der Stellen<\/strong><br>Kaufm\u00e4nnische Assistenten f\u00fcr die Beziehungen zu Kunden in Spanien, Gebietsverkaufsleiter, Logistikleiter.<\/li><\/ul>\n","protected":false},"excerpt":{"rendered":"<p>Franz\u00f6sisch Arbeitssprache in Frankreich. Jeder Bewerber muss also \u00fcber Franz\u00f6sischkenntnisse verf\u00fcgen, um in Frankreich in Besch\u00e4ftigung zu kommen \u2013 auch in einem ausl\u00e4ndischen Unternehmen. Englisch Englischkenntnisse werden f\u00fcr Stellen verlangt, bei denen internationale Beziehungen bestehen. Bei einigen Stellen gen\u00fcgen gute fachsprachliche Kenntnisse. F\u00fcr andere ist es unerl\u00e4sslich, die Sprache \u201eflie\u00dfend\u201c bzw. auf \u201ezweisprachigem Niveau\u201c zu [&hellip;]<\/p>\n","protected":false},"author":7,"featured_media":0,"parent":6958,"menu_order":1,"comment_status":"closed","ping_status":"closed","template":"","meta":{"inline_featured_image":false,"footnotes":""},"tags":[],"frge_profile":[],"class_list":["post-6962","page","type-page","status-publish","hentry"],"yoast_head":"<!-- This site is optimized with the Yoast SEO plugin v27.1.1 - https:\/\/yoast.com\/product\/yoast-seo-wordpress\/ -->\n<title>Welche Sprachen f\u00fcr welche Branche? - Frontaliers Grand Est<\/title>\n<meta name=\"robots\" content=\"index, follow, max-snippet:-1, max-image-preview:large, max-video-preview:-1\" \/>\n<link rel=\"canonical\" href=\"https:\/\/frontaliers-grandest.eu\/de\/startseite\/fremdsprachen-lernen\/der-sprachengebrauch-in-unternehmen\/in-frankreich\/der-sprachengebrauch-in-unternehmen-in-frankreich\/welche-sprachen-fur-welche-branche\/\" \/>\n<meta property=\"og:locale\" content=\"de_DE\" \/>\n<meta property=\"og:type\" content=\"article\" \/>\n<meta property=\"og:title\" content=\"Welche Sprachen f\u00fcr welche Branche? - Frontaliers Grand Est\" \/>\n<meta property=\"og:description\" content=\"Franz\u00f6sisch Arbeitssprache in Frankreich. Jeder Bewerber muss also \u00fcber Franz\u00f6sischkenntnisse verf\u00fcgen, um in Frankreich in Besch\u00e4ftigung zu kommen \u2013 auch in einem ausl\u00e4ndischen Unternehmen. Englisch Englischkenntnisse werden f\u00fcr Stellen verlangt, bei denen internationale Beziehungen bestehen. Bei einigen Stellen gen\u00fcgen gute fachsprachliche Kenntnisse. F\u00fcr andere ist es unerl\u00e4sslich, die Sprache \u201eflie\u00dfend\u201c bzw. auf \u201ezweisprachigem Niveau\u201c zu [&hellip;]\" \/>\n<meta property=\"og:url\" content=\"https:\/\/frontaliers-grandest.eu\/de\/startseite\/fremdsprachen-lernen\/der-sprachengebrauch-in-unternehmen\/in-frankreich\/der-sprachengebrauch-in-unternehmen-in-frankreich\/welche-sprachen-fur-welche-branche\/\" \/>\n<meta property=\"og:site_name\" content=\"Frontaliers Grand Est\" \/>\n<meta property=\"article:publisher\" content=\"https:\/\/www.facebook.com\/frontaliers.GR.EST\/?locale=fr_FR\" \/>\n<meta property=\"article:modified_time\" content=\"2021-05-04T10:07:49+00:00\" \/>\n<meta name=\"twitter:card\" content=\"summary_large_image\" \/>\n<meta name=\"twitter:label1\" content=\"Gesch\u00e4tzte Lesezeit\" \/>\n\t<meta name=\"twitter:data1\" content=\"2\u00a0Minuten\" \/>\n<script type=\"application\/ld+json\" class=\"yoast-schema-graph\">{\"@context\":\"https:\/\/schema.org\",\"@graph\":[{\"@type\":\"WebPage\",\"@id\":\"https:\/\/frontaliers-grandest.eu\/de\/startseite\/fremdsprachen-lernen\/der-sprachengebrauch-in-unternehmen\/in-frankreich\/der-sprachengebrauch-in-unternehmen-in-frankreich\/welche-sprachen-fur-welche-branche\/\",\"url\":\"https:\/\/frontaliers-grandest.eu\/de\/startseite\/fremdsprachen-lernen\/der-sprachengebrauch-in-unternehmen\/in-frankreich\/der-sprachengebrauch-in-unternehmen-in-frankreich\/welche-sprachen-fur-welche-branche\/\",\"name\":\"Welche Sprachen f\u00fcr welche Branche? - Frontaliers Grand Est\",\"isPartOf\":{\"@id\":\"https:\/\/frontaliers-grandest.eu\/de\/#website\"},\"datePublished\":\"2021-04-29T12:52:58+00:00\",\"dateModified\":\"2021-05-04T10:07:49+00:00\",\"breadcrumb\":{\"@id\":\"https:\/\/frontaliers-grandest.eu\/de\/startseite\/fremdsprachen-lernen\/der-sprachengebrauch-in-unternehmen\/in-frankreich\/der-sprachengebrauch-in-unternehmen-in-frankreich\/welche-sprachen-fur-welche-branche\/#breadcrumb\"},\"inLanguage\":\"de\",\"potentialAction\":[{\"@type\":\"ReadAction\",\"target\":[\"https:\/\/frontaliers-grandest.eu\/de\/startseite\/fremdsprachen-lernen\/der-sprachengebrauch-in-unternehmen\/in-frankreich\/der-sprachengebrauch-in-unternehmen-in-frankreich\/welche-sprachen-fur-welche-branche\/\"]}]},{\"@type\":\"BreadcrumbList\",\"@id\":\"https:\/\/frontaliers-grandest.eu\/de\/startseite\/fremdsprachen-lernen\/der-sprachengebrauch-in-unternehmen\/in-frankreich\/der-sprachengebrauch-in-unternehmen-in-frankreich\/welche-sprachen-fur-welche-branche\/#breadcrumb\",\"itemListElement\":[{\"@type\":\"ListItem\",\"position\":1,\"name\":\"Startseite\",\"item\":\"https:\/\/frontaliers-grandest.eu\/de\/\"},{\"@type\":\"ListItem\",\"position\":2,\"name\":\"Fremdsprachen Lernen\",\"item\":\"https:\/\/frontaliers-grandest.eu\/de\/startseite\/fremdsprachen-lernen\/\"},{\"@type\":\"ListItem\",\"position\":3,\"name\":\"Der sprachengebrauch in unternehmen\",\"item\":\"https:\/\/frontaliers-grandest.eu\/de\/startseite\/fremdsprachen-lernen\/der-sprachengebrauch-in-unternehmen\/\"},{\"@type\":\"ListItem\",\"position\":4,\"name\":\"In Frankreich\",\"item\":\"https:\/\/frontaliers-grandest.eu\/de\/startseite\/fremdsprachen-lernen\/der-sprachengebrauch-in-unternehmen\/in-frankreich\/\"},{\"@type\":\"ListItem\",\"position\":5,\"name\":\"Der Sprachengebrauch in Unternehmen in Frankreich\",\"item\":\"https:\/\/frontaliers-grandest.eu\/de\/startseite\/fremdsprachen-lernen\/der-sprachengebrauch-in-unternehmen\/in-frankreich\/der-sprachengebrauch-in-unternehmen-in-frankreich\/\"},{\"@type\":\"ListItem\",\"position\":6,\"name\":\"Welche Sprachen f\u00fcr welche Branche?\"}]},{\"@type\":\"WebSite\",\"@id\":\"https:\/\/frontaliers-grandest.eu\/de\/#website\",\"url\":\"https:\/\/frontaliers-grandest.eu\/de\/\",\"name\":\"Frontaliers Grand Est\",\"description\":\"Le site ressource du travail frontalier\",\"publisher\":{\"@id\":\"https:\/\/frontaliers-grandest.eu\/de\/#organization\"},\"alternateName\":\"Frontaliers Grand Est\",\"potentialAction\":[{\"@type\":\"SearchAction\",\"target\":{\"@type\":\"EntryPoint\",\"urlTemplate\":\"https:\/\/frontaliers-grandest.eu\/de\/?s={search_term_string}\"},\"query-input\":{\"@type\":\"PropertyValueSpecification\",\"valueRequired\":true,\"valueName\":\"search_term_string\"}}],\"inLanguage\":\"de\"},{\"@type\":\"Organization\",\"@id\":\"https:\/\/frontaliers-grandest.eu\/de\/#organization\",\"name\":\"Frontaliers Grand Est\",\"alternateName\":\"Frontaliers Grand Est\",\"url\":\"https:\/\/frontaliers-grandest.eu\/de\/\",\"logo\":{\"@type\":\"ImageObject\",\"inLanguage\":\"de\",\"@id\":\"https:\/\/frontaliers-grandest.eu\/de\/#\/schema\/logo\/image\/\",\"url\":\"https:\/\/frontaliers-grandest.eu\/wp-content\/uploads\/2025\/07\/260328234_2966785176920310_3332838526503858160_n.jpg\",\"contentUrl\":\"https:\/\/frontaliers-grandest.eu\/wp-content\/uploads\/2025\/07\/260328234_2966785176920310_3332838526503858160_n.jpg\",\"width\":396,\"height\":396,\"caption\":\"Frontaliers Grand Est\"},\"image\":{\"@id\":\"https:\/\/frontaliers-grandest.eu\/de\/#\/schema\/logo\/image\/\"},\"sameAs\":[\"https:\/\/www.facebook.com\/frontaliers.GR.EST\/?locale=fr_FR\"]}]}<\/script>\n<!-- \/ Yoast SEO plugin. -->","yoast_head_json":{"title":"Welche Sprachen f\u00fcr welche Branche? - Frontaliers Grand Est","robots":{"index":"index","follow":"follow","max-snippet":"max-snippet:-1","max-image-preview":"max-image-preview:large","max-video-preview":"max-video-preview:-1"},"canonical":"https:\/\/frontaliers-grandest.eu\/de\/startseite\/fremdsprachen-lernen\/der-sprachengebrauch-in-unternehmen\/in-frankreich\/der-sprachengebrauch-in-unternehmen-in-frankreich\/welche-sprachen-fur-welche-branche\/","og_locale":"de_DE","og_type":"article","og_title":"Welche Sprachen f\u00fcr welche Branche? - Frontaliers Grand Est","og_description":"Franz\u00f6sisch Arbeitssprache in Frankreich. Jeder Bewerber muss also \u00fcber Franz\u00f6sischkenntnisse verf\u00fcgen, um in Frankreich in Besch\u00e4ftigung zu kommen \u2013 auch in einem ausl\u00e4ndischen Unternehmen. Englisch Englischkenntnisse werden f\u00fcr Stellen verlangt, bei denen internationale Beziehungen bestehen. Bei einigen Stellen gen\u00fcgen gute fachsprachliche Kenntnisse. F\u00fcr andere ist es unerl\u00e4sslich, die Sprache \u201eflie\u00dfend\u201c bzw. auf \u201ezweisprachigem Niveau\u201c zu [&hellip;]","og_url":"https:\/\/frontaliers-grandest.eu\/de\/startseite\/fremdsprachen-lernen\/der-sprachengebrauch-in-unternehmen\/in-frankreich\/der-sprachengebrauch-in-unternehmen-in-frankreich\/welche-sprachen-fur-welche-branche\/","og_site_name":"Frontaliers Grand Est","article_publisher":"https:\/\/www.facebook.com\/frontaliers.GR.EST\/?locale=fr_FR","article_modified_time":"2021-05-04T10:07:49+00:00","twitter_card":"summary_large_image","twitter_misc":{"Gesch\u00e4tzte Lesezeit":"2\u00a0Minuten"},"schema":{"@context":"https:\/\/schema.org","@graph":[{"@type":"WebPage","@id":"https:\/\/frontaliers-grandest.eu\/de\/startseite\/fremdsprachen-lernen\/der-sprachengebrauch-in-unternehmen\/in-frankreich\/der-sprachengebrauch-in-unternehmen-in-frankreich\/welche-sprachen-fur-welche-branche\/","url":"https:\/\/frontaliers-grandest.eu\/de\/startseite\/fremdsprachen-lernen\/der-sprachengebrauch-in-unternehmen\/in-frankreich\/der-sprachengebrauch-in-unternehmen-in-frankreich\/welche-sprachen-fur-welche-branche\/","name":"Welche Sprachen f\u00fcr welche Branche? - Frontaliers Grand Est","isPartOf":{"@id":"https:\/\/frontaliers-grandest.eu\/de\/#website"},"datePublished":"2021-04-29T12:52:58+00:00","dateModified":"2021-05-04T10:07:49+00:00","breadcrumb":{"@id":"https:\/\/frontaliers-grandest.eu\/de\/startseite\/fremdsprachen-lernen\/der-sprachengebrauch-in-unternehmen\/in-frankreich\/der-sprachengebrauch-in-unternehmen-in-frankreich\/welche-sprachen-fur-welche-branche\/#breadcrumb"},"inLanguage":"de","potentialAction":[{"@type":"ReadAction","target":["https:\/\/frontaliers-grandest.eu\/de\/startseite\/fremdsprachen-lernen\/der-sprachengebrauch-in-unternehmen\/in-frankreich\/der-sprachengebrauch-in-unternehmen-in-frankreich\/welche-sprachen-fur-welche-branche\/"]}]},{"@type":"BreadcrumbList","@id":"https:\/\/frontaliers-grandest.eu\/de\/startseite\/fremdsprachen-lernen\/der-sprachengebrauch-in-unternehmen\/in-frankreich\/der-sprachengebrauch-in-unternehmen-in-frankreich\/welche-sprachen-fur-welche-branche\/#breadcrumb","itemListElement":[{"@type":"ListItem","position":1,"name":"Startseite","item":"https:\/\/frontaliers-grandest.eu\/de\/"},{"@type":"ListItem","position":2,"name":"Fremdsprachen Lernen","item":"https:\/\/frontaliers-grandest.eu\/de\/startseite\/fremdsprachen-lernen\/"},{"@type":"ListItem","position":3,"name":"Der sprachengebrauch in unternehmen","item":"https:\/\/frontaliers-grandest.eu\/de\/startseite\/fremdsprachen-lernen\/der-sprachengebrauch-in-unternehmen\/"},{"@type":"ListItem","position":4,"name":"In Frankreich","item":"https:\/\/frontaliers-grandest.eu\/de\/startseite\/fremdsprachen-lernen\/der-sprachengebrauch-in-unternehmen\/in-frankreich\/"},{"@type":"ListItem","position":5,"name":"Der Sprachengebrauch in Unternehmen in Frankreich","item":"https:\/\/frontaliers-grandest.eu\/de\/startseite\/fremdsprachen-lernen\/der-sprachengebrauch-in-unternehmen\/in-frankreich\/der-sprachengebrauch-in-unternehmen-in-frankreich\/"},{"@type":"ListItem","position":6,"name":"Welche Sprachen f\u00fcr welche Branche?"}]},{"@type":"WebSite","@id":"https:\/\/frontaliers-grandest.eu\/de\/#website","url":"https:\/\/frontaliers-grandest.eu\/de\/","name":"Frontaliers Grand Est","description":"Le site ressource du travail frontalier","publisher":{"@id":"https:\/\/frontaliers-grandest.eu\/de\/#organization"},"alternateName":"Frontaliers Grand Est","potentialAction":[{"@type":"SearchAction","target":{"@type":"EntryPoint","urlTemplate":"https:\/\/frontaliers-grandest.eu\/de\/?s={search_term_string}"},"query-input":{"@type":"PropertyValueSpecification","valueRequired":true,"valueName":"search_term_string"}}],"inLanguage":"de"},{"@type":"Organization","@id":"https:\/\/frontaliers-grandest.eu\/de\/#organization","name":"Frontaliers Grand Est","alternateName":"Frontaliers Grand Est","url":"https:\/\/frontaliers-grandest.eu\/de\/","logo":{"@type":"ImageObject","inLanguage":"de","@id":"https:\/\/frontaliers-grandest.eu\/de\/#\/schema\/logo\/image\/","url":"https:\/\/frontaliers-grandest.eu\/wp-content\/uploads\/2025\/07\/260328234_2966785176920310_3332838526503858160_n.jpg","contentUrl":"https:\/\/frontaliers-grandest.eu\/wp-content\/uploads\/2025\/07\/260328234_2966785176920310_3332838526503858160_n.jpg","width":396,"height":396,"caption":"Frontaliers Grand Est"},"image":{"@id":"https:\/\/frontaliers-grandest.eu\/de\/#\/schema\/logo\/image\/"},"sameAs":["https:\/\/www.facebook.com\/frontaliers.GR.EST\/?locale=fr_FR"]}]}},"frge_page_order":0,"_links":{"self":[{"href":"https:\/\/frontaliers-grandest.eu\/de\/wp-json\/wp\/v2\/pages\/6962","targetHints":{"allow":["GET"]}}],"collection":[{"href":"https:\/\/frontaliers-grandest.eu\/de\/wp-json\/wp\/v2\/pages"}],"about":[{"href":"https:\/\/frontaliers-grandest.eu\/de\/wp-json\/wp\/v2\/types\/page"}],"author":[{"embeddable":true,"href":"https:\/\/frontaliers-grandest.eu\/de\/wp-json\/wp\/v2\/users\/7"}],"replies":[{"embeddable":true,"href":"https:\/\/frontaliers-grandest.eu\/de\/wp-json\/wp\/v2\/comments?post=6962"}],"version-history":[{"count":2,"href":"https:\/\/frontaliers-grandest.eu\/de\/wp-json\/wp\/v2\/pages\/6962\/revisions"}],"predecessor-version":[{"id":6964,"href":"https:\/\/frontaliers-grandest.eu\/de\/wp-json\/wp\/v2\/pages\/6962\/revisions\/6964"}],"up":[{"embeddable":true,"href":"https:\/\/frontaliers-grandest.eu\/de\/wp-json\/wp\/v2\/pages\/6958"}],"wp:attachment":[{"href":"https:\/\/frontaliers-grandest.eu\/de\/wp-json\/wp\/v2\/media?parent=6962"}],"wp:term":[{"taxonomy":"post_tag","embeddable":true,"href":"https:\/\/frontaliers-grandest.eu\/de\/wp-json\/wp\/v2\/tags?post=6962"},{"taxonomy":"frge_profile","embeddable":true,"href":"https:\/\/frontaliers-grandest.eu\/de\/wp-json\/wp\/v2\/frge_profile?post=6962"}],"curies":[{"name":"wp","href":"https:\/\/api.w.org\/{rel}","templated":true}]}}