{"id":6958,"date":"2021-04-29T14:47:33","date_gmt":"2021-04-29T12:47:33","guid":{"rendered":"https:\/\/frontaliers-grandest.eu\/?page_id=6958"},"modified":"2021-05-04T12:07:36","modified_gmt":"2021-05-04T10:07:36","slug":"der-sprachengebrauch-in-unternehmen-in-frankreich","status":"publish","type":"page","link":"https:\/\/frontaliers-grandest.eu\/de\/startseite\/fremdsprachen-lernen\/der-sprachengebrauch-in-unternehmen\/in-frankreich\/der-sprachengebrauch-in-unternehmen-in-frankreich\/","title":{"rendered":"Der Sprachengebrauch in Unternehmen in Frankreich"},"content":{"rendered":"\n<p>Frankreich ist in Europa das Land, in dem das zweitgr\u00f6\u00dfte Volumen an ausl\u00e4ndischen Finanzinvestitionen zu verzeichnen ist, was zur Folge hat, dass die Anforderungen an Fremdsprachenkenntnisse stetig zunehmen.<\/p>\n\n\n\n<p>Die Unternehmen suchen daher Bewerber, die in der Lage sind, sich in mehrsprachige Teams zu integrieren. Neben Franz\u00f6sisch als Verkehrssprache in den in Frankreich ans\u00e4ssigen Unternehmen ist Englisch inzwischen zu einer unverzichtbaren Sprache f\u00fcr F\u00fchrungskr\u00e4fte geworden. Dar\u00fcber hinaus k\u00f6nnen noch weitere Fremdsprachenkenntnisse erwartet werden, die bei der Auswahl durch die Personalverantwortlichen von Vorteil sein k\u00f6nnen: Deutsch, Italienisch, Spanisch, Niederl\u00e4ndisch, Portugiesisch oder auch seltener gelernte Sprachen wie Chinesisch oder Japanisch.<\/p>\n","protected":false},"excerpt":{"rendered":"<p>Frankreich ist in Europa das Land, in dem das zweitgr\u00f6\u00dfte Volumen an ausl\u00e4ndischen Finanzinvestitionen zu verzeichnen ist, was zur Folge hat, dass die Anforderungen an Fremdsprachenkenntnisse stetig zunehmen. Die Unternehmen suchen daher Bewerber, die in der Lage sind, sich in mehrsprachige Teams zu integrieren. Neben Franz\u00f6sisch als Verkehrssprache in den in Frankreich ans\u00e4ssigen Unternehmen ist [&hellip;]<\/p>\n","protected":false},"author":7,"featured_media":0,"parent":6956,"menu_order":0,"comment_status":"closed","ping_status":"closed","template":"","meta":{"inline_featured_image":false,"footnotes":""},"tags":[],"frge_profile":[],"class_list":["post-6958","page","type-page","status-publish","hentry"],"yoast_head":"<!-- This site is optimized with the Yoast SEO plugin v27.1.1 - https:\/\/yoast.com\/product\/yoast-seo-wordpress\/ -->\n<title>Der Sprachengebrauch in Unternehmen in Frankreich - Frontaliers Grand Est<\/title>\n<meta name=\"robots\" content=\"index, follow, max-snippet:-1, max-image-preview:large, max-video-preview:-1\" \/>\n<link rel=\"canonical\" href=\"https:\/\/frontaliers-grandest.eu\/de\/startseite\/fremdsprachen-lernen\/der-sprachengebrauch-in-unternehmen\/in-frankreich\/der-sprachengebrauch-in-unternehmen-in-frankreich\/\" \/>\n<meta property=\"og:locale\" content=\"de_DE\" \/>\n<meta property=\"og:type\" content=\"article\" \/>\n<meta property=\"og:title\" content=\"Der Sprachengebrauch in Unternehmen in Frankreich - Frontaliers Grand Est\" \/>\n<meta property=\"og:description\" content=\"Frankreich ist in Europa das Land, in dem das zweitgr\u00f6\u00dfte Volumen an ausl\u00e4ndischen Finanzinvestitionen zu verzeichnen ist, was zur Folge hat, dass die Anforderungen an Fremdsprachenkenntnisse stetig zunehmen. Die Unternehmen suchen daher Bewerber, die in der Lage sind, sich in mehrsprachige Teams zu integrieren. Neben Franz\u00f6sisch als Verkehrssprache in den in Frankreich ans\u00e4ssigen Unternehmen ist [&hellip;]\" \/>\n<meta property=\"og:url\" content=\"https:\/\/frontaliers-grandest.eu\/de\/startseite\/fremdsprachen-lernen\/der-sprachengebrauch-in-unternehmen\/in-frankreich\/der-sprachengebrauch-in-unternehmen-in-frankreich\/\" \/>\n<meta property=\"og:site_name\" content=\"Frontaliers Grand Est\" \/>\n<meta property=\"article:publisher\" content=\"https:\/\/www.facebook.com\/frontaliers.GR.EST\/?locale=fr_FR\" \/>\n<meta property=\"article:modified_time\" content=\"2021-05-04T10:07:36+00:00\" \/>\n<meta name=\"twitter:card\" content=\"summary_large_image\" \/>\n<meta name=\"twitter:label1\" content=\"Gesch\u00e4tzte Lesezeit\" \/>\n\t<meta name=\"twitter:data1\" content=\"1\u00a0Minute\" \/>\n<script type=\"application\/ld+json\" class=\"yoast-schema-graph\">{\"@context\":\"https:\/\/schema.org\",\"@graph\":[{\"@type\":\"WebPage\",\"@id\":\"https:\/\/frontaliers-grandest.eu\/de\/startseite\/fremdsprachen-lernen\/der-sprachengebrauch-in-unternehmen\/in-frankreich\/der-sprachengebrauch-in-unternehmen-in-frankreich\/\",\"url\":\"https:\/\/frontaliers-grandest.eu\/de\/startseite\/fremdsprachen-lernen\/der-sprachengebrauch-in-unternehmen\/in-frankreich\/der-sprachengebrauch-in-unternehmen-in-frankreich\/\",\"name\":\"Der Sprachengebrauch in Unternehmen in Frankreich - Frontaliers Grand Est\",\"isPartOf\":{\"@id\":\"https:\/\/frontaliers-grandest.eu\/de\/#website\"},\"datePublished\":\"2021-04-29T12:47:33+00:00\",\"dateModified\":\"2021-05-04T10:07:36+00:00\",\"breadcrumb\":{\"@id\":\"https:\/\/frontaliers-grandest.eu\/de\/startseite\/fremdsprachen-lernen\/der-sprachengebrauch-in-unternehmen\/in-frankreich\/der-sprachengebrauch-in-unternehmen-in-frankreich\/#breadcrumb\"},\"inLanguage\":\"de\",\"potentialAction\":[{\"@type\":\"ReadAction\",\"target\":[\"https:\/\/frontaliers-grandest.eu\/de\/startseite\/fremdsprachen-lernen\/der-sprachengebrauch-in-unternehmen\/in-frankreich\/der-sprachengebrauch-in-unternehmen-in-frankreich\/\"]}]},{\"@type\":\"BreadcrumbList\",\"@id\":\"https:\/\/frontaliers-grandest.eu\/de\/startseite\/fremdsprachen-lernen\/der-sprachengebrauch-in-unternehmen\/in-frankreich\/der-sprachengebrauch-in-unternehmen-in-frankreich\/#breadcrumb\",\"itemListElement\":[{\"@type\":\"ListItem\",\"position\":1,\"name\":\"Startseite\",\"item\":\"https:\/\/frontaliers-grandest.eu\/de\/\"},{\"@type\":\"ListItem\",\"position\":2,\"name\":\"Fremdsprachen Lernen\",\"item\":\"https:\/\/frontaliers-grandest.eu\/de\/startseite\/fremdsprachen-lernen\/\"},{\"@type\":\"ListItem\",\"position\":3,\"name\":\"Der sprachengebrauch in unternehmen\",\"item\":\"https:\/\/frontaliers-grandest.eu\/de\/startseite\/fremdsprachen-lernen\/der-sprachengebrauch-in-unternehmen\/\"},{\"@type\":\"ListItem\",\"position\":4,\"name\":\"In Frankreich\",\"item\":\"https:\/\/frontaliers-grandest.eu\/de\/startseite\/fremdsprachen-lernen\/der-sprachengebrauch-in-unternehmen\/in-frankreich\/\"},{\"@type\":\"ListItem\",\"position\":5,\"name\":\"Der Sprachengebrauch in Unternehmen in Frankreich\"}]},{\"@type\":\"WebSite\",\"@id\":\"https:\/\/frontaliers-grandest.eu\/de\/#website\",\"url\":\"https:\/\/frontaliers-grandest.eu\/de\/\",\"name\":\"Frontaliers Grand Est\",\"description\":\"Le site ressource du travail frontalier\",\"publisher\":{\"@id\":\"https:\/\/frontaliers-grandest.eu\/de\/#organization\"},\"alternateName\":\"Frontaliers Grand Est\",\"potentialAction\":[{\"@type\":\"SearchAction\",\"target\":{\"@type\":\"EntryPoint\",\"urlTemplate\":\"https:\/\/frontaliers-grandest.eu\/de\/?s={search_term_string}\"},\"query-input\":{\"@type\":\"PropertyValueSpecification\",\"valueRequired\":true,\"valueName\":\"search_term_string\"}}],\"inLanguage\":\"de\"},{\"@type\":\"Organization\",\"@id\":\"https:\/\/frontaliers-grandest.eu\/de\/#organization\",\"name\":\"Frontaliers Grand Est\",\"alternateName\":\"Frontaliers Grand Est\",\"url\":\"https:\/\/frontaliers-grandest.eu\/de\/\",\"logo\":{\"@type\":\"ImageObject\",\"inLanguage\":\"de\",\"@id\":\"https:\/\/frontaliers-grandest.eu\/de\/#\/schema\/logo\/image\/\",\"url\":\"https:\/\/frontaliers-grandest.eu\/wp-content\/uploads\/2025\/07\/260328234_2966785176920310_3332838526503858160_n.jpg\",\"contentUrl\":\"https:\/\/frontaliers-grandest.eu\/wp-content\/uploads\/2025\/07\/260328234_2966785176920310_3332838526503858160_n.jpg\",\"width\":396,\"height\":396,\"caption\":\"Frontaliers Grand Est\"},\"image\":{\"@id\":\"https:\/\/frontaliers-grandest.eu\/de\/#\/schema\/logo\/image\/\"},\"sameAs\":[\"https:\/\/www.facebook.com\/frontaliers.GR.EST\/?locale=fr_FR\"]}]}<\/script>\n<!-- \/ Yoast SEO plugin. -->","yoast_head_json":{"title":"Der Sprachengebrauch in Unternehmen in Frankreich - Frontaliers Grand Est","robots":{"index":"index","follow":"follow","max-snippet":"max-snippet:-1","max-image-preview":"max-image-preview:large","max-video-preview":"max-video-preview:-1"},"canonical":"https:\/\/frontaliers-grandest.eu\/de\/startseite\/fremdsprachen-lernen\/der-sprachengebrauch-in-unternehmen\/in-frankreich\/der-sprachengebrauch-in-unternehmen-in-frankreich\/","og_locale":"de_DE","og_type":"article","og_title":"Der Sprachengebrauch in Unternehmen in Frankreich - Frontaliers Grand Est","og_description":"Frankreich ist in Europa das Land, in dem das zweitgr\u00f6\u00dfte Volumen an ausl\u00e4ndischen Finanzinvestitionen zu verzeichnen ist, was zur Folge hat, dass die Anforderungen an Fremdsprachenkenntnisse stetig zunehmen. Die Unternehmen suchen daher Bewerber, die in der Lage sind, sich in mehrsprachige Teams zu integrieren. Neben Franz\u00f6sisch als Verkehrssprache in den in Frankreich ans\u00e4ssigen Unternehmen ist [&hellip;]","og_url":"https:\/\/frontaliers-grandest.eu\/de\/startseite\/fremdsprachen-lernen\/der-sprachengebrauch-in-unternehmen\/in-frankreich\/der-sprachengebrauch-in-unternehmen-in-frankreich\/","og_site_name":"Frontaliers Grand Est","article_publisher":"https:\/\/www.facebook.com\/frontaliers.GR.EST\/?locale=fr_FR","article_modified_time":"2021-05-04T10:07:36+00:00","twitter_card":"summary_large_image","twitter_misc":{"Gesch\u00e4tzte Lesezeit":"1\u00a0Minute"},"schema":{"@context":"https:\/\/schema.org","@graph":[{"@type":"WebPage","@id":"https:\/\/frontaliers-grandest.eu\/de\/startseite\/fremdsprachen-lernen\/der-sprachengebrauch-in-unternehmen\/in-frankreich\/der-sprachengebrauch-in-unternehmen-in-frankreich\/","url":"https:\/\/frontaliers-grandest.eu\/de\/startseite\/fremdsprachen-lernen\/der-sprachengebrauch-in-unternehmen\/in-frankreich\/der-sprachengebrauch-in-unternehmen-in-frankreich\/","name":"Der Sprachengebrauch in Unternehmen in Frankreich - Frontaliers Grand Est","isPartOf":{"@id":"https:\/\/frontaliers-grandest.eu\/de\/#website"},"datePublished":"2021-04-29T12:47:33+00:00","dateModified":"2021-05-04T10:07:36+00:00","breadcrumb":{"@id":"https:\/\/frontaliers-grandest.eu\/de\/startseite\/fremdsprachen-lernen\/der-sprachengebrauch-in-unternehmen\/in-frankreich\/der-sprachengebrauch-in-unternehmen-in-frankreich\/#breadcrumb"},"inLanguage":"de","potentialAction":[{"@type":"ReadAction","target":["https:\/\/frontaliers-grandest.eu\/de\/startseite\/fremdsprachen-lernen\/der-sprachengebrauch-in-unternehmen\/in-frankreich\/der-sprachengebrauch-in-unternehmen-in-frankreich\/"]}]},{"@type":"BreadcrumbList","@id":"https:\/\/frontaliers-grandest.eu\/de\/startseite\/fremdsprachen-lernen\/der-sprachengebrauch-in-unternehmen\/in-frankreich\/der-sprachengebrauch-in-unternehmen-in-frankreich\/#breadcrumb","itemListElement":[{"@type":"ListItem","position":1,"name":"Startseite","item":"https:\/\/frontaliers-grandest.eu\/de\/"},{"@type":"ListItem","position":2,"name":"Fremdsprachen Lernen","item":"https:\/\/frontaliers-grandest.eu\/de\/startseite\/fremdsprachen-lernen\/"},{"@type":"ListItem","position":3,"name":"Der sprachengebrauch in unternehmen","item":"https:\/\/frontaliers-grandest.eu\/de\/startseite\/fremdsprachen-lernen\/der-sprachengebrauch-in-unternehmen\/"},{"@type":"ListItem","position":4,"name":"In Frankreich","item":"https:\/\/frontaliers-grandest.eu\/de\/startseite\/fremdsprachen-lernen\/der-sprachengebrauch-in-unternehmen\/in-frankreich\/"},{"@type":"ListItem","position":5,"name":"Der Sprachengebrauch in Unternehmen in Frankreich"}]},{"@type":"WebSite","@id":"https:\/\/frontaliers-grandest.eu\/de\/#website","url":"https:\/\/frontaliers-grandest.eu\/de\/","name":"Frontaliers Grand Est","description":"Le site ressource du travail frontalier","publisher":{"@id":"https:\/\/frontaliers-grandest.eu\/de\/#organization"},"alternateName":"Frontaliers Grand Est","potentialAction":[{"@type":"SearchAction","target":{"@type":"EntryPoint","urlTemplate":"https:\/\/frontaliers-grandest.eu\/de\/?s={search_term_string}"},"query-input":{"@type":"PropertyValueSpecification","valueRequired":true,"valueName":"search_term_string"}}],"inLanguage":"de"},{"@type":"Organization","@id":"https:\/\/frontaliers-grandest.eu\/de\/#organization","name":"Frontaliers Grand Est","alternateName":"Frontaliers Grand Est","url":"https:\/\/frontaliers-grandest.eu\/de\/","logo":{"@type":"ImageObject","inLanguage":"de","@id":"https:\/\/frontaliers-grandest.eu\/de\/#\/schema\/logo\/image\/","url":"https:\/\/frontaliers-grandest.eu\/wp-content\/uploads\/2025\/07\/260328234_2966785176920310_3332838526503858160_n.jpg","contentUrl":"https:\/\/frontaliers-grandest.eu\/wp-content\/uploads\/2025\/07\/260328234_2966785176920310_3332838526503858160_n.jpg","width":396,"height":396,"caption":"Frontaliers Grand Est"},"image":{"@id":"https:\/\/frontaliers-grandest.eu\/de\/#\/schema\/logo\/image\/"},"sameAs":["https:\/\/www.facebook.com\/frontaliers.GR.EST\/?locale=fr_FR"]}]}},"frge_page_order":0,"_links":{"self":[{"href":"https:\/\/frontaliers-grandest.eu\/de\/wp-json\/wp\/v2\/pages\/6958","targetHints":{"allow":["GET"]}}],"collection":[{"href":"https:\/\/frontaliers-grandest.eu\/de\/wp-json\/wp\/v2\/pages"}],"about":[{"href":"https:\/\/frontaliers-grandest.eu\/de\/wp-json\/wp\/v2\/types\/page"}],"author":[{"embeddable":true,"href":"https:\/\/frontaliers-grandest.eu\/de\/wp-json\/wp\/v2\/users\/7"}],"replies":[{"embeddable":true,"href":"https:\/\/frontaliers-grandest.eu\/de\/wp-json\/wp\/v2\/comments?post=6958"}],"version-history":[{"count":2,"href":"https:\/\/frontaliers-grandest.eu\/de\/wp-json\/wp\/v2\/pages\/6958\/revisions"}],"predecessor-version":[{"id":7057,"href":"https:\/\/frontaliers-grandest.eu\/de\/wp-json\/wp\/v2\/pages\/6958\/revisions\/7057"}],"up":[{"embeddable":true,"href":"https:\/\/frontaliers-grandest.eu\/de\/wp-json\/wp\/v2\/pages\/6956"}],"wp:attachment":[{"href":"https:\/\/frontaliers-grandest.eu\/de\/wp-json\/wp\/v2\/media?parent=6958"}],"wp:term":[{"taxonomy":"post_tag","embeddable":true,"href":"https:\/\/frontaliers-grandest.eu\/de\/wp-json\/wp\/v2\/tags?post=6958"},{"taxonomy":"frge_profile","embeddable":true,"href":"https:\/\/frontaliers-grandest.eu\/de\/wp-json\/wp\/v2\/frge_profile?post=6958"}],"curies":[{"name":"wp","href":"https:\/\/api.w.org\/{rel}","templated":true}]}}