{"id":6954,"date":"2021-04-29T14:42:22","date_gmt":"2021-04-29T12:42:22","guid":{"rendered":"https:\/\/frontaliers-grandest.eu\/?page_id=6954"},"modified":"2021-05-04T12:06:47","modified_gmt":"2021-05-04T10:06:47","slug":"welche-sprache-fur-welche-branche","status":"publish","type":"page","link":"https:\/\/frontaliers-grandest.eu\/de\/startseite\/fremdsprachen-lernen\/der-sprachengebrauch-in-unternehmen\/in-luxemburg\/der-sprachengebrauch-in-unternehmen-in-luxemburg\/welche-sprache-fur-welche-branche\/","title":{"rendered":"Welche Sprache f\u00fcr welche Branche?"},"content":{"rendered":"\n<p>Die luxemburgische Wirtschaft basiert weitgehend auf dem Bankensektor und der Stahlindustrie. In Luxemburg haben ausl\u00e4ndische Unternehmen aus zahlreichen Sektoren einen Standort: Finanzen, Versicherungen, Unternehmensdienstleistungen und produzierendes Gewerbe.&nbsp;<strong>Der Arbeitsmarkt bietet Chancen sowohl f\u00fcr Geringqualifizierte als auch f\u00fcr Hochschulabsolventen.<\/strong><\/p>\n\n\n\n<h4 class=\"wp-block-heading\"><strong>Franz\u00f6sisch<\/strong><\/h4>\n\n\n\n<p>Franz\u00f6sisch ist die&nbsp;<strong>Verkehrssprache im Dienstleistungssektor.<\/strong>&nbsp;Dar\u00fcber hinaus werden in der Hauptstadt und im Umland Sprachkenntnisse in Luxemburgisch sehr gerne gesehen.<\/p>\n\n\n\n<ul class=\"wp-block-list\"><li><strong>Branchen:<\/strong><br>Handel (Cactus, Auchan Luxembourg), Hotellerie, Gastst\u00e4tten und Caf\u00e9s.<\/li><li><strong>Art der Stellen:<\/strong>&nbsp;<br>Verk\u00e4ufer, Kellner, K\u00f6che, Filialleiter, Immobilienmakler.<\/li><\/ul>\n\n\n\n<h4 class=\"wp-block-heading\"><strong>Englisch<\/strong><\/h4>\n\n\n\n<p>Englisch ist die Sprache&nbsp;<strong>in der luxemburgischen Gesch\u00e4fts- und Finanzwelt<\/strong>; sie kommt bei Meetings von Personen unterschiedlicher Nationalit\u00e4t zum Einsatz.<\/p>\n\n\n\n<ul class=\"wp-block-list\"><li><strong>Branchen:&nbsp;<\/strong><br>Banken (Banque de Luxembourg, Unternehmensgruppe BNP Paribas), Industrie (Goodyear Dunlop, ArcelorMittal Luxembourg), IT (Unternehmensgruppe Amaris), Telekommunikation (Post Luxembourg).<\/li><li><strong>Art der Stellen:<\/strong>&nbsp;<br>Finanzanalysten, Kundenbetreuer (Banken), Leiter von Wartungsteams, Qualit\u00e4tsmanager (Industrie), Projektleiter, Entwickler (IT), Verk\u00e4ufer von Technologieprodukten (Telekommunikation).<\/li><\/ul>\n\n\n\n<h4 class=\"wp-block-heading\"><strong>Deutsch<\/strong><\/h4>\n\n\n\n<p>Deutsch ist sehr stark&nbsp;<strong>in den Unternehmen aus dem deutschsprachigen Raum vertreten.<\/strong>&nbsp;Die Banken am Finanzplatz Luxemburg sind mehrheitlich deutsche Banken.<\/p>\n\n\n\n<ul class=\"wp-block-list\"><li><strong>Branchen<\/strong>:&nbsp;<br>Banken (Deutsche Bank Luxemburg, Commerzbank), Industrie, Printmedien.<\/li><li><strong>Art der Stellen:<\/strong><br>Buchhalter, interne Rechnungspr\u00fcfer, Kommunikationsbeauftragte<\/li><\/ul>\n\n\n\n<p><strong>Die Koexistenz von Englisch und Deutsch wird vor allem in folgenden Bereichen gerne gesehen<\/strong>: Einkauf, Logistik Transport, Empfang, Sekretariat.<\/p>\n\n\n\n<ul class=\"wp-block-list\"><li><strong>Art der Stellen:<\/strong>&nbsp;<br>Empfangsmitarbeiter, Logistikassistenten, Kundenbetreuer.<\/li><\/ul>\n\n\n\n<h4 class=\"wp-block-heading\"><strong>Luxemburgisch<\/strong><\/h4>\n\n\n\n<p>Luxemburgischkenntnisse werden&nbsp;<strong>h\u00e4ufig bei der Besetzung von Stellen mit Kontakt zur lokalen Bev\u00f6lkerung verlangt<\/strong>: \u00f6ffentliche Verwaltung, Bildungs-, Gesundheits- und Sozialwesen.<\/p>\n\n\n\n<ul class=\"wp-block-list\"><li><strong>Branchen:<\/strong>&nbsp;<br>Kommunikation, Medienunternehmen (Print und TV) in Luxemburg, Verkauf.<\/li><li><strong>Art der Stellen:<\/strong><br>Kommunikationsbeauftragte, Kundenbetreuer in KMU.<\/li><\/ul>\n\n\n\n<h4 class=\"wp-block-heading\"><strong>Portugiesisch<\/strong><\/h4>\n\n\n\n<p>In Luxemburg gibt es eine gro\u00dfe portugiesische Gemeinschaft, deren Mitglieder am Arbeitsplatz h\u00e4ufig ihre Muttersprache verwenden.<\/p>\n\n\n\n<ul class=\"wp-block-list\"><li><strong>Branchen:<\/strong><br>Bausektor (Compagnie De Construction Luxembourgeoise), Hotellerie, Reinigung.<\/li><li><strong>Art der Stellen:&nbsp;<\/strong><br>Zweisprachige Sekret\u00e4re, Filialleiter, Maler im Baugewerbe.<\/li><\/ul>\n\n\n\n<h4 class=\"wp-block-heading\"><strong>Niederl\u00e4ndisch, Italienisch und Spanisch<\/strong><\/h4>\n\n\n\n<p>Kenntnisse in diesen&nbsp;<strong>Sprachen werden f\u00fcr Stellen verlangt, bei denen eine Beziehung zum entsprechenden Land besteht.<\/strong><\/p>\n\n\n\n<ul class=\"wp-block-list\"><li><strong>Art der Stellen:&nbsp;<\/strong><br>Verm\u00f6gensplaner (belgischer Markt), Leiter von Investitionsprojekten (spanischer Markt), Einkaufs- und Logistikmanager (italienischer Markt).<\/li><\/ul>\n","protected":false},"excerpt":{"rendered":"<p>Die luxemburgische Wirtschaft basiert weitgehend auf dem Bankensektor und der Stahlindustrie. In Luxemburg haben ausl\u00e4ndische Unternehmen aus zahlreichen Sektoren einen Standort: Finanzen, Versicherungen, Unternehmensdienstleistungen und produzierendes Gewerbe.&nbsp;Der Arbeitsmarkt bietet Chancen sowohl f\u00fcr Geringqualifizierte als auch f\u00fcr Hochschulabsolventen. Franz\u00f6sisch Franz\u00f6sisch ist die&nbsp;Verkehrssprache im Dienstleistungssektor.&nbsp;Dar\u00fcber hinaus werden in der Hauptstadt und im Umland Sprachkenntnisse in Luxemburgisch sehr [&hellip;]<\/p>\n","protected":false},"author":7,"featured_media":0,"parent":6950,"menu_order":1,"comment_status":"closed","ping_status":"closed","template":"","meta":{"inline_featured_image":false,"footnotes":""},"tags":[],"frge_profile":[],"class_list":["post-6954","page","type-page","status-publish","hentry"],"yoast_head":"<!-- This site is optimized with the Yoast SEO plugin v27.1.1 - https:\/\/yoast.com\/product\/yoast-seo-wordpress\/ -->\n<title>Welche Sprache f\u00fcr welche Branche? - Frontaliers Grand Est<\/title>\n<meta name=\"robots\" content=\"index, follow, max-snippet:-1, max-image-preview:large, max-video-preview:-1\" \/>\n<link rel=\"canonical\" href=\"https:\/\/frontaliers-grandest.eu\/de\/startseite\/fremdsprachen-lernen\/der-sprachengebrauch-in-unternehmen\/in-luxemburg\/der-sprachengebrauch-in-unternehmen-in-luxemburg\/welche-sprache-fur-welche-branche\/\" \/>\n<meta property=\"og:locale\" content=\"de_DE\" \/>\n<meta property=\"og:type\" content=\"article\" \/>\n<meta property=\"og:title\" content=\"Welche Sprache f\u00fcr welche Branche? - Frontaliers Grand Est\" \/>\n<meta property=\"og:description\" content=\"Die luxemburgische Wirtschaft basiert weitgehend auf dem Bankensektor und der Stahlindustrie. In Luxemburg haben ausl\u00e4ndische Unternehmen aus zahlreichen Sektoren einen Standort: Finanzen, Versicherungen, Unternehmensdienstleistungen und produzierendes Gewerbe.&nbsp;Der Arbeitsmarkt bietet Chancen sowohl f\u00fcr Geringqualifizierte als auch f\u00fcr Hochschulabsolventen. Franz\u00f6sisch Franz\u00f6sisch ist die&nbsp;Verkehrssprache im Dienstleistungssektor.&nbsp;Dar\u00fcber hinaus werden in der Hauptstadt und im Umland Sprachkenntnisse in Luxemburgisch sehr [&hellip;]\" \/>\n<meta property=\"og:url\" content=\"https:\/\/frontaliers-grandest.eu\/de\/startseite\/fremdsprachen-lernen\/der-sprachengebrauch-in-unternehmen\/in-luxemburg\/der-sprachengebrauch-in-unternehmen-in-luxemburg\/welche-sprache-fur-welche-branche\/\" \/>\n<meta property=\"og:site_name\" content=\"Frontaliers Grand Est\" \/>\n<meta property=\"article:publisher\" content=\"https:\/\/www.facebook.com\/frontaliers.GR.EST\/?locale=fr_FR\" \/>\n<meta property=\"article:modified_time\" content=\"2021-05-04T10:06:47+00:00\" \/>\n<meta name=\"twitter:card\" content=\"summary_large_image\" \/>\n<meta name=\"twitter:label1\" content=\"Gesch\u00e4tzte Lesezeit\" \/>\n\t<meta name=\"twitter:data1\" content=\"2\u00a0Minuten\" \/>\n<script type=\"application\/ld+json\" class=\"yoast-schema-graph\">{\"@context\":\"https:\/\/schema.org\",\"@graph\":[{\"@type\":\"WebPage\",\"@id\":\"https:\/\/frontaliers-grandest.eu\/de\/startseite\/fremdsprachen-lernen\/der-sprachengebrauch-in-unternehmen\/in-luxemburg\/der-sprachengebrauch-in-unternehmen-in-luxemburg\/welche-sprache-fur-welche-branche\/\",\"url\":\"https:\/\/frontaliers-grandest.eu\/de\/startseite\/fremdsprachen-lernen\/der-sprachengebrauch-in-unternehmen\/in-luxemburg\/der-sprachengebrauch-in-unternehmen-in-luxemburg\/welche-sprache-fur-welche-branche\/\",\"name\":\"Welche Sprache f\u00fcr welche Branche? - Frontaliers Grand Est\",\"isPartOf\":{\"@id\":\"https:\/\/frontaliers-grandest.eu\/de\/#website\"},\"datePublished\":\"2021-04-29T12:42:22+00:00\",\"dateModified\":\"2021-05-04T10:06:47+00:00\",\"breadcrumb\":{\"@id\":\"https:\/\/frontaliers-grandest.eu\/de\/startseite\/fremdsprachen-lernen\/der-sprachengebrauch-in-unternehmen\/in-luxemburg\/der-sprachengebrauch-in-unternehmen-in-luxemburg\/welche-sprache-fur-welche-branche\/#breadcrumb\"},\"inLanguage\":\"de\",\"potentialAction\":[{\"@type\":\"ReadAction\",\"target\":[\"https:\/\/frontaliers-grandest.eu\/de\/startseite\/fremdsprachen-lernen\/der-sprachengebrauch-in-unternehmen\/in-luxemburg\/der-sprachengebrauch-in-unternehmen-in-luxemburg\/welche-sprache-fur-welche-branche\/\"]}]},{\"@type\":\"BreadcrumbList\",\"@id\":\"https:\/\/frontaliers-grandest.eu\/de\/startseite\/fremdsprachen-lernen\/der-sprachengebrauch-in-unternehmen\/in-luxemburg\/der-sprachengebrauch-in-unternehmen-in-luxemburg\/welche-sprache-fur-welche-branche\/#breadcrumb\",\"itemListElement\":[{\"@type\":\"ListItem\",\"position\":1,\"name\":\"Startseite\",\"item\":\"https:\/\/frontaliers-grandest.eu\/de\/\"},{\"@type\":\"ListItem\",\"position\":2,\"name\":\"Fremdsprachen Lernen\",\"item\":\"https:\/\/frontaliers-grandest.eu\/de\/startseite\/fremdsprachen-lernen\/\"},{\"@type\":\"ListItem\",\"position\":3,\"name\":\"Der sprachengebrauch in unternehmen\",\"item\":\"https:\/\/frontaliers-grandest.eu\/de\/startseite\/fremdsprachen-lernen\/der-sprachengebrauch-in-unternehmen\/\"},{\"@type\":\"ListItem\",\"position\":4,\"name\":\"In Luxemburg\",\"item\":\"https:\/\/frontaliers-grandest.eu\/de\/startseite\/fremdsprachen-lernen\/der-sprachengebrauch-in-unternehmen\/in-luxemburg\/\"},{\"@type\":\"ListItem\",\"position\":5,\"name\":\"Der Sprachengebrauch in Unternehmen in Luxemburg\",\"item\":\"https:\/\/frontaliers-grandest.eu\/de\/startseite\/fremdsprachen-lernen\/der-sprachengebrauch-in-unternehmen\/in-luxemburg\/der-sprachengebrauch-in-unternehmen-in-luxemburg\/\"},{\"@type\":\"ListItem\",\"position\":6,\"name\":\"Welche Sprache f\u00fcr welche Branche?\"}]},{\"@type\":\"WebSite\",\"@id\":\"https:\/\/frontaliers-grandest.eu\/de\/#website\",\"url\":\"https:\/\/frontaliers-grandest.eu\/de\/\",\"name\":\"Frontaliers Grand Est\",\"description\":\"Le site ressource du travail frontalier\",\"publisher\":{\"@id\":\"https:\/\/frontaliers-grandest.eu\/de\/#organization\"},\"alternateName\":\"Frontaliers Grand Est\",\"potentialAction\":[{\"@type\":\"SearchAction\",\"target\":{\"@type\":\"EntryPoint\",\"urlTemplate\":\"https:\/\/frontaliers-grandest.eu\/de\/?s={search_term_string}\"},\"query-input\":{\"@type\":\"PropertyValueSpecification\",\"valueRequired\":true,\"valueName\":\"search_term_string\"}}],\"inLanguage\":\"de\"},{\"@type\":\"Organization\",\"@id\":\"https:\/\/frontaliers-grandest.eu\/de\/#organization\",\"name\":\"Frontaliers Grand Est\",\"alternateName\":\"Frontaliers Grand Est\",\"url\":\"https:\/\/frontaliers-grandest.eu\/de\/\",\"logo\":{\"@type\":\"ImageObject\",\"inLanguage\":\"de\",\"@id\":\"https:\/\/frontaliers-grandest.eu\/de\/#\/schema\/logo\/image\/\",\"url\":\"https:\/\/frontaliers-grandest.eu\/wp-content\/uploads\/2025\/07\/260328234_2966785176920310_3332838526503858160_n.jpg\",\"contentUrl\":\"https:\/\/frontaliers-grandest.eu\/wp-content\/uploads\/2025\/07\/260328234_2966785176920310_3332838526503858160_n.jpg\",\"width\":396,\"height\":396,\"caption\":\"Frontaliers Grand Est\"},\"image\":{\"@id\":\"https:\/\/frontaliers-grandest.eu\/de\/#\/schema\/logo\/image\/\"},\"sameAs\":[\"https:\/\/www.facebook.com\/frontaliers.GR.EST\/?locale=fr_FR\"]}]}<\/script>\n<!-- \/ Yoast SEO plugin. -->","yoast_head_json":{"title":"Welche Sprache f\u00fcr welche Branche? - Frontaliers Grand Est","robots":{"index":"index","follow":"follow","max-snippet":"max-snippet:-1","max-image-preview":"max-image-preview:large","max-video-preview":"max-video-preview:-1"},"canonical":"https:\/\/frontaliers-grandest.eu\/de\/startseite\/fremdsprachen-lernen\/der-sprachengebrauch-in-unternehmen\/in-luxemburg\/der-sprachengebrauch-in-unternehmen-in-luxemburg\/welche-sprache-fur-welche-branche\/","og_locale":"de_DE","og_type":"article","og_title":"Welche Sprache f\u00fcr welche Branche? - Frontaliers Grand Est","og_description":"Die luxemburgische Wirtschaft basiert weitgehend auf dem Bankensektor und der Stahlindustrie. In Luxemburg haben ausl\u00e4ndische Unternehmen aus zahlreichen Sektoren einen Standort: Finanzen, Versicherungen, Unternehmensdienstleistungen und produzierendes Gewerbe.&nbsp;Der Arbeitsmarkt bietet Chancen sowohl f\u00fcr Geringqualifizierte als auch f\u00fcr Hochschulabsolventen. Franz\u00f6sisch Franz\u00f6sisch ist die&nbsp;Verkehrssprache im Dienstleistungssektor.&nbsp;Dar\u00fcber hinaus werden in der Hauptstadt und im Umland Sprachkenntnisse in Luxemburgisch sehr [&hellip;]","og_url":"https:\/\/frontaliers-grandest.eu\/de\/startseite\/fremdsprachen-lernen\/der-sprachengebrauch-in-unternehmen\/in-luxemburg\/der-sprachengebrauch-in-unternehmen-in-luxemburg\/welche-sprache-fur-welche-branche\/","og_site_name":"Frontaliers Grand Est","article_publisher":"https:\/\/www.facebook.com\/frontaliers.GR.EST\/?locale=fr_FR","article_modified_time":"2021-05-04T10:06:47+00:00","twitter_card":"summary_large_image","twitter_misc":{"Gesch\u00e4tzte Lesezeit":"2\u00a0Minuten"},"schema":{"@context":"https:\/\/schema.org","@graph":[{"@type":"WebPage","@id":"https:\/\/frontaliers-grandest.eu\/de\/startseite\/fremdsprachen-lernen\/der-sprachengebrauch-in-unternehmen\/in-luxemburg\/der-sprachengebrauch-in-unternehmen-in-luxemburg\/welche-sprache-fur-welche-branche\/","url":"https:\/\/frontaliers-grandest.eu\/de\/startseite\/fremdsprachen-lernen\/der-sprachengebrauch-in-unternehmen\/in-luxemburg\/der-sprachengebrauch-in-unternehmen-in-luxemburg\/welche-sprache-fur-welche-branche\/","name":"Welche Sprache f\u00fcr welche Branche? - Frontaliers Grand Est","isPartOf":{"@id":"https:\/\/frontaliers-grandest.eu\/de\/#website"},"datePublished":"2021-04-29T12:42:22+00:00","dateModified":"2021-05-04T10:06:47+00:00","breadcrumb":{"@id":"https:\/\/frontaliers-grandest.eu\/de\/startseite\/fremdsprachen-lernen\/der-sprachengebrauch-in-unternehmen\/in-luxemburg\/der-sprachengebrauch-in-unternehmen-in-luxemburg\/welche-sprache-fur-welche-branche\/#breadcrumb"},"inLanguage":"de","potentialAction":[{"@type":"ReadAction","target":["https:\/\/frontaliers-grandest.eu\/de\/startseite\/fremdsprachen-lernen\/der-sprachengebrauch-in-unternehmen\/in-luxemburg\/der-sprachengebrauch-in-unternehmen-in-luxemburg\/welche-sprache-fur-welche-branche\/"]}]},{"@type":"BreadcrumbList","@id":"https:\/\/frontaliers-grandest.eu\/de\/startseite\/fremdsprachen-lernen\/der-sprachengebrauch-in-unternehmen\/in-luxemburg\/der-sprachengebrauch-in-unternehmen-in-luxemburg\/welche-sprache-fur-welche-branche\/#breadcrumb","itemListElement":[{"@type":"ListItem","position":1,"name":"Startseite","item":"https:\/\/frontaliers-grandest.eu\/de\/"},{"@type":"ListItem","position":2,"name":"Fremdsprachen Lernen","item":"https:\/\/frontaliers-grandest.eu\/de\/startseite\/fremdsprachen-lernen\/"},{"@type":"ListItem","position":3,"name":"Der sprachengebrauch in unternehmen","item":"https:\/\/frontaliers-grandest.eu\/de\/startseite\/fremdsprachen-lernen\/der-sprachengebrauch-in-unternehmen\/"},{"@type":"ListItem","position":4,"name":"In Luxemburg","item":"https:\/\/frontaliers-grandest.eu\/de\/startseite\/fremdsprachen-lernen\/der-sprachengebrauch-in-unternehmen\/in-luxemburg\/"},{"@type":"ListItem","position":5,"name":"Der Sprachengebrauch in Unternehmen in Luxemburg","item":"https:\/\/frontaliers-grandest.eu\/de\/startseite\/fremdsprachen-lernen\/der-sprachengebrauch-in-unternehmen\/in-luxemburg\/der-sprachengebrauch-in-unternehmen-in-luxemburg\/"},{"@type":"ListItem","position":6,"name":"Welche Sprache f\u00fcr welche Branche?"}]},{"@type":"WebSite","@id":"https:\/\/frontaliers-grandest.eu\/de\/#website","url":"https:\/\/frontaliers-grandest.eu\/de\/","name":"Frontaliers Grand Est","description":"Le site ressource du travail frontalier","publisher":{"@id":"https:\/\/frontaliers-grandest.eu\/de\/#organization"},"alternateName":"Frontaliers Grand Est","potentialAction":[{"@type":"SearchAction","target":{"@type":"EntryPoint","urlTemplate":"https:\/\/frontaliers-grandest.eu\/de\/?s={search_term_string}"},"query-input":{"@type":"PropertyValueSpecification","valueRequired":true,"valueName":"search_term_string"}}],"inLanguage":"de"},{"@type":"Organization","@id":"https:\/\/frontaliers-grandest.eu\/de\/#organization","name":"Frontaliers Grand Est","alternateName":"Frontaliers Grand Est","url":"https:\/\/frontaliers-grandest.eu\/de\/","logo":{"@type":"ImageObject","inLanguage":"de","@id":"https:\/\/frontaliers-grandest.eu\/de\/#\/schema\/logo\/image\/","url":"https:\/\/frontaliers-grandest.eu\/wp-content\/uploads\/2025\/07\/260328234_2966785176920310_3332838526503858160_n.jpg","contentUrl":"https:\/\/frontaliers-grandest.eu\/wp-content\/uploads\/2025\/07\/260328234_2966785176920310_3332838526503858160_n.jpg","width":396,"height":396,"caption":"Frontaliers Grand Est"},"image":{"@id":"https:\/\/frontaliers-grandest.eu\/de\/#\/schema\/logo\/image\/"},"sameAs":["https:\/\/www.facebook.com\/frontaliers.GR.EST\/?locale=fr_FR"]}]}},"frge_page_order":0,"_links":{"self":[{"href":"https:\/\/frontaliers-grandest.eu\/de\/wp-json\/wp\/v2\/pages\/6954","targetHints":{"allow":["GET"]}}],"collection":[{"href":"https:\/\/frontaliers-grandest.eu\/de\/wp-json\/wp\/v2\/pages"}],"about":[{"href":"https:\/\/frontaliers-grandest.eu\/de\/wp-json\/wp\/v2\/types\/page"}],"author":[{"embeddable":true,"href":"https:\/\/frontaliers-grandest.eu\/de\/wp-json\/wp\/v2\/users\/7"}],"replies":[{"embeddable":true,"href":"https:\/\/frontaliers-grandest.eu\/de\/wp-json\/wp\/v2\/comments?post=6954"}],"version-history":[{"count":2,"href":"https:\/\/frontaliers-grandest.eu\/de\/wp-json\/wp\/v2\/pages\/6954\/revisions"}],"predecessor-version":[{"id":7056,"href":"https:\/\/frontaliers-grandest.eu\/de\/wp-json\/wp\/v2\/pages\/6954\/revisions\/7056"}],"up":[{"embeddable":true,"href":"https:\/\/frontaliers-grandest.eu\/de\/wp-json\/wp\/v2\/pages\/6950"}],"wp:attachment":[{"href":"https:\/\/frontaliers-grandest.eu\/de\/wp-json\/wp\/v2\/media?parent=6954"}],"wp:term":[{"taxonomy":"post_tag","embeddable":true,"href":"https:\/\/frontaliers-grandest.eu\/de\/wp-json\/wp\/v2\/tags?post=6954"},{"taxonomy":"frge_profile","embeddable":true,"href":"https:\/\/frontaliers-grandest.eu\/de\/wp-json\/wp\/v2\/frge_profile?post=6954"}],"curies":[{"name":"wp","href":"https:\/\/api.w.org\/{rel}","templated":true}]}}