{"id":6952,"date":"2021-04-29T14:35:36","date_gmt":"2021-04-29T12:35:36","guid":{"rendered":"https:\/\/frontaliers-grandest.eu\/?page_id=6952"},"modified":"2021-05-04T12:06:41","modified_gmt":"2021-05-04T10:06:41","slug":"in-welcher-sprache-werden-arbeitsvertrage-abgefasst","status":"publish","type":"page","link":"https:\/\/frontaliers-grandest.eu\/de\/startseite\/fremdsprachen-lernen\/der-sprachengebrauch-in-unternehmen\/in-luxemburg\/der-sprachengebrauch-in-unternehmen-in-luxemburg\/in-welcher-sprache-werden-arbeitsvertrage-abgefasst\/","title":{"rendered":"In welcher Sprache werden Arbeitsvertr\u00e4ge abgefasst?"},"content":{"rendered":"\n<p>Arbeitsvertr\u00e4ge k\u00f6nnen&nbsp;<strong>in jeder beliebigen Sprache aufgesetzt werde, die beide Vertragsparteien verstehen.<\/strong>&nbsp;Ein Schreiben, das in einer dem Arbeitnehmer unbekannten oder nahezu unbekannten Sprache verfasst wurde, kann unter Berufung auf einen Willensmangel f\u00fcr nichtig erkl\u00e4rt werden (Artikel 1109 Zivilgesetzbuch).<\/p>\n\n\n\n<p><strong>Die Bedeutung von Sprachen<\/strong>&nbsp;f\u00fcr eine Vielzahl von Stellen in Luxemburg&nbsp;<strong>wird immer gr\u00f6\u00dfer.&nbsp;<\/strong>Franz\u00f6sisch ist die am meisten verwendete Verkehrssprache, gefolgt von Englisch, Deutsch und Luxemburgisch. Gegebenenfalls k\u00f6nnen Kenntnisse in einer weiteren Sprache wie z. B. Niederl\u00e4ndisch, Italienisch, Spanisch oder Portugiesisch gefordert werden bzw. \u201evon Vorteil\u201c sein.<\/p>\n\n\n\n<p>Abgesehen von Berufen mit geringen Qualifikationsanforderungen (Hilfsarbeiter, Produktionsmitarbeiter, Lagerarbeiter)&nbsp;<strong>werden in Luxemburg von Angestellten und F\u00fchrungskr\u00e4ften h\u00e4ufig Sprachkenntnisse in zwei oder drei Sprachen erwartet.<\/strong><\/p>\n\n\n\n<p>Das Umschalten zwischen mehreren Sprachen ist in Luxemburg aufgrund des multikulturellen Umfelds g\u00e4ngige Praxis.<\/p>\n\n\n\n<p>Im Bankensektor, im Handel und in der Industrie kann Englisch den \u201egemeinsamen Nenner\u201c der eng zusammenarbeitenden Personen unterschiedlicher Nationalit\u00e4ten darstellen, wobei nun schon seit mehreren Jahren auch franz\u00f6sischsprachige Grenzg\u00e4nger dem luxemburgischen Arbeitsmarkt ihren Stempel aufdr\u00fccken. Die Arbeitgeber sind auf der Suche nach polyglotten Besch\u00e4ftigten, die in der Lage sind, problemlos in mehreren Sprachen zu kommunizieren.<\/p>\n","protected":false},"excerpt":{"rendered":"<p>Arbeitsvertr\u00e4ge k\u00f6nnen&nbsp;in jeder beliebigen Sprache aufgesetzt werde, die beide Vertragsparteien verstehen.&nbsp;Ein Schreiben, das in einer dem Arbeitnehmer unbekannten oder nahezu unbekannten Sprache verfasst wurde, kann unter Berufung auf einen Willensmangel f\u00fcr nichtig erkl\u00e4rt werden (Artikel 1109 Zivilgesetzbuch). Die Bedeutung von Sprachen&nbsp;f\u00fcr eine Vielzahl von Stellen in Luxemburg&nbsp;wird immer gr\u00f6\u00dfer.&nbsp;Franz\u00f6sisch ist die am meisten verwendete Verkehrssprache, [&hellip;]<\/p>\n","protected":false},"author":7,"featured_media":0,"parent":6950,"menu_order":0,"comment_status":"closed","ping_status":"closed","template":"","meta":{"inline_featured_image":false,"footnotes":""},"tags":[],"frge_profile":[],"class_list":["post-6952","page","type-page","status-publish","hentry"],"yoast_head":"<!-- This site is optimized with the Yoast SEO plugin v27.1.1 - https:\/\/yoast.com\/product\/yoast-seo-wordpress\/ -->\n<title>In welcher Sprache werden Arbeitsvertr\u00e4ge abgefasst? - Frontaliers Grand Est<\/title>\n<meta name=\"robots\" content=\"index, follow, max-snippet:-1, max-image-preview:large, max-video-preview:-1\" \/>\n<link rel=\"canonical\" href=\"https:\/\/frontaliers-grandest.eu\/de\/startseite\/fremdsprachen-lernen\/der-sprachengebrauch-in-unternehmen\/in-luxemburg\/der-sprachengebrauch-in-unternehmen-in-luxemburg\/in-welcher-sprache-werden-arbeitsvertrage-abgefasst\/\" \/>\n<meta property=\"og:locale\" content=\"de_DE\" \/>\n<meta property=\"og:type\" content=\"article\" \/>\n<meta property=\"og:title\" content=\"In welcher Sprache werden Arbeitsvertr\u00e4ge abgefasst? - Frontaliers Grand Est\" \/>\n<meta property=\"og:description\" content=\"Arbeitsvertr\u00e4ge k\u00f6nnen&nbsp;in jeder beliebigen Sprache aufgesetzt werde, die beide Vertragsparteien verstehen.&nbsp;Ein Schreiben, das in einer dem Arbeitnehmer unbekannten oder nahezu unbekannten Sprache verfasst wurde, kann unter Berufung auf einen Willensmangel f\u00fcr nichtig erkl\u00e4rt werden (Artikel 1109 Zivilgesetzbuch). Die Bedeutung von Sprachen&nbsp;f\u00fcr eine Vielzahl von Stellen in Luxemburg&nbsp;wird immer gr\u00f6\u00dfer.&nbsp;Franz\u00f6sisch ist die am meisten verwendete Verkehrssprache, [&hellip;]\" \/>\n<meta property=\"og:url\" content=\"https:\/\/frontaliers-grandest.eu\/de\/startseite\/fremdsprachen-lernen\/der-sprachengebrauch-in-unternehmen\/in-luxemburg\/der-sprachengebrauch-in-unternehmen-in-luxemburg\/in-welcher-sprache-werden-arbeitsvertrage-abgefasst\/\" \/>\n<meta property=\"og:site_name\" content=\"Frontaliers Grand Est\" \/>\n<meta property=\"article:publisher\" content=\"https:\/\/www.facebook.com\/frontaliers.GR.EST\/?locale=fr_FR\" \/>\n<meta property=\"article:modified_time\" content=\"2021-05-04T10:06:41+00:00\" \/>\n<meta name=\"twitter:card\" content=\"summary_large_image\" \/>\n<meta name=\"twitter:label1\" content=\"Gesch\u00e4tzte Lesezeit\" \/>\n\t<meta name=\"twitter:data1\" content=\"1\u00a0Minute\" \/>\n<script type=\"application\/ld+json\" class=\"yoast-schema-graph\">{\"@context\":\"https:\/\/schema.org\",\"@graph\":[{\"@type\":\"WebPage\",\"@id\":\"https:\/\/frontaliers-grandest.eu\/de\/startseite\/fremdsprachen-lernen\/der-sprachengebrauch-in-unternehmen\/in-luxemburg\/der-sprachengebrauch-in-unternehmen-in-luxemburg\/in-welcher-sprache-werden-arbeitsvertrage-abgefasst\/\",\"url\":\"https:\/\/frontaliers-grandest.eu\/de\/startseite\/fremdsprachen-lernen\/der-sprachengebrauch-in-unternehmen\/in-luxemburg\/der-sprachengebrauch-in-unternehmen-in-luxemburg\/in-welcher-sprache-werden-arbeitsvertrage-abgefasst\/\",\"name\":\"In welcher Sprache werden Arbeitsvertr\u00e4ge abgefasst? - Frontaliers Grand Est\",\"isPartOf\":{\"@id\":\"https:\/\/frontaliers-grandest.eu\/de\/#website\"},\"datePublished\":\"2021-04-29T12:35:36+00:00\",\"dateModified\":\"2021-05-04T10:06:41+00:00\",\"breadcrumb\":{\"@id\":\"https:\/\/frontaliers-grandest.eu\/de\/startseite\/fremdsprachen-lernen\/der-sprachengebrauch-in-unternehmen\/in-luxemburg\/der-sprachengebrauch-in-unternehmen-in-luxemburg\/in-welcher-sprache-werden-arbeitsvertrage-abgefasst\/#breadcrumb\"},\"inLanguage\":\"de\",\"potentialAction\":[{\"@type\":\"ReadAction\",\"target\":[\"https:\/\/frontaliers-grandest.eu\/de\/startseite\/fremdsprachen-lernen\/der-sprachengebrauch-in-unternehmen\/in-luxemburg\/der-sprachengebrauch-in-unternehmen-in-luxemburg\/in-welcher-sprache-werden-arbeitsvertrage-abgefasst\/\"]}]},{\"@type\":\"BreadcrumbList\",\"@id\":\"https:\/\/frontaliers-grandest.eu\/de\/startseite\/fremdsprachen-lernen\/der-sprachengebrauch-in-unternehmen\/in-luxemburg\/der-sprachengebrauch-in-unternehmen-in-luxemburg\/in-welcher-sprache-werden-arbeitsvertrage-abgefasst\/#breadcrumb\",\"itemListElement\":[{\"@type\":\"ListItem\",\"position\":1,\"name\":\"Startseite\",\"item\":\"https:\/\/frontaliers-grandest.eu\/de\/\"},{\"@type\":\"ListItem\",\"position\":2,\"name\":\"Fremdsprachen Lernen\",\"item\":\"https:\/\/frontaliers-grandest.eu\/de\/startseite\/fremdsprachen-lernen\/\"},{\"@type\":\"ListItem\",\"position\":3,\"name\":\"Der sprachengebrauch in unternehmen\",\"item\":\"https:\/\/frontaliers-grandest.eu\/de\/startseite\/fremdsprachen-lernen\/der-sprachengebrauch-in-unternehmen\/\"},{\"@type\":\"ListItem\",\"position\":4,\"name\":\"In Luxemburg\",\"item\":\"https:\/\/frontaliers-grandest.eu\/de\/startseite\/fremdsprachen-lernen\/der-sprachengebrauch-in-unternehmen\/in-luxemburg\/\"},{\"@type\":\"ListItem\",\"position\":5,\"name\":\"Der Sprachengebrauch in Unternehmen in Luxemburg\",\"item\":\"https:\/\/frontaliers-grandest.eu\/de\/startseite\/fremdsprachen-lernen\/der-sprachengebrauch-in-unternehmen\/in-luxemburg\/der-sprachengebrauch-in-unternehmen-in-luxemburg\/\"},{\"@type\":\"ListItem\",\"position\":6,\"name\":\"In welcher Sprache werden Arbeitsvertr\u00e4ge abgefasst?\"}]},{\"@type\":\"WebSite\",\"@id\":\"https:\/\/frontaliers-grandest.eu\/de\/#website\",\"url\":\"https:\/\/frontaliers-grandest.eu\/de\/\",\"name\":\"Frontaliers Grand Est\",\"description\":\"Le site ressource du travail frontalier\",\"publisher\":{\"@id\":\"https:\/\/frontaliers-grandest.eu\/de\/#organization\"},\"alternateName\":\"Frontaliers Grand Est\",\"potentialAction\":[{\"@type\":\"SearchAction\",\"target\":{\"@type\":\"EntryPoint\",\"urlTemplate\":\"https:\/\/frontaliers-grandest.eu\/de\/?s={search_term_string}\"},\"query-input\":{\"@type\":\"PropertyValueSpecification\",\"valueRequired\":true,\"valueName\":\"search_term_string\"}}],\"inLanguage\":\"de\"},{\"@type\":\"Organization\",\"@id\":\"https:\/\/frontaliers-grandest.eu\/de\/#organization\",\"name\":\"Frontaliers Grand Est\",\"alternateName\":\"Frontaliers Grand Est\",\"url\":\"https:\/\/frontaliers-grandest.eu\/de\/\",\"logo\":{\"@type\":\"ImageObject\",\"inLanguage\":\"de\",\"@id\":\"https:\/\/frontaliers-grandest.eu\/de\/#\/schema\/logo\/image\/\",\"url\":\"https:\/\/frontaliers-grandest.eu\/wp-content\/uploads\/2025\/07\/260328234_2966785176920310_3332838526503858160_n.jpg\",\"contentUrl\":\"https:\/\/frontaliers-grandest.eu\/wp-content\/uploads\/2025\/07\/260328234_2966785176920310_3332838526503858160_n.jpg\",\"width\":396,\"height\":396,\"caption\":\"Frontaliers Grand Est\"},\"image\":{\"@id\":\"https:\/\/frontaliers-grandest.eu\/de\/#\/schema\/logo\/image\/\"},\"sameAs\":[\"https:\/\/www.facebook.com\/frontaliers.GR.EST\/?locale=fr_FR\"]}]}<\/script>\n<!-- \/ Yoast SEO plugin. -->","yoast_head_json":{"title":"In welcher Sprache werden Arbeitsvertr\u00e4ge abgefasst? - Frontaliers Grand Est","robots":{"index":"index","follow":"follow","max-snippet":"max-snippet:-1","max-image-preview":"max-image-preview:large","max-video-preview":"max-video-preview:-1"},"canonical":"https:\/\/frontaliers-grandest.eu\/de\/startseite\/fremdsprachen-lernen\/der-sprachengebrauch-in-unternehmen\/in-luxemburg\/der-sprachengebrauch-in-unternehmen-in-luxemburg\/in-welcher-sprache-werden-arbeitsvertrage-abgefasst\/","og_locale":"de_DE","og_type":"article","og_title":"In welcher Sprache werden Arbeitsvertr\u00e4ge abgefasst? - Frontaliers Grand Est","og_description":"Arbeitsvertr\u00e4ge k\u00f6nnen&nbsp;in jeder beliebigen Sprache aufgesetzt werde, die beide Vertragsparteien verstehen.&nbsp;Ein Schreiben, das in einer dem Arbeitnehmer unbekannten oder nahezu unbekannten Sprache verfasst wurde, kann unter Berufung auf einen Willensmangel f\u00fcr nichtig erkl\u00e4rt werden (Artikel 1109 Zivilgesetzbuch). Die Bedeutung von Sprachen&nbsp;f\u00fcr eine Vielzahl von Stellen in Luxemburg&nbsp;wird immer gr\u00f6\u00dfer.&nbsp;Franz\u00f6sisch ist die am meisten verwendete Verkehrssprache, [&hellip;]","og_url":"https:\/\/frontaliers-grandest.eu\/de\/startseite\/fremdsprachen-lernen\/der-sprachengebrauch-in-unternehmen\/in-luxemburg\/der-sprachengebrauch-in-unternehmen-in-luxemburg\/in-welcher-sprache-werden-arbeitsvertrage-abgefasst\/","og_site_name":"Frontaliers Grand Est","article_publisher":"https:\/\/www.facebook.com\/frontaliers.GR.EST\/?locale=fr_FR","article_modified_time":"2021-05-04T10:06:41+00:00","twitter_card":"summary_large_image","twitter_misc":{"Gesch\u00e4tzte Lesezeit":"1\u00a0Minute"},"schema":{"@context":"https:\/\/schema.org","@graph":[{"@type":"WebPage","@id":"https:\/\/frontaliers-grandest.eu\/de\/startseite\/fremdsprachen-lernen\/der-sprachengebrauch-in-unternehmen\/in-luxemburg\/der-sprachengebrauch-in-unternehmen-in-luxemburg\/in-welcher-sprache-werden-arbeitsvertrage-abgefasst\/","url":"https:\/\/frontaliers-grandest.eu\/de\/startseite\/fremdsprachen-lernen\/der-sprachengebrauch-in-unternehmen\/in-luxemburg\/der-sprachengebrauch-in-unternehmen-in-luxemburg\/in-welcher-sprache-werden-arbeitsvertrage-abgefasst\/","name":"In welcher Sprache werden Arbeitsvertr\u00e4ge abgefasst? - Frontaliers Grand Est","isPartOf":{"@id":"https:\/\/frontaliers-grandest.eu\/de\/#website"},"datePublished":"2021-04-29T12:35:36+00:00","dateModified":"2021-05-04T10:06:41+00:00","breadcrumb":{"@id":"https:\/\/frontaliers-grandest.eu\/de\/startseite\/fremdsprachen-lernen\/der-sprachengebrauch-in-unternehmen\/in-luxemburg\/der-sprachengebrauch-in-unternehmen-in-luxemburg\/in-welcher-sprache-werden-arbeitsvertrage-abgefasst\/#breadcrumb"},"inLanguage":"de","potentialAction":[{"@type":"ReadAction","target":["https:\/\/frontaliers-grandest.eu\/de\/startseite\/fremdsprachen-lernen\/der-sprachengebrauch-in-unternehmen\/in-luxemburg\/der-sprachengebrauch-in-unternehmen-in-luxemburg\/in-welcher-sprache-werden-arbeitsvertrage-abgefasst\/"]}]},{"@type":"BreadcrumbList","@id":"https:\/\/frontaliers-grandest.eu\/de\/startseite\/fremdsprachen-lernen\/der-sprachengebrauch-in-unternehmen\/in-luxemburg\/der-sprachengebrauch-in-unternehmen-in-luxemburg\/in-welcher-sprache-werden-arbeitsvertrage-abgefasst\/#breadcrumb","itemListElement":[{"@type":"ListItem","position":1,"name":"Startseite","item":"https:\/\/frontaliers-grandest.eu\/de\/"},{"@type":"ListItem","position":2,"name":"Fremdsprachen Lernen","item":"https:\/\/frontaliers-grandest.eu\/de\/startseite\/fremdsprachen-lernen\/"},{"@type":"ListItem","position":3,"name":"Der sprachengebrauch in unternehmen","item":"https:\/\/frontaliers-grandest.eu\/de\/startseite\/fremdsprachen-lernen\/der-sprachengebrauch-in-unternehmen\/"},{"@type":"ListItem","position":4,"name":"In Luxemburg","item":"https:\/\/frontaliers-grandest.eu\/de\/startseite\/fremdsprachen-lernen\/der-sprachengebrauch-in-unternehmen\/in-luxemburg\/"},{"@type":"ListItem","position":5,"name":"Der Sprachengebrauch in Unternehmen in Luxemburg","item":"https:\/\/frontaliers-grandest.eu\/de\/startseite\/fremdsprachen-lernen\/der-sprachengebrauch-in-unternehmen\/in-luxemburg\/der-sprachengebrauch-in-unternehmen-in-luxemburg\/"},{"@type":"ListItem","position":6,"name":"In welcher Sprache werden Arbeitsvertr\u00e4ge abgefasst?"}]},{"@type":"WebSite","@id":"https:\/\/frontaliers-grandest.eu\/de\/#website","url":"https:\/\/frontaliers-grandest.eu\/de\/","name":"Frontaliers Grand Est","description":"Le site ressource du travail frontalier","publisher":{"@id":"https:\/\/frontaliers-grandest.eu\/de\/#organization"},"alternateName":"Frontaliers Grand Est","potentialAction":[{"@type":"SearchAction","target":{"@type":"EntryPoint","urlTemplate":"https:\/\/frontaliers-grandest.eu\/de\/?s={search_term_string}"},"query-input":{"@type":"PropertyValueSpecification","valueRequired":true,"valueName":"search_term_string"}}],"inLanguage":"de"},{"@type":"Organization","@id":"https:\/\/frontaliers-grandest.eu\/de\/#organization","name":"Frontaliers Grand Est","alternateName":"Frontaliers Grand Est","url":"https:\/\/frontaliers-grandest.eu\/de\/","logo":{"@type":"ImageObject","inLanguage":"de","@id":"https:\/\/frontaliers-grandest.eu\/de\/#\/schema\/logo\/image\/","url":"https:\/\/frontaliers-grandest.eu\/wp-content\/uploads\/2025\/07\/260328234_2966785176920310_3332838526503858160_n.jpg","contentUrl":"https:\/\/frontaliers-grandest.eu\/wp-content\/uploads\/2025\/07\/260328234_2966785176920310_3332838526503858160_n.jpg","width":396,"height":396,"caption":"Frontaliers Grand Est"},"image":{"@id":"https:\/\/frontaliers-grandest.eu\/de\/#\/schema\/logo\/image\/"},"sameAs":["https:\/\/www.facebook.com\/frontaliers.GR.EST\/?locale=fr_FR"]}]}},"frge_page_order":0,"_links":{"self":[{"href":"https:\/\/frontaliers-grandest.eu\/de\/wp-json\/wp\/v2\/pages\/6952","targetHints":{"allow":["GET"]}}],"collection":[{"href":"https:\/\/frontaliers-grandest.eu\/de\/wp-json\/wp\/v2\/pages"}],"about":[{"href":"https:\/\/frontaliers-grandest.eu\/de\/wp-json\/wp\/v2\/types\/page"}],"author":[{"embeddable":true,"href":"https:\/\/frontaliers-grandest.eu\/de\/wp-json\/wp\/v2\/users\/7"}],"replies":[{"embeddable":true,"href":"https:\/\/frontaliers-grandest.eu\/de\/wp-json\/wp\/v2\/comments?post=6952"}],"version-history":[{"count":2,"href":"https:\/\/frontaliers-grandest.eu\/de\/wp-json\/wp\/v2\/pages\/6952\/revisions"}],"predecessor-version":[{"id":7055,"href":"https:\/\/frontaliers-grandest.eu\/de\/wp-json\/wp\/v2\/pages\/6952\/revisions\/7055"}],"up":[{"embeddable":true,"href":"https:\/\/frontaliers-grandest.eu\/de\/wp-json\/wp\/v2\/pages\/6950"}],"wp:attachment":[{"href":"https:\/\/frontaliers-grandest.eu\/de\/wp-json\/wp\/v2\/media?parent=6952"}],"wp:term":[{"taxonomy":"post_tag","embeddable":true,"href":"https:\/\/frontaliers-grandest.eu\/de\/wp-json\/wp\/v2\/tags?post=6952"},{"taxonomy":"frge_profile","embeddable":true,"href":"https:\/\/frontaliers-grandest.eu\/de\/wp-json\/wp\/v2\/frge_profile?post=6952"}],"curies":[{"name":"wp","href":"https:\/\/api.w.org\/{rel}","templated":true}]}}