{"id":6950,"date":"2021-04-29T14:34:28","date_gmt":"2021-04-29T12:34:28","guid":{"rendered":"https:\/\/frontaliers-grandest.eu\/?page_id=6950"},"modified":"2021-05-04T12:06:34","modified_gmt":"2021-05-04T10:06:34","slug":"der-sprachengebrauch-in-unternehmen-in-luxemburg","status":"publish","type":"page","link":"https:\/\/frontaliers-grandest.eu\/de\/startseite\/fremdsprachen-lernen\/der-sprachengebrauch-in-unternehmen\/in-luxemburg\/der-sprachengebrauch-in-unternehmen-in-luxemburg\/","title":{"rendered":"Der Sprachengebrauch in Unternehmen in Luxemburg"},"content":{"rendered":"\n<p>Die Mehrsprachigkeit ist in Luxemburg seit 1984 gesetzlich verankert: Das entsprechende Gesetz zur Sprachenregelung legt Luxemburgisch als Landessprache fest und schreibt den Gebrauch von Franz\u00f6sisch und Deutsch f\u00fcr Gesetze und Rechtsvorschriften vor.<\/p>\n\n\n\n<p>Alle drei Sprachen (Franz\u00f6sisch, Deutsch und Luxemburgisch) haben den Status einer Verwaltungs- und Rechtssprache. Sie sind im Land unterschiedlich stark pr\u00e4sent und teilen sich die Funktionen als Arbeits-, Amts- und Verkehrssprache.<\/p>\n","protected":false},"excerpt":{"rendered":"<p>Die Mehrsprachigkeit ist in Luxemburg seit 1984 gesetzlich verankert: Das entsprechende Gesetz zur Sprachenregelung legt Luxemburgisch als Landessprache fest und schreibt den Gebrauch von Franz\u00f6sisch und Deutsch f\u00fcr Gesetze und Rechtsvorschriften vor. Alle drei Sprachen (Franz\u00f6sisch, Deutsch und Luxemburgisch) haben den Status einer Verwaltungs- und Rechtssprache. Sie sind im Land unterschiedlich stark pr\u00e4sent und teilen [&hellip;]<\/p>\n","protected":false},"author":7,"featured_media":0,"parent":6947,"menu_order":0,"comment_status":"closed","ping_status":"closed","template":"","meta":{"inline_featured_image":false,"footnotes":""},"tags":[],"frge_profile":[],"class_list":["post-6950","page","type-page","status-publish","hentry"],"yoast_head":"<!-- This site is optimized with the Yoast SEO plugin v27.1.1 - https:\/\/yoast.com\/product\/yoast-seo-wordpress\/ -->\n<title>Der Sprachengebrauch in Unternehmen in Luxemburg - Frontaliers Grand Est<\/title>\n<meta name=\"robots\" content=\"index, follow, max-snippet:-1, max-image-preview:large, max-video-preview:-1\" \/>\n<link rel=\"canonical\" href=\"https:\/\/frontaliers-grandest.eu\/de\/startseite\/fremdsprachen-lernen\/der-sprachengebrauch-in-unternehmen\/in-luxemburg\/der-sprachengebrauch-in-unternehmen-in-luxemburg\/\" \/>\n<meta property=\"og:locale\" content=\"de_DE\" \/>\n<meta property=\"og:type\" content=\"article\" \/>\n<meta property=\"og:title\" content=\"Der Sprachengebrauch in Unternehmen in Luxemburg - Frontaliers Grand Est\" \/>\n<meta property=\"og:description\" content=\"Die Mehrsprachigkeit ist in Luxemburg seit 1984 gesetzlich verankert: Das entsprechende Gesetz zur Sprachenregelung legt Luxemburgisch als Landessprache fest und schreibt den Gebrauch von Franz\u00f6sisch und Deutsch f\u00fcr Gesetze und Rechtsvorschriften vor. Alle drei Sprachen (Franz\u00f6sisch, Deutsch und Luxemburgisch) haben den Status einer Verwaltungs- und Rechtssprache. Sie sind im Land unterschiedlich stark pr\u00e4sent und teilen [&hellip;]\" \/>\n<meta property=\"og:url\" content=\"https:\/\/frontaliers-grandest.eu\/de\/startseite\/fremdsprachen-lernen\/der-sprachengebrauch-in-unternehmen\/in-luxemburg\/der-sprachengebrauch-in-unternehmen-in-luxemburg\/\" \/>\n<meta property=\"og:site_name\" content=\"Frontaliers Grand Est\" \/>\n<meta property=\"article:publisher\" content=\"https:\/\/www.facebook.com\/frontaliers.GR.EST\/?locale=fr_FR\" \/>\n<meta property=\"article:modified_time\" content=\"2021-05-04T10:06:34+00:00\" \/>\n<meta name=\"twitter:card\" content=\"summary_large_image\" \/>\n<meta name=\"twitter:label1\" content=\"Gesch\u00e4tzte Lesezeit\" \/>\n\t<meta name=\"twitter:data1\" content=\"1\u00a0Minute\" \/>\n<script type=\"application\/ld+json\" class=\"yoast-schema-graph\">{\"@context\":\"https:\/\/schema.org\",\"@graph\":[{\"@type\":\"WebPage\",\"@id\":\"https:\/\/frontaliers-grandest.eu\/de\/startseite\/fremdsprachen-lernen\/der-sprachengebrauch-in-unternehmen\/in-luxemburg\/der-sprachengebrauch-in-unternehmen-in-luxemburg\/\",\"url\":\"https:\/\/frontaliers-grandest.eu\/de\/startseite\/fremdsprachen-lernen\/der-sprachengebrauch-in-unternehmen\/in-luxemburg\/der-sprachengebrauch-in-unternehmen-in-luxemburg\/\",\"name\":\"Der Sprachengebrauch in Unternehmen in Luxemburg - Frontaliers Grand Est\",\"isPartOf\":{\"@id\":\"https:\/\/frontaliers-grandest.eu\/de\/#website\"},\"datePublished\":\"2021-04-29T12:34:28+00:00\",\"dateModified\":\"2021-05-04T10:06:34+00:00\",\"breadcrumb\":{\"@id\":\"https:\/\/frontaliers-grandest.eu\/de\/startseite\/fremdsprachen-lernen\/der-sprachengebrauch-in-unternehmen\/in-luxemburg\/der-sprachengebrauch-in-unternehmen-in-luxemburg\/#breadcrumb\"},\"inLanguage\":\"de\",\"potentialAction\":[{\"@type\":\"ReadAction\",\"target\":[\"https:\/\/frontaliers-grandest.eu\/de\/startseite\/fremdsprachen-lernen\/der-sprachengebrauch-in-unternehmen\/in-luxemburg\/der-sprachengebrauch-in-unternehmen-in-luxemburg\/\"]}]},{\"@type\":\"BreadcrumbList\",\"@id\":\"https:\/\/frontaliers-grandest.eu\/de\/startseite\/fremdsprachen-lernen\/der-sprachengebrauch-in-unternehmen\/in-luxemburg\/der-sprachengebrauch-in-unternehmen-in-luxemburg\/#breadcrumb\",\"itemListElement\":[{\"@type\":\"ListItem\",\"position\":1,\"name\":\"Startseite\",\"item\":\"https:\/\/frontaliers-grandest.eu\/de\/\"},{\"@type\":\"ListItem\",\"position\":2,\"name\":\"Fremdsprachen Lernen\",\"item\":\"https:\/\/frontaliers-grandest.eu\/de\/startseite\/fremdsprachen-lernen\/\"},{\"@type\":\"ListItem\",\"position\":3,\"name\":\"Der sprachengebrauch in unternehmen\",\"item\":\"https:\/\/frontaliers-grandest.eu\/de\/startseite\/fremdsprachen-lernen\/der-sprachengebrauch-in-unternehmen\/\"},{\"@type\":\"ListItem\",\"position\":4,\"name\":\"In Luxemburg\",\"item\":\"https:\/\/frontaliers-grandest.eu\/de\/startseite\/fremdsprachen-lernen\/der-sprachengebrauch-in-unternehmen\/in-luxemburg\/\"},{\"@type\":\"ListItem\",\"position\":5,\"name\":\"Der Sprachengebrauch in Unternehmen in Luxemburg\"}]},{\"@type\":\"WebSite\",\"@id\":\"https:\/\/frontaliers-grandest.eu\/de\/#website\",\"url\":\"https:\/\/frontaliers-grandest.eu\/de\/\",\"name\":\"Frontaliers Grand Est\",\"description\":\"Le site ressource du travail frontalier\",\"publisher\":{\"@id\":\"https:\/\/frontaliers-grandest.eu\/de\/#organization\"},\"alternateName\":\"Frontaliers Grand Est\",\"potentialAction\":[{\"@type\":\"SearchAction\",\"target\":{\"@type\":\"EntryPoint\",\"urlTemplate\":\"https:\/\/frontaliers-grandest.eu\/de\/?s={search_term_string}\"},\"query-input\":{\"@type\":\"PropertyValueSpecification\",\"valueRequired\":true,\"valueName\":\"search_term_string\"}}],\"inLanguage\":\"de\"},{\"@type\":\"Organization\",\"@id\":\"https:\/\/frontaliers-grandest.eu\/de\/#organization\",\"name\":\"Frontaliers Grand Est\",\"alternateName\":\"Frontaliers Grand Est\",\"url\":\"https:\/\/frontaliers-grandest.eu\/de\/\",\"logo\":{\"@type\":\"ImageObject\",\"inLanguage\":\"de\",\"@id\":\"https:\/\/frontaliers-grandest.eu\/de\/#\/schema\/logo\/image\/\",\"url\":\"https:\/\/frontaliers-grandest.eu\/wp-content\/uploads\/2025\/07\/260328234_2966785176920310_3332838526503858160_n.jpg\",\"contentUrl\":\"https:\/\/frontaliers-grandest.eu\/wp-content\/uploads\/2025\/07\/260328234_2966785176920310_3332838526503858160_n.jpg\",\"width\":396,\"height\":396,\"caption\":\"Frontaliers Grand Est\"},\"image\":{\"@id\":\"https:\/\/frontaliers-grandest.eu\/de\/#\/schema\/logo\/image\/\"},\"sameAs\":[\"https:\/\/www.facebook.com\/frontaliers.GR.EST\/?locale=fr_FR\"]}]}<\/script>\n<!-- \/ Yoast SEO plugin. -->","yoast_head_json":{"title":"Der Sprachengebrauch in Unternehmen in Luxemburg - Frontaliers Grand Est","robots":{"index":"index","follow":"follow","max-snippet":"max-snippet:-1","max-image-preview":"max-image-preview:large","max-video-preview":"max-video-preview:-1"},"canonical":"https:\/\/frontaliers-grandest.eu\/de\/startseite\/fremdsprachen-lernen\/der-sprachengebrauch-in-unternehmen\/in-luxemburg\/der-sprachengebrauch-in-unternehmen-in-luxemburg\/","og_locale":"de_DE","og_type":"article","og_title":"Der Sprachengebrauch in Unternehmen in Luxemburg - Frontaliers Grand Est","og_description":"Die Mehrsprachigkeit ist in Luxemburg seit 1984 gesetzlich verankert: Das entsprechende Gesetz zur Sprachenregelung legt Luxemburgisch als Landessprache fest und schreibt den Gebrauch von Franz\u00f6sisch und Deutsch f\u00fcr Gesetze und Rechtsvorschriften vor. Alle drei Sprachen (Franz\u00f6sisch, Deutsch und Luxemburgisch) haben den Status einer Verwaltungs- und Rechtssprache. Sie sind im Land unterschiedlich stark pr\u00e4sent und teilen [&hellip;]","og_url":"https:\/\/frontaliers-grandest.eu\/de\/startseite\/fremdsprachen-lernen\/der-sprachengebrauch-in-unternehmen\/in-luxemburg\/der-sprachengebrauch-in-unternehmen-in-luxemburg\/","og_site_name":"Frontaliers Grand Est","article_publisher":"https:\/\/www.facebook.com\/frontaliers.GR.EST\/?locale=fr_FR","article_modified_time":"2021-05-04T10:06:34+00:00","twitter_card":"summary_large_image","twitter_misc":{"Gesch\u00e4tzte Lesezeit":"1\u00a0Minute"},"schema":{"@context":"https:\/\/schema.org","@graph":[{"@type":"WebPage","@id":"https:\/\/frontaliers-grandest.eu\/de\/startseite\/fremdsprachen-lernen\/der-sprachengebrauch-in-unternehmen\/in-luxemburg\/der-sprachengebrauch-in-unternehmen-in-luxemburg\/","url":"https:\/\/frontaliers-grandest.eu\/de\/startseite\/fremdsprachen-lernen\/der-sprachengebrauch-in-unternehmen\/in-luxemburg\/der-sprachengebrauch-in-unternehmen-in-luxemburg\/","name":"Der Sprachengebrauch in Unternehmen in Luxemburg - Frontaliers Grand Est","isPartOf":{"@id":"https:\/\/frontaliers-grandest.eu\/de\/#website"},"datePublished":"2021-04-29T12:34:28+00:00","dateModified":"2021-05-04T10:06:34+00:00","breadcrumb":{"@id":"https:\/\/frontaliers-grandest.eu\/de\/startseite\/fremdsprachen-lernen\/der-sprachengebrauch-in-unternehmen\/in-luxemburg\/der-sprachengebrauch-in-unternehmen-in-luxemburg\/#breadcrumb"},"inLanguage":"de","potentialAction":[{"@type":"ReadAction","target":["https:\/\/frontaliers-grandest.eu\/de\/startseite\/fremdsprachen-lernen\/der-sprachengebrauch-in-unternehmen\/in-luxemburg\/der-sprachengebrauch-in-unternehmen-in-luxemburg\/"]}]},{"@type":"BreadcrumbList","@id":"https:\/\/frontaliers-grandest.eu\/de\/startseite\/fremdsprachen-lernen\/der-sprachengebrauch-in-unternehmen\/in-luxemburg\/der-sprachengebrauch-in-unternehmen-in-luxemburg\/#breadcrumb","itemListElement":[{"@type":"ListItem","position":1,"name":"Startseite","item":"https:\/\/frontaliers-grandest.eu\/de\/"},{"@type":"ListItem","position":2,"name":"Fremdsprachen Lernen","item":"https:\/\/frontaliers-grandest.eu\/de\/startseite\/fremdsprachen-lernen\/"},{"@type":"ListItem","position":3,"name":"Der sprachengebrauch in unternehmen","item":"https:\/\/frontaliers-grandest.eu\/de\/startseite\/fremdsprachen-lernen\/der-sprachengebrauch-in-unternehmen\/"},{"@type":"ListItem","position":4,"name":"In Luxemburg","item":"https:\/\/frontaliers-grandest.eu\/de\/startseite\/fremdsprachen-lernen\/der-sprachengebrauch-in-unternehmen\/in-luxemburg\/"},{"@type":"ListItem","position":5,"name":"Der Sprachengebrauch in Unternehmen in Luxemburg"}]},{"@type":"WebSite","@id":"https:\/\/frontaliers-grandest.eu\/de\/#website","url":"https:\/\/frontaliers-grandest.eu\/de\/","name":"Frontaliers Grand Est","description":"Le site ressource du travail frontalier","publisher":{"@id":"https:\/\/frontaliers-grandest.eu\/de\/#organization"},"alternateName":"Frontaliers Grand Est","potentialAction":[{"@type":"SearchAction","target":{"@type":"EntryPoint","urlTemplate":"https:\/\/frontaliers-grandest.eu\/de\/?s={search_term_string}"},"query-input":{"@type":"PropertyValueSpecification","valueRequired":true,"valueName":"search_term_string"}}],"inLanguage":"de"},{"@type":"Organization","@id":"https:\/\/frontaliers-grandest.eu\/de\/#organization","name":"Frontaliers Grand Est","alternateName":"Frontaliers Grand Est","url":"https:\/\/frontaliers-grandest.eu\/de\/","logo":{"@type":"ImageObject","inLanguage":"de","@id":"https:\/\/frontaliers-grandest.eu\/de\/#\/schema\/logo\/image\/","url":"https:\/\/frontaliers-grandest.eu\/wp-content\/uploads\/2025\/07\/260328234_2966785176920310_3332838526503858160_n.jpg","contentUrl":"https:\/\/frontaliers-grandest.eu\/wp-content\/uploads\/2025\/07\/260328234_2966785176920310_3332838526503858160_n.jpg","width":396,"height":396,"caption":"Frontaliers Grand Est"},"image":{"@id":"https:\/\/frontaliers-grandest.eu\/de\/#\/schema\/logo\/image\/"},"sameAs":["https:\/\/www.facebook.com\/frontaliers.GR.EST\/?locale=fr_FR"]}]}},"frge_page_order":0,"_links":{"self":[{"href":"https:\/\/frontaliers-grandest.eu\/de\/wp-json\/wp\/v2\/pages\/6950","targetHints":{"allow":["GET"]}}],"collection":[{"href":"https:\/\/frontaliers-grandest.eu\/de\/wp-json\/wp\/v2\/pages"}],"about":[{"href":"https:\/\/frontaliers-grandest.eu\/de\/wp-json\/wp\/v2\/types\/page"}],"author":[{"embeddable":true,"href":"https:\/\/frontaliers-grandest.eu\/de\/wp-json\/wp\/v2\/users\/7"}],"replies":[{"embeddable":true,"href":"https:\/\/frontaliers-grandest.eu\/de\/wp-json\/wp\/v2\/comments?post=6950"}],"version-history":[{"count":2,"href":"https:\/\/frontaliers-grandest.eu\/de\/wp-json\/wp\/v2\/pages\/6950\/revisions"}],"predecessor-version":[{"id":7054,"href":"https:\/\/frontaliers-grandest.eu\/de\/wp-json\/wp\/v2\/pages\/6950\/revisions\/7054"}],"up":[{"embeddable":true,"href":"https:\/\/frontaliers-grandest.eu\/de\/wp-json\/wp\/v2\/pages\/6947"}],"wp:attachment":[{"href":"https:\/\/frontaliers-grandest.eu\/de\/wp-json\/wp\/v2\/media?parent=6950"}],"wp:term":[{"taxonomy":"post_tag","embeddable":true,"href":"https:\/\/frontaliers-grandest.eu\/de\/wp-json\/wp\/v2\/tags?post=6950"},{"taxonomy":"frge_profile","embeddable":true,"href":"https:\/\/frontaliers-grandest.eu\/de\/wp-json\/wp\/v2\/frge_profile?post=6950"}],"curies":[{"name":"wp","href":"https:\/\/api.w.org\/{rel}","templated":true}]}}