{"id":6945,"date":"2021-04-29T14:29:19","date_gmt":"2021-04-29T12:29:19","guid":{"rendered":"https:\/\/frontaliers-grandest.eu\/?page_id=6945"},"modified":"2021-05-04T12:05:52","modified_gmt":"2021-05-04T10:05:52","slug":"welche-sprache-fur-welche-branche","status":"publish","type":"page","link":"https:\/\/frontaliers-grandest.eu\/de\/startseite\/fremdsprachen-lernen\/der-sprachengebrauch-in-unternehmen\/in-belgien\/der-sprachengebrauch-in-unternehmen-in-belgien\/welche-sprache-fur-welche-branche\/","title":{"rendered":"Welche Sprache f\u00fcr welche Branche?"},"content":{"rendered":"\n<h4 class=\"wp-block-heading\"><strong>Wallonie<\/strong><\/h4>\n\n\n\n<p>Die zentrale Rolle im Wirtschaftsgef\u00fcge der Wallonie spielen die kleinen und mittleren Unternehmen (KMU). International renommierte Unternehmen gibt es in diesem Teil des Staatsgebiets zwar nur wenige,&nbsp;<strong>doch diejenigen, die hier ans\u00e4ssig sind, schaffen zahlreiche Arbeitspl\u00e4tze<\/strong>&nbsp;(z. B. das Pharmaunternehmen GlaxoSmithKline Biologicals in Wavre und der Stahlkonzern ArcelorMittal in L\u00fcttich).<\/p>\n\n\n\n<ul class=\"wp-block-list\"><li><strong>Branchen<\/strong><br>Handel (Unternehmensgruppe Louis Delhaize in Charleroi, Einzelhandelsunternehmen), Unternehmensdienstleistungen (Unternehmensgruppe Laurenty in L\u00fcttich, Reinigungs- und Instandhaltungsunternehmen), Transport (TNT Express in L\u00fcttich), Nahrungsmittel (Brasserie InBev in Jupille und L\u00f6wen), Finanzsektor (Banken ING Belgien und Belfius).<\/li><li><strong>Gefragte Sprachen<\/strong><br>Die drei wichtigsten Exportl\u00e4nder f\u00fcr die Wallonie sind Frankreich, Deutschland und die Niederlande.<br>Zus\u00e4tzlich zu Franz\u00f6sisch verwenden viele Unternehmen zwei oder gar drei weitere Sprachen.&nbsp;<strong>Englisch<\/strong>&nbsp;ist die Sprache, die am st\u00e4rksten nachgefragt ist, gefolgt vom&nbsp;<strong>Niederl\u00e4ndischen<\/strong>&nbsp;(Hauptsprache in den kleinen Unternehmen und im Bausektor) und vom&nbsp;<strong>Deutschen<\/strong>. Spanisch und Italienisch folgen mit gro\u00dfem Abstand.<\/li><li><strong>Art der Stellen<\/strong><br>Handelsvertreter, Projektleiter, Webprogrammierer, Verwaltungsangestellte.<\/li><li><strong>Anforderungsprofile<\/strong><br>Zweisprachige Personen, die sich in beiden Sprachen auszudr\u00fccken verstehen, Vermerke f\u00fcr die Muttergesellschaft verfassen oder auch eine PowerPoint-Pr\u00e4sentation machen k\u00f6nnen.<\/li><\/ul>\n\n\n\n<h4 class=\"wp-block-heading\"><strong>Br\u00fcssel-Hauptstadt<\/strong><\/h4>\n\n\n\n<p>Die Region Br\u00fcssel-Hauptstadt ist die wichtigste Arbeitsmarktregion des Landes.<\/p>\n\n\n\n<ul class=\"wp-block-list\"><li><strong>Branchen<\/strong><br>Versicherungen (AG Insurance), Unternehmensdienstleistungen, Automobilindustrie (Toyota Motor Europe), Internationale Institutionen (Europ\u00e4ische Kommission), Finanzsektor (ING Belgien).<\/li><li><strong>Gefragte Sprachen<\/strong><br>Franz\u00f6sisch und Niederl\u00e4ndisch.&nbsp;In Br\u00fcssel werden bei vier von f\u00fcnf Stellenangeboten Niederl\u00e4ndischkenntnisse verlangt.<\/li><li><strong>Art der Stellen<\/strong><br>Vertriebsmitarbeiter, Kundenbetreuer, F\u00fchrungskr\u00e4fte, Projektbeauftragte, Sachbearbeiter, Empfangsmitarbeiter, Techniker und Spezialisten, Finanzvermittler, Immobilienmakler, Unternehmensdienstleistungen.<\/li><li><strong>Anforderungsprofile<\/strong><br>F\u00fcr mehrsprachige Bewerber aus dem Ausland (Franz\u00f6sisch, Niederl\u00e4ndisch, Englisch und teilweise Deutsch) gibt es viele Stellen mit einem hohen Qualifikationsprofil.<\/li><\/ul>\n\n\n\n<h4 class=\"wp-block-heading\"><strong>Flandern<\/strong><\/h4>\n\n\n\n<p>Amtssprache in Flandern ist Niederl\u00e4ndisch. In Flandern sind viele in- und ausl\u00e4ndische Unternehmen ans\u00e4ssig&nbsp;<strong>und zahlreiche internationale Konzerne mit einem Standort vertreten<\/strong>.&nbsp;Die Mehrsprachigkeit der Flamen ist weltweit bekannt: Ein gro\u00dfer Teil der Bev\u00f6lkerung spricht zus\u00e4tzlich zum Niederl\u00e4ndischen als Muttersprache mindestens zwei weitere Sprachen (Franz\u00f6sisch und Englisch).<\/p>\n\n\n\n<ul class=\"wp-block-list\"><li><strong>Branchen<\/strong><br>Chemie, Biotechnologien, Automobilindustrie (Volvo, Van Hool), Logistik (Logistikplattform Zeebr\u00fcgge), Transport (Seehafen Antwerpen), Nahrungsmittel, IKT, Raumfahrt (Spacebel).<\/li><li><strong>Gefragte Sprachen<\/strong><br>Franz\u00f6sisch und Englisch. Mindestkenntnisse im Niederl\u00e4ndischen sind unverzichtbar f\u00fcr eine Bewerbung in Flandern.<\/li><li><strong>Art der Stellen<\/strong><br>Gesch\u00e4ftsf\u00fchrer, Elektrotechniker, Pharmavertreter, Softwareentwickler f\u00fcr die Industrie, Handelsvertreter, kaufm\u00e4nnische Angestellte f\u00fcr den internationalen Transport.<\/li><li><strong>Anfoderungsprofile<\/strong><br>Mehrsprachige und flexible Bewerber mit einem hohen Bildungsabschluss.<\/li><\/ul>\n\n\n\n<p><\/p>\n","protected":false},"excerpt":{"rendered":"<p>Wallonie Die zentrale Rolle im Wirtschaftsgef\u00fcge der Wallonie spielen die kleinen und mittleren Unternehmen (KMU). International renommierte Unternehmen gibt es in diesem Teil des Staatsgebiets zwar nur wenige,&nbsp;doch diejenigen, die hier ans\u00e4ssig sind, schaffen zahlreiche Arbeitspl\u00e4tze&nbsp;(z. B. das Pharmaunternehmen GlaxoSmithKline Biologicals in Wavre und der Stahlkonzern ArcelorMittal in L\u00fcttich). BranchenHandel (Unternehmensgruppe Louis Delhaize in Charleroi, [&hellip;]<\/p>\n","protected":false},"author":7,"featured_media":0,"parent":6941,"menu_order":1,"comment_status":"closed","ping_status":"closed","template":"","meta":{"inline_featured_image":false,"footnotes":""},"tags":[],"frge_profile":[],"class_list":["post-6945","page","type-page","status-publish","hentry"],"yoast_head":"<!-- This site is optimized with the Yoast SEO plugin v27.1.1 - https:\/\/yoast.com\/product\/yoast-seo-wordpress\/ -->\n<title>Welche Sprache f\u00fcr welche Branche? - Frontaliers Grand Est<\/title>\n<meta name=\"robots\" content=\"index, follow, max-snippet:-1, max-image-preview:large, max-video-preview:-1\" \/>\n<link rel=\"canonical\" href=\"https:\/\/frontaliers-grandest.eu\/de\/startseite\/fremdsprachen-lernen\/der-sprachengebrauch-in-unternehmen\/in-belgien\/der-sprachengebrauch-in-unternehmen-in-belgien\/welche-sprache-fur-welche-branche\/\" \/>\n<meta property=\"og:locale\" content=\"de_DE\" \/>\n<meta property=\"og:type\" content=\"article\" \/>\n<meta property=\"og:title\" content=\"Welche Sprache f\u00fcr welche Branche? - Frontaliers Grand Est\" \/>\n<meta property=\"og:description\" content=\"Wallonie Die zentrale Rolle im Wirtschaftsgef\u00fcge der Wallonie spielen die kleinen und mittleren Unternehmen (KMU). International renommierte Unternehmen gibt es in diesem Teil des Staatsgebiets zwar nur wenige,&nbsp;doch diejenigen, die hier ans\u00e4ssig sind, schaffen zahlreiche Arbeitspl\u00e4tze&nbsp;(z. B. das Pharmaunternehmen GlaxoSmithKline Biologicals in Wavre und der Stahlkonzern ArcelorMittal in L\u00fcttich). BranchenHandel (Unternehmensgruppe Louis Delhaize in Charleroi, [&hellip;]\" \/>\n<meta property=\"og:url\" content=\"https:\/\/frontaliers-grandest.eu\/de\/startseite\/fremdsprachen-lernen\/der-sprachengebrauch-in-unternehmen\/in-belgien\/der-sprachengebrauch-in-unternehmen-in-belgien\/welche-sprache-fur-welche-branche\/\" \/>\n<meta property=\"og:site_name\" content=\"Frontaliers Grand Est\" \/>\n<meta property=\"article:publisher\" content=\"https:\/\/www.facebook.com\/frontaliers.GR.EST\/?locale=fr_FR\" \/>\n<meta property=\"article:modified_time\" content=\"2021-05-04T10:05:52+00:00\" \/>\n<meta name=\"twitter:card\" content=\"summary_large_image\" \/>\n<meta name=\"twitter:label1\" content=\"Gesch\u00e4tzte Lesezeit\" \/>\n\t<meta name=\"twitter:data1\" content=\"2\u00a0Minuten\" \/>\n<script type=\"application\/ld+json\" class=\"yoast-schema-graph\">{\"@context\":\"https:\/\/schema.org\",\"@graph\":[{\"@type\":\"WebPage\",\"@id\":\"https:\/\/frontaliers-grandest.eu\/de\/startseite\/fremdsprachen-lernen\/der-sprachengebrauch-in-unternehmen\/in-belgien\/der-sprachengebrauch-in-unternehmen-in-belgien\/welche-sprache-fur-welche-branche\/\",\"url\":\"https:\/\/frontaliers-grandest.eu\/de\/startseite\/fremdsprachen-lernen\/der-sprachengebrauch-in-unternehmen\/in-belgien\/der-sprachengebrauch-in-unternehmen-in-belgien\/welche-sprache-fur-welche-branche\/\",\"name\":\"Welche Sprache f\u00fcr welche Branche? - Frontaliers Grand Est\",\"isPartOf\":{\"@id\":\"https:\/\/frontaliers-grandest.eu\/de\/#website\"},\"datePublished\":\"2021-04-29T12:29:19+00:00\",\"dateModified\":\"2021-05-04T10:05:52+00:00\",\"breadcrumb\":{\"@id\":\"https:\/\/frontaliers-grandest.eu\/de\/startseite\/fremdsprachen-lernen\/der-sprachengebrauch-in-unternehmen\/in-belgien\/der-sprachengebrauch-in-unternehmen-in-belgien\/welche-sprache-fur-welche-branche\/#breadcrumb\"},\"inLanguage\":\"de\",\"potentialAction\":[{\"@type\":\"ReadAction\",\"target\":[\"https:\/\/frontaliers-grandest.eu\/de\/startseite\/fremdsprachen-lernen\/der-sprachengebrauch-in-unternehmen\/in-belgien\/der-sprachengebrauch-in-unternehmen-in-belgien\/welche-sprache-fur-welche-branche\/\"]}]},{\"@type\":\"BreadcrumbList\",\"@id\":\"https:\/\/frontaliers-grandest.eu\/de\/startseite\/fremdsprachen-lernen\/der-sprachengebrauch-in-unternehmen\/in-belgien\/der-sprachengebrauch-in-unternehmen-in-belgien\/welche-sprache-fur-welche-branche\/#breadcrumb\",\"itemListElement\":[{\"@type\":\"ListItem\",\"position\":1,\"name\":\"Startseite\",\"item\":\"https:\/\/frontaliers-grandest.eu\/de\/\"},{\"@type\":\"ListItem\",\"position\":2,\"name\":\"Fremdsprachen Lernen\",\"item\":\"https:\/\/frontaliers-grandest.eu\/de\/startseite\/fremdsprachen-lernen\/\"},{\"@type\":\"ListItem\",\"position\":3,\"name\":\"Der sprachengebrauch in unternehmen\",\"item\":\"https:\/\/frontaliers-grandest.eu\/de\/startseite\/fremdsprachen-lernen\/der-sprachengebrauch-in-unternehmen\/\"},{\"@type\":\"ListItem\",\"position\":4,\"name\":\"In Belgien\",\"item\":\"https:\/\/frontaliers-grandest.eu\/de\/startseite\/fremdsprachen-lernen\/der-sprachengebrauch-in-unternehmen\/in-belgien\/\"},{\"@type\":\"ListItem\",\"position\":5,\"name\":\"Der Sprachengebrauch in Unternehmen in Belgien\",\"item\":\"https:\/\/frontaliers-grandest.eu\/de\/startseite\/fremdsprachen-lernen\/der-sprachengebrauch-in-unternehmen\/in-belgien\/der-sprachengebrauch-in-unternehmen-in-belgien\/\"},{\"@type\":\"ListItem\",\"position\":6,\"name\":\"Welche Sprache f\u00fcr welche Branche?\"}]},{\"@type\":\"WebSite\",\"@id\":\"https:\/\/frontaliers-grandest.eu\/de\/#website\",\"url\":\"https:\/\/frontaliers-grandest.eu\/de\/\",\"name\":\"Frontaliers Grand Est\",\"description\":\"Le site ressource du travail frontalier\",\"publisher\":{\"@id\":\"https:\/\/frontaliers-grandest.eu\/de\/#organization\"},\"alternateName\":\"Frontaliers Grand Est\",\"potentialAction\":[{\"@type\":\"SearchAction\",\"target\":{\"@type\":\"EntryPoint\",\"urlTemplate\":\"https:\/\/frontaliers-grandest.eu\/de\/?s={search_term_string}\"},\"query-input\":{\"@type\":\"PropertyValueSpecification\",\"valueRequired\":true,\"valueName\":\"search_term_string\"}}],\"inLanguage\":\"de\"},{\"@type\":\"Organization\",\"@id\":\"https:\/\/frontaliers-grandest.eu\/de\/#organization\",\"name\":\"Frontaliers Grand Est\",\"alternateName\":\"Frontaliers Grand Est\",\"url\":\"https:\/\/frontaliers-grandest.eu\/de\/\",\"logo\":{\"@type\":\"ImageObject\",\"inLanguage\":\"de\",\"@id\":\"https:\/\/frontaliers-grandest.eu\/de\/#\/schema\/logo\/image\/\",\"url\":\"https:\/\/frontaliers-grandest.eu\/wp-content\/uploads\/2025\/07\/260328234_2966785176920310_3332838526503858160_n.jpg\",\"contentUrl\":\"https:\/\/frontaliers-grandest.eu\/wp-content\/uploads\/2025\/07\/260328234_2966785176920310_3332838526503858160_n.jpg\",\"width\":396,\"height\":396,\"caption\":\"Frontaliers Grand Est\"},\"image\":{\"@id\":\"https:\/\/frontaliers-grandest.eu\/de\/#\/schema\/logo\/image\/\"},\"sameAs\":[\"https:\/\/www.facebook.com\/frontaliers.GR.EST\/?locale=fr_FR\"]}]}<\/script>\n<!-- \/ Yoast SEO plugin. -->","yoast_head_json":{"title":"Welche Sprache f\u00fcr welche Branche? - Frontaliers Grand Est","robots":{"index":"index","follow":"follow","max-snippet":"max-snippet:-1","max-image-preview":"max-image-preview:large","max-video-preview":"max-video-preview:-1"},"canonical":"https:\/\/frontaliers-grandest.eu\/de\/startseite\/fremdsprachen-lernen\/der-sprachengebrauch-in-unternehmen\/in-belgien\/der-sprachengebrauch-in-unternehmen-in-belgien\/welche-sprache-fur-welche-branche\/","og_locale":"de_DE","og_type":"article","og_title":"Welche Sprache f\u00fcr welche Branche? - Frontaliers Grand Est","og_description":"Wallonie Die zentrale Rolle im Wirtschaftsgef\u00fcge der Wallonie spielen die kleinen und mittleren Unternehmen (KMU). International renommierte Unternehmen gibt es in diesem Teil des Staatsgebiets zwar nur wenige,&nbsp;doch diejenigen, die hier ans\u00e4ssig sind, schaffen zahlreiche Arbeitspl\u00e4tze&nbsp;(z. B. das Pharmaunternehmen GlaxoSmithKline Biologicals in Wavre und der Stahlkonzern ArcelorMittal in L\u00fcttich). BranchenHandel (Unternehmensgruppe Louis Delhaize in Charleroi, [&hellip;]","og_url":"https:\/\/frontaliers-grandest.eu\/de\/startseite\/fremdsprachen-lernen\/der-sprachengebrauch-in-unternehmen\/in-belgien\/der-sprachengebrauch-in-unternehmen-in-belgien\/welche-sprache-fur-welche-branche\/","og_site_name":"Frontaliers Grand Est","article_publisher":"https:\/\/www.facebook.com\/frontaliers.GR.EST\/?locale=fr_FR","article_modified_time":"2021-05-04T10:05:52+00:00","twitter_card":"summary_large_image","twitter_misc":{"Gesch\u00e4tzte Lesezeit":"2\u00a0Minuten"},"schema":{"@context":"https:\/\/schema.org","@graph":[{"@type":"WebPage","@id":"https:\/\/frontaliers-grandest.eu\/de\/startseite\/fremdsprachen-lernen\/der-sprachengebrauch-in-unternehmen\/in-belgien\/der-sprachengebrauch-in-unternehmen-in-belgien\/welche-sprache-fur-welche-branche\/","url":"https:\/\/frontaliers-grandest.eu\/de\/startseite\/fremdsprachen-lernen\/der-sprachengebrauch-in-unternehmen\/in-belgien\/der-sprachengebrauch-in-unternehmen-in-belgien\/welche-sprache-fur-welche-branche\/","name":"Welche Sprache f\u00fcr welche Branche? - Frontaliers Grand Est","isPartOf":{"@id":"https:\/\/frontaliers-grandest.eu\/de\/#website"},"datePublished":"2021-04-29T12:29:19+00:00","dateModified":"2021-05-04T10:05:52+00:00","breadcrumb":{"@id":"https:\/\/frontaliers-grandest.eu\/de\/startseite\/fremdsprachen-lernen\/der-sprachengebrauch-in-unternehmen\/in-belgien\/der-sprachengebrauch-in-unternehmen-in-belgien\/welche-sprache-fur-welche-branche\/#breadcrumb"},"inLanguage":"de","potentialAction":[{"@type":"ReadAction","target":["https:\/\/frontaliers-grandest.eu\/de\/startseite\/fremdsprachen-lernen\/der-sprachengebrauch-in-unternehmen\/in-belgien\/der-sprachengebrauch-in-unternehmen-in-belgien\/welche-sprache-fur-welche-branche\/"]}]},{"@type":"BreadcrumbList","@id":"https:\/\/frontaliers-grandest.eu\/de\/startseite\/fremdsprachen-lernen\/der-sprachengebrauch-in-unternehmen\/in-belgien\/der-sprachengebrauch-in-unternehmen-in-belgien\/welche-sprache-fur-welche-branche\/#breadcrumb","itemListElement":[{"@type":"ListItem","position":1,"name":"Startseite","item":"https:\/\/frontaliers-grandest.eu\/de\/"},{"@type":"ListItem","position":2,"name":"Fremdsprachen Lernen","item":"https:\/\/frontaliers-grandest.eu\/de\/startseite\/fremdsprachen-lernen\/"},{"@type":"ListItem","position":3,"name":"Der sprachengebrauch in unternehmen","item":"https:\/\/frontaliers-grandest.eu\/de\/startseite\/fremdsprachen-lernen\/der-sprachengebrauch-in-unternehmen\/"},{"@type":"ListItem","position":4,"name":"In Belgien","item":"https:\/\/frontaliers-grandest.eu\/de\/startseite\/fremdsprachen-lernen\/der-sprachengebrauch-in-unternehmen\/in-belgien\/"},{"@type":"ListItem","position":5,"name":"Der Sprachengebrauch in Unternehmen in Belgien","item":"https:\/\/frontaliers-grandest.eu\/de\/startseite\/fremdsprachen-lernen\/der-sprachengebrauch-in-unternehmen\/in-belgien\/der-sprachengebrauch-in-unternehmen-in-belgien\/"},{"@type":"ListItem","position":6,"name":"Welche Sprache f\u00fcr welche Branche?"}]},{"@type":"WebSite","@id":"https:\/\/frontaliers-grandest.eu\/de\/#website","url":"https:\/\/frontaliers-grandest.eu\/de\/","name":"Frontaliers Grand Est","description":"Le site ressource du travail frontalier","publisher":{"@id":"https:\/\/frontaliers-grandest.eu\/de\/#organization"},"alternateName":"Frontaliers Grand Est","potentialAction":[{"@type":"SearchAction","target":{"@type":"EntryPoint","urlTemplate":"https:\/\/frontaliers-grandest.eu\/de\/?s={search_term_string}"},"query-input":{"@type":"PropertyValueSpecification","valueRequired":true,"valueName":"search_term_string"}}],"inLanguage":"de"},{"@type":"Organization","@id":"https:\/\/frontaliers-grandest.eu\/de\/#organization","name":"Frontaliers Grand Est","alternateName":"Frontaliers Grand Est","url":"https:\/\/frontaliers-grandest.eu\/de\/","logo":{"@type":"ImageObject","inLanguage":"de","@id":"https:\/\/frontaliers-grandest.eu\/de\/#\/schema\/logo\/image\/","url":"https:\/\/frontaliers-grandest.eu\/wp-content\/uploads\/2025\/07\/260328234_2966785176920310_3332838526503858160_n.jpg","contentUrl":"https:\/\/frontaliers-grandest.eu\/wp-content\/uploads\/2025\/07\/260328234_2966785176920310_3332838526503858160_n.jpg","width":396,"height":396,"caption":"Frontaliers Grand Est"},"image":{"@id":"https:\/\/frontaliers-grandest.eu\/de\/#\/schema\/logo\/image\/"},"sameAs":["https:\/\/www.facebook.com\/frontaliers.GR.EST\/?locale=fr_FR"]}]}},"frge_page_order":0,"_links":{"self":[{"href":"https:\/\/frontaliers-grandest.eu\/de\/wp-json\/wp\/v2\/pages\/6945","targetHints":{"allow":["GET"]}}],"collection":[{"href":"https:\/\/frontaliers-grandest.eu\/de\/wp-json\/wp\/v2\/pages"}],"about":[{"href":"https:\/\/frontaliers-grandest.eu\/de\/wp-json\/wp\/v2\/types\/page"}],"author":[{"embeddable":true,"href":"https:\/\/frontaliers-grandest.eu\/de\/wp-json\/wp\/v2\/users\/7"}],"replies":[{"embeddable":true,"href":"https:\/\/frontaliers-grandest.eu\/de\/wp-json\/wp\/v2\/comments?post=6945"}],"version-history":[{"count":2,"href":"https:\/\/frontaliers-grandest.eu\/de\/wp-json\/wp\/v2\/pages\/6945\/revisions"}],"predecessor-version":[{"id":7053,"href":"https:\/\/frontaliers-grandest.eu\/de\/wp-json\/wp\/v2\/pages\/6945\/revisions\/7053"}],"up":[{"embeddable":true,"href":"https:\/\/frontaliers-grandest.eu\/de\/wp-json\/wp\/v2\/pages\/6941"}],"wp:attachment":[{"href":"https:\/\/frontaliers-grandest.eu\/de\/wp-json\/wp\/v2\/media?parent=6945"}],"wp:term":[{"taxonomy":"post_tag","embeddable":true,"href":"https:\/\/frontaliers-grandest.eu\/de\/wp-json\/wp\/v2\/tags?post=6945"},{"taxonomy":"frge_profile","embeddable":true,"href":"https:\/\/frontaliers-grandest.eu\/de\/wp-json\/wp\/v2\/frge_profile?post=6945"}],"curies":[{"name":"wp","href":"https:\/\/api.w.org\/{rel}","templated":true}]}}