{"id":6943,"date":"2021-04-29T14:24:09","date_gmt":"2021-04-29T12:24:09","guid":{"rendered":"https:\/\/frontaliers-grandest.eu\/?page_id=6943"},"modified":"2021-05-04T12:05:46","modified_gmt":"2021-05-04T10:05:46","slug":"in-welcher-sprache-werden-arbeitsvertrage-abgefasst","status":"publish","type":"page","link":"https:\/\/frontaliers-grandest.eu\/de\/startseite\/fremdsprachen-lernen\/der-sprachengebrauch-in-unternehmen\/in-belgien\/der-sprachengebrauch-in-unternehmen-in-belgien\/in-welcher-sprache-werden-arbeitsvertrage-abgefasst\/","title":{"rendered":"In welcher Sprache werden Arbeitsvertr\u00e4ge abgefasst?"},"content":{"rendered":"\n<p>In Belgien ist&nbsp;<strong>gesetzlich geregelt, in welcher Sprache im Rahmen von Arbeitsbeziehungen kommuniziert werden muss<\/strong>. Der Begriff Arbeitsbeziehungen umfasst dabei die individuellen und kollektiven Beziehungen zwischen Arbeitgebern und Arbeitnehmern in Form von sowohl m\u00fcndlichen als auch schriftlichen Kontakten, die in direktem oder indirektem Zusammenhang mit der beruflichen T\u00e4tigkeit stehen.<\/p>\n\n\n\n<h4 class=\"wp-block-heading\"><strong>Niederl\u00e4ndisches Sprachgebiet<\/strong><\/h4>\n\n\n\n<p>F\u00fcr die Arbeitsbeziehungen zwischen Arbeitgebern und Arbeitnehmern sowie f\u00fcr die per Gesetz oder Verordnung vorgeschriebenen Urkunden und Dokumente<strong>&nbsp;muss Niederl\u00e4ndisch verwendet werden, wenn der Arbeitgeber seinen Sitz im niederl\u00e4ndischen Sprachgebiet hat<\/strong>&nbsp;(Erlass der Fl\u00e4mischen Gemeinschaft vom 19. Juli 1973 zum Gebrauch der Sprachen).<\/p>\n\n\n\n<h4 class=\"wp-block-heading\"><strong>Franz\u00f6sisches Sprachgebiet<\/strong><\/h4>\n\n\n\n<p>Arbeitgeber, die ihren Sitz im franz\u00f6sischen Sprachgebiet haben,&nbsp;<strong>m\u00fcssen f\u00fcr die Arbeitsbeziehungen sowie f\u00fcr Urkunden und Dokumente Franz\u00f6sisch verwenden<\/strong>. Es besteht auch die M\u00f6glichkeit, eine \u00dcbersetzung in eine Sprache zu verwenden, die von den Parteien selbst ausgew\u00e4hlt wurde (Sprachenerlass (D\u00e9cret linguistique) der Franz\u00f6sischen Gemeinschaft vom 30. Juni 1982).<\/p>\n\n\n\n<p>Im franz\u00f6sischen und im niederl\u00e4ndischen Sprachgebiet sind Urkunden und Dokumente nichtig, wenn sie nicht die vorstehend genannten Grunds\u00e4tze erf\u00fcllen.<\/p>\n\n\n\n<h4 class=\"wp-block-heading\"><strong>Region Br\u00fcssel-Hauptstadt<\/strong><\/h4>\n\n\n\n<p>Unternehmen, die in der zweisprachigen Region Br\u00fcssel-Hauptstadt angesiedelt sind, m\u00fcssen Dokumente&nbsp;<strong>f\u00fcr das niederl\u00e4ndischsprachige Personal auf Niederl\u00e4ndisch und f\u00fcr das franz\u00f6sischsprachige Personal auf Franz\u00f6sisch verfassen&nbsp;<\/strong>(Erlass des Kulturrats der niederl\u00e4ndischen Kulturgemeinschaft vom 19. Juli 1973).<\/p>\n\n\n\n<h4 class=\"wp-block-heading\"><strong>Deutsches Sprachgebiet<\/strong><\/h4>\n\n\n\n<p>Arbeitgeber, deren Gesch\u00e4ftssitz im deutschen Sprachgebiet liegt, m\u00fcssen&nbsp;<strong>f\u00fcr die Urkunden und Dokumente, die f\u00fcr ihr Personal bestimmt sind, Deutsch verwenden<\/strong>&nbsp;(Koordinierte Gesetze \u00fcber den Sprachengebrauch vom 18. Juli 1966).<\/p>\n","protected":false},"excerpt":{"rendered":"<p>In Belgien ist&nbsp;gesetzlich geregelt, in welcher Sprache im Rahmen von Arbeitsbeziehungen kommuniziert werden muss. Der Begriff Arbeitsbeziehungen umfasst dabei die individuellen und kollektiven Beziehungen zwischen Arbeitgebern und Arbeitnehmern in Form von sowohl m\u00fcndlichen als auch schriftlichen Kontakten, die in direktem oder indirektem Zusammenhang mit der beruflichen T\u00e4tigkeit stehen. Niederl\u00e4ndisches Sprachgebiet F\u00fcr die Arbeitsbeziehungen zwischen Arbeitgebern [&hellip;]<\/p>\n","protected":false},"author":7,"featured_media":0,"parent":6941,"menu_order":0,"comment_status":"closed","ping_status":"closed","template":"","meta":{"inline_featured_image":false,"footnotes":""},"tags":[],"frge_profile":[],"class_list":["post-6943","page","type-page","status-publish","hentry"],"yoast_head":"<!-- This site is optimized with the Yoast SEO plugin v27.1.1 - https:\/\/yoast.com\/product\/yoast-seo-wordpress\/ -->\n<title>In welcher Sprache werden Arbeitsvertr\u00e4ge abgefasst? - Frontaliers Grand Est<\/title>\n<meta name=\"robots\" content=\"index, follow, max-snippet:-1, max-image-preview:large, max-video-preview:-1\" \/>\n<link rel=\"canonical\" href=\"https:\/\/frontaliers-grandest.eu\/de\/startseite\/fremdsprachen-lernen\/der-sprachengebrauch-in-unternehmen\/in-belgien\/der-sprachengebrauch-in-unternehmen-in-belgien\/in-welcher-sprache-werden-arbeitsvertrage-abgefasst\/\" \/>\n<meta property=\"og:locale\" content=\"de_DE\" \/>\n<meta property=\"og:type\" content=\"article\" \/>\n<meta property=\"og:title\" content=\"In welcher Sprache werden Arbeitsvertr\u00e4ge abgefasst? - Frontaliers Grand Est\" \/>\n<meta property=\"og:description\" content=\"In Belgien ist&nbsp;gesetzlich geregelt, in welcher Sprache im Rahmen von Arbeitsbeziehungen kommuniziert werden muss. Der Begriff Arbeitsbeziehungen umfasst dabei die individuellen und kollektiven Beziehungen zwischen Arbeitgebern und Arbeitnehmern in Form von sowohl m\u00fcndlichen als auch schriftlichen Kontakten, die in direktem oder indirektem Zusammenhang mit der beruflichen T\u00e4tigkeit stehen. Niederl\u00e4ndisches Sprachgebiet F\u00fcr die Arbeitsbeziehungen zwischen Arbeitgebern [&hellip;]\" \/>\n<meta property=\"og:url\" content=\"https:\/\/frontaliers-grandest.eu\/de\/startseite\/fremdsprachen-lernen\/der-sprachengebrauch-in-unternehmen\/in-belgien\/der-sprachengebrauch-in-unternehmen-in-belgien\/in-welcher-sprache-werden-arbeitsvertrage-abgefasst\/\" \/>\n<meta property=\"og:site_name\" content=\"Frontaliers Grand Est\" \/>\n<meta property=\"article:publisher\" content=\"https:\/\/www.facebook.com\/frontaliers.GR.EST\/?locale=fr_FR\" \/>\n<meta property=\"article:modified_time\" content=\"2021-05-04T10:05:46+00:00\" \/>\n<meta name=\"twitter:card\" content=\"summary_large_image\" \/>\n<meta name=\"twitter:label1\" content=\"Gesch\u00e4tzte Lesezeit\" \/>\n\t<meta name=\"twitter:data1\" content=\"2\u00a0Minuten\" \/>\n<script type=\"application\/ld+json\" class=\"yoast-schema-graph\">{\"@context\":\"https:\/\/schema.org\",\"@graph\":[{\"@type\":\"WebPage\",\"@id\":\"https:\/\/frontaliers-grandest.eu\/de\/startseite\/fremdsprachen-lernen\/der-sprachengebrauch-in-unternehmen\/in-belgien\/der-sprachengebrauch-in-unternehmen-in-belgien\/in-welcher-sprache-werden-arbeitsvertrage-abgefasst\/\",\"url\":\"https:\/\/frontaliers-grandest.eu\/de\/startseite\/fremdsprachen-lernen\/der-sprachengebrauch-in-unternehmen\/in-belgien\/der-sprachengebrauch-in-unternehmen-in-belgien\/in-welcher-sprache-werden-arbeitsvertrage-abgefasst\/\",\"name\":\"In welcher Sprache werden Arbeitsvertr\u00e4ge abgefasst? - Frontaliers Grand Est\",\"isPartOf\":{\"@id\":\"https:\/\/frontaliers-grandest.eu\/de\/#website\"},\"datePublished\":\"2021-04-29T12:24:09+00:00\",\"dateModified\":\"2021-05-04T10:05:46+00:00\",\"breadcrumb\":{\"@id\":\"https:\/\/frontaliers-grandest.eu\/de\/startseite\/fremdsprachen-lernen\/der-sprachengebrauch-in-unternehmen\/in-belgien\/der-sprachengebrauch-in-unternehmen-in-belgien\/in-welcher-sprache-werden-arbeitsvertrage-abgefasst\/#breadcrumb\"},\"inLanguage\":\"de\",\"potentialAction\":[{\"@type\":\"ReadAction\",\"target\":[\"https:\/\/frontaliers-grandest.eu\/de\/startseite\/fremdsprachen-lernen\/der-sprachengebrauch-in-unternehmen\/in-belgien\/der-sprachengebrauch-in-unternehmen-in-belgien\/in-welcher-sprache-werden-arbeitsvertrage-abgefasst\/\"]}]},{\"@type\":\"BreadcrumbList\",\"@id\":\"https:\/\/frontaliers-grandest.eu\/de\/startseite\/fremdsprachen-lernen\/der-sprachengebrauch-in-unternehmen\/in-belgien\/der-sprachengebrauch-in-unternehmen-in-belgien\/in-welcher-sprache-werden-arbeitsvertrage-abgefasst\/#breadcrumb\",\"itemListElement\":[{\"@type\":\"ListItem\",\"position\":1,\"name\":\"Startseite\",\"item\":\"https:\/\/frontaliers-grandest.eu\/de\/\"},{\"@type\":\"ListItem\",\"position\":2,\"name\":\"Fremdsprachen Lernen\",\"item\":\"https:\/\/frontaliers-grandest.eu\/de\/startseite\/fremdsprachen-lernen\/\"},{\"@type\":\"ListItem\",\"position\":3,\"name\":\"Der sprachengebrauch in unternehmen\",\"item\":\"https:\/\/frontaliers-grandest.eu\/de\/startseite\/fremdsprachen-lernen\/der-sprachengebrauch-in-unternehmen\/\"},{\"@type\":\"ListItem\",\"position\":4,\"name\":\"In Belgien\",\"item\":\"https:\/\/frontaliers-grandest.eu\/de\/startseite\/fremdsprachen-lernen\/der-sprachengebrauch-in-unternehmen\/in-belgien\/\"},{\"@type\":\"ListItem\",\"position\":5,\"name\":\"Der Sprachengebrauch in Unternehmen in Belgien\",\"item\":\"https:\/\/frontaliers-grandest.eu\/de\/startseite\/fremdsprachen-lernen\/der-sprachengebrauch-in-unternehmen\/in-belgien\/der-sprachengebrauch-in-unternehmen-in-belgien\/\"},{\"@type\":\"ListItem\",\"position\":6,\"name\":\"In welcher Sprache werden Arbeitsvertr\u00e4ge abgefasst?\"}]},{\"@type\":\"WebSite\",\"@id\":\"https:\/\/frontaliers-grandest.eu\/de\/#website\",\"url\":\"https:\/\/frontaliers-grandest.eu\/de\/\",\"name\":\"Frontaliers Grand Est\",\"description\":\"Le site ressource du travail frontalier\",\"publisher\":{\"@id\":\"https:\/\/frontaliers-grandest.eu\/de\/#organization\"},\"alternateName\":\"Frontaliers Grand Est\",\"potentialAction\":[{\"@type\":\"SearchAction\",\"target\":{\"@type\":\"EntryPoint\",\"urlTemplate\":\"https:\/\/frontaliers-grandest.eu\/de\/?s={search_term_string}\"},\"query-input\":{\"@type\":\"PropertyValueSpecification\",\"valueRequired\":true,\"valueName\":\"search_term_string\"}}],\"inLanguage\":\"de\"},{\"@type\":\"Organization\",\"@id\":\"https:\/\/frontaliers-grandest.eu\/de\/#organization\",\"name\":\"Frontaliers Grand Est\",\"alternateName\":\"Frontaliers Grand Est\",\"url\":\"https:\/\/frontaliers-grandest.eu\/de\/\",\"logo\":{\"@type\":\"ImageObject\",\"inLanguage\":\"de\",\"@id\":\"https:\/\/frontaliers-grandest.eu\/de\/#\/schema\/logo\/image\/\",\"url\":\"https:\/\/frontaliers-grandest.eu\/wp-content\/uploads\/2025\/07\/260328234_2966785176920310_3332838526503858160_n.jpg\",\"contentUrl\":\"https:\/\/frontaliers-grandest.eu\/wp-content\/uploads\/2025\/07\/260328234_2966785176920310_3332838526503858160_n.jpg\",\"width\":396,\"height\":396,\"caption\":\"Frontaliers Grand Est\"},\"image\":{\"@id\":\"https:\/\/frontaliers-grandest.eu\/de\/#\/schema\/logo\/image\/\"},\"sameAs\":[\"https:\/\/www.facebook.com\/frontaliers.GR.EST\/?locale=fr_FR\"]}]}<\/script>\n<!-- \/ Yoast SEO plugin. -->","yoast_head_json":{"title":"In welcher Sprache werden Arbeitsvertr\u00e4ge abgefasst? - Frontaliers Grand Est","robots":{"index":"index","follow":"follow","max-snippet":"max-snippet:-1","max-image-preview":"max-image-preview:large","max-video-preview":"max-video-preview:-1"},"canonical":"https:\/\/frontaliers-grandest.eu\/de\/startseite\/fremdsprachen-lernen\/der-sprachengebrauch-in-unternehmen\/in-belgien\/der-sprachengebrauch-in-unternehmen-in-belgien\/in-welcher-sprache-werden-arbeitsvertrage-abgefasst\/","og_locale":"de_DE","og_type":"article","og_title":"In welcher Sprache werden Arbeitsvertr\u00e4ge abgefasst? - Frontaliers Grand Est","og_description":"In Belgien ist&nbsp;gesetzlich geregelt, in welcher Sprache im Rahmen von Arbeitsbeziehungen kommuniziert werden muss. Der Begriff Arbeitsbeziehungen umfasst dabei die individuellen und kollektiven Beziehungen zwischen Arbeitgebern und Arbeitnehmern in Form von sowohl m\u00fcndlichen als auch schriftlichen Kontakten, die in direktem oder indirektem Zusammenhang mit der beruflichen T\u00e4tigkeit stehen. Niederl\u00e4ndisches Sprachgebiet F\u00fcr die Arbeitsbeziehungen zwischen Arbeitgebern [&hellip;]","og_url":"https:\/\/frontaliers-grandest.eu\/de\/startseite\/fremdsprachen-lernen\/der-sprachengebrauch-in-unternehmen\/in-belgien\/der-sprachengebrauch-in-unternehmen-in-belgien\/in-welcher-sprache-werden-arbeitsvertrage-abgefasst\/","og_site_name":"Frontaliers Grand Est","article_publisher":"https:\/\/www.facebook.com\/frontaliers.GR.EST\/?locale=fr_FR","article_modified_time":"2021-05-04T10:05:46+00:00","twitter_card":"summary_large_image","twitter_misc":{"Gesch\u00e4tzte Lesezeit":"2\u00a0Minuten"},"schema":{"@context":"https:\/\/schema.org","@graph":[{"@type":"WebPage","@id":"https:\/\/frontaliers-grandest.eu\/de\/startseite\/fremdsprachen-lernen\/der-sprachengebrauch-in-unternehmen\/in-belgien\/der-sprachengebrauch-in-unternehmen-in-belgien\/in-welcher-sprache-werden-arbeitsvertrage-abgefasst\/","url":"https:\/\/frontaliers-grandest.eu\/de\/startseite\/fremdsprachen-lernen\/der-sprachengebrauch-in-unternehmen\/in-belgien\/der-sprachengebrauch-in-unternehmen-in-belgien\/in-welcher-sprache-werden-arbeitsvertrage-abgefasst\/","name":"In welcher Sprache werden Arbeitsvertr\u00e4ge abgefasst? - Frontaliers Grand Est","isPartOf":{"@id":"https:\/\/frontaliers-grandest.eu\/de\/#website"},"datePublished":"2021-04-29T12:24:09+00:00","dateModified":"2021-05-04T10:05:46+00:00","breadcrumb":{"@id":"https:\/\/frontaliers-grandest.eu\/de\/startseite\/fremdsprachen-lernen\/der-sprachengebrauch-in-unternehmen\/in-belgien\/der-sprachengebrauch-in-unternehmen-in-belgien\/in-welcher-sprache-werden-arbeitsvertrage-abgefasst\/#breadcrumb"},"inLanguage":"de","potentialAction":[{"@type":"ReadAction","target":["https:\/\/frontaliers-grandest.eu\/de\/startseite\/fremdsprachen-lernen\/der-sprachengebrauch-in-unternehmen\/in-belgien\/der-sprachengebrauch-in-unternehmen-in-belgien\/in-welcher-sprache-werden-arbeitsvertrage-abgefasst\/"]}]},{"@type":"BreadcrumbList","@id":"https:\/\/frontaliers-grandest.eu\/de\/startseite\/fremdsprachen-lernen\/der-sprachengebrauch-in-unternehmen\/in-belgien\/der-sprachengebrauch-in-unternehmen-in-belgien\/in-welcher-sprache-werden-arbeitsvertrage-abgefasst\/#breadcrumb","itemListElement":[{"@type":"ListItem","position":1,"name":"Startseite","item":"https:\/\/frontaliers-grandest.eu\/de\/"},{"@type":"ListItem","position":2,"name":"Fremdsprachen Lernen","item":"https:\/\/frontaliers-grandest.eu\/de\/startseite\/fremdsprachen-lernen\/"},{"@type":"ListItem","position":3,"name":"Der sprachengebrauch in unternehmen","item":"https:\/\/frontaliers-grandest.eu\/de\/startseite\/fremdsprachen-lernen\/der-sprachengebrauch-in-unternehmen\/"},{"@type":"ListItem","position":4,"name":"In Belgien","item":"https:\/\/frontaliers-grandest.eu\/de\/startseite\/fremdsprachen-lernen\/der-sprachengebrauch-in-unternehmen\/in-belgien\/"},{"@type":"ListItem","position":5,"name":"Der Sprachengebrauch in Unternehmen in Belgien","item":"https:\/\/frontaliers-grandest.eu\/de\/startseite\/fremdsprachen-lernen\/der-sprachengebrauch-in-unternehmen\/in-belgien\/der-sprachengebrauch-in-unternehmen-in-belgien\/"},{"@type":"ListItem","position":6,"name":"In welcher Sprache werden Arbeitsvertr\u00e4ge abgefasst?"}]},{"@type":"WebSite","@id":"https:\/\/frontaliers-grandest.eu\/de\/#website","url":"https:\/\/frontaliers-grandest.eu\/de\/","name":"Frontaliers Grand Est","description":"Le site ressource du travail frontalier","publisher":{"@id":"https:\/\/frontaliers-grandest.eu\/de\/#organization"},"alternateName":"Frontaliers Grand Est","potentialAction":[{"@type":"SearchAction","target":{"@type":"EntryPoint","urlTemplate":"https:\/\/frontaliers-grandest.eu\/de\/?s={search_term_string}"},"query-input":{"@type":"PropertyValueSpecification","valueRequired":true,"valueName":"search_term_string"}}],"inLanguage":"de"},{"@type":"Organization","@id":"https:\/\/frontaliers-grandest.eu\/de\/#organization","name":"Frontaliers Grand Est","alternateName":"Frontaliers Grand Est","url":"https:\/\/frontaliers-grandest.eu\/de\/","logo":{"@type":"ImageObject","inLanguage":"de","@id":"https:\/\/frontaliers-grandest.eu\/de\/#\/schema\/logo\/image\/","url":"https:\/\/frontaliers-grandest.eu\/wp-content\/uploads\/2025\/07\/260328234_2966785176920310_3332838526503858160_n.jpg","contentUrl":"https:\/\/frontaliers-grandest.eu\/wp-content\/uploads\/2025\/07\/260328234_2966785176920310_3332838526503858160_n.jpg","width":396,"height":396,"caption":"Frontaliers Grand Est"},"image":{"@id":"https:\/\/frontaliers-grandest.eu\/de\/#\/schema\/logo\/image\/"},"sameAs":["https:\/\/www.facebook.com\/frontaliers.GR.EST\/?locale=fr_FR"]}]}},"frge_page_order":0,"_links":{"self":[{"href":"https:\/\/frontaliers-grandest.eu\/de\/wp-json\/wp\/v2\/pages\/6943","targetHints":{"allow":["GET"]}}],"collection":[{"href":"https:\/\/frontaliers-grandest.eu\/de\/wp-json\/wp\/v2\/pages"}],"about":[{"href":"https:\/\/frontaliers-grandest.eu\/de\/wp-json\/wp\/v2\/types\/page"}],"author":[{"embeddable":true,"href":"https:\/\/frontaliers-grandest.eu\/de\/wp-json\/wp\/v2\/users\/7"}],"replies":[{"embeddable":true,"href":"https:\/\/frontaliers-grandest.eu\/de\/wp-json\/wp\/v2\/comments?post=6943"}],"version-history":[{"count":2,"href":"https:\/\/frontaliers-grandest.eu\/de\/wp-json\/wp\/v2\/pages\/6943\/revisions"}],"predecessor-version":[{"id":7052,"href":"https:\/\/frontaliers-grandest.eu\/de\/wp-json\/wp\/v2\/pages\/6943\/revisions\/7052"}],"up":[{"embeddable":true,"href":"https:\/\/frontaliers-grandest.eu\/de\/wp-json\/wp\/v2\/pages\/6941"}],"wp:attachment":[{"href":"https:\/\/frontaliers-grandest.eu\/de\/wp-json\/wp\/v2\/media?parent=6943"}],"wp:term":[{"taxonomy":"post_tag","embeddable":true,"href":"https:\/\/frontaliers-grandest.eu\/de\/wp-json\/wp\/v2\/tags?post=6943"},{"taxonomy":"frge_profile","embeddable":true,"href":"https:\/\/frontaliers-grandest.eu\/de\/wp-json\/wp\/v2\/frge_profile?post=6943"}],"curies":[{"name":"wp","href":"https:\/\/api.w.org\/{rel}","templated":true}]}}