{"id":6934,"date":"2021-04-29T14:09:46","date_gmt":"2021-04-29T12:09:46","guid":{"rendered":"https:\/\/frontaliers-grandest.eu\/?page_id=6934"},"modified":"2021-05-04T12:05:07","modified_gmt":"2021-05-04T10:05:07","slug":"welche-sprache-fur-welche-branche","status":"publish","type":"page","link":"https:\/\/frontaliers-grandest.eu\/de\/startseite\/fremdsprachen-lernen\/der-sprachengebrauch-in-unternehmen\/in-deutschland\/der-sprachengebrauch-in-unternehmen-in-deutschland\/welche-sprache-fur-welche-branche\/","title":{"rendered":"Welche Sprache f\u00fcr welche Branche?"},"content":{"rendered":"\n<h4 class=\"wp-block-heading\"><strong>Deutsch<\/strong><\/h4>\n\n\n\n<p><strong>Arbeitssprache in Deutschland.<\/strong>&nbsp;Jeder Bewerber muss also&nbsp;<strong>\u00fcber Deutschkenntnisse verf\u00fcgen<\/strong>, um in Deutschland in Besch\u00e4ftigung zu kommen \u2013 auch in einem ausl\u00e4ndischen Unternehmen.<\/p>\n\n\n\n<p>Deutsche Unternehmen, die stark lokal verankert oder im Dienstleistungsbereich t\u00e4tig sind, werden wohl eher ausl\u00e4ndische Arbeitskr\u00e4fte einstellen, die Deutsch sprechen.<\/p>\n\n\n\n<h4 class=\"wp-block-heading\"><strong>Franz\u00f6sisch<\/strong><\/h4>\n\n\n\n<p><strong>Zweisprachige (Franz\u00f6sisch\/Deutsch) Fachkr\u00e4fte mit einer kaufm\u00e4nnischen, technischen oder betriebswirtschaftlichen Ausbildung<\/strong>&nbsp;werden besonders in Unternehmen gesucht, die Beziehungen zum franz\u00f6sischen Markt haben.<\/p>\n\n\n\n<ul class=\"wp-block-list\"><li><strong>Branchen:<\/strong>&nbsp;<br>Industrie (Liebherr, Kaup GmbH), Handel (Fromi GmbH), Solarenergie und Fotovoltaik (E.ON Energie Deutschland, SolarWorld), Herstellung von Windenergieanlagen (Enercon).<\/li><li><strong>Art der Stellen:<\/strong><br>Kundendienstleiter, Vertriebsmitarbeiter f\u00fcr den franz\u00f6sischen Markt, Bauleiter Elektrotechnik, F\u00fchrungskr\u00e4fte mit einer Spezialisierung auf die neuen Energien.<\/li><\/ul>\n\n\n\n<h4 class=\"wp-block-heading\"><strong>Englisch<\/strong><\/h4>\n\n\n\n<p>Die gro\u00dfen Unternehmensgruppen, die&nbsp;<strong>in den f\u00fchrenden Branchen (IT, Banken, Chemie)<\/strong>&nbsp;t\u00e4tig sind, stellen spezialisierte Fachkr\u00e4fte ein, die sich in ihren Tochterunternehmen weiterentwickeln k\u00f6nnen. Englisch kommt zwar bei den&nbsp;<strong>internationalen Beziehungen<\/strong>&nbsp;zum Einsatz, doch Deutsch bleibt die Sprache f\u00fcr die Kommunikation im Rahmen der Arbeitsbeziehungen im Unternehmen.<\/p>\n\n\n\n<ul class=\"wp-block-list\"><li><strong>Branchen:<\/strong><br>Automobilindustrie (Daimler, BMW, Michelin), Chemie (BASF), Gesundheitssektor, Agrochemie (Bayer, Siemens), Stahlindustrie (ThyssenKrupp), IT (SAP), Banken (Deutsche Bank).<\/li><li><strong>Art der Stellen:<\/strong>&nbsp;<br>Fachkr\u00e4fte f\u00fcr Elektronik und Karosseriebau, Informatiker, beratende Ingenieure, Webentwickler, Rechtsberater f\u00fcr internationale Beziehungen.<\/li><\/ul>\n\n\n\n<h4 class=\"wp-block-heading\"><strong>T\u00fcrkisch<\/strong><\/h4>\n\n\n\n<p>In Deutschland gibt es vor allem aufgrund des Anwerbeabkommens zwischen der Bundesrepublik Deutschland und der T\u00fcrkei vom 31. August 1961 eine gro\u00dfe t\u00fcrkische Gemeinschaft.<\/p>\n\n\n\n<ul class=\"wp-block-list\"><li><strong>Branchen:<\/strong>&nbsp;<br>Einzelhandel (Manolya, Vestel Germany GmbH), Transport, Logistik (Inci Lojistik), Tourismus (\u00d6gerTour), Gastronomie, Textilindustrie (Sarar).<\/li><li><strong>Art der Stellen:<\/strong>&nbsp;<br>Vertriebsmitarbeiter, Projektleiter, Logistiker, Kellner, Stylisten.<\/li><\/ul>\n\n\n\n<h4 class=\"wp-block-heading\"><strong>Russisch<\/strong><\/h4>\n\n\n\n<p>Als&nbsp;<strong>gr\u00f6\u00dfter Energielieferant Deutschlands investiert Russland regelm\u00e4\u00dfig und in gro\u00dfem Umfang in Deutschland<\/strong>, das f\u00fcr Russland das Tor nach Europa darstellt.<\/p>\n\n\n\n<ul class=\"wp-block-list\"><li><strong>Branchen:<\/strong>&nbsp;<br>Energie (Gazprom Germania), Banken (Sberkank).<\/li><li><strong>Art der Stellen:<\/strong><br>Ingenieure, Techniker, Anw\u00e4lte in Unternehmen, Fondsmanager.<\/li><\/ul>\n\n\n\n<h4 class=\"wp-block-heading\"><strong>Polnisch<\/strong><\/h4>\n\n\n\n<p>Deutschland ist der&nbsp;<strong>wichtigste Handelspartner Polens; ca. ein Drittel des polnischen Au\u00dfenhandels werden mit Deutschland abgewickelt<\/strong>. Die Zahl polnischer Unternehmen, die sich in Deutschland ansiedeln, steigt stetig (seit dem Beitritt Polens zur Europ\u00e4ischen Union im Jahr 2004 wurden ca. 20 000 polnische Unternehmen in deutschen Handelsregistern eingetragen).<\/p>\n\n\n\n<ul class=\"wp-block-list\"><li><strong>Branchen:<\/strong><br>Chemie (PKN Urlen, Ciech), IT (Unternehmensgruppe Asseco), Bausektor, personenbezogene Dienstleistungen.<\/li><li><strong>Art der Stellen:<\/strong><br>Juristen, Chemiker, Ingenieure, Techniker, Informatiker, Installateure, Raumpfleger.<\/li><\/ul>\n\n\n\n<h4 class=\"wp-block-heading\"><strong>Italienisch<\/strong><\/h4>\n\n\n\n<p>In Deutschland gibt es vor allem aufgrund der Zuwanderung italienischer Arbeitskr\u00e4fte in den 1950er Jahren, die als Reaktion auf einen Arbeitskr\u00e4ftemangel angeworben worden waren, eine relativ gro\u00dfe italienische Gemeinschaft.<strong>&nbsp;Auf die italienischen Unternehmen entfallen aktuell 14 % der Auslandsinvestitionen in Deutschland.<\/strong><\/p>\n\n\n\n<ul class=\"wp-block-list\"><li><strong>Branchen:<\/strong>&nbsp;<br>Mode (Versace Deutschland GmbH), Automobilindustrie (Ferrari Deutschland GmbH, Ducati Deutschland), Gastronomie, Luxus, Banken (UniCredit Bank), Versicherungen (Generali), Bausektor.<\/li><li><strong>Art der Stellen:<\/strong>&nbsp;<br>Techniker, Karosseriebauer, Ingenieure, Verk\u00e4ufer, Buchhalter, Pizzab\u00e4cker, Verm\u00f6gensverwalter<strong>.<\/strong><\/li><\/ul>\n","protected":false},"excerpt":{"rendered":"<p>Deutsch Arbeitssprache in Deutschland.&nbsp;Jeder Bewerber muss also&nbsp;\u00fcber Deutschkenntnisse verf\u00fcgen, um in Deutschland in Besch\u00e4ftigung zu kommen \u2013 auch in einem ausl\u00e4ndischen Unternehmen. Deutsche Unternehmen, die stark lokal verankert oder im Dienstleistungsbereich t\u00e4tig sind, werden wohl eher ausl\u00e4ndische Arbeitskr\u00e4fte einstellen, die Deutsch sprechen. Franz\u00f6sisch Zweisprachige (Franz\u00f6sisch\/Deutsch) Fachkr\u00e4fte mit einer kaufm\u00e4nnischen, technischen oder betriebswirtschaftlichen Ausbildung&nbsp;werden besonders in [&hellip;]<\/p>\n","protected":false},"author":7,"featured_media":0,"parent":6930,"menu_order":1,"comment_status":"closed","ping_status":"closed","template":"","meta":{"inline_featured_image":false,"footnotes":""},"tags":[],"frge_profile":[],"class_list":["post-6934","page","type-page","status-publish","hentry"],"yoast_head":"<!-- This site is optimized with the Yoast SEO plugin v27.1.1 - https:\/\/yoast.com\/product\/yoast-seo-wordpress\/ -->\n<title>Welche Sprache f\u00fcr welche Branche? - Frontaliers Grand Est<\/title>\n<meta name=\"robots\" content=\"index, follow, max-snippet:-1, max-image-preview:large, max-video-preview:-1\" \/>\n<link rel=\"canonical\" href=\"https:\/\/frontaliers-grandest.eu\/de\/startseite\/fremdsprachen-lernen\/der-sprachengebrauch-in-unternehmen\/in-deutschland\/der-sprachengebrauch-in-unternehmen-in-deutschland\/welche-sprache-fur-welche-branche\/\" \/>\n<meta property=\"og:locale\" content=\"de_DE\" \/>\n<meta property=\"og:type\" content=\"article\" \/>\n<meta property=\"og:title\" content=\"Welche Sprache f\u00fcr welche Branche? - Frontaliers Grand Est\" \/>\n<meta property=\"og:description\" content=\"Deutsch Arbeitssprache in Deutschland.&nbsp;Jeder Bewerber muss also&nbsp;\u00fcber Deutschkenntnisse verf\u00fcgen, um in Deutschland in Besch\u00e4ftigung zu kommen \u2013 auch in einem ausl\u00e4ndischen Unternehmen. Deutsche Unternehmen, die stark lokal verankert oder im Dienstleistungsbereich t\u00e4tig sind, werden wohl eher ausl\u00e4ndische Arbeitskr\u00e4fte einstellen, die Deutsch sprechen. Franz\u00f6sisch Zweisprachige (Franz\u00f6sisch\/Deutsch) Fachkr\u00e4fte mit einer kaufm\u00e4nnischen, technischen oder betriebswirtschaftlichen Ausbildung&nbsp;werden besonders in [&hellip;]\" \/>\n<meta property=\"og:url\" content=\"https:\/\/frontaliers-grandest.eu\/de\/startseite\/fremdsprachen-lernen\/der-sprachengebrauch-in-unternehmen\/in-deutschland\/der-sprachengebrauch-in-unternehmen-in-deutschland\/welche-sprache-fur-welche-branche\/\" \/>\n<meta property=\"og:site_name\" content=\"Frontaliers Grand Est\" \/>\n<meta property=\"article:publisher\" content=\"https:\/\/www.facebook.com\/frontaliers.GR.EST\/?locale=fr_FR\" \/>\n<meta property=\"article:modified_time\" content=\"2021-05-04T10:05:07+00:00\" \/>\n<meta name=\"twitter:card\" content=\"summary_large_image\" \/>\n<meta name=\"twitter:label1\" content=\"Gesch\u00e4tzte Lesezeit\" \/>\n\t<meta name=\"twitter:data1\" content=\"2\u00a0Minuten\" \/>\n<script type=\"application\/ld+json\" class=\"yoast-schema-graph\">{\"@context\":\"https:\/\/schema.org\",\"@graph\":[{\"@type\":\"WebPage\",\"@id\":\"https:\/\/frontaliers-grandest.eu\/de\/startseite\/fremdsprachen-lernen\/der-sprachengebrauch-in-unternehmen\/in-deutschland\/der-sprachengebrauch-in-unternehmen-in-deutschland\/welche-sprache-fur-welche-branche\/\",\"url\":\"https:\/\/frontaliers-grandest.eu\/de\/startseite\/fremdsprachen-lernen\/der-sprachengebrauch-in-unternehmen\/in-deutschland\/der-sprachengebrauch-in-unternehmen-in-deutschland\/welche-sprache-fur-welche-branche\/\",\"name\":\"Welche Sprache f\u00fcr welche Branche? - Frontaliers Grand Est\",\"isPartOf\":{\"@id\":\"https:\/\/frontaliers-grandest.eu\/de\/#website\"},\"datePublished\":\"2021-04-29T12:09:46+00:00\",\"dateModified\":\"2021-05-04T10:05:07+00:00\",\"breadcrumb\":{\"@id\":\"https:\/\/frontaliers-grandest.eu\/de\/startseite\/fremdsprachen-lernen\/der-sprachengebrauch-in-unternehmen\/in-deutschland\/der-sprachengebrauch-in-unternehmen-in-deutschland\/welche-sprache-fur-welche-branche\/#breadcrumb\"},\"inLanguage\":\"de\",\"potentialAction\":[{\"@type\":\"ReadAction\",\"target\":[\"https:\/\/frontaliers-grandest.eu\/de\/startseite\/fremdsprachen-lernen\/der-sprachengebrauch-in-unternehmen\/in-deutschland\/der-sprachengebrauch-in-unternehmen-in-deutschland\/welche-sprache-fur-welche-branche\/\"]}]},{\"@type\":\"BreadcrumbList\",\"@id\":\"https:\/\/frontaliers-grandest.eu\/de\/startseite\/fremdsprachen-lernen\/der-sprachengebrauch-in-unternehmen\/in-deutschland\/der-sprachengebrauch-in-unternehmen-in-deutschland\/welche-sprache-fur-welche-branche\/#breadcrumb\",\"itemListElement\":[{\"@type\":\"ListItem\",\"position\":1,\"name\":\"Startseite\",\"item\":\"https:\/\/frontaliers-grandest.eu\/de\/\"},{\"@type\":\"ListItem\",\"position\":2,\"name\":\"Fremdsprachen Lernen\",\"item\":\"https:\/\/frontaliers-grandest.eu\/de\/startseite\/fremdsprachen-lernen\/\"},{\"@type\":\"ListItem\",\"position\":3,\"name\":\"Der sprachengebrauch in unternehmen\",\"item\":\"https:\/\/frontaliers-grandest.eu\/de\/startseite\/fremdsprachen-lernen\/der-sprachengebrauch-in-unternehmen\/\"},{\"@type\":\"ListItem\",\"position\":4,\"name\":\"In Deutschland\",\"item\":\"https:\/\/frontaliers-grandest.eu\/de\/startseite\/fremdsprachen-lernen\/der-sprachengebrauch-in-unternehmen\/in-deutschland\/\"},{\"@type\":\"ListItem\",\"position\":5,\"name\":\"Der Sprachengebrauch in Unternehmen in Deutschland\",\"item\":\"https:\/\/frontaliers-grandest.eu\/de\/startseite\/fremdsprachen-lernen\/der-sprachengebrauch-in-unternehmen\/in-deutschland\/der-sprachengebrauch-in-unternehmen-in-deutschland\/\"},{\"@type\":\"ListItem\",\"position\":6,\"name\":\"Welche Sprache f\u00fcr welche Branche?\"}]},{\"@type\":\"WebSite\",\"@id\":\"https:\/\/frontaliers-grandest.eu\/de\/#website\",\"url\":\"https:\/\/frontaliers-grandest.eu\/de\/\",\"name\":\"Frontaliers Grand Est\",\"description\":\"Le site ressource du travail frontalier\",\"publisher\":{\"@id\":\"https:\/\/frontaliers-grandest.eu\/de\/#organization\"},\"alternateName\":\"Frontaliers Grand Est\",\"potentialAction\":[{\"@type\":\"SearchAction\",\"target\":{\"@type\":\"EntryPoint\",\"urlTemplate\":\"https:\/\/frontaliers-grandest.eu\/de\/?s={search_term_string}\"},\"query-input\":{\"@type\":\"PropertyValueSpecification\",\"valueRequired\":true,\"valueName\":\"search_term_string\"}}],\"inLanguage\":\"de\"},{\"@type\":\"Organization\",\"@id\":\"https:\/\/frontaliers-grandest.eu\/de\/#organization\",\"name\":\"Frontaliers Grand Est\",\"alternateName\":\"Frontaliers Grand Est\",\"url\":\"https:\/\/frontaliers-grandest.eu\/de\/\",\"logo\":{\"@type\":\"ImageObject\",\"inLanguage\":\"de\",\"@id\":\"https:\/\/frontaliers-grandest.eu\/de\/#\/schema\/logo\/image\/\",\"url\":\"https:\/\/frontaliers-grandest.eu\/wp-content\/uploads\/2025\/07\/260328234_2966785176920310_3332838526503858160_n.jpg\",\"contentUrl\":\"https:\/\/frontaliers-grandest.eu\/wp-content\/uploads\/2025\/07\/260328234_2966785176920310_3332838526503858160_n.jpg\",\"width\":396,\"height\":396,\"caption\":\"Frontaliers Grand Est\"},\"image\":{\"@id\":\"https:\/\/frontaliers-grandest.eu\/de\/#\/schema\/logo\/image\/\"},\"sameAs\":[\"https:\/\/www.facebook.com\/frontaliers.GR.EST\/?locale=fr_FR\"]}]}<\/script>\n<!-- \/ Yoast SEO plugin. -->","yoast_head_json":{"title":"Welche Sprache f\u00fcr welche Branche? - Frontaliers Grand Est","robots":{"index":"index","follow":"follow","max-snippet":"max-snippet:-1","max-image-preview":"max-image-preview:large","max-video-preview":"max-video-preview:-1"},"canonical":"https:\/\/frontaliers-grandest.eu\/de\/startseite\/fremdsprachen-lernen\/der-sprachengebrauch-in-unternehmen\/in-deutschland\/der-sprachengebrauch-in-unternehmen-in-deutschland\/welche-sprache-fur-welche-branche\/","og_locale":"de_DE","og_type":"article","og_title":"Welche Sprache f\u00fcr welche Branche? - Frontaliers Grand Est","og_description":"Deutsch Arbeitssprache in Deutschland.&nbsp;Jeder Bewerber muss also&nbsp;\u00fcber Deutschkenntnisse verf\u00fcgen, um in Deutschland in Besch\u00e4ftigung zu kommen \u2013 auch in einem ausl\u00e4ndischen Unternehmen. Deutsche Unternehmen, die stark lokal verankert oder im Dienstleistungsbereich t\u00e4tig sind, werden wohl eher ausl\u00e4ndische Arbeitskr\u00e4fte einstellen, die Deutsch sprechen. Franz\u00f6sisch Zweisprachige (Franz\u00f6sisch\/Deutsch) Fachkr\u00e4fte mit einer kaufm\u00e4nnischen, technischen oder betriebswirtschaftlichen Ausbildung&nbsp;werden besonders in [&hellip;]","og_url":"https:\/\/frontaliers-grandest.eu\/de\/startseite\/fremdsprachen-lernen\/der-sprachengebrauch-in-unternehmen\/in-deutschland\/der-sprachengebrauch-in-unternehmen-in-deutschland\/welche-sprache-fur-welche-branche\/","og_site_name":"Frontaliers Grand Est","article_publisher":"https:\/\/www.facebook.com\/frontaliers.GR.EST\/?locale=fr_FR","article_modified_time":"2021-05-04T10:05:07+00:00","twitter_card":"summary_large_image","twitter_misc":{"Gesch\u00e4tzte Lesezeit":"2\u00a0Minuten"},"schema":{"@context":"https:\/\/schema.org","@graph":[{"@type":"WebPage","@id":"https:\/\/frontaliers-grandest.eu\/de\/startseite\/fremdsprachen-lernen\/der-sprachengebrauch-in-unternehmen\/in-deutschland\/der-sprachengebrauch-in-unternehmen-in-deutschland\/welche-sprache-fur-welche-branche\/","url":"https:\/\/frontaliers-grandest.eu\/de\/startseite\/fremdsprachen-lernen\/der-sprachengebrauch-in-unternehmen\/in-deutschland\/der-sprachengebrauch-in-unternehmen-in-deutschland\/welche-sprache-fur-welche-branche\/","name":"Welche Sprache f\u00fcr welche Branche? - Frontaliers Grand Est","isPartOf":{"@id":"https:\/\/frontaliers-grandest.eu\/de\/#website"},"datePublished":"2021-04-29T12:09:46+00:00","dateModified":"2021-05-04T10:05:07+00:00","breadcrumb":{"@id":"https:\/\/frontaliers-grandest.eu\/de\/startseite\/fremdsprachen-lernen\/der-sprachengebrauch-in-unternehmen\/in-deutschland\/der-sprachengebrauch-in-unternehmen-in-deutschland\/welche-sprache-fur-welche-branche\/#breadcrumb"},"inLanguage":"de","potentialAction":[{"@type":"ReadAction","target":["https:\/\/frontaliers-grandest.eu\/de\/startseite\/fremdsprachen-lernen\/der-sprachengebrauch-in-unternehmen\/in-deutschland\/der-sprachengebrauch-in-unternehmen-in-deutschland\/welche-sprache-fur-welche-branche\/"]}]},{"@type":"BreadcrumbList","@id":"https:\/\/frontaliers-grandest.eu\/de\/startseite\/fremdsprachen-lernen\/der-sprachengebrauch-in-unternehmen\/in-deutschland\/der-sprachengebrauch-in-unternehmen-in-deutschland\/welche-sprache-fur-welche-branche\/#breadcrumb","itemListElement":[{"@type":"ListItem","position":1,"name":"Startseite","item":"https:\/\/frontaliers-grandest.eu\/de\/"},{"@type":"ListItem","position":2,"name":"Fremdsprachen Lernen","item":"https:\/\/frontaliers-grandest.eu\/de\/startseite\/fremdsprachen-lernen\/"},{"@type":"ListItem","position":3,"name":"Der sprachengebrauch in unternehmen","item":"https:\/\/frontaliers-grandest.eu\/de\/startseite\/fremdsprachen-lernen\/der-sprachengebrauch-in-unternehmen\/"},{"@type":"ListItem","position":4,"name":"In Deutschland","item":"https:\/\/frontaliers-grandest.eu\/de\/startseite\/fremdsprachen-lernen\/der-sprachengebrauch-in-unternehmen\/in-deutschland\/"},{"@type":"ListItem","position":5,"name":"Der Sprachengebrauch in Unternehmen in Deutschland","item":"https:\/\/frontaliers-grandest.eu\/de\/startseite\/fremdsprachen-lernen\/der-sprachengebrauch-in-unternehmen\/in-deutschland\/der-sprachengebrauch-in-unternehmen-in-deutschland\/"},{"@type":"ListItem","position":6,"name":"Welche Sprache f\u00fcr welche Branche?"}]},{"@type":"WebSite","@id":"https:\/\/frontaliers-grandest.eu\/de\/#website","url":"https:\/\/frontaliers-grandest.eu\/de\/","name":"Frontaliers Grand Est","description":"Le site ressource du travail frontalier","publisher":{"@id":"https:\/\/frontaliers-grandest.eu\/de\/#organization"},"alternateName":"Frontaliers Grand Est","potentialAction":[{"@type":"SearchAction","target":{"@type":"EntryPoint","urlTemplate":"https:\/\/frontaliers-grandest.eu\/de\/?s={search_term_string}"},"query-input":{"@type":"PropertyValueSpecification","valueRequired":true,"valueName":"search_term_string"}}],"inLanguage":"de"},{"@type":"Organization","@id":"https:\/\/frontaliers-grandest.eu\/de\/#organization","name":"Frontaliers Grand Est","alternateName":"Frontaliers Grand Est","url":"https:\/\/frontaliers-grandest.eu\/de\/","logo":{"@type":"ImageObject","inLanguage":"de","@id":"https:\/\/frontaliers-grandest.eu\/de\/#\/schema\/logo\/image\/","url":"https:\/\/frontaliers-grandest.eu\/wp-content\/uploads\/2025\/07\/260328234_2966785176920310_3332838526503858160_n.jpg","contentUrl":"https:\/\/frontaliers-grandest.eu\/wp-content\/uploads\/2025\/07\/260328234_2966785176920310_3332838526503858160_n.jpg","width":396,"height":396,"caption":"Frontaliers Grand Est"},"image":{"@id":"https:\/\/frontaliers-grandest.eu\/de\/#\/schema\/logo\/image\/"},"sameAs":["https:\/\/www.facebook.com\/frontaliers.GR.EST\/?locale=fr_FR"]}]}},"frge_page_order":0,"_links":{"self":[{"href":"https:\/\/frontaliers-grandest.eu\/de\/wp-json\/wp\/v2\/pages\/6934","targetHints":{"allow":["GET"]}}],"collection":[{"href":"https:\/\/frontaliers-grandest.eu\/de\/wp-json\/wp\/v2\/pages"}],"about":[{"href":"https:\/\/frontaliers-grandest.eu\/de\/wp-json\/wp\/v2\/types\/page"}],"author":[{"embeddable":true,"href":"https:\/\/frontaliers-grandest.eu\/de\/wp-json\/wp\/v2\/users\/7"}],"replies":[{"embeddable":true,"href":"https:\/\/frontaliers-grandest.eu\/de\/wp-json\/wp\/v2\/comments?post=6934"}],"version-history":[{"count":3,"href":"https:\/\/frontaliers-grandest.eu\/de\/wp-json\/wp\/v2\/pages\/6934\/revisions"}],"predecessor-version":[{"id":7050,"href":"https:\/\/frontaliers-grandest.eu\/de\/wp-json\/wp\/v2\/pages\/6934\/revisions\/7050"}],"up":[{"embeddable":true,"href":"https:\/\/frontaliers-grandest.eu\/de\/wp-json\/wp\/v2\/pages\/6930"}],"wp:attachment":[{"href":"https:\/\/frontaliers-grandest.eu\/de\/wp-json\/wp\/v2\/media?parent=6934"}],"wp:term":[{"taxonomy":"post_tag","embeddable":true,"href":"https:\/\/frontaliers-grandest.eu\/de\/wp-json\/wp\/v2\/tags?post=6934"},{"taxonomy":"frge_profile","embeddable":true,"href":"https:\/\/frontaliers-grandest.eu\/de\/wp-json\/wp\/v2\/frge_profile?post=6934"}],"curies":[{"name":"wp","href":"https:\/\/api.w.org\/{rel}","templated":true}]}}