{"id":6930,"date":"2021-04-29T14:03:40","date_gmt":"2021-04-29T12:03:40","guid":{"rendered":"https:\/\/frontaliers-grandest.eu\/?page_id=6930"},"modified":"2021-05-04T12:04:55","modified_gmt":"2021-05-04T10:04:55","slug":"der-sprachengebrauch-in-unternehmen-in-deutschland","status":"publish","type":"page","link":"https:\/\/frontaliers-grandest.eu\/de\/startseite\/fremdsprachen-lernen\/der-sprachengebrauch-in-unternehmen\/in-deutschland\/der-sprachengebrauch-in-unternehmen-in-deutschland\/","title":{"rendered":"Der Sprachengebrauch in Unternehmen in Deutschland"},"content":{"rendered":"\n<p>Aktuell herrscht in Deutschland, der f\u00fchrenden Wirtschaftsmacht in der Europ\u00e4ischen Union, ein Fachkr\u00e4ftemangel, dem das Land durch eine F\u00f6rderung der Fachkr\u00e4fteeinwanderung zu begegnen versucht.<\/p>\n\n\n\n<p>Die deutsche Wirtschaft basiert im Wesentlichen auf dem terti\u00e4ren Sektor als dem gr\u00f6\u00dften Arbeitgeber und dem produzierenden Gewerbe, das einen sehr wichtigen Pfeiler der Wirtschaft darstellt. Ein ganz erheblicher Anteil der Arbeitspl\u00e4tze entf\u00e4llt in Deutschland auf die mittelst\u00e4ndischen Unternehmen (KMU).<br><br>Um in Deutschland beruflich erfolgreich zu sein, sind Deutschkenntnisse eine wichtige Voraussetzung. Die diesbez\u00fcglichen Anforderungen variieren je nach Branche und der Gr\u00f6\u00dfe und den internationalen Beziehungen des Unternehmens. Arbeitspl\u00e4tze f\u00fcr Hochqualifizierte erfordern jedoch in der Regel die Beherrschung von Fachbegriffen. Aufgrund der Schwierigkeiten deutscher Unternehmen, Arbeitskr\u00e4fte zu finden, hat die Regierung ein finanzielles F\u00f6rderprogramm zur Gewinnung Arbeitsuchender aus der EU gestartet. Mit dieser finanziellen Unterst\u00fctzung ist es insbesondere m\u00f6glich, Deutschkurse zu finanzieren, mit dem Ziel, fehlende Fachkr\u00e4fte langfristig zu integrieren.<\/p>\n\n\n\n<p>Nat\u00fcrlich ist auf dem deutschen Arbeitsmarkt auch die Beherrschung anderer Sprachen von gro\u00dfer Bedeutung. Die Wirtschaft des Landes ist ganz besonders eng mit dem Weltmarkt verbunden. Die Exporte gehen haupts\u00e4chlich in die L\u00e4nder der Europ\u00e4ischen Union, in die USA und nach China. Daher sind Englisch- oder Franz\u00f6sischkenntnisse zus\u00e4tzlich zur Beherrschung der Landessprache von nicht unerheblichem Vorteil f\u00fcr Bewerber, was im \u00dcbrigen auch f\u00fcr Italienisch und T\u00fcrkisch sowie f\u00fcr Polnisch und Russisch gilt.<\/p>\n","protected":false},"excerpt":{"rendered":"<p>Aktuell herrscht in Deutschland, der f\u00fchrenden Wirtschaftsmacht in der Europ\u00e4ischen Union, ein Fachkr\u00e4ftemangel, dem das Land durch eine F\u00f6rderung der Fachkr\u00e4fteeinwanderung zu begegnen versucht. Die deutsche Wirtschaft basiert im Wesentlichen auf dem terti\u00e4ren Sektor als dem gr\u00f6\u00dften Arbeitgeber und dem produzierenden Gewerbe, das einen sehr wichtigen Pfeiler der Wirtschaft darstellt. Ein ganz erheblicher Anteil der [&hellip;]<\/p>\n","protected":false},"author":7,"featured_media":0,"parent":6924,"menu_order":0,"comment_status":"closed","ping_status":"closed","template":"","meta":{"inline_featured_image":false,"footnotes":""},"tags":[],"frge_profile":[],"class_list":["post-6930","page","type-page","status-publish","hentry"],"yoast_head":"<!-- This site is optimized with the Yoast SEO plugin v27.1.1 - https:\/\/yoast.com\/product\/yoast-seo-wordpress\/ -->\n<title>Der Sprachengebrauch in Unternehmen in Deutschland - Frontaliers Grand Est<\/title>\n<meta name=\"robots\" content=\"index, follow, max-snippet:-1, max-image-preview:large, max-video-preview:-1\" \/>\n<link rel=\"canonical\" href=\"https:\/\/frontaliers-grandest.eu\/de\/startseite\/fremdsprachen-lernen\/der-sprachengebrauch-in-unternehmen\/in-deutschland\/der-sprachengebrauch-in-unternehmen-in-deutschland\/\" \/>\n<meta property=\"og:locale\" content=\"de_DE\" \/>\n<meta property=\"og:type\" content=\"article\" \/>\n<meta property=\"og:title\" content=\"Der Sprachengebrauch in Unternehmen in Deutschland - Frontaliers Grand Est\" \/>\n<meta property=\"og:description\" content=\"Aktuell herrscht in Deutschland, der f\u00fchrenden Wirtschaftsmacht in der Europ\u00e4ischen Union, ein Fachkr\u00e4ftemangel, dem das Land durch eine F\u00f6rderung der Fachkr\u00e4fteeinwanderung zu begegnen versucht. Die deutsche Wirtschaft basiert im Wesentlichen auf dem terti\u00e4ren Sektor als dem gr\u00f6\u00dften Arbeitgeber und dem produzierenden Gewerbe, das einen sehr wichtigen Pfeiler der Wirtschaft darstellt. Ein ganz erheblicher Anteil der [&hellip;]\" \/>\n<meta property=\"og:url\" content=\"https:\/\/frontaliers-grandest.eu\/de\/startseite\/fremdsprachen-lernen\/der-sprachengebrauch-in-unternehmen\/in-deutschland\/der-sprachengebrauch-in-unternehmen-in-deutschland\/\" \/>\n<meta property=\"og:site_name\" content=\"Frontaliers Grand Est\" \/>\n<meta property=\"article:publisher\" content=\"https:\/\/www.facebook.com\/frontaliers.GR.EST\/?locale=fr_FR\" \/>\n<meta property=\"article:modified_time\" content=\"2021-05-04T10:04:55+00:00\" \/>\n<meta name=\"twitter:card\" content=\"summary_large_image\" \/>\n<meta name=\"twitter:label1\" content=\"Gesch\u00e4tzte Lesezeit\" \/>\n\t<meta name=\"twitter:data1\" content=\"1\u00a0Minute\" \/>\n<script type=\"application\/ld+json\" class=\"yoast-schema-graph\">{\"@context\":\"https:\/\/schema.org\",\"@graph\":[{\"@type\":\"WebPage\",\"@id\":\"https:\/\/frontaliers-grandest.eu\/de\/startseite\/fremdsprachen-lernen\/der-sprachengebrauch-in-unternehmen\/in-deutschland\/der-sprachengebrauch-in-unternehmen-in-deutschland\/\",\"url\":\"https:\/\/frontaliers-grandest.eu\/de\/startseite\/fremdsprachen-lernen\/der-sprachengebrauch-in-unternehmen\/in-deutschland\/der-sprachengebrauch-in-unternehmen-in-deutschland\/\",\"name\":\"Der Sprachengebrauch in Unternehmen in Deutschland - Frontaliers Grand Est\",\"isPartOf\":{\"@id\":\"https:\/\/frontaliers-grandest.eu\/de\/#website\"},\"datePublished\":\"2021-04-29T12:03:40+00:00\",\"dateModified\":\"2021-05-04T10:04:55+00:00\",\"breadcrumb\":{\"@id\":\"https:\/\/frontaliers-grandest.eu\/de\/startseite\/fremdsprachen-lernen\/der-sprachengebrauch-in-unternehmen\/in-deutschland\/der-sprachengebrauch-in-unternehmen-in-deutschland\/#breadcrumb\"},\"inLanguage\":\"de\",\"potentialAction\":[{\"@type\":\"ReadAction\",\"target\":[\"https:\/\/frontaliers-grandest.eu\/de\/startseite\/fremdsprachen-lernen\/der-sprachengebrauch-in-unternehmen\/in-deutschland\/der-sprachengebrauch-in-unternehmen-in-deutschland\/\"]}]},{\"@type\":\"BreadcrumbList\",\"@id\":\"https:\/\/frontaliers-grandest.eu\/de\/startseite\/fremdsprachen-lernen\/der-sprachengebrauch-in-unternehmen\/in-deutschland\/der-sprachengebrauch-in-unternehmen-in-deutschland\/#breadcrumb\",\"itemListElement\":[{\"@type\":\"ListItem\",\"position\":1,\"name\":\"Startseite\",\"item\":\"https:\/\/frontaliers-grandest.eu\/de\/\"},{\"@type\":\"ListItem\",\"position\":2,\"name\":\"Fremdsprachen Lernen\",\"item\":\"https:\/\/frontaliers-grandest.eu\/de\/startseite\/fremdsprachen-lernen\/\"},{\"@type\":\"ListItem\",\"position\":3,\"name\":\"Der sprachengebrauch in unternehmen\",\"item\":\"https:\/\/frontaliers-grandest.eu\/de\/startseite\/fremdsprachen-lernen\/der-sprachengebrauch-in-unternehmen\/\"},{\"@type\":\"ListItem\",\"position\":4,\"name\":\"In Deutschland\",\"item\":\"https:\/\/frontaliers-grandest.eu\/de\/startseite\/fremdsprachen-lernen\/der-sprachengebrauch-in-unternehmen\/in-deutschland\/\"},{\"@type\":\"ListItem\",\"position\":5,\"name\":\"Der Sprachengebrauch in Unternehmen in Deutschland\"}]},{\"@type\":\"WebSite\",\"@id\":\"https:\/\/frontaliers-grandest.eu\/de\/#website\",\"url\":\"https:\/\/frontaliers-grandest.eu\/de\/\",\"name\":\"Frontaliers Grand Est\",\"description\":\"Le site ressource du travail frontalier\",\"publisher\":{\"@id\":\"https:\/\/frontaliers-grandest.eu\/de\/#organization\"},\"alternateName\":\"Frontaliers Grand Est\",\"potentialAction\":[{\"@type\":\"SearchAction\",\"target\":{\"@type\":\"EntryPoint\",\"urlTemplate\":\"https:\/\/frontaliers-grandest.eu\/de\/?s={search_term_string}\"},\"query-input\":{\"@type\":\"PropertyValueSpecification\",\"valueRequired\":true,\"valueName\":\"search_term_string\"}}],\"inLanguage\":\"de\"},{\"@type\":\"Organization\",\"@id\":\"https:\/\/frontaliers-grandest.eu\/de\/#organization\",\"name\":\"Frontaliers Grand Est\",\"alternateName\":\"Frontaliers Grand Est\",\"url\":\"https:\/\/frontaliers-grandest.eu\/de\/\",\"logo\":{\"@type\":\"ImageObject\",\"inLanguage\":\"de\",\"@id\":\"https:\/\/frontaliers-grandest.eu\/de\/#\/schema\/logo\/image\/\",\"url\":\"https:\/\/frontaliers-grandest.eu\/wp-content\/uploads\/2025\/07\/260328234_2966785176920310_3332838526503858160_n.jpg\",\"contentUrl\":\"https:\/\/frontaliers-grandest.eu\/wp-content\/uploads\/2025\/07\/260328234_2966785176920310_3332838526503858160_n.jpg\",\"width\":396,\"height\":396,\"caption\":\"Frontaliers Grand Est\"},\"image\":{\"@id\":\"https:\/\/frontaliers-grandest.eu\/de\/#\/schema\/logo\/image\/\"},\"sameAs\":[\"https:\/\/www.facebook.com\/frontaliers.GR.EST\/?locale=fr_FR\"]}]}<\/script>\n<!-- \/ Yoast SEO plugin. -->","yoast_head_json":{"title":"Der Sprachengebrauch in Unternehmen in Deutschland - Frontaliers Grand Est","robots":{"index":"index","follow":"follow","max-snippet":"max-snippet:-1","max-image-preview":"max-image-preview:large","max-video-preview":"max-video-preview:-1"},"canonical":"https:\/\/frontaliers-grandest.eu\/de\/startseite\/fremdsprachen-lernen\/der-sprachengebrauch-in-unternehmen\/in-deutschland\/der-sprachengebrauch-in-unternehmen-in-deutschland\/","og_locale":"de_DE","og_type":"article","og_title":"Der Sprachengebrauch in Unternehmen in Deutschland - Frontaliers Grand Est","og_description":"Aktuell herrscht in Deutschland, der f\u00fchrenden Wirtschaftsmacht in der Europ\u00e4ischen Union, ein Fachkr\u00e4ftemangel, dem das Land durch eine F\u00f6rderung der Fachkr\u00e4fteeinwanderung zu begegnen versucht. Die deutsche Wirtschaft basiert im Wesentlichen auf dem terti\u00e4ren Sektor als dem gr\u00f6\u00dften Arbeitgeber und dem produzierenden Gewerbe, das einen sehr wichtigen Pfeiler der Wirtschaft darstellt. Ein ganz erheblicher Anteil der [&hellip;]","og_url":"https:\/\/frontaliers-grandest.eu\/de\/startseite\/fremdsprachen-lernen\/der-sprachengebrauch-in-unternehmen\/in-deutschland\/der-sprachengebrauch-in-unternehmen-in-deutschland\/","og_site_name":"Frontaliers Grand Est","article_publisher":"https:\/\/www.facebook.com\/frontaliers.GR.EST\/?locale=fr_FR","article_modified_time":"2021-05-04T10:04:55+00:00","twitter_card":"summary_large_image","twitter_misc":{"Gesch\u00e4tzte Lesezeit":"1\u00a0Minute"},"schema":{"@context":"https:\/\/schema.org","@graph":[{"@type":"WebPage","@id":"https:\/\/frontaliers-grandest.eu\/de\/startseite\/fremdsprachen-lernen\/der-sprachengebrauch-in-unternehmen\/in-deutschland\/der-sprachengebrauch-in-unternehmen-in-deutschland\/","url":"https:\/\/frontaliers-grandest.eu\/de\/startseite\/fremdsprachen-lernen\/der-sprachengebrauch-in-unternehmen\/in-deutschland\/der-sprachengebrauch-in-unternehmen-in-deutschland\/","name":"Der Sprachengebrauch in Unternehmen in Deutschland - Frontaliers Grand Est","isPartOf":{"@id":"https:\/\/frontaliers-grandest.eu\/de\/#website"},"datePublished":"2021-04-29T12:03:40+00:00","dateModified":"2021-05-04T10:04:55+00:00","breadcrumb":{"@id":"https:\/\/frontaliers-grandest.eu\/de\/startseite\/fremdsprachen-lernen\/der-sprachengebrauch-in-unternehmen\/in-deutschland\/der-sprachengebrauch-in-unternehmen-in-deutschland\/#breadcrumb"},"inLanguage":"de","potentialAction":[{"@type":"ReadAction","target":["https:\/\/frontaliers-grandest.eu\/de\/startseite\/fremdsprachen-lernen\/der-sprachengebrauch-in-unternehmen\/in-deutschland\/der-sprachengebrauch-in-unternehmen-in-deutschland\/"]}]},{"@type":"BreadcrumbList","@id":"https:\/\/frontaliers-grandest.eu\/de\/startseite\/fremdsprachen-lernen\/der-sprachengebrauch-in-unternehmen\/in-deutschland\/der-sprachengebrauch-in-unternehmen-in-deutschland\/#breadcrumb","itemListElement":[{"@type":"ListItem","position":1,"name":"Startseite","item":"https:\/\/frontaliers-grandest.eu\/de\/"},{"@type":"ListItem","position":2,"name":"Fremdsprachen Lernen","item":"https:\/\/frontaliers-grandest.eu\/de\/startseite\/fremdsprachen-lernen\/"},{"@type":"ListItem","position":3,"name":"Der sprachengebrauch in unternehmen","item":"https:\/\/frontaliers-grandest.eu\/de\/startseite\/fremdsprachen-lernen\/der-sprachengebrauch-in-unternehmen\/"},{"@type":"ListItem","position":4,"name":"In Deutschland","item":"https:\/\/frontaliers-grandest.eu\/de\/startseite\/fremdsprachen-lernen\/der-sprachengebrauch-in-unternehmen\/in-deutschland\/"},{"@type":"ListItem","position":5,"name":"Der Sprachengebrauch in Unternehmen in Deutschland"}]},{"@type":"WebSite","@id":"https:\/\/frontaliers-grandest.eu\/de\/#website","url":"https:\/\/frontaliers-grandest.eu\/de\/","name":"Frontaliers Grand Est","description":"Le site ressource du travail frontalier","publisher":{"@id":"https:\/\/frontaliers-grandest.eu\/de\/#organization"},"alternateName":"Frontaliers Grand Est","potentialAction":[{"@type":"SearchAction","target":{"@type":"EntryPoint","urlTemplate":"https:\/\/frontaliers-grandest.eu\/de\/?s={search_term_string}"},"query-input":{"@type":"PropertyValueSpecification","valueRequired":true,"valueName":"search_term_string"}}],"inLanguage":"de"},{"@type":"Organization","@id":"https:\/\/frontaliers-grandest.eu\/de\/#organization","name":"Frontaliers Grand Est","alternateName":"Frontaliers Grand Est","url":"https:\/\/frontaliers-grandest.eu\/de\/","logo":{"@type":"ImageObject","inLanguage":"de","@id":"https:\/\/frontaliers-grandest.eu\/de\/#\/schema\/logo\/image\/","url":"https:\/\/frontaliers-grandest.eu\/wp-content\/uploads\/2025\/07\/260328234_2966785176920310_3332838526503858160_n.jpg","contentUrl":"https:\/\/frontaliers-grandest.eu\/wp-content\/uploads\/2025\/07\/260328234_2966785176920310_3332838526503858160_n.jpg","width":396,"height":396,"caption":"Frontaliers Grand Est"},"image":{"@id":"https:\/\/frontaliers-grandest.eu\/de\/#\/schema\/logo\/image\/"},"sameAs":["https:\/\/www.facebook.com\/frontaliers.GR.EST\/?locale=fr_FR"]}]}},"frge_page_order":0,"_links":{"self":[{"href":"https:\/\/frontaliers-grandest.eu\/de\/wp-json\/wp\/v2\/pages\/6930","targetHints":{"allow":["GET"]}}],"collection":[{"href":"https:\/\/frontaliers-grandest.eu\/de\/wp-json\/wp\/v2\/pages"}],"about":[{"href":"https:\/\/frontaliers-grandest.eu\/de\/wp-json\/wp\/v2\/types\/page"}],"author":[{"embeddable":true,"href":"https:\/\/frontaliers-grandest.eu\/de\/wp-json\/wp\/v2\/users\/7"}],"replies":[{"embeddable":true,"href":"https:\/\/frontaliers-grandest.eu\/de\/wp-json\/wp\/v2\/comments?post=6930"}],"version-history":[{"count":2,"href":"https:\/\/frontaliers-grandest.eu\/de\/wp-json\/wp\/v2\/pages\/6930\/revisions"}],"predecessor-version":[{"id":7048,"href":"https:\/\/frontaliers-grandest.eu\/de\/wp-json\/wp\/v2\/pages\/6930\/revisions\/7048"}],"up":[{"embeddable":true,"href":"https:\/\/frontaliers-grandest.eu\/de\/wp-json\/wp\/v2\/pages\/6924"}],"wp:attachment":[{"href":"https:\/\/frontaliers-grandest.eu\/de\/wp-json\/wp\/v2\/media?parent=6930"}],"wp:term":[{"taxonomy":"post_tag","embeddable":true,"href":"https:\/\/frontaliers-grandest.eu\/de\/wp-json\/wp\/v2\/tags?post=6930"},{"taxonomy":"frge_profile","embeddable":true,"href":"https:\/\/frontaliers-grandest.eu\/de\/wp-json\/wp\/v2\/frge_profile?post=6930"}],"curies":[{"name":"wp","href":"https:\/\/api.w.org\/{rel}","templated":true}]}}