{"id":6809,"date":"2021-04-27T14:57:41","date_gmt":"2021-04-27T12:57:41","guid":{"rendered":"https:\/\/frontaliers-grandest.eu\/?page_id=6809"},"modified":"2022-04-29T12:49:53","modified_gmt":"2022-04-29T10:49:53","slug":"in-der-sekundarschule-und-im-gymnasium","status":"publish","type":"page","link":"https:\/\/frontaliers-grandest.eu\/de\/startseite\/fremdsprachen-lernen\/das-lernen-von-fremdsprachen-ab-dem-kindesalter-bis-zum-abitur\/in-der-schweiz\/das-lernen-von-fremdsprachen-in-der-schweiz\/in-der-sekundarschule-und-im-gymnasium\/","title":{"rendered":"In der Sekundarschule und im Gymnasium"},"content":{"rendered":"\n<h4 class=\"wp-block-heading\"><strong>Die Sekundarschulen<\/strong><\/h4>\n\n\n\n<p><strong>Die Sekundarschulen&nbsp;<\/strong>werden von Kindern von der&nbsp;<strong>7. bis zur 9. Klasse&nbsp;<\/strong>besucht.<br>Im Kanton Basel-Stadt gibt es 10 Sekundarschulen.<br>In diesen drei Jahren werden die beiden Fremdsprachen&nbsp;<strong>Franz\u00f6sisch&nbsp;<\/strong>und&nbsp;<strong>Englisch<\/strong>&nbsp;gleichberechtigt mit je drei Wochenstunden unterrichtet.<\/p>\n\n\n\n<h5 class=\"wp-block-heading\"><strong>Das F\u00f6rderangebot Deutsch f\u00fcr Neuank\u00f6mmlinge:<\/strong><\/h5>\n\n\n\n<p>F\u00fcr alle, die beim Eintritt in die Sekundarschule keine Deutschkenntnisse haben, gibt es im ersten Jahr nur in einigen Einrichtungen eine individuelle F\u00f6rderung.<\/p>\n\n\n\n<ul class=\"wp-block-list\"><li>Sekundarschule B\u00e4umlihof (<a href=\"http:\/\/www.sek-baeumlihof.ch\/\" target=\"_blank\" rel=\"noreferrer noopener\">http:\/\/www.sek-baeumlihof.ch\/<\/a>),<\/li><li>Sekundarschule De Wette (<a href=\"http:\/\/www.sek-dewette.ch\/\" target=\"_blank\" rel=\"noreferrer noopener\">http:\/\/www.sek-dewette.ch\/<\/a>),<\/li><li>Sekundarschule St. Alban (<a href=\"http:\/\/www.sek-st-alban.ch\/\" target=\"_blank\" rel=\"noreferrer noopener\">http:\/\/www.sek-st-alban.ch\/<\/a>),<\/li><li>Sekundarschule Wasgenring (<a href=\"http:\/\/www.sek-wasgenring.ch\/\" target=\"_blank\" rel=\"noreferrer noopener\">http:\/\/www.sek-wasgenring.ch\/<\/a>).<\/li><\/ul>\n\n\n\n<h4 class=\"wp-block-heading\"><strong>Die Gymnasien<\/strong><\/h4>\n\n\n\n<p>Das Gymnasium wird von den Sch\u00fclern vier Jahre lang besucht. Es endet mit der&nbsp;<strong>13. Klasse.<\/strong><\/p>\n\n\n\n<h5 class=\"wp-block-heading\">Die zweisprachige Schweizer Matura<\/h5>\n\n\n\n<p>Die Matura ist das schulische Abschlusszeugnis der Sekundarstufe II, das den Zugang zu einem Hochschulstudium in der Schweiz er\u00f6ffnet. Neben dem Fremdsprachenangebot im Rahmen der normalen Matura gibt es auch die M\u00f6glichkeit, eine zweisprachige Matura abzulegen, die voraussetzt, dass der betreffende Sch\u00fcler mindestens 800 Schulstunden in einer lebenden Fremdsprache erhalten hat. Im Kanton Basel-Stadt wird die zweisprachige Matura nur mit Englisch angeboten. Neben dem reinen Sprachunterricht werden auch bestimmte Sachf\u00e4cher in der Fremdsprache unterrichtet.<\/p>\n\n\n\n<h5 class=\"wp-block-heading\"><strong>Gymnasien in Basel, die die zweisprachige deutsch-englische Matura anbieten<\/strong><\/h5>\n\n\n\n<ul class=\"wp-block-list\"><li><strong>Gymnasium B\u00e4umlihof<\/strong><br>Vorbereitung der zweisprachigen Matura in bilingualen Klassen. In den vier Gymnasialjahren k\u00f6nnen sich die Sch\u00fcler auf das International Baccalaureate vorbereiten. Dieser Schulabschluss basiert auf einem international anerkannten Lehrplan und setzt sehr gute interkulturelle Kenntnisse voraus.<br><a href=\"https:\/\/www.gbbasel.ch\/\" target=\"_blank\" rel=\"noreferrer noopener\">https:\/\/www.gbbasel.ch\/<\/a><\/li><li><strong>Gymnasium Leonhard<\/strong><br><a href=\"https:\/\/www.gymnasium-leonhard.ch\/\" target=\"_blank\" rel=\"noreferrer noopener\">https:\/\/www.gymnasium-leonhard.ch\/<\/a><br>Vorbereitung der zweisprachigen Matura in Partnerschaft mit einer Einrichtung in der N\u00e4he von Boston. Geschichte, Geografie und sp\u00e4ter auch Literatur werden auf Englisch unterrichtet.<\/li><li><strong>Gymnasium Am M\u00fcnsterplatz<\/strong><br>M\u00f6glichkeit, eine zweisprachige Matura mit sechs F\u00e4chern auf Englisch abzulegen (Immersionsunterricht).\u00a0An diesem Gymnasium kann das International Baccalaureate abgelegt werden.<br><a href=\"https:\/\/www.gmbasel.ch\/\" target=\"_blank\" rel=\"noreferrer noopener\">https:\/\/www.gmbasel.ch\/<\/a><\/li><li><strong>Gymnasium Kirschgarten\u00a0(Basel)<\/strong><br>Zweisprachige Matura (Deutsch-Englisch)<br>Ab der 10. Klasse wird Immersionsunterricht auf Englisch erteilt.<br><a href=\"https:\/\/www.gkgbs.ch\/unterricht\/immersion\" target=\"_blank\" rel=\"noreferrer noopener\">https:\/\/www.gkgbs.ch\/unterricht\/immersion<\/a><\/li><li><strong>Freies Gymnasium (Basel)<\/strong><br>Zweisprachige Matura (Deutch-Englisch)<br>Die F\u00e4cher Biologie, Geographie und Physik werden auf Englisch unterrichtet. <br><a href=\"https:\/\/www.fg-basel.ch\/de\/\">https:\/\/www.fg-basel.ch\/de\/<\/a><br><\/li><li><strong>Wirtschaftsgymnasium\u00a0(Basel)<\/strong><br>Vorbereitung auf die zweisprachige Matura. Englischer Immersionsunterricht ab der 10. Klasse in den Sachf\u00e4chern Wirtschaft und Recht. Austausch mit einer Einrichtung in Boston.<br><a href=\"https:\/\/wg.edubs.ch\/schulprofil\" target=\"_blank\" rel=\"noreferrer noopener\">https:\/\/wg.edubs.ch\/schulprofil<\/a><\/li><li><strong>Swiss International School<\/strong><br>Abgelegt werden k\u00f6nnen die zweisprachige Matura (Deutsch-Englisch) und das International Baccalaureate. M\u00f6glichkeit, europ\u00e4ische Sprachzertifikate zu erwerben. Das Bilingual College genannte Gymnasium der Swiss International School f\u00fchrt in sechs Jahren (7.-12. Klasse) zum International Baccalaureate.<br><a href=\"https:\/\/www.frontaliers-grandest.eu\/de\/l-apprentissage-des-langues-dans-la-petite-enfance\/pages\/en-suisse\/www.swissinternationalschool.ch\" target=\"_blank\" rel=\"noreferrer noopener\">www.swissinternationalschool.ch<\/a><\/li><\/ul>\n","protected":false},"excerpt":{"rendered":"<p>Die Sekundarschulen Die Sekundarschulen&nbsp;werden von Kindern von der&nbsp;7. bis zur 9. Klasse&nbsp;besucht.Im Kanton Basel-Stadt gibt es 10 Sekundarschulen.In diesen drei Jahren werden die beiden Fremdsprachen&nbsp;Franz\u00f6sisch&nbsp;und&nbsp;Englisch&nbsp;gleichberechtigt mit je drei Wochenstunden unterrichtet. Das F\u00f6rderangebot Deutsch f\u00fcr Neuank\u00f6mmlinge: F\u00fcr alle, die beim Eintritt in die Sekundarschule keine Deutschkenntnisse haben, gibt es im ersten Jahr nur in einigen Einrichtungen [&hellip;]<\/p>\n","protected":false},"author":7,"featured_media":0,"parent":6803,"menu_order":2,"comment_status":"closed","ping_status":"closed","template":"","meta":{"inline_featured_image":false,"footnotes":""},"tags":[],"frge_profile":[],"class_list":["post-6809","page","type-page","status-publish","hentry"],"yoast_head":"<!-- This site is optimized with the Yoast SEO plugin v27.1.1 - https:\/\/yoast.com\/product\/yoast-seo-wordpress\/ -->\n<title>In der Sekundarschule und im Gymnasium - Frontaliers Grand Est<\/title>\n<meta name=\"robots\" content=\"index, follow, max-snippet:-1, max-image-preview:large, max-video-preview:-1\" \/>\n<link rel=\"canonical\" href=\"https:\/\/frontaliers-grandest.eu\/de\/startseite\/fremdsprachen-lernen\/das-lernen-von-fremdsprachen-ab-dem-kindesalter-bis-zum-abitur\/in-der-schweiz\/das-lernen-von-fremdsprachen-in-der-schweiz\/in-der-sekundarschule-und-im-gymnasium\/\" \/>\n<meta property=\"og:locale\" content=\"de_DE\" \/>\n<meta property=\"og:type\" content=\"article\" \/>\n<meta property=\"og:title\" content=\"In der Sekundarschule und im Gymnasium - Frontaliers Grand Est\" \/>\n<meta property=\"og:description\" content=\"Die Sekundarschulen Die Sekundarschulen&nbsp;werden von Kindern von der&nbsp;7. bis zur 9. Klasse&nbsp;besucht.Im Kanton Basel-Stadt gibt es 10 Sekundarschulen.In diesen drei Jahren werden die beiden Fremdsprachen&nbsp;Franz\u00f6sisch&nbsp;und&nbsp;Englisch&nbsp;gleichberechtigt mit je drei Wochenstunden unterrichtet. Das F\u00f6rderangebot Deutsch f\u00fcr Neuank\u00f6mmlinge: F\u00fcr alle, die beim Eintritt in die Sekundarschule keine Deutschkenntnisse haben, gibt es im ersten Jahr nur in einigen Einrichtungen [&hellip;]\" \/>\n<meta property=\"og:url\" content=\"https:\/\/frontaliers-grandest.eu\/de\/startseite\/fremdsprachen-lernen\/das-lernen-von-fremdsprachen-ab-dem-kindesalter-bis-zum-abitur\/in-der-schweiz\/das-lernen-von-fremdsprachen-in-der-schweiz\/in-der-sekundarschule-und-im-gymnasium\/\" \/>\n<meta property=\"og:site_name\" content=\"Frontaliers Grand Est\" \/>\n<meta property=\"article:publisher\" content=\"https:\/\/www.facebook.com\/frontaliers.GR.EST\/?locale=fr_FR\" \/>\n<meta property=\"article:modified_time\" content=\"2022-04-29T10:49:53+00:00\" \/>\n<meta name=\"twitter:card\" content=\"summary_large_image\" \/>\n<meta name=\"twitter:label1\" content=\"Gesch\u00e4tzte Lesezeit\" \/>\n\t<meta name=\"twitter:data1\" content=\"2\u00a0Minuten\" \/>\n<script type=\"application\/ld+json\" class=\"yoast-schema-graph\">{\"@context\":\"https:\/\/schema.org\",\"@graph\":[{\"@type\":\"WebPage\",\"@id\":\"https:\/\/frontaliers-grandest.eu\/de\/startseite\/fremdsprachen-lernen\/das-lernen-von-fremdsprachen-ab-dem-kindesalter-bis-zum-abitur\/in-der-schweiz\/das-lernen-von-fremdsprachen-in-der-schweiz\/in-der-sekundarschule-und-im-gymnasium\/\",\"url\":\"https:\/\/frontaliers-grandest.eu\/de\/startseite\/fremdsprachen-lernen\/das-lernen-von-fremdsprachen-ab-dem-kindesalter-bis-zum-abitur\/in-der-schweiz\/das-lernen-von-fremdsprachen-in-der-schweiz\/in-der-sekundarschule-und-im-gymnasium\/\",\"name\":\"In der Sekundarschule und im Gymnasium - Frontaliers Grand Est\",\"isPartOf\":{\"@id\":\"https:\/\/frontaliers-grandest.eu\/de\/#website\"},\"datePublished\":\"2021-04-27T12:57:41+00:00\",\"dateModified\":\"2022-04-29T10:49:53+00:00\",\"breadcrumb\":{\"@id\":\"https:\/\/frontaliers-grandest.eu\/de\/startseite\/fremdsprachen-lernen\/das-lernen-von-fremdsprachen-ab-dem-kindesalter-bis-zum-abitur\/in-der-schweiz\/das-lernen-von-fremdsprachen-in-der-schweiz\/in-der-sekundarschule-und-im-gymnasium\/#breadcrumb\"},\"inLanguage\":\"de\",\"potentialAction\":[{\"@type\":\"ReadAction\",\"target\":[\"https:\/\/frontaliers-grandest.eu\/de\/startseite\/fremdsprachen-lernen\/das-lernen-von-fremdsprachen-ab-dem-kindesalter-bis-zum-abitur\/in-der-schweiz\/das-lernen-von-fremdsprachen-in-der-schweiz\/in-der-sekundarschule-und-im-gymnasium\/\"]}]},{\"@type\":\"BreadcrumbList\",\"@id\":\"https:\/\/frontaliers-grandest.eu\/de\/startseite\/fremdsprachen-lernen\/das-lernen-von-fremdsprachen-ab-dem-kindesalter-bis-zum-abitur\/in-der-schweiz\/das-lernen-von-fremdsprachen-in-der-schweiz\/in-der-sekundarschule-und-im-gymnasium\/#breadcrumb\",\"itemListElement\":[{\"@type\":\"ListItem\",\"position\":1,\"name\":\"Startseite\",\"item\":\"https:\/\/frontaliers-grandest.eu\/de\/\"},{\"@type\":\"ListItem\",\"position\":2,\"name\":\"Fremdsprachen Lernen\",\"item\":\"https:\/\/frontaliers-grandest.eu\/de\/startseite\/fremdsprachen-lernen\/\"},{\"@type\":\"ListItem\",\"position\":3,\"name\":\"Das lernen von fremdsprachen ab dem kindesalter bis zum abitur\",\"item\":\"https:\/\/frontaliers-grandest.eu\/de\/startseite\/fremdsprachen-lernen\/das-lernen-von-fremdsprachen-ab-dem-kindesalter-bis-zum-abitur\/\"},{\"@type\":\"ListItem\",\"position\":4,\"name\":\"In der Schweiz\",\"item\":\"https:\/\/frontaliers-grandest.eu\/de\/startseite\/fremdsprachen-lernen\/das-lernen-von-fremdsprachen-ab-dem-kindesalter-bis-zum-abitur\/in-der-schweiz\/\"},{\"@type\":\"ListItem\",\"position\":5,\"name\":\"Das Lernen von Fremdsprachen In der Schweiz\",\"item\":\"https:\/\/frontaliers-grandest.eu\/de\/startseite\/fremdsprachen-lernen\/das-lernen-von-fremdsprachen-ab-dem-kindesalter-bis-zum-abitur\/in-der-schweiz\/das-lernen-von-fremdsprachen-in-der-schweiz\/\"},{\"@type\":\"ListItem\",\"position\":6,\"name\":\"In der Sekundarschule und im Gymnasium\"}]},{\"@type\":\"WebSite\",\"@id\":\"https:\/\/frontaliers-grandest.eu\/de\/#website\",\"url\":\"https:\/\/frontaliers-grandest.eu\/de\/\",\"name\":\"Frontaliers Grand Est\",\"description\":\"Le site ressource du travail frontalier\",\"publisher\":{\"@id\":\"https:\/\/frontaliers-grandest.eu\/de\/#organization\"},\"alternateName\":\"Frontaliers Grand Est\",\"potentialAction\":[{\"@type\":\"SearchAction\",\"target\":{\"@type\":\"EntryPoint\",\"urlTemplate\":\"https:\/\/frontaliers-grandest.eu\/de\/?s={search_term_string}\"},\"query-input\":{\"@type\":\"PropertyValueSpecification\",\"valueRequired\":true,\"valueName\":\"search_term_string\"}}],\"inLanguage\":\"de\"},{\"@type\":\"Organization\",\"@id\":\"https:\/\/frontaliers-grandest.eu\/de\/#organization\",\"name\":\"Frontaliers Grand Est\",\"alternateName\":\"Frontaliers Grand Est\",\"url\":\"https:\/\/frontaliers-grandest.eu\/de\/\",\"logo\":{\"@type\":\"ImageObject\",\"inLanguage\":\"de\",\"@id\":\"https:\/\/frontaliers-grandest.eu\/de\/#\/schema\/logo\/image\/\",\"url\":\"https:\/\/frontaliers-grandest.eu\/wp-content\/uploads\/2025\/07\/260328234_2966785176920310_3332838526503858160_n.jpg\",\"contentUrl\":\"https:\/\/frontaliers-grandest.eu\/wp-content\/uploads\/2025\/07\/260328234_2966785176920310_3332838526503858160_n.jpg\",\"width\":396,\"height\":396,\"caption\":\"Frontaliers Grand Est\"},\"image\":{\"@id\":\"https:\/\/frontaliers-grandest.eu\/de\/#\/schema\/logo\/image\/\"},\"sameAs\":[\"https:\/\/www.facebook.com\/frontaliers.GR.EST\/?locale=fr_FR\"]}]}<\/script>\n<!-- \/ Yoast SEO plugin. -->","yoast_head_json":{"title":"In der Sekundarschule und im Gymnasium - Frontaliers Grand Est","robots":{"index":"index","follow":"follow","max-snippet":"max-snippet:-1","max-image-preview":"max-image-preview:large","max-video-preview":"max-video-preview:-1"},"canonical":"https:\/\/frontaliers-grandest.eu\/de\/startseite\/fremdsprachen-lernen\/das-lernen-von-fremdsprachen-ab-dem-kindesalter-bis-zum-abitur\/in-der-schweiz\/das-lernen-von-fremdsprachen-in-der-schweiz\/in-der-sekundarschule-und-im-gymnasium\/","og_locale":"de_DE","og_type":"article","og_title":"In der Sekundarschule und im Gymnasium - Frontaliers Grand Est","og_description":"Die Sekundarschulen Die Sekundarschulen&nbsp;werden von Kindern von der&nbsp;7. bis zur 9. Klasse&nbsp;besucht.Im Kanton Basel-Stadt gibt es 10 Sekundarschulen.In diesen drei Jahren werden die beiden Fremdsprachen&nbsp;Franz\u00f6sisch&nbsp;und&nbsp;Englisch&nbsp;gleichberechtigt mit je drei Wochenstunden unterrichtet. Das F\u00f6rderangebot Deutsch f\u00fcr Neuank\u00f6mmlinge: F\u00fcr alle, die beim Eintritt in die Sekundarschule keine Deutschkenntnisse haben, gibt es im ersten Jahr nur in einigen Einrichtungen [&hellip;]","og_url":"https:\/\/frontaliers-grandest.eu\/de\/startseite\/fremdsprachen-lernen\/das-lernen-von-fremdsprachen-ab-dem-kindesalter-bis-zum-abitur\/in-der-schweiz\/das-lernen-von-fremdsprachen-in-der-schweiz\/in-der-sekundarschule-und-im-gymnasium\/","og_site_name":"Frontaliers Grand Est","article_publisher":"https:\/\/www.facebook.com\/frontaliers.GR.EST\/?locale=fr_FR","article_modified_time":"2022-04-29T10:49:53+00:00","twitter_card":"summary_large_image","twitter_misc":{"Gesch\u00e4tzte Lesezeit":"2\u00a0Minuten"},"schema":{"@context":"https:\/\/schema.org","@graph":[{"@type":"WebPage","@id":"https:\/\/frontaliers-grandest.eu\/de\/startseite\/fremdsprachen-lernen\/das-lernen-von-fremdsprachen-ab-dem-kindesalter-bis-zum-abitur\/in-der-schweiz\/das-lernen-von-fremdsprachen-in-der-schweiz\/in-der-sekundarschule-und-im-gymnasium\/","url":"https:\/\/frontaliers-grandest.eu\/de\/startseite\/fremdsprachen-lernen\/das-lernen-von-fremdsprachen-ab-dem-kindesalter-bis-zum-abitur\/in-der-schweiz\/das-lernen-von-fremdsprachen-in-der-schweiz\/in-der-sekundarschule-und-im-gymnasium\/","name":"In der Sekundarschule und im Gymnasium - Frontaliers Grand Est","isPartOf":{"@id":"https:\/\/frontaliers-grandest.eu\/de\/#website"},"datePublished":"2021-04-27T12:57:41+00:00","dateModified":"2022-04-29T10:49:53+00:00","breadcrumb":{"@id":"https:\/\/frontaliers-grandest.eu\/de\/startseite\/fremdsprachen-lernen\/das-lernen-von-fremdsprachen-ab-dem-kindesalter-bis-zum-abitur\/in-der-schweiz\/das-lernen-von-fremdsprachen-in-der-schweiz\/in-der-sekundarschule-und-im-gymnasium\/#breadcrumb"},"inLanguage":"de","potentialAction":[{"@type":"ReadAction","target":["https:\/\/frontaliers-grandest.eu\/de\/startseite\/fremdsprachen-lernen\/das-lernen-von-fremdsprachen-ab-dem-kindesalter-bis-zum-abitur\/in-der-schweiz\/das-lernen-von-fremdsprachen-in-der-schweiz\/in-der-sekundarschule-und-im-gymnasium\/"]}]},{"@type":"BreadcrumbList","@id":"https:\/\/frontaliers-grandest.eu\/de\/startseite\/fremdsprachen-lernen\/das-lernen-von-fremdsprachen-ab-dem-kindesalter-bis-zum-abitur\/in-der-schweiz\/das-lernen-von-fremdsprachen-in-der-schweiz\/in-der-sekundarschule-und-im-gymnasium\/#breadcrumb","itemListElement":[{"@type":"ListItem","position":1,"name":"Startseite","item":"https:\/\/frontaliers-grandest.eu\/de\/"},{"@type":"ListItem","position":2,"name":"Fremdsprachen Lernen","item":"https:\/\/frontaliers-grandest.eu\/de\/startseite\/fremdsprachen-lernen\/"},{"@type":"ListItem","position":3,"name":"Das lernen von fremdsprachen ab dem kindesalter bis zum abitur","item":"https:\/\/frontaliers-grandest.eu\/de\/startseite\/fremdsprachen-lernen\/das-lernen-von-fremdsprachen-ab-dem-kindesalter-bis-zum-abitur\/"},{"@type":"ListItem","position":4,"name":"In der Schweiz","item":"https:\/\/frontaliers-grandest.eu\/de\/startseite\/fremdsprachen-lernen\/das-lernen-von-fremdsprachen-ab-dem-kindesalter-bis-zum-abitur\/in-der-schweiz\/"},{"@type":"ListItem","position":5,"name":"Das Lernen von Fremdsprachen In der Schweiz","item":"https:\/\/frontaliers-grandest.eu\/de\/startseite\/fremdsprachen-lernen\/das-lernen-von-fremdsprachen-ab-dem-kindesalter-bis-zum-abitur\/in-der-schweiz\/das-lernen-von-fremdsprachen-in-der-schweiz\/"},{"@type":"ListItem","position":6,"name":"In der Sekundarschule und im Gymnasium"}]},{"@type":"WebSite","@id":"https:\/\/frontaliers-grandest.eu\/de\/#website","url":"https:\/\/frontaliers-grandest.eu\/de\/","name":"Frontaliers Grand Est","description":"Le site ressource du travail frontalier","publisher":{"@id":"https:\/\/frontaliers-grandest.eu\/de\/#organization"},"alternateName":"Frontaliers Grand Est","potentialAction":[{"@type":"SearchAction","target":{"@type":"EntryPoint","urlTemplate":"https:\/\/frontaliers-grandest.eu\/de\/?s={search_term_string}"},"query-input":{"@type":"PropertyValueSpecification","valueRequired":true,"valueName":"search_term_string"}}],"inLanguage":"de"},{"@type":"Organization","@id":"https:\/\/frontaliers-grandest.eu\/de\/#organization","name":"Frontaliers Grand Est","alternateName":"Frontaliers Grand Est","url":"https:\/\/frontaliers-grandest.eu\/de\/","logo":{"@type":"ImageObject","inLanguage":"de","@id":"https:\/\/frontaliers-grandest.eu\/de\/#\/schema\/logo\/image\/","url":"https:\/\/frontaliers-grandest.eu\/wp-content\/uploads\/2025\/07\/260328234_2966785176920310_3332838526503858160_n.jpg","contentUrl":"https:\/\/frontaliers-grandest.eu\/wp-content\/uploads\/2025\/07\/260328234_2966785176920310_3332838526503858160_n.jpg","width":396,"height":396,"caption":"Frontaliers Grand Est"},"image":{"@id":"https:\/\/frontaliers-grandest.eu\/de\/#\/schema\/logo\/image\/"},"sameAs":["https:\/\/www.facebook.com\/frontaliers.GR.EST\/?locale=fr_FR"]}]}},"frge_page_order":0,"_links":{"self":[{"href":"https:\/\/frontaliers-grandest.eu\/de\/wp-json\/wp\/v2\/pages\/6809","targetHints":{"allow":["GET"]}}],"collection":[{"href":"https:\/\/frontaliers-grandest.eu\/de\/wp-json\/wp\/v2\/pages"}],"about":[{"href":"https:\/\/frontaliers-grandest.eu\/de\/wp-json\/wp\/v2\/types\/page"}],"author":[{"embeddable":true,"href":"https:\/\/frontaliers-grandest.eu\/de\/wp-json\/wp\/v2\/users\/7"}],"replies":[{"embeddable":true,"href":"https:\/\/frontaliers-grandest.eu\/de\/wp-json\/wp\/v2\/comments?post=6809"}],"version-history":[{"count":3,"href":"https:\/\/frontaliers-grandest.eu\/de\/wp-json\/wp\/v2\/pages\/6809\/revisions"}],"predecessor-version":[{"id":16994,"href":"https:\/\/frontaliers-grandest.eu\/de\/wp-json\/wp\/v2\/pages\/6809\/revisions\/16994"}],"up":[{"embeddable":true,"href":"https:\/\/frontaliers-grandest.eu\/de\/wp-json\/wp\/v2\/pages\/6803"}],"wp:attachment":[{"href":"https:\/\/frontaliers-grandest.eu\/de\/wp-json\/wp\/v2\/media?parent=6809"}],"wp:term":[{"taxonomy":"post_tag","embeddable":true,"href":"https:\/\/frontaliers-grandest.eu\/de\/wp-json\/wp\/v2\/tags?post=6809"},{"taxonomy":"frge_profile","embeddable":true,"href":"https:\/\/frontaliers-grandest.eu\/de\/wp-json\/wp\/v2\/frge_profile?post=6809"}],"curies":[{"name":"wp","href":"https:\/\/api.w.org\/{rel}","templated":true}]}}