{"id":6807,"date":"2021-04-27T14:51:31","date_gmt":"2021-04-27T12:51:31","guid":{"rendered":"https:\/\/frontaliers-grandest.eu\/?page_id=6807"},"modified":"2024-07-09T15:51:13","modified_gmt":"2024-07-09T13:51:13","slug":"primarstufe","status":"publish","type":"page","link":"https:\/\/frontaliers-grandest.eu\/de\/startseite\/fremdsprachen-lernen\/das-lernen-von-fremdsprachen-ab-dem-kindesalter-bis-zum-abitur\/in-der-schweiz\/das-lernen-von-fremdsprachen-in-der-schweiz\/primarstufe\/","title":{"rendered":"Primarstufe"},"content":{"rendered":"\n<h3 class=\"wp-block-heading\"><strong>Kindergarten (1. und 2. Klasse)<\/strong><\/h3>\n\n\n\n<p>In den ersten beiden Jahren der Primarstufe (die zugleich die ersten beiden Jahre der obligatorischen Schulzeit auf den Volksschulen sind) gehen die Kinder ab 5 Jahren in den Kindergarten. Im Kanton Basel-Stadt (Basel, Bettingen und Riehen) gibt es 180 Kinderg\u00e4rten. Die beiden Kantone Basel-Stadt und Basel-Landschaft haben dasselbe Schulsystem.<br>Der Unterricht findet auf Schweizerdeutsch und auf Hochdeutsch statt.<\/p>\n\n\n\n<h4 class=\"wp-block-heading\">Deutsch lernen: \u201eDeutsch als Zweitsprache\u201c<\/h4>\n\n\n\n<p>W\u00e4hrend der gesamten obligatorischen Schulzeit wird vom Kindergarten an der Lehrplan \u201eDeutsch als Zweitsprache\u201c umgesetzt. Speziell ausgebildete Lehrkr\u00e4fte unterrichten die Sch\u00fcler\/-innen mit einem entsprechenden Bedarf in Intensivkursen f\u00fcr Deutsch. Es gibt einj\u00e4hrige Intensivkurse f\u00fcr Anf\u00e4nger und in der Regel auf drei Jahre angelegte Aufbaukurse. Hier k\u00fcmmert sich in bestimmten Phasen eine zus\u00e4tzliche Person um die Kinder mit einem besonderen Bedarf.<\/p>\n\n\n\n<h5 class=\"wp-block-heading\">Die internationalen Schulen&nbsp;(nicht vollst\u00e4ndige Liste)<\/h5>\n\n\n\n<p>Es gibt private bilinguale Schulen, die auch \u00fcber einen Kindergarten\/eine \u00c9cole maternelle verf\u00fcgen. Die meisten dieser Einrichtungen sind kostenpflichtig (relativ hohes Schulgeld).<\/p>\n\n\n\n<ul class=\"wp-block-list\">\n<li><strong>\u00c9cole fran\u00e7aise de B\u00e2le<\/strong><br><a href=\"http:\/\/www.efdb.ch\/\" target=\"_blank\" rel=\"noreferrer noopener\">http:\/\/www.efdb.ch\/<\/a><\/li>\n\n\n\n<li><strong>Les Coquelicots: \u00e9cole bilingue franco-suisse de B\u00e2le<\/strong><br>Zweisprachige (Deutsch\/Franz\u00f6sisch) Einrichtung (Vorschule\/Kindergarten und Grundschule) in Basel f\u00fcr Kinder von zweieinhalb bis sechs Jahre.<br>Der Inhalt der Lehrpl\u00e4ne ist eine Kombination aus den Lehrpl\u00e4nen des franz\u00f6sischen Bildungsministeriums und dem Lehrplan des Kantons Basel-Stadt.<br><a href=\"http:\/\/www.ecolecoquelicots.ch\/fr\/Home.htm\" target=\"_blank\" rel=\"noreferrer noopener\">http:\/\/www.ecolecoquelicots.ch\/fr\/Home.htm<\/a><\/li>\n<\/ul>\n\n\n\n<h5 class=\"wp-block-heading\">Die deutsch-englischen Schulen<\/h5>\n\n\n\n<ul class=\"wp-block-list\">\n<li><strong>Swiss International School<\/strong><br>F\u00fcr Kinder ab dem Kindergartenalter bis zum Gymnasium.<br>Bilinguale deutsch-englische Betreuung zwischen 3 und 6 Jahren. Immersionsprinzip mit deutschsprachigen und englischsprachigen Betreuerinnen und Betreuern.<br><a href=\"https:\/\/www.frontaliers-grandest.eu\/de\/l-apprentissage-des-langues-dans-la-petite-enfance\/pages\/en-suisse\/www.swissinternationalschool.ch\" target=\"_blank\" rel=\"noreferrer noopener\">www.swissinternationalschool.ch<\/a><\/li>\n\n\n\n<li><strong>Kindergarten der Academia International School<\/strong><br>Der Kindergarten der Academia International School bietet ein bilinguales deutsch-englisches Umfeld und eine multikulturelle Erziehung.<br>Die Einrichtungen werden von Kindern und Jugendlichen zwischen 3 und 19 Jahren besucht. Primarschulunterricht auf Englisch. Zweite Sprache: Deutsch, Franz\u00f6sisch oder Spanisch.<br><a href=\"https:\/\/www.isbasel.ch\/\" target=\"_blank\" rel=\"noreferrer noopener\">www.isbasel.ch<\/a><\/li>\n<\/ul>\n\n\n\n<h3 class=\"wp-block-heading\"><strong>Die Primarschule (3. bis 8. Klasse)<\/strong><\/h3>\n\n\n\n<h4 class=\"wp-block-heading\"><strong>Lernen der Sprache Deutsch: \u201eDeutsch als Zweitsprache\u201c<\/strong><\/h4>\n\n\n\n<p>In der Primarschule gilt weiterhin der Lehrplan \u201eDeutsch als Zweitsprache\u201c.<br>Neuank\u00f6mmlinge erhalten im ersten Jahr intensiven Deutschunterricht und im zweiten Jahr verst\u00e4rkten Deutschunterricht, der falls erforderlich weitere zwei Jahre fortgesetzt wird. Parallel dazu besuchen die Sch\u00fcler\/-innen den normalen Schulunterricht.&nbsp;<\/p>\n\n\n\n<p>Im Kanton Basel-Stadt gibt es 31 Primarschulen.&nbsp;<\/p>\n\n\n\n<h5 class=\"wp-block-heading\">Das Lernen von Fremdsprachen in der Primarschule: Franz\u00f6sisch als erste Fremdsprache in den Kantonen an der deutsch-franz\u00f6sischen Sprachgrenze<\/h5>\n\n\n\n<p>Auf den Lehrpl\u00e4nen aller dieser Kantone (Kantone Basel-Landschaft, Basel-Stadt, Bern, Freiburg, Solothurn und Wallis) stehen<br>in der 3. und 4. Klasse drei Wochenstunden&nbsp;<strong>Franz\u00f6sisch<\/strong>.<br>In der 5. Klasse wird&nbsp;<strong>Englisch<\/strong>&nbsp;als zweite Fremdsprache eingef\u00fchrt. Die Sch\u00fcler\/-innen haben dann in der 5. und 6. Klasse jeweils zwei Wochenstunden Franz\u00f6sisch und Englisch.<\/p>\n\n\n\n<p>In den \u00fcbrigen Kantonen der Deutschschweiz ist die erste lebende Fremdsprache Englisch und die zweite Franz\u00f6sisch.<\/p>\n\n\n\n<h5 class=\"wp-block-heading\">Das Projekt \u201ePassepartout\u201c der sechs Kantone an der Sprachgrenze<\/h5>\n\n\n\n<p>Das gemeinsame Unterrichtskonzept der sechs Kantone tr\u00e4gt den Namen \u201ePassepartout\u201c. Bei diesem modernen Konzept des Fremdsprachenlernens soll die Alltagssprache erlernt werden. Die Volksschulen der beteiligten Kantone wenden alle dieselben didaktischen Grunds\u00e4tze an. Am Ende ihrer Schulzeit sollen sich alle Sch\u00fcler\/-innen problemlos auf Franz\u00f6sisch und Englisch ausdr\u00fccken k\u00f6nnen. Deutsch, Franz\u00f6sisch und Englisch werden nicht getrennt voneinander gelernt, sondern bei jeder Gelegenheit miteinander verbunden.<\/p>\n\n\n\n<h5 class=\"wp-block-heading\">Die internationalen Schulen<\/h5>\n\n\n\n<ul class=\"wp-block-list\">\n<li><strong>Swiss International School<\/strong><br>Bilingualer Unterricht (Deutsch-Englisch) in der Primarschule. Jede Primarschulklasse hat eine deutsch- und eine englischsprachige Lehrperson. Sachf\u00e4cher: Mathematik wird in der Fremdsprache unterrichtet. Franz\u00f6sischunterricht ab der 3. Klasse.<br><a href=\"https:\/\/www.swissinternationalschool.ch\/\" target=\"_blank\" rel=\"noreferrer noopener\">www.swissinternationalschool.ch<\/a><\/li>\n<\/ul>\n","protected":false},"excerpt":{"rendered":"<p>Kindergarten (1. und 2. Klasse) In den ersten beiden Jahren der Primarstufe (die zugleich die ersten beiden Jahre der obligatorischen Schulzeit auf den Volksschulen sind) gehen die Kinder ab 5 Jahren in den Kindergarten. Im Kanton Basel-Stadt (Basel, Bettingen und Riehen) gibt es 180 Kinderg\u00e4rten. Die beiden Kantone Basel-Stadt und Basel-Landschaft haben dasselbe Schulsystem.Der Unterricht [&hellip;]<\/p>\n","protected":false},"author":7,"featured_media":0,"parent":6803,"menu_order":1,"comment_status":"closed","ping_status":"closed","template":"","meta":{"inline_featured_image":false,"footnotes":""},"tags":[],"frge_profile":[],"class_list":["post-6807","page","type-page","status-publish","hentry"],"yoast_head":"<!-- This site is optimized with the Yoast SEO plugin v27.1.1 - https:\/\/yoast.com\/product\/yoast-seo-wordpress\/ -->\n<title>Fremdsprachen lernen in Schweiz: kindergarten &amp; primarschule<\/title>\n<meta name=\"description\" content=\"Das Lernen von Fremdsprachen in der Schweiz beginnt im Kindergarten mit Deutsch und setzt sich in der Primarschule mit Franz\u00f6sisch und Englisch fort.\" \/>\n<meta name=\"robots\" content=\"index, follow, max-snippet:-1, max-image-preview:large, max-video-preview:-1\" \/>\n<link rel=\"canonical\" href=\"https:\/\/frontaliers-grandest.eu\/de\/startseite\/fremdsprachen-lernen\/das-lernen-von-fremdsprachen-ab-dem-kindesalter-bis-zum-abitur\/in-der-schweiz\/das-lernen-von-fremdsprachen-in-der-schweiz\/primarstufe\/\" \/>\n<meta property=\"og:locale\" content=\"de_DE\" \/>\n<meta property=\"og:type\" content=\"article\" \/>\n<meta property=\"og:title\" content=\"Fremdsprachen lernen in Schweiz: kindergarten &amp; primarschule\" \/>\n<meta property=\"og:description\" content=\"Das Lernen von Fremdsprachen in der Schweiz beginnt im Kindergarten mit Deutsch und setzt sich in der Primarschule mit Franz\u00f6sisch und Englisch fort.\" \/>\n<meta property=\"og:url\" content=\"https:\/\/frontaliers-grandest.eu\/de\/startseite\/fremdsprachen-lernen\/das-lernen-von-fremdsprachen-ab-dem-kindesalter-bis-zum-abitur\/in-der-schweiz\/das-lernen-von-fremdsprachen-in-der-schweiz\/primarstufe\/\" \/>\n<meta property=\"og:site_name\" content=\"Frontaliers Grand Est\" \/>\n<meta property=\"article:publisher\" content=\"https:\/\/www.facebook.com\/frontaliers.GR.EST\/?locale=fr_FR\" \/>\n<meta property=\"article:modified_time\" content=\"2024-07-09T13:51:13+00:00\" \/>\n<meta name=\"twitter:card\" content=\"summary_large_image\" \/>\n<meta name=\"twitter:label1\" content=\"Gesch\u00e4tzte Lesezeit\" \/>\n\t<meta name=\"twitter:data1\" content=\"3\u00a0Minuten\" \/>\n<script type=\"application\/ld+json\" class=\"yoast-schema-graph\">{\"@context\":\"https:\/\/schema.org\",\"@graph\":[{\"@type\":\"WebPage\",\"@id\":\"https:\/\/frontaliers-grandest.eu\/de\/startseite\/fremdsprachen-lernen\/das-lernen-von-fremdsprachen-ab-dem-kindesalter-bis-zum-abitur\/in-der-schweiz\/das-lernen-von-fremdsprachen-in-der-schweiz\/primarstufe\/\",\"url\":\"https:\/\/frontaliers-grandest.eu\/de\/startseite\/fremdsprachen-lernen\/das-lernen-von-fremdsprachen-ab-dem-kindesalter-bis-zum-abitur\/in-der-schweiz\/das-lernen-von-fremdsprachen-in-der-schweiz\/primarstufe\/\",\"name\":\"Fremdsprachen lernen in Schweiz: kindergarten & primarschule\",\"isPartOf\":{\"@id\":\"https:\/\/frontaliers-grandest.eu\/de\/#website\"},\"datePublished\":\"2021-04-27T12:51:31+00:00\",\"dateModified\":\"2024-07-09T13:51:13+00:00\",\"description\":\"Das Lernen von Fremdsprachen in der Schweiz beginnt im Kindergarten mit Deutsch und setzt sich in der Primarschule mit Franz\u00f6sisch und Englisch fort.\",\"breadcrumb\":{\"@id\":\"https:\/\/frontaliers-grandest.eu\/de\/startseite\/fremdsprachen-lernen\/das-lernen-von-fremdsprachen-ab-dem-kindesalter-bis-zum-abitur\/in-der-schweiz\/das-lernen-von-fremdsprachen-in-der-schweiz\/primarstufe\/#breadcrumb\"},\"inLanguage\":\"de\",\"potentialAction\":[{\"@type\":\"ReadAction\",\"target\":[\"https:\/\/frontaliers-grandest.eu\/de\/startseite\/fremdsprachen-lernen\/das-lernen-von-fremdsprachen-ab-dem-kindesalter-bis-zum-abitur\/in-der-schweiz\/das-lernen-von-fremdsprachen-in-der-schweiz\/primarstufe\/\"]}]},{\"@type\":\"BreadcrumbList\",\"@id\":\"https:\/\/frontaliers-grandest.eu\/de\/startseite\/fremdsprachen-lernen\/das-lernen-von-fremdsprachen-ab-dem-kindesalter-bis-zum-abitur\/in-der-schweiz\/das-lernen-von-fremdsprachen-in-der-schweiz\/primarstufe\/#breadcrumb\",\"itemListElement\":[{\"@type\":\"ListItem\",\"position\":1,\"name\":\"Startseite\",\"item\":\"https:\/\/frontaliers-grandest.eu\/de\/\"},{\"@type\":\"ListItem\",\"position\":2,\"name\":\"Fremdsprachen Lernen\",\"item\":\"https:\/\/frontaliers-grandest.eu\/de\/startseite\/fremdsprachen-lernen\/\"},{\"@type\":\"ListItem\",\"position\":3,\"name\":\"Das lernen von fremdsprachen ab dem kindesalter bis zum abitur\",\"item\":\"https:\/\/frontaliers-grandest.eu\/de\/startseite\/fremdsprachen-lernen\/das-lernen-von-fremdsprachen-ab-dem-kindesalter-bis-zum-abitur\/\"},{\"@type\":\"ListItem\",\"position\":4,\"name\":\"In der Schweiz\",\"item\":\"https:\/\/frontaliers-grandest.eu\/de\/startseite\/fremdsprachen-lernen\/das-lernen-von-fremdsprachen-ab-dem-kindesalter-bis-zum-abitur\/in-der-schweiz\/\"},{\"@type\":\"ListItem\",\"position\":5,\"name\":\"Das Lernen von Fremdsprachen In der Schweiz\",\"item\":\"https:\/\/frontaliers-grandest.eu\/de\/startseite\/fremdsprachen-lernen\/das-lernen-von-fremdsprachen-ab-dem-kindesalter-bis-zum-abitur\/in-der-schweiz\/das-lernen-von-fremdsprachen-in-der-schweiz\/\"},{\"@type\":\"ListItem\",\"position\":6,\"name\":\"Primarstufe\"}]},{\"@type\":\"WebSite\",\"@id\":\"https:\/\/frontaliers-grandest.eu\/de\/#website\",\"url\":\"https:\/\/frontaliers-grandest.eu\/de\/\",\"name\":\"Frontaliers Grand Est\",\"description\":\"Le site ressource du travail frontalier\",\"publisher\":{\"@id\":\"https:\/\/frontaliers-grandest.eu\/de\/#organization\"},\"alternateName\":\"Frontaliers Grand Est\",\"potentialAction\":[{\"@type\":\"SearchAction\",\"target\":{\"@type\":\"EntryPoint\",\"urlTemplate\":\"https:\/\/frontaliers-grandest.eu\/de\/?s={search_term_string}\"},\"query-input\":{\"@type\":\"PropertyValueSpecification\",\"valueRequired\":true,\"valueName\":\"search_term_string\"}}],\"inLanguage\":\"de\"},{\"@type\":\"Organization\",\"@id\":\"https:\/\/frontaliers-grandest.eu\/de\/#organization\",\"name\":\"Frontaliers Grand Est\",\"alternateName\":\"Frontaliers Grand Est\",\"url\":\"https:\/\/frontaliers-grandest.eu\/de\/\",\"logo\":{\"@type\":\"ImageObject\",\"inLanguage\":\"de\",\"@id\":\"https:\/\/frontaliers-grandest.eu\/de\/#\/schema\/logo\/image\/\",\"url\":\"https:\/\/frontaliers-grandest.eu\/wp-content\/uploads\/2025\/07\/260328234_2966785176920310_3332838526503858160_n.jpg\",\"contentUrl\":\"https:\/\/frontaliers-grandest.eu\/wp-content\/uploads\/2025\/07\/260328234_2966785176920310_3332838526503858160_n.jpg\",\"width\":396,\"height\":396,\"caption\":\"Frontaliers Grand Est\"},\"image\":{\"@id\":\"https:\/\/frontaliers-grandest.eu\/de\/#\/schema\/logo\/image\/\"},\"sameAs\":[\"https:\/\/www.facebook.com\/frontaliers.GR.EST\/?locale=fr_FR\"]}]}<\/script>\n<!-- \/ Yoast SEO plugin. -->","yoast_head_json":{"title":"Fremdsprachen lernen in Schweiz: kindergarten & primarschule","description":"Das Lernen von Fremdsprachen in der Schweiz beginnt im Kindergarten mit Deutsch und setzt sich in der Primarschule mit Franz\u00f6sisch und Englisch fort.","robots":{"index":"index","follow":"follow","max-snippet":"max-snippet:-1","max-image-preview":"max-image-preview:large","max-video-preview":"max-video-preview:-1"},"canonical":"https:\/\/frontaliers-grandest.eu\/de\/startseite\/fremdsprachen-lernen\/das-lernen-von-fremdsprachen-ab-dem-kindesalter-bis-zum-abitur\/in-der-schweiz\/das-lernen-von-fremdsprachen-in-der-schweiz\/primarstufe\/","og_locale":"de_DE","og_type":"article","og_title":"Fremdsprachen lernen in Schweiz: kindergarten & primarschule","og_description":"Das Lernen von Fremdsprachen in der Schweiz beginnt im Kindergarten mit Deutsch und setzt sich in der Primarschule mit Franz\u00f6sisch und Englisch fort.","og_url":"https:\/\/frontaliers-grandest.eu\/de\/startseite\/fremdsprachen-lernen\/das-lernen-von-fremdsprachen-ab-dem-kindesalter-bis-zum-abitur\/in-der-schweiz\/das-lernen-von-fremdsprachen-in-der-schweiz\/primarstufe\/","og_site_name":"Frontaliers Grand Est","article_publisher":"https:\/\/www.facebook.com\/frontaliers.GR.EST\/?locale=fr_FR","article_modified_time":"2024-07-09T13:51:13+00:00","twitter_card":"summary_large_image","twitter_misc":{"Gesch\u00e4tzte Lesezeit":"3\u00a0Minuten"},"schema":{"@context":"https:\/\/schema.org","@graph":[{"@type":"WebPage","@id":"https:\/\/frontaliers-grandest.eu\/de\/startseite\/fremdsprachen-lernen\/das-lernen-von-fremdsprachen-ab-dem-kindesalter-bis-zum-abitur\/in-der-schweiz\/das-lernen-von-fremdsprachen-in-der-schweiz\/primarstufe\/","url":"https:\/\/frontaliers-grandest.eu\/de\/startseite\/fremdsprachen-lernen\/das-lernen-von-fremdsprachen-ab-dem-kindesalter-bis-zum-abitur\/in-der-schweiz\/das-lernen-von-fremdsprachen-in-der-schweiz\/primarstufe\/","name":"Fremdsprachen lernen in Schweiz: kindergarten & primarschule","isPartOf":{"@id":"https:\/\/frontaliers-grandest.eu\/de\/#website"},"datePublished":"2021-04-27T12:51:31+00:00","dateModified":"2024-07-09T13:51:13+00:00","description":"Das Lernen von Fremdsprachen in der Schweiz beginnt im Kindergarten mit Deutsch und setzt sich in der Primarschule mit Franz\u00f6sisch und Englisch fort.","breadcrumb":{"@id":"https:\/\/frontaliers-grandest.eu\/de\/startseite\/fremdsprachen-lernen\/das-lernen-von-fremdsprachen-ab-dem-kindesalter-bis-zum-abitur\/in-der-schweiz\/das-lernen-von-fremdsprachen-in-der-schweiz\/primarstufe\/#breadcrumb"},"inLanguage":"de","potentialAction":[{"@type":"ReadAction","target":["https:\/\/frontaliers-grandest.eu\/de\/startseite\/fremdsprachen-lernen\/das-lernen-von-fremdsprachen-ab-dem-kindesalter-bis-zum-abitur\/in-der-schweiz\/das-lernen-von-fremdsprachen-in-der-schweiz\/primarstufe\/"]}]},{"@type":"BreadcrumbList","@id":"https:\/\/frontaliers-grandest.eu\/de\/startseite\/fremdsprachen-lernen\/das-lernen-von-fremdsprachen-ab-dem-kindesalter-bis-zum-abitur\/in-der-schweiz\/das-lernen-von-fremdsprachen-in-der-schweiz\/primarstufe\/#breadcrumb","itemListElement":[{"@type":"ListItem","position":1,"name":"Startseite","item":"https:\/\/frontaliers-grandest.eu\/de\/"},{"@type":"ListItem","position":2,"name":"Fremdsprachen Lernen","item":"https:\/\/frontaliers-grandest.eu\/de\/startseite\/fremdsprachen-lernen\/"},{"@type":"ListItem","position":3,"name":"Das lernen von fremdsprachen ab dem kindesalter bis zum abitur","item":"https:\/\/frontaliers-grandest.eu\/de\/startseite\/fremdsprachen-lernen\/das-lernen-von-fremdsprachen-ab-dem-kindesalter-bis-zum-abitur\/"},{"@type":"ListItem","position":4,"name":"In der Schweiz","item":"https:\/\/frontaliers-grandest.eu\/de\/startseite\/fremdsprachen-lernen\/das-lernen-von-fremdsprachen-ab-dem-kindesalter-bis-zum-abitur\/in-der-schweiz\/"},{"@type":"ListItem","position":5,"name":"Das Lernen von Fremdsprachen In der Schweiz","item":"https:\/\/frontaliers-grandest.eu\/de\/startseite\/fremdsprachen-lernen\/das-lernen-von-fremdsprachen-ab-dem-kindesalter-bis-zum-abitur\/in-der-schweiz\/das-lernen-von-fremdsprachen-in-der-schweiz\/"},{"@type":"ListItem","position":6,"name":"Primarstufe"}]},{"@type":"WebSite","@id":"https:\/\/frontaliers-grandest.eu\/de\/#website","url":"https:\/\/frontaliers-grandest.eu\/de\/","name":"Frontaliers Grand Est","description":"Le site ressource du travail frontalier","publisher":{"@id":"https:\/\/frontaliers-grandest.eu\/de\/#organization"},"alternateName":"Frontaliers Grand Est","potentialAction":[{"@type":"SearchAction","target":{"@type":"EntryPoint","urlTemplate":"https:\/\/frontaliers-grandest.eu\/de\/?s={search_term_string}"},"query-input":{"@type":"PropertyValueSpecification","valueRequired":true,"valueName":"search_term_string"}}],"inLanguage":"de"},{"@type":"Organization","@id":"https:\/\/frontaliers-grandest.eu\/de\/#organization","name":"Frontaliers Grand Est","alternateName":"Frontaliers Grand Est","url":"https:\/\/frontaliers-grandest.eu\/de\/","logo":{"@type":"ImageObject","inLanguage":"de","@id":"https:\/\/frontaliers-grandest.eu\/de\/#\/schema\/logo\/image\/","url":"https:\/\/frontaliers-grandest.eu\/wp-content\/uploads\/2025\/07\/260328234_2966785176920310_3332838526503858160_n.jpg","contentUrl":"https:\/\/frontaliers-grandest.eu\/wp-content\/uploads\/2025\/07\/260328234_2966785176920310_3332838526503858160_n.jpg","width":396,"height":396,"caption":"Frontaliers Grand Est"},"image":{"@id":"https:\/\/frontaliers-grandest.eu\/de\/#\/schema\/logo\/image\/"},"sameAs":["https:\/\/www.facebook.com\/frontaliers.GR.EST\/?locale=fr_FR"]}]}},"frge_page_order":0,"_links":{"self":[{"href":"https:\/\/frontaliers-grandest.eu\/de\/wp-json\/wp\/v2\/pages\/6807","targetHints":{"allow":["GET"]}}],"collection":[{"href":"https:\/\/frontaliers-grandest.eu\/de\/wp-json\/wp\/v2\/pages"}],"about":[{"href":"https:\/\/frontaliers-grandest.eu\/de\/wp-json\/wp\/v2\/types\/page"}],"author":[{"embeddable":true,"href":"https:\/\/frontaliers-grandest.eu\/de\/wp-json\/wp\/v2\/users\/7"}],"replies":[{"embeddable":true,"href":"https:\/\/frontaliers-grandest.eu\/de\/wp-json\/wp\/v2\/comments?post=6807"}],"version-history":[{"count":4,"href":"https:\/\/frontaliers-grandest.eu\/de\/wp-json\/wp\/v2\/pages\/6807\/revisions"}],"predecessor-version":[{"id":39452,"href":"https:\/\/frontaliers-grandest.eu\/de\/wp-json\/wp\/v2\/pages\/6807\/revisions\/39452"}],"up":[{"embeddable":true,"href":"https:\/\/frontaliers-grandest.eu\/de\/wp-json\/wp\/v2\/pages\/6803"}],"wp:attachment":[{"href":"https:\/\/frontaliers-grandest.eu\/de\/wp-json\/wp\/v2\/media?parent=6807"}],"wp:term":[{"taxonomy":"post_tag","embeddable":true,"href":"https:\/\/frontaliers-grandest.eu\/de\/wp-json\/wp\/v2\/tags?post=6807"},{"taxonomy":"frge_profile","embeddable":true,"href":"https:\/\/frontaliers-grandest.eu\/de\/wp-json\/wp\/v2\/frge_profile?post=6807"}],"curies":[{"name":"wp","href":"https:\/\/api.w.org\/{rel}","templated":true}]}}