{"id":6805,"date":"2021-04-27T14:44:23","date_gmt":"2021-04-27T12:44:23","guid":{"rendered":"https:\/\/frontaliers-grandest.eu\/?page_id=6805"},"modified":"2024-06-27T10:20:27","modified_gmt":"2024-06-27T08:20:27","slug":"fruhkindliche-bildung","status":"publish","type":"page","link":"https:\/\/frontaliers-grandest.eu\/de\/startseite\/fremdsprachen-lernen\/das-lernen-von-fremdsprachen-ab-dem-kindesalter-bis-zum-abitur\/in-der-schweiz\/das-lernen-von-fremdsprachen-in-der-schweiz\/fruhkindliche-bildung\/","title":{"rendered":"Fr\u00fchkindliche Bildung"},"content":{"rendered":"\n<p>Im Kanton Basel-Stadt gibt es genau wie in Deutschland mehrere Arten von Einrichtungen f\u00fcr die fr\u00fche F\u00f6rderung. Die Kinderbetreuung beginnt ab einem Alter von 3 Monaten in Tagesheimen sowie in Kindertagesst\u00e4tten (Kitas). Diese Einrichtungen nehmen Kinder ab drei Monaten bis zum Alter von f\u00fcnf oder sechs Jahren auf. Ebenfalls zu finden sind internationale Einrichtungen, die auf dem Modell der franz\u00f6sischen \u00c9coles maternelles (Kinderg\u00e4rten\/Vorschulen) basieren und in denen Kinder ab drei Jahren betreut werden.<\/p>\n\n\n\n<p>Im Kanton Basel-Stadt sind Schweizerdeutsch und Hochdeutsch weit verbreitet. Allerdings werden in vielen Einrichtungen sowohl die Zweisprachigkeit Deutsch\/Englisch als auch die Zweisprachigkeit Deutsch\/Franz\u00f6sisch gef\u00f6rdert.<\/p>\n\n\n\n<h5 class=\"wp-block-heading\"><strong>Obligatorische Deutschf\u00f6rderung<\/strong><\/h5>\n\n\n\n<p>Im Kanton Basel-Stadt wird eine dynamische Bildungspolitik f\u00fcr die Betreuung und Integration der Neuank\u00f6mmlinge vom Kleinkindalter an verfolgt. Die Erzieher\/-innen sprechen Deutsch, und die Kinder k\u00f6nnen weiterhin in ihrer Herkunftssprache sprechen. Die kulturellen Unterschiede werden nicht nur respektiert, sondern auch im Rahmen des p\u00e4dagogischen Konzepts zur Geltung gebracht.<\/p>\n\n\n\n<p>Mit seiner Bildungspolitik setzt sich der Kanton Basel-Stadt f\u00fcr eine fr\u00fche (im Alter von viereinhalb Jahren) obligatorische Deutschf\u00f6rderung f\u00fcr nicht deutschsprachige Kinder ein.<br>Die Kinder, die Schwierigkeiten mit der deutschen Sprache haben, m\u00fcssen mindestens eineinhalb Jahre vor dem Kindergarteneintritt (mit vier Jahren) mit der lokalen Sprache in Kontakt kommen. Die Deutschkenntnisse der Kinder werden bereits sehr fr\u00fch (im Alter von dreieinhalb Jahren) eingesch\u00e4tzt.&nbsp;Eine Sensibilisierung f\u00fcr die Sprache erfolgt an mindestens zwei halben Tagen in der Woche in Spielgruppen oder, wenn die Eltern dies m\u00f6chten, in Tagesheimen oder Tagesfamilien. Der Kanton bietet eine einkommensabh\u00e4ngige finanzielle Beteiligung an den Kosten an. In der Regel besuchen die Kinder ab drei Jahren eine Spielgruppe.<\/p>\n\n\n\n<h4 class=\"wp-block-heading\"><strong>Die bilingualen Einrichtungen f\u00fcr die fr\u00fchkindliche Betreuung<\/strong><\/h4>\n\n\n\n<p><strong>Adressen der Spielgruppen, die das Lernen von Deutsch f\u00f6rdern:<\/strong><br><a href=\"http:\/\/www.volksschulen.bs.ch\/schulsystem\/vor-dem-kindergarten\/obligatorische-deutschfoerderung.html\" target=\"_blank\" rel=\"noreferrer noopener\">http:\/\/www.volksschulen.bs.ch\/schulsystem\/vor-dem-kindergarten\/obligatorische-deutschfoerderung.html<\/a><br><br><strong>Adressen der Tagesheime und Tagesfamilien<\/strong><br><a href=\"http:\/\/www.tagesbetreuung.bs.ch\" target=\"_blank\" rel=\"noreferrer noopener\">www.tagesbetreuung.bs.ch<\/a><\/p>\n\n\n\n<h5 class=\"wp-block-heading\">Die bilingualen Tagesheime und Kitas<\/h5>\n\n\n\n<p>Es gibt zahlreiche private Einrichtungen, die ab drei Monaten bis zum Schuleintritt eine zweisprachige Betreuung anbieten.<\/p>\n\n\n\n<ul class=\"wp-block-list\">\n<li>Kinderkrippe der kleinen Zwerge \u201eCr\u00e8che Les Ptits Lutins\u201c (Basel): franz\u00f6sisch-schweizerische Krippe<br>Franz\u00f6sischsprachige Kinderkrippe, die 24 Kinder ab drei Monaten bis 5 Jahre betreut. Die Heranf\u00fchrung an die deutsche Sprache erfolgt nach und nach auf spielerische Weise.<br><a href=\"http:\/\/www.ptitslutins.ch\/\" target=\"_blank\" rel=\"noreferrer noopener\">http:\/\/www.ptitslutins.ch\/<\/a><\/li>\n<\/ul>\n\n\n\n<h5 class=\"wp-block-heading\">Die bilingualen deutsch-englischen Einrichtungen<\/h5>\n\n\n\n<ul class=\"wp-block-list\">\n<li>Die Globegarden-Kitas (Basel)<br>Die vier Globegarden-Kitas in Basel und Umgebung bieten eine zweisprachige Betreuung (Schweizerdeutsch\/Englisch) mit englischsprachigen Erzieherinnen und Erziehern an. Einige der Einrichtungen bestehen nur aus einer Kinderkrippe, in andere ist auch ein Kindergarten integriert: Globegarden Malzgasse (Kita), Globegarden Markthalle (Kinderkrippe und Kindergarten), Globegarden Neubadrain, Globegarden Paulusgasse (Kita).<br><a href=\"http:\/\/www.globegarden.ch\" target=\"_blank\" rel=\"noreferrer noopener\">www.globegarden.ch<\/a><\/li>\n\n\n\n<li>Die Ylaa-Kitas (Basel)<br>In Basel bieten drei Einrichtungen eine zweisprachige (Deutsch\/Englisch) Betreuung f\u00fcr Kinder ab drei Monaten bis zum Schuleintritt (6-7 Jahre) an. Multikulturelle Betreuung (Spiele, gemeinsame Mahlzeiten, Singen). Es wird gleicherma\u00dfen Deutsch und Englisch gesprochen. Jeder Betreuer und jede Betreuerin spricht in seiner\/ihrer Sprache (1 Person, 1 Sprache).<br><a href=\"https:\/\/www.ylaa.ch\/de\/\" target=\"_blank\" rel=\"noreferrer noopener\">www.ylaa.ch<\/a><\/li>\n\n\n\n<li>Bilingual Kids Academy (Basel)<br>Kita, Schule, Kinderkrippe<br>Zweisprachigkeit Deutsch\/Englisch<br><a href=\"https:\/\/www.frontaliers-grandest.eu\/de\/l-apprentissage-des-langues-dans-la-petite-enfance\/pages\/en-suisse\/www.bkabasel.ch\" target=\"_blank\" rel=\"noreferrer noopener\">www.bkabasel.ch<\/a><\/li>\n<\/ul>\n","protected":false},"excerpt":{"rendered":"<p>Im Kanton Basel-Stadt gibt es genau wie in Deutschland mehrere Arten von Einrichtungen f\u00fcr die fr\u00fche F\u00f6rderung. Die Kinderbetreuung beginnt ab einem Alter von 3 Monaten in Tagesheimen sowie in Kindertagesst\u00e4tten (Kitas). Diese Einrichtungen nehmen Kinder ab drei Monaten bis zum Alter von f\u00fcnf oder sechs Jahren auf. Ebenfalls zu finden sind internationale Einrichtungen, die [&hellip;]<\/p>\n","protected":false},"author":7,"featured_media":0,"parent":6803,"menu_order":0,"comment_status":"closed","ping_status":"closed","template":"","meta":{"inline_featured_image":false,"footnotes":""},"tags":[],"frge_profile":[],"class_list":["post-6805","page","type-page","status-publish","hentry"],"yoast_head":"<!-- This site is optimized with the Yoast SEO plugin v27.1.1 - https:\/\/yoast.com\/product\/yoast-seo-wordpress\/ -->\n<title>Fr\u00fchkindliche Bildung - Frontaliers Grand Est<\/title>\n<meta name=\"robots\" content=\"index, follow, max-snippet:-1, max-image-preview:large, max-video-preview:-1\" \/>\n<link rel=\"canonical\" href=\"https:\/\/frontaliers-grandest.eu\/de\/startseite\/fremdsprachen-lernen\/das-lernen-von-fremdsprachen-ab-dem-kindesalter-bis-zum-abitur\/in-der-schweiz\/das-lernen-von-fremdsprachen-in-der-schweiz\/fruhkindliche-bildung\/\" \/>\n<meta property=\"og:locale\" content=\"de_DE\" \/>\n<meta property=\"og:type\" content=\"article\" \/>\n<meta property=\"og:title\" content=\"Fr\u00fchkindliche Bildung - Frontaliers Grand Est\" \/>\n<meta property=\"og:description\" content=\"Im Kanton Basel-Stadt gibt es genau wie in Deutschland mehrere Arten von Einrichtungen f\u00fcr die fr\u00fche F\u00f6rderung. Die Kinderbetreuung beginnt ab einem Alter von 3 Monaten in Tagesheimen sowie in Kindertagesst\u00e4tten (Kitas). Diese Einrichtungen nehmen Kinder ab drei Monaten bis zum Alter von f\u00fcnf oder sechs Jahren auf. Ebenfalls zu finden sind internationale Einrichtungen, die [&hellip;]\" \/>\n<meta property=\"og:url\" content=\"https:\/\/frontaliers-grandest.eu\/de\/startseite\/fremdsprachen-lernen\/das-lernen-von-fremdsprachen-ab-dem-kindesalter-bis-zum-abitur\/in-der-schweiz\/das-lernen-von-fremdsprachen-in-der-schweiz\/fruhkindliche-bildung\/\" \/>\n<meta property=\"og:site_name\" content=\"Frontaliers Grand Est\" \/>\n<meta property=\"article:publisher\" content=\"https:\/\/www.facebook.com\/frontaliers.GR.EST\/?locale=fr_FR\" \/>\n<meta property=\"article:modified_time\" content=\"2024-06-27T08:20:27+00:00\" \/>\n<meta name=\"twitter:card\" content=\"summary_large_image\" \/>\n<meta name=\"twitter:label1\" content=\"Gesch\u00e4tzte Lesezeit\" \/>\n\t<meta name=\"twitter:data1\" content=\"3\u00a0Minuten\" \/>\n<script type=\"application\/ld+json\" class=\"yoast-schema-graph\">{\"@context\":\"https:\/\/schema.org\",\"@graph\":[{\"@type\":\"WebPage\",\"@id\":\"https:\/\/frontaliers-grandest.eu\/de\/startseite\/fremdsprachen-lernen\/das-lernen-von-fremdsprachen-ab-dem-kindesalter-bis-zum-abitur\/in-der-schweiz\/das-lernen-von-fremdsprachen-in-der-schweiz\/fruhkindliche-bildung\/\",\"url\":\"https:\/\/frontaliers-grandest.eu\/de\/startseite\/fremdsprachen-lernen\/das-lernen-von-fremdsprachen-ab-dem-kindesalter-bis-zum-abitur\/in-der-schweiz\/das-lernen-von-fremdsprachen-in-der-schweiz\/fruhkindliche-bildung\/\",\"name\":\"Fr\u00fchkindliche Bildung - Frontaliers Grand Est\",\"isPartOf\":{\"@id\":\"https:\/\/frontaliers-grandest.eu\/de\/#website\"},\"datePublished\":\"2021-04-27T12:44:23+00:00\",\"dateModified\":\"2024-06-27T08:20:27+00:00\",\"breadcrumb\":{\"@id\":\"https:\/\/frontaliers-grandest.eu\/de\/startseite\/fremdsprachen-lernen\/das-lernen-von-fremdsprachen-ab-dem-kindesalter-bis-zum-abitur\/in-der-schweiz\/das-lernen-von-fremdsprachen-in-der-schweiz\/fruhkindliche-bildung\/#breadcrumb\"},\"inLanguage\":\"de\",\"potentialAction\":[{\"@type\":\"ReadAction\",\"target\":[\"https:\/\/frontaliers-grandest.eu\/de\/startseite\/fremdsprachen-lernen\/das-lernen-von-fremdsprachen-ab-dem-kindesalter-bis-zum-abitur\/in-der-schweiz\/das-lernen-von-fremdsprachen-in-der-schweiz\/fruhkindliche-bildung\/\"]}]},{\"@type\":\"BreadcrumbList\",\"@id\":\"https:\/\/frontaliers-grandest.eu\/de\/startseite\/fremdsprachen-lernen\/das-lernen-von-fremdsprachen-ab-dem-kindesalter-bis-zum-abitur\/in-der-schweiz\/das-lernen-von-fremdsprachen-in-der-schweiz\/fruhkindliche-bildung\/#breadcrumb\",\"itemListElement\":[{\"@type\":\"ListItem\",\"position\":1,\"name\":\"Startseite\",\"item\":\"https:\/\/frontaliers-grandest.eu\/de\/\"},{\"@type\":\"ListItem\",\"position\":2,\"name\":\"Fremdsprachen Lernen\",\"item\":\"https:\/\/frontaliers-grandest.eu\/de\/startseite\/fremdsprachen-lernen\/\"},{\"@type\":\"ListItem\",\"position\":3,\"name\":\"Das lernen von fremdsprachen ab dem kindesalter bis zum abitur\",\"item\":\"https:\/\/frontaliers-grandest.eu\/de\/startseite\/fremdsprachen-lernen\/das-lernen-von-fremdsprachen-ab-dem-kindesalter-bis-zum-abitur\/\"},{\"@type\":\"ListItem\",\"position\":4,\"name\":\"In der Schweiz\",\"item\":\"https:\/\/frontaliers-grandest.eu\/de\/startseite\/fremdsprachen-lernen\/das-lernen-von-fremdsprachen-ab-dem-kindesalter-bis-zum-abitur\/in-der-schweiz\/\"},{\"@type\":\"ListItem\",\"position\":5,\"name\":\"Das Lernen von Fremdsprachen In der Schweiz\",\"item\":\"https:\/\/frontaliers-grandest.eu\/de\/startseite\/fremdsprachen-lernen\/das-lernen-von-fremdsprachen-ab-dem-kindesalter-bis-zum-abitur\/in-der-schweiz\/das-lernen-von-fremdsprachen-in-der-schweiz\/\"},{\"@type\":\"ListItem\",\"position\":6,\"name\":\"Fr\u00fchkindliche Bildung\"}]},{\"@type\":\"WebSite\",\"@id\":\"https:\/\/frontaliers-grandest.eu\/de\/#website\",\"url\":\"https:\/\/frontaliers-grandest.eu\/de\/\",\"name\":\"Frontaliers Grand Est\",\"description\":\"Le site ressource du travail frontalier\",\"publisher\":{\"@id\":\"https:\/\/frontaliers-grandest.eu\/de\/#organization\"},\"alternateName\":\"Frontaliers Grand Est\",\"potentialAction\":[{\"@type\":\"SearchAction\",\"target\":{\"@type\":\"EntryPoint\",\"urlTemplate\":\"https:\/\/frontaliers-grandest.eu\/de\/?s={search_term_string}\"},\"query-input\":{\"@type\":\"PropertyValueSpecification\",\"valueRequired\":true,\"valueName\":\"search_term_string\"}}],\"inLanguage\":\"de\"},{\"@type\":\"Organization\",\"@id\":\"https:\/\/frontaliers-grandest.eu\/de\/#organization\",\"name\":\"Frontaliers Grand Est\",\"alternateName\":\"Frontaliers Grand Est\",\"url\":\"https:\/\/frontaliers-grandest.eu\/de\/\",\"logo\":{\"@type\":\"ImageObject\",\"inLanguage\":\"de\",\"@id\":\"https:\/\/frontaliers-grandest.eu\/de\/#\/schema\/logo\/image\/\",\"url\":\"https:\/\/frontaliers-grandest.eu\/wp-content\/uploads\/2025\/07\/260328234_2966785176920310_3332838526503858160_n.jpg\",\"contentUrl\":\"https:\/\/frontaliers-grandest.eu\/wp-content\/uploads\/2025\/07\/260328234_2966785176920310_3332838526503858160_n.jpg\",\"width\":396,\"height\":396,\"caption\":\"Frontaliers Grand Est\"},\"image\":{\"@id\":\"https:\/\/frontaliers-grandest.eu\/de\/#\/schema\/logo\/image\/\"},\"sameAs\":[\"https:\/\/www.facebook.com\/frontaliers.GR.EST\/?locale=fr_FR\"]}]}<\/script>\n<!-- \/ Yoast SEO plugin. -->","yoast_head_json":{"title":"Fr\u00fchkindliche Bildung - Frontaliers Grand Est","robots":{"index":"index","follow":"follow","max-snippet":"max-snippet:-1","max-image-preview":"max-image-preview:large","max-video-preview":"max-video-preview:-1"},"canonical":"https:\/\/frontaliers-grandest.eu\/de\/startseite\/fremdsprachen-lernen\/das-lernen-von-fremdsprachen-ab-dem-kindesalter-bis-zum-abitur\/in-der-schweiz\/das-lernen-von-fremdsprachen-in-der-schweiz\/fruhkindliche-bildung\/","og_locale":"de_DE","og_type":"article","og_title":"Fr\u00fchkindliche Bildung - Frontaliers Grand Est","og_description":"Im Kanton Basel-Stadt gibt es genau wie in Deutschland mehrere Arten von Einrichtungen f\u00fcr die fr\u00fche F\u00f6rderung. Die Kinderbetreuung beginnt ab einem Alter von 3 Monaten in Tagesheimen sowie in Kindertagesst\u00e4tten (Kitas). Diese Einrichtungen nehmen Kinder ab drei Monaten bis zum Alter von f\u00fcnf oder sechs Jahren auf. Ebenfalls zu finden sind internationale Einrichtungen, die [&hellip;]","og_url":"https:\/\/frontaliers-grandest.eu\/de\/startseite\/fremdsprachen-lernen\/das-lernen-von-fremdsprachen-ab-dem-kindesalter-bis-zum-abitur\/in-der-schweiz\/das-lernen-von-fremdsprachen-in-der-schweiz\/fruhkindliche-bildung\/","og_site_name":"Frontaliers Grand Est","article_publisher":"https:\/\/www.facebook.com\/frontaliers.GR.EST\/?locale=fr_FR","article_modified_time":"2024-06-27T08:20:27+00:00","twitter_card":"summary_large_image","twitter_misc":{"Gesch\u00e4tzte Lesezeit":"3\u00a0Minuten"},"schema":{"@context":"https:\/\/schema.org","@graph":[{"@type":"WebPage","@id":"https:\/\/frontaliers-grandest.eu\/de\/startseite\/fremdsprachen-lernen\/das-lernen-von-fremdsprachen-ab-dem-kindesalter-bis-zum-abitur\/in-der-schweiz\/das-lernen-von-fremdsprachen-in-der-schweiz\/fruhkindliche-bildung\/","url":"https:\/\/frontaliers-grandest.eu\/de\/startseite\/fremdsprachen-lernen\/das-lernen-von-fremdsprachen-ab-dem-kindesalter-bis-zum-abitur\/in-der-schweiz\/das-lernen-von-fremdsprachen-in-der-schweiz\/fruhkindliche-bildung\/","name":"Fr\u00fchkindliche Bildung - Frontaliers Grand Est","isPartOf":{"@id":"https:\/\/frontaliers-grandest.eu\/de\/#website"},"datePublished":"2021-04-27T12:44:23+00:00","dateModified":"2024-06-27T08:20:27+00:00","breadcrumb":{"@id":"https:\/\/frontaliers-grandest.eu\/de\/startseite\/fremdsprachen-lernen\/das-lernen-von-fremdsprachen-ab-dem-kindesalter-bis-zum-abitur\/in-der-schweiz\/das-lernen-von-fremdsprachen-in-der-schweiz\/fruhkindliche-bildung\/#breadcrumb"},"inLanguage":"de","potentialAction":[{"@type":"ReadAction","target":["https:\/\/frontaliers-grandest.eu\/de\/startseite\/fremdsprachen-lernen\/das-lernen-von-fremdsprachen-ab-dem-kindesalter-bis-zum-abitur\/in-der-schweiz\/das-lernen-von-fremdsprachen-in-der-schweiz\/fruhkindliche-bildung\/"]}]},{"@type":"BreadcrumbList","@id":"https:\/\/frontaliers-grandest.eu\/de\/startseite\/fremdsprachen-lernen\/das-lernen-von-fremdsprachen-ab-dem-kindesalter-bis-zum-abitur\/in-der-schweiz\/das-lernen-von-fremdsprachen-in-der-schweiz\/fruhkindliche-bildung\/#breadcrumb","itemListElement":[{"@type":"ListItem","position":1,"name":"Startseite","item":"https:\/\/frontaliers-grandest.eu\/de\/"},{"@type":"ListItem","position":2,"name":"Fremdsprachen Lernen","item":"https:\/\/frontaliers-grandest.eu\/de\/startseite\/fremdsprachen-lernen\/"},{"@type":"ListItem","position":3,"name":"Das lernen von fremdsprachen ab dem kindesalter bis zum abitur","item":"https:\/\/frontaliers-grandest.eu\/de\/startseite\/fremdsprachen-lernen\/das-lernen-von-fremdsprachen-ab-dem-kindesalter-bis-zum-abitur\/"},{"@type":"ListItem","position":4,"name":"In der Schweiz","item":"https:\/\/frontaliers-grandest.eu\/de\/startseite\/fremdsprachen-lernen\/das-lernen-von-fremdsprachen-ab-dem-kindesalter-bis-zum-abitur\/in-der-schweiz\/"},{"@type":"ListItem","position":5,"name":"Das Lernen von Fremdsprachen In der Schweiz","item":"https:\/\/frontaliers-grandest.eu\/de\/startseite\/fremdsprachen-lernen\/das-lernen-von-fremdsprachen-ab-dem-kindesalter-bis-zum-abitur\/in-der-schweiz\/das-lernen-von-fremdsprachen-in-der-schweiz\/"},{"@type":"ListItem","position":6,"name":"Fr\u00fchkindliche Bildung"}]},{"@type":"WebSite","@id":"https:\/\/frontaliers-grandest.eu\/de\/#website","url":"https:\/\/frontaliers-grandest.eu\/de\/","name":"Frontaliers Grand Est","description":"Le site ressource du travail frontalier","publisher":{"@id":"https:\/\/frontaliers-grandest.eu\/de\/#organization"},"alternateName":"Frontaliers Grand Est","potentialAction":[{"@type":"SearchAction","target":{"@type":"EntryPoint","urlTemplate":"https:\/\/frontaliers-grandest.eu\/de\/?s={search_term_string}"},"query-input":{"@type":"PropertyValueSpecification","valueRequired":true,"valueName":"search_term_string"}}],"inLanguage":"de"},{"@type":"Organization","@id":"https:\/\/frontaliers-grandest.eu\/de\/#organization","name":"Frontaliers Grand Est","alternateName":"Frontaliers Grand Est","url":"https:\/\/frontaliers-grandest.eu\/de\/","logo":{"@type":"ImageObject","inLanguage":"de","@id":"https:\/\/frontaliers-grandest.eu\/de\/#\/schema\/logo\/image\/","url":"https:\/\/frontaliers-grandest.eu\/wp-content\/uploads\/2025\/07\/260328234_2966785176920310_3332838526503858160_n.jpg","contentUrl":"https:\/\/frontaliers-grandest.eu\/wp-content\/uploads\/2025\/07\/260328234_2966785176920310_3332838526503858160_n.jpg","width":396,"height":396,"caption":"Frontaliers Grand Est"},"image":{"@id":"https:\/\/frontaliers-grandest.eu\/de\/#\/schema\/logo\/image\/"},"sameAs":["https:\/\/www.facebook.com\/frontaliers.GR.EST\/?locale=fr_FR"]}]}},"frge_page_order":0,"_links":{"self":[{"href":"https:\/\/frontaliers-grandest.eu\/de\/wp-json\/wp\/v2\/pages\/6805","targetHints":{"allow":["GET"]}}],"collection":[{"href":"https:\/\/frontaliers-grandest.eu\/de\/wp-json\/wp\/v2\/pages"}],"about":[{"href":"https:\/\/frontaliers-grandest.eu\/de\/wp-json\/wp\/v2\/types\/page"}],"author":[{"embeddable":true,"href":"https:\/\/frontaliers-grandest.eu\/de\/wp-json\/wp\/v2\/users\/7"}],"replies":[{"embeddable":true,"href":"https:\/\/frontaliers-grandest.eu\/de\/wp-json\/wp\/v2\/comments?post=6805"}],"version-history":[{"count":4,"href":"https:\/\/frontaliers-grandest.eu\/de\/wp-json\/wp\/v2\/pages\/6805\/revisions"}],"predecessor-version":[{"id":39450,"href":"https:\/\/frontaliers-grandest.eu\/de\/wp-json\/wp\/v2\/pages\/6805\/revisions\/39450"}],"up":[{"embeddable":true,"href":"https:\/\/frontaliers-grandest.eu\/de\/wp-json\/wp\/v2\/pages\/6803"}],"wp:attachment":[{"href":"https:\/\/frontaliers-grandest.eu\/de\/wp-json\/wp\/v2\/media?parent=6805"}],"wp:term":[{"taxonomy":"post_tag","embeddable":true,"href":"https:\/\/frontaliers-grandest.eu\/de\/wp-json\/wp\/v2\/tags?post=6805"},{"taxonomy":"frge_profile","embeddable":true,"href":"https:\/\/frontaliers-grandest.eu\/de\/wp-json\/wp\/v2\/frge_profile?post=6805"}],"curies":[{"name":"wp","href":"https:\/\/api.w.org\/{rel}","templated":true}]}}