{"id":6796,"date":"2021-04-27T14:32:48","date_gmt":"2021-04-27T12:32:48","guid":{"rendered":"https:\/\/frontaliers-grandest.eu\/?page_id=6796"},"modified":"2021-05-04T11:58:31","modified_gmt":"2021-05-04T09:58:31","slug":"die-zertifikate-und-die-speziellen-padagogischen-methoden","status":"publish","type":"page","link":"https:\/\/frontaliers-grandest.eu\/de\/startseite\/fremdsprachen-lernen\/das-lernen-von-fremdsprachen-ab-dem-kindesalter-bis-zum-abitur\/in-luxemburg\/das-lernen-von-fremdsprachen-in-luxemburg\/die-zertifikate-und-die-speziellen-padagogischen-methoden\/","title":{"rendered":"Die Zertifikate und die speziellen p\u00e4dagogischen Methoden"},"content":{"rendered":"\n<h5 class=\"wp-block-heading\"><strong>Die Zertifikate<\/strong><\/h5>\n\n\n\n<ul class=\"wp-block-list\"><li><strong>Zertifikate f\u00fcr Luxemburgisch<\/strong>:<br>LAF (L\u00ebtzebuergesch als Friemsprooch): Zertifikate f\u00fcr die Niveaustufen A2 bis C1<\/li><li><strong>Zertifikate f\u00fcr Portugiesisch<\/strong>: CIPLE (Sprachzertifikat f\u00fcr Anf\u00e4ngerkenntnisse in Portugiesisch als Fremdsprache), DEPLE (Sprachzertifikat f\u00fcr Grundkenntnisse in Portugiesisch als Fremdsprache), DIPLE (Sprachzertifikat f\u00fcr Fortgeschrittenenkenntnisse in Portugiesisch als Fremdsprache). Abgelegte Pr\u00fcfungen f\u00fcr eine dieser drei Niveaustufen der Sprachzertifikate f\u00fcr Portugiesisch werden in die schulischen Leistungsnachweise und die Schulzeugnisse aufgenommen.<\/li><li><strong>\u201eTCF tout public\u201c<\/strong>: Sprachtest f\u00fcr Personen, die ihre Franz\u00f6sischkenntnisse aus pers\u00f6nlichen, akademischen oder beruflichen Gr\u00fcnden bewerten lassen m\u00f6chten<\/li><\/ul>\n\n\n\n<h5 class=\"wp-block-heading\"><strong>Die Instrumente der Europ\u00e4ischen Kommission f\u00fcr eine p\u00e4dagogische Lernerfolgs- und Kompetenzerfassung<\/strong><\/h5>\n\n\n\n<ul class=\"wp-block-list\"><li><strong>Der Gemeinsame Europ\u00e4ische Referenzrahmen f\u00fcr Sprachen (GER)<\/strong>&nbsp;legt verschiedene Niveaustufen f\u00fcr sprachliche Kompetenzen fest (A1, A2, B1, B2, C1, C2). Seit 2002 erfolgt in den luxemburgischen Grundschulzeugnissen eine an den GER angelehnte Bewertung der Kompetenzen.<\/li><li><strong>Selbsteinsch\u00e4tzung durch den von der Europ\u00e4ischen Kommission eingef\u00fchrten DIALANG-Sprachtest<\/strong><br>Dieser Test erm\u00f6glicht eine au\u00dferschulische Selbsteinsch\u00e4tzung von Fremdsprachenkenntnissen (14 Sprachen):&nbsp;<a href=\"http:\/\/www.dialang.org\/\" target=\"_blank\" rel=\"noreferrer noopener\">www.dialang.org<\/a><\/li><li><strong>Sprachenportfolio<\/strong>: Dokumentation des Sprachenerwerbs.<\/li><li><strong>Content and Language Integrated Learning<\/strong>&nbsp;(CLIL). Der bilinguale Unterricht als Unterricht mit Teilen des Fachunterrichts in der Fremdsprache spielt in Luxemburg eine gro\u00dfe Rolle.<\/li><\/ul>\n","protected":false},"excerpt":{"rendered":"<p>Die Zertifikate Zertifikate f\u00fcr Luxemburgisch:LAF (L\u00ebtzebuergesch als Friemsprooch): Zertifikate f\u00fcr die Niveaustufen A2 bis C1 Zertifikate f\u00fcr Portugiesisch: CIPLE (Sprachzertifikat f\u00fcr Anf\u00e4ngerkenntnisse in Portugiesisch als Fremdsprache), DEPLE (Sprachzertifikat f\u00fcr Grundkenntnisse in Portugiesisch als Fremdsprache), DIPLE (Sprachzertifikat f\u00fcr Fortgeschrittenenkenntnisse in Portugiesisch als Fremdsprache). Abgelegte Pr\u00fcfungen f\u00fcr eine dieser drei Niveaustufen der Sprachzertifikate f\u00fcr Portugiesisch werden in [&hellip;]<\/p>\n","protected":false},"author":7,"featured_media":0,"parent":6787,"menu_order":3,"comment_status":"closed","ping_status":"closed","template":"","meta":{"inline_featured_image":false,"footnotes":""},"tags":[],"frge_profile":[],"class_list":["post-6796","page","type-page","status-publish","hentry"],"yoast_head":"<!-- This site is optimized with the Yoast SEO plugin v27.1.1 - https:\/\/yoast.com\/product\/yoast-seo-wordpress\/ -->\n<title>Die Zertifikate und die speziellen p\u00e4dagogischen Methoden - Frontaliers Grand Est<\/title>\n<meta name=\"robots\" content=\"index, follow, max-snippet:-1, max-image-preview:large, max-video-preview:-1\" \/>\n<link rel=\"canonical\" href=\"https:\/\/frontaliers-grandest.eu\/de\/startseite\/fremdsprachen-lernen\/das-lernen-von-fremdsprachen-ab-dem-kindesalter-bis-zum-abitur\/in-luxemburg\/das-lernen-von-fremdsprachen-in-luxemburg\/die-zertifikate-und-die-speziellen-padagogischen-methoden\/\" \/>\n<meta property=\"og:locale\" content=\"de_DE\" \/>\n<meta property=\"og:type\" content=\"article\" \/>\n<meta property=\"og:title\" content=\"Die Zertifikate und die speziellen p\u00e4dagogischen Methoden - Frontaliers Grand Est\" \/>\n<meta property=\"og:description\" content=\"Die Zertifikate Zertifikate f\u00fcr Luxemburgisch:LAF (L\u00ebtzebuergesch als Friemsprooch): Zertifikate f\u00fcr die Niveaustufen A2 bis C1 Zertifikate f\u00fcr Portugiesisch: CIPLE (Sprachzertifikat f\u00fcr Anf\u00e4ngerkenntnisse in Portugiesisch als Fremdsprache), DEPLE (Sprachzertifikat f\u00fcr Grundkenntnisse in Portugiesisch als Fremdsprache), DIPLE (Sprachzertifikat f\u00fcr Fortgeschrittenenkenntnisse in Portugiesisch als Fremdsprache). Abgelegte Pr\u00fcfungen f\u00fcr eine dieser drei Niveaustufen der Sprachzertifikate f\u00fcr Portugiesisch werden in [&hellip;]\" \/>\n<meta property=\"og:url\" content=\"https:\/\/frontaliers-grandest.eu\/de\/startseite\/fremdsprachen-lernen\/das-lernen-von-fremdsprachen-ab-dem-kindesalter-bis-zum-abitur\/in-luxemburg\/das-lernen-von-fremdsprachen-in-luxemburg\/die-zertifikate-und-die-speziellen-padagogischen-methoden\/\" \/>\n<meta property=\"og:site_name\" content=\"Frontaliers Grand Est\" \/>\n<meta property=\"article:publisher\" content=\"https:\/\/www.facebook.com\/frontaliers.GR.EST\/?locale=fr_FR\" \/>\n<meta property=\"article:modified_time\" content=\"2021-05-04T09:58:31+00:00\" \/>\n<meta name=\"twitter:card\" content=\"summary_large_image\" \/>\n<meta name=\"twitter:label1\" content=\"Gesch\u00e4tzte Lesezeit\" \/>\n\t<meta name=\"twitter:data1\" content=\"1\u00a0Minute\" \/>\n<script type=\"application\/ld+json\" class=\"yoast-schema-graph\">{\"@context\":\"https:\/\/schema.org\",\"@graph\":[{\"@type\":\"WebPage\",\"@id\":\"https:\/\/frontaliers-grandest.eu\/de\/startseite\/fremdsprachen-lernen\/das-lernen-von-fremdsprachen-ab-dem-kindesalter-bis-zum-abitur\/in-luxemburg\/das-lernen-von-fremdsprachen-in-luxemburg\/die-zertifikate-und-die-speziellen-padagogischen-methoden\/\",\"url\":\"https:\/\/frontaliers-grandest.eu\/de\/startseite\/fremdsprachen-lernen\/das-lernen-von-fremdsprachen-ab-dem-kindesalter-bis-zum-abitur\/in-luxemburg\/das-lernen-von-fremdsprachen-in-luxemburg\/die-zertifikate-und-die-speziellen-padagogischen-methoden\/\",\"name\":\"Die Zertifikate und die speziellen p\u00e4dagogischen Methoden - Frontaliers Grand Est\",\"isPartOf\":{\"@id\":\"https:\/\/frontaliers-grandest.eu\/de\/#website\"},\"datePublished\":\"2021-04-27T12:32:48+00:00\",\"dateModified\":\"2021-05-04T09:58:31+00:00\",\"breadcrumb\":{\"@id\":\"https:\/\/frontaliers-grandest.eu\/de\/startseite\/fremdsprachen-lernen\/das-lernen-von-fremdsprachen-ab-dem-kindesalter-bis-zum-abitur\/in-luxemburg\/das-lernen-von-fremdsprachen-in-luxemburg\/die-zertifikate-und-die-speziellen-padagogischen-methoden\/#breadcrumb\"},\"inLanguage\":\"de\",\"potentialAction\":[{\"@type\":\"ReadAction\",\"target\":[\"https:\/\/frontaliers-grandest.eu\/de\/startseite\/fremdsprachen-lernen\/das-lernen-von-fremdsprachen-ab-dem-kindesalter-bis-zum-abitur\/in-luxemburg\/das-lernen-von-fremdsprachen-in-luxemburg\/die-zertifikate-und-die-speziellen-padagogischen-methoden\/\"]}]},{\"@type\":\"BreadcrumbList\",\"@id\":\"https:\/\/frontaliers-grandest.eu\/de\/startseite\/fremdsprachen-lernen\/das-lernen-von-fremdsprachen-ab-dem-kindesalter-bis-zum-abitur\/in-luxemburg\/das-lernen-von-fremdsprachen-in-luxemburg\/die-zertifikate-und-die-speziellen-padagogischen-methoden\/#breadcrumb\",\"itemListElement\":[{\"@type\":\"ListItem\",\"position\":1,\"name\":\"Startseite\",\"item\":\"https:\/\/frontaliers-grandest.eu\/de\/\"},{\"@type\":\"ListItem\",\"position\":2,\"name\":\"Fremdsprachen Lernen\",\"item\":\"https:\/\/frontaliers-grandest.eu\/de\/startseite\/fremdsprachen-lernen\/\"},{\"@type\":\"ListItem\",\"position\":3,\"name\":\"Das lernen von fremdsprachen ab dem kindesalter bis zum abitur\",\"item\":\"https:\/\/frontaliers-grandest.eu\/de\/startseite\/fremdsprachen-lernen\/das-lernen-von-fremdsprachen-ab-dem-kindesalter-bis-zum-abitur\/\"},{\"@type\":\"ListItem\",\"position\":4,\"name\":\"In Luxemburg\",\"item\":\"https:\/\/frontaliers-grandest.eu\/de\/startseite\/fremdsprachen-lernen\/das-lernen-von-fremdsprachen-ab-dem-kindesalter-bis-zum-abitur\/in-luxemburg\/\"},{\"@type\":\"ListItem\",\"position\":5,\"name\":\"Das Lernen von Fremdsprachen in Luxemburg\",\"item\":\"https:\/\/frontaliers-grandest.eu\/de\/startseite\/fremdsprachen-lernen\/das-lernen-von-fremdsprachen-ab-dem-kindesalter-bis-zum-abitur\/in-luxemburg\/das-lernen-von-fremdsprachen-in-luxemburg\/\"},{\"@type\":\"ListItem\",\"position\":6,\"name\":\"Die Zertifikate und die speziellen p\u00e4dagogischen Methoden\"}]},{\"@type\":\"WebSite\",\"@id\":\"https:\/\/frontaliers-grandest.eu\/de\/#website\",\"url\":\"https:\/\/frontaliers-grandest.eu\/de\/\",\"name\":\"Frontaliers Grand Est\",\"description\":\"Le site ressource du travail frontalier\",\"publisher\":{\"@id\":\"https:\/\/frontaliers-grandest.eu\/de\/#organization\"},\"alternateName\":\"Frontaliers Grand Est\",\"potentialAction\":[{\"@type\":\"SearchAction\",\"target\":{\"@type\":\"EntryPoint\",\"urlTemplate\":\"https:\/\/frontaliers-grandest.eu\/de\/?s={search_term_string}\"},\"query-input\":{\"@type\":\"PropertyValueSpecification\",\"valueRequired\":true,\"valueName\":\"search_term_string\"}}],\"inLanguage\":\"de\"},{\"@type\":\"Organization\",\"@id\":\"https:\/\/frontaliers-grandest.eu\/de\/#organization\",\"name\":\"Frontaliers Grand Est\",\"alternateName\":\"Frontaliers Grand Est\",\"url\":\"https:\/\/frontaliers-grandest.eu\/de\/\",\"logo\":{\"@type\":\"ImageObject\",\"inLanguage\":\"de\",\"@id\":\"https:\/\/frontaliers-grandest.eu\/de\/#\/schema\/logo\/image\/\",\"url\":\"https:\/\/frontaliers-grandest.eu\/wp-content\/uploads\/2025\/07\/260328234_2966785176920310_3332838526503858160_n.jpg\",\"contentUrl\":\"https:\/\/frontaliers-grandest.eu\/wp-content\/uploads\/2025\/07\/260328234_2966785176920310_3332838526503858160_n.jpg\",\"width\":396,\"height\":396,\"caption\":\"Frontaliers Grand Est\"},\"image\":{\"@id\":\"https:\/\/frontaliers-grandest.eu\/de\/#\/schema\/logo\/image\/\"},\"sameAs\":[\"https:\/\/www.facebook.com\/frontaliers.GR.EST\/?locale=fr_FR\"]}]}<\/script>\n<!-- \/ Yoast SEO plugin. -->","yoast_head_json":{"title":"Die Zertifikate und die speziellen p\u00e4dagogischen Methoden - Frontaliers Grand Est","robots":{"index":"index","follow":"follow","max-snippet":"max-snippet:-1","max-image-preview":"max-image-preview:large","max-video-preview":"max-video-preview:-1"},"canonical":"https:\/\/frontaliers-grandest.eu\/de\/startseite\/fremdsprachen-lernen\/das-lernen-von-fremdsprachen-ab-dem-kindesalter-bis-zum-abitur\/in-luxemburg\/das-lernen-von-fremdsprachen-in-luxemburg\/die-zertifikate-und-die-speziellen-padagogischen-methoden\/","og_locale":"de_DE","og_type":"article","og_title":"Die Zertifikate und die speziellen p\u00e4dagogischen Methoden - Frontaliers Grand Est","og_description":"Die Zertifikate Zertifikate f\u00fcr Luxemburgisch:LAF (L\u00ebtzebuergesch als Friemsprooch): Zertifikate f\u00fcr die Niveaustufen A2 bis C1 Zertifikate f\u00fcr Portugiesisch: CIPLE (Sprachzertifikat f\u00fcr Anf\u00e4ngerkenntnisse in Portugiesisch als Fremdsprache), DEPLE (Sprachzertifikat f\u00fcr Grundkenntnisse in Portugiesisch als Fremdsprache), DIPLE (Sprachzertifikat f\u00fcr Fortgeschrittenenkenntnisse in Portugiesisch als Fremdsprache). Abgelegte Pr\u00fcfungen f\u00fcr eine dieser drei Niveaustufen der Sprachzertifikate f\u00fcr Portugiesisch werden in [&hellip;]","og_url":"https:\/\/frontaliers-grandest.eu\/de\/startseite\/fremdsprachen-lernen\/das-lernen-von-fremdsprachen-ab-dem-kindesalter-bis-zum-abitur\/in-luxemburg\/das-lernen-von-fremdsprachen-in-luxemburg\/die-zertifikate-und-die-speziellen-padagogischen-methoden\/","og_site_name":"Frontaliers Grand Est","article_publisher":"https:\/\/www.facebook.com\/frontaliers.GR.EST\/?locale=fr_FR","article_modified_time":"2021-05-04T09:58:31+00:00","twitter_card":"summary_large_image","twitter_misc":{"Gesch\u00e4tzte Lesezeit":"1\u00a0Minute"},"schema":{"@context":"https:\/\/schema.org","@graph":[{"@type":"WebPage","@id":"https:\/\/frontaliers-grandest.eu\/de\/startseite\/fremdsprachen-lernen\/das-lernen-von-fremdsprachen-ab-dem-kindesalter-bis-zum-abitur\/in-luxemburg\/das-lernen-von-fremdsprachen-in-luxemburg\/die-zertifikate-und-die-speziellen-padagogischen-methoden\/","url":"https:\/\/frontaliers-grandest.eu\/de\/startseite\/fremdsprachen-lernen\/das-lernen-von-fremdsprachen-ab-dem-kindesalter-bis-zum-abitur\/in-luxemburg\/das-lernen-von-fremdsprachen-in-luxemburg\/die-zertifikate-und-die-speziellen-padagogischen-methoden\/","name":"Die Zertifikate und die speziellen p\u00e4dagogischen Methoden - Frontaliers Grand Est","isPartOf":{"@id":"https:\/\/frontaliers-grandest.eu\/de\/#website"},"datePublished":"2021-04-27T12:32:48+00:00","dateModified":"2021-05-04T09:58:31+00:00","breadcrumb":{"@id":"https:\/\/frontaliers-grandest.eu\/de\/startseite\/fremdsprachen-lernen\/das-lernen-von-fremdsprachen-ab-dem-kindesalter-bis-zum-abitur\/in-luxemburg\/das-lernen-von-fremdsprachen-in-luxemburg\/die-zertifikate-und-die-speziellen-padagogischen-methoden\/#breadcrumb"},"inLanguage":"de","potentialAction":[{"@type":"ReadAction","target":["https:\/\/frontaliers-grandest.eu\/de\/startseite\/fremdsprachen-lernen\/das-lernen-von-fremdsprachen-ab-dem-kindesalter-bis-zum-abitur\/in-luxemburg\/das-lernen-von-fremdsprachen-in-luxemburg\/die-zertifikate-und-die-speziellen-padagogischen-methoden\/"]}]},{"@type":"BreadcrumbList","@id":"https:\/\/frontaliers-grandest.eu\/de\/startseite\/fremdsprachen-lernen\/das-lernen-von-fremdsprachen-ab-dem-kindesalter-bis-zum-abitur\/in-luxemburg\/das-lernen-von-fremdsprachen-in-luxemburg\/die-zertifikate-und-die-speziellen-padagogischen-methoden\/#breadcrumb","itemListElement":[{"@type":"ListItem","position":1,"name":"Startseite","item":"https:\/\/frontaliers-grandest.eu\/de\/"},{"@type":"ListItem","position":2,"name":"Fremdsprachen Lernen","item":"https:\/\/frontaliers-grandest.eu\/de\/startseite\/fremdsprachen-lernen\/"},{"@type":"ListItem","position":3,"name":"Das lernen von fremdsprachen ab dem kindesalter bis zum abitur","item":"https:\/\/frontaliers-grandest.eu\/de\/startseite\/fremdsprachen-lernen\/das-lernen-von-fremdsprachen-ab-dem-kindesalter-bis-zum-abitur\/"},{"@type":"ListItem","position":4,"name":"In Luxemburg","item":"https:\/\/frontaliers-grandest.eu\/de\/startseite\/fremdsprachen-lernen\/das-lernen-von-fremdsprachen-ab-dem-kindesalter-bis-zum-abitur\/in-luxemburg\/"},{"@type":"ListItem","position":5,"name":"Das Lernen von Fremdsprachen in Luxemburg","item":"https:\/\/frontaliers-grandest.eu\/de\/startseite\/fremdsprachen-lernen\/das-lernen-von-fremdsprachen-ab-dem-kindesalter-bis-zum-abitur\/in-luxemburg\/das-lernen-von-fremdsprachen-in-luxemburg\/"},{"@type":"ListItem","position":6,"name":"Die Zertifikate und die speziellen p\u00e4dagogischen Methoden"}]},{"@type":"WebSite","@id":"https:\/\/frontaliers-grandest.eu\/de\/#website","url":"https:\/\/frontaliers-grandest.eu\/de\/","name":"Frontaliers Grand Est","description":"Le site ressource du travail frontalier","publisher":{"@id":"https:\/\/frontaliers-grandest.eu\/de\/#organization"},"alternateName":"Frontaliers Grand Est","potentialAction":[{"@type":"SearchAction","target":{"@type":"EntryPoint","urlTemplate":"https:\/\/frontaliers-grandest.eu\/de\/?s={search_term_string}"},"query-input":{"@type":"PropertyValueSpecification","valueRequired":true,"valueName":"search_term_string"}}],"inLanguage":"de"},{"@type":"Organization","@id":"https:\/\/frontaliers-grandest.eu\/de\/#organization","name":"Frontaliers Grand Est","alternateName":"Frontaliers Grand Est","url":"https:\/\/frontaliers-grandest.eu\/de\/","logo":{"@type":"ImageObject","inLanguage":"de","@id":"https:\/\/frontaliers-grandest.eu\/de\/#\/schema\/logo\/image\/","url":"https:\/\/frontaliers-grandest.eu\/wp-content\/uploads\/2025\/07\/260328234_2966785176920310_3332838526503858160_n.jpg","contentUrl":"https:\/\/frontaliers-grandest.eu\/wp-content\/uploads\/2025\/07\/260328234_2966785176920310_3332838526503858160_n.jpg","width":396,"height":396,"caption":"Frontaliers Grand Est"},"image":{"@id":"https:\/\/frontaliers-grandest.eu\/de\/#\/schema\/logo\/image\/"},"sameAs":["https:\/\/www.facebook.com\/frontaliers.GR.EST\/?locale=fr_FR"]}]}},"frge_page_order":0,"_links":{"self":[{"href":"https:\/\/frontaliers-grandest.eu\/de\/wp-json\/wp\/v2\/pages\/6796","targetHints":{"allow":["GET"]}}],"collection":[{"href":"https:\/\/frontaliers-grandest.eu\/de\/wp-json\/wp\/v2\/pages"}],"about":[{"href":"https:\/\/frontaliers-grandest.eu\/de\/wp-json\/wp\/v2\/types\/page"}],"author":[{"embeddable":true,"href":"https:\/\/frontaliers-grandest.eu\/de\/wp-json\/wp\/v2\/users\/7"}],"replies":[{"embeddable":true,"href":"https:\/\/frontaliers-grandest.eu\/de\/wp-json\/wp\/v2\/comments?post=6796"}],"version-history":[{"count":2,"href":"https:\/\/frontaliers-grandest.eu\/de\/wp-json\/wp\/v2\/pages\/6796\/revisions"}],"predecessor-version":[{"id":6798,"href":"https:\/\/frontaliers-grandest.eu\/de\/wp-json\/wp\/v2\/pages\/6796\/revisions\/6798"}],"up":[{"embeddable":true,"href":"https:\/\/frontaliers-grandest.eu\/de\/wp-json\/wp\/v2\/pages\/6787"}],"wp:attachment":[{"href":"https:\/\/frontaliers-grandest.eu\/de\/wp-json\/wp\/v2\/media?parent=6796"}],"wp:term":[{"taxonomy":"post_tag","embeddable":true,"href":"https:\/\/frontaliers-grandest.eu\/de\/wp-json\/wp\/v2\/tags?post=6796"},{"taxonomy":"frge_profile","embeddable":true,"href":"https:\/\/frontaliers-grandest.eu\/de\/wp-json\/wp\/v2\/frge_profile?post=6796"}],"curies":[{"name":"wp","href":"https:\/\/api.w.org\/{rel}","templated":true}]}}